{"id":22493,"date":"2024-03-26T08:46:50","date_gmt":"2024-03-26T08:46:50","guid":{"rendered":"https:\/\/plazatorosalicante.com\/ueber-uns\/"},"modified":"2025-09-15T10:14:30","modified_gmt":"2025-09-15T10:14:30","slug":"ueber-uns","status":"publish","type":"page","link":"https:\/\/plazatorosalicante.com\/de\/ueber-uns\/","title":{"rendered":"\u00dcber uns"},"content":{"rendered":"<section class=\"l-section wpb_row height_medium\"><div class=\"l-section-h i-cf\"><div class=\"g-cols vc_row via_grid cols_2 laptops-cols_inherit tablets-cols_inherit mobiles-cols_1 valign_middle type_default stacking_default\" style=\"--columns-gap:4vw;\"><div class=\"wpb_column vc_column_container\"><div class=\"vc_column-inner\"><div class=\"w-image us_custom_3bc1f25b style_shadow-2 has_ratio align_none\"><div class=\"w-image-h\"><div style=\"padding-bottom:100%\"><\/div><div class=\"w-image-shadow\" style=\"background-image:url(https:\/\/plazatorosalicante.com\/wp-content\/uploads\/2024\/03\/Logo.jpg);\"><\/div><img decoding=\"async\" width=\"600\" height=\"600\" src=\"https:\/\/plazatorosalicante.com\/wp-content\/uploads\/2024\/03\/Logo.jpg\" class=\"attachment-large size-large\" alt=\"\" loading=\"lazy\" \/><\/div><\/div><\/div><\/div><div class=\"wpb_column vc_column_container\"><div class=\"vc_column-inner\"><div class=\"wpb_text_column\"><div class=\"wpb_wrapper\"><p><span style=\"color: #3366ff\"><strong>Toroshopping<\/strong><\/span><\/p>\n<\/div><\/div><div class=\"w-separator size_small\"><\/div><div class=\"wpb_text_column us_custom_d98eb4eb\"><div class=\"wpb_wrapper\"><h1>Spezialisten in der Welt des Stierkampfes<\/h1>\n<p>Toroshopping ist das mit der Stierkampfarena von Alicante verbundene Unternehmen, das Dienstleistungen wie die Besichtigung der Stierkampfarena und den Verkauf von Eintrittskarten f\u00fcr Stierkampfvorf\u00fchrungen anbietet. Unser Unternehmen ist jedoch viel mehr als nur ein Portal f\u00fcr den Verkauf von Eintrittskarten. In diesem Abschnitt k\u00f6nnen Sie mehr \u00fcber uns erfahren und unser gesamtes Angebot an Produkten und Dienstleistungen entdecken.<\/p>\n<\/div><\/div><div class=\"w-separator size_medium\"><\/div><\/div><\/div><\/div><\/div><\/section><section class=\"l-section wpb_row height_medium\"><div class=\"l-section-h i-cf\"><div class=\"g-cols vc_row via_grid cols_2 laptops-cols_inherit tablets-cols_inherit mobiles-cols_1 valign_top type_default stacking_default\"><div class=\"wpb_column vc_column_container\"><div class=\"vc_column-inner\"><div class=\"wpb_text_column us_custom_d98eb4eb\"><div class=\"wpb_wrapper\"><h2><strong>Andere Stierkampfarenen zu besuchen<\/strong><\/h2>\n<p>Bei Toroshopping <strong>arbeiten wir daran, die Welt des Stierkampfes sowohl dem traditionellen Publikum und den Stierkampfliebhabern als auch den Touristen, die diese wunderbare Welt kennenlernen m\u00f6chten, n\u00e4her zu bringen.<\/strong> Um dies zu erreichen, bieten wir Touristen Besuche in einigen der besten Stierkampfarenen Spaniens sowie den Verkauf von Eintrittskarten f\u00fcr die besten Stierkampfvorf\u00fchrungen an. Hier finden Sie die Links zu den Stierkampfarenen, in denen wir Besichtigungen oder den Verkauf von Eintrittskarten anbieten, damit Sie sich einen \u00dcberblick verschaffen k\u00f6nnen:<\/p>\n<\/div><\/div><\/div><\/div><div class=\"wpb_column vc_column_container\"><div class=\"vc_column-inner\"><div class=\"wpb_text_column us_custom_d98eb4eb\"><div class=\"wpb_wrapper\"><h3>M\u00f6chten Sie einen Stierkampf sehen oder eine dieser Stierkampfarenen besuchen?<\/h3>\n<ul>\n<li><a href=\"https:\/\/plazadetoroslamalagueta.com\/\" target=\"_blank\" rel=\"noopener\">Stierkampfarena in M\u00e1laga<\/a><\/li>\n<li><a href=\"https:\/\/plazadetoroscordoba.com\/\" target=\"_blank\" rel=\"noopener\">Stierkampfarena von Cordoba<\/a><\/li>\n<li><a href=\"https:\/\/plazadetorosdesantander.com\">Santander Stierkampfarena<\/a><\/li>\n<li><a href=\"https:\/\/plazatorosmarbella.com\/\">Stierkampfarena von Marbella<\/a><\/li>\n<li><a href=\"https:\/\/lasventastour.com\/es\/\" target=\"_blank\" rel=\"noopener\">Besuchen Sie die Stierkampfarena Las Ventas<\/a><\/li>\n<\/ul>\n<\/div><\/div><\/div><\/div><\/div><\/div><\/section><section class=\"l-section wpb_row height_medium with_shape\"><div class=\"l-section-shape type_custom pos_bottom\" style=\"height:50%;color:var(--color-content-bg-alt)\"><svg xmlns=\"http:\/\/www.w3.org\/2000\/svg\" viewBox=\"0 0 64 8\" preserveAspectRatio=\"none\" width=\"100%\" height=\"100%\">\r\n\t<path fill=\"currentColor\" d=\"M64 8 L0 8 L0 0 L64 0 Z\"\/>\r\n<\/svg><\/div><div class=\"l-section-h i-cf\"><div class=\"g-cols vc_row via_grid cols_1 laptops-cols_inherit tablets-cols_inherit mobiles-cols_1 valign_top type_default stacking_default\"><div class=\"wpb_column vc_column_container\"><div class=\"vc_column-inner\"><div class=\"g-cols wpb_row us_custom_0039e63c via_grid cols_2 laptops-cols_inherit tablets-cols_1 mobiles-cols_1 valign_middle type_default\" style=\"--columns-gap:3rem;\"><div class=\"wpb_column vc_column_container\"><div class=\"vc_column-inner\"><h2 class=\"w-text us_custom_d3db7169\"><span class=\"w-text-h\"><span class=\"w-text-value\">Entdecken Sie unseren Online Shop<\/span><\/span><\/h2><div class=\"wpb_text_column\"><div class=\"wpb_wrapper\"><p>In unserem Shop finden Sie alle Arten von Stierkampfprodukten und -zubeh\u00f6r: Umh\u00e4nge und Kr\u00fccken, Kinderspielzeug, Kleidung und handgefertigten Schmuck&#8230; Gehen Sie auf die Stra\u00dfe und tragen Sie Ihre Leidenschaft!<\/p>\n<\/div><\/div><div class=\"w-btn-wrapper default_align_none laptops_align_none tablets_align_none mobiles_align_justify\"><a class=\"w-btn us-btn-style_1 us_custom_b4198c51 open-popup\" target=\"_blank\" rel=\"nofollow\" href=\"https:\/\/www.toroshopping.com\/\"><span class=\"w-btn-label\">Website besuchen<\/span><\/a><\/div><\/div><\/div><div class=\"wpb_column vc_column_container hide_on_tablets hide_on_mobiles\"><div class=\"vc_column-inner\"><div class=\"w-image has_ratio align_none\"><div class=\"w-image-h\"><div style=\"padding-bottom:100%\"><\/div><img decoding=\"async\" width=\"1024\" height=\"1024\" src=\"https:\/\/plazatorosalicante.com\/wp-content\/uploads\/2024\/03\/Web-toroshopping-1024x1024.jpg\" class=\"attachment-large size-large\" alt=\"Stierkampf Produkte Shop\" loading=\"lazy\" \/><\/div><\/div><\/div><\/div><\/div><\/div><\/div><\/div><\/div><\/section><section class=\"l-section wpb_row height_medium\"><div class=\"l-section-h i-cf\"><div class=\"g-cols vc_row via_grid cols_1 laptops-cols_inherit tablets-cols_inherit mobiles-cols_1 valign_top type_default stacking_default\"><div class=\"wpb_column vc_column_container\"><div class=\"vc_column-inner\"><div class=\"wpb_text_column us_custom_99dce4f6\"><div class=\"wpb_wrapper\"><h2 style=\"text-align: center\">Andere unglaubliche Erlebnisse<\/h2>\n<p style=\"text-align: center\">In der Stadt Alicante k\u00f6nnen Sie eine 360-Grad-Stierkampf- und Touristenerfahrung machen. Entdecken Sie einige unserer zus\u00e4tzlichen Dienstleistungen. <\/p>\n<\/div><\/div><div class=\"w-separator size_large\"><\/div><div class=\"g-cols wpb_row via_grid cols_3 laptops-cols_inherit tablets-cols_2 mobiles-cols_1 valign_top type_default\" style=\"--columns-gap:3rem;\"><div class=\"wpb_column vc_column_container\"><div class=\"vc_column-inner\"><h3 class=\"w-text us_custom_6eef5e16\"><span class=\"w-text-h\"><span class=\"w-text-value\">Essen und Stierkampf<\/span><\/span><\/h3><div class=\"w-separator size_small\"><\/div><div class=\"w-image has_ratio align_none\"><div class=\"w-image-h\"><div style=\"padding-bottom:66.6667%\"><\/div><img decoding=\"async\" width=\"500\" height=\"500\" src=\"https:\/\/plazatorosalicante.com\/wp-content\/uploads\/2024\/01\/excursion-mercado-plaza-toros.webp\" class=\"attachment-large size-large\" alt=\"\" loading=\"lazy\" \/><\/div><\/div><div class=\"w-separator size_small\"><\/div><div class=\"wpb_text_column\"><div class=\"wpb_wrapper\"><p>Besichtigungen der Stierkampfarena und des zentralen Marktes von Alicante. Entdecken Sie zwei der historischen Monumente der Stadt und probieren Sie eine Auswahl an Tapas.<\/p>\n<\/div><\/div><\/div><\/div><div class=\"wpb_column vc_column_container\"><div class=\"vc_column-inner\"><h3 class=\"w-text us_custom_6eef5e16\"><span class=\"w-text-h\"><span class=\"w-text-value\">Kombinierte Erfahrungen<\/span><\/span><\/h3><div class=\"w-separator size_small\"><\/div><div class=\"w-image has_ratio align_none\"><div class=\"w-image-h\"><div style=\"padding-bottom:66.6667%\"><\/div><img decoding=\"async\" width=\"755\" height=\"500\" src=\"https:\/\/plazatorosalicante.com\/wp-content\/uploads\/2024\/01\/excursion-al-castillo-de-santa-barbara.webp\" class=\"attachment-large size-large\" alt=\"Ausflug zur Burg Santa Barbara\" loading=\"lazy\" \/><\/div><\/div><div class=\"w-separator size_small\"><\/div><div class=\"wpb_text_column\"><div class=\"wpb_wrapper\"><p>Besuchen Sie die wichtigsten Monumente der Stadt mit einem VIP-Erlebnis und privaten Transfers, die im Preis inbegriffen sind.<\/p>\n<\/div><\/div><\/div><\/div><div class=\"wpb_column vc_column_container\"><div class=\"vc_column-inner\"><h3 class=\"w-text us_custom_6eef5e16\"><span class=\"w-text-h\"><span class=\"w-text-value\">Stierkampfschule Alicante<\/span><\/span><\/h3><div class=\"w-separator size_small\"><\/div><div class=\"w-image has_ratio align_none\"><div class=\"w-image-h\"><div style=\"padding-bottom:66.6667%\"><\/div><img decoding=\"async\" width=\"1024\" height=\"1024\" src=\"https:\/\/plazatorosalicante.com\/wp-content\/uploads\/2023\/09\/recorrido-vip-tour-alicante-1024x1024.jpg\" class=\"attachment-large size-large\" alt=\"F\u00fchrung durch die Stierkampfarena\" loading=\"lazy\" \/><\/div><\/div><div class=\"w-separator size_small\"><\/div><div class=\"wpb_text_column\"><div class=\"wpb_wrapper\"><p>M\u00f6chten Sie die Kunst des Stierkampfes erlernen? Die Stierkampfschule in Alicante wird Ihnen alles beibringen, was Sie brauchen, um f\u00fcr einen Tag Stierk\u00e4mpfer zu werden.<\/p>\n<\/div><\/div><\/div><\/div><\/div><\/div><\/div><\/div><\/div><\/section>\n","protected":false},"excerpt":{"rendered":"Toroshopping Spezialisten in der Welt des Stierkampfes Toroshopping ist das mit der Stierkampfarena von Alicante verbundene Unternehmen, das Dienstleistungen wie die Besichtigung der Stierkampfarena und den Verkauf von Eintrittskarten f\u00fcr Stierkampfvorf\u00fchrungen anbietet. Unser Unternehmen ist jedoch viel mehr als nur ein Portal f\u00fcr den Verkauf von Eintrittskarten. In diesem Abschnitt k\u00f6nnen Sie mehr \u00fcber uns...","protected":false},"author":1,"featured_media":0,"parent":0,"menu_order":0,"comment_status":"closed","ping_status":"closed","template":"","meta":{"_acf_changed":false,"footnotes":""},"class_list":["post-22493","page","type-page","status-publish","hentry"],"acf":[],"yoast_head":"<!-- This site is optimized with the Yoast SEO plugin v27.4 - https:\/\/yoast.com\/product\/yoast-seo-wordpress\/ -->\n<title>\u00dcber uns - Plaza de Toros de Alicante<\/title>\n<meta name=\"robots\" content=\"index, follow, max-snippet:-1, max-image-preview:large, max-video-preview:-1\" \/>\n<link rel=\"canonical\" href=\"https:\/\/plazatorosalicante.com\/de\/ueber-uns\/\" \/>\n<meta property=\"og:locale\" content=\"de_DE\" \/>\n<meta property=\"og:type\" content=\"article\" \/>\n<meta property=\"og:title\" content=\"\u00dcber uns - Plaza de Toros de Alicante\" \/>\n<meta property=\"og:url\" content=\"https:\/\/plazatorosalicante.com\/de\/ueber-uns\/\" \/>\n<meta property=\"og:site_name\" content=\"Plaza de Toros de Alicante\" \/>\n<meta property=\"article:modified_time\" content=\"2025-09-15T10:14:30+00:00\" \/>\n<meta property=\"og:image\" content=\"https:\/\/plazatorosalicante.com\/wp-content\/uploads\/2025\/03\/VIT_7836-scaled-1.jpg\" \/>\n\t<meta property=\"og:image:width\" content=\"2560\" \/>\n\t<meta property=\"og:image:height\" content=\"1696\" \/>\n\t<meta property=\"og:image:type\" content=\"image\/jpeg\" \/>\n<meta name=\"twitter:card\" content=\"summary_large_image\" \/>\n<meta name=\"twitter:label1\" content=\"Gesch\u00e4tzte Lesezeit\" \/>\n\t<meta name=\"twitter:data1\" content=\"5\u00a0Minuten\" \/>\n<script type=\"application\/ld+json\" class=\"yoast-schema-graph\">{\"@context\":\"https:\\\/\\\/schema.org\",\"@graph\":[{\"@type\":\"WebPage\",\"@id\":\"https:\\\/\\\/plazatorosalicante.com\\\/de\\\/ueber-uns\\\/\",\"url\":\"https:\\\/\\\/plazatorosalicante.com\\\/de\\\/ueber-uns\\\/\",\"name\":\"\u00dcber uns - Plaza de Toros de Alicante\",\"isPartOf\":{\"@id\":\"https:\\\/\\\/plazatorosalicante.com\\\/de\\\/#website\"},\"datePublished\":\"2024-03-26T08:46:50+00:00\",\"dateModified\":\"2025-09-15T10:14:30+00:00\",\"breadcrumb\":{\"@id\":\"https:\\\/\\\/plazatorosalicante.com\\\/de\\\/ueber-uns\\\/#breadcrumb\"},\"inLanguage\":\"de\",\"potentialAction\":[{\"@type\":\"ReadAction\",\"target\":[\"https:\\\/\\\/plazatorosalicante.com\\\/de\\\/ueber-uns\\\/\"]}]},{\"@type\":\"BreadcrumbList\",\"@id\":\"https:\\\/\\\/plazatorosalicante.com\\\/de\\\/ueber-uns\\\/#breadcrumb\",\"itemListElement\":[{\"@type\":\"ListItem\",\"position\":1,\"name\":\"Portada\",\"item\":\"https:\\\/\\\/plazatorosalicante.com\\\/de\\\/startseite\\\/\"},{\"@type\":\"ListItem\",\"position\":2,\"name\":\"\u00dcber uns\"}]},{\"@type\":\"WebSite\",\"@id\":\"https:\\\/\\\/plazatorosalicante.com\\\/de\\\/#website\",\"url\":\"https:\\\/\\\/plazatorosalicante.com\\\/de\\\/\",\"name\":\"Plaza de Toros de Alicante\",\"description\":\"Plaza de toros Alicante - Visitas Tur\u00edsticas y Culturales en Vivo para Individuales y Grupos\",\"publisher\":{\"@id\":\"https:\\\/\\\/plazatorosalicante.com\\\/de\\\/#organization\"},\"alternateName\":\"La Plaza Alicante Tour\",\"potentialAction\":[{\"@type\":\"SearchAction\",\"target\":{\"@type\":\"EntryPoint\",\"urlTemplate\":\"https:\\\/\\\/plazatorosalicante.com\\\/de\\\/?s={search_term_string}\"},\"query-input\":{\"@type\":\"PropertyValueSpecification\",\"valueRequired\":true,\"valueName\":\"search_term_string\"}}],\"inLanguage\":\"de\"},{\"@type\":\"Organization\",\"@id\":\"https:\\\/\\\/plazatorosalicante.com\\\/de\\\/#organization\",\"name\":\"Plaza de toros Alicante\",\"alternateName\":\"La Plaza Alicante Tour\",\"url\":\"https:\\\/\\\/plazatorosalicante.com\\\/de\\\/\",\"logo\":{\"@type\":\"ImageObject\",\"inLanguage\":\"de\",\"@id\":\"https:\\\/\\\/plazatorosalicante.com\\\/de\\\/#\\\/schema\\\/logo\\\/image\\\/\",\"url\":\"https:\\\/\\\/plazatorosalicante.com\\\/wp-content\\\/uploads\\\/2023\\\/10\\\/Logo-plaza-toros-alicante.jpg\",\"contentUrl\":\"https:\\\/\\\/plazatorosalicante.com\\\/wp-content\\\/uploads\\\/2023\\\/10\\\/Logo-plaza-toros-alicante.jpg\",\"width\":100,\"height\":100,\"caption\":\"Plaza de toros Alicante\"},\"image\":{\"@id\":\"https:\\\/\\\/plazatorosalicante.com\\\/de\\\/#\\\/schema\\\/logo\\\/image\\\/\"}}]}<\/script>\n<!-- \/ Yoast SEO plugin. -->","yoast_head_json":{"title":"\u00dcber uns - Plaza de Toros de Alicante","robots":{"index":"index","follow":"follow","max-snippet":"max-snippet:-1","max-image-preview":"max-image-preview:large","max-video-preview":"max-video-preview:-1"},"canonical":"https:\/\/plazatorosalicante.com\/de\/ueber-uns\/","og_locale":"de_DE","og_type":"article","og_title":"\u00dcber uns - Plaza de Toros de Alicante","og_url":"https:\/\/plazatorosalicante.com\/de\/ueber-uns\/","og_site_name":"Plaza de Toros de Alicante","article_modified_time":"2025-09-15T10:14:30+00:00","og_image":[{"width":2560,"height":1696,"url":"https:\/\/plazatorosalicante.com\/wp-content\/uploads\/2025\/03\/VIT_7836-scaled-1.jpg","type":"image\/jpeg"}],"twitter_card":"summary_large_image","twitter_misc":{"Gesch\u00e4tzte Lesezeit":"5\u00a0Minuten"},"schema":{"@context":"https:\/\/schema.org","@graph":[{"@type":"WebPage","@id":"https:\/\/plazatorosalicante.com\/de\/ueber-uns\/","url":"https:\/\/plazatorosalicante.com\/de\/ueber-uns\/","name":"\u00dcber uns - Plaza de Toros de Alicante","isPartOf":{"@id":"https:\/\/plazatorosalicante.com\/de\/#website"},"datePublished":"2024-03-26T08:46:50+00:00","dateModified":"2025-09-15T10:14:30+00:00","breadcrumb":{"@id":"https:\/\/plazatorosalicante.com\/de\/ueber-uns\/#breadcrumb"},"inLanguage":"de","potentialAction":[{"@type":"ReadAction","target":["https:\/\/plazatorosalicante.com\/de\/ueber-uns\/"]}]},{"@type":"BreadcrumbList","@id":"https:\/\/plazatorosalicante.com\/de\/ueber-uns\/#breadcrumb","itemListElement":[{"@type":"ListItem","position":1,"name":"Portada","item":"https:\/\/plazatorosalicante.com\/de\/startseite\/"},{"@type":"ListItem","position":2,"name":"\u00dcber uns"}]},{"@type":"WebSite","@id":"https:\/\/plazatorosalicante.com\/de\/#website","url":"https:\/\/plazatorosalicante.com\/de\/","name":"Plaza de Toros de Alicante","description":"Plaza de toros Alicante - Visitas Tur\u00edsticas y Culturales en Vivo para Individuales y Grupos","publisher":{"@id":"https:\/\/plazatorosalicante.com\/de\/#organization"},"alternateName":"La Plaza Alicante Tour","potentialAction":[{"@type":"SearchAction","target":{"@type":"EntryPoint","urlTemplate":"https:\/\/plazatorosalicante.com\/de\/?s={search_term_string}"},"query-input":{"@type":"PropertyValueSpecification","valueRequired":true,"valueName":"search_term_string"}}],"inLanguage":"de"},{"@type":"Organization","@id":"https:\/\/plazatorosalicante.com\/de\/#organization","name":"Plaza de toros Alicante","alternateName":"La Plaza Alicante Tour","url":"https:\/\/plazatorosalicante.com\/de\/","logo":{"@type":"ImageObject","inLanguage":"de","@id":"https:\/\/plazatorosalicante.com\/de\/#\/schema\/logo\/image\/","url":"https:\/\/plazatorosalicante.com\/wp-content\/uploads\/2023\/10\/Logo-plaza-toros-alicante.jpg","contentUrl":"https:\/\/plazatorosalicante.com\/wp-content\/uploads\/2023\/10\/Logo-plaza-toros-alicante.jpg","width":100,"height":100,"caption":"Plaza de toros Alicante"},"image":{"@id":"https:\/\/plazatorosalicante.com\/de\/#\/schema\/logo\/image\/"}}]}},"_links":{"self":[{"href":"https:\/\/plazatorosalicante.com\/de\/wp-json\/wp\/v2\/pages\/22493","targetHints":{"allow":["GET"]}}],"collection":[{"href":"https:\/\/plazatorosalicante.com\/de\/wp-json\/wp\/v2\/pages"}],"about":[{"href":"https:\/\/plazatorosalicante.com\/de\/wp-json\/wp\/v2\/types\/page"}],"author":[{"embeddable":true,"href":"https:\/\/plazatorosalicante.com\/de\/wp-json\/wp\/v2\/users\/1"}],"replies":[{"embeddable":true,"href":"https:\/\/plazatorosalicante.com\/de\/wp-json\/wp\/v2\/comments?post=22493"}],"version-history":[{"count":4,"href":"https:\/\/plazatorosalicante.com\/de\/wp-json\/wp\/v2\/pages\/22493\/revisions"}],"predecessor-version":[{"id":22497,"href":"https:\/\/plazatorosalicante.com\/de\/wp-json\/wp\/v2\/pages\/22493\/revisions\/22497"}],"wp:attachment":[{"href":"https:\/\/plazatorosalicante.com\/de\/wp-json\/wp\/v2\/media?parent=22493"}],"curies":[{"name":"wp","href":"https:\/\/api.w.org\/{rel}","templated":true}]}}