{"id":8041,"date":"2023-10-03T08:52:48","date_gmt":"2023-10-03T08:52:48","guid":{"rendered":"https:\/\/plazatorosalicante.com\/newsletter\/"},"modified":"2024-03-13T09:07:15","modified_gmt":"2024-03-13T09:07:15","slug":"newsletter","status":"publish","type":"page","link":"https:\/\/plazatorosalicante.com\/de\/newsletter\/","title":{"rendered":"Newsletter"},"content":{"rendered":"<section class=\"l-section wpb_row height_medium\"><div class=\"l-section-h i-cf\"><div class=\"g-cols vc_row via_grid cols_1 laptops-cols_inherit tablets-cols_inherit mobiles-cols_1 valign_top type_default stacking_default\"><div class=\"wpb_column vc_column_container\"><div class=\"vc_column-inner\"><div class=\"wpb_text_column\"><div class=\"wpb_wrapper\"><h1 style=\"text-align: center;\">Abonniere unseren Newsletter<\/h1>\n<\/div><\/div><div class=\"w-separator size_medium\"><\/div>\n<div class=\"wpcf7 no-js\" id=\"wpcf7-f20590-o1\" lang=\"de-DE\" dir=\"ltr\" data-wpcf7-id=\"20590\">\n<div class=\"screen-reader-response\"><p role=\"status\" aria-live=\"polite\" aria-atomic=\"true\"><\/p> <ul><\/ul><\/div>\n<form action=\"\/de\/wp-json\/wp\/v2\/pages\/8041#wpcf7-f20590-o1\" method=\"post\" class=\"wpcf7-form init\" aria-label=\"Kontaktformular\" novalidate=\"novalidate\" data-status=\"init\">\n<fieldset class=\"hidden-fields-container\"><input type=\"hidden\" name=\"_wpcf7\" value=\"20590\" \/><input type=\"hidden\" name=\"_wpcf7_version\" value=\"6.1.5\" \/><input type=\"hidden\" name=\"_wpcf7_locale\" value=\"de_DE\" \/><input type=\"hidden\" name=\"_wpcf7_unit_tag\" value=\"wpcf7-f20590-o1\" \/><input type=\"hidden\" name=\"_wpcf7_container_post\" value=\"0\" \/><input type=\"hidden\" name=\"_wpcf7_posted_data_hash\" value=\"\" \/><input type=\"hidden\" name=\"_wpcf7_recaptcha_response\" value=\"\" \/>\n<\/fieldset>\n<p><label> Ihre E-Mail<br \/>\n<span class=\"wpcf7-form-control-wrap\" data-name=\"ihre-email\"><input size=\"40\" maxlength=\"400\" class=\"wpcf7-form-control wpcf7-email wpcf7-validates-as-required wpcf7-text wpcf7-validates-as-email\" autocomplete=\"email\" aria-required=\"true\" aria-invalid=\"false\" value=\"\" type=\"email\" name=\"ihre-email\" \/><\/span> <\/label>\n<\/p>\n<p><span class=\"wpcf7-form-control-wrap\" data-name=\"Privacidad\"><span class=\"wpcf7-form-control wpcf7-acceptance\"><span class=\"wpcf7-list-item\"><label><input type=\"checkbox\" name=\"Privacidad\" value=\"1\" aria-invalid=\"false\" \/><span class=\"wpcf7-list-item-label\">Ich habe die <a href=\"\/politica-de-privacidad\">Datenschutzbestimmungen<\/a> gelesen und akzeptiere sie<\/span><\/label><\/span><\/span><\/span>\n<\/p>\n<div class=\"cf7-cf-turnstile\" style=\"margin-top: 0px; margin-bottom: -15px;\"> <div id=\"cf-turnstile-cf7-1142116273\" class=\"cf-turnstile\" data-sitekey=\"0x4AAAAAAAcxhqhrEHXdA7np\" data-theme=\"light\" data-language=\"auto\" data-size=\"normal\" data-retry=\"auto\" data-retry-interval=\"1000\" data-refresh-expired=\"auto\" data-refresh-timeout=\"auto\" data-action=\"contact-form-7\" data-callback=\"turnstileCF7Callback\" data-appearance=\"always\"><\/div> <script>document.addEventListener(\"DOMContentLoaded\", function() { setTimeout(function(){ var e=document.getElementById(\"cf-turnstile-cf7-1142116273\"); if(e&&!e.innerHTML.trim()){turnstile.render(e, {sitekey:\"0x4AAAAAAAcxhqhrEHXdA7np\"});} }, 200); });<\/script> <br class=\"cf-turnstile-br cf-turnstile-br-cf7-1142116273\"> <style>#cf-turnstile-cf7-1142116273 { margin-left: -15px; }<\/style> <script>document.addEventListener(\"DOMContentLoaded\",function(){document.querySelectorAll('.wpcf7-form').forEach(function(e){e.addEventListener('submit',function(){if(document.getElementById('cf-turnstile-cf7-1142116273')){setTimeout(function(){turnstile.reset('#cf-turnstile-cf7-1142116273');},1000)}})})});<\/script> <\/div><br\/><input class=\"wpcf7-form-control wpcf7-submit has-spinner\" type=\"submit\" value=\"Senden Sie\" \/>\n<\/p><div class=\"wpcf7-response-output\" aria-hidden=\"true\"><\/div>\n<\/form>\n<\/div>\n<\/div><\/div><\/div><\/div><\/section><section class=\"l-section wpb_row height_small\"><div class=\"l-section-h i-cf\"><div class=\"g-cols vc_row via_grid cols_2 laptops-cols_inherit tablets-cols_inherit mobiles-cols_1 valign_middle type_default stacking_default\"><div class=\"wpb_column vc_column_container\"><div class=\"vc_column-inner\"><div class=\"w-image align_none\"><div class=\"w-image-h\"><img decoding=\"async\" width=\"1024\" height=\"1024\" src=\"https:\/\/plazatorosalicante.com\/wp-content\/uploads\/2023\/09\/puerta-grande-1024x1024.jpg\" class=\"attachment-large size-large\" alt=\"puerta grande plaza alicante\" loading=\"lazy\" srcset=\"https:\/\/plazatorosalicante.com\/wp-content\/uploads\/2023\/09\/puerta-grande-1024x1024.jpg 1024w, https:\/\/plazatorosalicante.com\/wp-content\/uploads\/2023\/09\/puerta-grande-300x300.jpg 300w, https:\/\/plazatorosalicante.com\/wp-content\/uploads\/2023\/09\/puerta-grande-150x150.jpg 150w, https:\/\/plazatorosalicante.com\/wp-content\/uploads\/2023\/09\/puerta-grande-600x600.jpg 600w, https:\/\/plazatorosalicante.com\/wp-content\/uploads\/2023\/09\/puerta-grande.jpg 1080w\" sizes=\"auto, (max-width: 1024px) 100vw, 1024px\" \/><\/div><\/div><\/div><\/div><div class=\"wpb_column vc_column_container\"><div class=\"vc_column-inner\"><div class=\"wpb_text_column\"><div class=\"wpb_wrapper\"><h2>Vorteile einer Mitgliedschaft<\/h2>\n<p>Wenn Sie unseren Newsletter abonnieren, erhalten Sie kostenlosen Zugang zu:<\/p>\n<ul>\n<li>Benachrichtigungen \u00fcber Stierkampfveranstaltungen in Alicante.<\/li>\n<li>Sonderrabatte f\u00fcr den Ort und die Tour.<\/li>\n<li>Kartenvorverkauf f\u00fcr Stierk\u00e4mpfe.<\/li>\n<li>Weitere \u00dcberraschungen.<\/li>\n<\/ul>\n<\/div><\/div><\/div><\/div><\/div><\/div><\/section>\n","protected":false},"excerpt":{"rendered":"Abonniere unseren Newsletter Ihre E-Mail Ich habe die Datenschutzbestimmungen gelesen und akzeptiere sie Vorteile einer Mitgliedschaft Wenn Sie unseren Newsletter abonnieren, erhalten Sie kostenlosen Zugang zu: Benachrichtigungen \u00fcber Stierkampfveranstaltungen in Alicante. Sonderrabatte f\u00fcr den Ort und die Tour. Kartenvorverkauf f\u00fcr Stierk\u00e4mpfe. Weitere \u00dcberraschungen.","protected":false},"author":1,"featured_media":0,"parent":0,"menu_order":0,"comment_status":"closed","ping_status":"closed","template":"","meta":{"_acf_changed":false,"footnotes":""},"class_list":["post-8041","page","type-page","status-publish","hentry"],"acf":[],"yoast_head":"<!-- This site is optimized with the Yoast SEO plugin v27.4 - https:\/\/yoast.com\/product\/yoast-seo-wordpress\/ -->\n<title>Newsletter - Plaza de Toros de Alicante<\/title>\n<meta name=\"description\" content=\"Abonnieren Sie unseren Newsletter und Sie erhalten Premium-Zugang zu Veranstaltungen und F\u00fchrungen durch die Stierkampfarena von Alicante. Melden Sie sich jetzt an!\" \/>\n<meta name=\"robots\" content=\"index, follow, max-snippet:-1, max-image-preview:large, max-video-preview:-1\" \/>\n<link rel=\"canonical\" href=\"https:\/\/plazatorosalicante.com\/de\/newsletter\/\" \/>\n<meta property=\"og:locale\" content=\"de_DE\" \/>\n<meta property=\"og:type\" content=\"article\" \/>\n<meta property=\"og:title\" content=\"Newsletter - Plaza de Toros de Alicante\" \/>\n<meta property=\"og:description\" content=\"Abonnieren Sie unseren Newsletter und Sie erhalten Premium-Zugang zu Veranstaltungen und F\u00fchrungen durch die Stierkampfarena von Alicante. Melden Sie sich jetzt an!\" \/>\n<meta property=\"og:url\" content=\"https:\/\/plazatorosalicante.com\/de\/newsletter\/\" \/>\n<meta property=\"og:site_name\" content=\"Plaza de Toros de Alicante\" \/>\n<meta property=\"article:modified_time\" content=\"2024-03-13T09:07:15+00:00\" \/>\n<meta property=\"og:image\" content=\"https:\/\/plazatorosalicante.com\/wp-content\/uploads\/2025\/03\/VIT_7836-scaled-1.jpg\" \/>\n\t<meta property=\"og:image:width\" content=\"2560\" \/>\n\t<meta property=\"og:image:height\" content=\"1696\" \/>\n\t<meta property=\"og:image:type\" content=\"image\/jpeg\" \/>\n<meta name=\"twitter:card\" content=\"summary_large_image\" \/>\n<script type=\"application\/ld+json\" class=\"yoast-schema-graph\">{\"@context\":\"https:\\\/\\\/schema.org\",\"@graph\":[{\"@type\":\"WebPage\",\"@id\":\"https:\\\/\\\/plazatorosalicante.com\\\/de\\\/newsletter\\\/\",\"url\":\"https:\\\/\\\/plazatorosalicante.com\\\/de\\\/newsletter\\\/\",\"name\":\"Newsletter - Plaza de Toros de Alicante\",\"isPartOf\":{\"@id\":\"https:\\\/\\\/plazatorosalicante.com\\\/de\\\/#website\"},\"datePublished\":\"2023-10-03T08:52:48+00:00\",\"dateModified\":\"2024-03-13T09:07:15+00:00\",\"description\":\"Abonnieren Sie unseren Newsletter und Sie erhalten Premium-Zugang zu Veranstaltungen und F\u00fchrungen durch die Stierkampfarena von Alicante. Melden Sie sich jetzt an!\",\"breadcrumb\":{\"@id\":\"https:\\\/\\\/plazatorosalicante.com\\\/de\\\/newsletter\\\/#breadcrumb\"},\"inLanguage\":\"de\",\"potentialAction\":[{\"@type\":\"ReadAction\",\"target\":[\"https:\\\/\\\/plazatorosalicante.com\\\/de\\\/newsletter\\\/\"]}]},{\"@type\":\"BreadcrumbList\",\"@id\":\"https:\\\/\\\/plazatorosalicante.com\\\/de\\\/newsletter\\\/#breadcrumb\",\"itemListElement\":[{\"@type\":\"ListItem\",\"position\":1,\"name\":\"Portada\",\"item\":\"https:\\\/\\\/plazatorosalicante.com\\\/de\\\/startseite\\\/\"},{\"@type\":\"ListItem\",\"position\":2,\"name\":\"Newsletter\"}]},{\"@type\":\"WebSite\",\"@id\":\"https:\\\/\\\/plazatorosalicante.com\\\/de\\\/#website\",\"url\":\"https:\\\/\\\/plazatorosalicante.com\\\/de\\\/\",\"name\":\"Plaza de Toros de Alicante\",\"description\":\"Plaza de toros Alicante - Visitas Tur\u00edsticas y Culturales en Vivo para Individuales y Grupos\",\"publisher\":{\"@id\":\"https:\\\/\\\/plazatorosalicante.com\\\/de\\\/#organization\"},\"alternateName\":\"La Plaza Alicante Tour\",\"potentialAction\":[{\"@type\":\"SearchAction\",\"target\":{\"@type\":\"EntryPoint\",\"urlTemplate\":\"https:\\\/\\\/plazatorosalicante.com\\\/de\\\/?s={search_term_string}\"},\"query-input\":{\"@type\":\"PropertyValueSpecification\",\"valueRequired\":true,\"valueName\":\"search_term_string\"}}],\"inLanguage\":\"de\"},{\"@type\":\"Organization\",\"@id\":\"https:\\\/\\\/plazatorosalicante.com\\\/de\\\/#organization\",\"name\":\"Plaza de toros Alicante\",\"alternateName\":\"La Plaza Alicante Tour\",\"url\":\"https:\\\/\\\/plazatorosalicante.com\\\/de\\\/\",\"logo\":{\"@type\":\"ImageObject\",\"inLanguage\":\"de\",\"@id\":\"https:\\\/\\\/plazatorosalicante.com\\\/de\\\/#\\\/schema\\\/logo\\\/image\\\/\",\"url\":\"https:\\\/\\\/plazatorosalicante.com\\\/wp-content\\\/uploads\\\/2023\\\/10\\\/Logo-plaza-toros-alicante.jpg\",\"contentUrl\":\"https:\\\/\\\/plazatorosalicante.com\\\/wp-content\\\/uploads\\\/2023\\\/10\\\/Logo-plaza-toros-alicante.jpg\",\"width\":100,\"height\":100,\"caption\":\"Plaza de toros Alicante\"},\"image\":{\"@id\":\"https:\\\/\\\/plazatorosalicante.com\\\/de\\\/#\\\/schema\\\/logo\\\/image\\\/\"}}]}<\/script>\n<!-- \/ Yoast SEO plugin. -->","yoast_head_json":{"title":"Newsletter - Plaza de Toros de Alicante","description":"Abonnieren Sie unseren Newsletter und Sie erhalten Premium-Zugang zu Veranstaltungen und F\u00fchrungen durch die Stierkampfarena von Alicante. Melden Sie sich jetzt an!","robots":{"index":"index","follow":"follow","max-snippet":"max-snippet:-1","max-image-preview":"max-image-preview:large","max-video-preview":"max-video-preview:-1"},"canonical":"https:\/\/plazatorosalicante.com\/de\/newsletter\/","og_locale":"de_DE","og_type":"article","og_title":"Newsletter - Plaza de Toros de Alicante","og_description":"Abonnieren Sie unseren Newsletter und Sie erhalten Premium-Zugang zu Veranstaltungen und F\u00fchrungen durch die Stierkampfarena von Alicante. Melden Sie sich jetzt an!","og_url":"https:\/\/plazatorosalicante.com\/de\/newsletter\/","og_site_name":"Plaza de Toros de Alicante","article_modified_time":"2024-03-13T09:07:15+00:00","og_image":[{"width":2560,"height":1696,"url":"https:\/\/plazatorosalicante.com\/wp-content\/uploads\/2025\/03\/VIT_7836-scaled-1.jpg","type":"image\/jpeg"}],"twitter_card":"summary_large_image","schema":{"@context":"https:\/\/schema.org","@graph":[{"@type":"WebPage","@id":"https:\/\/plazatorosalicante.com\/de\/newsletter\/","url":"https:\/\/plazatorosalicante.com\/de\/newsletter\/","name":"Newsletter - Plaza de Toros de Alicante","isPartOf":{"@id":"https:\/\/plazatorosalicante.com\/de\/#website"},"datePublished":"2023-10-03T08:52:48+00:00","dateModified":"2024-03-13T09:07:15+00:00","description":"Abonnieren Sie unseren Newsletter und Sie erhalten Premium-Zugang zu Veranstaltungen und F\u00fchrungen durch die Stierkampfarena von Alicante. Melden Sie sich jetzt an!","breadcrumb":{"@id":"https:\/\/plazatorosalicante.com\/de\/newsletter\/#breadcrumb"},"inLanguage":"de","potentialAction":[{"@type":"ReadAction","target":["https:\/\/plazatorosalicante.com\/de\/newsletter\/"]}]},{"@type":"BreadcrumbList","@id":"https:\/\/plazatorosalicante.com\/de\/newsletter\/#breadcrumb","itemListElement":[{"@type":"ListItem","position":1,"name":"Portada","item":"https:\/\/plazatorosalicante.com\/de\/startseite\/"},{"@type":"ListItem","position":2,"name":"Newsletter"}]},{"@type":"WebSite","@id":"https:\/\/plazatorosalicante.com\/de\/#website","url":"https:\/\/plazatorosalicante.com\/de\/","name":"Plaza de Toros de Alicante","description":"Plaza de toros Alicante - Visitas Tur\u00edsticas y Culturales en Vivo para Individuales y Grupos","publisher":{"@id":"https:\/\/plazatorosalicante.com\/de\/#organization"},"alternateName":"La Plaza Alicante Tour","potentialAction":[{"@type":"SearchAction","target":{"@type":"EntryPoint","urlTemplate":"https:\/\/plazatorosalicante.com\/de\/?s={search_term_string}"},"query-input":{"@type":"PropertyValueSpecification","valueRequired":true,"valueName":"search_term_string"}}],"inLanguage":"de"},{"@type":"Organization","@id":"https:\/\/plazatorosalicante.com\/de\/#organization","name":"Plaza de toros Alicante","alternateName":"La Plaza Alicante Tour","url":"https:\/\/plazatorosalicante.com\/de\/","logo":{"@type":"ImageObject","inLanguage":"de","@id":"https:\/\/plazatorosalicante.com\/de\/#\/schema\/logo\/image\/","url":"https:\/\/plazatorosalicante.com\/wp-content\/uploads\/2023\/10\/Logo-plaza-toros-alicante.jpg","contentUrl":"https:\/\/plazatorosalicante.com\/wp-content\/uploads\/2023\/10\/Logo-plaza-toros-alicante.jpg","width":100,"height":100,"caption":"Plaza de toros Alicante"},"image":{"@id":"https:\/\/plazatorosalicante.com\/de\/#\/schema\/logo\/image\/"}}]}},"_links":{"self":[{"href":"https:\/\/plazatorosalicante.com\/de\/wp-json\/wp\/v2\/pages\/8041","targetHints":{"allow":["GET"]}}],"collection":[{"href":"https:\/\/plazatorosalicante.com\/de\/wp-json\/wp\/v2\/pages"}],"about":[{"href":"https:\/\/plazatorosalicante.com\/de\/wp-json\/wp\/v2\/types\/page"}],"author":[{"embeddable":true,"href":"https:\/\/plazatorosalicante.com\/de\/wp-json\/wp\/v2\/users\/1"}],"replies":[{"embeddable":true,"href":"https:\/\/plazatorosalicante.com\/de\/wp-json\/wp\/v2\/comments?post=8041"}],"version-history":[{"count":2,"href":"https:\/\/plazatorosalicante.com\/de\/wp-json\/wp\/v2\/pages\/8041\/revisions"}],"predecessor-version":[{"id":8043,"href":"https:\/\/plazatorosalicante.com\/de\/wp-json\/wp\/v2\/pages\/8041\/revisions\/8043"}],"wp:attachment":[{"href":"https:\/\/plazatorosalicante.com\/de\/wp-json\/wp\/v2\/media?parent=8041"}],"curies":[{"name":"wp","href":"https:\/\/api.w.org\/{rel}","templated":true}]}}