{"id":8056,"date":"2023-09-08T11:29:42","date_gmt":"2023-09-08T11:29:42","guid":{"rendered":"https:\/\/plazatorosalicante.com\/politica-de-cookies\/"},"modified":"2025-09-15T10:09:39","modified_gmt":"2025-09-15T10:09:39","slug":"politica-de-cookies","status":"publish","type":"page","link":"https:\/\/plazatorosalicante.com\/de\/politica-de-cookies\/","title":{"rendered":"Pol\u00edtica de cookies"},"content":{"rendered":"<section class=\"l-section wpb_row height_medium\"><div class=\"l-section-h i-cf\"><div class=\"g-cols vc_row via_grid cols_1 laptops-cols_inherit tablets-cols_inherit mobiles-cols_1 valign_top type_default stacking_default\"><div class=\"wpb_column vc_column_container\"><div class=\"vc_column-inner\"><div class=\"wpb_text_column\"><div class=\"wpb_wrapper\"><h1>Cookie-Richtlinie<\/h1>\n<p>Toroshopping, S.L. informiert \u00fcber die Verwendung von Cookies auf seiner Website: https:\/\/plazatorosalicante.com\/<\/p>\n<h2>Was sind Cookies?<\/h2>\n<p>Cookies sind Daten, die \u00fcber Webseiten auf Ihrem Computer gespeichert werden k\u00f6nnen. Sie sind Arbeitsbereiche, die<br \/>\neine wichtige Rolle bei der Bereitstellung zahlreicher Dienste der Informationsgesellschaft spielen. Unter anderem erm\u00f6glicht<br \/>\neiner Website die Beschreibung und Sammlung von Informationen \u00fcber die Surfgewohnheiten eines Nutzers oder seiner<br \/>\nGer\u00e4te und kann dazu verwendet werden, Informationen f\u00fcr die Wiedereinstellung des Nutzers und die Verbesserung der angebotenen Dienste bereitzustellen.  <\/p>\n<h2>Arten von Cookies<\/h2>\n<p>Abh\u00e4ngig davon, wer die Entit\u00e4t ist, die die Dom\u00e4ne verwaltet, von der die Cookies gesendet werden, und die jeweiligen Daten verarbeitet<br \/>\nerhalten, k\u00f6nnen zwei Typen unterschieden werden:<\/p>\n<p>&#8211; Eigene Cookies:<\/p>\n<p>Diejenigen, die die von einem vom Benutzer verwalteten Computer oder einer vom Benutzer verwalteten Dom\u00e4ne an das Endger\u00e4t des Benutzers gesendet werden.<br \/>\neigenen Editor erstellt und von dem aus der vom Benutzer gew\u00fcnschte Dienst bereitgestellt wird.<\/p>\n<p>&#8211; Cookies von Drittanbietern:<\/p>\n<p>Cookies, die nicht von einem ungenutzten Computer oder einem ungenutzten Heim auf dem Endger\u00e4t des Endnutzers gespeichert werden,<br \/>\n, werden nicht vom Eigent\u00fcmer, sondern von einer anderen Partei gespeichert, die Cookies zum Speichern von Daten verwendet.<br \/>\nF\u00fcr den Fall, dass die Cookies von einem Computer oder einer Wohnung installiert werden, die vom Eigent\u00fcmer des Cookies selbst verwendet werden, aber von einer dritten Partei verwendet werden, k\u00f6nnen sie nicht wie die urspr\u00fcnglichen Cookies verwendet werden.<br \/>\nEs gibt auch eine zweite Klassifizierung nach der Zeitspanne, in der sie im Browser des Clients gespeichert bleiben, und zwar:<\/p>\n<p>&#8211; Sitzungscookies:<\/p>\n<p>Entwickelt, um Daten zu sammeln und zu speichern, w\u00e4hrend der Benutzer auf eine Webseite zugreift. Sie werden normalerweise<br \/>\nf\u00fcr die Bereitstellung von Informationen verwendet, die der Benutzer nur f\u00fcr die Erbringung der Dienstleistungen von Interesse<br \/>\nben\u00f6tigt (z.B. eine Liste der gekauften Produkte). <\/p>\n<p>&#8211; Dauerhafte Cookies:<\/p>\n<p>Die Daten bleiben im Endger\u00e4t gespeichert und k\u00f6nnen f\u00fcr einen bestimmten Zeitraum abgerufen und verarbeitet werden<br \/>\nDie vom Cookie-Verantwortlichen festgelegte Dauer kann zwischen einigen Minuten und mehreren Jahren liegen.<br \/>\nSchlie\u00dflich gibt es noch eine weitere Klassifizierung mit sechs Arten von Cookies, f\u00fcr die die Daten verarbeitet werden.<br \/>\nwird beibehalten:<\/p>\n<p>&#8211; Technische Cookies:<\/p>\n<p>Diejenigen, die es dem Benutzer erm\u00f6glichen, durch eine Webseite, Plattform oder Anwendung zu navigieren und<br \/>\ndie Nutzung der verschiedenen Optionen oder Dienste, die darin vorhanden sind, wie beispielsweise die Steuerung des<br \/>\nDatenverkehrs und Datenkommunikation, Identifizierung der Sitzung, Zugriff auf Teile mit eingeschr\u00e4nktem Zugriff,<br \/>\nMerken Sie sich die Elemente, von dem aus eine Bestellung get\u00e4tigt wird, senden Sie die Bestellung an ein auftragsverarbeitendes Unternehmen, senden Sie die Bestellung an<br \/>\n, um sie registrieren zu lassen oder um sie an eine Einrichtung zu senden, Verwendung von Sicherheitselementen w\u00e4hrend der Veranstaltung<br \/>\nNavigation, speichern Sie Inhalte f\u00fcr die \u00dcbertragung von Videos oder Tonder oder teilen Sie Inhalte \u00fcber<br \/>\nsoziale Netzwerke.<\/p>\n<p>&#8211; Personalisierungs-Cookies:<\/p>\n<p>Sie erm\u00f6glichen dem Benutzer den Zugriff auf den Dienst mit bestimmten festgelegten markt\u00fcblichen Parametern<br \/>\nzus\u00e4tzlich zu einer Reihe von Kriterien am Ende des Besuchs des Benutzers, wie z. B. die Sprache, die Art von Browser, die regionale Konfiguration, von der aus Sie auf den Dienst zugreifen, die regionale Konfiguration, von der aus Sie auf den Dienst zugreifen, die regionale Konfiguration, von der aus Sie auf den Dienst zugreifen, die regionale Konfiguration, von der aus Sie auf den Dienst zugreifen, die regionale Konfiguration, von der aus Sie auf den Dienst zugreifen. B. der Sprache, der Art von<br \/>\nBrowser, \u00fcber den Sie auf den Dienst zugreifen, die regionale Konfiguration, von der aus Sie auf den Dienst zugreifen<br \/>\nService usw. <\/p>\n<p>&#8211; Analyse-Kekse:<\/p>\n<p>Sie erm\u00f6glichen es der verantwortlichen Partei, den Inhalt der Website zu \u00fcberwachen und zu analysieren.<br \/>\nder Website, mit der sie verkn\u00fcpft ist. Die durch diese Art von Cookies gesammelten Informationen sind<br \/>\n. Sie k\u00f6nnen verwenden, um die Aktivit\u00e4t der Websites, Anwendungen oder Vorlagen mitzuteilen und<br \/>\nmit Informationen \u00fcber die Profile der Nutzer dieser Websites, Anwendungen und Vorlagen zu versorgen, um<br \/>\n, um Verbesserungen auf der Grundlage der Analyse der Nutzungsdaten durch den Nutzer der Dienste einzuf\u00fchren. <\/p>\n<p>&#8211; Werbe-Kekse:<\/p>\n<p>Sie erm\u00f6glichen eine m\u00f6glichst effiziente Nutzung der Waren.<\/p>\n<p>&#8211; Verhaltensbezogene Werbe-Cookies:<\/p>\n<p>Sie speichern durch Beobachtung gewonnene Informationen \u00fcber das Nutzerverhalten<br \/>\nKontinuierliche \u00dcberwachung Ihrer Surfgewohnheiten, sodass Sie ein spezifisches Profil entwickeln k\u00f6nnen, das angezeigt werden soll<br \/>\ndarauf basierende Werbung.<\/p>\n<p>&#8211; Cookies von externen sozialen Netzwerken:<\/p>\n<p>Sie werden verwendet, damit Besucher mit den Inhalten verschiedener Plattformen interagieren k\u00f6nnen<br \/>\nsoziale Netzwerke (Facebook, YouTube, Twitter, LinkedIn usw.) und die nur f\u00fcr Benutzer von generiert werden<br \/>\nsagte soziale Netzwerke. Die Bedingungen f\u00fcr die Verwendung dieser Cookies und die darin enthaltenen Informationen sind<br \/>\ndurch die Datenschutzerkl\u00e4rung der jeweiligen sozialen Plattform geregelt. <\/p>\n<h2>Deaktivierung und L\u00f6schung von Cookies<\/h2>\n<p>Sie haben die M\u00f6glichkeit, Cookies auf Ihrem Computer zu installieren, sie zu blockieren oder zu l\u00f6schen, indem Sie die Optionen des auf Ihrem Computer installierten Browsers konfigurieren. Durch die Deaktivierung von Cookies k\u00f6nnen einige der angebotenen Dienste nicht mehr funktionieren. Die Option zur Deaktivierung von Cookies ist nicht f\u00fcr jeden Browser verf\u00fcgbar, aber Sie k\u00f6nnen normalerweise das Men\u00fc &#8222;Extras&#8220; oder &#8222;Optionen&#8220; verwenden. Sie k\u00f6nnen auch das Hilfemen\u00fc des Browsers konsultieren, in dem Sie Vorschl\u00e4ge finden k\u00f6nnen. Der Benutzer kann immer w\u00e4hlen, welche Cookies er auf dieser Website verwenden m\u00f6chte.<br \/>\nSie k\u00f6nnen Cookies auf Ihrem Computer setzen, blockieren oder l\u00f6schen, indem Sie die Optionen des auf Ihrem Computer installierten Browsers konfigurieren:    <\/p>\n<p>&#8211; Microsoft Internet Explorer oder Microsoft Edge:<br \/>\nhttp:\/\/windows.microsoft.com\/es-es\/windows-vista\/Block-or-allow-cookies<br \/>\n&#8211; Mozilla Firefox:<br \/>\nhttp:\/\/support.mozilla.org\/es\/kb\/impedir-que-los-sitios-web-guarden-sus-preference<br \/>\n&#8211; Chrom:<br \/>\nhttps:\/\/support.google.com\/accounts\/answer\/61416?hl=es<br \/>\n&#8211; Safari:<br \/>\nhttp:\/\/safari.helpmax.net\/es\/privacidad-y-security\/como-gestionar-las-cookies\/<br \/>\n&#8211; Oper:<br \/>\nhttp:\/\/help.opera.com\/Linux\/10.60\/es-ES\/cookies.html<br \/>\nDar\u00fcber hinaus k\u00f6nnen Sie den Cookie-Speicher in Ihrem Browser auch \u00fcber Tools wie<br \/>\nfolgende<br \/>\nverwalten &#8211; Geisterbilder:<br \/>\nwww.ghostery.com\/<br \/>\n&#8211; Ihre Online-Auswahl: xml-ph-0014@deepl<\/p>\n<p>Auf https:\/\/plazatorosalicante.com\/ verwendete Cookies<br \/>\nNachfolgend sind die auf diesem Portal verwendeten Cookies sowie deren Art und Funktion aufgef\u00fchrt:- tsrce<br \/>\n&#8211; Dauer: 3 Tage<br \/>\n&#8211; Beschreibung: PayPal-Cookie: Bei einer Zahlung \u00fcber PayPal werden diese Cookies ausgegeben:<br \/>\nPayPal-Sitzung\/Sicherheit.<br \/>\n&#8211; Typ: Dritte<br \/>\n&#8211; Zweck: Technik<\/p>\n<p>&#8211; x-pp-s<br \/>\n&#8211; Dauer: Sitzung<br \/>\n&#8211; Beschreibung: Dieses Cookie wird von PayPal bereitgestellt und ist mit den Zahlungsdiensten der Website kompatibel.<br \/>\n&#8211; Typ: Dritte<br \/>\n&#8211; Zweck: Technik<\/p>\n<p>&#8211; l7_az<br \/>\n&#8211; Dauer: 30 Minuten<br \/>\n&#8211; Beschreibung: Dieses Cookie wird f\u00fcr die PayPal-Anmeldefunktion auf der Website ben\u00f6tigt.<br \/>\n&#8211; Typ: Dritte<br \/>\n&#8211; Zweck: Technik<\/p>\n<p>&#8211; _abck<br \/>\n&#8211; Dauer: 1 Jahr<br \/>\n&#8211; Beschreibung: Dieses Cookie wird verwendet, um den Datenverkehr zu analysieren und festzustellen, ob es sich um Datenverkehr handelt<br \/>\nautomatisiert durch Computersysteme oder durch einen menschlichen Benutzer generiert.<br \/>\n&#8211; Typ: Dritte<br \/>\n&#8211; Zweck: Technik<\/p>\n<p>&#8211; _ga<br \/>\n&#8211; Dauer: 2 Jahre<br \/>\n&#8211; Beschreibung: Wird zur Unterscheidung von Benutzern verwendet. Dies wird von Google Analytics bereitgestellt. Google speichert die durch Cookies gesammelten Informationen auf Servern in den Vereinigten Staaten, in Abstimmung mit der  <\/p>\n<p>Wir akzeptieren die europ\u00e4ischen Rechtsvorschriften zum Schutz personenbezogener Daten und verpflichten uns, diese nicht weiterzugeben<br \/>\nDritte, es sei denn, dies ist gesetzlich vorgeschrieben oder f\u00fcr den Betrieb des Systems erforderlich.<\/p>\n<p>Wenn Sie weitere Informationen \u00fcber die von Google Analytics verwendeten Cookies erhalten m\u00f6chten, senden Sie diese Informationen bitte an:<br \/>\nhttps:\/\/developers.google.com\/analytics\/devguides\/collection\/analyticsjs\/cookie-usage?hl=es&#038;csw=1<br \/>\n&#8211; Typ: Drittanbieter<br \/>\n&#8211; Zweck: Analytisch <\/p>\n<p>&#8211; _gat<br \/>\n&#8211; Dauer: 1 Minute<br \/>\n&#8211; Beschreibung: Wird verwendet, um unsere Werbung auf anderen Seiten im Google-Netzwerk anzuzeigen. Generiert<br \/>\n\u00fcber Google Analytics. Google speichert die durch Cookies gesammelten Informationen auf Servern, die sich<br \/>\nin den Vereinigten Staaten befinden, verweist auf die europ\u00e4ischen gesetzlichen Bestimmungen zum Schutz personenbezogener Daten und wendet diese Bestimmungen nicht weiter auf Dritte an, d.h. das Gesetz gilt f\u00fcr sie oder es ist notwendig, dies zu tun. f\u00fcr den Betrieb des Systems. Google erfasst Ihre IP-Adresse nicht mit anderen Informationen, f\u00fcr die Google verantwortlich ist. Wenn Sie weitere Informationen \u00fcber die von Google Analytics verwendeten Cookies erhalten m\u00f6chten, wenden Sie sich bitte an<br \/>\n. Bitte beachten Sie diese Adresse:     <\/p>\n<p>https:\/\/developers.google.com\/analytics\/devguides\/collection\/analyticsjs\/cookie-usage?hl=es&#038;csw=1<br \/>\n&#8211; Typ: Dritte<br \/>\n&#8211; Zweck: Verhaltensbezogene Werbung<\/p>\n<p>&#8211; _gid<br \/>\n&#8211; Dauer: 24 Stunden<br \/>\n&#8211; Beschreibung: Von Google Analytics generiert. Google speichert die mit Hilfe von Cookies<br \/>\ngesammelten Informationen auf Servern in den Vereinigten Staaten in \u00dcbereinstimmung mit der europ\u00e4ischen Gesetzgebung<br \/>\nSchutz personenbezogener Daten und ist f\u00fcr den Schutz personenbezogener Daten verantwortlich, diese nicht an Dritte weiterzugeben, es sei denn, dies ist gesetzlich vorgeschrieben<br \/>\nerfordert dies von Ihnen oder ist f\u00fcr den Betrieb des Systems erforderlich. Google kombiniert Ihre IP-Adresse<br \/>\nnicht mit anderen Informationen, die Sie haben. Wenn Sie weitere Informationen zu Cookies w\u00fcnschen<br \/>\nWird von Google Analytics verwendet, rufen Sie bitte diese Adresse auf:<br \/>\nhttps:\/\/developers.google.com\/analytics\/devguides\/collection\/analyticsjs\/cookie-usage?hl=es&#038;csw<br \/>\n&#8211; Typ: Dritte<br \/>\n&#8211; Zweck: Verhaltensbezogene Werbung   <\/p>\n<p>&#8211; ts<br \/>\n&#8211; Dauer: 3 Jahre<br \/>\n&#8211; Beschreibung: Dieses Cookie wird im Allgemeinen von PayPal bereitgestellt und unterst\u00fctzt Zahlungsdienste im<br \/>\nWebseite.<br \/>\n&#8211; Typ: Dritte<br \/>\n&#8211; Zweck: Technik<\/p>\n<ul>\n<li>_fbp<br \/>\n&#8211; Dauer: 3 Monate<br \/>\n&#8211; Beschreibung: Wird von Meta verwendet, um eine Reihe von Werbeprodukten wie Echtzeitgebote von<br \/>\nDrittanbietern zu liefern<br \/>\n&#8211; Typ: Drittanbieter<br \/>\n&#8211; Zweck: Technisch<\/li>\n<li>LANG<br \/>\n&#8211; Dauer: 8 Stunden und 46 Minuten<br \/>\n&#8211; Beschreibung: Es gibt viele verschiedene Arten von Cookies, die mit diesem Namen in Verbindung gebracht werden, und eine genauere Untersuchung, wie sie auf einer bestimmten Website verwendet werden, wird im Allgemeinen empfohlen. In den meisten F\u00e4llen werden sie jedoch wahrscheinlich verwendet, um Spracheinstellungen zu speichern und m\u00f6glicherweise Inhalte in der gespeicherten Sprache anzuzeigen.<br \/>\n&#8211; Typ: Drittanbieter<br \/>\n&#8211; Zweck: Technisch <\/li>\n<li>ts_c<br \/>\n&#8211; Dauer: 3 Jahre<br \/>\n&#8211; Beschreibung: Betrugspr\u00e4vention<br \/>\n&#8211; Art: Dritter<br \/>\n&#8211; Zweck: Technisch<\/li>\n<li>bm_sz<br \/>\n&#8211; Dauer: 4 Stunden<br \/>\n&#8211; Beschreibung: Ein Funktions-Cookie, das von Mailchimp gesetzt wird, um die Liste zu verwalten und zu kontrollieren<br \/>\n&#8211; Typ: Drittanbieter<br \/>\n&#8211; Zweck: Technisch<\/li>\n<li>wp-wpml_current_language<br \/>\n&#8211; Dauer: session<br \/>\n&#8211; Beschreibung: Speichert die aktuelle Sprache. Por defecto, esta cookie s\u00f3lo se establece para los usuarios que han iniciado sesi\u00f3n. Wenn Sie das Sprach-Cookie aktivieren, um die AJAX-Filterung zu unterst\u00fctzen, wird dieses Cookie auch f\u00fcr nicht eingeloggte Benutzer gesetzt.<br \/>\n&#8211; Typ: Drittanbieter<br \/>\n&#8211; Zweck: Technisch<\/li>\n<\/ul>\n<h2><strong>Verabschiedung der Cookie-Richtlinie<\/strong><\/h2>\n<p>https:\/\/plazatorosalicante.com\/ soll sicherstellen, dass Sie die Verwendung von Cookies akzeptieren. Bei jeder Anmeldung werden jedoch auf jeder Portalseite Informationen \u00fcber die Cookie-Richtlinien angezeigt, bevor oder nachdem Sie sich anmelden, so dass Sie entsprechend informiert werden.<br \/>\n. Im Zuge dieser Informationen ist es m\u00f6glich, die folgenden Aktionen auszuf\u00fchren: <\/p>\n<p>&#8211; Cookies akzeptieren:<br \/>\nDieser Hinweis wird beim Aufruf einer Seite des Portals w\u00e4hrenddessen nicht erneut angezeigt<br \/>\nSitzung.<\/p>\n<p>&#8211; Schlie\u00dfen:<br \/>\nDer Hinweis ist auf dieser Seite ausgeblendet.<br \/>\n&#8211; \u00c4ndern Sie Ihre Einstellungen:<br \/>\nSie k\u00f6nnen weitere Informationen dar\u00fcber erhalten, was Cookies sind, sich \u00fcber die Cookie-Richtlinie informieren unter: https:\/\/plazatorosalicante.com\/ und Ihre Browsereinstellungen \u00e4ndern.<\/p>\n<\/div><\/div><\/div><\/div><\/div><\/div><\/section>\n","protected":false},"excerpt":{"rendered":"Cookie-Richtlinie Toroshopping, S.L. informiert \u00fcber die Verwendung von Cookies auf seiner Website: https:\/\/plazatorosalicante.com\/ Was sind Cookies? Cookies sind Daten, die \u00fcber Webseiten auf Ihrem Computer gespeichert werden k\u00f6nnen. Sie sind Arbeitsbereiche, die eine wichtige Rolle bei der Bereitstellung zahlreicher Dienste der Informationsgesellschaft spielen. Unter anderem erm\u00f6glicht einer Website die Beschreibung und Sammlung von Informationen \u00fcber...","protected":false},"author":1,"featured_media":0,"parent":0,"menu_order":0,"comment_status":"closed","ping_status":"closed","template":"","meta":{"_acf_changed":false,"footnotes":""},"class_list":["post-8056","page","type-page","status-publish","hentry"],"acf":[],"yoast_head":"<!-- This site is optimized with the Yoast SEO plugin v27.4 - https:\/\/yoast.com\/product\/yoast-seo-wordpress\/ -->\n<title>Pol\u00edtica de cookies - Plaza de Toros de Alicante<\/title>\n<meta name=\"robots\" content=\"index, follow, max-snippet:-1, max-image-preview:large, max-video-preview:-1\" \/>\n<link rel=\"canonical\" href=\"https:\/\/plazatorosalicante.com\/de\/politica-de-cookies\/\" \/>\n<meta property=\"og:locale\" content=\"de_DE\" \/>\n<meta property=\"og:type\" content=\"article\" \/>\n<meta property=\"og:title\" content=\"Pol\u00edtica de cookies - Plaza de Toros de Alicante\" \/>\n<meta property=\"og:url\" content=\"https:\/\/plazatorosalicante.com\/de\/politica-de-cookies\/\" \/>\n<meta property=\"og:site_name\" content=\"Plaza de Toros de Alicante\" \/>\n<meta property=\"article:modified_time\" content=\"2025-09-15T10:09:39+00:00\" \/>\n<meta property=\"og:image\" content=\"https:\/\/plazatorosalicante.com\/wp-content\/uploads\/2025\/03\/VIT_7836-scaled-1.jpg\" \/>\n\t<meta property=\"og:image:width\" content=\"2560\" \/>\n\t<meta property=\"og:image:height\" content=\"1696\" \/>\n\t<meta property=\"og:image:type\" content=\"image\/jpeg\" \/>\n<meta name=\"twitter:card\" content=\"summary_large_image\" \/>\n<meta name=\"twitter:label1\" content=\"Gesch\u00e4tzte Lesezeit\" \/>\n\t<meta name=\"twitter:data1\" content=\"9\u00a0Minuten\" \/>\n<script type=\"application\/ld+json\" class=\"yoast-schema-graph\">{\"@context\":\"https:\\\/\\\/schema.org\",\"@graph\":[{\"@type\":\"WebPage\",\"@id\":\"https:\\\/\\\/plazatorosalicante.com\\\/de\\\/politica-de-cookies\\\/\",\"url\":\"https:\\\/\\\/plazatorosalicante.com\\\/de\\\/politica-de-cookies\\\/\",\"name\":\"Pol\u00edtica de cookies - Plaza de Toros de Alicante\",\"isPartOf\":{\"@id\":\"https:\\\/\\\/plazatorosalicante.com\\\/de\\\/#website\"},\"datePublished\":\"2023-09-08T11:29:42+00:00\",\"dateModified\":\"2025-09-15T10:09:39+00:00\",\"breadcrumb\":{\"@id\":\"https:\\\/\\\/plazatorosalicante.com\\\/de\\\/politica-de-cookies\\\/#breadcrumb\"},\"inLanguage\":\"de\",\"potentialAction\":[{\"@type\":\"ReadAction\",\"target\":[\"https:\\\/\\\/plazatorosalicante.com\\\/de\\\/politica-de-cookies\\\/\"]}]},{\"@type\":\"BreadcrumbList\",\"@id\":\"https:\\\/\\\/plazatorosalicante.com\\\/de\\\/politica-de-cookies\\\/#breadcrumb\",\"itemListElement\":[{\"@type\":\"ListItem\",\"position\":1,\"name\":\"Portada\",\"item\":\"https:\\\/\\\/plazatorosalicante.com\\\/de\\\/startseite\\\/\"},{\"@type\":\"ListItem\",\"position\":2,\"name\":\"Pol\u00edtica de cookies\"}]},{\"@type\":\"WebSite\",\"@id\":\"https:\\\/\\\/plazatorosalicante.com\\\/de\\\/#website\",\"url\":\"https:\\\/\\\/plazatorosalicante.com\\\/de\\\/\",\"name\":\"Plaza de Toros de Alicante\",\"description\":\"Plaza de toros Alicante - Visitas Tur\u00edsticas y Culturales en Vivo para Individuales y Grupos\",\"publisher\":{\"@id\":\"https:\\\/\\\/plazatorosalicante.com\\\/de\\\/#organization\"},\"alternateName\":\"La Plaza Alicante Tour\",\"potentialAction\":[{\"@type\":\"SearchAction\",\"target\":{\"@type\":\"EntryPoint\",\"urlTemplate\":\"https:\\\/\\\/plazatorosalicante.com\\\/de\\\/?s={search_term_string}\"},\"query-input\":{\"@type\":\"PropertyValueSpecification\",\"valueRequired\":true,\"valueName\":\"search_term_string\"}}],\"inLanguage\":\"de\"},{\"@type\":\"Organization\",\"@id\":\"https:\\\/\\\/plazatorosalicante.com\\\/de\\\/#organization\",\"name\":\"Plaza de toros Alicante\",\"alternateName\":\"La Plaza Alicante Tour\",\"url\":\"https:\\\/\\\/plazatorosalicante.com\\\/de\\\/\",\"logo\":{\"@type\":\"ImageObject\",\"inLanguage\":\"de\",\"@id\":\"https:\\\/\\\/plazatorosalicante.com\\\/de\\\/#\\\/schema\\\/logo\\\/image\\\/\",\"url\":\"https:\\\/\\\/plazatorosalicante.com\\\/wp-content\\\/uploads\\\/2023\\\/10\\\/Logo-plaza-toros-alicante.jpg\",\"contentUrl\":\"https:\\\/\\\/plazatorosalicante.com\\\/wp-content\\\/uploads\\\/2023\\\/10\\\/Logo-plaza-toros-alicante.jpg\",\"width\":100,\"height\":100,\"caption\":\"Plaza de toros Alicante\"},\"image\":{\"@id\":\"https:\\\/\\\/plazatorosalicante.com\\\/de\\\/#\\\/schema\\\/logo\\\/image\\\/\"}}]}<\/script>\n<!-- \/ Yoast SEO plugin. -->","yoast_head_json":{"title":"Pol\u00edtica de cookies - Plaza de Toros de Alicante","robots":{"index":"index","follow":"follow","max-snippet":"max-snippet:-1","max-image-preview":"max-image-preview:large","max-video-preview":"max-video-preview:-1"},"canonical":"https:\/\/plazatorosalicante.com\/de\/politica-de-cookies\/","og_locale":"de_DE","og_type":"article","og_title":"Pol\u00edtica de cookies - Plaza de Toros de Alicante","og_url":"https:\/\/plazatorosalicante.com\/de\/politica-de-cookies\/","og_site_name":"Plaza de Toros de Alicante","article_modified_time":"2025-09-15T10:09:39+00:00","og_image":[{"width":2560,"height":1696,"url":"https:\/\/plazatorosalicante.com\/wp-content\/uploads\/2025\/03\/VIT_7836-scaled-1.jpg","type":"image\/jpeg"}],"twitter_card":"summary_large_image","twitter_misc":{"Gesch\u00e4tzte Lesezeit":"9\u00a0Minuten"},"schema":{"@context":"https:\/\/schema.org","@graph":[{"@type":"WebPage","@id":"https:\/\/plazatorosalicante.com\/de\/politica-de-cookies\/","url":"https:\/\/plazatorosalicante.com\/de\/politica-de-cookies\/","name":"Pol\u00edtica de cookies - Plaza de Toros de Alicante","isPartOf":{"@id":"https:\/\/plazatorosalicante.com\/de\/#website"},"datePublished":"2023-09-08T11:29:42+00:00","dateModified":"2025-09-15T10:09:39+00:00","breadcrumb":{"@id":"https:\/\/plazatorosalicante.com\/de\/politica-de-cookies\/#breadcrumb"},"inLanguage":"de","potentialAction":[{"@type":"ReadAction","target":["https:\/\/plazatorosalicante.com\/de\/politica-de-cookies\/"]}]},{"@type":"BreadcrumbList","@id":"https:\/\/plazatorosalicante.com\/de\/politica-de-cookies\/#breadcrumb","itemListElement":[{"@type":"ListItem","position":1,"name":"Portada","item":"https:\/\/plazatorosalicante.com\/de\/startseite\/"},{"@type":"ListItem","position":2,"name":"Pol\u00edtica de cookies"}]},{"@type":"WebSite","@id":"https:\/\/plazatorosalicante.com\/de\/#website","url":"https:\/\/plazatorosalicante.com\/de\/","name":"Plaza de Toros de Alicante","description":"Plaza de toros Alicante - Visitas Tur\u00edsticas y Culturales en Vivo para Individuales y Grupos","publisher":{"@id":"https:\/\/plazatorosalicante.com\/de\/#organization"},"alternateName":"La Plaza Alicante Tour","potentialAction":[{"@type":"SearchAction","target":{"@type":"EntryPoint","urlTemplate":"https:\/\/plazatorosalicante.com\/de\/?s={search_term_string}"},"query-input":{"@type":"PropertyValueSpecification","valueRequired":true,"valueName":"search_term_string"}}],"inLanguage":"de"},{"@type":"Organization","@id":"https:\/\/plazatorosalicante.com\/de\/#organization","name":"Plaza de toros Alicante","alternateName":"La Plaza Alicante Tour","url":"https:\/\/plazatorosalicante.com\/de\/","logo":{"@type":"ImageObject","inLanguage":"de","@id":"https:\/\/plazatorosalicante.com\/de\/#\/schema\/logo\/image\/","url":"https:\/\/plazatorosalicante.com\/wp-content\/uploads\/2023\/10\/Logo-plaza-toros-alicante.jpg","contentUrl":"https:\/\/plazatorosalicante.com\/wp-content\/uploads\/2023\/10\/Logo-plaza-toros-alicante.jpg","width":100,"height":100,"caption":"Plaza de toros Alicante"},"image":{"@id":"https:\/\/plazatorosalicante.com\/de\/#\/schema\/logo\/image\/"}}]}},"_links":{"self":[{"href":"https:\/\/plazatorosalicante.com\/de\/wp-json\/wp\/v2\/pages\/8056","targetHints":{"allow":["GET"]}}],"collection":[{"href":"https:\/\/plazatorosalicante.com\/de\/wp-json\/wp\/v2\/pages"}],"about":[{"href":"https:\/\/plazatorosalicante.com\/de\/wp-json\/wp\/v2\/types\/page"}],"author":[{"embeddable":true,"href":"https:\/\/plazatorosalicante.com\/de\/wp-json\/wp\/v2\/users\/1"}],"replies":[{"embeddable":true,"href":"https:\/\/plazatorosalicante.com\/de\/wp-json\/wp\/v2\/comments?post=8056"}],"version-history":[{"count":4,"href":"https:\/\/plazatorosalicante.com\/de\/wp-json\/wp\/v2\/pages\/8056\/revisions"}],"predecessor-version":[{"id":22256,"href":"https:\/\/plazatorosalicante.com\/de\/wp-json\/wp\/v2\/pages\/8056\/revisions\/22256"}],"wp:attachment":[{"href":"https:\/\/plazatorosalicante.com\/de\/wp-json\/wp\/v2\/media?parent=8056"}],"curies":[{"name":"wp","href":"https:\/\/api.w.org\/{rel}","templated":true}]}}