{"id":8060,"date":"2023-09-07T11:05:40","date_gmt":"2023-09-07T11:05:40","guid":{"rendered":"https:\/\/plazatorosalicante.com\/politica-de-privacidad\/"},"modified":"2024-03-13T09:57:10","modified_gmt":"2024-03-13T09:57:10","slug":"datenschutzrichtlinie","status":"publish","type":"page","link":"https:\/\/plazatorosalicante.com\/de\/datenschutzrichtlinie\/","title":{"rendered":"Datenschutzrichtlinie"},"content":{"rendered":"<section class=\"l-section wpb_row height_medium\"><div class=\"l-section-h i-cf\"><div class=\"g-cols vc_row via_grid cols_1 laptops-cols_inherit tablets-cols_inherit mobiles-cols_1 valign_top type_default stacking_default\"><div class=\"wpb_column vc_column_container\"><div class=\"vc_column-inner\"><div class=\"wpb_text_column us_custom_4fbadcb9\"><div class=\"wpb_wrapper\"><h1>Datenschutzrichtlinie<\/h1>\n<p><strong>Schutz personenbezogener Daten gem\u00e4\u00df DSGVO<\/strong><\/p>\n<p>Toroshopping, S.L. informiert in Anwendung der geltenden Vorschriften zum Schutz personenbezogener Daten dar\u00fcber, dass die \u00fcber die Formulare auf der Website https:\/\/plazatorosalicante.com\/ erfassten personenbezogenen Daten in den spezifischen automatisierten Dateien f\u00fcr Benutzer der Dienste enthalten sind von Toroshopping, S.L.<br \/>\nDer Zweck der Erhebung und automatisierten Verarbeitung personenbezogener Daten besteht darin, die Gesch\u00e4ftsbeziehung aufrechtzuerhalten und Informations-, Schulungs-, Beratungs- und andere Aktivit\u00e4ten von Toroshopping, S.L. durchzuf\u00fchren.<br \/>\nDiese Daten werden nur an diejenigen Stellen weitergegeben, die ausschlie\u00dflich zur Erf\u00fcllung des zuvor genannten Zwecks erforderlich sind.<br \/>\nToroshopping, S.L. ergreift die erforderlichen Ma\u00dfnahmen, um die Sicherheit, Integrit\u00e4t und Vertraulichkeit der Daten gem\u00e4\u00df den Bestimmungen der Verordnung (EU) 2016\/679 des Europ\u00e4ischen Parlaments und des Rates vom 27. April 2016 zum Schutz nat\u00fcrlicher Personen zu gew\u00e4hrleisten \u00fcber die Verarbeitung personenbezogener Daten und deren freien Verkehr.<br \/>\nDer Nutzer kann jederzeit die in der oben genannten Verordnung (EU) anerkannten Rechte auf Zugang, Widerspruch, Berichtigung, L\u00f6schung, Einschr\u00e4nkung und \u00dcbertragbarkeit aus\u00fcben. Der Benutzer kann diese Rechte per E-Mail an info@plazatorosalicante.com\/ oder an die Adresse Centro Melior Vasari aus\u00fcben. Urbanisation La Alzambra, 3, Lokal 1, C.P. 29660 \u2013 Marbella (M\u00e1laga).<br \/>\nDer Benutzer erkl\u00e4rt, dass alle von ihm bereitgestellten Daten wahr und korrekt sind, und verpflichtet sich, diese auf dem neuesten Stand zu halten und \u00c4nderungen an Toroshopping, S.L. mitzuteilen.<\/p>\n<p><strong>Zweck der Verarbeitung personenbezogener Daten:<\/strong><\/p>\n<p><strong>Zu welchem \u200b\u200bZweck verarbeiten wir Ihre personenbezogenen Daten?<\/strong><\/p>\n<p>Bei Toroshopping, S.L. verarbeiten wir Ihre \u00fcber die Website https:\/\/plazatorosalicante.com\/ erfassten personenbezogenen Daten f\u00fcr folgende Zwecke:<br \/>\n1.<br \/>\n1. Im Falle des Vertragsabschlusses der \u00fcber https:\/\/plazatorosalicante.com\/ angebotenen Waren und Dienstleistungen zur Aufrechterhaltung des Vertragsverh\u00e4ltnisses sowie zur Verwaltung, Verwaltung, Information, Bereitstellung und Verbesserung der Dienstleistung.<br \/>\n1.<br \/>\n1. Senden der angeforderten Informationen \u00fcber die unter https:\/\/plazatorosalicante.com\/ bereitgestellten Formulare.<br \/>\n1.<br \/>\n1. Versenden Sie Newsletter sowie kommerzielle Mitteilungen \u00fcber Werbeaktionen und\/oder Werbung von https:\/\/plazatorosalicante.com\/ und der Branche.<br \/>\nWir erinnern Sie daran, dass Sie der Zusendung kommerzieller Mitteilungen jederzeit und mit allen Mitteln widersprechen k\u00f6nnen, indem Sie eine E-Mail an die oben angegebene Adresse senden.<br \/>\nDie Felder dieser Aufzeichnungen m\u00fcssen ausgef\u00fcllt werden und ohne die Bereitstellung dieser Daten k\u00f6nnen die angegebenen Zwecke nicht erreicht werden.<\/p>\n<p><strong>Wie lange werden die erhobenen personenbezogenen Daten aufbewahrt?<\/strong><\/p>\n<p>Die zur Verf\u00fcgung gestellten personenbezogenen Daten werden so lange aufbewahrt, wie die Gesch\u00e4ftsbeziehung aufrechterhalten wird oder Sie deren L\u00f6schung nicht verlangen, und f\u00fcr den Zeitraum, f\u00fcr den rechtliche Verantwortlichkeiten f\u00fcr die erbrachten Dienstleistungen entstehen k\u00f6nnen.<\/p>\n<p><strong>Legitimation:<\/strong><br \/>\nDie Verarbeitung Ihrer Daten erfolgt auf Grundlage folgender Rechtsgrundlagen:<\/p>\n<ul>\n<li>Die Anfrage nach Informationen und\/oder die Beauftragung der Dienstleistungen von Toroshopping, S.L., deren Gesch\u00e4ftsbedingungen Ihnen in jedem Fall vor einem m\u00f6glichen Vertrag zur Verf\u00fcgung gestellt werden.<\/li>\n<li>\u00a0Freie, spezifische, informierte und eindeutige Einwilligung, die wir Ihnen mit der Bereitstellung dieser Datenschutzrichtlinie mitteilen und die Sie nach dem Lesen, wenn Sie damit einverstanden sind, durch eine Erkl\u00e4rung oder eine eindeutige bejahende Handlung, wie z daf\u00fcr vorgesehene Box.<\/li>\n<li>Wenn Sie uns Ihre Daten nicht, falsch oder unvollst\u00e4ndig zur Verf\u00fcgung stellen, k\u00f6nnen wir Ihre Anfrage nicht beantworten, was es v\u00f6llig unm\u00f6glich macht, Ihnen die angeforderten Informationen zur<\/li>\n<li>Verf\u00fcgung zu stellen oder die Beauftragung der Dienstleistungen durchzuf\u00fchren.<\/li>\n<\/ul>\n<p><strong>Empf\u00e4nger:<\/strong><br \/>\nDie Daten werden nicht an Dritte au\u00dfer Toroshopping, S.L. weitergegeben, es sei denn, es besteht eine gesetzliche Verpflichtung.<\/p>\n<p><strong>Von Nutzern der Dienste erfasste Daten<\/strong><br \/>\nIn F\u00e4llen, in denen der Benutzer Dateien mit personenbezogenen Daten auf gemeinsam genutzten Hosting-Servern bereitstellt, kann Toroshopping, S.L. ist nicht verantwortlich f\u00fcr die Nichteinhaltung der DSGVO durch den Benutzer.<\/p>\n<p><strong>Datenaufbewahrung gem\u00e4\u00df LSSI<\/strong><br \/>\nToroshopping, S.L. teilt mit, dass es als Datenhosting-Dienstleister und gem\u00e4\u00df den Bestimmungen des Gesetzes 34\/2002 vom 11. Juli \u00fcber Dienste der Informationsgesellschaft und elektronischen Handel (LSSI) die wesentlichen Informationen zur Identifizierung der Herkunft f\u00fcr einen Zeitraum von maximal 12 Monaten speichert der gehosteten Daten und dem Zeitpunkt, an dem mit der Bereitstellung des Dienstes begonnen wurde. Die Speicherung dieser Daten hat keinen Einfluss auf das Kommunikationsgeheimnis und darf nur im Rahmen einer strafrechtlichen Untersuchung oder zum Schutz der \u00f6ffentlichen Sicherheit verwendet werden, indem sie Richtern und\/oder Gerichten oder dem Ministerium, das dies verlangt, zur Verf\u00fcgung gestellt wird.<\/p>\n<p>Die \u00dcbermittlung von Daten an die staatlichen Streitkr\u00e4fte und das staatliche Korps erfolgt gem\u00e4\u00df den Bestimmungen der Vorschriften zum Schutz personenbezogener Daten.<br \/>\nGeistige Eigentumsrechte https:\/\/plazatorosalicante.com\/<br \/>\nToroshopping, S.L. ist Inhaber aller Urheberrechte, geistigen und gewerblichen Eigentumsrechte, Know-how-Rechte und aller anderen Rechte im Zusammenhang mit den Inhalten der Website https:\/\/plazatorosalicante.com\/ und den darin angebotenen Diensten sowie den f\u00fcr deren Umsetzung erforderlichen Programmen und verwandte Informationen.<br \/>\nDie vollst\u00e4ndige oder teilweise Vervielf\u00e4ltigung, Ver\u00f6ffentlichung und\/oder nicht ausschlie\u00dflich private Nutzung der Inhalte der Website https:\/\/plazatorosalicante.com\/ ist ohne vorherige schriftliche Zustimmung nicht gestattet.<\/p>\n<p><strong>Geistiges Software-Eigentum<\/strong><br \/>\nDer Benutzer muss die ihm von Toroshopping, S.L. zur Verf\u00fcgung gestellten Programme Dritter respektieren, auch wenn diese kostenlos und\/oder \u00f6ffentlich verf\u00fcgbar sind.<br \/>\nToroshopping, S.L. verf\u00fcgt \u00fcber die erforderlichen Verwertungs- und geistigen Eigentumsrechte an der Software.<br \/>\nDer Nutzer erwirbt keinerlei Rechte oder Lizenzen an der vertraglich vereinbarten Leistung, an der f\u00fcr die Erbringung der Leistung erforderlichen Software oder an den technischen Informationen zur \u00dcberwachung der Leistung, mit Ausnahme der Rechte und Lizenzen, die f\u00fcr die Erf\u00fcllung der vertraglich vereinbarten Leistungen und erforderlich sind nur w\u00e4hrend ihrer Dauer.<\/p>\n<p>F\u00fcr jede Handlung, die \u00fcber die Vertragserf\u00fcllung hinausgeht, ben\u00f6tigt der Nutzer eine schriftliche Genehmigung von Toroshopping, S.L., und es ist dem Nutzer unter \u00dcbernahme der Verantwortung untersagt, auf die Konfiguration, Struktur und Dateien der Server von Toroshopping, S.L. zuzugreifen, sie zu \u00e4ndern oder einzusehen . Zivil- und strafrechtliche Folgen von Vorf\u00e4llen, die in den Servern und Sicherheitssystemen als direkte Folge fahrl\u00e4ssiger oder b\u00f6swilliger Handlungen Ihrerseits auftreten k\u00f6nnen.<\/p>\n<p><strong>Geistiges Eigentum der gehosteten Inhalte<\/strong><br \/>\nEine Nutzung der von Toroshopping, S.L. bereitgestellten Dienste entgegen der Gesetzgebung zum geistigen Eigentum ist untersagt. und besonders:<\/p>\n<ul>\n<li>Eine Nutzung, die den spanischen Gesetzen widerspricht oder die Rechte Dritter verletzt.<\/li>\n<li>Die Ver\u00f6ffentlichung oder \u00dcbertragung von Inhalten, die nach Ansicht von Toroshopping, S.L. gewaltt\u00e4tig, obsz\u00f6n, beleidigend, illegal, rassistisch, fremdenfeindlich oder verleumderisch sind.<\/li>\n<li>Cracks, Programmseriennummern oder andere Inhalte, die die geistigen Eigentumsrechte Dritter verletzen.<\/li>\n<li>\u00a0Die Erhebung und\/oder Nutzung personenbezogener Daten anderer Nutzer ohne deren ausdr\u00fcckliche Zustimmung oder unter Versto\u00df gegen die Datenschutzbestimmungen der Verordnung (EU) 2016\/679 des Europ\u00e4ischen Parlaments und des Rates vom 27. April 2016 nat\u00fcrlicher Personen hinsichtlich der Verarbeitung personenbezogener Daten und deren freien Verkehr.<\/li>\n<li>\u00a0Die Verwendung des Mailservers und der E-Mail-Adressen der Domain zum<\/li>\n<\/ul>\n<p><strong> Versenden unerw\u00fcnschter Massenmails.<\/strong><br \/>\nDer Nutzer tr\u00e4gt die volle Verantwortung f\u00fcr den Inhalt seiner Website, die \u00fcbermittelten und gespeicherten Informationen, Hypertext-Links, Anspr\u00fcche Dritter und rechtliche Schritte in Bezug auf geistiges Eigentum, Rechte Dritter und den Schutz Minderj\u00e4hriger.<br \/>\nDer Nutzer ist f\u00fcr die geltenden Gesetze und Vorschriften sowie die Regeln verantwortlich, die den Betrieb des Online-Dienstes, den elektronischen Handel, das Urheberrecht, die Aufrechterhaltung der \u00f6ffentlichen Ordnung sowie die allgemeinen Grunds\u00e4tze der Internetnutzung betreffen.<br \/>\nDer Benutzer entsch\u00e4digt Toroshopping, S.L. f\u00fcr die Kosten, die durch die Anrechnung von Toroshopping, S.L. entstehen. in jedem Fall, f\u00fcr den der Nutzer verantwortlich ist, einschlie\u00dflich der Kosten und Kosten der Rechtsverteidigung, auch im Falle einer nicht rechtskr\u00e4ftigen gerichtlichen Entscheidung.<\/p>\n<p><strong>Schutz gehosteter Informationen<\/strong><br \/>\nToroshopping, S.L. erstellt Sicherungskopien der auf seinen Servern gehosteten Inhalte, haftet jedoch nicht f\u00fcr den Verlust oder die versehentliche L\u00f6schung von Daten durch Benutzer. Ebenso kann nicht garantiert werden, dass die vom Benutzer gel\u00f6schten Daten vollst\u00e4ndig ersetzt werden, da die oben genannten Daten in der seit der letzten Sicherungskopie verstrichenen Zeitspanne gel\u00f6scht und\/oder ge\u00e4ndert worden sein k\u00f6nnten.<br \/>\nDie angebotenen Dienstleistungen, mit Ausnahme spezifischer Sicherungsdienste, umfassen nicht den Ersatz der in den von Toroshopping, S.L. erstellten Sicherungskopien gespeicherten Inhalte, wenn dieser Verlust dem Benutzer zuzuschreiben ist; In diesem Fall wird ein Tarif entsprechend der Komplexit\u00e4t und dem Umfang der Wiederherstellung festgelegt, immer mit vorheriger Zustimmung des Benutzers.<br \/>\nDer Ersatz gel\u00f6schter Daten ist nur dann im Preis der Dienstleistung enthalten, wenn der Verlust von Inhalten auf Ursachen zur\u00fcckzuf\u00fchren ist, die Toroshopping, S.L. zuzuschreiben sind.<\/p>\n<p><strong>Kommerzielle Kommunikation<\/strong><br \/>\nIn Anwendung des LSSI. Toroshopping, S.L. wird keine Werbe- oder Verkaufsf\u00f6rderungsmitteilungen per E-Mail oder anderen gleichwertigen elektronischen Kommunikationsmitteln versenden, die nicht zuvor von ihren Empf\u00e4ngern angefordert oder ausdr\u00fccklich genehmigt wurden.<br \/>\nBei Nutzern, mit denen bereits ein Vertragsverh\u00e4ltnis besteht, \u00fcbernimmt Toroshopping, S.L. Ja, Sie sind berechtigt, kommerzielle Mitteilungen zu Produkten oder Dienstleistungen von Toroshopping, S.L. zu versenden. die denen \u00e4hneln, die urspr\u00fcnglich mit dem Kunden vereinbart wurden.<br \/>\nIn jedem Fall kann der Nutzer nach Nachweis seiner Identit\u00e4t verlangen, dass ihm \u00fcber die Kan\u00e4le des Kundendienstes keine kommerziellen Informationen mehr zugesandt werden.<\/p>\n<\/div><\/div><\/div><\/div><\/div><\/div><\/section><section class=\"l-section wpb_row height_medium\"><div class=\"l-section-h i-cf\"><div class=\"g-cols vc_row via_grid cols_1 laptops-cols_inherit tablets-cols_inherit mobiles-cols_1 valign_top type_default stacking_default\"><div class=\"wpb_column vc_column_container\"><div class=\"vc_column-inner\"><div class=\"wpb_text_column\"><div class=\"wpb_wrapper\"><\/div><\/div><\/div><\/div><\/div><\/div><\/section>\n","protected":false},"excerpt":{"rendered":"Datenschutzrichtlinie Schutz personenbezogener Daten gem\u00e4\u00df DSGVO Toroshopping, S.L. informiert in Anwendung der geltenden Vorschriften zum Schutz personenbezogener Daten dar\u00fcber, dass die \u00fcber die Formulare auf der Website https:\/\/plazatorosalicante.com\/ erfassten personenbezogenen Daten in den spezifischen automatisierten Dateien f\u00fcr Benutzer der Dienste enthalten sind von Toroshopping, S.L. Der Zweck der Erhebung und automatisierten Verarbeitung personenbezogener Daten besteht...","protected":false},"author":1,"featured_media":0,"parent":0,"menu_order":0,"comment_status":"closed","ping_status":"open","template":"","meta":{"_acf_changed":false,"footnotes":""},"class_list":["post-8060","page","type-page","status-publish","hentry"],"acf":[],"yoast_head":"<!-- This site is optimized with the Yoast SEO plugin v27.4 - https:\/\/yoast.com\/product\/yoast-seo-wordpress\/ -->\n<title>Datenschutzrichtlinie - Plaza de Toros de Alicante<\/title>\n<meta name=\"robots\" content=\"noindex, follow\" \/>\n<meta property=\"og:locale\" content=\"de_DE\" \/>\n<meta property=\"og:type\" content=\"article\" \/>\n<meta property=\"og:title\" content=\"Datenschutzrichtlinie - Plaza de Toros de Alicante\" \/>\n<meta property=\"og:url\" content=\"https:\/\/plazatorosalicante.com\/de\/datenschutzrichtlinie\/\" \/>\n<meta property=\"og:site_name\" content=\"Plaza de Toros de Alicante\" \/>\n<meta property=\"article:modified_time\" content=\"2024-03-13T09:57:10+00:00\" \/>\n<meta property=\"og:image\" content=\"https:\/\/plazatorosalicante.com\/wp-content\/uploads\/2025\/03\/VIT_7836-scaled-1.jpg\" \/>\n\t<meta property=\"og:image:width\" content=\"2560\" \/>\n\t<meta property=\"og:image:height\" content=\"1696\" \/>\n\t<meta property=\"og:image:type\" content=\"image\/jpeg\" \/>\n<meta name=\"twitter:card\" content=\"summary_large_image\" \/>\n<meta name=\"twitter:label1\" content=\"Gesch\u00e4tzte Lesezeit\" \/>\n\t<meta name=\"twitter:data1\" content=\"7\u00a0Minuten\" \/>\n<script type=\"application\/ld+json\" class=\"yoast-schema-graph\">{\"@context\":\"https:\\\/\\\/schema.org\",\"@graph\":[{\"@type\":\"WebPage\",\"@id\":\"https:\\\/\\\/plazatorosalicante.com\\\/de\\\/datenschutzrichtlinie\\\/\",\"url\":\"https:\\\/\\\/plazatorosalicante.com\\\/de\\\/datenschutzrichtlinie\\\/\",\"name\":\"Datenschutzrichtlinie - Plaza de Toros de Alicante\",\"isPartOf\":{\"@id\":\"https:\\\/\\\/plazatorosalicante.com\\\/de\\\/#website\"},\"datePublished\":\"2023-09-07T11:05:40+00:00\",\"dateModified\":\"2024-03-13T09:57:10+00:00\",\"breadcrumb\":{\"@id\":\"https:\\\/\\\/plazatorosalicante.com\\\/de\\\/datenschutzrichtlinie\\\/#breadcrumb\"},\"inLanguage\":\"de\",\"potentialAction\":[{\"@type\":\"ReadAction\",\"target\":[\"https:\\\/\\\/plazatorosalicante.com\\\/de\\\/datenschutzrichtlinie\\\/\"]}]},{\"@type\":\"BreadcrumbList\",\"@id\":\"https:\\\/\\\/plazatorosalicante.com\\\/de\\\/datenschutzrichtlinie\\\/#breadcrumb\",\"itemListElement\":[{\"@type\":\"ListItem\",\"position\":1,\"name\":\"Portada\",\"item\":\"https:\\\/\\\/plazatorosalicante.com\\\/de\\\/startseite\\\/\"},{\"@type\":\"ListItem\",\"position\":2,\"name\":\"Datenschutzrichtlinie\"}]},{\"@type\":\"WebSite\",\"@id\":\"https:\\\/\\\/plazatorosalicante.com\\\/de\\\/#website\",\"url\":\"https:\\\/\\\/plazatorosalicante.com\\\/de\\\/\",\"name\":\"Plaza de Toros de Alicante\",\"description\":\"Plaza de toros Alicante - Visitas Tur\u00edsticas y Culturales en Vivo para Individuales y Grupos\",\"publisher\":{\"@id\":\"https:\\\/\\\/plazatorosalicante.com\\\/de\\\/#organization\"},\"alternateName\":\"La Plaza Alicante Tour\",\"potentialAction\":[{\"@type\":\"SearchAction\",\"target\":{\"@type\":\"EntryPoint\",\"urlTemplate\":\"https:\\\/\\\/plazatorosalicante.com\\\/de\\\/?s={search_term_string}\"},\"query-input\":{\"@type\":\"PropertyValueSpecification\",\"valueRequired\":true,\"valueName\":\"search_term_string\"}}],\"inLanguage\":\"de\"},{\"@type\":\"Organization\",\"@id\":\"https:\\\/\\\/plazatorosalicante.com\\\/de\\\/#organization\",\"name\":\"Plaza de toros Alicante\",\"alternateName\":\"La Plaza Alicante Tour\",\"url\":\"https:\\\/\\\/plazatorosalicante.com\\\/de\\\/\",\"logo\":{\"@type\":\"ImageObject\",\"inLanguage\":\"de\",\"@id\":\"https:\\\/\\\/plazatorosalicante.com\\\/de\\\/#\\\/schema\\\/logo\\\/image\\\/\",\"url\":\"https:\\\/\\\/plazatorosalicante.com\\\/wp-content\\\/uploads\\\/2023\\\/10\\\/Logo-plaza-toros-alicante.jpg\",\"contentUrl\":\"https:\\\/\\\/plazatorosalicante.com\\\/wp-content\\\/uploads\\\/2023\\\/10\\\/Logo-plaza-toros-alicante.jpg\",\"width\":100,\"height\":100,\"caption\":\"Plaza de toros Alicante\"},\"image\":{\"@id\":\"https:\\\/\\\/plazatorosalicante.com\\\/de\\\/#\\\/schema\\\/logo\\\/image\\\/\"}}]}<\/script>\n<!-- \/ Yoast SEO plugin. -->","yoast_head_json":{"title":"Datenschutzrichtlinie - Plaza de Toros de Alicante","robots":{"index":"noindex","follow":"follow"},"og_locale":"de_DE","og_type":"article","og_title":"Datenschutzrichtlinie - Plaza de Toros de Alicante","og_url":"https:\/\/plazatorosalicante.com\/de\/datenschutzrichtlinie\/","og_site_name":"Plaza de Toros de Alicante","article_modified_time":"2024-03-13T09:57:10+00:00","og_image":[{"width":2560,"height":1696,"url":"https:\/\/plazatorosalicante.com\/wp-content\/uploads\/2025\/03\/VIT_7836-scaled-1.jpg","type":"image\/jpeg"}],"twitter_card":"summary_large_image","twitter_misc":{"Gesch\u00e4tzte Lesezeit":"7\u00a0Minuten"},"schema":{"@context":"https:\/\/schema.org","@graph":[{"@type":"WebPage","@id":"https:\/\/plazatorosalicante.com\/de\/datenschutzrichtlinie\/","url":"https:\/\/plazatorosalicante.com\/de\/datenschutzrichtlinie\/","name":"Datenschutzrichtlinie - Plaza de Toros de Alicante","isPartOf":{"@id":"https:\/\/plazatorosalicante.com\/de\/#website"},"datePublished":"2023-09-07T11:05:40+00:00","dateModified":"2024-03-13T09:57:10+00:00","breadcrumb":{"@id":"https:\/\/plazatorosalicante.com\/de\/datenschutzrichtlinie\/#breadcrumb"},"inLanguage":"de","potentialAction":[{"@type":"ReadAction","target":["https:\/\/plazatorosalicante.com\/de\/datenschutzrichtlinie\/"]}]},{"@type":"BreadcrumbList","@id":"https:\/\/plazatorosalicante.com\/de\/datenschutzrichtlinie\/#breadcrumb","itemListElement":[{"@type":"ListItem","position":1,"name":"Portada","item":"https:\/\/plazatorosalicante.com\/de\/startseite\/"},{"@type":"ListItem","position":2,"name":"Datenschutzrichtlinie"}]},{"@type":"WebSite","@id":"https:\/\/plazatorosalicante.com\/de\/#website","url":"https:\/\/plazatorosalicante.com\/de\/","name":"Plaza de Toros de Alicante","description":"Plaza de toros Alicante - Visitas Tur\u00edsticas y Culturales en Vivo para Individuales y Grupos","publisher":{"@id":"https:\/\/plazatorosalicante.com\/de\/#organization"},"alternateName":"La Plaza Alicante Tour","potentialAction":[{"@type":"SearchAction","target":{"@type":"EntryPoint","urlTemplate":"https:\/\/plazatorosalicante.com\/de\/?s={search_term_string}"},"query-input":{"@type":"PropertyValueSpecification","valueRequired":true,"valueName":"search_term_string"}}],"inLanguage":"de"},{"@type":"Organization","@id":"https:\/\/plazatorosalicante.com\/de\/#organization","name":"Plaza de toros Alicante","alternateName":"La Plaza Alicante Tour","url":"https:\/\/plazatorosalicante.com\/de\/","logo":{"@type":"ImageObject","inLanguage":"de","@id":"https:\/\/plazatorosalicante.com\/de\/#\/schema\/logo\/image\/","url":"https:\/\/plazatorosalicante.com\/wp-content\/uploads\/2023\/10\/Logo-plaza-toros-alicante.jpg","contentUrl":"https:\/\/plazatorosalicante.com\/wp-content\/uploads\/2023\/10\/Logo-plaza-toros-alicante.jpg","width":100,"height":100,"caption":"Plaza de toros Alicante"},"image":{"@id":"https:\/\/plazatorosalicante.com\/de\/#\/schema\/logo\/image\/"}}]}},"_links":{"self":[{"href":"https:\/\/plazatorosalicante.com\/de\/wp-json\/wp\/v2\/pages\/8060","targetHints":{"allow":["GET"]}}],"collection":[{"href":"https:\/\/plazatorosalicante.com\/de\/wp-json\/wp\/v2\/pages"}],"about":[{"href":"https:\/\/plazatorosalicante.com\/de\/wp-json\/wp\/v2\/types\/page"}],"author":[{"embeddable":true,"href":"https:\/\/plazatorosalicante.com\/de\/wp-json\/wp\/v2\/users\/1"}],"replies":[{"embeddable":true,"href":"https:\/\/plazatorosalicante.com\/de\/wp-json\/wp\/v2\/comments?post=8060"}],"version-history":[{"count":4,"href":"https:\/\/plazatorosalicante.com\/de\/wp-json\/wp\/v2\/pages\/8060\/revisions"}],"predecessor-version":[{"id":8064,"href":"https:\/\/plazatorosalicante.com\/de\/wp-json\/wp\/v2\/pages\/8060\/revisions\/8064"}],"wp:attachment":[{"href":"https:\/\/plazatorosalicante.com\/de\/wp-json\/wp\/v2\/media?parent=8060"}],"curies":[{"name":"wp","href":"https:\/\/api.w.org\/{rel}","templated":true}]}}