{"id":8065,"date":"2023-09-11T10:44:24","date_gmt":"2023-09-11T10:44:24","guid":{"rendered":"https:\/\/plazatorosalicante.com\/auf-dem-platz\/"},"modified":"2024-05-07T09:15:02","modified_gmt":"2024-05-07T09:15:02","slug":"informationen-zur-stierkampfarena","status":"publish","type":"page","link":"https:\/\/plazatorosalicante.com\/de\/informationen-zur-stierkampfarena\/","title":{"rendered":"auf dem Platz"},"content":{"rendered":"<section class=\"l-section wpb_row height_medium\"><div class=\"l-section-h i-cf\"><div class=\"g-cols vc_row via_grid cols_1 laptops-cols_inherit tablets-cols_inherit mobiles-cols_1 valign_top type_default stacking_default\"><div class=\"wpb_column vc_column_container\"><div class=\"vc_column-inner\"><div class=\"wpb_text_column\"><div class=\"wpb_wrapper\"><h1 style=\"text-align: center;\">INFORMATIONEN ZUM ALICANTE BULL PLAZA<\/h1>\n<\/div><\/div><\/div><\/div><\/div><\/div><\/section><section class=\"l-section wpb_row height_medium\"><div class=\"l-section-h i-cf\"><div class=\"g-cols vc_row via_grid cols_2 laptops-cols_inherit tablets-cols_inherit mobiles-cols_1 valign_middle type_default stacking_default\"><div class=\"wpb_column vc_column_container\"><div class=\"vc_column-inner\"><div class=\"w-image align_none\"><div class=\"w-image-h\"><img decoding=\"async\" width=\"640\" height=\"640\" src=\"https:\/\/plazatorosalicante.com\/wp-content\/uploads\/2023\/10\/Puerta-grande-plaza-alicante.jpg\" class=\"attachment-large size-large\" alt=\"Haupteingang der Stierkampfarena Alicante\" loading=\"lazy\" srcset=\"https:\/\/plazatorosalicante.com\/wp-content\/uploads\/2023\/10\/Puerta-grande-plaza-alicante.jpg 640w, https:\/\/plazatorosalicante.com\/wp-content\/uploads\/2023\/10\/Puerta-grande-plaza-alicante-300x300.jpg 300w, https:\/\/plazatorosalicante.com\/wp-content\/uploads\/2023\/10\/Puerta-grande-plaza-alicante-150x150.jpg 150w, https:\/\/plazatorosalicante.com\/wp-content\/uploads\/2023\/10\/Puerta-grande-plaza-alicante-600x600.jpg 600w\" sizes=\"auto, (max-width: 640px) 100vw, 640px\" \/><\/div><\/div><\/div><\/div><div class=\"wpb_column vc_column_container\"><div class=\"vc_column-inner\"><div class=\"wpb_text_column\"><div class=\"wpb_wrapper\"><h2>Geschichte der Stierkampfarena<\/h2>\n<ul>\n<li><strong>Urspr\u00fcnge und Bau:<\/strong> Die Idee, in Alicante eine Stierkampfarena zu errichten, entstand zu Beginn des 19. Jahrhunderts. Die vom Architekten Jos\u00e9 Guardiola Pic\u00f3 entworfenen Arbeiten begannen 1847 und wurden 1888 abgeschlossen. Sein Bau war an sich schon eine monumentale Leistung, angesichts der technischen Herausforderung, die die damalige Zeit darstellte, und der Komplexit\u00e4t der Stierkampfarchitektur.<\/li>\n<li><strong>Baustil:<\/strong> Die Stierkampfarena von Alicante pr\u00e4sentiert eine popul\u00e4re Architektur, die durch den Einfluss architektonischer Elemente der Zeit gekennzeichnet ist. Dieser Stil l\u00e4sst sich an den Rundb\u00f6gen, den Fenstern und den ornamentalen Details erkennen, die die Fassade und das Innere des Platzes schm\u00fccken.<\/li>\n<li><strong>Kapazit\u00e4t und Design:<\/strong> Der Platz bietet Platz f\u00fcr mehr als 11.600 Zuschauer und ist damit einer der gr\u00f6\u00dften in Spanien. Die kreisf\u00f6rmige Gestaltung und Anordnung der Linien erm\u00f6glichen eine optimale Sicht von jedem Sitzplatz aus, was zur Spannung und Beteiligung des Publikums w\u00e4hrend der Stierk\u00e4mpfe beitr\u00e4gt.<\/li>\n<li><strong>Historische Ereignisse:<\/strong> Im Laufe der Jahre war die Stierkampfarena von Alicante Zeuge zahlreicher historischer Ereignisse und unvergesslicher Auftritte ber\u00fchmter Stierk\u00e4mpfer. Diese Stierk\u00e4mpfe haben einen wichtigen Teil der Stierkampftradition in der Region gepr\u00e4gt und zum guten Ruf der Stierkampfarena beigetragen.<\/li>\n<\/ul>\n<\/div><\/div><\/div><\/div><\/div><\/div><\/section><section class=\"l-section wpb_row height_medium color_alternate\"><div class=\"l-section-h i-cf\"><div class=\"g-cols vc_row via_grid cols_1 laptops-cols_inherit tablets-cols_inherit mobiles-cols_1 valign_middle type_default stacking_default\"><div class=\"wpb_column vc_column_container\"><div class=\"vc_column-inner\"><div class=\"wpb_text_column\"><div class=\"wpb_wrapper\"><p><span style=\"font-weight: 400;\">Die Stierkampfarena von Alicante ist ein kulturelles und architektonisches Wahrzeichen in der Provinz Alicante, Spanien. Seine Geschichte reicht bis ins 19. Jahrhundert zur\u00fcck, als die Begeisterung f\u00fcr den Stierkampf in der Region ihren H\u00f6hepunkt erreichte.<\/span><\/p>\n<\/div><\/div><\/div><\/div><\/div><\/div><\/section><section class=\"l-section wpb_row height_medium\"><div class=\"l-section-h i-cf\"><div class=\"g-cols vc_row via_grid cols_2 laptops-cols_inherit tablets-cols_inherit mobiles-cols_1 valign_middle type_default stacking_default\"><div class=\"wpb_column vc_column_container\"><div class=\"vc_column-inner\"><div class=\"w-image align_none\"><div class=\"w-image-h\"><img decoding=\"async\" width=\"640\" height=\"640\" src=\"https:\/\/plazatorosalicante.com\/wp-content\/uploads\/2023\/10\/Tendidos-plaza-toros.jpg\" class=\"attachment-large size-large\" alt=\"Die Stierkampfarena von Alicante erstreckt sich\" loading=\"lazy\" srcset=\"https:\/\/plazatorosalicante.com\/wp-content\/uploads\/2023\/10\/Tendidos-plaza-toros.jpg 640w, https:\/\/plazatorosalicante.com\/wp-content\/uploads\/2023\/10\/Tendidos-plaza-toros-300x300.jpg 300w, https:\/\/plazatorosalicante.com\/wp-content\/uploads\/2023\/10\/Tendidos-plaza-toros-150x150.jpg 150w, https:\/\/plazatorosalicante.com\/wp-content\/uploads\/2023\/10\/Tendidos-plaza-toros-600x600.jpg 600w\" sizes=\"auto, (max-width: 640px) 100vw, 640px\" \/><\/div><\/div><\/div><\/div><div class=\"wpb_column vc_column_container\"><div class=\"vc_column-inner\"><div class=\"wpb_text_column\"><div class=\"wpb_wrapper\"><h2>Einzigartige Architektur und Design<\/h2>\n<ul>\n<li><strong>Stil:<\/strong> Die Stierkampfarena von Alicante zeichnet sich durch ihren beliebten Architekturstil aus. Die Au\u00dfenfassade zeichnet sich durch ihre N\u00fcchternheit und die helle Erdfarbe aus, die ein Gef\u00fchl von Eleganz und Stierkampf-Authentizit\u00e4t hervorrufen.<\/li>\n<li><strong>Zentraler Ring:<\/strong> Das Herzst\u00fcck des Platzes ist sein zentraler Ring. Dieser Raum ist ger\u00e4umig und offen und erm\u00f6glicht es Stierk\u00e4mpfern und Bullen, sich von ihrer besten Seite zu zeigen.<\/li>\n<li><strong>B\u00fchnen und Logen:<\/strong> Sie bieten einen Panoramablick auf das Geschehen. Die oberen Bereiche erheben sich in mehreren Ebenen, bieten einen vollst\u00e4ndigen Blick auf die Arena und schaffen eine einzigartige, aufregende Atmosph\u00e4re.<\/li>\n<li><strong>Farben und Details:<\/strong> Das Design des Platzes umfasst eine lebendige Farbpalette mit Keramikmosaiken, die die W\u00e4nde und den Boden schm\u00fccken. K\u00fcnstlerische Details wie dekorative Fliesen verleihen der Architektur eine besondere Note.<\/li>\n<\/ul>\n<\/div><\/div><\/div><\/div><\/div><\/div><\/section><section class=\"l-section wpb_row height_medium color_alternate\"><div class=\"l-section-h i-cf\"><div class=\"g-cols vc_row via_grid cols_1 laptops-cols_inherit tablets-cols_inherit mobiles-cols_1 valign_middle type_default stacking_default\"><div class=\"wpb_column vc_column_container\"><div class=\"vc_column-inner\"><div class=\"wpb_text_column\"><div class=\"wpb_wrapper\"><h3>Mehr als eine Stierkampfarena<\/h3>\n<p><span style=\"font-weight: 400;\">Die Stierkampfarena von Alicante ist ein Symbol der Kultur und Geschichte der Region. Seine einzigartige Architektur und reiche Geschichte machen es zu einem Muss f\u00fcr Stierkampfliebhaber und Architekturliebhaber. Dieser Platz ist Zeuge jahrhundertelanger Stierkampftradition und bleibt ein symboltr\u00e4chtiger Ort, an dem Leidenschaft und Eleganz bei jedem Stierkampf aufeinandertreffen.<\/span><\/p>\n<\/div><\/div><\/div><\/div><\/div><\/div><\/section><section class=\"l-section wpb_row height_medium\"><div class=\"l-section-h i-cf\"><div class=\"g-cols vc_row via_grid cols_1 laptops-cols_inherit tablets-cols_inherit mobiles-cols_1 valign_top type_default stacking_default\"><div class=\"wpb_column vc_column_container\"><div class=\"vc_column-inner\"><div class=\"wpb_text_column\"><div class=\"wpb_wrapper\"><h2>M\u00f6chten Sie die Stierkampfarena besuchen?<\/h2>\n<p>Die Tour durch die Stierkampfarena von Alicante ist jetzt verf\u00fcgbar. W\u00e4hlen Sie die Ticketart, die Sie am meisten interessiert, und genie\u00dfen Sie einen unvergleichlichen Touristenbesuch.<\/p>\n<\/div><\/div><div class=\"g-cols wpb_row via_grid cols_3 laptops-cols_inherit tablets-cols_inherit mobiles-cols_1 valign_top type_default stacking_default\" style=\"--columns-gap:3rem;\"><div class=\"wpb_column vc_column_container\"><div class=\"vc_column-inner\"><div class=\"w-ibanner us_custom_e7c215f2 has_text_color animation_caeros ratio_3x2 easing_ease\"><a href=\"https:\/\/plazatorosalicante.com\/de\/stierkampfarena-tour\/individueller-besuch\/\" aria-label=\"Individueller Eintrag\"><\/a><div class=\"w-ibanner-h\"><div class=\"w-ibanner-image\" style=\"background-image: url(https:\/\/plazatorosalicante.com\/wp-content\/uploads\/2023\/11\/Tour-plaza-de-toros-alicante-1024x652.webp)\"><\/div><div class=\"w-ibanner-content\"><div class=\"w-ibanner-content-h\"><h3 class=\"w-ibanner-title\">Individueller Eintrag<\/h3><div class=\"w-ibanner-desc\"><p>Ideal, um den Platz in Ihrem eigenen Tempo zu erkunden.<\/p>\n<\/div><\/div><\/div><\/div><\/div><\/div><\/div><div class=\"wpb_column vc_column_container\"><div class=\"vc_column-inner\"><div class=\"w-ibanner us_custom_e1b7d205 has_text_color animation_caeros ratio_3x2 easing_ease\"><a href=\"https:\/\/plazatorosalicante.com\/de\/stierkampfarena-tour\/vip-besuch\/\" aria-label=\"VIP-Eingang\"><\/a><div class=\"w-ibanner-h\"><div class=\"w-ibanner-image\" style=\"background-image: url(https:\/\/plazatorosalicante.com\/wp-content\/uploads\/2024\/03\/Guia-privado.webp)\"><\/div><div class=\"w-ibanner-content\"><div class=\"w-ibanner-content-h\"><h3 class=\"w-ibanner-title\">VIP-Eingang<\/h3><div class=\"w-ibanner-desc\"><p>Ideal f\u00fcr diejenigen, die eine gef\u00fchrte Besichtigung w\u00fcnschen.<\/p>\n<\/div><\/div><\/div><\/div><\/div><\/div><\/div><div class=\"wpb_column vc_column_container\"><div class=\"vc_column-inner\"><div class=\"w-ibanner us_custom_3f22c716 has_text_color animation_caeros ratio_3x2 easing_ease\"><a href=\"https:\/\/plazatorosalicante.com\/de\/stierkampfarena-tour\/gruppenticket\/\" aria-label=\"Gruppenticket\"><\/a><div class=\"w-ibanner-h\"><div class=\"w-ibanner-image\" style=\"background-image: url(https:\/\/plazatorosalicante.com\/wp-content\/uploads\/2024\/03\/visita-grupal.jpg)\"><\/div><div class=\"w-ibanner-content\"><div class=\"w-ibanner-content-h\"><h3 class=\"w-ibanner-title\">Gruppenticket<\/h3><div class=\"w-ibanner-desc\"><p>F\u00fcr Schul- oder Erwachsenengruppen.<\/p>\n<\/div><\/div><\/div><\/div><\/div><\/div><\/div><\/div><\/div><\/div><\/div><\/div><\/section>\n","protected":false},"excerpt":{"rendered":"INFORMATIONEN ZUM ALICANTE BULL PLAZA Geschichte der Stierkampfarena Urspr\u00fcnge und Bau: Die Idee, in Alicante eine Stierkampfarena zu errichten, entstand zu Beginn des 19. Jahrhunderts. Die vom Architekten Jos\u00e9 Guardiola Pic\u00f3 entworfenen Arbeiten begannen 1847 und wurden 1888 abgeschlossen. Sein Bau war an sich schon eine monumentale Leistung, angesichts der technischen Herausforderung, die die damalige...","protected":false},"author":1,"featured_media":0,"parent":0,"menu_order":0,"comment_status":"closed","ping_status":"closed","template":"","meta":{"_acf_changed":false,"footnotes":""},"class_list":["post-8065","page","type-page","status-publish","hentry"],"acf":[],"yoast_head":"<!-- This site is optimized with the Yoast SEO plugin v27.4 - https:\/\/yoast.com\/product\/yoast-seo-wordpress\/ -->\n<title>Geschichte Stierkampfarena Alicante | Alicante-Platz<\/title>\n<meta name=\"description\" content=\"Alles, was Sie \u00fcber die Stierkampfarena von Alicante wissen m\u00fcssen. Erfahren Sie mehr \u00fcber seine Geschichte, Architektur und Kuriosit\u00e4ten [Plaza de Toros Alicante]\" \/>\n<meta name=\"robots\" content=\"index, follow, max-snippet:-1, max-image-preview:large, max-video-preview:-1\" \/>\n<link rel=\"canonical\" href=\"https:\/\/plazatorosalicante.com\/de\/informationen-zur-stierkampfarena\/\" \/>\n<meta property=\"og:locale\" content=\"de_DE\" \/>\n<meta property=\"og:type\" content=\"article\" \/>\n<meta property=\"og:title\" content=\"Geschichte Stierkampfarena Alicante | Alicante-Platz\" \/>\n<meta property=\"og:description\" content=\"Alles, was Sie \u00fcber die Stierkampfarena von Alicante wissen m\u00fcssen. Erfahren Sie mehr \u00fcber seine Geschichte, Architektur und Kuriosit\u00e4ten [Plaza de Toros Alicante]\" \/>\n<meta property=\"og:url\" content=\"https:\/\/plazatorosalicante.com\/de\/informationen-zur-stierkampfarena\/\" \/>\n<meta property=\"og:site_name\" content=\"Plaza de Toros de Alicante\" \/>\n<meta property=\"article:modified_time\" content=\"2024-05-07T09:15:02+00:00\" \/>\n<meta property=\"og:image\" content=\"https:\/\/plazatorosalicante.com\/wp-content\/uploads\/2025\/03\/VIT_7836-scaled-1.jpg\" \/>\n\t<meta property=\"og:image:width\" content=\"2560\" \/>\n\t<meta property=\"og:image:height\" content=\"1696\" \/>\n\t<meta property=\"og:image:type\" content=\"image\/jpeg\" \/>\n<meta name=\"twitter:card\" content=\"summary_large_image\" \/>\n<meta name=\"twitter:label1\" content=\"Gesch\u00e4tzte Lesezeit\" \/>\n\t<meta name=\"twitter:data1\" content=\"4\u00a0Minuten\" \/>\n<script type=\"application\/ld+json\" class=\"yoast-schema-graph\">{\"@context\":\"https:\\\/\\\/schema.org\",\"@graph\":[{\"@type\":\"WebPage\",\"@id\":\"https:\\\/\\\/plazatorosalicante.com\\\/de\\\/informationen-zur-stierkampfarena\\\/\",\"url\":\"https:\\\/\\\/plazatorosalicante.com\\\/de\\\/informationen-zur-stierkampfarena\\\/\",\"name\":\"Geschichte Stierkampfarena Alicante | Alicante-Platz\",\"isPartOf\":{\"@id\":\"https:\\\/\\\/plazatorosalicante.com\\\/de\\\/#website\"},\"datePublished\":\"2023-09-11T10:44:24+00:00\",\"dateModified\":\"2024-05-07T09:15:02+00:00\",\"description\":\"Alles, was Sie \u00fcber die Stierkampfarena von Alicante wissen m\u00fcssen. Erfahren Sie mehr \u00fcber seine Geschichte, Architektur und Kuriosit\u00e4ten [Plaza de Toros Alicante]\",\"breadcrumb\":{\"@id\":\"https:\\\/\\\/plazatorosalicante.com\\\/de\\\/informationen-zur-stierkampfarena\\\/#breadcrumb\"},\"inLanguage\":\"de\",\"potentialAction\":[{\"@type\":\"ReadAction\",\"target\":[\"https:\\\/\\\/plazatorosalicante.com\\\/de\\\/informationen-zur-stierkampfarena\\\/\"]}]},{\"@type\":\"BreadcrumbList\",\"@id\":\"https:\\\/\\\/plazatorosalicante.com\\\/de\\\/informationen-zur-stierkampfarena\\\/#breadcrumb\",\"itemListElement\":[{\"@type\":\"ListItem\",\"position\":1,\"name\":\"Portada\",\"item\":\"https:\\\/\\\/plazatorosalicante.com\\\/de\\\/startseite\\\/\"},{\"@type\":\"ListItem\",\"position\":2,\"name\":\"auf dem Platz\"}]},{\"@type\":\"WebSite\",\"@id\":\"https:\\\/\\\/plazatorosalicante.com\\\/de\\\/#website\",\"url\":\"https:\\\/\\\/plazatorosalicante.com\\\/de\\\/\",\"name\":\"Plaza de Toros de Alicante\",\"description\":\"Plaza de toros Alicante - Visitas Tur\u00edsticas y Culturales en Vivo para Individuales y Grupos\",\"publisher\":{\"@id\":\"https:\\\/\\\/plazatorosalicante.com\\\/de\\\/#organization\"},\"alternateName\":\"La Plaza Alicante Tour\",\"potentialAction\":[{\"@type\":\"SearchAction\",\"target\":{\"@type\":\"EntryPoint\",\"urlTemplate\":\"https:\\\/\\\/plazatorosalicante.com\\\/de\\\/?s={search_term_string}\"},\"query-input\":{\"@type\":\"PropertyValueSpecification\",\"valueRequired\":true,\"valueName\":\"search_term_string\"}}],\"inLanguage\":\"de\"},{\"@type\":\"Organization\",\"@id\":\"https:\\\/\\\/plazatorosalicante.com\\\/de\\\/#organization\",\"name\":\"Plaza de toros Alicante\",\"alternateName\":\"La Plaza Alicante Tour\",\"url\":\"https:\\\/\\\/plazatorosalicante.com\\\/de\\\/\",\"logo\":{\"@type\":\"ImageObject\",\"inLanguage\":\"de\",\"@id\":\"https:\\\/\\\/plazatorosalicante.com\\\/de\\\/#\\\/schema\\\/logo\\\/image\\\/\",\"url\":\"https:\\\/\\\/plazatorosalicante.com\\\/wp-content\\\/uploads\\\/2023\\\/10\\\/Logo-plaza-toros-alicante.jpg\",\"contentUrl\":\"https:\\\/\\\/plazatorosalicante.com\\\/wp-content\\\/uploads\\\/2023\\\/10\\\/Logo-plaza-toros-alicante.jpg\",\"width\":100,\"height\":100,\"caption\":\"Plaza de toros Alicante\"},\"image\":{\"@id\":\"https:\\\/\\\/plazatorosalicante.com\\\/de\\\/#\\\/schema\\\/logo\\\/image\\\/\"}}]}<\/script>\n<!-- \/ Yoast SEO plugin. -->","yoast_head_json":{"title":"Geschichte Stierkampfarena Alicante | Alicante-Platz","description":"Alles, was Sie \u00fcber die Stierkampfarena von Alicante wissen m\u00fcssen. Erfahren Sie mehr \u00fcber seine Geschichte, Architektur und Kuriosit\u00e4ten [Plaza de Toros Alicante]","robots":{"index":"index","follow":"follow","max-snippet":"max-snippet:-1","max-image-preview":"max-image-preview:large","max-video-preview":"max-video-preview:-1"},"canonical":"https:\/\/plazatorosalicante.com\/de\/informationen-zur-stierkampfarena\/","og_locale":"de_DE","og_type":"article","og_title":"Geschichte Stierkampfarena Alicante | Alicante-Platz","og_description":"Alles, was Sie \u00fcber die Stierkampfarena von Alicante wissen m\u00fcssen. Erfahren Sie mehr \u00fcber seine Geschichte, Architektur und Kuriosit\u00e4ten [Plaza de Toros Alicante]","og_url":"https:\/\/plazatorosalicante.com\/de\/informationen-zur-stierkampfarena\/","og_site_name":"Plaza de Toros de Alicante","article_modified_time":"2024-05-07T09:15:02+00:00","og_image":[{"width":2560,"height":1696,"url":"https:\/\/plazatorosalicante.com\/wp-content\/uploads\/2025\/03\/VIT_7836-scaled-1.jpg","type":"image\/jpeg"}],"twitter_card":"summary_large_image","twitter_misc":{"Gesch\u00e4tzte Lesezeit":"4\u00a0Minuten"},"schema":{"@context":"https:\/\/schema.org","@graph":[{"@type":"WebPage","@id":"https:\/\/plazatorosalicante.com\/de\/informationen-zur-stierkampfarena\/","url":"https:\/\/plazatorosalicante.com\/de\/informationen-zur-stierkampfarena\/","name":"Geschichte Stierkampfarena Alicante | Alicante-Platz","isPartOf":{"@id":"https:\/\/plazatorosalicante.com\/de\/#website"},"datePublished":"2023-09-11T10:44:24+00:00","dateModified":"2024-05-07T09:15:02+00:00","description":"Alles, was Sie \u00fcber die Stierkampfarena von Alicante wissen m\u00fcssen. Erfahren Sie mehr \u00fcber seine Geschichte, Architektur und Kuriosit\u00e4ten [Plaza de Toros Alicante]","breadcrumb":{"@id":"https:\/\/plazatorosalicante.com\/de\/informationen-zur-stierkampfarena\/#breadcrumb"},"inLanguage":"de","potentialAction":[{"@type":"ReadAction","target":["https:\/\/plazatorosalicante.com\/de\/informationen-zur-stierkampfarena\/"]}]},{"@type":"BreadcrumbList","@id":"https:\/\/plazatorosalicante.com\/de\/informationen-zur-stierkampfarena\/#breadcrumb","itemListElement":[{"@type":"ListItem","position":1,"name":"Portada","item":"https:\/\/plazatorosalicante.com\/de\/startseite\/"},{"@type":"ListItem","position":2,"name":"auf dem Platz"}]},{"@type":"WebSite","@id":"https:\/\/plazatorosalicante.com\/de\/#website","url":"https:\/\/plazatorosalicante.com\/de\/","name":"Plaza de Toros de Alicante","description":"Plaza de toros Alicante - Visitas Tur\u00edsticas y Culturales en Vivo para Individuales y Grupos","publisher":{"@id":"https:\/\/plazatorosalicante.com\/de\/#organization"},"alternateName":"La Plaza Alicante Tour","potentialAction":[{"@type":"SearchAction","target":{"@type":"EntryPoint","urlTemplate":"https:\/\/plazatorosalicante.com\/de\/?s={search_term_string}"},"query-input":{"@type":"PropertyValueSpecification","valueRequired":true,"valueName":"search_term_string"}}],"inLanguage":"de"},{"@type":"Organization","@id":"https:\/\/plazatorosalicante.com\/de\/#organization","name":"Plaza de toros Alicante","alternateName":"La Plaza Alicante Tour","url":"https:\/\/plazatorosalicante.com\/de\/","logo":{"@type":"ImageObject","inLanguage":"de","@id":"https:\/\/plazatorosalicante.com\/de\/#\/schema\/logo\/image\/","url":"https:\/\/plazatorosalicante.com\/wp-content\/uploads\/2023\/10\/Logo-plaza-toros-alicante.jpg","contentUrl":"https:\/\/plazatorosalicante.com\/wp-content\/uploads\/2023\/10\/Logo-plaza-toros-alicante.jpg","width":100,"height":100,"caption":"Plaza de toros Alicante"},"image":{"@id":"https:\/\/plazatorosalicante.com\/de\/#\/schema\/logo\/image\/"}}]}},"_links":{"self":[{"href":"https:\/\/plazatorosalicante.com\/de\/wp-json\/wp\/v2\/pages\/8065","targetHints":{"allow":["GET"]}}],"collection":[{"href":"https:\/\/plazatorosalicante.com\/de\/wp-json\/wp\/v2\/pages"}],"about":[{"href":"https:\/\/plazatorosalicante.com\/de\/wp-json\/wp\/v2\/types\/page"}],"author":[{"embeddable":true,"href":"https:\/\/plazatorosalicante.com\/de\/wp-json\/wp\/v2\/users\/1"}],"replies":[{"embeddable":true,"href":"https:\/\/plazatorosalicante.com\/de\/wp-json\/wp\/v2\/comments?post=8065"}],"version-history":[{"count":10,"href":"https:\/\/plazatorosalicante.com\/de\/wp-json\/wp\/v2\/pages\/8065\/revisions"}],"predecessor-version":[{"id":8569,"href":"https:\/\/plazatorosalicante.com\/de\/wp-json\/wp\/v2\/pages\/8065\/revisions\/8569"}],"wp:attachment":[{"href":"https:\/\/plazatorosalicante.com\/de\/wp-json\/wp\/v2\/media?parent=8065"}],"curies":[{"name":"wp","href":"https:\/\/api.w.org\/{rel}","templated":true}]}}