{"id":8115,"date":"2023-10-06T12:43:55","date_gmt":"2023-10-06T12:43:55","guid":{"rendered":"https:\/\/plazatorosalicante.com\/404-2\/"},"modified":"2024-03-13T11:10:40","modified_gmt":"2024-03-13T11:10:40","slug":"404-2","status":"publish","type":"page","link":"https:\/\/plazatorosalicante.com\/de\/404-2\/","title":{"rendered":"404"},"content":{"rendered":"<section class=\"l-section wpb_row us_custom_190ddb39 has_text_color height_medium\"><div class=\"l-section-overlay\" style=\"background:rgba(59,61,64,0.40)\"><\/div><div class=\"l-section-h i-cf\"><div class=\"g-cols vc_row via_grid cols_1 laptops-cols_inherit tablets-cols_inherit mobiles-cols_1 valign_top type_default stacking_default\"><div class=\"wpb_column vc_column_container\"><div class=\"vc_column-inner\"><div class=\"wpb_text_column\"><div class=\"wpb_wrapper\"><h1 style=\"text-align: center;\">Seite nicht gefunden<\/h1>\n<p style=\"text-align: center;\">Es scheint, dass die gesuchte Seite nicht existiert<\/p>\n<\/div><\/div><div class=\"w-separator size_medium\"><\/div><div class=\"w-btn-wrapper align_center\"><a class=\"w-btn us-btn-style_1\" title=\"plaza toros alicante\" href=\"https:\/\/plazatorosalicante.com\/\"><span class=\"w-btn-label\">Zur\u00fcck nach oben<\/span><\/a><\/div><\/div><\/div><\/div><\/div><\/section><section class=\"l-section wpb_row height_medium\"><div class=\"l-section-h i-cf\"><div class=\"g-cols vc_row via_grid cols_1 laptops-cols_inherit tablets-cols_inherit mobiles-cols_1 valign_top type_default stacking_default\"><div class=\"wpb_column vc_column_container\"><div class=\"vc_column-inner\"><div class=\"wpb_text_column\"><div class=\"wpb_wrapper\"><h2 style=\"text-align: center;\">Alles, was Sie tun k\u00f6nnen:<\/h2>\n<\/div><\/div><div class=\"w-separator size_medium\"><\/div><div class=\"w-grid us_carousel type_carousel layout_blog_9 overflow_hidden preload_style_spinner items_3\" id=\"us_grid_1\" style=\"--items:3;--gap:5px;\"><style>.layout_blog_9 .w-grid-item-h{background:var(--color-content-bg);color:var(--color-content-heading);border-radius:var(--site-border-radius);box-shadow:0 0.03rem 0.06rem rgba(0,0,0,0.1),0 0.1rem 0.3rem rgba(0,0,0,0.1);transition-duration:0.3s}.no-touch .layout_blog_9 .w-grid-item-h:hover{box-shadow:0 0.12rem 0.24rem rgba(0,0,0,0.1),0 0.4rem 1.2rem rgba(0,0,0,0.15);z-index:4}.layout_blog_9 .usg_vwrapper_1{padding:5% 8% 8% 8%!important}.layout_blog_9 .usg_hwrapper_1{margin-bottom:0.2rem!important}.layout_blog_9 .usg_post_taxonomy_1{font-size:0.8rem!important;font-weight:700!important;text-transform:uppercase!important;margin-right:0.6rem!important}.layout_blog_9 .usg_post_date_1{color:var(--color-content-faded)!important;font-size:0.8rem!important;margin-bottom:0.3rem!important}.layout_blog_9 .usg_post_title_1{color:inherit!important;font-weight:700!important;font-size:1.4rem!important}@media (max-width:600px){.layout_blog_9 .usg_post_title_1{font-size:1.2rem!important}}<\/style><div class=\"w-grid-list owl-carousel valign_stretch dotstyle_circle navstyle_circle arrows-ver-pos_middle arrows-hor-pos_on_sides_outside arrows-disabled_hide owl-responsive-2000 with_dots with_arrows\" style=\"--transition-duration:350ms;--arrows-size:1.5rem;--arrows-hor-offset:calc(0px + 5px);--arrows-gap:10px;\">\t<article class=\"w-grid-item post-22424 page type-page status-publish has-post-thumbnail hentry\" data-id=\"22424\">\r\n\t\t<div class=\"w-grid-item-h\">\r\n\t\t\t\t\t\t<div class=\"w-post-elm post_image usg_post_image_1 stretched\"><a href=\"https:\/\/plazatorosalicante.com\/de\/konzerte-und-veranstaltungen\/\" aria-label=\"Konzerte und Veranstaltungen\"><img loading=\"lazy\" decoding=\"async\" width=\"1024\" height=\"652\" src=\"https:\/\/plazatorosalicante.com\/wp-content\/uploads\/2023\/11\/Conciertos-y-eventos-alicante-1024x652.webp\" class=\"attachment-large size-large wp-post-image\" alt=\"Stierkampfarena-Konzerte Alicante\" srcset=\"https:\/\/plazatorosalicante.com\/wp-content\/uploads\/2023\/11\/Conciertos-y-eventos-alicante-1024x652.webp 1024w, https:\/\/plazatorosalicante.com\/wp-content\/uploads\/2023\/11\/Conciertos-y-eventos-alicante-600x382.webp 600w, https:\/\/plazatorosalicante.com\/wp-content\/uploads\/2023\/11\/Conciertos-y-eventos-alicante-300x191.webp 300w, https:\/\/plazatorosalicante.com\/wp-content\/uploads\/2023\/11\/Conciertos-y-eventos-alicante.webp 1100w\" sizes=\"auto, (max-width: 1024px) 100vw, 1024px\" \/><\/a><\/div><div class=\"w-vwrapper usg_vwrapper_1 align_none valign_top\"><div class=\"w-hwrapper usg_hwrapper_1 align_none valign_top wrap\"><time class=\"w-post-elm post_date usg_post_date_1 has_text_color entry-date published\" datetime=\"2023-11-06T15:40:14+00:00\" title=\"6 November 2023 um 15:40:14 +00:00\u00a0Uhr\">vor 2\u00a0Jahren<\/time><\/div><h2 class=\"w-post-elm post_title usg_post_title_1 has_text_color entry-title color_link_inherit\"><a href=\"https:\/\/plazatorosalicante.com\/de\/konzerte-und-veranstaltungen\/\">Konzerte und Veranstaltungen<\/a><\/h2><\/div>\t\t<\/div>\r\n\t\t\t<\/article>\r\n\t<article class=\"w-grid-item post-8129 page type-page status-publish has-post-thumbnail hentry\" data-id=\"8129\">\r\n\t\t<div class=\"w-grid-item-h\">\r\n\t\t\t\t\t\t<div class=\"w-post-elm post_image usg_post_image_1 stretched\"><a href=\"https:\/\/plazatorosalicante.com\/de\/tickets-stierkampf-alicante\/\" aria-label=\"Bull-Tickets\"><img loading=\"lazy\" decoding=\"async\" width=\"1024\" height=\"576\" src=\"https:\/\/plazatorosalicante.com\/wp-content\/uploads\/2023\/09\/corrida-de-toros-alicante-1-1024x576.jpg\" class=\"attachment-large size-large wp-post-image\" alt=\"stierkampf alicante\" srcset=\"https:\/\/plazatorosalicante.com\/wp-content\/uploads\/2023\/09\/corrida-de-toros-alicante-1-1024x576.jpg 1024w, https:\/\/plazatorosalicante.com\/wp-content\/uploads\/2023\/09\/corrida-de-toros-alicante-1-600x338.jpg 600w, https:\/\/plazatorosalicante.com\/wp-content\/uploads\/2023\/09\/corrida-de-toros-alicante-1-300x169.jpg 300w, https:\/\/plazatorosalicante.com\/wp-content\/uploads\/2023\/09\/corrida-de-toros-alicante-1.jpg 1591w\" sizes=\"auto, (max-width: 1024px) 100vw, 1024px\" \/><\/a><\/div><div class=\"w-vwrapper usg_vwrapper_1 align_none valign_top\"><div class=\"w-hwrapper usg_hwrapper_1 align_none valign_top wrap\"><time class=\"w-post-elm post_date usg_post_date_1 has_text_color entry-date published\" datetime=\"2023-10-26T10:29:15+00:00\" title=\"26 Oktober 2023 um 10:29:15 +00:00\u00a0Uhr\">vor 2\u00a0Jahren<\/time><\/div><h2 class=\"w-post-elm post_title usg_post_title_1 has_text_color entry-title color_link_inherit\"><a href=\"https:\/\/plazatorosalicante.com\/de\/tickets-stierkampf-alicante\/\">Bull-Tickets<\/a><\/h2><\/div>\t\t<\/div>\r\n\t\t\t<\/article>\r\n\t<article class=\"w-grid-item post-8069 page type-page status-publish has-post-thumbnail hentry\" data-id=\"8069\">\r\n\t\t<div class=\"w-grid-item-h\">\r\n\t\t\t\t\t\t<div class=\"w-post-elm post_image usg_post_image_1 stretched\"><a href=\"https:\/\/plazatorosalicante.com\/de\/stierkampfarena-tour\/\" aria-label=\"Stierkampfarena-Tour\"><img loading=\"lazy\" decoding=\"async\" width=\"1024\" height=\"652\" src=\"https:\/\/plazatorosalicante.com\/wp-content\/uploads\/2023\/11\/Tour-plaza-de-toros-alicante-1024x652.webp\" class=\"attachment-large size-large wp-post-image\" alt=\"Besuchen Sie die Stierkampfarena von Alicante\" srcset=\"https:\/\/plazatorosalicante.com\/wp-content\/uploads\/2023\/11\/Tour-plaza-de-toros-alicante-1024x652.webp 1024w, https:\/\/plazatorosalicante.com\/wp-content\/uploads\/2023\/11\/Tour-plaza-de-toros-alicante-600x382.webp 600w, https:\/\/plazatorosalicante.com\/wp-content\/uploads\/2023\/11\/Tour-plaza-de-toros-alicante-300x191.webp 300w, https:\/\/plazatorosalicante.com\/wp-content\/uploads\/2023\/11\/Tour-plaza-de-toros-alicante.webp 1100w\" sizes=\"auto, (max-width: 1024px) 100vw, 1024px\" \/><\/a><\/div><div class=\"w-vwrapper usg_vwrapper_1 align_none valign_top\"><div class=\"w-hwrapper usg_hwrapper_1 align_none valign_top wrap\"><time class=\"w-post-elm post_date usg_post_date_1 has_text_color entry-date published\" datetime=\"2019-08-16T15:11:29+00:00\" title=\"16 August 2019 um 15:11:29 +00:00\u00a0Uhr\">vor 7\u00a0Jahren<\/time><\/div><h2 class=\"w-post-elm post_title usg_post_title_1 has_text_color entry-title color_link_inherit\"><a href=\"https:\/\/plazatorosalicante.com\/de\/stierkampfarena-tour\/\">Stierkampfarena-Tour<\/a><\/h2><\/div>\t\t<\/div>\r\n\t\t\t<\/article>\r\n<\/div><div class=\"w-grid-carousel-json hidden\" onclick='return {&quot;carousel_settings&quot;:{&quot;aria_labels&quot;:{&quot;prev&quot;:&quot;Zur\\u00fcck&quot;,&quot;next&quot;:&quot;Weiter&quot;},&quot;autoplayContinual&quot;:false,&quot;autoplayHoverPause&quot;:false,&quot;autoplayTimeout&quot;:3000,&quot;autoWidth&quot;:false,&quot;smartSpeed&quot;:350,&quot;margin&quot;:0,&quot;mouseDrag&quot;:true,&quot;rtl&quot;:false,&quot;slideBy&quot;:&quot;1&quot;,&quot;touchDrag&quot;:true,&quot;slideTransition&quot;:&quot;&quot;,&quot;responsive&quot;:{&quot;0&quot;:{&quot;autoHeight&quot;:false,&quot;autoplay&quot;:true,&quot;autoWidth&quot;:false,&quot;center&quot;:false,&quot;dots&quot;:true,&quot;items&quot;:1,&quot;loop&quot;:true,&quot;nav&quot;:false,&quot;stagePadding&quot;:0,&quot;slideBy&quot;:&quot;1&quot;},&quot;601&quot;:{&quot;autoHeight&quot;:false,&quot;autoplay&quot;:true,&quot;autoWidth&quot;:false,&quot;center&quot;:false,&quot;dots&quot;:true,&quot;items&quot;:2,&quot;loop&quot;:true,&quot;nav&quot;:true,&quot;stagePadding&quot;:0,&quot;slideBy&quot;:&quot;1&quot;},&quot;1025&quot;:{&quot;autoHeight&quot;:false,&quot;autoplay&quot;:true,&quot;autoWidth&quot;:false,&quot;center&quot;:false,&quot;dots&quot;:true,&quot;items&quot;:3,&quot;loop&quot;:false,&quot;nav&quot;:true,&quot;stagePadding&quot;:0,&quot;slideBy&quot;:&quot;1&quot;},&quot;1381&quot;:{&quot;items&quot;:3,&quot;autoplay&quot;:false,&quot;center&quot;:false,&quot;dots&quot;:true,&quot;nav&quot;:true,&quot;autoHeight&quot;:false,&quot;autoWidth&quot;:false,&quot;loop&quot;:false,&quot;stagePadding&quot;:0}}}}'><\/div><\/div><\/div><\/div><\/div><\/div><\/section>\n","protected":false},"excerpt":{"rendered":"Entdecken Sie ein NationaldenkmalTour durch die Stierkampfarena von AlicanteIndividueller EintragVIP-EingangGruppenticketIndividueller Eintrag12\u20acpro PersonBesuch der StierkampfarenaBesuch des StierkampfmuseumsMehr sehenVIP EingangAb 13\u20acPro Person1 F\u00fchrer, der Ihnen die gesamte Route erkl\u00e4rtBesuch der StierkampfarenaBesuch des StierkampfmuseumsMehr sehenGruppeneingangAb 8\u20acPro PersonGef\u00fchrte Besichtigung w\u00e4hrend der gesamten TourBesuch der StierkampfarenaBesuch des StierkampfmuseumsMehr sehenWas wirst du sehen? Gro\u00dfe T\u00fcr Ein gro\u00dfer Anfang: Die Tour beginnt...","protected":false},"author":1,"featured_media":0,"parent":0,"menu_order":0,"comment_status":"closed","ping_status":"closed","template":"","meta":{"_acf_changed":false,"footnotes":""},"class_list":["post-8115","page","type-page","status-publish","hentry"],"acf":[],"yoast_head":"<!-- This site is optimized with the Yoast SEO plugin v27.4 - https:\/\/yoast.com\/product\/yoast-seo-wordpress\/ -->\n<title>404 - Plaza de Toros de Alicante<\/title>\n<meta name=\"robots\" content=\"index, follow, max-snippet:-1, max-image-preview:large, max-video-preview:-1\" \/>\n<link rel=\"canonical\" href=\"https:\/\/plazatorosalicante.com\/de\/404-2\/\" \/>\n<meta property=\"og:locale\" content=\"de_DE\" \/>\n<meta property=\"og:type\" content=\"article\" \/>\n<meta property=\"og:title\" content=\"404 - Plaza de Toros de Alicante\" \/>\n<meta property=\"og:url\" content=\"https:\/\/plazatorosalicante.com\/de\/404-2\/\" \/>\n<meta property=\"og:site_name\" content=\"Plaza de Toros de Alicante\" \/>\n<meta property=\"article:modified_time\" content=\"2024-03-13T11:10:40+00:00\" \/>\n<meta property=\"og:image\" content=\"https:\/\/plazatorosalicante.com\/wp-content\/uploads\/2025\/03\/VIT_7836-scaled-1.jpg\" \/>\n\t<meta property=\"og:image:width\" content=\"2560\" \/>\n\t<meta property=\"og:image:height\" content=\"1696\" \/>\n\t<meta property=\"og:image:type\" content=\"image\/jpeg\" \/>\n<meta name=\"twitter:card\" content=\"summary_large_image\" \/>\n<meta name=\"twitter:label1\" content=\"Gesch\u00e4tzte Lesezeit\" \/>\n\t<meta name=\"twitter:data1\" content=\"1\u00a0Minute\" \/>\n<script type=\"application\/ld+json\" class=\"yoast-schema-graph\">{\"@context\":\"https:\\\/\\\/schema.org\",\"@graph\":[{\"@type\":\"WebPage\",\"@id\":\"https:\\\/\\\/plazatorosalicante.com\\\/de\\\/404-2\\\/\",\"url\":\"https:\\\/\\\/plazatorosalicante.com\\\/de\\\/404-2\\\/\",\"name\":\"404 - Plaza de Toros de Alicante\",\"isPartOf\":{\"@id\":\"https:\\\/\\\/plazatorosalicante.com\\\/de\\\/#website\"},\"datePublished\":\"2023-10-06T12:43:55+00:00\",\"dateModified\":\"2024-03-13T11:10:40+00:00\",\"breadcrumb\":{\"@id\":\"https:\\\/\\\/plazatorosalicante.com\\\/de\\\/404-2\\\/#breadcrumb\"},\"inLanguage\":\"de\",\"potentialAction\":[{\"@type\":\"ReadAction\",\"target\":[\"https:\\\/\\\/plazatorosalicante.com\\\/de\\\/404-2\\\/\"]}]},{\"@type\":\"BreadcrumbList\",\"@id\":\"https:\\\/\\\/plazatorosalicante.com\\\/de\\\/404-2\\\/#breadcrumb\",\"itemListElement\":[{\"@type\":\"ListItem\",\"position\":1,\"name\":\"Portada\",\"item\":\"https:\\\/\\\/plazatorosalicante.com\\\/de\\\/startseite\\\/\"},{\"@type\":\"ListItem\",\"position\":2,\"name\":\"404\"}]},{\"@type\":\"WebSite\",\"@id\":\"https:\\\/\\\/plazatorosalicante.com\\\/de\\\/#website\",\"url\":\"https:\\\/\\\/plazatorosalicante.com\\\/de\\\/\",\"name\":\"Plaza de Toros de Alicante\",\"description\":\"Plaza de toros Alicante - Visitas Tur\u00edsticas y Culturales en Vivo para Individuales y Grupos\",\"publisher\":{\"@id\":\"https:\\\/\\\/plazatorosalicante.com\\\/de\\\/#organization\"},\"alternateName\":\"La Plaza Alicante Tour\",\"potentialAction\":[{\"@type\":\"SearchAction\",\"target\":{\"@type\":\"EntryPoint\",\"urlTemplate\":\"https:\\\/\\\/plazatorosalicante.com\\\/de\\\/?s={search_term_string}\"},\"query-input\":{\"@type\":\"PropertyValueSpecification\",\"valueRequired\":true,\"valueName\":\"search_term_string\"}}],\"inLanguage\":\"de\"},{\"@type\":\"Organization\",\"@id\":\"https:\\\/\\\/plazatorosalicante.com\\\/de\\\/#organization\",\"name\":\"Plaza de toros Alicante\",\"alternateName\":\"La Plaza Alicante Tour\",\"url\":\"https:\\\/\\\/plazatorosalicante.com\\\/de\\\/\",\"logo\":{\"@type\":\"ImageObject\",\"inLanguage\":\"de\",\"@id\":\"https:\\\/\\\/plazatorosalicante.com\\\/de\\\/#\\\/schema\\\/logo\\\/image\\\/\",\"url\":\"https:\\\/\\\/plazatorosalicante.com\\\/wp-content\\\/uploads\\\/2023\\\/10\\\/Logo-plaza-toros-alicante.jpg\",\"contentUrl\":\"https:\\\/\\\/plazatorosalicante.com\\\/wp-content\\\/uploads\\\/2023\\\/10\\\/Logo-plaza-toros-alicante.jpg\",\"width\":100,\"height\":100,\"caption\":\"Plaza de toros Alicante\"},\"image\":{\"@id\":\"https:\\\/\\\/plazatorosalicante.com\\\/de\\\/#\\\/schema\\\/logo\\\/image\\\/\"}}]}<\/script>\n<!-- \/ Yoast SEO plugin. -->","yoast_head_json":{"title":"404 - Plaza de Toros de Alicante","robots":{"index":"index","follow":"follow","max-snippet":"max-snippet:-1","max-image-preview":"max-image-preview:large","max-video-preview":"max-video-preview:-1"},"canonical":"https:\/\/plazatorosalicante.com\/de\/404-2\/","og_locale":"de_DE","og_type":"article","og_title":"404 - Plaza de Toros de Alicante","og_url":"https:\/\/plazatorosalicante.com\/de\/404-2\/","og_site_name":"Plaza de Toros de Alicante","article_modified_time":"2024-03-13T11:10:40+00:00","og_image":[{"width":2560,"height":1696,"url":"https:\/\/plazatorosalicante.com\/wp-content\/uploads\/2025\/03\/VIT_7836-scaled-1.jpg","type":"image\/jpeg"}],"twitter_card":"summary_large_image","twitter_misc":{"Gesch\u00e4tzte Lesezeit":"1\u00a0Minute"},"schema":{"@context":"https:\/\/schema.org","@graph":[{"@type":"WebPage","@id":"https:\/\/plazatorosalicante.com\/de\/404-2\/","url":"https:\/\/plazatorosalicante.com\/de\/404-2\/","name":"404 - Plaza de Toros de Alicante","isPartOf":{"@id":"https:\/\/plazatorosalicante.com\/de\/#website"},"datePublished":"2023-10-06T12:43:55+00:00","dateModified":"2024-03-13T11:10:40+00:00","breadcrumb":{"@id":"https:\/\/plazatorosalicante.com\/de\/404-2\/#breadcrumb"},"inLanguage":"de","potentialAction":[{"@type":"ReadAction","target":["https:\/\/plazatorosalicante.com\/de\/404-2\/"]}]},{"@type":"BreadcrumbList","@id":"https:\/\/plazatorosalicante.com\/de\/404-2\/#breadcrumb","itemListElement":[{"@type":"ListItem","position":1,"name":"Portada","item":"https:\/\/plazatorosalicante.com\/de\/startseite\/"},{"@type":"ListItem","position":2,"name":"404"}]},{"@type":"WebSite","@id":"https:\/\/plazatorosalicante.com\/de\/#website","url":"https:\/\/plazatorosalicante.com\/de\/","name":"Plaza de Toros de Alicante","description":"Plaza de toros Alicante - Visitas Tur\u00edsticas y Culturales en Vivo para Individuales y Grupos","publisher":{"@id":"https:\/\/plazatorosalicante.com\/de\/#organization"},"alternateName":"La Plaza Alicante Tour","potentialAction":[{"@type":"SearchAction","target":{"@type":"EntryPoint","urlTemplate":"https:\/\/plazatorosalicante.com\/de\/?s={search_term_string}"},"query-input":{"@type":"PropertyValueSpecification","valueRequired":true,"valueName":"search_term_string"}}],"inLanguage":"de"},{"@type":"Organization","@id":"https:\/\/plazatorosalicante.com\/de\/#organization","name":"Plaza de toros Alicante","alternateName":"La Plaza Alicante Tour","url":"https:\/\/plazatorosalicante.com\/de\/","logo":{"@type":"ImageObject","inLanguage":"de","@id":"https:\/\/plazatorosalicante.com\/de\/#\/schema\/logo\/image\/","url":"https:\/\/plazatorosalicante.com\/wp-content\/uploads\/2023\/10\/Logo-plaza-toros-alicante.jpg","contentUrl":"https:\/\/plazatorosalicante.com\/wp-content\/uploads\/2023\/10\/Logo-plaza-toros-alicante.jpg","width":100,"height":100,"caption":"Plaza de toros Alicante"},"image":{"@id":"https:\/\/plazatorosalicante.com\/de\/#\/schema\/logo\/image\/"}}]}},"_links":{"self":[{"href":"https:\/\/plazatorosalicante.com\/de\/wp-json\/wp\/v2\/pages\/8115","targetHints":{"allow":["GET"]}}],"collection":[{"href":"https:\/\/plazatorosalicante.com\/de\/wp-json\/wp\/v2\/pages"}],"about":[{"href":"https:\/\/plazatorosalicante.com\/de\/wp-json\/wp\/v2\/types\/page"}],"author":[{"embeddable":true,"href":"https:\/\/plazatorosalicante.com\/de\/wp-json\/wp\/v2\/users\/1"}],"replies":[{"embeddable":true,"href":"https:\/\/plazatorosalicante.com\/de\/wp-json\/wp\/v2\/comments?post=8115"}],"version-history":[{"count":2,"href":"https:\/\/plazatorosalicante.com\/de\/wp-json\/wp\/v2\/pages\/8115\/revisions"}],"predecessor-version":[{"id":8117,"href":"https:\/\/plazatorosalicante.com\/de\/wp-json\/wp\/v2\/pages\/8115\/revisions\/8117"}],"wp:attachment":[{"href":"https:\/\/plazatorosalicante.com\/de\/wp-json\/wp\/v2\/media?parent=8115"}],"curies":[{"name":"wp","href":"https:\/\/api.w.org\/{rel}","templated":true}]}}