{"id":8122,"date":"2023-09-08T11:28:45","date_gmt":"2023-09-08T11:28:45","guid":{"rendered":"https:\/\/plazatorosalicante.com\/condiciones-generales-de-contratacion\/"},"modified":"2024-03-13T11:17:13","modified_gmt":"2024-03-13T11:17:13","slug":"condiciones-generales-de-contratacion","status":"publish","type":"page","link":"https:\/\/plazatorosalicante.com\/de\/condiciones-generales-de-contratacion\/","title":{"rendered":"Condiciones generales de contrataci\u00f3n"},"content":{"rendered":"<section class=\"l-section wpb_row height_medium\"><div class=\"l-section-h i-cf\"><div class=\"g-cols vc_row via_grid cols_1 laptops-cols_inherit tablets-cols_inherit mobiles-cols_1 valign_top type_default stacking_default\"><div class=\"wpb_column vc_column_container\"><div class=\"vc_column-inner\"><div class=\"wpb_text_column\"><div class=\"wpb_wrapper\"><h1>Allgemeine Vertragsbedingungen<\/h1>\n<p>https:\/\/plazatorosalicante.com\/ (im Folgenden die Website) ist eine Website von Toroshopping, S.L., im Folgenden DER EIGENT\u00dcMER, mit der CIF\/NIF-Nummer: B92950146 und eingetragenem Sitz im Centro Melior Vasari. Urbanisation La Alzambra, 3, Lokal 1, C.P. 29660 \u2013 Marbella (M\u00e1laga).<\/p>\n<p>F\u00fcr den Zugriff, die Vervielf\u00e4ltigung und die Nutzung der Website-Dienste ist die vorherige Annahme der jeweils geltenden Nutzungsbedingungen erforderlich; DER EIGENT\u00dcMER beh\u00e4lt sich das Recht vor, diese Bedingungen zu \u00e4ndern, wenn er dies f\u00fcr angemessen h\u00e4lt, indem er den neuen Text auf der Website ver\u00f6ffentlicht. Es liegt in der Verantwortung des Benutzers, die Nutzungsbedingungen zu kennen, bevor er auf die Produkte und Dienstleistungen auf der Website zugreift. Wenn Sie damit nicht zufrieden sind<br \/>Wir bitten Sie, von deren Nutzung abzusehen.<\/p>\n<p><strong>EIGENTUM<\/strong><\/p>\n<p>Die Website ist ein Werk, das aus verschiedenen integrierten und untrennbaren Elementen besteht (Texte, Illustrationen, Fotos, animierte Bilder, Videos, Computerprogramme, einschlie\u00dflich der HTML-Codes der Website usw.), deren geistiges Eigentum mit Ausnahme dieser Elemente dem EIGENT\u00dcMER geh\u00f6rt Materialien, die unter Lizenz von Dritten bezogen wurden.<\/p>\n<p>DER EIGENT\u00dcMER und seine Lizenzgeber behalten jederzeit das geistige Eigentum an der Website und an den verschiedenen Elementen, aus denen sie besteht, einzeln betrachtet, in allen erstellten Kopien (unabh\u00e4ngig vom Tr\u00e4ger, auf dem sie integriert sind) und gew\u00e4hren ihnen lediglich die Nutzungsrechte nachstehend beschrieben. Alle nicht ausdr\u00fccklich abgetretenen Rechte bleiben vorbehalten.<\/p>\n<p>Dar\u00fcber hinaus ist DER EIGENT\u00dcMER f\u00fcr die Auswahl, die Gestaltung, die Struktur und das Layout der Inhalte der Website verantwortlich und daf\u00fcr verantwortlich, wer die Initiative ergriffen und das Risiko erheblicher Investitionen zur Beschaffung, Digitalisierung und Pr\u00e4sentation \u00fcbernommen hat Dies entspricht daher dem Schutz, den Artikel 12 und Titel VIII von Buch II des Gesetzes \u00fcber geistiges Eigentum der Website als Datenbank gew\u00e4hren k\u00f6nnen.<\/p>\n<p>DER EIGENT\u00dcMER ist auch der alleinige Eigent\u00fcmer des Designs und der grafischen Darstellung der Website und beh\u00e4lt sich die entsprechenden rechtlichen Schritte vor, die gegen Personen erhoben werden k\u00f6nnten, die Nachahmungen oder unlautere Nutzungen vornehmen.<\/p>\n<p><strong>WEB-INHALTE UND DOWNLOADS. ZUL\u00c4SSIGE UND VERBOTENE VERWENDUNGEN.<\/strong><\/p>\n<p>Es ist erlaubt:<br \/>\u2022 Das Surfen im Internet, das hei\u00dft der Zugriff und die Anzeige auf einem Ger\u00e4t, wobei jede vor\u00fcbergehende oder erg\u00e4nzende Vervielf\u00e4ltigung gestattet ist, sofern sie nicht freiwillig erfolgt und einen integralen und wesentlichen Bestandteil des technischen \u00dcbertragungsprozesses darstellt. Das Durchsuchen bestimmter Bereiche der Website erfordert eine vorherige Registrierung.<br \/>\u2022 Profitieren Sie (nach der Registrierung) von den Diensten und Vorteilen, die DER EIGENT\u00dcMER seinen Nutzern \u00fcber die Website bietet, zu den in den verschiedenen Abschnitten ausdr\u00fccklich angegebenen Bedingungen.<br \/>Es ist strengstens verboten:<br \/>\u2022 Alle Handlungen in Bezug auf die Website, ihre Inhalte, die heruntergeladenen Produkte und Kopien davon, die gegen das Gesetz, die guten Sitten und Treu und Glauben versto\u00dfen.<br \/>\u2022 Jede Nutzung au\u00dferhalb des pers\u00f6nlichen und privaten Bereichs, insbesondere zu kommerziellen oder beruflichen Zwecken, einschlie\u00dflich der Versendung von Werbung oder Nachrichten sowie der Erhebung und Verarbeitung von Daten Dritter.<br \/>\u2022 Jegliche Art der Extraktion, \u00f6ffentlichen Kommunikation und\/oder \u00dcbertragung, ganz oder teilweise, mit jedwedem Mittel, au\u00dferhalb des privaten Bereichs der erlaubten Nutzung und insbesondere deren Einbindung in andere Werke, einschlie\u00dflich Webseiten, Sammlungen oder Datenbanken. Ausgenommen von diesem Verbot ist die Ver\u00f6ffentlichung von Materialien, die im Pressebereich heruntergeladen werden k\u00f6nnen, in den Medien.<br \/>\u2022 Das Entfernen, Verbergen oder F\u00e4lschen von Hinweisen und Warnungen bez\u00fcglich des geistigen oder gewerblichen Eigentums der Website oder eines der \u00fcber sie bereitgestellten Produkte.<br \/>\u2022 Vorg\u00e4nge und Aktivit\u00e4ten, die in allen anderen Abschnitten dieser Allgemeinen Gesch\u00e4ftsbedingungen ausdr\u00fccklich verboten sind und im Allgemeinen alle, die das normale Funktionieren der Website, anderer Benutzer oder Dritter beeintr\u00e4chtigen k\u00f6nnten.<\/p>\n<p><strong>LINKS ZUM WEB<\/strong><\/p>\n<p>\u2022 Die Einrichtung von Links und Hyperlinks zur Website von anderen Seiten oder Websites ist gestattet, sofern diese nicht in einer Weise erfolgen, die dem \u00f6ffentlichen Image und dem Markenimage des EIGENT\u00dcMERS, der Website oder einer der genannten Personen und Produkte schadet dazu. In<br \/>Beim Herstellen von Links zur Website ist die Verwendung von Techniken, die eine Verwirrung \u00fcber die Identit\u00e4t und das Eigentum an den Inhalten hervorrufen, wie z. B. Framing oder andere, ausdr\u00fccklich untersagt.<br \/>\u2022 Das Setzen von Links zu Seiten oder Websites, deren Inhalte direkt oder indirekt jegliche Art von Gewalt, Diskriminierung, Pornografie oder illegalen Aktivit\u00e4ten f\u00f6rdern oder entschuldigen, ist verboten. Ebenso ist die Einrichtung von Links zu kommerziellen Zwecken ausdr\u00fccklich untersagt.<\/p>\n<p>Bei der Erstellung der Links ist die Verwendung von aus der Website extrahierten Elementen ohne vorherige und ausdr\u00fcckliche Zustimmung des EIGENT\u00dcMERS ausdr\u00fccklich untersagt.<br \/>In keinem Fall darf davon ausgegangen werden, dass die Links zum Web von Seiten oder Websites Dritter eine Beziehung zwischen DEM EIGENT\u00dcMER und ihren Eigent\u00fcmern implizieren, noch implizieren sie eine Billigung, F\u00f6rderung oder Empfehlung jeglicher Art seitens DES EIGENT\u00dcMERS in Bezug auf sie, so DER EIGENT\u00dcMER F\u00fcr deren Inhalt und Rechtm\u00e4\u00dfigkeit \u00fcbernimmt sie keine uneingeschr\u00e4nkte Verantwortung.<\/p>\n<p><strong>INHALTE UND BENUTZERVERHALTEN<\/strong><\/p>\n<p>Als Kunde oder Nutzer der Website erkl\u00e4ren Sie sich damit einverstanden, die \u00fcber sie angebotenen Inhalte und Dienste angemessen zu nutzen und sie nicht zu folgenden Zwecken zu verwenden:<br \/>\u2022 Sich an unerlaubten, rechtswidrigen Aktivit\u00e4ten oder Aktivit\u00e4ten beteiligen, die gegen Treu und Glauben und die \u00f6ffentliche Ordnung versto\u00dfen.<br \/>\u2022 Inhalte oder Propaganda verbreiten, die rassistischer, fremdenfeindlicher oder pornografischer Natur sind, den Terrorismus bef\u00fcrworten oder die Menschenrechte verletzen.<br \/>\u2022 Sch\u00e4den an den physischen und logischen Systemen DES EIGENT\u00dcMERS, seiner Lieferanten oder Dritter verursachen, Computerviren oder andere physische oder logische Systeme im Netzwerk einf\u00fchren oder verbreiten, die wahrscheinlich den oben genannten Schaden verursachen.<br \/>\u2022 Inhalte verbreiten, die das Image und den Ruf des EIGENT\u00dcMERS oder Dritter gef\u00e4hrden.<br \/>\u2022 Die geistigen, gewerblichen, Bild-, Ehren- oder sonstigen Eigentumsrechte des EIGENT\u00dcMERS oder Dritter angreifen.<br \/>DER EIGENT\u00dcMER hat die volle Entscheidungsfreiheit dar\u00fcber, ob die Kooperationen und Nachrichten endg\u00fcltig im Web ver\u00f6ffentlicht werden oder nicht, und ist berechtigt, sie zu entfernen, wenn er oder sie es f\u00fcr angemessen h\u00e4lt.<br \/>Der Versto\u00df gegen eine der in diesen Nutzungsbedingungen enthaltenen Regeln und insbesondere gegen die Bestimmungen dieser Klausel berechtigt den EIGENT\u00dcMER dazu, Sie als Benutzer oder Abonnent der Website mit sofortiger Wirkung zu k\u00fcndigen.<\/p>\n<p><strong>KUNDENDIENST<\/strong><\/p>\n<p>Der Kunde kann die Bestellung kostenlos und ohne Angabe von Gr\u00fcnden stornieren und muss sich so schnell wie m\u00f6glich an den Kundendienst unter der Telefonnummer 679583536 oder \u00fcber die folgende E-Mail-Adresse wenden: info@plazatorosalicante.com\/.<br \/>Wenn die Bestellung unser Lager nicht verlassen hat, stornieren wir sie problemlos. Wenn die Bestellung jedoch bereits unterwegs ist, m\u00fcssen wir auf den R\u00fcckerhalt warten. Sobald der Eingang best\u00e4tigt ist, wird der Betrag des Produkts berechnet abz\u00fcglich der Versandkosten zur\u00fcckerstattet. Versand und R\u00fccksendung erfolgen mit der gleichen Zahlungsmethode, die beim Kauf verwendet wurde.<\/p>\n<p><strong>DATENSCHUTZ<\/strong><\/p>\n<p>Die Informationen oder pers\u00f6nlichen Daten, die Sie uns zur Verf\u00fcgung stellen, werden gem\u00e4\u00df den Bestimmungen der Datenschutzrichtlinie behandelt. Durch die Nutzung dieser Website erkl\u00e4ren Sie sich mit der Verarbeitung dieser Informationen und Daten einverstanden und erkl\u00e4ren, dass alle von Ihnen bereitgestellten Informationen oder Daten der Wahrheit entsprechen und der Realit\u00e4t entsprechen.<\/p>\n<p><strong>\u00c4NDERUNGEN<\/strong><\/p>\n<p>DER EIGENT\u00dcMER beh\u00e4lt sich das Recht vor, ohne vorherige Ank\u00fcndigung alle \u00c4nderungen vorzunehmen, die er auf der Website f\u00fcr angemessen h\u00e4lt, und kann sowohl die \u00fcber die Website bereitgestellten Inhalte und Dienste als auch die Art und Weise, wie sie angezeigt, pr\u00e4sentiert oder platziert werden, \u00e4ndern, l\u00f6schen oder hinzuf\u00fcgen .<br \/>Obwohl DER EIGENT\u00dcMER alle Anstrengungen unternimmt, um die auf der Website enthaltenen Informationen aktuell und fehlerfrei zu halten, \u00fcbernimmt er keine Garantie f\u00fcr deren Richtigkeit und Aktualit\u00e4t. Es kann auch nicht garantiert werden, dass ein bestimmtes Ergebnis oder ein bestimmter Zweck erreicht wird. Daher liegt der Zugang und die Nutzung der Website ausschlie\u00dflich in der Verantwortung der Benutzer und Kunden.<\/p>\n<p><strong>RECHTLICHE MASSNAHMEN<\/strong><\/p>\n<p>Der EIGENT\u00dcMER wird die Nichteinhaltung dieser Nutzungsbedingungen sowie jede missbr\u00e4uchliche Nutzung der Website oder ihrer Inhalte sowie Verst\u00f6\u00dfe gegen die ihm oder seinen Lizenzgebern zustehenden Rechte, insbesondere die des geistigen und gewerblichen Eigentums, verfolgen und dabei alle Ma\u00dfnahmen ergreifen. zivil- und strafrechtlich, die ihm im Gesetz entsprechen k\u00f6nnen.<\/p>\n<p><strong>Au\u00dfergerichtliche Streitbeilegung<\/strong><\/p>\n<p>Ebenso wird im Sinne des Artikels 14 der EU-Verordnung 524\/2013 \u00fcber die Beilegung verbraucherrechtlicher Streitigkeiten ein direkter Link zur Online-Streitbeilegungsplattform bereitgestellt:<br \/>https:\/\/ec.europa.eu\/consumers\/odr\/main\/index.cfm<\/p>\n<p><strong>ANWENDBARES RECHT UND GERICHTSSTAND<\/strong><\/p>\n<p>F\u00fcr etwaige Kontroversen oder Konflikte, die sich aus diesen Allgemeinen Gesch\u00e4ftsbedingungen ergeben k\u00f6nnen, gilt spanisches Recht. Die L\u00f6sung gerichtlicher Konflikte unterliegt der Zust\u00e4ndigkeit der Gerichte am Wohnsitz des Nutzers oder Kunden.<\/p>\n<\/div><\/div><\/div><\/div><\/div><\/div><\/section>\n","protected":false},"excerpt":{"rendered":"Allgemeine Vertragsbedingungen https:\/\/plazatorosalicante.com\/ (im Folgenden die Website) ist eine Website von Toroshopping, S.L., im Folgenden DER EIGENT\u00dcMER, mit der CIF\/NIF-Nummer: B92950146 und eingetragenem Sitz im Centro Melior Vasari. Urbanisation La Alzambra, 3, Lokal 1, C.P. 29660 \u2013 Marbella (M\u00e1laga). F\u00fcr den Zugriff, die Vervielf\u00e4ltigung und die Nutzung der Website-Dienste ist die vorherige Annahme der jeweils...","protected":false},"author":1,"featured_media":0,"parent":0,"menu_order":0,"comment_status":"closed","ping_status":"closed","template":"","meta":{"_acf_changed":false,"footnotes":""},"class_list":["post-8122","page","type-page","status-publish","hentry"],"acf":[],"yoast_head":"<!-- This site is optimized with the Yoast SEO plugin v27.5 - https:\/\/yoast.com\/product\/yoast-seo-wordpress\/ -->\n<title>Condiciones generales de contrataci\u00f3n - Plaza de Toros de Alicante<\/title>\n<meta name=\"robots\" content=\"noindex, follow\" \/>\n<meta property=\"og:locale\" content=\"de_DE\" \/>\n<meta property=\"og:type\" content=\"article\" \/>\n<meta property=\"og:title\" content=\"Condiciones generales de contrataci\u00f3n - Plaza de Toros de Alicante\" \/>\n<meta property=\"og:url\" content=\"https:\/\/plazatorosalicante.com\/de\/condiciones-generales-de-contratacion\/\" \/>\n<meta property=\"og:site_name\" content=\"Plaza de Toros de Alicante\" \/>\n<meta property=\"article:modified_time\" content=\"2024-03-13T11:17:13+00:00\" \/>\n<meta property=\"og:image\" content=\"https:\/\/plazatorosalicante.com\/wp-content\/uploads\/2025\/03\/VIT_7836-scaled-1.jpg\" \/>\n\t<meta property=\"og:image:width\" content=\"2560\" \/>\n\t<meta property=\"og:image:height\" content=\"1696\" \/>\n\t<meta property=\"og:image:type\" content=\"image\/jpeg\" \/>\n<meta name=\"twitter:card\" content=\"summary_large_image\" \/>\n<meta name=\"twitter:label1\" content=\"Gesch\u00e4tzte Lesezeit\" \/>\n\t<meta name=\"twitter:data1\" content=\"7\u00a0Minuten\" \/>\n<script type=\"application\/ld+json\" class=\"yoast-schema-graph\">{\"@context\":\"https:\\\/\\\/schema.org\",\"@graph\":[{\"@type\":\"WebPage\",\"@id\":\"https:\\\/\\\/plazatorosalicante.com\\\/de\\\/condiciones-generales-de-contratacion\\\/\",\"url\":\"https:\\\/\\\/plazatorosalicante.com\\\/de\\\/condiciones-generales-de-contratacion\\\/\",\"name\":\"Condiciones generales de contrataci\u00f3n - Plaza de Toros de Alicante\",\"isPartOf\":{\"@id\":\"https:\\\/\\\/plazatorosalicante.com\\\/de\\\/#website\"},\"datePublished\":\"2023-09-08T11:28:45+00:00\",\"dateModified\":\"2024-03-13T11:17:13+00:00\",\"breadcrumb\":{\"@id\":\"https:\\\/\\\/plazatorosalicante.com\\\/de\\\/condiciones-generales-de-contratacion\\\/#breadcrumb\"},\"inLanguage\":\"de\",\"potentialAction\":[{\"@type\":\"ReadAction\",\"target\":[\"https:\\\/\\\/plazatorosalicante.com\\\/de\\\/condiciones-generales-de-contratacion\\\/\"]}]},{\"@type\":\"BreadcrumbList\",\"@id\":\"https:\\\/\\\/plazatorosalicante.com\\\/de\\\/condiciones-generales-de-contratacion\\\/#breadcrumb\",\"itemListElement\":[{\"@type\":\"ListItem\",\"position\":1,\"name\":\"Portada\",\"item\":\"https:\\\/\\\/plazatorosalicante.com\\\/de\\\/startseite\\\/\"},{\"@type\":\"ListItem\",\"position\":2,\"name\":\"Condiciones generales de contrataci\u00f3n\"}]},{\"@type\":\"WebSite\",\"@id\":\"https:\\\/\\\/plazatorosalicante.com\\\/de\\\/#website\",\"url\":\"https:\\\/\\\/plazatorosalicante.com\\\/de\\\/\",\"name\":\"Plaza de Toros de Alicante\",\"description\":\"Plaza de toros Alicante - Visitas Tur\u00edsticas y Culturales en Vivo para Individuales y Grupos\",\"publisher\":{\"@id\":\"https:\\\/\\\/plazatorosalicante.com\\\/de\\\/#organization\"},\"alternateName\":\"La Plaza Alicante Tour\",\"potentialAction\":[{\"@type\":\"SearchAction\",\"target\":{\"@type\":\"EntryPoint\",\"urlTemplate\":\"https:\\\/\\\/plazatorosalicante.com\\\/de\\\/?s={search_term_string}\"},\"query-input\":{\"@type\":\"PropertyValueSpecification\",\"valueRequired\":true,\"valueName\":\"search_term_string\"}}],\"inLanguage\":\"de\"},{\"@type\":\"Organization\",\"@id\":\"https:\\\/\\\/plazatorosalicante.com\\\/de\\\/#organization\",\"name\":\"Plaza de toros Alicante\",\"alternateName\":\"La Plaza Alicante Tour\",\"url\":\"https:\\\/\\\/plazatorosalicante.com\\\/de\\\/\",\"logo\":{\"@type\":\"ImageObject\",\"inLanguage\":\"de\",\"@id\":\"https:\\\/\\\/plazatorosalicante.com\\\/de\\\/#\\\/schema\\\/logo\\\/image\\\/\",\"url\":\"https:\\\/\\\/plazatorosalicante.com\\\/wp-content\\\/uploads\\\/2023\\\/10\\\/Logo-plaza-toros-alicante.jpg\",\"contentUrl\":\"https:\\\/\\\/plazatorosalicante.com\\\/wp-content\\\/uploads\\\/2023\\\/10\\\/Logo-plaza-toros-alicante.jpg\",\"width\":100,\"height\":100,\"caption\":\"Plaza de toros Alicante\"},\"image\":{\"@id\":\"https:\\\/\\\/plazatorosalicante.com\\\/de\\\/#\\\/schema\\\/logo\\\/image\\\/\"}}]}<\/script>\n<!-- \/ Yoast SEO plugin. -->","yoast_head_json":{"title":"Condiciones generales de contrataci\u00f3n - Plaza de Toros de Alicante","robots":{"index":"noindex","follow":"follow"},"og_locale":"de_DE","og_type":"article","og_title":"Condiciones generales de contrataci\u00f3n - Plaza de Toros de Alicante","og_url":"https:\/\/plazatorosalicante.com\/de\/condiciones-generales-de-contratacion\/","og_site_name":"Plaza de Toros de Alicante","article_modified_time":"2024-03-13T11:17:13+00:00","og_image":[{"width":2560,"height":1696,"url":"https:\/\/plazatorosalicante.com\/wp-content\/uploads\/2025\/03\/VIT_7836-scaled-1.jpg","type":"image\/jpeg"}],"twitter_card":"summary_large_image","twitter_misc":{"Gesch\u00e4tzte Lesezeit":"7\u00a0Minuten"},"schema":{"@context":"https:\/\/schema.org","@graph":[{"@type":"WebPage","@id":"https:\/\/plazatorosalicante.com\/de\/condiciones-generales-de-contratacion\/","url":"https:\/\/plazatorosalicante.com\/de\/condiciones-generales-de-contratacion\/","name":"Condiciones generales de contrataci\u00f3n - Plaza de Toros de Alicante","isPartOf":{"@id":"https:\/\/plazatorosalicante.com\/de\/#website"},"datePublished":"2023-09-08T11:28:45+00:00","dateModified":"2024-03-13T11:17:13+00:00","breadcrumb":{"@id":"https:\/\/plazatorosalicante.com\/de\/condiciones-generales-de-contratacion\/#breadcrumb"},"inLanguage":"de","potentialAction":[{"@type":"ReadAction","target":["https:\/\/plazatorosalicante.com\/de\/condiciones-generales-de-contratacion\/"]}]},{"@type":"BreadcrumbList","@id":"https:\/\/plazatorosalicante.com\/de\/condiciones-generales-de-contratacion\/#breadcrumb","itemListElement":[{"@type":"ListItem","position":1,"name":"Portada","item":"https:\/\/plazatorosalicante.com\/de\/startseite\/"},{"@type":"ListItem","position":2,"name":"Condiciones generales de contrataci\u00f3n"}]},{"@type":"WebSite","@id":"https:\/\/plazatorosalicante.com\/de\/#website","url":"https:\/\/plazatorosalicante.com\/de\/","name":"Plaza de Toros de Alicante","description":"Plaza de toros Alicante - Visitas Tur\u00edsticas y Culturales en Vivo para Individuales y Grupos","publisher":{"@id":"https:\/\/plazatorosalicante.com\/de\/#organization"},"alternateName":"La Plaza Alicante Tour","potentialAction":[{"@type":"SearchAction","target":{"@type":"EntryPoint","urlTemplate":"https:\/\/plazatorosalicante.com\/de\/?s={search_term_string}"},"query-input":{"@type":"PropertyValueSpecification","valueRequired":true,"valueName":"search_term_string"}}],"inLanguage":"de"},{"@type":"Organization","@id":"https:\/\/plazatorosalicante.com\/de\/#organization","name":"Plaza de toros Alicante","alternateName":"La Plaza Alicante Tour","url":"https:\/\/plazatorosalicante.com\/de\/","logo":{"@type":"ImageObject","inLanguage":"de","@id":"https:\/\/plazatorosalicante.com\/de\/#\/schema\/logo\/image\/","url":"https:\/\/plazatorosalicante.com\/wp-content\/uploads\/2023\/10\/Logo-plaza-toros-alicante.jpg","contentUrl":"https:\/\/plazatorosalicante.com\/wp-content\/uploads\/2023\/10\/Logo-plaza-toros-alicante.jpg","width":100,"height":100,"caption":"Plaza de toros Alicante"},"image":{"@id":"https:\/\/plazatorosalicante.com\/de\/#\/schema\/logo\/image\/"}}]}},"_links":{"self":[{"href":"https:\/\/plazatorosalicante.com\/de\/wp-json\/wp\/v2\/pages\/8122","targetHints":{"allow":["GET"]}}],"collection":[{"href":"https:\/\/plazatorosalicante.com\/de\/wp-json\/wp\/v2\/pages"}],"about":[{"href":"https:\/\/plazatorosalicante.com\/de\/wp-json\/wp\/v2\/types\/page"}],"author":[{"embeddable":true,"href":"https:\/\/plazatorosalicante.com\/de\/wp-json\/wp\/v2\/users\/1"}],"replies":[{"embeddable":true,"href":"https:\/\/plazatorosalicante.com\/de\/wp-json\/wp\/v2\/comments?post=8122"}],"version-history":[{"count":3,"href":"https:\/\/plazatorosalicante.com\/de\/wp-json\/wp\/v2\/pages\/8122\/revisions"}],"predecessor-version":[{"id":8125,"href":"https:\/\/plazatorosalicante.com\/de\/wp-json\/wp\/v2\/pages\/8122\/revisions\/8125"}],"wp:attachment":[{"href":"https:\/\/plazatorosalicante.com\/de\/wp-json\/wp\/v2\/media?parent=8122"}],"curies":[{"name":"wp","href":"https:\/\/api.w.org\/{rel}","templated":true}]}}