{"id":8599,"date":"2024-05-09T07:53:29","date_gmt":"2024-05-09T07:53:29","guid":{"rendered":"https:\/\/plazatorosalicante.com\/liefertermin-und-provisionen\/"},"modified":"2024-05-30T11:13:58","modified_gmt":"2024-05-30T11:13:58","slug":"liefertermin-und-provisionen","status":"publish","type":"page","link":"https:\/\/plazatorosalicante.com\/de\/liefertermin-und-provisionen\/","title":{"rendered":"Liefertermin und Provisionen"},"content":{"rendered":"<section class=\"l-section wpb_row height_medium\"><div class=\"l-section-h i-cf\"><div class=\"g-cols vc_row via_grid cols_1 laptops-cols_inherit tablets-cols_inherit mobiles-cols_1 valign_top type_default stacking_default\"><div class=\"wpb_column vc_column_container\"><div class=\"vc_column-inner\"><div class=\"wpb_text_column\"><div class=\"wpb_wrapper\"><h1>Liefertermin und Ticketgeb\u00fchren<\/h1>\n<h3>Lieferdatum:<\/h3>\n<p>Die Tickets werden eine Woche vor der Stierkampfveranstaltung im PDF-Format per E-Mail verschickt. Wir empfehlen Ihnen, Ihren Spam-Ordner zu \u00fcberpr\u00fcfen.<\/p>\n<h3>Verkaufsprovisionen<\/h3>\n<p>In den Tickets ist bereits eine Provision von 10 % der Ausstellungskosten enthalten. Beim Kauf Ihres Tickets m\u00fcssen Sie nichts weiter bezahlen.<\/p>\n<h3>Kehrt zur\u00fcck<\/h3>\n<div>\n<div>Einlass zum Veranstaltungsort und ggf. R\u00fcckerstattung des Betrags gem\u00e4\u00df der geltenden Gesetzgebung. (Art. 70 RTG) setzt voraus, dass die offizielle Eintragung vollst\u00e4ndig, vollst\u00e4ndig und nicht manipuliert ist.<\/div>\n<\/div>\n<div><\/div>\n<div>\n<div>Die Frist f\u00fcr die R\u00fcckerstattung des Betrags beginnt mit der Ank\u00fcndigung der Aussetzung, Verschiebung oder \u00c4nderung und endet 4 Tage nach dem f\u00fcr die Feier der Show festgelegten Datum bzw. 1 Stunde vor Beginn der Show im Falle einer \u00c4nderung ( Art. 70 RTG).<\/div>\n<div><\/div>\n<div>Wird die Show aus Gr\u00fcnden, die nicht vom Unternehmen zu vertreten sind, oder wegen schlechten Wetters unterbrochen, hat der Zuschauer, sobald der erste Bulle die Manege betritt, keinen Anspruch auf R\u00fcckerstattung (Art. 70 RTA).<\/div>\n<\/div>\n<\/div><\/div><div class=\"w-separator size_medium\"><\/div><div class=\"g-cols wpb_row via_grid cols_1 laptops-cols_inherit tablets-cols_inherit mobiles-cols_1 valign_top type_default stacking_default\" style=\"--columns-gap:3rem;\"><div class=\"wpb_column vc_column_container\"><div class=\"vc_column-inner\"><div class=\"w-hwrapper valign_top align_none\" style=\"--hwrapper-gap:1.20rem\"><div class=\"w-btn-wrapper align_none\"><a class=\"w-btn us-btn-style_1\" href=\"https:\/\/plazatorosalicante.com\/entradas-alicante-toros\/\"><span class=\"w-btn-label\">Tickets kaufen<\/span><\/a><\/div><div class=\"w-btn-wrapper align_none\"><a class=\"w-btn us-btn-style_1\" href=\"https:\/\/plazatorosalicante.com\/carrito\/\"><span class=\"w-btn-label\">Zum Einkaufskorb gehen<\/span><\/a><\/div><\/div><\/div><\/div><\/div><\/div><\/div><\/div><\/div><\/section><section class=\"l-section wpb_row height_medium\"><div class=\"l-section-h i-cf\"><div class=\"g-cols vc_row via_grid cols_1 laptops-cols_inherit tablets-cols_inherit mobiles-cols_1 valign_top type_default stacking_default\"><div class=\"wpb_column vc_column_container\"><div class=\"vc_column-inner\"><\/div><\/div><\/div><\/div><\/section>\n","protected":false},"excerpt":{"rendered":"Liefertermin und Ticketgeb\u00fchren Lieferdatum: Die Tickets werden eine Woche vor der Stierkampfveranstaltung im PDF-Format per E-Mail verschickt. Wir empfehlen Ihnen, Ihren Spam-Ordner zu \u00fcberpr\u00fcfen. Verkaufsprovisionen In den Tickets ist bereits eine Provision von 10 % der Ausstellungskosten enthalten. Beim Kauf Ihres Tickets m\u00fcssen Sie nichts weiter bezahlen. Kehrt zur\u00fcck Einlass zum Veranstaltungsort und ggf. R\u00fcckerstattung...","protected":false},"author":1,"featured_media":0,"parent":0,"menu_order":0,"comment_status":"closed","ping_status":"closed","template":"","meta":{"_acf_changed":false,"footnotes":""},"class_list":["post-8599","page","type-page","status-publish","hentry"],"acf":[],"yoast_head":"<!-- This site is optimized with the Yoast SEO plugin v27.3 - https:\/\/yoast.com\/product\/yoast-seo-wordpress\/ -->\n<title>Liefertermin und Provisionen - Plaza de Toros de Alicante<\/title>\n<meta name=\"robots\" content=\"noindex, follow\" \/>\n<meta property=\"og:locale\" content=\"de_DE\" \/>\n<meta property=\"og:type\" content=\"article\" \/>\n<meta property=\"og:title\" content=\"Liefertermin und Provisionen - Plaza de Toros de Alicante\" \/>\n<meta property=\"og:url\" content=\"https:\/\/plazatorosalicante.com\/de\/liefertermin-und-provisionen\/\" \/>\n<meta property=\"og:site_name\" content=\"Plaza de Toros de Alicante\" \/>\n<meta property=\"article:modified_time\" content=\"2024-05-30T11:13:58+00:00\" \/>\n<meta property=\"og:image\" content=\"https:\/\/plazatorosalicante.com\/wp-content\/uploads\/2025\/03\/VIT_7836-scaled-1.jpg\" \/>\n\t<meta property=\"og:image:width\" content=\"2560\" \/>\n\t<meta property=\"og:image:height\" content=\"1696\" \/>\n\t<meta property=\"og:image:type\" content=\"image\/jpeg\" \/>\n<meta name=\"twitter:card\" content=\"summary_large_image\" \/>\n<meta name=\"twitter:label1\" content=\"Gesch\u00e4tzte Lesezeit\" \/>\n\t<meta name=\"twitter:data1\" content=\"1\u00a0Minute\" \/>\n<script type=\"application\/ld+json\" class=\"yoast-schema-graph\">{\"@context\":\"https:\\\/\\\/schema.org\",\"@graph\":[{\"@type\":\"WebPage\",\"@id\":\"https:\\\/\\\/plazatorosalicante.com\\\/de\\\/liefertermin-und-provisionen\\\/\",\"url\":\"https:\\\/\\\/plazatorosalicante.com\\\/de\\\/liefertermin-und-provisionen\\\/\",\"name\":\"Liefertermin und Provisionen - Plaza de Toros de Alicante\",\"isPartOf\":{\"@id\":\"https:\\\/\\\/plazatorosalicante.com\\\/de\\\/#website\"},\"datePublished\":\"2024-05-09T07:53:29+00:00\",\"dateModified\":\"2024-05-30T11:13:58+00:00\",\"breadcrumb\":{\"@id\":\"https:\\\/\\\/plazatorosalicante.com\\\/de\\\/liefertermin-und-provisionen\\\/#breadcrumb\"},\"inLanguage\":\"de\",\"potentialAction\":[{\"@type\":\"ReadAction\",\"target\":[\"https:\\\/\\\/plazatorosalicante.com\\\/de\\\/liefertermin-und-provisionen\\\/\"]}]},{\"@type\":\"BreadcrumbList\",\"@id\":\"https:\\\/\\\/plazatorosalicante.com\\\/de\\\/liefertermin-und-provisionen\\\/#breadcrumb\",\"itemListElement\":[{\"@type\":\"ListItem\",\"position\":1,\"name\":\"Portada\",\"item\":\"https:\\\/\\\/plazatorosalicante.com\\\/de\\\/startseite\\\/\"},{\"@type\":\"ListItem\",\"position\":2,\"name\":\"Liefertermin und Provisionen\"}]},{\"@type\":\"WebSite\",\"@id\":\"https:\\\/\\\/plazatorosalicante.com\\\/de\\\/#website\",\"url\":\"https:\\\/\\\/plazatorosalicante.com\\\/de\\\/\",\"name\":\"Plaza de Toros de Alicante\",\"description\":\"Plaza de toros Alicante - Visitas Tur\u00edsticas y Culturales en Vivo para Individuales y Grupos\",\"publisher\":{\"@id\":\"https:\\\/\\\/plazatorosalicante.com\\\/de\\\/#organization\"},\"alternateName\":\"La Plaza Alicante Tour\",\"potentialAction\":[{\"@type\":\"SearchAction\",\"target\":{\"@type\":\"EntryPoint\",\"urlTemplate\":\"https:\\\/\\\/plazatorosalicante.com\\\/de\\\/?s={search_term_string}\"},\"query-input\":{\"@type\":\"PropertyValueSpecification\",\"valueRequired\":true,\"valueName\":\"search_term_string\"}}],\"inLanguage\":\"de\"},{\"@type\":\"Organization\",\"@id\":\"https:\\\/\\\/plazatorosalicante.com\\\/de\\\/#organization\",\"name\":\"Plaza de toros Alicante\",\"alternateName\":\"La Plaza Alicante Tour\",\"url\":\"https:\\\/\\\/plazatorosalicante.com\\\/de\\\/\",\"logo\":{\"@type\":\"ImageObject\",\"inLanguage\":\"de\",\"@id\":\"https:\\\/\\\/plazatorosalicante.com\\\/de\\\/#\\\/schema\\\/logo\\\/image\\\/\",\"url\":\"https:\\\/\\\/plazatorosalicante.com\\\/wp-content\\\/uploads\\\/2023\\\/10\\\/Logo-plaza-toros-alicante.jpg\",\"contentUrl\":\"https:\\\/\\\/plazatorosalicante.com\\\/wp-content\\\/uploads\\\/2023\\\/10\\\/Logo-plaza-toros-alicante.jpg\",\"width\":100,\"height\":100,\"caption\":\"Plaza de toros Alicante\"},\"image\":{\"@id\":\"https:\\\/\\\/plazatorosalicante.com\\\/de\\\/#\\\/schema\\\/logo\\\/image\\\/\"}}]}<\/script>\n<!-- \/ Yoast SEO plugin. -->","yoast_head_json":{"title":"Liefertermin und Provisionen - Plaza de Toros de Alicante","robots":{"index":"noindex","follow":"follow"},"og_locale":"de_DE","og_type":"article","og_title":"Liefertermin und Provisionen - Plaza de Toros de Alicante","og_url":"https:\/\/plazatorosalicante.com\/de\/liefertermin-und-provisionen\/","og_site_name":"Plaza de Toros de Alicante","article_modified_time":"2024-05-30T11:13:58+00:00","og_image":[{"width":2560,"height":1696,"url":"https:\/\/plazatorosalicante.com\/wp-content\/uploads\/2025\/03\/VIT_7836-scaled-1.jpg","type":"image\/jpeg"}],"twitter_card":"summary_large_image","twitter_misc":{"Gesch\u00e4tzte Lesezeit":"1\u00a0Minute"},"schema":{"@context":"https:\/\/schema.org","@graph":[{"@type":"WebPage","@id":"https:\/\/plazatorosalicante.com\/de\/liefertermin-und-provisionen\/","url":"https:\/\/plazatorosalicante.com\/de\/liefertermin-und-provisionen\/","name":"Liefertermin und Provisionen - Plaza de Toros de Alicante","isPartOf":{"@id":"https:\/\/plazatorosalicante.com\/de\/#website"},"datePublished":"2024-05-09T07:53:29+00:00","dateModified":"2024-05-30T11:13:58+00:00","breadcrumb":{"@id":"https:\/\/plazatorosalicante.com\/de\/liefertermin-und-provisionen\/#breadcrumb"},"inLanguage":"de","potentialAction":[{"@type":"ReadAction","target":["https:\/\/plazatorosalicante.com\/de\/liefertermin-und-provisionen\/"]}]},{"@type":"BreadcrumbList","@id":"https:\/\/plazatorosalicante.com\/de\/liefertermin-und-provisionen\/#breadcrumb","itemListElement":[{"@type":"ListItem","position":1,"name":"Portada","item":"https:\/\/plazatorosalicante.com\/de\/startseite\/"},{"@type":"ListItem","position":2,"name":"Liefertermin und Provisionen"}]},{"@type":"WebSite","@id":"https:\/\/plazatorosalicante.com\/de\/#website","url":"https:\/\/plazatorosalicante.com\/de\/","name":"Plaza de Toros de Alicante","description":"Plaza de toros Alicante - Visitas Tur\u00edsticas y Culturales en Vivo para Individuales y Grupos","publisher":{"@id":"https:\/\/plazatorosalicante.com\/de\/#organization"},"alternateName":"La Plaza Alicante Tour","potentialAction":[{"@type":"SearchAction","target":{"@type":"EntryPoint","urlTemplate":"https:\/\/plazatorosalicante.com\/de\/?s={search_term_string}"},"query-input":{"@type":"PropertyValueSpecification","valueRequired":true,"valueName":"search_term_string"}}],"inLanguage":"de"},{"@type":"Organization","@id":"https:\/\/plazatorosalicante.com\/de\/#organization","name":"Plaza de toros Alicante","alternateName":"La Plaza Alicante Tour","url":"https:\/\/plazatorosalicante.com\/de\/","logo":{"@type":"ImageObject","inLanguage":"de","@id":"https:\/\/plazatorosalicante.com\/de\/#\/schema\/logo\/image\/","url":"https:\/\/plazatorosalicante.com\/wp-content\/uploads\/2023\/10\/Logo-plaza-toros-alicante.jpg","contentUrl":"https:\/\/plazatorosalicante.com\/wp-content\/uploads\/2023\/10\/Logo-plaza-toros-alicante.jpg","width":100,"height":100,"caption":"Plaza de toros Alicante"},"image":{"@id":"https:\/\/plazatorosalicante.com\/de\/#\/schema\/logo\/image\/"}}]}},"_links":{"self":[{"href":"https:\/\/plazatorosalicante.com\/de\/wp-json\/wp\/v2\/pages\/8599","targetHints":{"allow":["GET"]}}],"collection":[{"href":"https:\/\/plazatorosalicante.com\/de\/wp-json\/wp\/v2\/pages"}],"about":[{"href":"https:\/\/plazatorosalicante.com\/de\/wp-json\/wp\/v2\/types\/page"}],"author":[{"embeddable":true,"href":"https:\/\/plazatorosalicante.com\/de\/wp-json\/wp\/v2\/users\/1"}],"replies":[{"embeddable":true,"href":"https:\/\/plazatorosalicante.com\/de\/wp-json\/wp\/v2\/comments?post=8599"}],"version-history":[{"count":10,"href":"https:\/\/plazatorosalicante.com\/de\/wp-json\/wp\/v2\/pages\/8599\/revisions"}],"predecessor-version":[{"id":14856,"href":"https:\/\/plazatorosalicante.com\/de\/wp-json\/wp\/v2\/pages\/8599\/revisions\/14856"}],"wp:attachment":[{"href":"https:\/\/plazatorosalicante.com\/de\/wp-json\/wp\/v2\/media?parent=8599"}],"curies":[{"name":"wp","href":"https:\/\/api.w.org\/{rel}","templated":true}]}}