{"id":21308,"date":"2025-04-28T10:18:41","date_gmt":"2025-04-28T10:18:41","guid":{"rendered":"https:\/\/plazatorosalicante.com\/?post_type=product&#038;p=21308"},"modified":"2026-01-05T14:04:32","modified_gmt":"2026-01-05T14:04:32","slug":"stierkampf-29-juni","status":"publish","type":"product","link":"https:\/\/plazatorosalicante.com\/de\/producto\/stierkampf-29-juni\/","title":{"rendered":"Stierkampf 29 Juni"},"content":{"rendered":"<section class=\"l-section wpb_row height_medium\"><div class=\"l-section-h i-cf\"><div class=\"g-cols vc_row via_grid cols_1 laptops-cols_inherit tablets-cols_inherit mobiles-cols_1 valign_top type_default stacking_default\"><div class=\"wpb_column vc_column_container\"><div class=\"vc_column-inner\"><div class=\"g-cols wpb_row via_grid cols_2 laptops-cols_inherit tablets-cols_inherit mobiles-cols_1 valign_top type_default stacking_default\" style=\"--columns-gap:3rem;\" id=\"espectaculo\"><div class=\"wpb_column vc_column_container\"><div class=\"vc_column-inner\"><div class=\"w-iconbox iconpos_left style_default color_primary align_left\"><div class=\"w-iconbox-icon\" style=\"font-size:2rem;\"><i class=\"fas fa-users\"><\/i><\/div><div class=\"w-iconbox-meta\"><h3 class=\"w-iconbox-title\">Teilnehmende Stierk\u00e4mpfer:<\/h3><div class=\"w-iconbox-text\"><p>Muss noch best\u00e4tigt werden<\/p>\n<\/div><\/div><\/div><\/div><\/div><div class=\"wpb_column vc_column_container\"><div class=\"vc_column-inner\"><div class=\"w-iconbox iconpos_left style_default color_primary align_left\"><div class=\"w-iconbox-icon\" style=\"font-size:2rem;\"><i class=\"fas fa-calendar\"><\/i><\/div><div class=\"w-iconbox-meta\"><h3 class=\"w-iconbox-title\">Wann geht es los?<\/h3><div class=\"w-iconbox-text\"><p>29. Juni um 19:00h.<\/p>\n<\/div><\/div><\/div><\/div><\/div><\/div><div class=\"w-separator size_large\"><\/div><div class=\"g-cols wpb_row via_grid cols_1 laptops-cols_inherit tablets-cols_inherit mobiles-cols_1 valign_top type_default stacking_default\" style=\"--columns-gap:3rem;\" id=\"localidades\"><div class=\"wpb_column vc_column_container\"><div class=\"vc_column-inner\"><div class=\"wpb_text_column\"><div class=\"wpb_wrapper\"><h2>Verf\u00fcgbare Ticketarten<\/h2>\n<p>In der Stierkampfarena von Alicante finden Sie je nach N\u00e4he zur Arena und ihrer Ausrichtung unterschiedliche Arten von Sitzen oder Sitzpl\u00e4tzen. Einige der verf\u00fcgbaren Sitzpl\u00e4tze sind:<\/p>\n<ol>\n<li><strong>Barrera:<\/strong> Dies sind die Sitze, die der Arena am n\u00e4chsten liegen und sich vorne befinden. Sie bieten einen privilegierten Blick, um das K\u00f6nnen der Matadore zu beobachten.<\/li>\n<li><strong>Contrabarrera:<\/strong> Sie sind die Pl\u00e4tze, die dem Ring am n\u00e4chsten liegen. Sie haben eine privilegierte Aussicht, aber mit gr\u00f6\u00dferer Sicherheit.<\/li>\n<li><strong>Tendido:<\/strong> Es handelt sich um die mittleren Pl\u00e4tze, sie haben eine etwas h\u00f6here Sicht und sind von der Arena weg. Trotzdem haben sie eine gute Sicht, um die angehenden Matadore zu beobachten.<\/li>\n<li><strong>Andanada:<\/strong> Sie sind die h\u00f6chsten Bereiche des Platzes. Bei der Stierkampfarena von Alicante k\u00f6nnen Sie zwischen niedrigem und hohem Sperrfeuer w\u00e4hlen.<\/li>\n<\/ol>\n<p>Schlie\u00dflich kann der Zuschauer seine Eintrittskarte f\u00fcr die Bullen je nach dem Bereich, in dem sich sein Sitzplatz befindet, kaufen.<\/p>\n<ul>\n<li><strong>Sonne:<\/strong> Dies sind normalerweise die g\u00fcnstigsten Tickets, da sie in der Gegend liegen, in der die Sonne am meisten scheint.<\/li>\n<li><strong>Sonne und Schatten:<\/strong> Diese Sitzpl\u00e4tze wechseln sich mit sonnigen und schattigen Bereichen ab.<\/li>\n<li><strong>Schatten: <\/strong> Sie sind die teuersten, aber auch die besten, da sie es Ihnen erm\u00f6glichen, den Stierkampf besser und bequemer zu sehen.<\/li>\n<\/ul>\n<\/div><\/div><\/div><\/div><\/div><\/div><\/div><\/div><\/div><\/section><section class=\"l-section wpb_row height_medium\"><div class=\"l-section-h i-cf\"><div class=\"g-cols vc_row via_grid cols_3 laptops-cols_inherit tablets-cols_inherit mobiles-cols_1 valign_middle type_default stacking_default\"><div class=\"wpb_column vc_column_container\"><div class=\"vc_column-inner\"><h2 class=\"w-text us_custom_3517658c\"><span class=\"w-text-h\"><span class=\"w-text-value\">Brauchen Sie Hilfe?<\/span><\/span><\/h2><\/div><\/div><div class=\"wpb_column vc_column_container\"><div class=\"vc_column-inner\"><div class=\"w-iconbox iconpos_top style_default color_primary align_center\"><div class=\"w-iconbox-icon\" style=\"font-size:2rem;\"><i class=\"fas fa-envelope\"><\/i><\/div><div class=\"w-iconbox-meta\"><h4 class=\"w-iconbox-title\">Email<\/h4><div class=\"w-iconbox-text\"><p>info@plazatorosalicante.com<\/p>\n<\/div><\/div><\/div><\/div><\/div><div class=\"wpb_column vc_column_container\"><div class=\"vc_column-inner\"><div class=\"w-iconbox iconpos_top style_default color_primary align_center\"><div class=\"w-iconbox-icon\" style=\"font-size:2rem;\"><i class=\"fas fa-phone\"><\/i><\/div><div class=\"w-iconbox-meta\"><h4 class=\"w-iconbox-title\">Phone | Whatsapp<\/h4><div class=\"w-iconbox-text\"><p><a class=\"w-text-h\" href=\"tel:+34%20679%2058%2035%2036\"><span class=\"w-text-value\">+34 679 58 35 36<\/span><\/a><\/p>\n<\/div><\/div><\/div><\/div><\/div><\/div><\/div><\/section>\n","protected":false},"excerpt":{"rendered":"<ul>\n<li><strong>Dies ist eine nicht nummerierte Kartenreservierung,<\/strong> es werden die besten verf\u00fcgbaren Pl\u00e4tze vergeben.<\/li>\n<li><strong>Wenn Sie mehrere Tickets kaufen<\/strong>, liegen die Ihnen zugewiesenen Sitzpl\u00e4tze direkt nebeneinander.<\/li>\n<li>Die<strong> Bearbeitungsgeb\u00fchren<\/strong> sind auf der Zahlungsseite angegeben.<\/li>\n<\/ul>\n<p><a href=\"https:\/\/plazatorosalicante.com\/de\/liefertermin-und-provisionen\/\">\u00dcberpr\u00fcfen Sie den Liefertermin und die Provisionen<\/a><\/p>\n","protected":false},"featured_media":19262,"comment_status":"open","ping_status":"closed","template":"","meta":{"_acf_changed":false},"product_brand":[],"product_cat":[178],"product_tag":[],"class_list":{"0":"post-21308","1":"product","2":"type-product","3":"status-publish","4":"has-post-thumbnail","6":"product_cat-einzeltickets-bullen","8":"first","9":"instock","10":"taxable","11":"shipping-taxable","12":"purchasable","13":"product-type-variable"},"acf":[],"yoast_head":"<!-- This site is optimized with the Yoast SEO plugin v27.3 - https:\/\/yoast.com\/product\/yoast-seo-wordpress\/ -->\n<title>\u25b7 Stierkampf Tickets 29 Juni | Stierkampfarena Alicante<\/title>\n<meta name=\"description\" content=\"Stierkampftickets im Verkauf f\u00fcr den Stierkampf am 29. Juni auf der Stierkampfarena Alicante. Kaufen Sie jetzt Ihre Eintrittskarten | \u00dcberpr\u00fcfte Website \u2714\ufe0f\" \/>\n<meta name=\"robots\" content=\"index, follow, max-snippet:-1, max-image-preview:large, max-video-preview:-1\" \/>\n<link rel=\"canonical\" href=\"https:\/\/plazatorosalicante.com\/de\/producto\/stierkampf-29-juni\/\" \/>\n<meta property=\"og:locale\" content=\"de_DE\" \/>\n<meta property=\"og:type\" content=\"article\" \/>\n<meta property=\"og:title\" content=\"\u25b7 Stierkampf Tickets 29 Juni | Stierkampfarena Alicante\" \/>\n<meta property=\"og:description\" content=\"Stierkampftickets im Verkauf f\u00fcr den Stierkampf am 29. Juni auf der Stierkampfarena Alicante. Kaufen Sie jetzt Ihre Eintrittskarten | \u00dcberpr\u00fcfte Website \u2714\ufe0f\" \/>\n<meta property=\"og:url\" content=\"https:\/\/plazatorosalicante.com\/de\/producto\/stierkampf-29-juni\/\" \/>\n<meta property=\"og:site_name\" content=\"Plaza de Toros de Alicante\" \/>\n<meta property=\"article:modified_time\" content=\"2026-01-05T14:04:32+00:00\" \/>\n<meta property=\"og:image\" content=\"https:\/\/plazatorosalicante.com\/wp-content\/uploads\/2024\/05\/Corrida-toros-29-junio.png\" \/>\n\t<meta property=\"og:image:width\" content=\"1080\" \/>\n\t<meta property=\"og:image:height\" content=\"1080\" \/>\n\t<meta property=\"og:image:type\" content=\"image\/png\" \/>\n<meta name=\"twitter:card\" content=\"summary_large_image\" \/>\n<meta name=\"twitter:label1\" content=\"Gesch\u00e4tzte Lesezeit\" \/>\n\t<meta name=\"twitter:data1\" content=\"2\u00a0Minuten\" \/>\n<script type=\"application\/ld+json\" class=\"yoast-schema-graph\">{\"@context\":\"https:\\\/\\\/schema.org\",\"@graph\":[{\"@type\":\"WebPage\",\"@id\":\"https:\\\/\\\/plazatorosalicante.com\\\/de\\\/producto\\\/stierkampf-29-juni\\\/\",\"url\":\"https:\\\/\\\/plazatorosalicante.com\\\/de\\\/producto\\\/stierkampf-29-juni\\\/\",\"name\":\"\u25b7 Stierkampf Tickets 29 Juni | Stierkampfarena Alicante\",\"isPartOf\":{\"@id\":\"https:\\\/\\\/plazatorosalicante.com\\\/de\\\/#website\"},\"primaryImageOfPage\":{\"@id\":\"https:\\\/\\\/plazatorosalicante.com\\\/de\\\/producto\\\/stierkampf-29-juni\\\/#primaryimage\"},\"image\":{\"@id\":\"https:\\\/\\\/plazatorosalicante.com\\\/de\\\/producto\\\/stierkampf-29-juni\\\/#primaryimage\"},\"thumbnailUrl\":\"https:\\\/\\\/plazatorosalicante.com\\\/wp-content\\\/uploads\\\/2024\\\/05\\\/Corrida-toros-29-junio.png\",\"datePublished\":\"2025-04-28T10:18:41+00:00\",\"dateModified\":\"2026-01-05T14:04:32+00:00\",\"description\":\"Stierkampftickets im Verkauf f\u00fcr den Stierkampf am 29. Juni auf der Stierkampfarena Alicante. Kaufen Sie jetzt Ihre Eintrittskarten | \u00dcberpr\u00fcfte Website \u2714\ufe0f\",\"breadcrumb\":{\"@id\":\"https:\\\/\\\/plazatorosalicante.com\\\/de\\\/producto\\\/stierkampf-29-juni\\\/#breadcrumb\"},\"inLanguage\":\"de\",\"potentialAction\":[{\"@type\":\"ReadAction\",\"target\":[\"https:\\\/\\\/plazatorosalicante.com\\\/de\\\/producto\\\/stierkampf-29-juni\\\/\"]}]},{\"@type\":\"ImageObject\",\"inLanguage\":\"de\",\"@id\":\"https:\\\/\\\/plazatorosalicante.com\\\/de\\\/producto\\\/stierkampf-29-juni\\\/#primaryimage\",\"url\":\"https:\\\/\\\/plazatorosalicante.com\\\/wp-content\\\/uploads\\\/2024\\\/05\\\/Corrida-toros-29-junio.png\",\"contentUrl\":\"https:\\\/\\\/plazatorosalicante.com\\\/wp-content\\\/uploads\\\/2024\\\/05\\\/Corrida-toros-29-junio.png\",\"width\":1080,\"height\":1080},{\"@type\":\"BreadcrumbList\",\"@id\":\"https:\\\/\\\/plazatorosalicante.com\\\/de\\\/producto\\\/stierkampf-29-juni\\\/#breadcrumb\",\"itemListElement\":[{\"@type\":\"ListItem\",\"position\":1,\"name\":\"Portada\",\"item\":\"https:\\\/\\\/plazatorosalicante.com\\\/de\\\/startseite\\\/\"},{\"@type\":\"ListItem\",\"position\":2,\"name\":\"Shop\",\"item\":\"https:\\\/\\\/plazatorosalicante.com\\\/de\\\/?page_id=7993\"},{\"@type\":\"ListItem\",\"position\":3,\"name\":\"Stierkampf 29 Juni\"}]},{\"@type\":\"WebSite\",\"@id\":\"https:\\\/\\\/plazatorosalicante.com\\\/de\\\/#website\",\"url\":\"https:\\\/\\\/plazatorosalicante.com\\\/de\\\/\",\"name\":\"Plaza de Toros de Alicante\",\"description\":\"Plaza de toros Alicante - Visitas Tur\u00edsticas y Culturales en Vivo para Individuales y Grupos\",\"publisher\":{\"@id\":\"https:\\\/\\\/plazatorosalicante.com\\\/de\\\/#organization\"},\"alternateName\":\"La Plaza Alicante Tour\",\"potentialAction\":[{\"@type\":\"SearchAction\",\"target\":{\"@type\":\"EntryPoint\",\"urlTemplate\":\"https:\\\/\\\/plazatorosalicante.com\\\/de\\\/?s={search_term_string}\"},\"query-input\":{\"@type\":\"PropertyValueSpecification\",\"valueRequired\":true,\"valueName\":\"search_term_string\"}}],\"inLanguage\":\"de\"},{\"@type\":\"Organization\",\"@id\":\"https:\\\/\\\/plazatorosalicante.com\\\/de\\\/#organization\",\"name\":\"Plaza de toros Alicante\",\"alternateName\":\"La Plaza Alicante Tour\",\"url\":\"https:\\\/\\\/plazatorosalicante.com\\\/de\\\/\",\"logo\":{\"@type\":\"ImageObject\",\"inLanguage\":\"de\",\"@id\":\"https:\\\/\\\/plazatorosalicante.com\\\/de\\\/#\\\/schema\\\/logo\\\/image\\\/\",\"url\":\"https:\\\/\\\/plazatorosalicante.com\\\/wp-content\\\/uploads\\\/2023\\\/10\\\/Logo-plaza-toros-alicante.jpg\",\"contentUrl\":\"https:\\\/\\\/plazatorosalicante.com\\\/wp-content\\\/uploads\\\/2023\\\/10\\\/Logo-plaza-toros-alicante.jpg\",\"width\":100,\"height\":100,\"caption\":\"Plaza de toros Alicante\"},\"image\":{\"@id\":\"https:\\\/\\\/plazatorosalicante.com\\\/de\\\/#\\\/schema\\\/logo\\\/image\\\/\"}}]}<\/script>\n<!-- \/ Yoast SEO plugin. -->","yoast_head_json":{"title":"\u25b7 Stierkampf Tickets 29 Juni | Stierkampfarena Alicante","description":"Stierkampftickets im Verkauf f\u00fcr den Stierkampf am 29. Juni auf der Stierkampfarena Alicante. Kaufen Sie jetzt Ihre Eintrittskarten | \u00dcberpr\u00fcfte Website \u2714\ufe0f","robots":{"index":"index","follow":"follow","max-snippet":"max-snippet:-1","max-image-preview":"max-image-preview:large","max-video-preview":"max-video-preview:-1"},"canonical":"https:\/\/plazatorosalicante.com\/de\/producto\/stierkampf-29-juni\/","og_locale":"de_DE","og_type":"article","og_title":"\u25b7 Stierkampf Tickets 29 Juni | Stierkampfarena Alicante","og_description":"Stierkampftickets im Verkauf f\u00fcr den Stierkampf am 29. Juni auf der Stierkampfarena Alicante. Kaufen Sie jetzt Ihre Eintrittskarten | \u00dcberpr\u00fcfte Website \u2714\ufe0f","og_url":"https:\/\/plazatorosalicante.com\/de\/producto\/stierkampf-29-juni\/","og_site_name":"Plaza de Toros de Alicante","article_modified_time":"2026-01-05T14:04:32+00:00","og_image":[{"width":1080,"height":1080,"url":"https:\/\/plazatorosalicante.com\/wp-content\/uploads\/2024\/05\/Corrida-toros-29-junio.png","type":"image\/png"}],"twitter_card":"summary_large_image","twitter_misc":{"Gesch\u00e4tzte Lesezeit":"2\u00a0Minuten"},"schema":{"@context":"https:\/\/schema.org","@graph":[{"@type":"WebPage","@id":"https:\/\/plazatorosalicante.com\/de\/producto\/stierkampf-29-juni\/","url":"https:\/\/plazatorosalicante.com\/de\/producto\/stierkampf-29-juni\/","name":"\u25b7 Stierkampf Tickets 29 Juni | Stierkampfarena Alicante","isPartOf":{"@id":"https:\/\/plazatorosalicante.com\/de\/#website"},"primaryImageOfPage":{"@id":"https:\/\/plazatorosalicante.com\/de\/producto\/stierkampf-29-juni\/#primaryimage"},"image":{"@id":"https:\/\/plazatorosalicante.com\/de\/producto\/stierkampf-29-juni\/#primaryimage"},"thumbnailUrl":"https:\/\/plazatorosalicante.com\/wp-content\/uploads\/2024\/05\/Corrida-toros-29-junio.png","datePublished":"2025-04-28T10:18:41+00:00","dateModified":"2026-01-05T14:04:32+00:00","description":"Stierkampftickets im Verkauf f\u00fcr den Stierkampf am 29. Juni auf der Stierkampfarena Alicante. Kaufen Sie jetzt Ihre Eintrittskarten | \u00dcberpr\u00fcfte Website \u2714\ufe0f","breadcrumb":{"@id":"https:\/\/plazatorosalicante.com\/de\/producto\/stierkampf-29-juni\/#breadcrumb"},"inLanguage":"de","potentialAction":[{"@type":"ReadAction","target":["https:\/\/plazatorosalicante.com\/de\/producto\/stierkampf-29-juni\/"]}]},{"@type":"ImageObject","inLanguage":"de","@id":"https:\/\/plazatorosalicante.com\/de\/producto\/stierkampf-29-juni\/#primaryimage","url":"https:\/\/plazatorosalicante.com\/wp-content\/uploads\/2024\/05\/Corrida-toros-29-junio.png","contentUrl":"https:\/\/plazatorosalicante.com\/wp-content\/uploads\/2024\/05\/Corrida-toros-29-junio.png","width":1080,"height":1080},{"@type":"BreadcrumbList","@id":"https:\/\/plazatorosalicante.com\/de\/producto\/stierkampf-29-juni\/#breadcrumb","itemListElement":[{"@type":"ListItem","position":1,"name":"Portada","item":"https:\/\/plazatorosalicante.com\/de\/startseite\/"},{"@type":"ListItem","position":2,"name":"Shop","item":"https:\/\/plazatorosalicante.com\/de\/?page_id=7993"},{"@type":"ListItem","position":3,"name":"Stierkampf 29 Juni"}]},{"@type":"WebSite","@id":"https:\/\/plazatorosalicante.com\/de\/#website","url":"https:\/\/plazatorosalicante.com\/de\/","name":"Plaza de Toros de Alicante","description":"Plaza de toros Alicante - Visitas Tur\u00edsticas y Culturales en Vivo para Individuales y Grupos","publisher":{"@id":"https:\/\/plazatorosalicante.com\/de\/#organization"},"alternateName":"La Plaza Alicante Tour","potentialAction":[{"@type":"SearchAction","target":{"@type":"EntryPoint","urlTemplate":"https:\/\/plazatorosalicante.com\/de\/?s={search_term_string}"},"query-input":{"@type":"PropertyValueSpecification","valueRequired":true,"valueName":"search_term_string"}}],"inLanguage":"de"},{"@type":"Organization","@id":"https:\/\/plazatorosalicante.com\/de\/#organization","name":"Plaza de toros Alicante","alternateName":"La Plaza Alicante Tour","url":"https:\/\/plazatorosalicante.com\/de\/","logo":{"@type":"ImageObject","inLanguage":"de","@id":"https:\/\/plazatorosalicante.com\/de\/#\/schema\/logo\/image\/","url":"https:\/\/plazatorosalicante.com\/wp-content\/uploads\/2023\/10\/Logo-plaza-toros-alicante.jpg","contentUrl":"https:\/\/plazatorosalicante.com\/wp-content\/uploads\/2023\/10\/Logo-plaza-toros-alicante.jpg","width":100,"height":100,"caption":"Plaza de toros Alicante"},"image":{"@id":"https:\/\/plazatorosalicante.com\/de\/#\/schema\/logo\/image\/"}}]}},"_links":{"self":[{"href":"https:\/\/plazatorosalicante.com\/de\/wp-json\/wp\/v2\/product\/21308","targetHints":{"allow":["GET"]}}],"collection":[{"href":"https:\/\/plazatorosalicante.com\/de\/wp-json\/wp\/v2\/product"}],"about":[{"href":"https:\/\/plazatorosalicante.com\/de\/wp-json\/wp\/v2\/types\/product"}],"replies":[{"embeddable":true,"href":"https:\/\/plazatorosalicante.com\/de\/wp-json\/wp\/v2\/comments?post=21308"}],"wp:featuredmedia":[{"embeddable":true,"href":"https:\/\/plazatorosalicante.com\/de\/wp-json\/wp\/v2\/media\/19262"}],"wp:attachment":[{"href":"https:\/\/plazatorosalicante.com\/de\/wp-json\/wp\/v2\/media?parent=21308"}],"wp:term":[{"taxonomy":"product_brand","embeddable":true,"href":"https:\/\/plazatorosalicante.com\/de\/wp-json\/wp\/v2\/product_brand?post=21308"},{"taxonomy":"product_cat","embeddable":true,"href":"https:\/\/plazatorosalicante.com\/de\/wp-json\/wp\/v2\/product_cat?post=21308"},{"taxonomy":"product_tag","embeddable":true,"href":"https:\/\/plazatorosalicante.com\/de\/wp-json\/wp\/v2\/product_tag?post=21308"}],"curies":[{"name":"wp","href":"https:\/\/api.w.org\/{rel}","templated":true}]}}