{"id":2763,"date":"2023-09-08T11:29:42","date_gmt":"2023-09-08T11:29:42","guid":{"rendered":"http:\/\/plazatorosalicante.com\/cookie-policy\/"},"modified":"2025-09-15T10:09:43","modified_gmt":"2025-09-15T10:09:43","slug":"cookie-policy","status":"publish","type":"page","link":"https:\/\/plazatorosalicante.com\/en\/cookie-policy\/","title":{"rendered":"Cookie Policy"},"content":{"rendered":"<section class=\"l-section wpb_row height_medium\"><div class=\"l-section-h i-cf\"><div class=\"g-cols vc_row via_grid cols_1 laptops-cols_inherit tablets-cols_inherit mobiles-cols_1 valign_top type_default stacking_default\"><div class=\"wpb_column vc_column_container\"><div class=\"vc_column-inner\"><div class=\"wpb_text_column\"><div class=\"wpb_wrapper\"><h1>Cookie-Richtlinie<\/h1>\n<p>Toroshopping, S.L. informs about the use of cookies on its website: https:\/\/plazatorosalicante.com\/<\/p>\n<h2>Was sind Cookies?<\/h2>\n<p>Cookies are data that can be stored on your computer via web pages. Cookies are workspaces, which<br \/>\nplays an important role in the provision of numerous services of the information society. Among other things,<br \/>\nallows you to add to a web site the display and transmission of information about the surfing habits of a user or his or her users<br \/>\ndevices and can be used to provide information for the renewed recognition of the user and the improvement of the services offered.  <\/p>\n<h2>Arten von Cookies<\/h2>\n<p>Abh\u00e4ngig davon, wer die Entit\u00e4t ist, die die Dom\u00e4ne verwaltet, von der die Cookies gesendet werden, und die jeweiligen Daten verarbeitet<br \/>\nerhalten, zwei Typen k\u00f6nnen unterschieden werden:<\/p>\n<p>&#8211; Eigene Cookies:<\/p>\n<p>The data that are stored by a computer used by the user or by a home used by the user at the end of the user&#8217;s computer or by a home used by the user.<br \/>\n. . The editor is the editor and the service is provided by the user from which the service is obtained.<\/p>\n<p>&#8211; Cookies von Drittanbietern:<\/p>\n<p>Cookies that are not sent from an unused computer or an unused home to the end user&#8217;s end device<br \/>\nare not sent by the originator, but by another party that uses cookies to collect data.<br \/>\nIn the event that cookies are installed by a computer or a home, which are used by the owner of the cookie itself, but are used by a third party, they cannot be used as the same cookies.<br \/>\nThere is also a second type of cookie after the time period in which they remain stored in the customer&#8217;s browser, and so on:<\/p>\n<p>&#8211; Sitzungscookies:<\/p>\n<p>Entwickelt, um Daten zu sammeln und zu speichern, w\u00e4hrend der Benutzer auf eine Webseite zugreift. They are normally<br \/>\nused for the provision of information, which is only required by the user to be used for the provision of the services of interest<br \/>\n(e.g. a list of purchased products). <\/p>\n<p>&#8211; Dauerhafte Cookies:<\/p>\n<p>The data remains stored in the end-user and can be deleted for a certain period of time and processed<br \/>\n. The specified data can be stored by the cookie server between a few minutes and several years.<br \/>\nFinally, there is a further classification with six types of cookies, if necessary, for which the data will be processed.<br \/>\nwill be stored:<\/p>\n<p>&#8211; Technical Cookies:<\/p>\n<p>Diejenigen, die es dem Benutzer erm\u00f6glichen, durch eine Webseite, Plattform oder Anwendung zu navigieren und<br \/>\ndie Nutzung der verschiedenen Optionen oder Dienste, die darin vorhanden sind, such as, for example, the control of the<br \/>\ndata transmission and data communication, identification of the location, access to parts with restricted access,<br \/>\n, from which an order is made, send the purchase order to an order processing company, send the order to<br \/>\nto be registered or to be added to an existing order, use of security elements during the maintenance of<br \/>\nNavigation, provide content for the transmission of videos or tones, or share content on<br \/>\nsocial networks.<\/p>\n<p>&#8211; Personalisierungs-Cookies:<\/p>\n<p>They allow the user to access the service with some of the defined general market<br \/>\nin addition to a number of criteria on the user&#8217;s end, such as, for example, the language, the type of Browser, the regional configuration from which you access the service, the regional configuration from which you access the service, the regional configuration from which you access the service, the regional configuration from which you access the service, the regional configuration from which you access the service, the regional configuration from which you access the service, the regional configuration from which you access the service. B. der Sprache, der Art von<br \/>\nBrowser, over den Sie auf den Dienst zugreifen, die regionale Konfiguration, von der aus aus Sie auf den Dienst zugreifen<br \/>\nService usw <\/p>\n<p>&#8211; Analyse-Cookies:<\/p>\n<p>They enable the responsible party to monitor and analyze the content of the content.<br \/>\nof the websites to which it is linked. The information collected through this type of cookies is<br \/>\n. You may use in order to communicate the activity of the websites, applications or forms to send and provide<br \/>\nwith information about the profiles of the users of these websites, applications and forms, in order to<br \/>\n. The introduction of improvements based on the analysis of the usage data by the user of the services. <\/p>\n<p>&#8211; Werbe-Cookies:<\/p>\n<p>They allow for the most efficient possible handling of the products.<\/p>\n<p>&#8211; Verhaltensbezogene Werbe-Cookies:<\/p>\n<p>Sie speichern durch Beobachtung gewonnene Informationen \u00fcber das Nutzerverhalten<br \/>\nKontinuierliche \u00dcberwachung Ihrer Surfgewohnheiten, sodass Sie ein spezifisches Profil entwickeln k\u00f6nnen, das angezeigt werden soll<br \/>\ndarauf basierende Werbung.<\/p>\n<p>&#8211; Cookies from external social networks:<\/p>\n<p>Sie werden verwendet, damit Besucher mit den Inhalten verschiedener Plattformen interagieren k\u00f6nnen<br \/>\nsoziale Netzwerke (Facebook, YouTube, Twitter, LinkedIn usw.) und die nur f\u00fcr Benutzer von generiert werden<br \/>\nsagte soziale Netzwerke. The conditions of use of these cookies and the information they contain are<br \/>\nregulated by the data protection declaration of the relevant social platform. <\/p>\n<h2>Deactivation and deletion of Cookies<\/h2>\n<p>You have the option to install cookies on your computer, block them or delete them by configuring the options of the installed browser on your computer. Due to the deactivation of cookies, some of the services provided may no longer work. The ability to disable cookies is different for each browser, but can normally be done via the &#8220;Extras&#8221; or &#8220;Options&#8221; menu. You can also consult the browser&#8217;s help menu, where you can find suggestions. The user can always choose which cookies he\/she wants to use on this website.<br \/>\nYou can set, block or delete cookies on your computer by setting the options of the installed browser on your computer:    <\/p>\n<p>&#8211; Microsoft Internet Explorer oder Microsoft Edge:<br \/>\nhttp:\/\/windows.microsoft.com\/es-es\/windows-vista\/Block-or-allow-cookies<br \/>\n&#8211; Mozilla Firefox:<br \/>\nhttp:\/\/support.mozilla.org\/es\/kb\/impedir-que-los-sitios-web-guarden-sus-preference<br \/>\n&#8211; Chrom:<br \/>\nhttps:\/\/support.google.com\/accounts\/answer\/61416?hl=es<br \/>\n&#8211; Safari:<br \/>\nhttp:\/\/safari.helpmax.net\/es\/privacidad-y-security\/como-gestionar-las-cookies\/<br \/>\n&#8211; Oper:<br \/>\nhttp:\/\/help.opera.com\/Linux\/10.60\/es-ES\/cookies.html<br \/>\n Dar\u00fcber hinaus k\u00f6nnen Sie den Cookie-Speicher in Ihrem Browser auch \u00fcber Tools wie verwalten<br \/>\nfolgende<br \/>\n&#8211; Geisterbilder:<br \/>\nwww.ghostery.com\/ www.ghostery.com\/<br \/>\n&#8211; Ihre Online-Auswahl:<br \/>\nwww<\/p>\n<p>Auf https:\/\/plazatorosalicante.com\/ verwendete Cookies<br \/>\nNachfolgend sind die auf diesem Portal verwendeten Cookies sowie deren Art und Funktion aufgef\u00fchrt:- tsrce<br \/>\n&#8211; Dauer: 3 Tage<br \/>\n&#8211; Beschreibung: PayPal-Cookie: Bei einer Zahlung \u00fcber PayPal werden diese Cookies ausgegeben:<br \/>\nPayPal-Sitzung\/Sicherheit.<br \/>\n&#8211; Typ: Dritte<br \/>\n&#8211; Zweck: Technik<\/p>\n<p>&#8211; x-pp-s<br \/>\n&#8211; Dauer: Sitzung<br \/>\n&#8211; Beschreibung: Dieses Cookie wird von PayPal bereitgestellt von PayPal und ist mit den Zahlungsdiensten der Website kompatibel.<br \/>\n&#8211; Typ: Dritte<br \/>\n&#8211; Zweck: Technik<\/p>\n<p>&#8211; l7_az<br \/>\n&#8211; Dauer: 30 Minuten<br \/>\n&#8211; Beschreibung: Dieses Cookie wird f\u00fcr die PayPal-Anmeldefunktion auf der Website ben\u00f6tigt.<br \/>\n&#8211; Typ: Dritte<br \/>\n&#8211; Zweck: Technik<\/p>\n<p>&#8211; _abck<br \/>\n&#8211; Dauer: 1 Jahr<br \/>\n&#8211; Beschreibung: Dieses Cookie wird verwendet, um den Datenverkehr zu analysieren und festzustellen, ob es sich es um Datenverkehr handelt<br \/>\nautomatisiert durch Computersysteme oder durch einen menschlichen Benutzer generiert.<br \/>\n&#8211; Typ: Dritte<br \/>\n&#8211; Zweck: Technik<\/p>\n<p>&#8211; _ga<br \/>\n&#8211; Dauer: 2 Jahre<br \/>\n&#8211; Beschreibung: Wird zur Unterscheidung von Benutzern verwendet. This is provided by Google Analytics. Google stores the information collected through cookies on servers in the United States, in coordination with the  <\/p>\n<p>We accept the European legal regulations on the protection of personal data and are committed to the fact that these regulations do not continue to apply to<br \/>\n. Therefore, they must be enforced or required for the operation of the system.<\/p>\n<p>If you would like to receive further information about the cookies used by Google Analytics, please send this information to:<br \/>\nhttps:\/\/developers.google.com\/analytics\/devguides\/collection\/analyticsjs\/cookie-usage?hl=es&#038;csw=1<br \/>\n&#8211; Type: Right<br \/>\n&#8211; Zweck: Analytisch <\/p>\n<p>&#8211; _gat<br \/>\n&#8211; Dauer: 1 Minute<br \/>\n&#8211; Beschreibung: Wird verwendet, um unsere Werbung auf anderen Seiten im Google-Netzwerk anzuzeigen. Generiert<br \/>\nby Google Analytics. Google places the information collected through cookies on servers that are located<br \/>\nin the United States, adheres to the European legal regulations on the protection of personal data and does not continue to apply these regulations to third parties, i.e. either the law applies to it or it is necessary to do so. for the operation of the system. Google does not collect your IP address with other information about which Google is responsible. If you would like to receive additional information about the cookies used by Google Analytics, please contact us at<br \/>\nand send it to this address:     <\/p>\n<p>https:\/\/developers.google.com\/analytics\/devguides\/collection\/analyticsjs\/cookie-usage?hl=es&#038;csw=1<br \/>\n&#8211; Typ: Dritte<br \/>\n&#8211; Zweck: Verhaltensbezogene Werbung<\/p>\n<p>&#8211; _gid<br \/>\n&#8211; Dauer: 24 Stunden<br \/>\n&#8211; Beschreibung: Von Google Analytics generiert. Google stores the information collected through cookies<br \/>\non servers in the United States in accordance with the European legislation<br \/>\nProtection of personal data and is responsible for this, diese nicht an Dritte weiterzugeben, es sei sei denn, dies ist gesetzlich vorgeschrieben<br \/>\nerfordert dies von Ihnen oder ist f\u00fcr den Betrieb des Systems erforderlich. Google does not combine your IP address<br \/>\nwith any other information you have.<br \/>\nIf you want to receive further information about cookies from Google Analytics, please send this address to:<br \/>\nhttps:\/\/developers.google.com\/analytics\/devguides\/collection\/analyticsjs\/cookie-usage?hl=es&#038;csw<br \/>\n&#8211; Type: Right<br \/>\n&#8211; Zweck: Verhaltensbezogene Werbung   <\/p>\n<p>&#8211; ts<br \/>\n&#8211; Dauer: 3 Jahre<br \/>\n&#8211; Beschreibung: Dieses Cookie wird im Allgemeinen von PayPal bereitgestellt und unterst\u00fctzt Zahlungsdienste im<br \/>\nWebseite.<br \/>\n&#8211; Typ: Dritte<br \/>\n&#8211; Zweck: Technik<\/p>\n<ul>\n<li>_fbp<br \/>\n&#8211; Duration: 3 months<br \/>\n&#8211; Description: Used by Meta to deliver a series of advertisement products such as real time bidding from<br \/>\nthird party advertisers<br \/>\n&#8211; Type: Third party<br \/>\n&#8211; Purpose: Technical<\/li>\n<li>LANG<br \/>\n&#8211; Duration: 8 hours and 46 minutes<br \/>\n&#8211; Description: There are many different types of cookies associated with this name, and a closer examination of how they are used on a particular website is generally recommended. However, in most cases it will probably be used to store language preferences, potentially to serve content in the stored language.<br \/>\n&#8211; Type: Third Party<br \/>\n&#8211; Purpose: Technical <\/li>\n<li>ts_c<br \/>\n&#8211; Duration: 3 years<br \/>\n&#8211; Description: Prevent fraud.<br \/>\n&#8211; Type: Third Party<br \/>\n&#8211; Purpose: Technical<\/li>\n<li>bm_sz<br \/>\n&#8211; Duration: 4 hours<br \/>\n&#8211; Description: A functionality Cookie set by Mailchimp to manage and control the list<br \/>\n&#8211; Type: Third Party<br \/>\n&#8211; Purpose: Technical<\/li>\n<li>wp-wpml_current_language<br \/>\n&#8211; Duration: session<br \/>\n&#8211; Description: Stores the current language. By default, this cookie is only set for logged-in users. If you enable the language cookie to support AJAX filtering, this cookie will also be set for users who are not logged in.<br \/>\n&#8211; Type: Third Party<br \/>\n&#8211; Purpose: Technical<\/li>\n<\/ul>\n<h2><strong>Adoption of the Cookie Directive<\/strong><\/h2>\n<p>https:\/\/plazatorosalicante.com\/ is intended to enable you to accept the use of cookies. However, in any login, information about the Cookie Guidelines will be displayed on each Portal site before or after you log in, so that you will be informed accordingly.<br \/>\n. In connection with this information, it is possible to carry out the following actions: <\/p>\n<p>&#8211; Cookies akzeptieren:<br \/>\nDieser Hinweis wird beim Aufruf einer Seite des Portals w\u00e4hrenddessen nicht erneut angezeigt<br \/>\nSitzung.<\/p>\n<p>&#8211; Schlie\u00dfen:<br \/>\nDer Hinweis ist auf dieser Seite ausgeblendet.<br \/>\n&#8211; \u00c4ndern Sie Ihre Einstellungen:<br \/>\nSie k\u00f6nnen weitere Informationen dar\u00fcber erhalten, was Cookies sind, sich \u00fcber die Cookie-Richtlinie informieren unter: https:\/\/plazatorosalicante.com\/ und Ihre Browsereinstellungen \u00e4ndern.<\/p>\n<\/div><\/div><\/div><\/div><\/div><\/div><\/section>\n","protected":false},"excerpt":{"rendered":"Cookie-Richtlinie Toroshopping, S.L. informs about the use of cookies on its website: https:\/\/plazatorosalicante.com\/ Was sind Cookies? Cookies are data that can be stored on your computer via web pages. Cookies are workspaces, which plays an important role in the provision of numerous services of the information society. Among other things, allows you to add to...","protected":false},"author":1,"featured_media":0,"parent":0,"menu_order":0,"comment_status":"closed","ping_status":"closed","template":"","meta":{"_acf_changed":false,"footnotes":""},"class_list":["post-2763","page","type-page","status-publish","hentry"],"acf":[],"yoast_head":"<!-- This site is optimized with the Yoast SEO plugin v27.4 - https:\/\/yoast.com\/product\/yoast-seo-wordpress\/ -->\n<title>Cookie Policy - Plaza de Toros de Alicante<\/title>\n<meta name=\"robots\" content=\"index, follow, max-snippet:-1, max-image-preview:large, max-video-preview:-1\" \/>\n<link rel=\"canonical\" href=\"https:\/\/plazatorosalicante.com\/en\/cookie-policy\/\" \/>\n<meta property=\"og:locale\" content=\"en_US\" \/>\n<meta property=\"og:type\" content=\"article\" \/>\n<meta property=\"og:title\" content=\"Cookie Policy - Plaza de Toros de Alicante\" \/>\n<meta property=\"og:url\" content=\"https:\/\/plazatorosalicante.com\/en\/cookie-policy\/\" \/>\n<meta property=\"og:site_name\" content=\"Plaza de Toros de Alicante\" \/>\n<meta property=\"article:modified_time\" content=\"2025-09-15T10:09:43+00:00\" \/>\n<meta property=\"og:image\" content=\"https:\/\/plazatorosalicante.com\/wp-content\/uploads\/2025\/03\/VIT_7836-scaled-1.jpg\" \/>\n\t<meta property=\"og:image:width\" content=\"2560\" \/>\n\t<meta property=\"og:image:height\" content=\"1696\" \/>\n\t<meta property=\"og:image:type\" content=\"image\/jpeg\" \/>\n<meta name=\"twitter:card\" content=\"summary_large_image\" \/>\n<meta name=\"twitter:label1\" content=\"Est. reading time\" \/>\n\t<meta name=\"twitter:data1\" content=\"9 minutes\" \/>\n<script type=\"application\/ld+json\" class=\"yoast-schema-graph\">{\"@context\":\"https:\\\/\\\/schema.org\",\"@graph\":[{\"@type\":\"WebPage\",\"@id\":\"https:\\\/\\\/plazatorosalicante.com\\\/en\\\/cookie-policy\\\/\",\"url\":\"https:\\\/\\\/plazatorosalicante.com\\\/en\\\/cookie-policy\\\/\",\"name\":\"Cookie Policy - Plaza de Toros de Alicante\",\"isPartOf\":{\"@id\":\"https:\\\/\\\/plazatorosalicante.com\\\/en\\\/#website\"},\"datePublished\":\"2023-09-08T11:29:42+00:00\",\"dateModified\":\"2025-09-15T10:09:43+00:00\",\"breadcrumb\":{\"@id\":\"https:\\\/\\\/plazatorosalicante.com\\\/en\\\/cookie-policy\\\/#breadcrumb\"},\"inLanguage\":\"en-US\",\"potentialAction\":[{\"@type\":\"ReadAction\",\"target\":[\"https:\\\/\\\/plazatorosalicante.com\\\/en\\\/cookie-policy\\\/\"]}]},{\"@type\":\"BreadcrumbList\",\"@id\":\"https:\\\/\\\/plazatorosalicante.com\\\/en\\\/cookie-policy\\\/#breadcrumb\",\"itemListElement\":[{\"@type\":\"ListItem\",\"position\":1,\"name\":\"Portada\",\"item\":\"https:\\\/\\\/plazatorosalicante.com\\\/en\\\/home-page\\\/\"},{\"@type\":\"ListItem\",\"position\":2,\"name\":\"Cookie Policy\"}]},{\"@type\":\"WebSite\",\"@id\":\"https:\\\/\\\/plazatorosalicante.com\\\/en\\\/#website\",\"url\":\"https:\\\/\\\/plazatorosalicante.com\\\/en\\\/\",\"name\":\"Plaza de Toros de Alicante\",\"description\":\"Plaza de toros Alicante - Visitas Tur\u00edsticas y Culturales en Vivo para Individuales y Grupos\",\"publisher\":{\"@id\":\"https:\\\/\\\/plazatorosalicante.com\\\/en\\\/#organization\"},\"alternateName\":\"La Plaza Alicante Tour\",\"potentialAction\":[{\"@type\":\"SearchAction\",\"target\":{\"@type\":\"EntryPoint\",\"urlTemplate\":\"https:\\\/\\\/plazatorosalicante.com\\\/en\\\/?s={search_term_string}\"},\"query-input\":{\"@type\":\"PropertyValueSpecification\",\"valueRequired\":true,\"valueName\":\"search_term_string\"}}],\"inLanguage\":\"en-US\"},{\"@type\":\"Organization\",\"@id\":\"https:\\\/\\\/plazatorosalicante.com\\\/en\\\/#organization\",\"name\":\"Plaza de toros Alicante\",\"alternateName\":\"La Plaza Alicante Tour\",\"url\":\"https:\\\/\\\/plazatorosalicante.com\\\/en\\\/\",\"logo\":{\"@type\":\"ImageObject\",\"inLanguage\":\"en-US\",\"@id\":\"https:\\\/\\\/plazatorosalicante.com\\\/en\\\/#\\\/schema\\\/logo\\\/image\\\/\",\"url\":\"https:\\\/\\\/plazatorosalicante.com\\\/wp-content\\\/uploads\\\/2023\\\/10\\\/Logo-plaza-toros-alicante.jpg\",\"contentUrl\":\"https:\\\/\\\/plazatorosalicante.com\\\/wp-content\\\/uploads\\\/2023\\\/10\\\/Logo-plaza-toros-alicante.jpg\",\"width\":100,\"height\":100,\"caption\":\"Plaza de toros Alicante\"},\"image\":{\"@id\":\"https:\\\/\\\/plazatorosalicante.com\\\/en\\\/#\\\/schema\\\/logo\\\/image\\\/\"}}]}<\/script>\n<!-- \/ Yoast SEO plugin. -->","yoast_head_json":{"title":"Cookie Policy - Plaza de Toros de Alicante","robots":{"index":"index","follow":"follow","max-snippet":"max-snippet:-1","max-image-preview":"max-image-preview:large","max-video-preview":"max-video-preview:-1"},"canonical":"https:\/\/plazatorosalicante.com\/en\/cookie-policy\/","og_locale":"en_US","og_type":"article","og_title":"Cookie Policy - Plaza de Toros de Alicante","og_url":"https:\/\/plazatorosalicante.com\/en\/cookie-policy\/","og_site_name":"Plaza de Toros de Alicante","article_modified_time":"2025-09-15T10:09:43+00:00","og_image":[{"width":2560,"height":1696,"url":"https:\/\/plazatorosalicante.com\/wp-content\/uploads\/2025\/03\/VIT_7836-scaled-1.jpg","type":"image\/jpeg"}],"twitter_card":"summary_large_image","twitter_misc":{"Est. reading time":"9 minutes"},"schema":{"@context":"https:\/\/schema.org","@graph":[{"@type":"WebPage","@id":"https:\/\/plazatorosalicante.com\/en\/cookie-policy\/","url":"https:\/\/plazatorosalicante.com\/en\/cookie-policy\/","name":"Cookie Policy - Plaza de Toros de Alicante","isPartOf":{"@id":"https:\/\/plazatorosalicante.com\/en\/#website"},"datePublished":"2023-09-08T11:29:42+00:00","dateModified":"2025-09-15T10:09:43+00:00","breadcrumb":{"@id":"https:\/\/plazatorosalicante.com\/en\/cookie-policy\/#breadcrumb"},"inLanguage":"en-US","potentialAction":[{"@type":"ReadAction","target":["https:\/\/plazatorosalicante.com\/en\/cookie-policy\/"]}]},{"@type":"BreadcrumbList","@id":"https:\/\/plazatorosalicante.com\/en\/cookie-policy\/#breadcrumb","itemListElement":[{"@type":"ListItem","position":1,"name":"Portada","item":"https:\/\/plazatorosalicante.com\/en\/home-page\/"},{"@type":"ListItem","position":2,"name":"Cookie Policy"}]},{"@type":"WebSite","@id":"https:\/\/plazatorosalicante.com\/en\/#website","url":"https:\/\/plazatorosalicante.com\/en\/","name":"Plaza de Toros de Alicante","description":"Plaza de toros Alicante - Visitas Tur\u00edsticas y Culturales en Vivo para Individuales y Grupos","publisher":{"@id":"https:\/\/plazatorosalicante.com\/en\/#organization"},"alternateName":"La Plaza Alicante Tour","potentialAction":[{"@type":"SearchAction","target":{"@type":"EntryPoint","urlTemplate":"https:\/\/plazatorosalicante.com\/en\/?s={search_term_string}"},"query-input":{"@type":"PropertyValueSpecification","valueRequired":true,"valueName":"search_term_string"}}],"inLanguage":"en-US"},{"@type":"Organization","@id":"https:\/\/plazatorosalicante.com\/en\/#organization","name":"Plaza de toros Alicante","alternateName":"La Plaza Alicante Tour","url":"https:\/\/plazatorosalicante.com\/en\/","logo":{"@type":"ImageObject","inLanguage":"en-US","@id":"https:\/\/plazatorosalicante.com\/en\/#\/schema\/logo\/image\/","url":"https:\/\/plazatorosalicante.com\/wp-content\/uploads\/2023\/10\/Logo-plaza-toros-alicante.jpg","contentUrl":"https:\/\/plazatorosalicante.com\/wp-content\/uploads\/2023\/10\/Logo-plaza-toros-alicante.jpg","width":100,"height":100,"caption":"Plaza de toros Alicante"},"image":{"@id":"https:\/\/plazatorosalicante.com\/en\/#\/schema\/logo\/image\/"}}]}},"_links":{"self":[{"href":"https:\/\/plazatorosalicante.com\/en\/wp-json\/wp\/v2\/pages\/2763","targetHints":{"allow":["GET"]}}],"collection":[{"href":"https:\/\/plazatorosalicante.com\/en\/wp-json\/wp\/v2\/pages"}],"about":[{"href":"https:\/\/plazatorosalicante.com\/en\/wp-json\/wp\/v2\/types\/page"}],"author":[{"embeddable":true,"href":"https:\/\/plazatorosalicante.com\/en\/wp-json\/wp\/v2\/users\/1"}],"replies":[{"embeddable":true,"href":"https:\/\/plazatorosalicante.com\/en\/wp-json\/wp\/v2\/comments?post=2763"}],"version-history":[{"count":4,"href":"https:\/\/plazatorosalicante.com\/en\/wp-json\/wp\/v2\/pages\/2763\/revisions"}],"predecessor-version":[{"id":22262,"href":"https:\/\/plazatorosalicante.com\/en\/wp-json\/wp\/v2\/pages\/2763\/revisions\/22262"}],"wp:attachment":[{"href":"https:\/\/plazatorosalicante.com\/en\/wp-json\/wp\/v2\/media?parent=2763"}],"curies":[{"name":"wp","href":"https:\/\/api.w.org\/{rel}","templated":true}]}}