{"id":2723,"date":"2023-09-08T11:28:45","date_gmt":"2023-09-08T11:28:45","guid":{"rendered":"http:\/\/plazatorosalicante.com\/conditions-generales-dutilisation\/"},"modified":"2024-03-13T08:34:03","modified_gmt":"2024-03-13T08:34:03","slug":"conditions-generales-dutilisation","status":"publish","type":"page","link":"https:\/\/plazatorosalicante.com\/fr\/conditions-generales-dutilisation\/","title":{"rendered":"Conditions g\u00e9n\u00e9rales d&rsquo;utilisation"},"content":{"rendered":"<section class=\"l-section wpb_row height_medium\"><div class=\"l-section-h i-cf\"><div class=\"g-cols vc_row via_grid cols_1 laptops-cols_inherit tablets-cols_inherit mobiles-cols_1 valign_top type_default stacking_default\"><div class=\"wpb_column vc_column_container\"><div class=\"vc_column-inner\"><div class=\"wpb_text_column\"><div class=\"wpb_wrapper\"><h1>Conditions g\u00e9n\u00e9rales d&rsquo;utilisation<\/h1>\n<p>https:\/\/plazatorosalicante.com\/ (ci-apr\u00e8s, le site Web) est un site Web appartenant \u00e0 Toroshopping, S.L., ci-apr\u00e8s le propri\u00e9taire, avec CIF\/NIF n\u00ba : B92950146 et si\u00e8ge social \u00e0 : Centro Melior Vasari. Urbanizaci\u00f3n La Alzambra, 3, Local 1, C.P. 29660 &#8211; Marbella (M\u00e1laga).<\/p>\n<p><!-- \/wp:post-content --><\/p>\n<p>&nbsp;<\/p>\n<p><!-- wp:paragraph --><\/p>\n<p>L&rsquo;acc\u00e8s, la reproduction et l&rsquo;utilisation des services du site Internet requi\u00e8rent l&rsquo;acceptation pr\u00e9alable des conditions d&rsquo;utilisation en vigueur \u00e0 tout moment ; LE PROPRI\u00c9TAIRE se r\u00e9serve le droit de modifier ces conditions lorsqu&rsquo;il le juge opportun, en publiant le nouveau texte sur le site Internet. Il incombe \u00e0 l&rsquo;utilisateur de conna\u00eetre les conditions d&rsquo;utilisation avant d&rsquo;acc\u00e9der aux produits et services du site Internet ; en cas de d\u00e9saccord avec<br \/>Veuillez vous abstenir de l&rsquo;utiliser.<\/p>\n<p><!-- \/wp:paragraph --><\/p>\n<p>&nbsp;<\/p>\n<p><!-- wp:heading {\"level\":4} --><\/p>\n<h4 class=\"wp-block-heading\">PROPRI\u00c9T\u00c9<\/h4>\n<p><!-- \/wp:heading --><\/p>\n<p>&nbsp;<\/p>\n<p><!-- wp:paragraph --><\/p>\n<p>Le site Web est une \u0153uvre compos\u00e9e de divers \u00e9l\u00e9ments int\u00e9gr\u00e9s et indissociables (textes, illustrations, photographies, images anim\u00e9es, vid\u00e9os, programmes informatiques, y compris les codes html du site Web, etc.), dont la propri\u00e9t\u00e9 intellectuelle appartient au PROPRI\u00c9TAIRE, \u00e0 l&rsquo;exception du mat\u00e9riel obtenu sous licence aupr\u00e8s de tiers.<br \/>Le PROPRI\u00c9TAIRE et ses conc\u00e9dants conservent \u00e0 tout moment les droits de propri\u00e9t\u00e9 intellectuelle sur le site Web et sur les diff\u00e9rents \u00e9l\u00e9ments qui le composent, consid\u00e9r\u00e9s individuellement, dans toutes les copies qui en sont faites (quel que soit le support dans lequel elles sont incorpor\u00e9es), en ne leur conc\u00e9dant que les droits d&rsquo;utilisation d\u00e9crits ci-dessous. Tous les droits qui ne sont pas express\u00e9ment c\u00e9d\u00e9s sont r\u00e9serv\u00e9s.<br \/>Outre ce qui pr\u00e9c\u00e8de, le PROPRI\u00c9TAIRE est responsable de la s\u00e9lection, de la conception de la structure et de la mise en page des contenus du site web, ainsi que de l&rsquo;initiative et du risque de r\u00e9aliser les investissements substantiels destin\u00e9s \u00e0 les obtenir, les num\u00e9riser et les pr\u00e9senter, et a donc droit \u00e0 la protection que l&rsquo;article 12 et le titre VIII du livre II de la loi sur la propri\u00e9t\u00e9 intellectuelle peuvent accorder au site web, consid\u00e9r\u00e9 comme une base de donn\u00e9es.<br \/>Le PROPRI\u00c9TAIRE est \u00e9galement l&rsquo;unique propri\u00e9taire de la conception et de l&rsquo;image graphique du site Web, et se r\u00e9serve le droit d&rsquo;intenter toute action en justice pouvant lui correspondre contre les personnes qui l&rsquo;imitent ou en font un usage d\u00e9loyal.<\/p>\n<p><!-- \/wp:paragraph --><\/p>\n<p>&nbsp;<\/p>\n<p><!-- wp:heading {\"level\":3} --><\/p>\n<h3 class=\"wp-block-heading\">LE CONTENU DU SITE WEB ET LES T\u00c9L\u00c9CHARGEMENTS. LES UTILISATIONS AUTORIS\u00c9ES ET INTERDITES.<\/h3>\n<p><!-- \/wp:heading --><\/p>\n<p>&nbsp;<\/p>\n<p><!-- wp:paragraph --><\/p>\n<p>Elle est autoris\u00e9e :<br \/>&#8211; La navigation sur le site web, c&rsquo;est-\u00e0-dire l&rsquo;acc\u00e8s et la visualisation sur un appareil, toute reproduction temporaire ou accessoire \u00e9tant autoris\u00e9e, \u00e0 condition qu&rsquo;elle ne soit pas volontaire et qu&rsquo;elle fasse partie int\u00e9grante et essentielle du processus technologique de transmission. La navigation dans certaines sections du site n\u00e9cessite une inscription pr\u00e9alable.<br \/>&#8211; B\u00e9n\u00e9ficier (apr\u00e8s inscription) des services et avantages fournis par le PROPRI\u00c9TAIRE \u00e0 travers le site web \u00e0 ses utilisateurs, dans les conditions express\u00e9ment indiqu\u00e9es dans les diff\u00e9rentes rubriques.<br \/>C&rsquo;est strictement interdit :<br \/>&#8211; Toutes les op\u00e9rations relatives au site Web, \u00e0 son contenu, aux produits t\u00e9l\u00e9charg\u00e9s et aux copies de tous ces \u00e9l\u00e9ments qui sont contraires \u00e0 la loi, aux bonnes coutumes et \u00e0 la bonne foi.<br \/>&#8211; Toute utilisation en dehors de la sph\u00e8re personnelle et priv\u00e9e, notamment \u00e0 des fins commerciales ou professionnelles, y compris l&rsquo;envoi de publicit\u00e9 ou de messages et la collecte et le traitement de donn\u00e9es aupr\u00e8s de tiers.<br \/>&#8211; Tout type d&rsquo;extraction, de communication publique et\/ou de transmission, en tout ou en partie, par quelque moyen que ce soit, en dehors de la sph\u00e8re priv\u00e9e d&rsquo;utilisation autoris\u00e9e et, en particulier, leur incorporation dans toute autre \u0153uvre, y compris les sites web, les collections ou les bases de donn\u00e9es. Une exception \u00e0 cette interdiction est faite pour la publication dans les m\u00e9dias de mat\u00e9riel t\u00e9l\u00e9chargeable \u00e0 partir de la section Salle de presse.<br \/>&#8211; La suppression, la dissimulation ou la falsification des avis et des avertissements relatifs \u00e0 la propri\u00e9t\u00e9 intellectuelle ou industrielle du site Web ou de l&rsquo;un des produits fournis par l&rsquo;interm\u00e9diaire de ce dernier.<br \/>&#8211; Les op\u00e9rations et activit\u00e9s express\u00e9ment interdites dans les autres sections des pr\u00e9sentes conditions g\u00e9n\u00e9rales et, en g\u00e9n\u00e9ral, tout ce qui peut nuire au fonctionnement normal du site Web, aux autres utilisateurs ou \u00e0 des tiers.<\/p>\n<p><!-- \/wp:paragraph --><\/p>\n<p>&nbsp;<\/p>\n<p><!-- wp:heading {\"level\":3} --><\/p>\n<h3 class=\"wp-block-heading\">LIENS VERS LE SITE WEB<\/h3>\n<p><!-- \/wp:heading --><\/p>\n<p>&nbsp;<\/p>\n<p><!-- wp:paragraph --><\/p>\n<p>&#8211; L&rsquo;\u00e9tablissement de liens et d&rsquo;hyperliens vers le site web \u00e0 partir d&rsquo;autres pages ou sites web est autoris\u00e9, \u00e0 condition qu&rsquo;ils ne portent pas atteinte \u00e0 l&rsquo;image publique et \u00e0 l&rsquo;image de marque du PROPRI\u00c9TAIRE, du site web ou de l&rsquo;une des personnes ou de l&rsquo;un des produits qui y sont mentionn\u00e9s. Au<br \/>L&rsquo;utilisation de techniques pr\u00eatant \u00e0 confusion quant \u00e0 l&rsquo;identit\u00e9 et \u00e0 la propri\u00e9t\u00e9 du contenu, telles que le cadrage ou d&rsquo;autres techniques, est express\u00e9ment interdite dans l&rsquo;\u00e9tablissement de liens vers le site web.<br \/>&#8211; L&rsquo;\u00e9tablissement de liens \u00e0 partir de pages ou de sites web dont le contenu promeut ou pr\u00e9conise, directement ou indirectement, toute forme de violence, de discrimination, de pornographie ou d&rsquo;activit\u00e9 ill\u00e9gale est interdit. De m\u00eame, l&rsquo;\u00e9tablissement de liens \u00e0 des fins commerciales est express\u00e9ment interdit.<\/p>\n<p><!-- \/wp:paragraph --><\/p>\n<p>&nbsp;<\/p>\n<p><!-- wp:paragraph --><\/p>\n<p>Dans la cr\u00e9ation de liens, l&rsquo;utilisation d&rsquo;\u00e9l\u00e9ments extraits du site Web est express\u00e9ment interdite sans l&rsquo;accord pr\u00e9alable et expr\u00e8s du PROPRI\u00c9TAIRE.<br \/>En aucun cas, les liens vers le site Web \u00e0 partir de pages ou de sites Web de tiers n&rsquo;impliquent que le propri\u00e9taire entretient des relations avec les propri\u00e9taires de ces derniers, ni qu&rsquo;il les approuve, les parraine ou les recommande, de sorte qu&rsquo;il ne peut en aucun cas \u00eatre tenu responsable de leur contenu et de leur l\u00e9galit\u00e9.<\/p>\n<p><!-- \/wp:paragraph --><\/p>\n<p>&nbsp;<\/p>\n<p><!-- wp:heading {\"level\":3} --><\/p>\n<h3 class=\"wp-block-heading\">LE CONTENU ET LE COMPORTEMENT DES UTILISATEURS<\/h3>\n<p><!-- \/wp:heading --><\/p>\n<p>&nbsp;<\/p>\n<p><!-- wp:paragraph --><\/p>\n<p>En tant que client ou utilisateur du site web, vous vous engagez \u00e0 faire un usage appropri\u00e9 du contenu et des services propos\u00e9s par le site web et \u00e0 ne pas les utiliser pour :<br \/>&#8211; Se livrer \u00e0 des activit\u00e9s illicites, ill\u00e9gales ou contraires \u00e0 la bonne foi et \u00e0 l&rsquo;ordre public.<br \/>&#8211; Diffuser du contenu ou de la propagande \u00e0 caract\u00e8re raciste, x\u00e9nophobe, pornographique, terroriste ou relatif aux droits de l&rsquo;homme.<br \/>&#8211; causer des dommages aux syst\u00e8mes physiques et logiques du PROPRI\u00c9TAIRE, de ses fournisseurs ou de tiers, introduire ou propager des virus informatiques ou tout autre syst\u00e8me physique ou logique susceptible de causer les dommages susmentionn\u00e9s.<br \/>&#8211; Diffuser des contenus qui portent atteinte \u00e0 l&rsquo;image et \u00e0 la r\u00e9putation du PROPRI\u00c9TAIRE ou de tiers.<br \/>&#8211; Violer les droits de propri\u00e9t\u00e9 intellectuelle, industrielle, d&rsquo;image, d&rsquo;honneur ou autres qui correspondent au PROPRI\u00c9TAIRE ou \u00e0 des tiers.<br \/>Le PROPRI\u00c9TAIRE a toute latitude pour d\u00e9cider si les contributions et les messages sont finalement publi\u00e9s sur le site web ou non, \u00e9tant habilit\u00e9 \u00e0 les retirer lorsqu&rsquo;il le juge opportun.<br \/>La violation de l&rsquo;une quelconque des r\u00e8gles contenues dans les pr\u00e9sentes conditions d&rsquo;utilisation et, en particulier, des dispositions de la pr\u00e9sente clause, autorise le PROPRI\u00c9TAIRE \u00e0 mettre fin imm\u00e9diatement \u00e0 votre qualit\u00e9 d&rsquo;utilisateur ou d&rsquo;abonn\u00e9 du site web.<\/p>\n<p><!-- \/wp:paragraph --><\/p>\n<p>&nbsp;<\/p>\n<p><!-- wp:heading {\"level\":3} --><\/p>\n<h3 class=\"wp-block-heading\">SERVICE CLIENT\u00c8LE<\/h3>\n<p><!-- \/wp:heading --><\/p>\n<p>&nbsp;<\/p>\n<p><!-- wp:paragraph --><\/p>\n<p>Le client peut annuler sa commande sans frais et sans indication de motif, en contactant le service client\u00e8le dans les plus brefs d\u00e9lais par t\u00e9l\u00e9phone : 679583536, ou via l&rsquo;adresse e-mail suivante : info@plazatorosalicante.com\/.<br \/>Si la commande n&rsquo;a pas quitt\u00e9 notre entrep\u00f4t, nous l&rsquo;annulerons sans probl\u00e8me, mais si la commande est d\u00e9j\u00e0 en route, nous devrons attendre de la recevoir et une fois que nous en aurons confirm\u00e9 la r\u00e9ception, nous rembourserons le montant du produit moins les frais d&rsquo;exp\u00e9dition et le remboursement sera effectu\u00e9 sous la m\u00eame forme de paiement que celle utilis\u00e9e lors de l&rsquo;achat.<\/p>\n<p><!-- \/wp:paragraph --><\/p>\n<p>&nbsp;<\/p>\n<p><!-- wp:heading {\"level\":3} --><\/p>\n<h3 class=\"wp-block-heading\">PROTECTION DES DONN\u00c9ES<\/h3>\n<p><!-- \/wp:heading --><\/p>\n<p>&nbsp;<\/p>\n<p><!-- wp:paragraph --><\/p>\n<p>Les informations ou donn\u00e9es personnelles que vous nous fournissez seront trait\u00e9es conform\u00e9ment \u00e0 la <a href=\"https:\/\/www.toroshopping.com\/politica-de-privacidad\/\">politique de confidentialit\u00e9<\/a>. En utilisant ce site web, vous consentez au traitement de ces informations et donn\u00e9es et vous d\u00e9clarez que toutes les informations ou donn\u00e9es que vous fournissez sont vraies et exactes.<\/p>\n<p><!-- \/wp:paragraph --><\/p>\n<p>&nbsp;<\/p>\n<p><!-- wp:heading {\"level\":3} --><\/p>\n<h3 class=\"wp-block-heading\">MODIFICATIONS<\/h3>\n<p><!-- \/wp:heading --><\/p>\n<p>&nbsp;<\/p>\n<p><!-- wp:paragraph --><\/p>\n<p>LE PROPRI\u00c9TAIRE se r\u00e9serve le droit d&rsquo;apporter, sans pr\u00e9avis, les modifications qu&rsquo;il juge opportunes sur le site Web, en pouvant changer, supprimer ou ajouter aussi bien les contenus et les services fournis \u00e0 travers celui-ci que la fa\u00e7on dont ils sont pr\u00e9sent\u00e9s ou situ\u00e9s.<br \/>Bien que le propri\u00e9taire fasse tout son possible pour que les informations contenues dans le site Web soient \u00e0 jour et exemptes d&rsquo;erreurs, il ne donne aucune garantie quant \u00e0 leur exactitude ou \u00e0 leur actualit\u00e9. La r\u00e9alisation d&rsquo;un r\u00e9sultat ou d&rsquo;un objectif sp\u00e9cifique n&rsquo;est pas non plus garantie et, par cons\u00e9quent, l&rsquo;acc\u00e8s au site web et son utilisation rel\u00e8vent de la seule responsabilit\u00e9 des utilisateurs et des clients.<\/p>\n<p><!-- \/wp:paragraph --><\/p>\n<p>&nbsp;<\/p>\n<p><!-- wp:heading {\"level\":3} --><\/p>\n<h3 class=\"wp-block-heading\">ACTION JURIDIQUE<\/h3>\n<p><!-- \/wp:heading --><\/p>\n<p>&nbsp;<\/p>\n<p><!-- wp:paragraph --><\/p>\n<p>Le PROPRI\u00c9TAIRE poursuivra la violation des pr\u00e9sentes conditions d&rsquo;utilisation, ainsi que tout usage impropre du site Web ou de ses contenus, les infractions aux droits qui lui correspondent ou qui correspondent \u00e0 ses conc\u00e9dants, en particulier ceux de la propri\u00e9t\u00e9 intellectuelle et industrielle, en exer\u00e7ant toutes les actions, civiles et p\u00e9nales, qui peuvent lui correspondre dans la loi.<\/p>\n<p><!-- \/wp:paragraph --><\/p>\n<p>&nbsp;<\/p>\n<p><!-- wp:heading {\"level\":3} --><\/p>\n<h3 class=\"wp-block-heading\">R\u00c8GLEMENT EXTRAJUDICIAIRE DES LITIGES<\/h3>\n<p><!-- \/wp:heading --><\/p>\n<p>&nbsp;<\/p>\n<p><!-- wp:paragraph --><\/p>\n<p>Par ailleurs, en vertu de l&rsquo;article 14 du r\u00e8glement (UE) n\u00b0 524\/2013 relatif au r\u00e8glement des litiges de consommation, un lien direct vers la plateforme de r\u00e8glement des litiges en ligne est fourni :<br \/>https:\/\/ec.europa.eu\/consumers\/odr\/main\/index.cfm<\/p>\n<p><!-- \/wp:paragraph --><\/p>\n<p>&nbsp;<\/p>\n<p><!-- wp:heading {\"level\":3} --><\/p>\n<h3 class=\"wp-block-heading\">DROIT APPLICABLE ET JURIDICTION<\/h3>\n<p><!-- \/wp:heading --><\/p>\n<p>&nbsp;<\/p>\n<p><!-- wp:paragraph --><\/p>\n<p>Pour toute controverse ou conflit pouvant d\u00e9couler des pr\u00e9sentes conditions g\u00e9n\u00e9rales, la loi espagnole sera applicable. La r\u00e9solution des litiges rel\u00e8ve de la comp\u00e9tence des cours et tribunaux du domicile de l&rsquo;utilisateur ou du client.<\/p>\n<\/div><\/div><\/div><\/div><\/div><\/div><\/section>\n","protected":false},"excerpt":{"rendered":"Conditions g\u00e9n\u00e9rales d&rsquo;utilisation https:\/\/plazatorosalicante.com\/ (ci-apr\u00e8s, le site Web) est un site Web appartenant \u00e0 Toroshopping, S.L., ci-apr\u00e8s le propri\u00e9taire, avec CIF\/NIF n\u00ba : B92950146 et si\u00e8ge social \u00e0 : Centro Melior Vasari. Urbanizaci\u00f3n La Alzambra, 3, Local 1, C.P. 29660 &#8211; Marbella (M\u00e1laga). &nbsp; L&rsquo;acc\u00e8s, la reproduction et l&rsquo;utilisation des services du site Internet requi\u00e8rent...","protected":false},"author":1,"featured_media":0,"parent":0,"menu_order":0,"comment_status":"closed","ping_status":"closed","template":"","meta":{"_acf_changed":false,"footnotes":""},"class_list":["post-2723","page","type-page","status-publish","hentry"],"acf":[],"yoast_head":"<!-- This site is optimized with the Yoast SEO plugin v27.5 - https:\/\/yoast.com\/product\/yoast-seo-wordpress\/ -->\n<title>Conditions g\u00e9n\u00e9rales d&#039;utilisation - Plaza de Toros de Alicante<\/title>\n<meta name=\"robots\" content=\"index, follow, max-snippet:-1, max-image-preview:large, max-video-preview:-1\" \/>\n<link rel=\"canonical\" href=\"https:\/\/plazatorosalicante.com\/fr\/conditions-generales-dutilisation\/\" \/>\n<meta property=\"og:locale\" content=\"fr_FR\" \/>\n<meta property=\"og:type\" content=\"article\" \/>\n<meta property=\"og:title\" content=\"Conditions g\u00e9n\u00e9rales d&#039;utilisation - Plaza de Toros de Alicante\" \/>\n<meta property=\"og:url\" content=\"https:\/\/plazatorosalicante.com\/fr\/conditions-generales-dutilisation\/\" \/>\n<meta property=\"og:site_name\" content=\"Plaza de Toros de Alicante\" \/>\n<meta property=\"article:publisher\" content=\"https:\/\/www.facebook.com\/laplazaalicantetour\/\" \/>\n<meta property=\"article:modified_time\" content=\"2024-03-13T08:34:03+00:00\" \/>\n<meta property=\"og:image\" content=\"https:\/\/plazatorosalicante.com\/wp-content\/uploads\/2025\/03\/VIT_7836-scaled-1.jpg\" \/>\n\t<meta property=\"og:image:width\" content=\"2560\" \/>\n\t<meta property=\"og:image:height\" content=\"1696\" \/>\n\t<meta property=\"og:image:type\" content=\"image\/jpeg\" \/>\n<meta name=\"twitter:card\" content=\"summary_large_image\" \/>\n<meta name=\"twitter:label1\" content=\"Dur\u00e9e de lecture estim\u00e9e\" \/>\n\t<meta name=\"twitter:data1\" content=\"8 minutes\" \/>\n<script type=\"application\/ld+json\" class=\"yoast-schema-graph\">{\"@context\":\"https:\\\/\\\/schema.org\",\"@graph\":[{\"@type\":\"WebPage\",\"@id\":\"https:\\\/\\\/plazatorosalicante.com\\\/fr\\\/conditions-generales-dutilisation\\\/\",\"url\":\"https:\\\/\\\/plazatorosalicante.com\\\/fr\\\/conditions-generales-dutilisation\\\/\",\"name\":\"Conditions g\u00e9n\u00e9rales d'utilisation - Plaza de Toros de Alicante\",\"isPartOf\":{\"@id\":\"https:\\\/\\\/plazatorosalicante.com\\\/fr\\\/#website\"},\"datePublished\":\"2023-09-08T11:28:45+00:00\",\"dateModified\":\"2024-03-13T08:34:03+00:00\",\"breadcrumb\":{\"@id\":\"https:\\\/\\\/plazatorosalicante.com\\\/fr\\\/conditions-generales-dutilisation\\\/#breadcrumb\"},\"inLanguage\":\"fr-FR\",\"potentialAction\":[{\"@type\":\"ReadAction\",\"target\":[\"https:\\\/\\\/plazatorosalicante.com\\\/fr\\\/conditions-generales-dutilisation\\\/\"]}]},{\"@type\":\"BreadcrumbList\",\"@id\":\"https:\\\/\\\/plazatorosalicante.com\\\/fr\\\/conditions-generales-dutilisation\\\/#breadcrumb\",\"itemListElement\":[{\"@type\":\"ListItem\",\"position\":1,\"name\":\"Portada\",\"item\":\"https:\\\/\\\/plazatorosalicante.com\\\/fr\\\/page-daccueil\\\/\"},{\"@type\":\"ListItem\",\"position\":2,\"name\":\"Conditions g\u00e9n\u00e9rales d&rsquo;utilisation\"}]},{\"@type\":\"WebSite\",\"@id\":\"https:\\\/\\\/plazatorosalicante.com\\\/fr\\\/#website\",\"url\":\"https:\\\/\\\/plazatorosalicante.com\\\/fr\\\/\",\"name\":\"Plaza de Toros de Alicante\",\"description\":\"Plaza de toros Alicante - Visitas Tur\u00edsticas y Culturales en Vivo para Individuales y Grupos\",\"publisher\":{\"@id\":\"https:\\\/\\\/plazatorosalicante.com\\\/fr\\\/#organization\"},\"alternateName\":\"La Plaza Alicante Tour\",\"potentialAction\":[{\"@type\":\"SearchAction\",\"target\":{\"@type\":\"EntryPoint\",\"urlTemplate\":\"https:\\\/\\\/plazatorosalicante.com\\\/fr\\\/?s={search_term_string}\"},\"query-input\":{\"@type\":\"PropertyValueSpecification\",\"valueRequired\":true,\"valueName\":\"search_term_string\"}}],\"inLanguage\":\"fr-FR\"},{\"@type\":\"Organization\",\"@id\":\"https:\\\/\\\/plazatorosalicante.com\\\/fr\\\/#organization\",\"name\":\"Plaza de toros Alicante\",\"alternateName\":\"La Plaza Alicante Tour\",\"url\":\"https:\\\/\\\/plazatorosalicante.com\\\/fr\\\/\",\"logo\":{\"@type\":\"ImageObject\",\"inLanguage\":\"fr-FR\",\"@id\":\"https:\\\/\\\/plazatorosalicante.com\\\/fr\\\/#\\\/schema\\\/logo\\\/image\\\/\",\"url\":\"https:\\\/\\\/plazatorosalicante.com\\\/wp-content\\\/uploads\\\/2023\\\/10\\\/Logo-plaza-toros-alicante.jpg\",\"contentUrl\":\"https:\\\/\\\/plazatorosalicante.com\\\/wp-content\\\/uploads\\\/2023\\\/10\\\/Logo-plaza-toros-alicante.jpg\",\"width\":100,\"height\":100,\"caption\":\"Plaza de toros Alicante\"},\"image\":{\"@id\":\"https:\\\/\\\/plazatorosalicante.com\\\/fr\\\/#\\\/schema\\\/logo\\\/image\\\/\"},\"sameAs\":[\"https:\\\/\\\/www.facebook.com\\\/laplazaalicantetour\\\/\",\"https:\\\/\\\/www.instagram.com\\\/laplazaalicantetour\\\/\"]}]}<\/script>\n<!-- \/ Yoast SEO plugin. -->","yoast_head_json":{"title":"Conditions g\u00e9n\u00e9rales d'utilisation - Plaza de Toros de Alicante","robots":{"index":"index","follow":"follow","max-snippet":"max-snippet:-1","max-image-preview":"max-image-preview:large","max-video-preview":"max-video-preview:-1"},"canonical":"https:\/\/plazatorosalicante.com\/fr\/conditions-generales-dutilisation\/","og_locale":"fr_FR","og_type":"article","og_title":"Conditions g\u00e9n\u00e9rales d'utilisation - Plaza de Toros de Alicante","og_url":"https:\/\/plazatorosalicante.com\/fr\/conditions-generales-dutilisation\/","og_site_name":"Plaza de Toros de Alicante","article_publisher":"https:\/\/www.facebook.com\/laplazaalicantetour\/","article_modified_time":"2024-03-13T08:34:03+00:00","og_image":[{"width":2560,"height":1696,"url":"https:\/\/plazatorosalicante.com\/wp-content\/uploads\/2025\/03\/VIT_7836-scaled-1.jpg","type":"image\/jpeg"}],"twitter_card":"summary_large_image","twitter_misc":{"Dur\u00e9e de lecture estim\u00e9e":"8 minutes"},"schema":{"@context":"https:\/\/schema.org","@graph":[{"@type":"WebPage","@id":"https:\/\/plazatorosalicante.com\/fr\/conditions-generales-dutilisation\/","url":"https:\/\/plazatorosalicante.com\/fr\/conditions-generales-dutilisation\/","name":"Conditions g\u00e9n\u00e9rales d'utilisation - Plaza de Toros de Alicante","isPartOf":{"@id":"https:\/\/plazatorosalicante.com\/fr\/#website"},"datePublished":"2023-09-08T11:28:45+00:00","dateModified":"2024-03-13T08:34:03+00:00","breadcrumb":{"@id":"https:\/\/plazatorosalicante.com\/fr\/conditions-generales-dutilisation\/#breadcrumb"},"inLanguage":"fr-FR","potentialAction":[{"@type":"ReadAction","target":["https:\/\/plazatorosalicante.com\/fr\/conditions-generales-dutilisation\/"]}]},{"@type":"BreadcrumbList","@id":"https:\/\/plazatorosalicante.com\/fr\/conditions-generales-dutilisation\/#breadcrumb","itemListElement":[{"@type":"ListItem","position":1,"name":"Portada","item":"https:\/\/plazatorosalicante.com\/fr\/page-daccueil\/"},{"@type":"ListItem","position":2,"name":"Conditions g\u00e9n\u00e9rales d&rsquo;utilisation"}]},{"@type":"WebSite","@id":"https:\/\/plazatorosalicante.com\/fr\/#website","url":"https:\/\/plazatorosalicante.com\/fr\/","name":"Plaza de Toros de Alicante","description":"Plaza de toros Alicante - Visitas Tur\u00edsticas y Culturales en Vivo para Individuales y Grupos","publisher":{"@id":"https:\/\/plazatorosalicante.com\/fr\/#organization"},"alternateName":"La Plaza Alicante Tour","potentialAction":[{"@type":"SearchAction","target":{"@type":"EntryPoint","urlTemplate":"https:\/\/plazatorosalicante.com\/fr\/?s={search_term_string}"},"query-input":{"@type":"PropertyValueSpecification","valueRequired":true,"valueName":"search_term_string"}}],"inLanguage":"fr-FR"},{"@type":"Organization","@id":"https:\/\/plazatorosalicante.com\/fr\/#organization","name":"Plaza de toros Alicante","alternateName":"La Plaza Alicante Tour","url":"https:\/\/plazatorosalicante.com\/fr\/","logo":{"@type":"ImageObject","inLanguage":"fr-FR","@id":"https:\/\/plazatorosalicante.com\/fr\/#\/schema\/logo\/image\/","url":"https:\/\/plazatorosalicante.com\/wp-content\/uploads\/2023\/10\/Logo-plaza-toros-alicante.jpg","contentUrl":"https:\/\/plazatorosalicante.com\/wp-content\/uploads\/2023\/10\/Logo-plaza-toros-alicante.jpg","width":100,"height":100,"caption":"Plaza de toros Alicante"},"image":{"@id":"https:\/\/plazatorosalicante.com\/fr\/#\/schema\/logo\/image\/"},"sameAs":["https:\/\/www.facebook.com\/laplazaalicantetour\/","https:\/\/www.instagram.com\/laplazaalicantetour\/"]}]}},"_links":{"self":[{"href":"https:\/\/plazatorosalicante.com\/fr\/wp-json\/wp\/v2\/pages\/2723","targetHints":{"allow":["GET"]}}],"collection":[{"href":"https:\/\/plazatorosalicante.com\/fr\/wp-json\/wp\/v2\/pages"}],"about":[{"href":"https:\/\/plazatorosalicante.com\/fr\/wp-json\/wp\/v2\/types\/page"}],"author":[{"embeddable":true,"href":"https:\/\/plazatorosalicante.com\/fr\/wp-json\/wp\/v2\/users\/1"}],"replies":[{"embeddable":true,"href":"https:\/\/plazatorosalicante.com\/fr\/wp-json\/wp\/v2\/comments?post=2723"}],"version-history":[{"count":3,"href":"https:\/\/plazatorosalicante.com\/fr\/wp-json\/wp\/v2\/pages\/2723\/revisions"}],"predecessor-version":[{"id":7999,"href":"https:\/\/plazatorosalicante.com\/fr\/wp-json\/wp\/v2\/pages\/2723\/revisions\/7999"}],"wp:attachment":[{"href":"https:\/\/plazatorosalicante.com\/fr\/wp-json\/wp\/v2\/media?parent=2723"}],"curies":[{"name":"wp","href":"https:\/\/api.w.org\/{rel}","templated":true}]}}