{"id":2730,"date":"2023-09-07T11:05:40","date_gmt":"2023-09-07T11:05:40","guid":{"rendered":"http:\/\/plazatorosalicante.com\/politique-de-confidentialite\/"},"modified":"2023-10-09T10:43:53","modified_gmt":"2023-10-09T10:43:53","slug":"politique-de-confidentialite","status":"publish","type":"page","link":"https:\/\/plazatorosalicante.com\/fr\/politique-de-confidentialite\/","title":{"rendered":"Politique de confidentialit\u00e9"},"content":{"rendered":"<section class=\"l-section wpb_row height_medium\"><div class=\"l-section-h i-cf\"><div class=\"g-cols vc_row via_grid cols_1 laptops-cols_inherit tablets-cols_inherit mobiles-cols_1 valign_top type_default stacking_default\"><div class=\"wpb_column vc_column_container\"><div class=\"vc_column-inner\"><div class=\"wpb_text_column us_custom_4fbadcb9\"><div class=\"wpb_wrapper\"><p><p><strong>Protection des donn\u00e9es personnelles dans le cadre du GDPR<\/strong><\/p>\n<\/p>\n<p><p>Toroshopping, S.L., en application de la l\u00e9gislation en vigueur sur la protection des donn\u00e9es personnelles, informe que les donn\u00e9es personnelles collect\u00e9es \u00e0 travers les formulaires du site web : https:\/\/plazatorosalicante.com\/, sont incluses dans les fichiers automatis\u00e9s sp\u00e9cifiques des utilisateurs des services de Toroshopping, S.L..<\/p>\n<\/p>\n<p><p>La collecte et le traitement automatis\u00e9 des donn\u00e9es personnelles ont pour but de maintenir la relation commerciale et l&rsquo;ex\u00e9cution des t\u00e2ches d&rsquo;information, de formation, de conseil et d&rsquo;autres activit\u00e9s de Toroshopping, SL.<\/p>\n<\/p>\n<p><p>Ces donn\u00e9es ne seront transf\u00e9r\u00e9es qu&rsquo;aux entit\u00e9s n\u00e9cessaires dans le seul but de respecter l&rsquo;objectif susmentionn\u00e9.<\/p>\n<\/p>\n<p><p>Toroshopping, S.L. adopte les mesures n\u00e9cessaires pour assurer la s\u00e9curit\u00e9, l&rsquo;int\u00e9grit\u00e9 et la confidentialit\u00e9 des donn\u00e9es conform\u00e9ment aux dispositions du R\u00e8glement (UE) 2016\/679 du Parlement europ\u00e9en et du Conseil du 27 avril 2016 relatif \u00e0 la protection des personnes physiques \u00e0 l&rsquo;\u00e9gard du traitement des donn\u00e9es \u00e0 caract\u00e8re personnel et \u00e0 la libre circulation de ces donn\u00e9es.<\/p>\n<\/p>\n<p><p>L&rsquo;utilisateur peut \u00e0 tout moment exercer les droits d&rsquo;acc\u00e8s, d&rsquo;opposition, de rectification, d&rsquo;annulation, de limitation et de portabilit\u00e9 reconnus dans le r\u00e8glement (UE) susmentionn\u00e9. Ces droits peuvent \u00eatre exerc\u00e9s par l&rsquo;utilisateur en envoyant un courriel \u00e0 : info@plazatorosalicante.com\/ ou \u00e0 l&rsquo;adresse suivante : Centro Melior Vasari. Urbanizaci\u00f3n La Alzambra, 3, Local 1, C.P. 29660 &#8211; Marbella (M\u00e1laga).<\/p>\n<\/p>\n<p><p>L&rsquo;utilisateur d\u00e9clare que toutes les donn\u00e9es qu&rsquo;il a fournies sont vraies et correctes, et s&rsquo;engage \u00e0 les tenir \u00e0 jour, en communiquant tout changement \u00e0 Toroshopping, S.L.<\/p>\n<\/p>\n<p><p><strong>Objectif du traitement des donn\u00e9es personnelles :<\/strong><\/p>\n<\/p>\n<p><p><strong>\u00c0 quelles fins traitons-nous vos donn\u00e9es \u00e0 caract\u00e8re personnel ?<\/strong><\/p>\n<\/p>\n<p><p>Chez Toroshopping, S.L., nous traiterons vos donn\u00e9es personnelles collect\u00e9es sur le site web : https:\/\/plazatorosalicante.com\/, aux fins suivantes :<\/p>\n<\/p>\n<ol class=\"wp-block-list\">\n<li style=\"list-style-type: none;\">\n<ol>\n<li>En cas d&rsquo;achat de biens et de services offerts par l&rsquo;interm\u00e9diaire de https:\/\/plazatorosalicante.com\/, pour maintenir la relation contractuelle, ainsi que pour la gestion, l&rsquo;administration, l&rsquo;information, la fourniture et l&rsquo;am\u00e9lioration du service.<\/li>\n<ol>\n<li style=\"list-style-type: none;\">\n<ol>\n<li>Envoi des informations demand\u00e9es au moyen des formulaires disponibles sur le site https:\/\/plazatorosalicante.com\/.<\/li>\n<\/ol>\n<\/li>\n<\/ol>\n<ol>\n<li style=\"list-style-type: none;\">\n<ol>\n<li>Envoyer des bulletins d&rsquo;information, ainsi que des communications commerciales de promotion et\/ou de publicit\u00e9 de https:\/\/plazatorosalicante.com\/ et du secteur.<\/li>\n<\/ol>\n<\/li>\n<\/ol>\n<\/p>\n<p><p>Nous vous rappelons que vous pouvez vous opposer \u00e0 l&rsquo;envoi de communications commerciales par tout moyen et \u00e0 tout moment en envoyant un courrier \u00e9lectronique \u00e0 l&rsquo;adresse ci-dessus.<\/p>\n<\/p>\n<p><p>Les champs de ces registres doivent \u00eatre remplis et il est impossible de r\u00e9aliser les objectifs exprim\u00e9s si ces donn\u00e9es ne sont pas fournies.<\/p>\n<\/p>\n<p><p><strong>Combien de temps les donn\u00e9es personnelles collect\u00e9es seront-elles conserv\u00e9es ?<\/strong><\/p>\n<\/p>\n<p><p>Les donn\u00e9es personnelles fournies seront conserv\u00e9es aussi longtemps que la relation commerciale est maintenue ou que vous ne demandez pas leur suppression et pendant la p\u00e9riode au cours de laquelle des responsabilit\u00e9s l\u00e9gales peuvent d\u00e9couler des services fournis.<\/p>\n<\/p>\n<p><p><strong>L\u00e9gitimation :<\/strong><\/p>\n<\/p>\n<p><p>Le traitement de vos donn\u00e9es est effectu\u00e9 sur la base des fondements juridiques suivants qui le l\u00e9gitiment :<\/p>\n<\/p>\n<ol class=\"wp-block-list\">\n<li style=\"list-style-type: none;\">\n<ol>\n<li>La demande d&rsquo;information et\/ou l&rsquo;utilisation des services de Toroshopping, S.L., dont les conditions g\u00e9n\u00e9rales vous seront communiqu\u00e9es en tout \u00e9tat de cause, avant toute \u00e9ventuelle utilisation.<\/li>\n<ol>\n<li style=\"list-style-type: none;\">\n<ol>\n<li>Consentement libre, sp\u00e9cifique, \u00e9clair\u00e9 et sans \u00e9quivoque, dans la mesure o\u00f9 nous vous informons en mettant \u00e0 votre disposition la pr\u00e9sente politique de protection de la vie priv\u00e9e, que vous pouvez accepter, apr\u00e8s l&rsquo;avoir lue, au moyen d&rsquo;une d\u00e9claration ou d&rsquo;une action affirmative claire, par exemple en cochant une case pr\u00e9vue \u00e0 cet effet.<\/li>\n<\/ol>\n<\/li>\n<\/ol>\n<\/p>\n<p><p>Si vous ne nous fournissez pas vos coordonn\u00e9es, ou si vous les fournissez de mani\u00e8re incorrecte ou incompl\u00e8te, nous ne serons pas en mesure de traiter votre demande, ce qui nous emp\u00eachera de vous fournir les informations demand\u00e9es ou d&rsquo;ex\u00e9cuter le contrat de services.<\/p>\n<\/p>\n<p><p><strong>Groupe cible :<\/strong><\/p>\n<\/p>\n<p><p>Les donn\u00e9es ne seront pas communiqu\u00e9es \u00e0 des tiers en dehors de Toroshopping, S.L., sauf obligation l\u00e9gale.<\/p>\n<\/p>\n<\/p>\n<p><p><strong>Donn\u00e9es collect\u00e9es par les utilisateurs des services<\/strong><\/p>\n<\/p>\n<p><p>Dans les cas o\u00f9 l&rsquo;utilisateur inclut des fichiers contenant des donn\u00e9es personnelles sur des serveurs d&rsquo;h\u00e9bergement partag\u00e9s, Toroshopping, S.L. n&rsquo;est pas responsable du non-respect du RGPD par l&rsquo;utilisateur.<\/p>\n<\/p>\n<p><p><strong>Conservation des donn\u00e9es conform\u00e9ment \u00e0 la LSSI<\/strong><\/p>\n<\/p>\n<p><p>Toroshopping, S.L. informe qu&rsquo;en tant que fournisseur de services d&rsquo;h\u00e9bergement de donn\u00e9es et en vertu des dispositions de la loi 34\/2002 du 11 juillet 2002 sur les services de la soci\u00e9t\u00e9 de l&rsquo;information et le commerce \u00e9lectronique (LSSI), elle conserve pendant une p\u00e9riode maximale de 12 mois les informations n\u00e9cessaires pour identifier l&rsquo;origine des donn\u00e9es h\u00e9berg\u00e9es et le moment o\u00f9 le service a \u00e9t\u00e9 initi\u00e9. La conservation de ces donn\u00e9es n&rsquo;affecte pas le secret des communications et ne peut \u00eatre utilis\u00e9e que dans le cadre d&rsquo;une enqu\u00eate p\u00e9nale ou pour la sauvegarde de la s\u00e9curit\u00e9 publique, en \u00e9tant mise \u00e0 la disposition des juges et\/ou des tribunaux ou du minist\u00e8re qui le demande.<\/p>\n<\/p>\n<p><p>La communication des donn\u00e9es aux forces et corps de l&rsquo;\u00c9tat se fera conform\u00e9ment aux dispositions du r\u00e8glement sur la protection des donn\u00e9es \u00e0 caract\u00e8re personnel.<\/p>\n<\/p>\n<p><p><strong>Droits de propri\u00e9t\u00e9 intellectuelle https:\/\/plazatorosalicante.com\/<\/strong><\/p>\n<\/p>\n<p><p>Toroshopping, S.L. est titulaire de tous les droits d&rsquo;auteur, de propri\u00e9t\u00e9 intellectuelle et industrielle, de savoir-faire et de tout autre droit li\u00e9 au contenu du site web https:\/\/plazatorosalicante.com\/ et aux services qui y sont propos\u00e9s, ainsi qu&rsquo;aux programmes n\u00e9cessaires \u00e0 sa mise en \u0153uvre et \u00e0 l&rsquo;information connexe.<\/p>\n<\/p>\n<p><p>La reproduction, la publication et\/ou l&rsquo;utilisation autre que strictement priv\u00e9e du contenu, en tout ou en partie, du site web https:\/\/plazatorosalicante.com\/ n&rsquo;est pas autoris\u00e9e sans accord \u00e9crit pr\u00e9alable.<\/p>\n<\/p>\n<p><p><strong>Logiciels Propri\u00e9t\u00e9 intellectuelle<\/strong><\/p>\n<\/p>\n<p><p>L&rsquo;utilisateur doit respecter les logiciels de tiers mis \u00e0 disposition par Toroshopping, S.L., m\u00eame s&rsquo;ils sont gratuits et\/ou accessibles au public.<\/p>\n<\/p>\n<p><p>Toroshopping, S.L. poss\u00e8de les droits d&rsquo;exploitation et de propri\u00e9t\u00e9 intellectuelle du logiciel.<\/p>\n<\/p>\n<p><p>L&rsquo;utilisateur n&rsquo;acquiert aucun droit ou licence sur le service contract\u00e9, sur le logiciel n\u00e9cessaire \u00e0 la fourniture du service, ni sur les informations techniques permettant de contr\u00f4ler le service, \u00e0 l&rsquo;exception des droits et licences n\u00e9cessaires \u00e0 l&rsquo;ex\u00e9cution des services contract\u00e9s et uniquement pour la dur\u00e9e des services contract\u00e9s.<\/p>\n<\/p>\n<p><p>Pour toute action d\u00e9passant l&rsquo;ex\u00e9cution du contrat, l&rsquo;utilisateur devra obtenir l&rsquo;autorisation \u00e9crite de Toroshopping, S.L., et il lui est interdit d&rsquo;acc\u00e9der, de modifier, de visualiser la configuration, la structure et les fichiers des serveurs appartenant \u00e0 Toroshopping, S.L., en assumant la responsabilit\u00e9 civile et p\u00e9nale d\u00e9riv\u00e9e de tout incident pouvant survenir dans les serveurs et les syst\u00e8mes de s\u00e9curit\u00e9 comme cons\u00e9quence directe d&rsquo;une action n\u00e9gligente ou malveillante de sa part.<\/p>\n<\/p>\n<p><p><strong>Propri\u00e9t\u00e9 intellectuelle du contenu h\u00e9berg\u00e9<\/strong><\/p>\n<\/p>\n<p><p>L&rsquo;utilisation contraire \u00e0 la l\u00e9gislation sur la propri\u00e9t\u00e9 intellectuelle des services fournis par Toroshopping, S.L. et, en particulier, de :<\/p>\n<\/p>\n<ul class=\"wp-block-list\">\n<li style=\"list-style-type: none;\">\n<ul>\n<li>Utilisation contraire \u00e0 la loi espagnole ou portant atteinte aux droits de tiers.<\/li>\n<ul>\n<li style=\"list-style-type: none;\">\n<ul>\n<li>La publication ou la transmission de tout contenu qui, de l&rsquo;avis de Toroshopping, S.L., est violent, obsc\u00e8ne, abusif, ill\u00e9gal, racial, x\u00e9nophobe ou diffamatoire.<\/li>\n<\/ul>\n<\/li>\n<\/ul>\n<ul>\n<li style=\"list-style-type: none;\">\n<ul>\n<li>Les cracks, les num\u00e9ros de s\u00e9rie de logiciels ou tout autre contenu qui enfreint les droits de propri\u00e9t\u00e9 intellectuelle de tiers.<\/li>\n<\/ul>\n<\/li>\n<\/ul>\n<ul>\n<li style=\"list-style-type: none;\">\n<ul>\n<li>La collecte et\/ou l&rsquo;utilisation de donn\u00e9es personnelles d&rsquo;autres utilisateurs sans leur consentement expr\u00e8s ou en contravention avec les dispositions du R\u00e8glement (UE) 2016\/679 du Parlement europ\u00e9en et du Conseil du 27 avril 2016 relatif \u00e0 la protection des personnes physiques \u00e0 l&rsquo;\u00e9gard du traitement des donn\u00e9es \u00e0 caract\u00e8re personnel et \u00e0 la libre circulation de ces donn\u00e9es.<\/li>\n<\/ul>\n<\/li>\n<\/ul>\n<ul>\n<li style=\"list-style-type: none;\">\n<ul>\n<li>L&rsquo;utilisation du serveur de messagerie et des adresses \u00e9lectroniques du domaine pour l&rsquo;envoi de courriers \u00e9lectroniques en masse non sollicit\u00e9s.<br \/>L&rsquo;utilisateur est enti\u00e8rement responsable du contenu de son site web, des informations transmises et stock\u00e9es, des liens hypertextes, des r\u00e9clamations de tiers et des actions en justice relatives \u00e0 la propri\u00e9t\u00e9 intellectuelle, aux droits des tiers et \u00e0 la protection des mineurs.<br \/>L&rsquo;utilisateur est responsable du respect des lois et r\u00e8glements en vigueur et des r\u00e8gles concernant le fonctionnement du service en ligne, le commerce \u00e9lectronique, les droits d&rsquo;auteur, le maintien de l&rsquo;ordre public, ainsi que les principes universels d&rsquo;utilisation de l&rsquo;Internet.<br \/>L&rsquo;utilisateur indemnisera Toroshopping, S.L. pour les frais encourus par Toroshopping, S.L. dans tous les cas o\u00f9 l&rsquo;utilisateur est responsable, y compris les frais de justice et les d\u00e9penses, m\u00eame dans le cas d&rsquo;une d\u00e9cision de justice non d\u00e9finitive.<\/li>\n<\/ul>\n<\/li>\n<\/ul>\n<\/p>\n<p><p><strong>Protection des informations h\u00e9berg\u00e9es<\/strong><\/p>\n<\/p>\n<p><p>Toroshopping, S.L. fait des copies de sauvegarde des contenus h\u00e9berg\u00e9s sur ses serveurs, mais n&rsquo;est pas responsable de la perte ou de l&rsquo;effacement accidentel des donn\u00e9es par les utilisateurs. De m\u00eame, elle ne garantit pas la restauration compl\u00e8te des donn\u00e9es supprim\u00e9es par les utilisateurs, \u00e9tant donn\u00e9 que ces donn\u00e9es peuvent avoir \u00e9t\u00e9 supprim\u00e9es et\/ou modifi\u00e9es au cours de la p\u00e9riode \u00e9coul\u00e9e depuis la derni\u00e8re sauvegarde.<\/p>\n<\/p>\n<p><p>Les services offerts, \u00e0 l&rsquo;exception des services de sauvegarde sp\u00e9cifiques, n&rsquo;incluent pas le remplacement des contenus conserv\u00e9s dans les copies de sauvegarde r\u00e9alis\u00e9es par Toroshopping, S.L., lorsque cette perte est imputable \u00e0 l&rsquo;utilisateur ; dans ce cas, un tarif sera d\u00e9termin\u00e9 en fonction de la complexit\u00e9 et du volume de la r\u00e9cup\u00e9ration, toujours avec l&rsquo;acceptation pr\u00e9alable de l&rsquo;utilisateur.<\/p>\n<\/p>\n<p><p>Le remplacement des donn\u00e9es supprim\u00e9es n&rsquo;est inclus dans le prix du service que lorsque la perte du contenu est due \u00e0 des causes imputables \u00e0 Toroshopping, S.L..<\/p>\n<\/p>\n<p><p><strong>Communications commerciales<\/strong><\/p>\n<\/p>\n<p><p>En application de la LSSI. Toroshopping, S.L. n&rsquo;enverra pas de communications publicitaires ou promotionnelles par courrier \u00e9lectronique ou tout autre moyen \u00e9quivalent de communication \u00e9lectronique qui n&rsquo;ont pas \u00e9t\u00e9 pr\u00e9alablement demand\u00e9es ou express\u00e9ment autoris\u00e9es par les destinataires.<\/p>\n<\/p>\n<p><p>Dans le cas d&rsquo;utilisateurs avec lesquels il existe une relation contractuelle ant\u00e9rieure, Toroshopping, S.L. est autoris\u00e9 \u00e0 envoyer des communications commerciales concernant les produits ou services de Toroshopping, S.L. qui sont similaires \u00e0 ceux qui ont \u00e9t\u00e9 initialement contract\u00e9s avec le client.<\/p>\n<\/p>\n<p><p>Dans tous les cas, l&rsquo;utilisateur, apr\u00e8s avoir prouv\u00e9 son identit\u00e9, peut demander qu&rsquo;aucune autre information commerciale ne lui soit envoy\u00e9e par l&rsquo;interm\u00e9diaire des canaux du service client\u00e8le.<\/p><\/p>\n<\/div><\/div><\/div><\/div><\/div><\/div><\/section>\n","protected":false},"excerpt":{"rendered":"Protection des donn\u00e9es personnelles dans le cadre du GDPR Toroshopping, S.L., en application de la l\u00e9gislation en vigueur sur la protection des donn\u00e9es personnelles, informe que les donn\u00e9es personnelles collect\u00e9es \u00e0 travers les formulaires du site web : https:\/\/plazatorosalicante.com\/, sont incluses dans les fichiers automatis\u00e9s sp\u00e9cifiques des utilisateurs des services de Toroshopping, S.L.. La collecte...","protected":false},"author":1,"featured_media":0,"parent":0,"menu_order":0,"comment_status":"closed","ping_status":"open","template":"","meta":{"_acf_changed":false,"footnotes":""},"class_list":["post-2730","page","type-page","status-publish","hentry"],"acf":[],"yoast_head":"<!-- This site is optimized with the Yoast SEO plugin v27.4 - https:\/\/yoast.com\/product\/yoast-seo-wordpress\/ -->\n<title>Politique de confidentialit\u00e9 - Plaza de Toros de Alicante<\/title>\n<meta name=\"robots\" content=\"index, follow, max-snippet:-1, max-image-preview:large, max-video-preview:-1\" \/>\n<link rel=\"canonical\" href=\"https:\/\/plazatorosalicante.com\/fr\/politique-de-confidentialite\/\" \/>\n<meta property=\"og:locale\" content=\"fr_FR\" \/>\n<meta property=\"og:type\" content=\"article\" \/>\n<meta property=\"og:title\" content=\"Politique de confidentialit\u00e9 - Plaza de Toros de Alicante\" \/>\n<meta property=\"og:url\" content=\"https:\/\/plazatorosalicante.com\/fr\/politique-de-confidentialite\/\" \/>\n<meta property=\"og:site_name\" content=\"Plaza de Toros de Alicante\" \/>\n<meta property=\"article:modified_time\" content=\"2023-10-09T10:43:53+00:00\" \/>\n<meta property=\"og:image\" content=\"https:\/\/plazatorosalicante.com\/wp-content\/uploads\/2025\/03\/VIT_7836-scaled-1.jpg\" \/>\n\t<meta property=\"og:image:width\" content=\"2560\" \/>\n\t<meta property=\"og:image:height\" content=\"1696\" \/>\n\t<meta property=\"og:image:type\" content=\"image\/jpeg\" \/>\n<meta name=\"twitter:card\" content=\"summary_large_image\" \/>\n<meta name=\"twitter:label1\" content=\"Dur\u00e9e de lecture estim\u00e9e\" \/>\n\t<meta name=\"twitter:data1\" content=\"9 minutes\" \/>\n<script type=\"application\/ld+json\" class=\"yoast-schema-graph\">{\"@context\":\"https:\\\/\\\/schema.org\",\"@graph\":[{\"@type\":\"WebPage\",\"@id\":\"https:\\\/\\\/plazatorosalicante.com\\\/fr\\\/politique-de-confidentialite\\\/\",\"url\":\"https:\\\/\\\/plazatorosalicante.com\\\/fr\\\/politique-de-confidentialite\\\/\",\"name\":\"Politique de confidentialit\u00e9 - Plaza de Toros de Alicante\",\"isPartOf\":{\"@id\":\"https:\\\/\\\/plazatorosalicante.com\\\/fr\\\/#website\"},\"datePublished\":\"2023-09-07T11:05:40+00:00\",\"dateModified\":\"2023-10-09T10:43:53+00:00\",\"breadcrumb\":{\"@id\":\"https:\\\/\\\/plazatorosalicante.com\\\/fr\\\/politique-de-confidentialite\\\/#breadcrumb\"},\"inLanguage\":\"fr-FR\",\"potentialAction\":[{\"@type\":\"ReadAction\",\"target\":[\"https:\\\/\\\/plazatorosalicante.com\\\/fr\\\/politique-de-confidentialite\\\/\"]}]},{\"@type\":\"BreadcrumbList\",\"@id\":\"https:\\\/\\\/plazatorosalicante.com\\\/fr\\\/politique-de-confidentialite\\\/#breadcrumb\",\"itemListElement\":[{\"@type\":\"ListItem\",\"position\":1,\"name\":\"Portada\",\"item\":\"https:\\\/\\\/plazatorosalicante.com\\\/fr\\\/page-daccueil\\\/\"},{\"@type\":\"ListItem\",\"position\":2,\"name\":\"Politique de confidentialit\u00e9\"}]},{\"@type\":\"WebSite\",\"@id\":\"https:\\\/\\\/plazatorosalicante.com\\\/fr\\\/#website\",\"url\":\"https:\\\/\\\/plazatorosalicante.com\\\/fr\\\/\",\"name\":\"Plaza de Toros de Alicante\",\"description\":\"Plaza de toros Alicante - Visitas Tur\u00edsticas y Culturales en Vivo para Individuales y Grupos\",\"publisher\":{\"@id\":\"https:\\\/\\\/plazatorosalicante.com\\\/fr\\\/#organization\"},\"alternateName\":\"La Plaza Alicante Tour\",\"potentialAction\":[{\"@type\":\"SearchAction\",\"target\":{\"@type\":\"EntryPoint\",\"urlTemplate\":\"https:\\\/\\\/plazatorosalicante.com\\\/fr\\\/?s={search_term_string}\"},\"query-input\":{\"@type\":\"PropertyValueSpecification\",\"valueRequired\":true,\"valueName\":\"search_term_string\"}}],\"inLanguage\":\"fr-FR\"},{\"@type\":\"Organization\",\"@id\":\"https:\\\/\\\/plazatorosalicante.com\\\/fr\\\/#organization\",\"name\":\"Plaza de toros Alicante\",\"alternateName\":\"La Plaza Alicante Tour\",\"url\":\"https:\\\/\\\/plazatorosalicante.com\\\/fr\\\/\",\"logo\":{\"@type\":\"ImageObject\",\"inLanguage\":\"fr-FR\",\"@id\":\"https:\\\/\\\/plazatorosalicante.com\\\/fr\\\/#\\\/schema\\\/logo\\\/image\\\/\",\"url\":\"https:\\\/\\\/plazatorosalicante.com\\\/wp-content\\\/uploads\\\/2023\\\/10\\\/Logo-plaza-toros-alicante.jpg\",\"contentUrl\":\"https:\\\/\\\/plazatorosalicante.com\\\/wp-content\\\/uploads\\\/2023\\\/10\\\/Logo-plaza-toros-alicante.jpg\",\"width\":100,\"height\":100,\"caption\":\"Plaza de toros Alicante\"},\"image\":{\"@id\":\"https:\\\/\\\/plazatorosalicante.com\\\/fr\\\/#\\\/schema\\\/logo\\\/image\\\/\"}}]}<\/script>\n<!-- \/ Yoast SEO plugin. -->","yoast_head_json":{"title":"Politique de confidentialit\u00e9 - Plaza de Toros de Alicante","robots":{"index":"index","follow":"follow","max-snippet":"max-snippet:-1","max-image-preview":"max-image-preview:large","max-video-preview":"max-video-preview:-1"},"canonical":"https:\/\/plazatorosalicante.com\/fr\/politique-de-confidentialite\/","og_locale":"fr_FR","og_type":"article","og_title":"Politique de confidentialit\u00e9 - Plaza de Toros de Alicante","og_url":"https:\/\/plazatorosalicante.com\/fr\/politique-de-confidentialite\/","og_site_name":"Plaza de Toros de Alicante","article_modified_time":"2023-10-09T10:43:53+00:00","og_image":[{"width":2560,"height":1696,"url":"https:\/\/plazatorosalicante.com\/wp-content\/uploads\/2025\/03\/VIT_7836-scaled-1.jpg","type":"image\/jpeg"}],"twitter_card":"summary_large_image","twitter_misc":{"Dur\u00e9e de lecture estim\u00e9e":"9 minutes"},"schema":{"@context":"https:\/\/schema.org","@graph":[{"@type":"WebPage","@id":"https:\/\/plazatorosalicante.com\/fr\/politique-de-confidentialite\/","url":"https:\/\/plazatorosalicante.com\/fr\/politique-de-confidentialite\/","name":"Politique de confidentialit\u00e9 - Plaza de Toros de Alicante","isPartOf":{"@id":"https:\/\/plazatorosalicante.com\/fr\/#website"},"datePublished":"2023-09-07T11:05:40+00:00","dateModified":"2023-10-09T10:43:53+00:00","breadcrumb":{"@id":"https:\/\/plazatorosalicante.com\/fr\/politique-de-confidentialite\/#breadcrumb"},"inLanguage":"fr-FR","potentialAction":[{"@type":"ReadAction","target":["https:\/\/plazatorosalicante.com\/fr\/politique-de-confidentialite\/"]}]},{"@type":"BreadcrumbList","@id":"https:\/\/plazatorosalicante.com\/fr\/politique-de-confidentialite\/#breadcrumb","itemListElement":[{"@type":"ListItem","position":1,"name":"Portada","item":"https:\/\/plazatorosalicante.com\/fr\/page-daccueil\/"},{"@type":"ListItem","position":2,"name":"Politique de confidentialit\u00e9"}]},{"@type":"WebSite","@id":"https:\/\/plazatorosalicante.com\/fr\/#website","url":"https:\/\/plazatorosalicante.com\/fr\/","name":"Plaza de Toros de Alicante","description":"Plaza de toros Alicante - Visitas Tur\u00edsticas y Culturales en Vivo para Individuales y Grupos","publisher":{"@id":"https:\/\/plazatorosalicante.com\/fr\/#organization"},"alternateName":"La Plaza Alicante Tour","potentialAction":[{"@type":"SearchAction","target":{"@type":"EntryPoint","urlTemplate":"https:\/\/plazatorosalicante.com\/fr\/?s={search_term_string}"},"query-input":{"@type":"PropertyValueSpecification","valueRequired":true,"valueName":"search_term_string"}}],"inLanguage":"fr-FR"},{"@type":"Organization","@id":"https:\/\/plazatorosalicante.com\/fr\/#organization","name":"Plaza de toros Alicante","alternateName":"La Plaza Alicante Tour","url":"https:\/\/plazatorosalicante.com\/fr\/","logo":{"@type":"ImageObject","inLanguage":"fr-FR","@id":"https:\/\/plazatorosalicante.com\/fr\/#\/schema\/logo\/image\/","url":"https:\/\/plazatorosalicante.com\/wp-content\/uploads\/2023\/10\/Logo-plaza-toros-alicante.jpg","contentUrl":"https:\/\/plazatorosalicante.com\/wp-content\/uploads\/2023\/10\/Logo-plaza-toros-alicante.jpg","width":100,"height":100,"caption":"Plaza de toros Alicante"},"image":{"@id":"https:\/\/plazatorosalicante.com\/fr\/#\/schema\/logo\/image\/"}}]}},"_links":{"self":[{"href":"https:\/\/plazatorosalicante.com\/fr\/wp-json\/wp\/v2\/pages\/2730","targetHints":{"allow":["GET"]}}],"collection":[{"href":"https:\/\/plazatorosalicante.com\/fr\/wp-json\/wp\/v2\/pages"}],"about":[{"href":"https:\/\/plazatorosalicante.com\/fr\/wp-json\/wp\/v2\/types\/page"}],"author":[{"embeddable":true,"href":"https:\/\/plazatorosalicante.com\/fr\/wp-json\/wp\/v2\/users\/1"}],"replies":[{"embeddable":true,"href":"https:\/\/plazatorosalicante.com\/fr\/wp-json\/wp\/v2\/comments?post=2730"}],"version-history":[{"count":3,"href":"https:\/\/plazatorosalicante.com\/fr\/wp-json\/wp\/v2\/pages\/2730\/revisions"}],"predecessor-version":[{"id":3370,"href":"https:\/\/plazatorosalicante.com\/fr\/wp-json\/wp\/v2\/pages\/2730\/revisions\/3370"}],"wp:attachment":[{"href":"https:\/\/plazatorosalicante.com\/fr\/wp-json\/wp\/v2\/media?parent=2730"}],"curies":[{"name":"wp","href":"https:\/\/api.w.org\/{rel}","templated":true}]}}