{"id":2768,"date":"2023-09-11T10:44:24","date_gmt":"2023-09-11T10:44:24","guid":{"rendered":"http:\/\/plazatorosalicante.com\/a-propos-du-carre\/"},"modified":"2025-05-09T09:16:55","modified_gmt":"2025-05-09T09:16:55","slug":"sur-les-arenes","status":"publish","type":"page","link":"https:\/\/plazatorosalicante.com\/fr\/sur-les-arenes\/","title":{"rendered":"A propos des ar\u00e8nes"},"content":{"rendered":"<section class=\"l-section wpb_row height_medium\"><div class=\"l-section-h i-cf\"><div class=\"g-cols vc_row via_grid cols_1 laptops-cols_inherit tablets-cols_inherit mobiles-cols_1 valign_top type_default stacking_default\"><div class=\"wpb_column vc_column_container\"><div class=\"vc_column-inner\"><div class=\"wpb_text_column\"><div class=\"wpb_wrapper\"><h1 style=\"text-align: center;\">Informations sur les ar\u00e8nes d&rsquo;Alicante<\/h1>\n<\/div><\/div><\/div><\/div><\/div><\/div><\/section><section class=\"l-section wpb_row height_medium\"><div class=\"l-section-h i-cf\"><div class=\"g-cols vc_row via_grid cols_2 laptops-cols_inherit tablets-cols_inherit mobiles-cols_1 valign_middle type_default stacking_default\"><div class=\"wpb_column vc_column_container\"><div class=\"vc_column-inner\"><div class=\"w-image align_none\"><div class=\"w-image-h\"><img decoding=\"async\" width=\"640\" height=\"640\" src=\"https:\/\/plazatorosalicante.com\/wp-content\/uploads\/2023\/10\/Puerta-grande-plaza-alicante.jpg\" class=\"attachment-large size-large\" alt=\"entr\u00e9e principale des ar\u00e8nes d&#039;Alicante\" loading=\"lazy\" srcset=\"https:\/\/plazatorosalicante.com\/wp-content\/uploads\/2023\/10\/Puerta-grande-plaza-alicante.jpg 640w, https:\/\/plazatorosalicante.com\/wp-content\/uploads\/2023\/10\/Puerta-grande-plaza-alicante-300x300.jpg 300w, https:\/\/plazatorosalicante.com\/wp-content\/uploads\/2023\/10\/Puerta-grande-plaza-alicante-150x150.jpg 150w, https:\/\/plazatorosalicante.com\/wp-content\/uploads\/2023\/10\/Puerta-grande-plaza-alicante-600x600.jpg 600w\" sizes=\"auto, (max-width: 640px) 100vw, 640px\" \/><\/div><\/div><\/div><\/div><div class=\"wpb_column vc_column_container\"><div class=\"vc_column-inner\"><div class=\"wpb_text_column\"><div class=\"wpb_wrapper\"><h2>Histoire des ar\u00e8nes<\/h2>\n<ul>\n<li><strong>Origine et construction :<\/strong> L&rsquo;id\u00e9e de construire des ar\u00e8nes \u00e0 Alicante est n\u00e9e au d\u00e9but du XIXe si\u00e8cle. Les travaux, con\u00e7us par l&rsquo;architecte Jos\u00e9 Guardiola Pic\u00f3, ont commenc\u00e9 en 1847 et se sont achev\u00e9s en 1888. Sa construction a \u00e9t\u00e9 un exploit monumental en soi, compte tenu du d\u00e9fi technique de l&rsquo;\u00e9poque et de la complexit\u00e9 de l&rsquo;architecture tauromachique.<\/li>\n<li><strong>Style architectural:<\/strong> Les ar\u00e8nes d&rsquo;Alicante pr\u00e9sentent une architecture populaire, caract\u00e9ris\u00e9e par l&rsquo;influence d&rsquo;\u00e9l\u00e9ments architecturaux de l&rsquo;\u00e9poque. Ce style se retrouve dans les arcs en plein cintre, les fen\u00eatres et les d\u00e9tails ornementaux qui ornent la fa\u00e7ade et l&rsquo;int\u00e9rieur de la place.<\/li>\n<li><strong>Capacit\u00e9 et conception:<\/strong> La place a une capacit\u00e9 d&rsquo;accueil de plus de 11 600 spectateurs, ce qui en fait l&rsquo;une des plus grandes d&rsquo;Espagne. La conception circulaire et la disposition des si\u00e8ges permettent une vue optimale depuis n&rsquo;importe quel si\u00e8ge, ce qui contribue \u00e0 l&rsquo;excitation et \u00e0 la participation du public pendant les corridas.<\/li>\n<li><strong>\u00c9v\u00e9nements historiques :<\/strong> Au fil des ans, les ar\u00e8nes d&rsquo;Alicante ont \u00e9t\u00e9 le th\u00e9\u00e2tre de nombreux \u00e9v\u00e9nements historiques et de spectacles m\u00e9morables de toreros c\u00e9l\u00e8bres. Ces corridas ont forg\u00e9 une part importante de la tradition taurine dans la r\u00e9gion et ont contribu\u00e9 \u00e0 la r\u00e9putation des ar\u00e8nes.<\/li>\n<\/ul>\n<\/div><\/div><\/div><\/div><\/div><\/div><\/section><section class=\"l-section wpb_row height_medium color_alternate\"><div class=\"l-section-h i-cf\"><div class=\"g-cols vc_row via_grid cols_1 laptops-cols_inherit tablets-cols_inherit mobiles-cols_1 valign_middle type_default stacking_default\"><div class=\"wpb_column vc_column_container\"><div class=\"vc_column-inner\"><div class=\"wpb_text_column\"><div class=\"wpb_wrapper\"><p><span style=\"font-weight: 400;\">Les ar\u00e8nes d&rsquo;Alicante sont un embl\u00e8me culturel et architectural de la province d&rsquo;Alicante, en Espagne. Son histoire remonte au XIXe si\u00e8cle, lorsque l&rsquo;enthousiasme pour la tauromachie \u00e9tait \u00e0 son comble dans la r\u00e9gion.<\/span><\/p>\n<\/div><\/div><\/div><\/div><\/div><\/div><\/section><section class=\"l-section wpb_row height_medium\"><div class=\"l-section-h i-cf\"><div class=\"g-cols vc_row via_grid cols_2 laptops-cols_inherit tablets-cols_inherit mobiles-cols_1 valign_middle type_default stacking_default\"><div class=\"wpb_column vc_column_container\"><div class=\"vc_column-inner\"><div class=\"w-image align_none\"><div class=\"w-image-h\"><img decoding=\"async\" width=\"640\" height=\"640\" src=\"https:\/\/plazatorosalicante.com\/wp-content\/uploads\/2023\/10\/Tendidos-plaza-toros.jpg\" class=\"attachment-large size-large\" alt=\"Les ar\u00e8nes d&#039;Alicante s&#039;\u00e9tendent\" loading=\"lazy\" srcset=\"https:\/\/plazatorosalicante.com\/wp-content\/uploads\/2023\/10\/Tendidos-plaza-toros.jpg 640w, https:\/\/plazatorosalicante.com\/wp-content\/uploads\/2023\/10\/Tendidos-plaza-toros-300x300.jpg 300w, https:\/\/plazatorosalicante.com\/wp-content\/uploads\/2023\/10\/Tendidos-plaza-toros-150x150.jpg 150w, https:\/\/plazatorosalicante.com\/wp-content\/uploads\/2023\/10\/Tendidos-plaza-toros-600x600.jpg 600w\" sizes=\"auto, (max-width: 640px) 100vw, 640px\" \/><\/div><\/div><\/div><\/div><div class=\"wpb_column vc_column_container\"><div class=\"vc_column-inner\"><div class=\"wpb_text_column\"><div class=\"wpb_wrapper\"><h2>Une architecture et un design uniques<\/h2>\n<ul>\n<li><strong>Style:<\/strong> Les ar\u00e8nes d&rsquo;Alicante se distinguent par son style architectural populaire. La fa\u00e7ade ext\u00e9rieure se caract\u00e9rise par sa sobri\u00e9t\u00e9 et sa couleur terre claire qui \u00e9voque un sentiment d&rsquo;\u00e9l\u00e9gance et d&rsquo;authenticit\u00e9 taurine.<\/li>\n<li><strong>Ruedo Central :<\/strong> Le c\u0153ur de l&rsquo;ar\u00e8ne est son anneau central. Cet espace est spacieux et ouvert, ce qui permet aux toreros et aux taureaux de donner le meilleur d&rsquo;eux-m\u00eames.<\/li>\n<li><strong>Si\u00e8ges et loges :<\/strong> ils offrent une vue panoramique sur l&rsquo;action. Les gradins sup\u00e9rieurs sont sur\u00e9lev\u00e9s, offrant une vue compl\u00e8te des ar\u00e8nes et cr\u00e9ant une atmosph\u00e8re unique d&rsquo;excitation.<\/li>\n<li><strong>Color\u00e9e et d\u00e9taill\u00e9e :<\/strong> la conception de la place comprend une palette de couleurs vibrantes, avec des mosa\u00efques en c\u00e9ramique qui ornent les murs et le sol. Des d\u00e9tails artistiques, tels que des carreaux d\u00e9coratifs, ajoutent une touche distinctive \u00e0 l&rsquo;architecture.<\/li>\n<\/ul>\n<\/div><\/div><\/div><\/div><\/div><\/div><\/section><section class=\"l-section wpb_row height_medium color_alternate\"><div class=\"l-section-h i-cf\"><div class=\"g-cols vc_row via_grid cols_1 laptops-cols_inherit tablets-cols_inherit mobiles-cols_1 valign_middle type_default stacking_default\"><div class=\"wpb_column vc_column_container\"><div class=\"vc_column-inner\"><div class=\"wpb_text_column\"><div class=\"wpb_wrapper\"><h3>Plus qu&rsquo;une ar\u00e8ne<\/h3>\n<p><span style=\"font-weight: 400;\">Les ar\u00e8nes d&rsquo;Alicante sont un symbole de la culture et de l&rsquo;histoire de la r\u00e9gion. Son architecture unique et sa riche histoire en font une destination incontournable pour les amateurs de tauromachie et les passionn\u00e9s d&rsquo;architecture. Ces ar\u00e8nes ont \u00e9t\u00e9 le t\u00e9moin de si\u00e8cles de tradition tauromachique et continuent d&rsquo;\u00eatre un lieu embl\u00e9matique o\u00f9 la passion et l&rsquo;\u00e9l\u00e9gance se rencontrent \u00e0 chaque corrida.<\/span><\/p>\n<\/div><\/div><\/div><\/div><\/div><\/div><\/section><section class=\"l-section wpb_row height_medium\"><div class=\"l-section-h i-cf\"><div class=\"g-cols vc_row via_grid cols_1 laptops-cols_inherit tablets-cols_inherit mobiles-cols_1 valign_top type_default stacking_default\"><div class=\"wpb_column vc_column_container\"><div class=\"vc_column-inner\"><div class=\"wpb_text_column\"><div class=\"wpb_wrapper\"><h2>Voulez-vous visiter les ar\u00e8nes?<\/h2>\n<p>La visite des ar\u00e8nes d&rsquo;Alicante est d\u00e9sormais disponible. Choisissez le type de billet qui vous int\u00e9resse le plus et profitez d&rsquo;une visite touristique sans pr\u00e9c\u00e9dent.<\/p>\n<\/div><\/div><div class=\"g-cols wpb_row via_grid cols_3 laptops-cols_inherit tablets-cols_inherit mobiles-cols_1 valign_top type_default stacking_default\" style=\"--columns-gap:3rem;\"><div class=\"wpb_column vc_column_container\"><div class=\"vc_column-inner\"><div class=\"w-ibanner us_custom_e7c215f2 has_text_color animation_caeros ratio_3x2 easing_ease\"><a href=\"https:\/\/plazatorosalicante.com\/fr\/tour\/visites-individuelles\/\" aria-label=\"Entr\u00e9e individuelle\"><\/a><div class=\"w-ibanner-h\"><div class=\"w-ibanner-image\" style=\"background-image: url(https:\/\/plazatorosalicante.com\/wp-content\/uploads\/2023\/11\/Tour-plaza-de-toros-alicante-1024x652.webp)\"><\/div><div class=\"w-ibanner-content\"><div class=\"w-ibanner-content-h\"><h3 class=\"w-ibanner-title\">Entr\u00e9e individuelle<\/h3><div class=\"w-ibanner-desc\"><p>Id\u00e9al pour visiter la place \u00e0 son rythme.<\/p>\n<\/div><\/div><\/div><\/div><\/div><\/div><\/div><div class=\"wpb_column vc_column_container\"><div class=\"vc_column-inner\"><div class=\"w-ibanner us_custom_e1b7d205 has_text_color animation_caeros ratio_3x2 easing_ease\"><a href=\"https:\/\/plazatorosalicante.com\/fr\/tour\/visite-guidee-vip\/\" aria-label=\"Billet VIP\"><\/a><div class=\"w-ibanner-h\"><div class=\"w-ibanner-image\" style=\"background-image: url(https:\/\/plazatorosalicante.com\/wp-content\/uploads\/2024\/03\/Guia-privado.webp)\"><\/div><div class=\"w-ibanner-content\"><div class=\"w-ibanner-content-h\"><h3 class=\"w-ibanner-title\">Billet VIP<\/h3><div class=\"w-ibanner-desc\"><p>Id\u00e9al pour ceux qui souhaitent une visite guid\u00e9e.<\/p>\n<\/div><\/div><\/div><\/div><\/div><\/div><\/div><div class=\"wpb_column vc_column_container\"><div class=\"vc_column-inner\"><div class=\"w-ibanner us_custom_3f22c716 has_text_color animation_caeros ratio_3x2 easing_ease\"><a href=\"https:\/\/plazatorosalicante.com\/fr\/tour\/visites-de-groupe\/\" aria-label=\"Billets de groupe\"><\/a><div class=\"w-ibanner-h\"><div class=\"w-ibanner-image\" style=\"background-image: url(https:\/\/plazatorosalicante.com\/wp-content\/uploads\/2024\/03\/visita-grupal.jpg)\"><\/div><div class=\"w-ibanner-content\"><div class=\"w-ibanner-content-h\"><h3 class=\"w-ibanner-title\">Billets de groupe<\/h3><div class=\"w-ibanner-desc\"><p>Pour les groupes scolaires ou d'adultes.<\/p>\n<\/div><\/div><\/div><\/div><\/div><\/div><\/div><\/div><\/div><\/div><\/div><\/div><\/section>\n","protected":false},"excerpt":{"rendered":"Informations sur les ar\u00e8nes d&rsquo;Alicante Histoire des ar\u00e8nes Origine et construction : L&rsquo;id\u00e9e de construire des ar\u00e8nes \u00e0 Alicante est n\u00e9e au d\u00e9but du XIXe si\u00e8cle. Les travaux, con\u00e7us par l&rsquo;architecte Jos\u00e9 Guardiola Pic\u00f3, ont commenc\u00e9 en 1847 et se sont achev\u00e9s en 1888. Sa construction a \u00e9t\u00e9 un exploit monumental en soi, compte tenu...","protected":false},"author":1,"featured_media":0,"parent":0,"menu_order":0,"comment_status":"closed","ping_status":"closed","template":"","meta":{"_acf_changed":false,"footnotes":""},"class_list":["post-2768","page","type-page","status-publish","hentry"],"acf":[],"yoast_head":"<!-- This site is optimized with the Yoast SEO plugin v27.6 - https:\/\/yoast.com\/product\/yoast-seo-wordpress\/ -->\n<title>Histoire Plaza de Toros Alicante | La Plaza Alicante<\/title>\n<meta name=\"description\" content=\"Tout ce qu&#039;il faut savoir sur les ar\u00e8nes d&#039;Alicante. D\u00e9couvrez son histoire, son architecture et ses curiosit\u00e9s [Plaza de Toros Alicante]\" \/>\n<meta name=\"robots\" content=\"index, follow, max-snippet:-1, max-image-preview:large, max-video-preview:-1\" \/>\n<link rel=\"canonical\" href=\"https:\/\/plazatorosalicante.com\/fr\/sur-les-arenes\/\" \/>\n<meta property=\"og:locale\" content=\"fr_FR\" \/>\n<meta property=\"og:type\" content=\"article\" \/>\n<meta property=\"og:title\" content=\"Histoire Plaza de Toros Alicante | La Plaza Alicante\" \/>\n<meta property=\"og:description\" content=\"Tout ce qu&#039;il faut savoir sur les ar\u00e8nes d&#039;Alicante. D\u00e9couvrez son histoire, son architecture et ses curiosit\u00e9s [Plaza de Toros Alicante]\" \/>\n<meta property=\"og:url\" content=\"https:\/\/plazatorosalicante.com\/fr\/sur-les-arenes\/\" \/>\n<meta property=\"og:site_name\" content=\"Plaza de Toros de Alicante\" \/>\n<meta property=\"article:publisher\" content=\"https:\/\/www.facebook.com\/laplazaalicantetour\/\" \/>\n<meta property=\"article:modified_time\" content=\"2025-05-09T09:16:55+00:00\" \/>\n<meta property=\"og:image\" content=\"https:\/\/plazatorosalicante.com\/wp-content\/uploads\/2025\/03\/VIT_7836-scaled-1.jpg\" \/>\n\t<meta property=\"og:image:width\" content=\"2560\" \/>\n\t<meta property=\"og:image:height\" content=\"1696\" \/>\n\t<meta property=\"og:image:type\" content=\"image\/jpeg\" \/>\n<meta name=\"twitter:card\" content=\"summary_large_image\" \/>\n<meta name=\"twitter:label1\" content=\"Dur\u00e9e de lecture estim\u00e9e\" \/>\n\t<meta name=\"twitter:data1\" content=\"4 minutes\" \/>\n<script type=\"application\/ld+json\" class=\"yoast-schema-graph\">{\"@context\":\"https:\\\/\\\/schema.org\",\"@graph\":[{\"@type\":\"WebPage\",\"@id\":\"https:\\\/\\\/plazatorosalicante.com\\\/fr\\\/sur-les-arenes\\\/\",\"url\":\"https:\\\/\\\/plazatorosalicante.com\\\/fr\\\/sur-les-arenes\\\/\",\"name\":\"Histoire Plaza de Toros Alicante | La Plaza Alicante\",\"isPartOf\":{\"@id\":\"https:\\\/\\\/plazatorosalicante.com\\\/fr\\\/#website\"},\"datePublished\":\"2023-09-11T10:44:24+00:00\",\"dateModified\":\"2025-05-09T09:16:55+00:00\",\"description\":\"Tout ce qu'il faut savoir sur les ar\u00e8nes d'Alicante. D\u00e9couvrez son histoire, son architecture et ses curiosit\u00e9s [Plaza de Toros Alicante]\",\"breadcrumb\":{\"@id\":\"https:\\\/\\\/plazatorosalicante.com\\\/fr\\\/sur-les-arenes\\\/#breadcrumb\"},\"inLanguage\":\"fr-FR\",\"potentialAction\":[{\"@type\":\"ReadAction\",\"target\":[\"https:\\\/\\\/plazatorosalicante.com\\\/fr\\\/sur-les-arenes\\\/\"]}]},{\"@type\":\"BreadcrumbList\",\"@id\":\"https:\\\/\\\/plazatorosalicante.com\\\/fr\\\/sur-les-arenes\\\/#breadcrumb\",\"itemListElement\":[{\"@type\":\"ListItem\",\"position\":1,\"name\":\"Portada\",\"item\":\"https:\\\/\\\/plazatorosalicante.com\\\/fr\\\/\"},{\"@type\":\"ListItem\",\"position\":2,\"name\":\"A propos des ar\u00e8nes\"}]},{\"@type\":\"WebSite\",\"@id\":\"https:\\\/\\\/plazatorosalicante.com\\\/fr\\\/#website\",\"url\":\"https:\\\/\\\/plazatorosalicante.com\\\/fr\\\/\",\"name\":\"Plaza de Toros de Alicante\",\"description\":\"Plaza de toros Alicante - Visitas Tur\u00edsticas y Culturales en Vivo para Individuales y Grupos\",\"publisher\":{\"@id\":\"https:\\\/\\\/plazatorosalicante.com\\\/fr\\\/#organization\"},\"alternateName\":\"La Plaza Alicante Tour\",\"potentialAction\":[{\"@type\":\"SearchAction\",\"target\":{\"@type\":\"EntryPoint\",\"urlTemplate\":\"https:\\\/\\\/plazatorosalicante.com\\\/fr\\\/?s={search_term_string}\"},\"query-input\":{\"@type\":\"PropertyValueSpecification\",\"valueRequired\":true,\"valueName\":\"search_term_string\"}}],\"inLanguage\":\"fr-FR\"},{\"@type\":\"Organization\",\"@id\":\"https:\\\/\\\/plazatorosalicante.com\\\/fr\\\/#organization\",\"name\":\"Plaza de toros Alicante\",\"alternateName\":\"La Plaza Alicante Tour\",\"url\":\"https:\\\/\\\/plazatorosalicante.com\\\/fr\\\/\",\"logo\":{\"@type\":\"ImageObject\",\"inLanguage\":\"fr-FR\",\"@id\":\"https:\\\/\\\/plazatorosalicante.com\\\/fr\\\/#\\\/schema\\\/logo\\\/image\\\/\",\"url\":\"https:\\\/\\\/plazatorosalicante.com\\\/wp-content\\\/uploads\\\/2023\\\/10\\\/Logo-plaza-toros-alicante.jpg\",\"contentUrl\":\"https:\\\/\\\/plazatorosalicante.com\\\/wp-content\\\/uploads\\\/2023\\\/10\\\/Logo-plaza-toros-alicante.jpg\",\"width\":100,\"height\":100,\"caption\":\"Plaza de toros Alicante\"},\"image\":{\"@id\":\"https:\\\/\\\/plazatorosalicante.com\\\/fr\\\/#\\\/schema\\\/logo\\\/image\\\/\"},\"sameAs\":[\"https:\\\/\\\/www.facebook.com\\\/laplazaalicantetour\\\/\",\"https:\\\/\\\/www.instagram.com\\\/laplazaalicantetour\\\/\"]}]}<\/script>\n<!-- \/ Yoast SEO plugin. -->","yoast_head_json":{"title":"Histoire Plaza de Toros Alicante | La Plaza Alicante","description":"Tout ce qu'il faut savoir sur les ar\u00e8nes d'Alicante. D\u00e9couvrez son histoire, son architecture et ses curiosit\u00e9s [Plaza de Toros Alicante]","robots":{"index":"index","follow":"follow","max-snippet":"max-snippet:-1","max-image-preview":"max-image-preview:large","max-video-preview":"max-video-preview:-1"},"canonical":"https:\/\/plazatorosalicante.com\/fr\/sur-les-arenes\/","og_locale":"fr_FR","og_type":"article","og_title":"Histoire Plaza de Toros Alicante | La Plaza Alicante","og_description":"Tout ce qu'il faut savoir sur les ar\u00e8nes d'Alicante. D\u00e9couvrez son histoire, son architecture et ses curiosit\u00e9s [Plaza de Toros Alicante]","og_url":"https:\/\/plazatorosalicante.com\/fr\/sur-les-arenes\/","og_site_name":"Plaza de Toros de Alicante","article_publisher":"https:\/\/www.facebook.com\/laplazaalicantetour\/","article_modified_time":"2025-05-09T09:16:55+00:00","og_image":[{"width":2560,"height":1696,"url":"https:\/\/plazatorosalicante.com\/wp-content\/uploads\/2025\/03\/VIT_7836-scaled-1.jpg","type":"image\/jpeg"}],"twitter_card":"summary_large_image","twitter_misc":{"Dur\u00e9e de lecture estim\u00e9e":"4 minutes"},"schema":{"@context":"https:\/\/schema.org","@graph":[{"@type":"WebPage","@id":"https:\/\/plazatorosalicante.com\/fr\/sur-les-arenes\/","url":"https:\/\/plazatorosalicante.com\/fr\/sur-les-arenes\/","name":"Histoire Plaza de Toros Alicante | La Plaza Alicante","isPartOf":{"@id":"https:\/\/plazatorosalicante.com\/fr\/#website"},"datePublished":"2023-09-11T10:44:24+00:00","dateModified":"2025-05-09T09:16:55+00:00","description":"Tout ce qu'il faut savoir sur les ar\u00e8nes d'Alicante. D\u00e9couvrez son histoire, son architecture et ses curiosit\u00e9s [Plaza de Toros Alicante]","breadcrumb":{"@id":"https:\/\/plazatorosalicante.com\/fr\/sur-les-arenes\/#breadcrumb"},"inLanguage":"fr-FR","potentialAction":[{"@type":"ReadAction","target":["https:\/\/plazatorosalicante.com\/fr\/sur-les-arenes\/"]}]},{"@type":"BreadcrumbList","@id":"https:\/\/plazatorosalicante.com\/fr\/sur-les-arenes\/#breadcrumb","itemListElement":[{"@type":"ListItem","position":1,"name":"Portada","item":"https:\/\/plazatorosalicante.com\/fr\/"},{"@type":"ListItem","position":2,"name":"A propos des ar\u00e8nes"}]},{"@type":"WebSite","@id":"https:\/\/plazatorosalicante.com\/fr\/#website","url":"https:\/\/plazatorosalicante.com\/fr\/","name":"Plaza de Toros de Alicante","description":"Plaza de toros Alicante - Visitas Tur\u00edsticas y Culturales en Vivo para Individuales y Grupos","publisher":{"@id":"https:\/\/plazatorosalicante.com\/fr\/#organization"},"alternateName":"La Plaza Alicante Tour","potentialAction":[{"@type":"SearchAction","target":{"@type":"EntryPoint","urlTemplate":"https:\/\/plazatorosalicante.com\/fr\/?s={search_term_string}"},"query-input":{"@type":"PropertyValueSpecification","valueRequired":true,"valueName":"search_term_string"}}],"inLanguage":"fr-FR"},{"@type":"Organization","@id":"https:\/\/plazatorosalicante.com\/fr\/#organization","name":"Plaza de toros Alicante","alternateName":"La Plaza Alicante Tour","url":"https:\/\/plazatorosalicante.com\/fr\/","logo":{"@type":"ImageObject","inLanguage":"fr-FR","@id":"https:\/\/plazatorosalicante.com\/fr\/#\/schema\/logo\/image\/","url":"https:\/\/plazatorosalicante.com\/wp-content\/uploads\/2023\/10\/Logo-plaza-toros-alicante.jpg","contentUrl":"https:\/\/plazatorosalicante.com\/wp-content\/uploads\/2023\/10\/Logo-plaza-toros-alicante.jpg","width":100,"height":100,"caption":"Plaza de toros Alicante"},"image":{"@id":"https:\/\/plazatorosalicante.com\/fr\/#\/schema\/logo\/image\/"},"sameAs":["https:\/\/www.facebook.com\/laplazaalicantetour\/","https:\/\/www.instagram.com\/laplazaalicantetour\/"]}]}},"_links":{"self":[{"href":"https:\/\/plazatorosalicante.com\/fr\/wp-json\/wp\/v2\/pages\/2768","targetHints":{"allow":["GET"]}}],"collection":[{"href":"https:\/\/plazatorosalicante.com\/fr\/wp-json\/wp\/v2\/pages"}],"about":[{"href":"https:\/\/plazatorosalicante.com\/fr\/wp-json\/wp\/v2\/types\/page"}],"author":[{"embeddable":true,"href":"https:\/\/plazatorosalicante.com\/fr\/wp-json\/wp\/v2\/users\/1"}],"replies":[{"embeddable":true,"href":"https:\/\/plazatorosalicante.com\/fr\/wp-json\/wp\/v2\/comments?post=2768"}],"version-history":[{"count":12,"href":"https:\/\/plazatorosalicante.com\/fr\/wp-json\/wp\/v2\/pages\/2768\/revisions"}],"predecessor-version":[{"id":21921,"href":"https:\/\/plazatorosalicante.com\/fr\/wp-json\/wp\/v2\/pages\/2768\/revisions\/21921"}],"wp:attachment":[{"href":"https:\/\/plazatorosalicante.com\/fr\/wp-json\/wp\/v2\/media?parent=2768"}],"curies":[{"name":"wp","href":"https:\/\/api.w.org\/{rel}","templated":true}]}}