{"id":2791,"date":"2023-09-08T11:29:42","date_gmt":"2023-09-08T11:29:42","guid":{"rendered":"http:\/\/plazatorosalicante.com\/politique-en-matiere-de-cookies\/"},"modified":"2025-09-15T10:09:45","modified_gmt":"2025-09-15T10:09:45","slug":"politique-en-matiere-de-cookies","status":"publish","type":"page","link":"https:\/\/plazatorosalicante.com\/fr\/politique-en-matiere-de-cookies\/","title":{"rendered":"Politique en mati\u00e8re de cookies"},"content":{"rendered":"<section class=\"l-section wpb_row height_medium\"><div class=\"l-section-h i-cf\"><div class=\"g-cols vc_row via_grid cols_1 laptops-cols_inherit tablets-cols_inherit mobiles-cols_1 valign_top type_default stacking_default\"><div class=\"wpb_column vc_column_container\"><div class=\"vc_column-inner\"><div class=\"wpb_text_column\"><div class=\"wpb_wrapper\"><h1>Cookie-Richtlinie<\/h1>\n<p>Toroshopping, S.L. informe de l&rsquo;utilisation de cookies sur son site web : https:\/\/plazatorosalicante.com\/<\/p>\n<h2>Qu&rsquo;est-ce qu&rsquo;un cookie ?<\/h2>\n<p>Les cookies sont des donn\u00e9es qui peuvent \u00eatre stock\u00e9es sur votre ordinateur via des pages web. Ce sont des espaces de travail qui<br \/>\njouent un r\u00f4le important dans la fourniture de nombreux services de la soci\u00e9t\u00e9 de l&rsquo;information. Entre autres,<br \/>\nvous permet d&rsquo;ajouter \u00e0 un site web la description et la collecte d&rsquo;informations sur les habitudes de navigation d&rsquo;un utilisateur ou de ses utilisateurs<br \/>\net peut \u00eatre utilis\u00e9 pour fournir des informations pour la r\u00e9int\u00e9gration de l&rsquo;utilisateur et l&rsquo;am\u00e9lioration des services offerts.  <\/p>\n<h2>Types de cookies<\/h2>\n<p>En cons\u00e9quence, quelle est l&rsquo;entit\u00e9 qui g\u00e8re le domaine, \u00e0 partir de laquelle les cookies sont g\u00e9r\u00e9s, et quelles sont les donn\u00e9es trait\u00e9es.<br \/>\nerhalten, k\u00f6nnen zwei Typen unterschieden werden :<\/p>\n<p>&#8211; Eigene Cookies :<\/p>\n<p>Les personnes qui, \u00e0 partir d&rsquo;un ordinateur ou d&rsquo;un poste de travail g\u00e9r\u00e9 par le titulaire du mandat, se voient attribuer un mandat de gestion.<br \/>\neigenen Editor erstellt und von dem aus der vom Benutzer gew\u00fcnschte Dienst bereitgestellt wird.<\/p>\n<p>&#8211; Cookies des fournisseurs d&rsquo;acc\u00e8s :<\/p>\n<p>Les cookies qui ne sont pas stock\u00e9s par un ordinateur ou une maison inutilis\u00e9s au bout de l&rsquo;ordinateur ou de la maison de l&rsquo;utilisateur<br \/>\nne sont pas stock\u00e9s par l&rsquo;exp\u00e9diteur, mais par une autre partie qui utilise des cookies pour stocker des donn\u00e9es.<br \/>\nDans le cas o\u00f9 les cookies sont install\u00e9s par un ordinateur ou une maison, qui sont utilis\u00e9s par le propri\u00e9taire du cookie lui-m\u00eame, mais sont utilis\u00e9s par un tiers, ils ne peuvent pas \u00eatre utilis\u00e9s comme les cookies d&rsquo;origine.<br \/>\nEs gibt auch eine zweite Klassifizierung nach der Zeitspanne, in der sie im Browser des Clients gespeichert bleiben, und zwar :<\/p>\n<p>&#8211; Sitzungscookies :<\/p>\n<p>Entwickelt, um Daten zu sammeln und zu speichern, w\u00e4hrend der Benutzer auf eine Webseite zugreift. Ils sont normalement<br \/>\nutilis\u00e9s pour la fourniture d&rsquo;informations dont l&rsquo;utilisateur a besoin uniquement pour la fourniture des services qui l&rsquo;int\u00e9ressent<br \/>\n(par exemple, une liste des produits achet\u00e9s). <\/p>\n<p>&#8211; Dauerhafte Cookies :<\/p>\n<p>Die Daten bleiben im Endger\u00e4t gespeichert gespeichert und k\u00f6nnen f\u00fcr einen bestimmten Zeitraum abgerufen und verarbeitet werden<br \/>\nDie vom Cookie-Verantwortlichen festgelegte Dauer kann zwischen einigen Minuten und mehreren Jahren liegen.<br \/>\nEnfin, il existe \u00e9galement une classification suppl\u00e9mentaire avec six types de cookies pour lesquels les donn\u00e9es seront trait\u00e9es.<br \/>\nest maintenue :<\/p>\n<p>&#8211; Cookies techniques :<\/p>\n<p>Les personnes qui, selon le destinataire, peuvent naviguer sur un site web, une plate-forme ou une application et<br \/>\nutiliser les diff\u00e9rentes options ou fonctions disponibles sur le site, comme, par exemple, la gestion de<br \/>\n, le transfert et la communication de donn\u00e9es, l&rsquo;identification de l&#8217;emplacement, l&rsquo;acc\u00e8s \u00e0 des fichiers avec un droit d&rsquo;acc\u00e8s limit\u00e9,<br \/>\n. Vous pouvez utiliser ces \u00e9l\u00e9ments, \u00e0 partir duquel une commande est pass\u00e9e, envoyer le bon de commande \u00e0 une entreprise de traitement des commandes, envoyer la commande \u00e0<br \/>\npour qu&rsquo;elle soit enregistr\u00e9e ou envoy\u00e9e \u00e0 un \u00e9tablissement, Verwendung von Sicherheitselementen w\u00e4hrend der Veranstaltung<br \/>\nNavigation, speichern Sie Inhalte f\u00fcr die \u00dcbertragung von Videos oder Tonder oder teilen Sie Inhalte \u00fcber<br \/>\nsoziale Netzwerke.<\/p>\n<p>&#8211; Cookies de personnalisation :<\/p>\n<p>Ils permettent \u00e0 l&rsquo;utilisateur d&rsquo;acc\u00e9der au service avec certains param\u00e8tres d\u00e9finis du march\u00e9 commun<br \/>\nen plus d&rsquo;un certain nombre de crit\u00e8res \u00e0 la charge de l&rsquo;utilisateur, tels que, par exemple, la langue, le type de Browser, la configuration r\u00e9gionale \u00e0 partir de laquelle vous acc\u00e9dez au service, la configuration r\u00e9gionale \u00e0 partir de laquelle vous acc\u00e9dez au service, la configuration r\u00e9gionale \u00e0 partir de laquelle vous acc\u00e9dez au service, la configuration r\u00e9gionale \u00e0 partir de laquelle vous acc\u00e9dez au service, la configuration r\u00e9gionale \u00e0 partir de laquelle vous acc\u00e9dez au service, la configuration r\u00e9gionale \u00e0 partir de laquelle vous acc\u00e9dez au service, la configuration r\u00e9gionale \u00e0 partir de laquelle vous acc\u00e9dez au service, la configuration r\u00e9gionale \u00e0 partir de laquelle vous acc\u00e9dez au service. B. der Sprache, der Art von<br \/>\nBrowser, \u00fcber den Sie auf den Dienst zugreifen, die regionale Konfiguration, von der aus aus Sie auf den Dienst zugreifen<br \/>\nService usw <\/p>\n<p>&#8211; Analyse-Cookies :<\/p>\n<p>Ils permettent au responsable de surveiller et d&rsquo;analyser le contenu du site web.<br \/>\ndu site web auquel il est li\u00e9. Les informations collect\u00e9es par ce type de cookies sont<br \/>\n. Vous pouvez utiliser pour communiquer l&rsquo;activit\u00e9 des sites web, des applications ou des mod\u00e8les et pour fournir \u00e0<br \/>\ndes informations sur les profils des utilisateurs de ces sites web, applications et mod\u00e8les, \u00e0<br \/>\npour introduire des am\u00e9liorations bas\u00e9es sur l&rsquo;analyse des donn\u00e9es d&rsquo;utilisation par l&rsquo;utilisateur des services. <\/p>\n<p>&#8211; Werbe-Cookies :<\/p>\n<p>Ils permettent l&rsquo;utilisation la plus efficace possible des biens.<\/p>\n<p>&#8211; Les Werbe-Cookies Verhaltensbezogene :<\/p>\n<p>Vous cherchez \u00e0 obtenir des informations sur le comportement des utilisateurs<br \/>\net sur l&rsquo;\u00e9volution constante de vos habitudes de navigation, afin d&rsquo;\u00e9tablir un profil sp\u00e9cifique qui vous permettra d&rsquo;\u00e9valuer les r\u00e9sultats obtenus sur le site<br \/>\n\u00e0 l&rsquo;avenir.<\/p>\n<p>&#8211; Cookies provenant de r\u00e9seaux sociaux externes :<\/p>\n<p>Sie werden verwendet, damit Besucher mit den Inhalten verschiedener Plattformen interagieren k\u00f6nnen<br \/>\nsoziale Netzwerke (Facebook, YouTube, Twitter, LinkedIn usw.) und die nur f\u00fcr Benutzer von generiert werden<br \/>\nsagte soziale Netzwerke. Les conditions d&rsquo;utilisation de ces cookies et les informations qu&rsquo;ils contiennent sont r\u00e9gies par la d\u00e9claration de protection des donn\u00e9es de la plateforme sociale concern\u00e9e (<br \/>\n). <\/p>\n<h2>D\u00e9sactivation et suppression des cookies<\/h2>\n<p>Vous avez la possibilit\u00e9 d&rsquo;installer des cookies sur votre ordinateur, de les bloquer ou de les supprimer en configurant les options du navigateur install\u00e9 sur votre ordinateur. En raison de la d\u00e9sactivation des cookies, certains services fournis peuvent ne plus fonctionner. L&rsquo;option de d\u00e9sactivation des cookies n&rsquo;est pas disponible dans tous les navigateurs, mais vous pouvez normalement utiliser le menu \u00ab\u00a0Extras\u00a0\u00bb ou \u00ab\u00a0Options\u00a0\u00bb. Vous pouvez \u00e9galement consulter le menu d&rsquo;aide du navigateur, o\u00f9 vous trouverez des suggestions. L&rsquo;utilisateur peut toujours choisir les cookies qu&rsquo;il souhaite utiliser sur ce site web.<br \/>\nVous pouvez d\u00e9finir, bloquer ou supprimer les cookies sur votre ordinateur en param\u00e9trant les options du navigateur install\u00e9 sur votre ordinateur :    <\/p>\n<p>&#8211; Microsoft Internet Explorer ou Microsoft Edge :<br \/>\nhttp:\/\/windows.microsoft.com\/es-es\/windows-vista\/Block-or-allow-cookies<br \/>\n&#8211; Mozilla Firefox :<br \/>\nhttp:\/\/support.mozilla.org\/es\/kb\/impedir-que-los-sitios-web-guarden-sus-preference<br \/>\n&#8211; Chrome :<br \/>\nhttps:\/\/support.google.com\/accounts\/answer\/61416?hl=es<br \/>\n&#8211; Safari :<br \/>\nhttp:\/\/safari.helpmax.net\/es\/privacidad-y-security\/como-gestionar-las-cookies\/<br \/>\n&#8211; Oper :<br \/>\nhttp:\/\/help.opera.com\/Linux\/10.60\/es-ES\/cookies.html<br \/>\n En outre, vous pouvez utiliser les cookies dans votre navigateur ainsi que des outils tels que<br \/>\nfolgende<br \/>\n&#8211; Images :<br \/>\nwww.ghostery.com\/<br \/>\n&#8211; Votre offre en ligne : xml-ph-0014@deepl<\/p>\n<p>Auf https:\/\/plazatorosalicante.com\/ verwendete Cookies<br \/>\nNachfolgend sind die auf diesem Portal verwendeten Cookies sowen Art und Funktion aufgef\u00fchrt:- tsrce<br \/>\n&#8211; Dauer : 3 Tage<br \/>\n&#8211; Beschreibung : PayPal-Cookie : Bei einer Zahlung \u00fcber PayPal werden diese Cookies ausgegeben :<br \/>\nPayPal-Sitzung\/Sicherheit.<br \/>\n&#8211; Typ : Dritte<br \/>\n&#8211; Zweck : Technik<\/p>\n<p>&#8211; x-pp-s<br \/>\n&#8211; Dauer : Sitzung<br \/>\n&#8211; Beschreibung : Dieses Cookie wird von PayPal bereitgestellt von PayPal bereitgestellt und ist mit den Zahlungsdiensten der Website kompatibel.<br \/>\n&#8211; Typ : Dritte<br \/>\n&#8211; Zweck : Technik<\/p>\n<p>&#8211; l7_az<br \/>\n&#8211; Dur\u00e9e : 30 minutes<br \/>\n&#8211; Description : Ce cookie est utilis\u00e9 pour la fonction d&rsquo;annulation de PayPal sur le site web.<br \/>\n&#8211; Type : Dritte<br \/>\n&#8211; Domaine : Technique<\/p>\n<p>&#8211;<br \/>\n&#8211; Dur\u00e9e : 1 an<br \/>\n&#8211; Description : Ce cookie est utilis\u00e9 pour analyser et conserver les donn\u00e9es, qu&rsquo;elles soient g\u00e9n\u00e9r\u00e9es automatiquement par des syst\u00e8mes informatiques ou par un utilisateur humain.<br \/>\n&#8211; Typologie : texte<br \/>\n&#8211; Niveau : technique<\/p>\n<p>&#8211; _ga<br \/>\n&#8211; Dauer : 2 Jahre<br \/>\n&#8211; Beschreibung : Wird zur Unterscheidung von Benutzern verwendet. Ce service est fourni par Google Analytics. Google stocke les informations collect\u00e9es par le biais des cookies sur des serveurs situ\u00e9s aux \u00c9tats-Unis, en coordination avec l&rsquo;Agence europ\u00e9enne pour la s\u00e9curit\u00e9 et la sant\u00e9 au travail (ESA).  <\/p>\n<p>Nous appliquons les r\u00e8gles de droit europ\u00e9ennes en mati\u00e8re de protection des donn\u00e9es personnelles et nous nous engageons \u00e0 ce qu&rsquo;elles ne soient pas modifi\u00e9es<br \/>\nDritte, es sei sei denn, dies ist gesetzlich vorgeschrieben oder f\u00fcr den Betrieb des Systems erforderlich.<\/p>\n<p>Si vous souhaitez recevoir plus d&rsquo;informations sur les cookies utilis\u00e9s par Google Analytics, veuillez envoyer ces informations \u00e0 :<br \/>\nhttps:\/\/developers.google.com\/analytics\/devguides\/collection\/analyticsjs\/cookie-usage?hl=es&#038;csw=1<br \/>\n&#8211; Typ : Third party<br \/>\n&#8211; Zweck : Analytisch <\/p>\n<p>&#8211; _gat<br \/>\n&#8211; Dauer : 1 Minute<br \/>\n&#8211; Beschreibung : Wird verwendet, um unsere Werbung auf anderen Seiten im Google-Netzwerk anzuzeigen. G\u00e9n\u00e9r\u00e9 par<br \/>\nvia Google Analytics. Google stocke les informations collect\u00e9es par le biais de cookies sur des serveurs situ\u00e9s<br \/>\naux \u00c9tats-Unis, se r\u00e9f\u00e8re aux dispositions l\u00e9gales europ\u00e9ennes sur la protection des donn\u00e9es personnelles et ne continue pas \u00e0 appliquer ces dispositions \u00e0 des tiers, c&rsquo;est-\u00e0-dire que la loi s&rsquo;applique \u00e0 lui ou que cela est n\u00e9cessaire. pour l&rsquo;exploitation des syst\u00e8mes. Google ne collecte pas votre adresse IP avec d&rsquo;autres informations dont Google est responsable. Si vous souhaitez obtenir plus d&rsquo;informations sur les cookies utilis\u00e9s par Google Analytics, veuillez nous contacter \u00e0 l&rsquo;adresse<br \/>\n. Veuillez noter cette adresse :     <\/p>\n<p>https:\/\/developers.google.com\/analytics\/devguides\/collection\/analyticsjs\/cookie-usage?hl=es&#038;csw=1<br \/>\n&#8211; Typ : Dritte<br \/>\n&#8211; Zweck : Verhaltensbezogene Werbung<\/p>\n<p>&#8211; _gid<br \/>\n&#8211; Dauer : 24 Stunden<br \/>\n&#8211; Beschreibung : Von Google Analytics generiert. Google stocke les informations collect\u00e9es au moyen des cookies<br \/>\nsur des serveurs situ\u00e9s aux Etats-Unis, conform\u00e9ment \u00e0 la l\u00e9gislation europ\u00e9enne<br \/>\nProtection des donn\u00e9es personnelles et est responsable de la protection des donn\u00e9es personnelles, diese nicht an Dritte weiterzugeben, es sei sei denn, dies ist gesetzlich vorgeschrieben<br \/>\nerfordert dies von Ihnen oder ist f\u00fcr den Betrieb des Systems erforderlich. Google ne combine pas votre adresse IP<br \/>\navec d&rsquo;autres informations dont vous disposez. Si vous souhaitez obtenir d&rsquo;autres informations sur les cookies<br \/>\nWird von Google Analytics verwendet, rufen Sie bittee Adresse auf :<br \/>\nhttps:\/\/developers.google.com\/analytics\/devguides\/collection\/analyticsjs\/cookie-usage?hl=es&#038;csw<br \/>\n&#8211; Typ : Dritte<br \/>\n&#8211; Zweck : Verhaltensbezogene Werbung   <\/p>\n<p>&#8211; ts<br \/>\n&#8211; Dur\u00e9e : 3 ans<br \/>\n&#8211; Description : Ce cookie est g\u00e9n\u00e9r\u00e9 par PayPal et permet d&rsquo;augmenter le nombre de transactions sur le site<br \/>\n.<br \/>\n&#8211; Typ : Dritte<br \/>\n&#8211; Zweck : Technik<\/p>\n<ul>\n<li>_fbp<br \/>\n&#8211; Dur\u00e9e : 3 mois<br \/>\n&#8211; Description : Utilis\u00e9 par Meta pour fournir une s\u00e9rie de produits publicitaires tels que les ench\u00e8res en temps r\u00e9el de<br \/>\nannonceurs tiers<br \/>\n&#8211; Type : Tiers<br \/>\n&#8211; Objet : Technique<\/li>\n<li>LANG<br \/>\n&#8211; Dur\u00e9e : 8 heures et 46 minutes<br \/>\n&#8211; Description : Il existe de nombreux types de cookies associ\u00e9s \u00e0 ce nom, et il est g\u00e9n\u00e9ralement recommand\u00e9 d&rsquo;examiner plus en d\u00e9tail la mani\u00e8re dont ils sont utilis\u00e9s sur un site web particulier. Toutefois, dans la plupart des cas, ils seront probablement utilis\u00e9s pour enregistrer les pr\u00e9f\u00e9rences linguistiques, \u00e9ventuellement pour proposer un contenu dans la langue enregistr\u00e9e.<br \/>\n&#8211; Type : Tiers<br \/>\n&#8211; Objet : Technique <\/li>\n<li>ts_c<br \/>\n&#8211; Dur\u00e9e : 3 ans<br \/>\n&#8211; Description : Pr\u00e9vention de la fraude<br \/>\n&#8211; Type : Tiers<br \/>\n&#8211; Objet : Technique<\/li>\n<li>bm_sz<br \/>\n&#8211; Dur\u00e9e : 4 heures<br \/>\n&#8211; Description : Cookie de fonctionnalit\u00e9 mis en place par Mailchimp pour g\u00e9rer et contr\u00f4ler la liste<br \/>\n&#8211; Type : Tiers<br \/>\n&#8211; Finalit\u00e9 : Technique<\/li>\n<li>wp-wpml_current_language<br \/>\n&#8211; Dur\u00e9e : session<br \/>\n&#8211; Description : Enregistre la langue actuelle. Par d\u00e9faut, ce cookie n&rsquo;est d\u00e9fini que pour les utilisateurs connect\u00e9s. Si vous activez le cookie de langue pour prendre en charge le filtrage AJAX, ce cookie sera \u00e9galement d\u00e9fini pour les utilisateurs qui ne sont pas connect\u00e9s.<br \/>\n&#8211; Type : Tiers<br \/>\n&#8211; Objet : Technique<\/li>\n<\/ul>\n<h2><strong>Adoption de la directive sur les cookies<\/strong><\/h2>\n<p>https:\/\/plazatorosalicante.com\/ a pour but de s&rsquo;assurer que vous acceptez l&rsquo;utilisation de cookies. Toutefois, en cas de connexion, des informations sur les directives relatives aux cookies seront affich\u00e9es sur chaque site du portail avant ou apr\u00e8s votre connexion, afin que vous soyez inform\u00e9 en cons\u00e9quence.<br \/>\n. Dans le cadre de ces informations, il est possible d&rsquo;effectuer les actions suivantes : <\/p>\n<p>&#8211; Cookies akzeptieren :<br \/>\nCet avertissement s&rsquo;applique \u00e0 l&rsquo;utilisation d&rsquo;une page des portails en cours d&rsquo;utilisation, mais il n&rsquo;est pas n\u00e9cessaire d&rsquo;en tenir compte dans l&rsquo;affichage de<br \/>\n.<\/p>\n<p>&#8211; Schlie\u00dfen :<br \/>\nDer Hinweis ist auf dieser Seite ausgeblendet.<br \/>\n&#8211; \u00c4ndern Sie Ihre Einstellungen :<br \/>\nSie k\u00f6nnen weitere Informationen dar\u00fcber erhalten, was Cookies sind, sich \u00fcber die Cookie-Richtlinie informieren unter : https:\/\/plazatorosalicante.com\/ und Ihre Browsereinstellungen \u00e4ndern.<\/p>\n<\/div><\/div><\/div><\/div><\/div><\/div><\/section>\n","protected":false},"excerpt":{"rendered":"Cookie-Richtlinie Toroshopping, S.L. informe de l&rsquo;utilisation de cookies sur son site web : https:\/\/plazatorosalicante.com\/ Qu&rsquo;est-ce qu&rsquo;un cookie ? Les cookies sont des donn\u00e9es qui peuvent \u00eatre stock\u00e9es sur votre ordinateur via des pages web. Ce sont des espaces de travail qui jouent un r\u00f4le important dans la fourniture de nombreux services de la soci\u00e9t\u00e9 de...","protected":false},"author":1,"featured_media":0,"parent":0,"menu_order":0,"comment_status":"closed","ping_status":"closed","template":"","meta":{"_acf_changed":false,"footnotes":""},"class_list":["post-2791","page","type-page","status-publish","hentry"],"acf":[],"yoast_head":"<!-- This site is optimized with the Yoast SEO plugin v27.6 - https:\/\/yoast.com\/product\/yoast-seo-wordpress\/ -->\n<title>Politique en mati\u00e8re de cookies - Plaza de Toros de Alicante<\/title>\n<meta name=\"robots\" content=\"index, follow, max-snippet:-1, max-image-preview:large, max-video-preview:-1\" \/>\n<link rel=\"canonical\" href=\"https:\/\/plazatorosalicante.com\/fr\/politique-en-matiere-de-cookies\/\" \/>\n<meta property=\"og:locale\" content=\"fr_FR\" \/>\n<meta property=\"og:type\" content=\"article\" \/>\n<meta property=\"og:title\" content=\"Politique en mati\u00e8re de cookies - Plaza de Toros de Alicante\" \/>\n<meta property=\"og:url\" content=\"https:\/\/plazatorosalicante.com\/fr\/politique-en-matiere-de-cookies\/\" \/>\n<meta property=\"og:site_name\" content=\"Plaza de Toros de Alicante\" \/>\n<meta property=\"article:publisher\" content=\"https:\/\/www.facebook.com\/laplazaalicantetour\/\" \/>\n<meta property=\"article:modified_time\" content=\"2025-09-15T10:09:45+00:00\" \/>\n<meta property=\"og:image\" content=\"https:\/\/plazatorosalicante.com\/wp-content\/uploads\/2025\/03\/VIT_7836-scaled-1.jpg\" \/>\n\t<meta property=\"og:image:width\" content=\"2560\" \/>\n\t<meta property=\"og:image:height\" content=\"1696\" \/>\n\t<meta property=\"og:image:type\" content=\"image\/jpeg\" \/>\n<meta name=\"twitter:card\" content=\"summary_large_image\" \/>\n<meta name=\"twitter:label1\" content=\"Dur\u00e9e de lecture estim\u00e9e\" \/>\n\t<meta name=\"twitter:data1\" content=\"10 minutes\" \/>\n<script type=\"application\/ld+json\" class=\"yoast-schema-graph\">{\"@context\":\"https:\\\/\\\/schema.org\",\"@graph\":[{\"@type\":\"WebPage\",\"@id\":\"https:\\\/\\\/plazatorosalicante.com\\\/fr\\\/politique-en-matiere-de-cookies\\\/\",\"url\":\"https:\\\/\\\/plazatorosalicante.com\\\/fr\\\/politique-en-matiere-de-cookies\\\/\",\"name\":\"Politique en mati\u00e8re de cookies - Plaza de Toros de Alicante\",\"isPartOf\":{\"@id\":\"https:\\\/\\\/plazatorosalicante.com\\\/fr\\\/#website\"},\"datePublished\":\"2023-09-08T11:29:42+00:00\",\"dateModified\":\"2025-09-15T10:09:45+00:00\",\"breadcrumb\":{\"@id\":\"https:\\\/\\\/plazatorosalicante.com\\\/fr\\\/politique-en-matiere-de-cookies\\\/#breadcrumb\"},\"inLanguage\":\"fr-FR\",\"potentialAction\":[{\"@type\":\"ReadAction\",\"target\":[\"https:\\\/\\\/plazatorosalicante.com\\\/fr\\\/politique-en-matiere-de-cookies\\\/\"]}]},{\"@type\":\"BreadcrumbList\",\"@id\":\"https:\\\/\\\/plazatorosalicante.com\\\/fr\\\/politique-en-matiere-de-cookies\\\/#breadcrumb\",\"itemListElement\":[{\"@type\":\"ListItem\",\"position\":1,\"name\":\"Portada\",\"item\":\"https:\\\/\\\/plazatorosalicante.com\\\/fr\\\/\"},{\"@type\":\"ListItem\",\"position\":2,\"name\":\"Politique en mati\u00e8re de cookies\"}]},{\"@type\":\"WebSite\",\"@id\":\"https:\\\/\\\/plazatorosalicante.com\\\/fr\\\/#website\",\"url\":\"https:\\\/\\\/plazatorosalicante.com\\\/fr\\\/\",\"name\":\"Plaza de Toros de Alicante\",\"description\":\"Plaza de toros Alicante - Visitas Tur\u00edsticas y Culturales en Vivo para Individuales y Grupos\",\"publisher\":{\"@id\":\"https:\\\/\\\/plazatorosalicante.com\\\/fr\\\/#organization\"},\"alternateName\":\"La Plaza Alicante Tour\",\"potentialAction\":[{\"@type\":\"SearchAction\",\"target\":{\"@type\":\"EntryPoint\",\"urlTemplate\":\"https:\\\/\\\/plazatorosalicante.com\\\/fr\\\/?s={search_term_string}\"},\"query-input\":{\"@type\":\"PropertyValueSpecification\",\"valueRequired\":true,\"valueName\":\"search_term_string\"}}],\"inLanguage\":\"fr-FR\"},{\"@type\":\"Organization\",\"@id\":\"https:\\\/\\\/plazatorosalicante.com\\\/fr\\\/#organization\",\"name\":\"Plaza de toros Alicante\",\"alternateName\":\"La Plaza Alicante Tour\",\"url\":\"https:\\\/\\\/plazatorosalicante.com\\\/fr\\\/\",\"logo\":{\"@type\":\"ImageObject\",\"inLanguage\":\"fr-FR\",\"@id\":\"https:\\\/\\\/plazatorosalicante.com\\\/fr\\\/#\\\/schema\\\/logo\\\/image\\\/\",\"url\":\"https:\\\/\\\/plazatorosalicante.com\\\/wp-content\\\/uploads\\\/2023\\\/10\\\/Logo-plaza-toros-alicante.jpg\",\"contentUrl\":\"https:\\\/\\\/plazatorosalicante.com\\\/wp-content\\\/uploads\\\/2023\\\/10\\\/Logo-plaza-toros-alicante.jpg\",\"width\":100,\"height\":100,\"caption\":\"Plaza de toros Alicante\"},\"image\":{\"@id\":\"https:\\\/\\\/plazatorosalicante.com\\\/fr\\\/#\\\/schema\\\/logo\\\/image\\\/\"},\"sameAs\":[\"https:\\\/\\\/www.facebook.com\\\/laplazaalicantetour\\\/\",\"https:\\\/\\\/www.instagram.com\\\/laplazaalicantetour\\\/\"]}]}<\/script>\n<!-- \/ Yoast SEO plugin. -->","yoast_head_json":{"title":"Politique en mati\u00e8re de cookies - Plaza de Toros de Alicante","robots":{"index":"index","follow":"follow","max-snippet":"max-snippet:-1","max-image-preview":"max-image-preview:large","max-video-preview":"max-video-preview:-1"},"canonical":"https:\/\/plazatorosalicante.com\/fr\/politique-en-matiere-de-cookies\/","og_locale":"fr_FR","og_type":"article","og_title":"Politique en mati\u00e8re de cookies - Plaza de Toros de Alicante","og_url":"https:\/\/plazatorosalicante.com\/fr\/politique-en-matiere-de-cookies\/","og_site_name":"Plaza de Toros de Alicante","article_publisher":"https:\/\/www.facebook.com\/laplazaalicantetour\/","article_modified_time":"2025-09-15T10:09:45+00:00","og_image":[{"width":2560,"height":1696,"url":"https:\/\/plazatorosalicante.com\/wp-content\/uploads\/2025\/03\/VIT_7836-scaled-1.jpg","type":"image\/jpeg"}],"twitter_card":"summary_large_image","twitter_misc":{"Dur\u00e9e de lecture estim\u00e9e":"10 minutes"},"schema":{"@context":"https:\/\/schema.org","@graph":[{"@type":"WebPage","@id":"https:\/\/plazatorosalicante.com\/fr\/politique-en-matiere-de-cookies\/","url":"https:\/\/plazatorosalicante.com\/fr\/politique-en-matiere-de-cookies\/","name":"Politique en mati\u00e8re de cookies - Plaza de Toros de Alicante","isPartOf":{"@id":"https:\/\/plazatorosalicante.com\/fr\/#website"},"datePublished":"2023-09-08T11:29:42+00:00","dateModified":"2025-09-15T10:09:45+00:00","breadcrumb":{"@id":"https:\/\/plazatorosalicante.com\/fr\/politique-en-matiere-de-cookies\/#breadcrumb"},"inLanguage":"fr-FR","potentialAction":[{"@type":"ReadAction","target":["https:\/\/plazatorosalicante.com\/fr\/politique-en-matiere-de-cookies\/"]}]},{"@type":"BreadcrumbList","@id":"https:\/\/plazatorosalicante.com\/fr\/politique-en-matiere-de-cookies\/#breadcrumb","itemListElement":[{"@type":"ListItem","position":1,"name":"Portada","item":"https:\/\/plazatorosalicante.com\/fr\/"},{"@type":"ListItem","position":2,"name":"Politique en mati\u00e8re de cookies"}]},{"@type":"WebSite","@id":"https:\/\/plazatorosalicante.com\/fr\/#website","url":"https:\/\/plazatorosalicante.com\/fr\/","name":"Plaza de Toros de Alicante","description":"Plaza de toros Alicante - Visitas Tur\u00edsticas y Culturales en Vivo para Individuales y Grupos","publisher":{"@id":"https:\/\/plazatorosalicante.com\/fr\/#organization"},"alternateName":"La Plaza Alicante Tour","potentialAction":[{"@type":"SearchAction","target":{"@type":"EntryPoint","urlTemplate":"https:\/\/plazatorosalicante.com\/fr\/?s={search_term_string}"},"query-input":{"@type":"PropertyValueSpecification","valueRequired":true,"valueName":"search_term_string"}}],"inLanguage":"fr-FR"},{"@type":"Organization","@id":"https:\/\/plazatorosalicante.com\/fr\/#organization","name":"Plaza de toros Alicante","alternateName":"La Plaza Alicante Tour","url":"https:\/\/plazatorosalicante.com\/fr\/","logo":{"@type":"ImageObject","inLanguage":"fr-FR","@id":"https:\/\/plazatorosalicante.com\/fr\/#\/schema\/logo\/image\/","url":"https:\/\/plazatorosalicante.com\/wp-content\/uploads\/2023\/10\/Logo-plaza-toros-alicante.jpg","contentUrl":"https:\/\/plazatorosalicante.com\/wp-content\/uploads\/2023\/10\/Logo-plaza-toros-alicante.jpg","width":100,"height":100,"caption":"Plaza de toros Alicante"},"image":{"@id":"https:\/\/plazatorosalicante.com\/fr\/#\/schema\/logo\/image\/"},"sameAs":["https:\/\/www.facebook.com\/laplazaalicantetour\/","https:\/\/www.instagram.com\/laplazaalicantetour\/"]}]}},"_links":{"self":[{"href":"https:\/\/plazatorosalicante.com\/fr\/wp-json\/wp\/v2\/pages\/2791","targetHints":{"allow":["GET"]}}],"collection":[{"href":"https:\/\/plazatorosalicante.com\/fr\/wp-json\/wp\/v2\/pages"}],"about":[{"href":"https:\/\/plazatorosalicante.com\/fr\/wp-json\/wp\/v2\/types\/page"}],"author":[{"embeddable":true,"href":"https:\/\/plazatorosalicante.com\/fr\/wp-json\/wp\/v2\/users\/1"}],"replies":[{"embeddable":true,"href":"https:\/\/plazatorosalicante.com\/fr\/wp-json\/wp\/v2\/comments?post=2791"}],"version-history":[{"count":6,"href":"https:\/\/plazatorosalicante.com\/fr\/wp-json\/wp\/v2\/pages\/2791\/revisions"}],"predecessor-version":[{"id":22265,"href":"https:\/\/plazatorosalicante.com\/fr\/wp-json\/wp\/v2\/pages\/2791\/revisions\/22265"}],"wp:attachment":[{"href":"https:\/\/plazatorosalicante.com\/fr\/wp-json\/wp\/v2\/media?parent=2791"}],"curies":[{"name":"wp","href":"https:\/\/api.w.org\/{rel}","templated":true}]}}