{"id":4079,"date":"2023-10-30T11:35:32","date_gmt":"2023-10-30T11:35:32","guid":{"rendered":"https:\/\/plazatorosalicante.com\/tauromachie\/"},"modified":"2023-11-30T14:18:36","modified_gmt":"2023-11-30T14:18:36","slug":"billets-corrida-de-taureaux","status":"publish","type":"page","link":"https:\/\/plazatorosalicante.com\/fr\/billets-de-corrida\/billets-corrida-de-taureaux\/","title":{"rendered":"Corridas de Taureaux"},"content":{"rendered":"<section class=\"l-section wpb_row height_medium\"><div class=\"l-section-h i-cf\"><div class=\"g-cols vc_row via_grid cols_1 laptops-cols_inherit tablets-cols_inherit mobiles-cols_1 valign_top type_default stacking_default\"><div class=\"wpb_column vc_column_container\"><div class=\"vc_column-inner\"><div class=\"wpb_text_column\"><div class=\"wpb_wrapper\"><h1 style=\"text-align: center;\">Billets pour Corrida de taureaux \u00e0 Alicante<\/h1>\n<\/div><\/div><div class=\"w-separator size_medium\"><\/div><div class=\"w-grid us_grid type_grid layout_blog_1 no_results cols_2 preload_style_spinner\" id=\"us_grid_1\" style=\"--columns:2;--gap:1.5rem;\" data-filterable=\"true\"><style>@media (max-width:600px){#us_grid_1{--columns:1!important}}.layout_blog_1 .w-grid-item-h{}.layout_blog_1 .usg_post_image_1{margin-bottom:0.5rem!important}.layout_blog_1 .usg_post_title_1{font-size:1rem!important}<\/style><div class=\"w-grid-list\"><\/div>\t<div class=\"w-grid-preloader\">\r\n\t\t<div class=\"g-preloader type_1\">\r\n\t\t\t<div><\/div>\r\n\t\t<\/div>\r\n\t<\/div>\r\n\t\t<div class=\"w-grid-json hidden\" onclick='return {&quot;action&quot;:&quot;us_ajax_grid&quot;,&quot;infinite_scroll&quot;:0,&quot;max_num_pages&quot;:0,&quot;pagination&quot;:&quot;none&quot;,&quot;template_vars&quot;:{&quot;columns&quot;:&quot;2&quot;,&quot;exclude_items&quot;:&quot;none&quot;,&quot;img_size&quot;:&quot;default&quot;,&quot;ignore_items_size&quot;:0,&quot;items_layout&quot;:&quot;blog_1&quot;,&quot;items_offset&quot;:&quot;1&quot;,&quot;load_animation&quot;:&quot;none&quot;,&quot;overriding_link&quot;:&quot;%7B%22url%22%3A%22%22%7D&quot;,&quot;post_id&quot;:0,&quot;query_args&quot;:{&quot;post_type&quot;:[&quot;post&quot;],&quot;tax_query&quot;:[{&quot;taxonomy&quot;:&quot;category&quot;,&quot;field&quot;:&quot;slug&quot;,&quot;terms&quot;:[&quot;\\u00e9v\\u00e9nements - corrida&quot;]}],&quot;post_status&quot;:[&quot;publish&quot;,&quot;acf-disabled&quot;],&quot;posts_per_page&quot;:&quot;10&quot;},&quot;orderby_query_args&quot;:{&quot;orderby&quot;:{&quot;date&quot;:&quot;DESC&quot;}},&quot;type&quot;:&quot;grid&quot;,&quot;us_grid_post_type&quot;:&quot;post&quot;,&quot;us_grid_ajax_index&quot;:1,&quot;us_grid_filter_query_string&quot;:null,&quot;us_grid_index&quot;:1,&quot;page_args&quot;:[],&quot;lang&quot;:&quot;fr&quot;}}'><\/div>\r\n\t<\/div><div class=\"w-grid-none type_message\">Pas de corrida \u00e0 venir<\/div><\/div><\/div><\/div><\/div><\/section><section class=\"l-section wpb_row height_medium\"><div class=\"l-section-h i-cf\"><div class=\"g-cols vc_row via_grid cols_1 laptops-cols_inherit tablets-cols_inherit mobiles-cols_1 valign_top type_default stacking_default\"><div class=\"wpb_column vc_column_container\"><div class=\"vc_column-inner\"><div class=\"wpb_text_column\"><div class=\"wpb_wrapper\"><h2>Informations g\u00e9n\u00e9rales<\/h2>\n<p>Les ar\u00e8nes mettent en vente les billets pour les corridas de taureaux qui auront lieu prochainement dans la ville d&rsquo;Alicante. Sur cette page, vous pourrez voir toutes les corridas qui auront lieu selon les jours ainsi que les toreros et les \u00e9levages de taureaux qui y participeront.<\/p>\n<p>Si vous souhaitez assister \u00e0 une corrida \u00e0 Alicante, vous pouvez acheter vos billets en cliquant sur la corrida de votre choix. Vous trouverez ci-dessous les informations les plus importantes concernant la corrida choisie. Enfin, cliquez sur \u00ab\u00a0Acheter des billets\u00a0\u00bb.<\/p>\n<p>Il est \u00e0 noter que lorsque vous achetez des billets pour la corrida 2024 \u00e0 Alicante, vous recevez par e-mail des billets num\u00e9rot\u00e9s en fonction des zones choisies. <strong>Tous les billets font l&rsquo;objet d&rsquo;une majoration de 20 % du prix de base de la billetterie en raison des frais de gestion en ligne.<\/strong><\/p>\n<p>&nbsp;<\/p>\n<p><a title=\"ar\u00e8nes de l'aliante\" href=\"https:\/\/plazatorosalicante.com\/fr\/\">Ar\u00e8nes<\/a> &gt; <a title=\"tauromachie d'alicante\" href=\"https:\/\/plazatorosalicante.com\/fr\/billets-de-corrida\/\">Billets de corrida<\/a><\/p>\n<\/div><\/div><\/div><\/div><\/div><\/div><\/section>\n","protected":false},"excerpt":{"rendered":"Billets pour Corrida de taureaux \u00e0 Alicante Pas de corrida \u00e0 venirInformations g\u00e9n\u00e9rales Les ar\u00e8nes mettent en vente les billets pour les corridas de taureaux qui auront lieu prochainement dans la ville d&rsquo;Alicante. Sur cette page, vous pourrez voir toutes les corridas qui auront lieu selon les jours ainsi que les toreros et les \u00e9levages...","protected":false},"author":1,"featured_media":0,"parent":4085,"menu_order":0,"comment_status":"closed","ping_status":"closed","template":"","meta":{"_acf_changed":false,"footnotes":""},"class_list":["post-4079","page","type-page","status-publish","hentry"],"acf":[],"yoast_head":"<!-- This site is optimized with the Yoast SEO plugin v27.4 - https:\/\/yoast.com\/product\/yoast-seo-wordpress\/ -->\n<title>\u25b7 Billets Corrida de Taureaux | Ar\u00e8nes de Alicante<\/title>\n<meta name=\"description\" content=\"Site officiel | Vente de billets de Corrida aux ar\u00e8nes de Alicante. Achetez vos billets au meilleur prix [Venta Limitada]\" \/>\n<meta name=\"robots\" content=\"index, follow, max-snippet:-1, max-image-preview:large, max-video-preview:-1\" \/>\n<link rel=\"canonical\" href=\"https:\/\/plazatorosalicante.com\/fr\/billets-de-corrida\/billets-corrida-de-taureaux\/\" \/>\n<meta property=\"og:locale\" content=\"fr_FR\" \/>\n<meta property=\"og:type\" content=\"article\" \/>\n<meta property=\"og:title\" content=\"\u25b7 Billets Corrida de Taureaux | Ar\u00e8nes de Alicante\" \/>\n<meta property=\"og:description\" content=\"Site officiel | Vente de billets de Corrida aux ar\u00e8nes de Alicante. Achetez vos billets au meilleur prix [Venta Limitada]\" \/>\n<meta property=\"og:url\" content=\"https:\/\/plazatorosalicante.com\/fr\/billets-de-corrida\/billets-corrida-de-taureaux\/\" \/>\n<meta property=\"og:site_name\" content=\"Plaza de Toros de Alicante\" \/>\n<meta property=\"article:modified_time\" content=\"2023-11-30T14:18:36+00:00\" \/>\n<meta property=\"og:image\" content=\"https:\/\/plazatorosalicante.com\/wp-content\/uploads\/2025\/03\/VIT_7836-scaled-1.jpg\" \/>\n\t<meta property=\"og:image:width\" content=\"2560\" \/>\n\t<meta property=\"og:image:height\" content=\"1696\" \/>\n\t<meta property=\"og:image:type\" content=\"image\/jpeg\" \/>\n<meta name=\"twitter:card\" content=\"summary_large_image\" \/>\n<meta name=\"twitter:label1\" content=\"Dur\u00e9e de lecture estim\u00e9e\" \/>\n\t<meta name=\"twitter:data1\" content=\"1 minute\" \/>\n<script type=\"application\/ld+json\" class=\"yoast-schema-graph\">{\"@context\":\"https:\\\/\\\/schema.org\",\"@graph\":[{\"@type\":\"WebPage\",\"@id\":\"https:\\\/\\\/plazatorosalicante.com\\\/fr\\\/billets-de-corrida\\\/billets-corrida-de-taureaux\\\/\",\"url\":\"https:\\\/\\\/plazatorosalicante.com\\\/fr\\\/billets-de-corrida\\\/billets-corrida-de-taureaux\\\/\",\"name\":\"\u25b7 Billets Corrida de Taureaux | Ar\u00e8nes de Alicante\",\"isPartOf\":{\"@id\":\"https:\\\/\\\/plazatorosalicante.com\\\/fr\\\/#website\"},\"datePublished\":\"2023-10-30T11:35:32+00:00\",\"dateModified\":\"2023-11-30T14:18:36+00:00\",\"description\":\"Site officiel | Vente de billets de Corrida aux ar\u00e8nes de Alicante. Achetez vos billets au meilleur prix [Venta Limitada]\",\"breadcrumb\":{\"@id\":\"https:\\\/\\\/plazatorosalicante.com\\\/fr\\\/billets-de-corrida\\\/billets-corrida-de-taureaux\\\/#breadcrumb\"},\"inLanguage\":\"fr-FR\",\"potentialAction\":[{\"@type\":\"ReadAction\",\"target\":[\"https:\\\/\\\/plazatorosalicante.com\\\/fr\\\/billets-de-corrida\\\/billets-corrida-de-taureaux\\\/\"]}]},{\"@type\":\"BreadcrumbList\",\"@id\":\"https:\\\/\\\/plazatorosalicante.com\\\/fr\\\/billets-de-corrida\\\/billets-corrida-de-taureaux\\\/#breadcrumb\",\"itemListElement\":[{\"@type\":\"ListItem\",\"position\":1,\"name\":\"Portada\",\"item\":\"https:\\\/\\\/plazatorosalicante.com\\\/fr\\\/page-daccueil\\\/\"},{\"@type\":\"ListItem\",\"position\":2,\"name\":\"Billets de corrida\",\"item\":\"https:\\\/\\\/plazatorosalicante.com\\\/fr\\\/billets-de-corrida\\\/\"},{\"@type\":\"ListItem\",\"position\":3,\"name\":\"Corridas de Taureaux\"}]},{\"@type\":\"WebSite\",\"@id\":\"https:\\\/\\\/plazatorosalicante.com\\\/fr\\\/#website\",\"url\":\"https:\\\/\\\/plazatorosalicante.com\\\/fr\\\/\",\"name\":\"Plaza de Toros de Alicante\",\"description\":\"Plaza de toros Alicante - Visitas Tur\u00edsticas y Culturales en Vivo para Individuales y Grupos\",\"publisher\":{\"@id\":\"https:\\\/\\\/plazatorosalicante.com\\\/fr\\\/#organization\"},\"alternateName\":\"La Plaza Alicante Tour\",\"potentialAction\":[{\"@type\":\"SearchAction\",\"target\":{\"@type\":\"EntryPoint\",\"urlTemplate\":\"https:\\\/\\\/plazatorosalicante.com\\\/fr\\\/?s={search_term_string}\"},\"query-input\":{\"@type\":\"PropertyValueSpecification\",\"valueRequired\":true,\"valueName\":\"search_term_string\"}}],\"inLanguage\":\"fr-FR\"},{\"@type\":\"Organization\",\"@id\":\"https:\\\/\\\/plazatorosalicante.com\\\/fr\\\/#organization\",\"name\":\"Plaza de toros Alicante\",\"alternateName\":\"La Plaza Alicante Tour\",\"url\":\"https:\\\/\\\/plazatorosalicante.com\\\/fr\\\/\",\"logo\":{\"@type\":\"ImageObject\",\"inLanguage\":\"fr-FR\",\"@id\":\"https:\\\/\\\/plazatorosalicante.com\\\/fr\\\/#\\\/schema\\\/logo\\\/image\\\/\",\"url\":\"https:\\\/\\\/plazatorosalicante.com\\\/wp-content\\\/uploads\\\/2023\\\/10\\\/Logo-plaza-toros-alicante.jpg\",\"contentUrl\":\"https:\\\/\\\/plazatorosalicante.com\\\/wp-content\\\/uploads\\\/2023\\\/10\\\/Logo-plaza-toros-alicante.jpg\",\"width\":100,\"height\":100,\"caption\":\"Plaza de toros Alicante\"},\"image\":{\"@id\":\"https:\\\/\\\/plazatorosalicante.com\\\/fr\\\/#\\\/schema\\\/logo\\\/image\\\/\"}}]}<\/script>\n<!-- \/ Yoast SEO plugin. -->","yoast_head_json":{"title":"\u25b7 Billets Corrida de Taureaux | Ar\u00e8nes de Alicante","description":"Site officiel | Vente de billets de Corrida aux ar\u00e8nes de Alicante. Achetez vos billets au meilleur prix [Venta Limitada]","robots":{"index":"index","follow":"follow","max-snippet":"max-snippet:-1","max-image-preview":"max-image-preview:large","max-video-preview":"max-video-preview:-1"},"canonical":"https:\/\/plazatorosalicante.com\/fr\/billets-de-corrida\/billets-corrida-de-taureaux\/","og_locale":"fr_FR","og_type":"article","og_title":"\u25b7 Billets Corrida de Taureaux | Ar\u00e8nes de Alicante","og_description":"Site officiel | Vente de billets de Corrida aux ar\u00e8nes de Alicante. Achetez vos billets au meilleur prix [Venta Limitada]","og_url":"https:\/\/plazatorosalicante.com\/fr\/billets-de-corrida\/billets-corrida-de-taureaux\/","og_site_name":"Plaza de Toros de Alicante","article_modified_time":"2023-11-30T14:18:36+00:00","og_image":[{"width":2560,"height":1696,"url":"https:\/\/plazatorosalicante.com\/wp-content\/uploads\/2025\/03\/VIT_7836-scaled-1.jpg","type":"image\/jpeg"}],"twitter_card":"summary_large_image","twitter_misc":{"Dur\u00e9e de lecture estim\u00e9e":"1 minute"},"schema":{"@context":"https:\/\/schema.org","@graph":[{"@type":"WebPage","@id":"https:\/\/plazatorosalicante.com\/fr\/billets-de-corrida\/billets-corrida-de-taureaux\/","url":"https:\/\/plazatorosalicante.com\/fr\/billets-de-corrida\/billets-corrida-de-taureaux\/","name":"\u25b7 Billets Corrida de Taureaux | Ar\u00e8nes de Alicante","isPartOf":{"@id":"https:\/\/plazatorosalicante.com\/fr\/#website"},"datePublished":"2023-10-30T11:35:32+00:00","dateModified":"2023-11-30T14:18:36+00:00","description":"Site officiel | Vente de billets de Corrida aux ar\u00e8nes de Alicante. Achetez vos billets au meilleur prix [Venta Limitada]","breadcrumb":{"@id":"https:\/\/plazatorosalicante.com\/fr\/billets-de-corrida\/billets-corrida-de-taureaux\/#breadcrumb"},"inLanguage":"fr-FR","potentialAction":[{"@type":"ReadAction","target":["https:\/\/plazatorosalicante.com\/fr\/billets-de-corrida\/billets-corrida-de-taureaux\/"]}]},{"@type":"BreadcrumbList","@id":"https:\/\/plazatorosalicante.com\/fr\/billets-de-corrida\/billets-corrida-de-taureaux\/#breadcrumb","itemListElement":[{"@type":"ListItem","position":1,"name":"Portada","item":"https:\/\/plazatorosalicante.com\/fr\/page-daccueil\/"},{"@type":"ListItem","position":2,"name":"Billets de corrida","item":"https:\/\/plazatorosalicante.com\/fr\/billets-de-corrida\/"},{"@type":"ListItem","position":3,"name":"Corridas de Taureaux"}]},{"@type":"WebSite","@id":"https:\/\/plazatorosalicante.com\/fr\/#website","url":"https:\/\/plazatorosalicante.com\/fr\/","name":"Plaza de Toros de Alicante","description":"Plaza de toros Alicante - Visitas Tur\u00edsticas y Culturales en Vivo para Individuales y Grupos","publisher":{"@id":"https:\/\/plazatorosalicante.com\/fr\/#organization"},"alternateName":"La Plaza Alicante Tour","potentialAction":[{"@type":"SearchAction","target":{"@type":"EntryPoint","urlTemplate":"https:\/\/plazatorosalicante.com\/fr\/?s={search_term_string}"},"query-input":{"@type":"PropertyValueSpecification","valueRequired":true,"valueName":"search_term_string"}}],"inLanguage":"fr-FR"},{"@type":"Organization","@id":"https:\/\/plazatorosalicante.com\/fr\/#organization","name":"Plaza de toros Alicante","alternateName":"La Plaza Alicante Tour","url":"https:\/\/plazatorosalicante.com\/fr\/","logo":{"@type":"ImageObject","inLanguage":"fr-FR","@id":"https:\/\/plazatorosalicante.com\/fr\/#\/schema\/logo\/image\/","url":"https:\/\/plazatorosalicante.com\/wp-content\/uploads\/2023\/10\/Logo-plaza-toros-alicante.jpg","contentUrl":"https:\/\/plazatorosalicante.com\/wp-content\/uploads\/2023\/10\/Logo-plaza-toros-alicante.jpg","width":100,"height":100,"caption":"Plaza de toros Alicante"},"image":{"@id":"https:\/\/plazatorosalicante.com\/fr\/#\/schema\/logo\/image\/"}}]}},"_links":{"self":[{"href":"https:\/\/plazatorosalicante.com\/fr\/wp-json\/wp\/v2\/pages\/4079","targetHints":{"allow":["GET"]}}],"collection":[{"href":"https:\/\/plazatorosalicante.com\/fr\/wp-json\/wp\/v2\/pages"}],"about":[{"href":"https:\/\/plazatorosalicante.com\/fr\/wp-json\/wp\/v2\/types\/page"}],"author":[{"embeddable":true,"href":"https:\/\/plazatorosalicante.com\/fr\/wp-json\/wp\/v2\/users\/1"}],"replies":[{"embeddable":true,"href":"https:\/\/plazatorosalicante.com\/fr\/wp-json\/wp\/v2\/comments?post=4079"}],"version-history":[{"count":7,"href":"https:\/\/plazatorosalicante.com\/fr\/wp-json\/wp\/v2\/pages\/4079\/revisions"}],"predecessor-version":[{"id":4612,"href":"https:\/\/plazatorosalicante.com\/fr\/wp-json\/wp\/v2\/pages\/4079\/revisions\/4612"}],"up":[{"embeddable":true,"href":"https:\/\/plazatorosalicante.com\/fr\/wp-json\/wp\/v2\/pages\/4085"}],"wp:attachment":[{"href":"https:\/\/plazatorosalicante.com\/fr\/wp-json\/wp\/v2\/media?parent=4079"}],"curies":[{"name":"wp","href":"https:\/\/api.w.org\/{rel}","templated":true}]}}