{"id":4109,"date":"2023-10-31T11:26:49","date_gmt":"2023-10-31T11:26:49","guid":{"rendered":"https:\/\/plazatorosalicante.com\/prix\/"},"modified":"2025-01-07T11:52:50","modified_gmt":"2025-01-07T11:52:50","slug":"tarifs-visites-arenes","status":"publish","type":"page","link":"https:\/\/plazatorosalicante.com\/fr\/tarifs-visites-arenes\/","title":{"rendered":"Tarifs"},"content":{"rendered":"<section class=\"l-section wpb_row hide_on_tablets hide_on_mobiles height_medium\"><div class=\"l-section-h i-cf\"><div class=\"g-cols vc_row via_grid cols_1 laptops-cols_inherit tablets-cols_inherit mobiles-cols_1 valign_top type_default stacking_default\"><div class=\"wpb_column vc_column_container\"><div class=\"vc_column-inner\"><div class=\"wpb_text_column\"><div class=\"wpb_wrapper\"><h1 style=\"text-align: left;\">Tarifs des Visites<\/h1>\n<p>Vous trouverez ci-dessous les diff\u00e9rents tarifs et activit\u00e9s inclus dans nos visites aux ar\u00e8nes et mus\u00e9e taurin :<\/p>\n<\/div><\/div><div class=\"w-separator size_medium\"><\/div><div class=\"w-pricing style_simple items_3\"><div class=\"w-pricing-item type_default\"><div class=\"w-pricing-item-h\"><div class=\"w-pricing-item-header\"><div class=\"w-pricing-item-title\">Entr\u00e9e individuelle<\/div><div class=\"w-pricing-item-price\">12\u20ac<small>par personne<\/small><\/div><\/div><ul class=\"w-pricing-item-features\"><li class=\"w-pricing-item-feature\">Guide audio<\/li><li class=\"w-pricing-item-feature\">Visite des ar\u00e8nes <\/li><li class=\"w-pricing-item-feature\">Visite du mus\u00e9e taurin<\/li><\/ul><div class=\"w-pricing-item-footer\"><a class=\"w-btn us-btn-style_1\" style=\"font-size:15px\" href=\"https:\/\/plazatorosalicante.com\/fr\/tour\/visites-individuelles\/\"><span class=\"w-btn-label\">Plus d&rsquo;informations<\/span><\/a><\/div><\/div><\/div><div class=\"w-pricing-item type_featured\"><div class=\"w-pricing-item-h\"><div class=\"w-pricing-item-header\"><div class=\"w-pricing-item-title\">Visite Guid\u00e9e VIP<\/div><div class=\"w-pricing-item-price\">A partir de 13 euros<small>Par personne<\/small><\/div><\/div><ul class=\"w-pricing-item-features\"><li class=\"w-pricing-item-feature\">1 Guide Priv\u00e9 vous expliquera toute l'histoire des ar\u00e8nes<\/li><li class=\"w-pricing-item-feature\">Visite des Ar\u00e8nes<\/li><li class=\"w-pricing-item-feature\">Visite du Mus\u00e9e Taurin<\/li><\/ul><div class=\"w-pricing-item-footer\"><a class=\"w-btn us-btn-style_1\" style=\"font-size:15px\" href=\"https:\/\/plazatorosalicante.com\/fr\/tour\/visite-guidee-vip\/\"><span class=\"w-btn-label\">Plus d&rsquo;informations<\/span><\/a><\/div><\/div><\/div><div class=\"w-pricing-item type_default\"><div class=\"w-pricing-item-h\"><div class=\"w-pricing-item-header\"><div class=\"w-pricing-item-title\">Visites de Groupe<\/div><div class=\"w-pricing-item-price\">A partir de 8 euros<small>Par personne<\/small><\/div><\/div><ul class=\"w-pricing-item-features\"><li class=\"w-pricing-item-feature\">Visite guid\u00e9e dans votre language<\/li><li class=\"w-pricing-item-feature\">Visite des ar\u00e8nes<\/li><li class=\"w-pricing-item-feature\">Visite du mus\u00e9e taurin<\/li><\/ul><div class=\"w-pricing-item-footer\"><a class=\"w-btn us-btn-style_1\" style=\"font-size:15px\" href=\"https:\/\/plazatorosalicante.com\/fr\/tour\/visites-de-groupe\/\"><span class=\"w-btn-label\">Plus d&rsquo;informations<\/span><\/a><\/div><\/div><\/div><\/div><\/div><\/div><\/div><\/div><\/section>\n","protected":false},"excerpt":{"rendered":"Tarifs des Visites Vous trouverez ci-dessous les diff\u00e9rents tarifs et activit\u00e9s inclus dans nos visites aux ar\u00e8nes et mus\u00e9e taurin : Entr\u00e9e individuelle12\u20acpar personneGuide audioVisite des ar\u00e8nes Visite du mus\u00e9e taurinPlus d&rsquo;informationsVisite Guid\u00e9e VIPA partir de 13 eurosPar personne1 Guide Priv\u00e9 vous expliquera toute l'histoire des ar\u00e8nesVisite des Ar\u00e8nesVisite du Mus\u00e9e TaurinPlus d&rsquo;informationsVisites de GroupeA...","protected":false},"author":1,"featured_media":0,"parent":0,"menu_order":0,"comment_status":"closed","ping_status":"closed","template":"","meta":{"_acf_changed":false,"footnotes":""},"class_list":["post-4109","page","type-page","status-publish","hentry"],"acf":[],"yoast_head":"<!-- This site is optimized with the Yoast SEO plugin v27.4 - https:\/\/yoast.com\/product\/yoast-seo-wordpress\/ -->\n<title>Tarifs des Visites des Ar\u00e8nes de Alicante | Web officielle<\/title>\n<meta name=\"description\" content=\"Tous les tarifs pour la visite des ar\u00e8nes de Alicante et du mus\u00e9e de la tauromachie. Visites guid\u00e9es et avec audioguide.\" \/>\n<meta name=\"robots\" content=\"index, follow, max-snippet:-1, max-image-preview:large, max-video-preview:-1\" \/>\n<link rel=\"canonical\" href=\"https:\/\/plazatorosalicante.com\/fr\/tarifs-visites-arenes\/\" \/>\n<meta property=\"og:locale\" content=\"fr_FR\" \/>\n<meta property=\"og:type\" content=\"article\" \/>\n<meta property=\"og:title\" content=\"Tarifs des Visites des Ar\u00e8nes de Alicante | Web officielle\" \/>\n<meta property=\"og:description\" content=\"Tous les tarifs pour la visite des ar\u00e8nes de Alicante et du mus\u00e9e de la tauromachie. Visites guid\u00e9es et avec audioguide.\" \/>\n<meta property=\"og:url\" content=\"https:\/\/plazatorosalicante.com\/fr\/tarifs-visites-arenes\/\" \/>\n<meta property=\"og:site_name\" content=\"Plaza de Toros de Alicante\" \/>\n<meta property=\"article:modified_time\" content=\"2025-01-07T11:52:50+00:00\" \/>\n<meta property=\"og:image\" content=\"https:\/\/plazatorosalicante.com\/wp-content\/uploads\/2025\/03\/VIT_7836-scaled-1.jpg\" \/>\n\t<meta property=\"og:image:width\" content=\"2560\" \/>\n\t<meta property=\"og:image:height\" content=\"1696\" \/>\n\t<meta property=\"og:image:type\" content=\"image\/jpeg\" \/>\n<meta name=\"twitter:card\" content=\"summary_large_image\" \/>\n<meta name=\"twitter:label1\" content=\"Dur\u00e9e de lecture estim\u00e9e\" \/>\n\t<meta name=\"twitter:data1\" content=\"1 minute\" \/>\n<script type=\"application\/ld+json\" class=\"yoast-schema-graph\">{\"@context\":\"https:\\\/\\\/schema.org\",\"@graph\":[{\"@type\":\"WebPage\",\"@id\":\"https:\\\/\\\/plazatorosalicante.com\\\/fr\\\/tarifs-visites-arenes\\\/\",\"url\":\"https:\\\/\\\/plazatorosalicante.com\\\/fr\\\/tarifs-visites-arenes\\\/\",\"name\":\"Tarifs des Visites des Ar\u00e8nes de Alicante | Web officielle\",\"isPartOf\":{\"@id\":\"https:\\\/\\\/plazatorosalicante.com\\\/fr\\\/#website\"},\"datePublished\":\"2023-10-31T11:26:49+00:00\",\"dateModified\":\"2025-01-07T11:52:50+00:00\",\"description\":\"Tous les tarifs pour la visite des ar\u00e8nes de Alicante et du mus\u00e9e de la tauromachie. Visites guid\u00e9es et avec audioguide.\",\"breadcrumb\":{\"@id\":\"https:\\\/\\\/plazatorosalicante.com\\\/fr\\\/tarifs-visites-arenes\\\/#breadcrumb\"},\"inLanguage\":\"fr-FR\",\"potentialAction\":[{\"@type\":\"ReadAction\",\"target\":[\"https:\\\/\\\/plazatorosalicante.com\\\/fr\\\/tarifs-visites-arenes\\\/\"]}]},{\"@type\":\"BreadcrumbList\",\"@id\":\"https:\\\/\\\/plazatorosalicante.com\\\/fr\\\/tarifs-visites-arenes\\\/#breadcrumb\",\"itemListElement\":[{\"@type\":\"ListItem\",\"position\":1,\"name\":\"Portada\",\"item\":\"https:\\\/\\\/plazatorosalicante.com\\\/fr\\\/page-daccueil\\\/\"},{\"@type\":\"ListItem\",\"position\":2,\"name\":\"Tarifs\"}]},{\"@type\":\"WebSite\",\"@id\":\"https:\\\/\\\/plazatorosalicante.com\\\/fr\\\/#website\",\"url\":\"https:\\\/\\\/plazatorosalicante.com\\\/fr\\\/\",\"name\":\"Plaza de Toros de Alicante\",\"description\":\"Plaza de toros Alicante - Visitas Tur\u00edsticas y Culturales en Vivo para Individuales y Grupos\",\"publisher\":{\"@id\":\"https:\\\/\\\/plazatorosalicante.com\\\/fr\\\/#organization\"},\"alternateName\":\"La Plaza Alicante Tour\",\"potentialAction\":[{\"@type\":\"SearchAction\",\"target\":{\"@type\":\"EntryPoint\",\"urlTemplate\":\"https:\\\/\\\/plazatorosalicante.com\\\/fr\\\/?s={search_term_string}\"},\"query-input\":{\"@type\":\"PropertyValueSpecification\",\"valueRequired\":true,\"valueName\":\"search_term_string\"}}],\"inLanguage\":\"fr-FR\"},{\"@type\":\"Organization\",\"@id\":\"https:\\\/\\\/plazatorosalicante.com\\\/fr\\\/#organization\",\"name\":\"Plaza de toros Alicante\",\"alternateName\":\"La Plaza Alicante Tour\",\"url\":\"https:\\\/\\\/plazatorosalicante.com\\\/fr\\\/\",\"logo\":{\"@type\":\"ImageObject\",\"inLanguage\":\"fr-FR\",\"@id\":\"https:\\\/\\\/plazatorosalicante.com\\\/fr\\\/#\\\/schema\\\/logo\\\/image\\\/\",\"url\":\"https:\\\/\\\/plazatorosalicante.com\\\/wp-content\\\/uploads\\\/2023\\\/10\\\/Logo-plaza-toros-alicante.jpg\",\"contentUrl\":\"https:\\\/\\\/plazatorosalicante.com\\\/wp-content\\\/uploads\\\/2023\\\/10\\\/Logo-plaza-toros-alicante.jpg\",\"width\":100,\"height\":100,\"caption\":\"Plaza de toros Alicante\"},\"image\":{\"@id\":\"https:\\\/\\\/plazatorosalicante.com\\\/fr\\\/#\\\/schema\\\/logo\\\/image\\\/\"}}]}<\/script>\n<!-- \/ Yoast SEO plugin. -->","yoast_head_json":{"title":"Tarifs des Visites des Ar\u00e8nes de Alicante | Web officielle","description":"Tous les tarifs pour la visite des ar\u00e8nes de Alicante et du mus\u00e9e de la tauromachie. Visites guid\u00e9es et avec audioguide.","robots":{"index":"index","follow":"follow","max-snippet":"max-snippet:-1","max-image-preview":"max-image-preview:large","max-video-preview":"max-video-preview:-1"},"canonical":"https:\/\/plazatorosalicante.com\/fr\/tarifs-visites-arenes\/","og_locale":"fr_FR","og_type":"article","og_title":"Tarifs des Visites des Ar\u00e8nes de Alicante | Web officielle","og_description":"Tous les tarifs pour la visite des ar\u00e8nes de Alicante et du mus\u00e9e de la tauromachie. Visites guid\u00e9es et avec audioguide.","og_url":"https:\/\/plazatorosalicante.com\/fr\/tarifs-visites-arenes\/","og_site_name":"Plaza de Toros de Alicante","article_modified_time":"2025-01-07T11:52:50+00:00","og_image":[{"width":2560,"height":1696,"url":"https:\/\/plazatorosalicante.com\/wp-content\/uploads\/2025\/03\/VIT_7836-scaled-1.jpg","type":"image\/jpeg"}],"twitter_card":"summary_large_image","twitter_misc":{"Dur\u00e9e de lecture estim\u00e9e":"1 minute"},"schema":{"@context":"https:\/\/schema.org","@graph":[{"@type":"WebPage","@id":"https:\/\/plazatorosalicante.com\/fr\/tarifs-visites-arenes\/","url":"https:\/\/plazatorosalicante.com\/fr\/tarifs-visites-arenes\/","name":"Tarifs des Visites des Ar\u00e8nes de Alicante | Web officielle","isPartOf":{"@id":"https:\/\/plazatorosalicante.com\/fr\/#website"},"datePublished":"2023-10-31T11:26:49+00:00","dateModified":"2025-01-07T11:52:50+00:00","description":"Tous les tarifs pour la visite des ar\u00e8nes de Alicante et du mus\u00e9e de la tauromachie. Visites guid\u00e9es et avec audioguide.","breadcrumb":{"@id":"https:\/\/plazatorosalicante.com\/fr\/tarifs-visites-arenes\/#breadcrumb"},"inLanguage":"fr-FR","potentialAction":[{"@type":"ReadAction","target":["https:\/\/plazatorosalicante.com\/fr\/tarifs-visites-arenes\/"]}]},{"@type":"BreadcrumbList","@id":"https:\/\/plazatorosalicante.com\/fr\/tarifs-visites-arenes\/#breadcrumb","itemListElement":[{"@type":"ListItem","position":1,"name":"Portada","item":"https:\/\/plazatorosalicante.com\/fr\/page-daccueil\/"},{"@type":"ListItem","position":2,"name":"Tarifs"}]},{"@type":"WebSite","@id":"https:\/\/plazatorosalicante.com\/fr\/#website","url":"https:\/\/plazatorosalicante.com\/fr\/","name":"Plaza de Toros de Alicante","description":"Plaza de toros Alicante - Visitas Tur\u00edsticas y Culturales en Vivo para Individuales y Grupos","publisher":{"@id":"https:\/\/plazatorosalicante.com\/fr\/#organization"},"alternateName":"La Plaza Alicante Tour","potentialAction":[{"@type":"SearchAction","target":{"@type":"EntryPoint","urlTemplate":"https:\/\/plazatorosalicante.com\/fr\/?s={search_term_string}"},"query-input":{"@type":"PropertyValueSpecification","valueRequired":true,"valueName":"search_term_string"}}],"inLanguage":"fr-FR"},{"@type":"Organization","@id":"https:\/\/plazatorosalicante.com\/fr\/#organization","name":"Plaza de toros Alicante","alternateName":"La Plaza Alicante Tour","url":"https:\/\/plazatorosalicante.com\/fr\/","logo":{"@type":"ImageObject","inLanguage":"fr-FR","@id":"https:\/\/plazatorosalicante.com\/fr\/#\/schema\/logo\/image\/","url":"https:\/\/plazatorosalicante.com\/wp-content\/uploads\/2023\/10\/Logo-plaza-toros-alicante.jpg","contentUrl":"https:\/\/plazatorosalicante.com\/wp-content\/uploads\/2023\/10\/Logo-plaza-toros-alicante.jpg","width":100,"height":100,"caption":"Plaza de toros Alicante"},"image":{"@id":"https:\/\/plazatorosalicante.com\/fr\/#\/schema\/logo\/image\/"}}]}},"_links":{"self":[{"href":"https:\/\/plazatorosalicante.com\/fr\/wp-json\/wp\/v2\/pages\/4109","targetHints":{"allow":["GET"]}}],"collection":[{"href":"https:\/\/plazatorosalicante.com\/fr\/wp-json\/wp\/v2\/pages"}],"about":[{"href":"https:\/\/plazatorosalicante.com\/fr\/wp-json\/wp\/v2\/types\/page"}],"author":[{"embeddable":true,"href":"https:\/\/plazatorosalicante.com\/fr\/wp-json\/wp\/v2\/users\/1"}],"replies":[{"embeddable":true,"href":"https:\/\/plazatorosalicante.com\/fr\/wp-json\/wp\/v2\/comments?post=4109"}],"version-history":[{"count":12,"href":"https:\/\/plazatorosalicante.com\/fr\/wp-json\/wp\/v2\/pages\/4109\/revisions"}],"predecessor-version":[{"id":17581,"href":"https:\/\/plazatorosalicante.com\/fr\/wp-json\/wp\/v2\/pages\/4109\/revisions\/17581"}],"wp:attachment":[{"href":"https:\/\/plazatorosalicante.com\/fr\/wp-json\/wp\/v2\/media?parent=4109"}],"curies":[{"name":"wp","href":"https:\/\/api.w.org\/{rel}","templated":true}]}}