{"id":4503,"date":"2023-11-29T13:42:14","date_gmt":"2023-11-29T13:42:14","guid":{"rendered":"https:\/\/plazatorosalicante.com\/musee-de-la-tauromachie-dalicante\/"},"modified":"2025-09-15T10:13:55","modified_gmt":"2025-09-15T10:13:55","slug":"musee-de-la-tauromachie-dalicante","status":"publish","type":"page","link":"https:\/\/plazatorosalicante.com\/fr\/musee-de-la-tauromachie-dalicante\/","title":{"rendered":"Mus\u00e9e de la tauromachie d&rsquo;Alicante"},"content":{"rendered":"<section class=\"l-section wpb_row us_custom_f9d0b101 height_auto color_primary with_img parallax_ver parallaxdir_reversed\"><div class=\"l-section-img\" role=\"img\" aria-label=\"mus\u00e9e taurin d&#039;Alicante\" data-img-width=\"714\" data-img-height=\"472\" style=\"background-image: url(https:\/\/plazatorosalicante.com\/wp-content\/uploads\/2023\/09\/museo-taurino-de-alicante.jpg);\"><\/div><div class=\"l-section-overlay\" style=\"background:linear-gradient(90deg,#1b122f,rgba(54,54,54,0.00))\"><\/div><div class=\"l-section-h i-cf\"><div class=\"g-cols vc_row via_grid cols_1 laptops-cols_inherit tablets-cols_inherit mobiles-cols_1 valign_middle type_default stacking_default\" style=\"--columns-gap:0rem;\"><div class=\"wpb_column vc_column_container\"><div class=\"vc_column-inner\"><div class=\"w-separator size_medium\"><\/div><div class=\"w-text us_custom_444d1fbc us_animate_this\"><span class=\"w-text-h\"><span class=\"w-text-value\">D\u00e9couvrez la passion taurine<\/span><\/span><\/div><div class=\"w-separator size_small\"><\/div><h1 class=\"w-text us_custom_51aa7753 us_animate_this\"><span class=\"w-text-h\"><span class=\"w-text-value\">Mus\u00e9e de la tauromachie d&apos;Alicante<\/span><\/span><\/h1><div class=\"w-separator size_small\"><\/div><div class=\"w-btn-wrapper align_none\"><a class=\"w-btn us-btn-style_1\" href=\"https:\/\/tickets.plazatorosalicante.com\/\"><span class=\"w-btn-label\">Billets d&apos;entr\u00e9e<\/span><\/a><\/div><div class=\"w-separator size_medium\"><\/div><\/div><\/div><\/div><\/div><\/section><section class=\"l-section wpb_row height_medium\"><div class=\"l-section-h i-cf\"><div class=\"g-cols vc_row via_grid cols_2 laptops-cols_inherit tablets-cols_inherit mobiles-cols_1 valign_top type_default stacking_default\"><div class=\"wpb_column vc_column_container\"><div class=\"vc_column-inner\"><div class=\"wpb_text_column\"><div class=\"wpb_wrapper\"><h2>Prix<\/h2>\n<p><strong>Bullring + Museum Tour | A partir de 5\u20ac.<\/strong><\/p>\n<ul>\n<li>Mus\u00e9e taurin<\/li>\n<li>Visite avec audioguide<\/li>\n<li>Visitez toute la place<\/li>\n<li>Exp\u00e9riences audiovisuelles<\/li>\n<\/ul>\n<\/div><\/div><\/div><\/div><div class=\"wpb_column vc_column_container\"><div class=\"vc_column-inner\"><div class=\"wpb_text_column\"><div class=\"wpb_wrapper\"><h2>Horaires :<\/h2>\n<p class=\"\" data-start=\"205\" data-end=\"405\"><strong data-start=\"205\" data-end=\"342\">Seule la visite du mus\u00e9e de la tauromachie est gratuite, mais aucune autre partie des ar\u00e8nes n&rsquo;est accessible.<\/strong><\/p>\n<p class=\"\" data-start=\"205\" data-end=\"405\"><br data-start=\"342\" data-end=\"345\">Les heures d&rsquo;ouverture pour l&rsquo;acc\u00e8s gratuit au mus\u00e9e sont les suivantes :<\/p>\n<ul>\n<li data-start=\"409\" data-end=\"450\">Du mardi au vendredi de 17:00 \u00e0 20:00 h.<\/li>\n<li class=\"x_x_MsoNormal\">Fermeture les lundis, dimanches et jours f\u00e9ri\u00e9s<\/li>\n<\/ul>\n<\/div><\/div><\/div><\/div><\/div><\/div><\/section><section class=\"l-section wpb_row height_medium\"><div class=\"l-section-h i-cf\"><div class=\"g-cols vc_row via_grid cols_1 laptops-cols_inherit tablets-cols_inherit mobiles-cols_1 valign_top type_default stacking_default\"><div class=\"wpb_column vc_column_container\"><div class=\"vc_column-inner\"><div class=\"wpb_text_column\"><div class=\"wpb_wrapper\"><h2 style=\"text-align: center;\">Tout ce que vous verrez au mus\u00e9e<\/h2>\n<\/div><\/div><\/div><\/div><\/div><\/div><\/section><section class=\"l-section wpb_row height_auto\"><div class=\"l-section-h i-cf\"><div class=\"g-cols vc_row via_grid cols_2 laptops-cols_inherit tablets-cols_inherit mobiles-cols_1 valign_middle type_boxes stacking_default\" style=\"--columns-gap:0rem;\"><div class=\"wpb_column vc_column_container us_custom_b0ca2638 has_bg_color\"><div class=\"vc_column-inner\"><div class=\"w-separator size_custom\" style=\"height:20vh\"><\/div><\/div><\/div><div class=\"wpb_column vc_column_container us_custom_c70c97eb has_bg_color\"><div class=\"vc_column-inner\"><div class=\"wpb_text_column\"><div class=\"wpb_wrapper\"><h3><strong>Costumes et capes<\/strong>:<\/h3>\n<p>Le mus\u00e9e abrite une impressionnante collection de costumes de tauromachie, de capes, de monteras et d&rsquo;autres objets utilis\u00e9s par les toreros au fil des ans. Ces v\u00eatements sont d&rsquo;authentiques \u0153uvres d&rsquo;art et t\u00e9moignent de l&rsquo;habilet\u00e9 et du courage des toreros.<\/p>\n<\/div><\/div><\/div><\/div><\/div><\/div><\/section><section class=\"l-section wpb_row height_auto\"><div class=\"l-section-h i-cf\"><div class=\"g-cols vc_row via_grid cols_2 laptops-cols_inherit tablets-cols_inherit mobiles-cols_1 valign_middle type_boxes reversed stacking_default\" style=\"--columns-gap:0rem;\"><div class=\"wpb_column vc_column_container us_custom_c70c97eb has_bg_color\"><div class=\"vc_column-inner\"><div class=\"wpb_text_column\"><div class=\"wpb_wrapper\"><h3><strong>Objets historiques<\/strong>:<\/h3>\n<p>Parmi les objets expos\u00e9s, on trouve des tr\u00e9sors authentiques, tels que des troph\u00e9es, des \u00e9p\u00e9es et des objets personnels de toreros c\u00e9l\u00e8bres qui ont laiss\u00e9 leur empreinte dans les ar\u00e8nes d&rsquo;Alicante.<\/p>\n<\/div><\/div><\/div><\/div><div class=\"wpb_column vc_column_container us_custom_11652e91 has_bg_color\"><div class=\"vc_column-inner\"><div class=\"w-separator size_custom\" style=\"height:20vh\"><\/div><\/div><\/div><\/div><\/div><\/section><section class=\"l-section wpb_row height_auto\"><div class=\"l-section-h i-cf\"><div class=\"g-cols vc_row via_grid cols_2 laptops-cols_inherit tablets-cols_inherit mobiles-cols_1 valign_middle type_boxes stacking_default\" style=\"--columns-gap:0rem;\"><div class=\"wpb_column vc_column_container us_custom_ede33085 has_bg_color\"><div class=\"vc_column-inner\"><div class=\"w-separator size_custom\" style=\"height:20vh\"><\/div><\/div><\/div><div class=\"wpb_column vc_column_container us_custom_c70c97eb has_bg_color\"><div class=\"vc_column-inner\"><div class=\"wpb_text_column\"><div class=\"wpb_wrapper\"><h3><strong>L&rsquo;\u00e9volution de la tauromachie<\/strong>:<\/h3>\n<p>Le mus\u00e9e vous emm\u00e8ne \u00e0 travers le temps pour explorer l&rsquo;\u00e9volution de la tauromachie, de ses d\u00e9buts \u00e0 aujourd&rsquo;hui. Vous d\u00e9couvrirez les techniques, les outils et les styles qui ont marqu\u00e9 chaque \u00e9poque.<\/p>\n<\/div><\/div><\/div><\/div><\/div><\/div><\/section><section class=\"l-section wpb_row height_auto\"><div class=\"l-section-h i-cf\"><div class=\"g-cols vc_row via_grid cols_2 laptops-cols_inherit tablets-cols_inherit mobiles-cols_1 valign_middle type_boxes reversed stacking_default\" style=\"--columns-gap:0rem;\"><div class=\"wpb_column vc_column_container us_custom_c70c97eb has_bg_color\"><div class=\"vc_column-inner\"><div class=\"wpb_text_column\"><div class=\"wpb_wrapper\"><h3><strong>L&rsquo;h\u00e9ritage culturel<\/strong>:<\/h3>\n<p>Outre l&rsquo;accent mis sur la tauromachie, le mus\u00e9e met \u00e9galement en lumi\u00e8re l&rsquo;influence de cet art sur la culture et la soci\u00e9t\u00e9 d&rsquo;Alicante et de l&rsquo;Espagne en g\u00e9n\u00e9ral. De la litt\u00e9rature \u00e0 l&rsquo;art, la tauromachie a laiss\u00e9 une marque ind\u00e9l\u00e9bile sur l&rsquo;identit\u00e9 culturelle.<\/p>\n<\/div><\/div><\/div><\/div><div class=\"wpb_column vc_column_container us_custom_05d28d08 has_bg_color\"><div class=\"vc_column-inner\"><div class=\"w-separator size_custom\" style=\"height:20vh\"><\/div><\/div><\/div><\/div><\/div><\/section><section class=\"l-section wpb_row height_medium\"><div class=\"l-section-h i-cf\"><div class=\"g-cols vc_row via_grid cols_1 laptops-cols_inherit tablets-cols_inherit mobiles-cols_1 valign_top type_default stacking_default\"><div class=\"wpb_column vc_column_container\"><div class=\"vc_column-inner\"><div class=\"wpb_text_column\"><div class=\"wpb_wrapper\"><h2 style=\"text-align: center;\">Emplacement du mus\u00e9e<\/h2>\n<p style=\"text-align: center;\">Si vous souhaitez visiter le mus\u00e9e taurin de la ville d&rsquo;Alicante, nous vous laissons ci-dessous un plan pour que vous puissiez y aller quand vous le souhaitez.<\/p>\n<\/div><\/div><div class=\"w-separator size_medium\"><\/div><div class=\"w-html\"><iframe src=\"https:\/\/www.google.com\/maps\/embed?pb=!1m18!1m12!1m3!1d3882.559012439048!2d-0.48694862354277724!3d38.352179978689065!2m3!1f0!2f0!3f0!3m2!1i1024!2i768!4f13.1!3m3!1m2!1s0xd6237db844df9a1:0x8d8356d25c92484e!2sMuseo Taurino!5e1!3m2!1ses!2ses!4v1735209959000!5m2!1ses!2ses\" width=\"1200\" height=\"300\" style=\"border:0;\" allowfullscreen=\"\" loading=\"lazy\" referrerpolicy=\"no-referrer-when-downgrade\"><\/iframe><\/div><\/div><\/div><\/div><\/div><\/section><section class=\"l-section wpb_row height_medium\"><div class=\"l-section-h i-cf\"><div class=\"g-cols vc_row via_grid cols_1 laptops-cols_inherit tablets-cols_inherit mobiles-cols_1 valign_top type_default stacking_default\"><div class=\"wpb_column vc_column_container\"><div class=\"vc_column-inner\"><div class=\"wpb_text_column\"><div class=\"wpb_wrapper\"><h2>Visites que vous pouvez faire<\/h2>\n<p>Si vous souhaitez visiter les <a title=\"ar\u00e8nes d'Alicante\" href=\"https:\/\/plazatorosalicante.com\/fr\/\">ar\u00e8nes d&rsquo;Alicante<\/a>, nous vous laissons quelques-unes des visites que vous pouvez faire<\/p>\n<\/div><\/div><div class=\"w-separator size_medium\"><\/div><div class=\"g-cols wpb_row via_grid cols_3 laptops-cols_inherit tablets-cols_inherit mobiles-cols_1 valign_top type_default stacking_default\" style=\"--columns-gap:3rem;\"><div class=\"wpb_column vc_column_container\"><div class=\"vc_column-inner\"><div class=\"w-ibanner us_custom_a10ddd82 has_text_color animation_phorcys ratio_3x2 easing_ease\"><a title=\"visite individuelle aux ar\u00e8nes d&#039;alicante\" href=\"https:\/\/plazatorosalicante.com\/fr\/tour\/visites-individuelles\/\" aria-label=\"Visite individuelle\"><\/a><div class=\"w-ibanner-h\"><div class=\"w-ibanner-image\" style=\"background-image: url(https:\/\/plazatorosalicante.com\/wp-content\/uploads\/2023\/11\/Tour-plaza-de-toros-alicante-1024x652.webp)\"><\/div><div class=\"w-ibanner-content\"><div class=\"w-ibanner-content-h\"><h3 class=\"w-ibanner-title\">Visite individuelle<\/h3><div class=\"w-ibanner-desc\"><\/div><\/div><\/div><\/div><\/div><\/div><\/div><div class=\"wpb_column vc_column_container\"><div class=\"vc_column-inner\"><div class=\"w-ibanner us_custom_a10ddd82 has_text_color animation_phorcys ratio_3x2 easing_ease\"><a title=\"visite priv\u00e9e des ar\u00e8nes d&#039;alicante\" href=\"https:\/\/plazatorosalicante.com\/fr\/tour\/visite-guidee-vip\/\" aria-label=\"Visites priv\u00e9es\"><\/a><div class=\"w-ibanner-h\"><div class=\"w-ibanner-image\" style=\"background-image: url(https:\/\/plazatorosalicante.com\/wp-content\/uploads\/2024\/03\/Guia-privado.webp)\"><\/div><div class=\"w-ibanner-content\"><div class=\"w-ibanner-content-h\"><h3 class=\"w-ibanner-title\">Visites priv\u00e9es<\/h3><div class=\"w-ibanner-desc\"><\/div><\/div><\/div><\/div><\/div><\/div><\/div><div class=\"wpb_column vc_column_container\"><div class=\"vc_column-inner\"><div class=\"w-ibanner us_custom_a10ddd82 has_text_color animation_phorcys ratio_3x2 easing_ease\"><a title=\"visites de groupes aux ar\u00e8nes d&#039;alicante\" href=\"https:\/\/plazatorosalicante.com\/fr\/tour\/visites-de-groupe\/\" aria-label=\"Visite pour les groupes\"><\/a><div class=\"w-ibanner-h\"><div class=\"w-ibanner-image\" style=\"background-image: url(https:\/\/plazatorosalicante.com\/wp-content\/uploads\/2024\/03\/visita-grupal.jpg)\"><\/div><div class=\"w-ibanner-content\"><div class=\"w-ibanner-content-h\"><h3 class=\"w-ibanner-title\">Visite pour les groupes<\/h3><div class=\"w-ibanner-desc\"><\/div><\/div><\/div><\/div><\/div><\/div><\/div><\/div><\/div><\/div><\/div><\/div><\/section>\n","protected":false},"excerpt":{"rendered":"D\u00e9couvrez la passion taurineMus\u00e9e de la tauromachie d&apos;AlicanteBillets d&apos;entr\u00e9ePrix Bullring + Museum Tour | A partir de 5\u20ac. Mus\u00e9e taurin Visite avec audioguide Visitez toute la place Exp\u00e9riences audiovisuelles Horaires : Seule la visite du mus\u00e9e de la tauromachie est gratuite, mais aucune autre partie des ar\u00e8nes n&rsquo;est accessible. Les heures d&rsquo;ouverture pour l&rsquo;acc\u00e8s gratuit...","protected":false},"author":1,"featured_media":3008,"parent":0,"menu_order":0,"comment_status":"closed","ping_status":"closed","template":"","meta":{"_acf_changed":false,"footnotes":""},"class_list":["post-4503","page","type-page","status-publish","has-post-thumbnail","hentry"],"acf":[],"yoast_head":"<!-- This site is optimized with the Yoast SEO plugin v27.6 - https:\/\/yoast.com\/product\/yoast-seo-wordpress\/ -->\n<title>\u25b7 Mus\u00e9e taurin d&#039;Alicante | Site officiel de la tourn\u00e9e des ar\u00e8nes<\/title>\n<meta name=\"description\" content=\"Visitez le mus\u00e9e de la tauromachie d&#039;Alicante et d\u00e9couvrez tous ses secrets et objets conserv\u00e9s \u00e0 l&#039;int\u00e9rieur : Costumes de tauromachie - Tableaux - Rapi\u00e8re.\" \/>\n<meta name=\"robots\" content=\"index, follow, max-snippet:-1, max-image-preview:large, max-video-preview:-1\" \/>\n<link rel=\"canonical\" href=\"https:\/\/plazatorosalicante.com\/fr\/musee-de-la-tauromachie-dalicante\/\" \/>\n<meta property=\"og:locale\" content=\"fr_FR\" \/>\n<meta property=\"og:type\" content=\"article\" \/>\n<meta property=\"og:title\" content=\"\u25b7 Mus\u00e9e taurin d&#039;Alicante | Site officiel de la tourn\u00e9e des ar\u00e8nes\" \/>\n<meta property=\"og:description\" content=\"Visitez le mus\u00e9e de la tauromachie d&#039;Alicante et d\u00e9couvrez tous ses secrets et objets conserv\u00e9s \u00e0 l&#039;int\u00e9rieur : Costumes de tauromachie - Tableaux - Rapi\u00e8re.\" \/>\n<meta property=\"og:url\" content=\"https:\/\/plazatorosalicante.com\/fr\/musee-de-la-tauromachie-dalicante\/\" \/>\n<meta property=\"og:site_name\" content=\"Plaza de Toros de Alicante\" \/>\n<meta property=\"article:publisher\" content=\"https:\/\/www.facebook.com\/laplazaalicantetour\/\" \/>\n<meta property=\"article:modified_time\" content=\"2025-09-15T10:13:55+00:00\" \/>\n<meta property=\"og:image\" content=\"https:\/\/plazatorosalicante.com\/wp-content\/uploads\/2023\/09\/museo-taurino-de-alicante.jpg\" \/>\n\t<meta property=\"og:image:width\" content=\"714\" \/>\n\t<meta property=\"og:image:height\" content=\"472\" \/>\n\t<meta property=\"og:image:type\" content=\"image\/jpeg\" \/>\n<meta name=\"twitter:card\" content=\"summary_large_image\" \/>\n<meta name=\"twitter:label1\" content=\"Dur\u00e9e de lecture estim\u00e9e\" \/>\n\t<meta name=\"twitter:data1\" content=\"3 minutes\" \/>\n<script type=\"application\/ld+json\" class=\"yoast-schema-graph\">{\"@context\":\"https:\\\/\\\/schema.org\",\"@graph\":[{\"@type\":\"WebPage\",\"@id\":\"https:\\\/\\\/plazatorosalicante.com\\\/fr\\\/musee-de-la-tauromachie-dalicante\\\/\",\"url\":\"https:\\\/\\\/plazatorosalicante.com\\\/fr\\\/musee-de-la-tauromachie-dalicante\\\/\",\"name\":\"\u25b7 Mus\u00e9e taurin d'Alicante | Site officiel de la tourn\u00e9e des ar\u00e8nes\",\"isPartOf\":{\"@id\":\"https:\\\/\\\/plazatorosalicante.com\\\/fr\\\/#website\"},\"primaryImageOfPage\":{\"@id\":\"https:\\\/\\\/plazatorosalicante.com\\\/fr\\\/musee-de-la-tauromachie-dalicante\\\/#primaryimage\"},\"image\":{\"@id\":\"https:\\\/\\\/plazatorosalicante.com\\\/fr\\\/musee-de-la-tauromachie-dalicante\\\/#primaryimage\"},\"thumbnailUrl\":\"https:\\\/\\\/plazatorosalicante.com\\\/wp-content\\\/uploads\\\/2023\\\/09\\\/museo-taurino-de-alicante.jpg\",\"datePublished\":\"2023-11-29T13:42:14+00:00\",\"dateModified\":\"2025-09-15T10:13:55+00:00\",\"description\":\"Visitez le mus\u00e9e de la tauromachie d'Alicante et d\u00e9couvrez tous ses secrets et objets conserv\u00e9s \u00e0 l'int\u00e9rieur : Costumes de tauromachie - Tableaux - Rapi\u00e8re.\",\"breadcrumb\":{\"@id\":\"https:\\\/\\\/plazatorosalicante.com\\\/fr\\\/musee-de-la-tauromachie-dalicante\\\/#breadcrumb\"},\"inLanguage\":\"fr-FR\",\"potentialAction\":[{\"@type\":\"ReadAction\",\"target\":[\"https:\\\/\\\/plazatorosalicante.com\\\/fr\\\/musee-de-la-tauromachie-dalicante\\\/\"]}]},{\"@type\":\"ImageObject\",\"inLanguage\":\"fr-FR\",\"@id\":\"https:\\\/\\\/plazatorosalicante.com\\\/fr\\\/musee-de-la-tauromachie-dalicante\\\/#primaryimage\",\"url\":\"https:\\\/\\\/plazatorosalicante.com\\\/wp-content\\\/uploads\\\/2023\\\/09\\\/museo-taurino-de-alicante.jpg\",\"contentUrl\":\"https:\\\/\\\/plazatorosalicante.com\\\/wp-content\\\/uploads\\\/2023\\\/09\\\/museo-taurino-de-alicante.jpg\",\"width\":714,\"height\":472,\"caption\":\"mus\u00e9e taurin d'Alicante\"},{\"@type\":\"BreadcrumbList\",\"@id\":\"https:\\\/\\\/plazatorosalicante.com\\\/fr\\\/musee-de-la-tauromachie-dalicante\\\/#breadcrumb\",\"itemListElement\":[{\"@type\":\"ListItem\",\"position\":1,\"name\":\"Portada\",\"item\":\"https:\\\/\\\/plazatorosalicante.com\\\/fr\\\/\"},{\"@type\":\"ListItem\",\"position\":2,\"name\":\"Mus\u00e9e de la tauromachie d&rsquo;Alicante\"}]},{\"@type\":\"WebSite\",\"@id\":\"https:\\\/\\\/plazatorosalicante.com\\\/fr\\\/#website\",\"url\":\"https:\\\/\\\/plazatorosalicante.com\\\/fr\\\/\",\"name\":\"Plaza de Toros de Alicante\",\"description\":\"Plaza de toros Alicante - Visitas Tur\u00edsticas y Culturales en Vivo para Individuales y Grupos\",\"publisher\":{\"@id\":\"https:\\\/\\\/plazatorosalicante.com\\\/fr\\\/#organization\"},\"alternateName\":\"La Plaza Alicante Tour\",\"potentialAction\":[{\"@type\":\"SearchAction\",\"target\":{\"@type\":\"EntryPoint\",\"urlTemplate\":\"https:\\\/\\\/plazatorosalicante.com\\\/fr\\\/?s={search_term_string}\"},\"query-input\":{\"@type\":\"PropertyValueSpecification\",\"valueRequired\":true,\"valueName\":\"search_term_string\"}}],\"inLanguage\":\"fr-FR\"},{\"@type\":\"Organization\",\"@id\":\"https:\\\/\\\/plazatorosalicante.com\\\/fr\\\/#organization\",\"name\":\"Plaza de toros Alicante\",\"alternateName\":\"La Plaza Alicante Tour\",\"url\":\"https:\\\/\\\/plazatorosalicante.com\\\/fr\\\/\",\"logo\":{\"@type\":\"ImageObject\",\"inLanguage\":\"fr-FR\",\"@id\":\"https:\\\/\\\/plazatorosalicante.com\\\/fr\\\/#\\\/schema\\\/logo\\\/image\\\/\",\"url\":\"https:\\\/\\\/plazatorosalicante.com\\\/wp-content\\\/uploads\\\/2023\\\/10\\\/Logo-plaza-toros-alicante.jpg\",\"contentUrl\":\"https:\\\/\\\/plazatorosalicante.com\\\/wp-content\\\/uploads\\\/2023\\\/10\\\/Logo-plaza-toros-alicante.jpg\",\"width\":100,\"height\":100,\"caption\":\"Plaza de toros Alicante\"},\"image\":{\"@id\":\"https:\\\/\\\/plazatorosalicante.com\\\/fr\\\/#\\\/schema\\\/logo\\\/image\\\/\"},\"sameAs\":[\"https:\\\/\\\/www.facebook.com\\\/laplazaalicantetour\\\/\",\"https:\\\/\\\/www.instagram.com\\\/laplazaalicantetour\\\/\"]}]}<\/script>\n<!-- \/ Yoast SEO plugin. -->","yoast_head_json":{"title":"\u25b7 Mus\u00e9e taurin d'Alicante | Site officiel de la tourn\u00e9e des ar\u00e8nes","description":"Visitez le mus\u00e9e de la tauromachie d'Alicante et d\u00e9couvrez tous ses secrets et objets conserv\u00e9s \u00e0 l'int\u00e9rieur : Costumes de tauromachie - Tableaux - Rapi\u00e8re.","robots":{"index":"index","follow":"follow","max-snippet":"max-snippet:-1","max-image-preview":"max-image-preview:large","max-video-preview":"max-video-preview:-1"},"canonical":"https:\/\/plazatorosalicante.com\/fr\/musee-de-la-tauromachie-dalicante\/","og_locale":"fr_FR","og_type":"article","og_title":"\u25b7 Mus\u00e9e taurin d'Alicante | Site officiel de la tourn\u00e9e des ar\u00e8nes","og_description":"Visitez le mus\u00e9e de la tauromachie d'Alicante et d\u00e9couvrez tous ses secrets et objets conserv\u00e9s \u00e0 l'int\u00e9rieur : Costumes de tauromachie - Tableaux - Rapi\u00e8re.","og_url":"https:\/\/plazatorosalicante.com\/fr\/musee-de-la-tauromachie-dalicante\/","og_site_name":"Plaza de Toros de Alicante","article_publisher":"https:\/\/www.facebook.com\/laplazaalicantetour\/","article_modified_time":"2025-09-15T10:13:55+00:00","og_image":[{"width":714,"height":472,"url":"https:\/\/plazatorosalicante.com\/wp-content\/uploads\/2023\/09\/museo-taurino-de-alicante.jpg","type":"image\/jpeg"}],"twitter_card":"summary_large_image","twitter_misc":{"Dur\u00e9e de lecture estim\u00e9e":"3 minutes"},"schema":{"@context":"https:\/\/schema.org","@graph":[{"@type":"WebPage","@id":"https:\/\/plazatorosalicante.com\/fr\/musee-de-la-tauromachie-dalicante\/","url":"https:\/\/plazatorosalicante.com\/fr\/musee-de-la-tauromachie-dalicante\/","name":"\u25b7 Mus\u00e9e taurin d'Alicante | Site officiel de la tourn\u00e9e des ar\u00e8nes","isPartOf":{"@id":"https:\/\/plazatorosalicante.com\/fr\/#website"},"primaryImageOfPage":{"@id":"https:\/\/plazatorosalicante.com\/fr\/musee-de-la-tauromachie-dalicante\/#primaryimage"},"image":{"@id":"https:\/\/plazatorosalicante.com\/fr\/musee-de-la-tauromachie-dalicante\/#primaryimage"},"thumbnailUrl":"https:\/\/plazatorosalicante.com\/wp-content\/uploads\/2023\/09\/museo-taurino-de-alicante.jpg","datePublished":"2023-11-29T13:42:14+00:00","dateModified":"2025-09-15T10:13:55+00:00","description":"Visitez le mus\u00e9e de la tauromachie d'Alicante et d\u00e9couvrez tous ses secrets et objets conserv\u00e9s \u00e0 l'int\u00e9rieur : Costumes de tauromachie - Tableaux - Rapi\u00e8re.","breadcrumb":{"@id":"https:\/\/plazatorosalicante.com\/fr\/musee-de-la-tauromachie-dalicante\/#breadcrumb"},"inLanguage":"fr-FR","potentialAction":[{"@type":"ReadAction","target":["https:\/\/plazatorosalicante.com\/fr\/musee-de-la-tauromachie-dalicante\/"]}]},{"@type":"ImageObject","inLanguage":"fr-FR","@id":"https:\/\/plazatorosalicante.com\/fr\/musee-de-la-tauromachie-dalicante\/#primaryimage","url":"https:\/\/plazatorosalicante.com\/wp-content\/uploads\/2023\/09\/museo-taurino-de-alicante.jpg","contentUrl":"https:\/\/plazatorosalicante.com\/wp-content\/uploads\/2023\/09\/museo-taurino-de-alicante.jpg","width":714,"height":472,"caption":"mus\u00e9e taurin d'Alicante"},{"@type":"BreadcrumbList","@id":"https:\/\/plazatorosalicante.com\/fr\/musee-de-la-tauromachie-dalicante\/#breadcrumb","itemListElement":[{"@type":"ListItem","position":1,"name":"Portada","item":"https:\/\/plazatorosalicante.com\/fr\/"},{"@type":"ListItem","position":2,"name":"Mus\u00e9e de la tauromachie d&rsquo;Alicante"}]},{"@type":"WebSite","@id":"https:\/\/plazatorosalicante.com\/fr\/#website","url":"https:\/\/plazatorosalicante.com\/fr\/","name":"Plaza de Toros de Alicante","description":"Plaza de toros Alicante - Visitas Tur\u00edsticas y Culturales en Vivo para Individuales y Grupos","publisher":{"@id":"https:\/\/plazatorosalicante.com\/fr\/#organization"},"alternateName":"La Plaza Alicante Tour","potentialAction":[{"@type":"SearchAction","target":{"@type":"EntryPoint","urlTemplate":"https:\/\/plazatorosalicante.com\/fr\/?s={search_term_string}"},"query-input":{"@type":"PropertyValueSpecification","valueRequired":true,"valueName":"search_term_string"}}],"inLanguage":"fr-FR"},{"@type":"Organization","@id":"https:\/\/plazatorosalicante.com\/fr\/#organization","name":"Plaza de toros Alicante","alternateName":"La Plaza Alicante Tour","url":"https:\/\/plazatorosalicante.com\/fr\/","logo":{"@type":"ImageObject","inLanguage":"fr-FR","@id":"https:\/\/plazatorosalicante.com\/fr\/#\/schema\/logo\/image\/","url":"https:\/\/plazatorosalicante.com\/wp-content\/uploads\/2023\/10\/Logo-plaza-toros-alicante.jpg","contentUrl":"https:\/\/plazatorosalicante.com\/wp-content\/uploads\/2023\/10\/Logo-plaza-toros-alicante.jpg","width":100,"height":100,"caption":"Plaza de toros Alicante"},"image":{"@id":"https:\/\/plazatorosalicante.com\/fr\/#\/schema\/logo\/image\/"},"sameAs":["https:\/\/www.facebook.com\/laplazaalicantetour\/","https:\/\/www.instagram.com\/laplazaalicantetour\/"]}]}},"_links":{"self":[{"href":"https:\/\/plazatorosalicante.com\/fr\/wp-json\/wp\/v2\/pages\/4503","targetHints":{"allow":["GET"]}}],"collection":[{"href":"https:\/\/plazatorosalicante.com\/fr\/wp-json\/wp\/v2\/pages"}],"about":[{"href":"https:\/\/plazatorosalicante.com\/fr\/wp-json\/wp\/v2\/types\/page"}],"author":[{"embeddable":true,"href":"https:\/\/plazatorosalicante.com\/fr\/wp-json\/wp\/v2\/users\/1"}],"replies":[{"embeddable":true,"href":"https:\/\/plazatorosalicante.com\/fr\/wp-json\/wp\/v2\/comments?post=4503"}],"version-history":[{"count":14,"href":"https:\/\/plazatorosalicante.com\/fr\/wp-json\/wp\/v2\/pages\/4503\/revisions"}],"predecessor-version":[{"id":22462,"href":"https:\/\/plazatorosalicante.com\/fr\/wp-json\/wp\/v2\/pages\/4503\/revisions\/22462"}],"wp:featuredmedia":[{"embeddable":true,"href":"https:\/\/plazatorosalicante.com\/fr\/wp-json\/wp\/v2\/media\/3008"}],"wp:attachment":[{"href":"https:\/\/plazatorosalicante.com\/fr\/wp-json\/wp\/v2\/media?parent=4503"}],"curies":[{"name":"wp","href":"https:\/\/api.w.org\/{rel}","templated":true}]}}