{"id":21452,"date":"2025-04-28T10:18:41","date_gmt":"2025-04-28T10:18:41","guid":{"rendered":"https:\/\/plazatorosalicante.com\/?post_type=product&#038;p=21452"},"modified":"2026-01-05T14:04:34","modified_gmt":"2026-01-05T14:04:34","slug":"tauromachie-29-juin","status":"publish","type":"product","link":"https:\/\/plazatorosalicante.com\/fr\/producto\/tauromachie-29-juin\/","title":{"rendered":"Tauromachie 29 juin"},"content":{"rendered":"<section class=\"l-section wpb_row height_medium\"><div class=\"l-section-h i-cf\"><div class=\"g-cols vc_row via_grid cols_1 laptops-cols_inherit tablets-cols_inherit mobiles-cols_1 valign_top type_default stacking_default\"><div class=\"wpb_column vc_column_container\"><div class=\"vc_column-inner\"><div class=\"g-cols wpb_row via_grid cols_2 laptops-cols_inherit tablets-cols_inherit mobiles-cols_1 valign_top type_default stacking_default\" style=\"--columns-gap:3rem;\" id=\"espectaculo\"><div class=\"wpb_column vc_column_container\"><div class=\"vc_column-inner\"><div class=\"w-iconbox iconpos_left style_default color_primary align_left\"><div class=\"w-iconbox-icon\" style=\"font-size:2rem;\"><i class=\"fas fa-users\"><\/i><\/div><div class=\"w-iconbox-meta\"><h3 class=\"w-iconbox-title\">Toreros participants:<\/h3><div class=\"w-iconbox-text\"><p>A confirmer<\/p>\n<\/div><\/div><\/div><\/div><\/div><div class=\"wpb_column vc_column_container\"><div class=\"vc_column-inner\"><div class=\"w-iconbox iconpos_left style_default color_primary align_left\"><div class=\"w-iconbox-icon\" style=\"font-size:2rem;\"><i class=\"fas fa-calendar\"><\/i><\/div><div class=\"w-iconbox-meta\"><h3 class=\"w-iconbox-title\">\u00c7a commence quand?<\/h3><div class=\"w-iconbox-text\"><p>29 juin \u00e0 19h00.<\/p>\n<\/div><\/div><\/div><\/div><\/div><\/div><div class=\"w-separator size_large\"><\/div><div class=\"g-cols wpb_row via_grid cols_1 laptops-cols_inherit tablets-cols_inherit mobiles-cols_1 valign_top type_default stacking_default\" style=\"--columns-gap:3rem;\" id=\"localidades\"><div class=\"wpb_column vc_column_container\"><div class=\"vc_column-inner\"><div class=\"wpb_text_column\"><div class=\"wpb_wrapper\"><h2>Types de billets disponibles<\/h2>\n<p>Dans les ar\u00e8nes d&rsquo;Alicante, vous pouvez trouver diff\u00e9rents types de si\u00e8ges ou de si\u00e8ges en fonction de la proximit\u00e9 de l&rsquo;ar\u00e8ne et de son orientation. Certaines des places disponibles sont:<\/p>\n<ol>\n<li><strong>Barri\u00e8re :<\/strong> Ce sont les si\u00e8ges les plus proches des ar\u00e8nes, situ\u00e9s \u00e0 l&rsquo;avant. Elles offrent une vue privil\u00e9gi\u00e9e pour observer l&rsquo;habilet\u00e9 des matadors.<\/li>\n<li><strong>Contrabarrera:<\/strong> Ce sont les si\u00e8ges les plus proches de l&rsquo;ar\u00e8ne. Ils ont une vue privil\u00e9gi\u00e9e mais avec une plus grande s\u00e9curit\u00e9.<\/li>\n<li><strong>Tendido: <\/strong> Ce sont les si\u00e8ges du milieu, ils ont une vue l\u00e9g\u00e8rement plus haute et \u00e9loign\u00e9e de l&rsquo;ar\u00e8ne. Malgr\u00e9 cela, ils ont une bonne vision pour observer les futurs matadors.<\/li>\n<li><strong>Andanada:<\/strong> Ce sont les zones les plus \u00e9lev\u00e9es de la place. Dans le cas des ar\u00e8nes d&rsquo;Alicante, vous pouvez choisir entre le barrage bas et le barrage haut.<\/li>\n<\/ol>\n<p>Enfin, le spectateur pourra acheter son billet pour les taureaux en fonction de la zone dans laquelle se situe son si\u00e8ge.<\/p>\n<ul>\n<li><strong>Soleil:<\/strong> Ce sont g\u00e9n\u00e9ralement les billets les moins chers car ils sont situ\u00e9s dans la zone o\u00f9 le soleil est le plus.<\/li>\n<li><strong>Soleil et ombre:<\/strong> Ces si\u00e8ges alternent les zones o\u00f9 il fait soleil et d&rsquo;autres o\u00f9 il y a de l&rsquo;ombre.<\/li>\n<li><strong>Shadow:<\/strong> Ce sont les plus chers mais aussi les meilleurs puisqu&rsquo;ils permettent de mieux voir la corrida et avec plus de confort.<\/li>\n<\/ul>\n<\/div><\/div><\/div><\/div><\/div><\/div><\/div><\/div><\/div><\/section><section class=\"l-section wpb_row height_medium\"><div class=\"l-section-h i-cf\"><div class=\"g-cols vc_row via_grid cols_3 laptops-cols_inherit tablets-cols_inherit mobiles-cols_1 valign_middle type_default stacking_default\"><div class=\"wpb_column vc_column_container\"><div class=\"vc_column-inner\"><h2 class=\"w-text us_custom_3517658c\"><span class=\"w-text-h\"><span class=\"w-text-value\">Tu as besoin d&rsquo;aide?<\/span><\/span><\/h2><\/div><\/div><div class=\"wpb_column vc_column_container\"><div class=\"vc_column-inner\"><div class=\"w-iconbox iconpos_top style_default color_primary align_center\"><div class=\"w-iconbox-icon\" style=\"font-size:2rem;\"><i class=\"fas fa-envelope\"><\/i><\/div><div class=\"w-iconbox-meta\"><h4 class=\"w-iconbox-title\">Email<\/h4><div class=\"w-iconbox-text\"><p>info@plazatorosalicante.com<\/p>\n<\/div><\/div><\/div><\/div><\/div><div class=\"wpb_column vc_column_container\"><div class=\"vc_column-inner\"><div class=\"w-iconbox iconpos_top style_default color_primary align_center\"><div class=\"w-iconbox-icon\" style=\"font-size:2rem;\"><i class=\"fas fa-phone\"><\/i><\/div><div class=\"w-iconbox-meta\"><h4 class=\"w-iconbox-title\">Phone | Whatsapp<\/h4><div class=\"w-iconbox-text\"><p><a class=\"w-text-h\" href=\"tel:+34%20679%2058%2035%2036\"><span class=\"w-text-value\">+34 679 58 35 36<\/span><\/a><\/p>\n<\/div><\/div><\/div><\/div><\/div><\/div><\/div><\/section>\n","protected":false},"excerpt":{"rendered":"<ul>\n<li>Il s<strong>&lsquo;agit d&rsquo;une r\u00e9servation de billets non num\u00e9rot\u00e9s,<\/strong> les meilleures places disponibles seront attribu\u00e9es.<\/li>\n<li><strong>Si vous achetez plusieurs billets<\/strong>, les si\u00e8ges qui vous seront attribu\u00e9s seront cons\u00e9cutifs les uns \u00e0 c\u00f4t\u00e9 des autres.<\/li>\n<li><strong>Les frais de gestion<\/strong> sont inclus sur la page de paiement.<\/li>\n<\/ul>\n<p><a href=\"https:\/\/plazatorosalicante.com\/fr\/date-de-livraison-et-commissions\/\">V\u00e9rifiez la date de livraison et les commissions<\/a><\/p>\n","protected":false},"featured_media":19261,"comment_status":"open","ping_status":"closed","template":"","meta":{"_acf_changed":false},"product_brand":[],"product_cat":[142],"product_tag":[],"class_list":{"0":"post-21452","1":"product","2":"type-product","3":"status-publish","4":"has-post-thumbnail","6":"product_cat-billets-individuels-taureaux","8":"first","9":"instock","10":"taxable","11":"shipping-taxable","12":"purchasable","13":"product-type-variable"},"acf":[],"yoast_head":"<!-- This site is optimized with the Yoast SEO plugin v27.3 - https:\/\/yoast.com\/product\/yoast-seo-wordpress\/ -->\n<title>\u25b7 Billets de Corrida 29 Juin | Ar\u00e8nes d&#039;Alicante<\/title>\n<meta name=\"description\" content=\"Vente de billets pour la corrida du 29 juin \u00e0 Ar\u00e8nes d&#039;Alicante. Achetez maintenant vos billets | Site web v\u00e9rifi\u00e9 \u2714\ufe0f\" \/>\n<meta name=\"robots\" content=\"index, follow, max-snippet:-1, max-image-preview:large, max-video-preview:-1\" \/>\n<link rel=\"canonical\" href=\"https:\/\/plazatorosalicante.com\/fr\/producto\/tauromachie-29-juin\/\" \/>\n<meta property=\"og:locale\" content=\"fr_FR\" \/>\n<meta property=\"og:type\" content=\"article\" \/>\n<meta property=\"og:title\" content=\"\u25b7 Billets de Corrida 29 Juin | Ar\u00e8nes d&#039;Alicante\" \/>\n<meta property=\"og:description\" content=\"Vente de billets pour la corrida du 29 juin \u00e0 Ar\u00e8nes d&#039;Alicante. Achetez maintenant vos billets | Site web v\u00e9rifi\u00e9 \u2714\ufe0f\" \/>\n<meta property=\"og:url\" content=\"https:\/\/plazatorosalicante.com\/fr\/producto\/tauromachie-29-juin\/\" \/>\n<meta property=\"og:site_name\" content=\"Plaza de Toros de Alicante\" \/>\n<meta property=\"article:modified_time\" content=\"2026-01-05T14:04:34+00:00\" \/>\n<meta property=\"og:image\" content=\"https:\/\/plazatorosalicante.com\/wp-content\/uploads\/2024\/05\/Corrida-toros-29-junio.png\" \/>\n\t<meta property=\"og:image:width\" content=\"1080\" \/>\n\t<meta property=\"og:image:height\" content=\"1080\" \/>\n\t<meta property=\"og:image:type\" content=\"image\/png\" \/>\n<meta name=\"twitter:card\" content=\"summary_large_image\" \/>\n<meta name=\"twitter:label1\" content=\"Dur\u00e9e de lecture estim\u00e9e\" \/>\n\t<meta name=\"twitter:data1\" content=\"2 minutes\" \/>\n<script type=\"application\/ld+json\" class=\"yoast-schema-graph\">{\"@context\":\"https:\\\/\\\/schema.org\",\"@graph\":[{\"@type\":\"WebPage\",\"@id\":\"https:\\\/\\\/plazatorosalicante.com\\\/fr\\\/producto\\\/tauromachie-29-juin\\\/\",\"url\":\"https:\\\/\\\/plazatorosalicante.com\\\/fr\\\/producto\\\/tauromachie-29-juin\\\/\",\"name\":\"\u25b7 Billets de Corrida 29 Juin | Ar\u00e8nes d'Alicante\",\"isPartOf\":{\"@id\":\"https:\\\/\\\/plazatorosalicante.com\\\/fr\\\/#website\"},\"primaryImageOfPage\":{\"@id\":\"https:\\\/\\\/plazatorosalicante.com\\\/fr\\\/producto\\\/tauromachie-29-juin\\\/#primaryimage\"},\"image\":{\"@id\":\"https:\\\/\\\/plazatorosalicante.com\\\/fr\\\/producto\\\/tauromachie-29-juin\\\/#primaryimage\"},\"thumbnailUrl\":\"https:\\\/\\\/plazatorosalicante.com\\\/wp-content\\\/uploads\\\/2024\\\/05\\\/Corrida-toros-29-junio.png\",\"datePublished\":\"2025-04-28T10:18:41+00:00\",\"dateModified\":\"2026-01-05T14:04:34+00:00\",\"description\":\"Vente de billets pour la corrida du 29 juin \u00e0 Ar\u00e8nes d'Alicante. Achetez maintenant vos billets | Site web v\u00e9rifi\u00e9 \u2714\ufe0f\",\"breadcrumb\":{\"@id\":\"https:\\\/\\\/plazatorosalicante.com\\\/fr\\\/producto\\\/tauromachie-29-juin\\\/#breadcrumb\"},\"inLanguage\":\"fr-FR\",\"potentialAction\":[{\"@type\":\"ReadAction\",\"target\":[\"https:\\\/\\\/plazatorosalicante.com\\\/fr\\\/producto\\\/tauromachie-29-juin\\\/\"]}]},{\"@type\":\"ImageObject\",\"inLanguage\":\"fr-FR\",\"@id\":\"https:\\\/\\\/plazatorosalicante.com\\\/fr\\\/producto\\\/tauromachie-29-juin\\\/#primaryimage\",\"url\":\"https:\\\/\\\/plazatorosalicante.com\\\/wp-content\\\/uploads\\\/2024\\\/05\\\/Corrida-toros-29-junio.png\",\"contentUrl\":\"https:\\\/\\\/plazatorosalicante.com\\\/wp-content\\\/uploads\\\/2024\\\/05\\\/Corrida-toros-29-junio.png\",\"width\":1080,\"height\":1080},{\"@type\":\"BreadcrumbList\",\"@id\":\"https:\\\/\\\/plazatorosalicante.com\\\/fr\\\/producto\\\/tauromachie-29-juin\\\/#breadcrumb\",\"itemListElement\":[{\"@type\":\"ListItem\",\"position\":1,\"name\":\"Portada\",\"item\":\"https:\\\/\\\/plazatorosalicante.com\\\/fr\\\/page-daccueil\\\/\"},{\"@type\":\"ListItem\",\"position\":2,\"name\":\"Boutique\",\"item\":\"https:\\\/\\\/plazatorosalicante.com\\\/tienda\\\/\"},{\"@type\":\"ListItem\",\"position\":3,\"name\":\"Tauromachie 29 juin\"}]},{\"@type\":\"WebSite\",\"@id\":\"https:\\\/\\\/plazatorosalicante.com\\\/fr\\\/#website\",\"url\":\"https:\\\/\\\/plazatorosalicante.com\\\/fr\\\/\",\"name\":\"Plaza de Toros de Alicante\",\"description\":\"Plaza de toros Alicante - Visitas Tur\u00edsticas y Culturales en Vivo para Individuales y Grupos\",\"publisher\":{\"@id\":\"https:\\\/\\\/plazatorosalicante.com\\\/fr\\\/#organization\"},\"alternateName\":\"La Plaza Alicante Tour\",\"potentialAction\":[{\"@type\":\"SearchAction\",\"target\":{\"@type\":\"EntryPoint\",\"urlTemplate\":\"https:\\\/\\\/plazatorosalicante.com\\\/fr\\\/?s={search_term_string}\"},\"query-input\":{\"@type\":\"PropertyValueSpecification\",\"valueRequired\":true,\"valueName\":\"search_term_string\"}}],\"inLanguage\":\"fr-FR\"},{\"@type\":\"Organization\",\"@id\":\"https:\\\/\\\/plazatorosalicante.com\\\/fr\\\/#organization\",\"name\":\"Plaza de toros Alicante\",\"alternateName\":\"La Plaza Alicante Tour\",\"url\":\"https:\\\/\\\/plazatorosalicante.com\\\/fr\\\/\",\"logo\":{\"@type\":\"ImageObject\",\"inLanguage\":\"fr-FR\",\"@id\":\"https:\\\/\\\/plazatorosalicante.com\\\/fr\\\/#\\\/schema\\\/logo\\\/image\\\/\",\"url\":\"https:\\\/\\\/plazatorosalicante.com\\\/wp-content\\\/uploads\\\/2023\\\/10\\\/Logo-plaza-toros-alicante.jpg\",\"contentUrl\":\"https:\\\/\\\/plazatorosalicante.com\\\/wp-content\\\/uploads\\\/2023\\\/10\\\/Logo-plaza-toros-alicante.jpg\",\"width\":100,\"height\":100,\"caption\":\"Plaza de toros Alicante\"},\"image\":{\"@id\":\"https:\\\/\\\/plazatorosalicante.com\\\/fr\\\/#\\\/schema\\\/logo\\\/image\\\/\"}}]}<\/script>\n<!-- \/ Yoast SEO plugin. -->","yoast_head_json":{"title":"\u25b7 Billets de Corrida 29 Juin | Ar\u00e8nes d'Alicante","description":"Vente de billets pour la corrida du 29 juin \u00e0 Ar\u00e8nes d'Alicante. Achetez maintenant vos billets | Site web v\u00e9rifi\u00e9 \u2714\ufe0f","robots":{"index":"index","follow":"follow","max-snippet":"max-snippet:-1","max-image-preview":"max-image-preview:large","max-video-preview":"max-video-preview:-1"},"canonical":"https:\/\/plazatorosalicante.com\/fr\/producto\/tauromachie-29-juin\/","og_locale":"fr_FR","og_type":"article","og_title":"\u25b7 Billets de Corrida 29 Juin | Ar\u00e8nes d'Alicante","og_description":"Vente de billets pour la corrida du 29 juin \u00e0 Ar\u00e8nes d'Alicante. Achetez maintenant vos billets | Site web v\u00e9rifi\u00e9 \u2714\ufe0f","og_url":"https:\/\/plazatorosalicante.com\/fr\/producto\/tauromachie-29-juin\/","og_site_name":"Plaza de Toros de Alicante","article_modified_time":"2026-01-05T14:04:34+00:00","og_image":[{"width":1080,"height":1080,"url":"https:\/\/plazatorosalicante.com\/wp-content\/uploads\/2024\/05\/Corrida-toros-29-junio.png","type":"image\/png"}],"twitter_card":"summary_large_image","twitter_misc":{"Dur\u00e9e de lecture estim\u00e9e":"2 minutes"},"schema":{"@context":"https:\/\/schema.org","@graph":[{"@type":"WebPage","@id":"https:\/\/plazatorosalicante.com\/fr\/producto\/tauromachie-29-juin\/","url":"https:\/\/plazatorosalicante.com\/fr\/producto\/tauromachie-29-juin\/","name":"\u25b7 Billets de Corrida 29 Juin | Ar\u00e8nes d'Alicante","isPartOf":{"@id":"https:\/\/plazatorosalicante.com\/fr\/#website"},"primaryImageOfPage":{"@id":"https:\/\/plazatorosalicante.com\/fr\/producto\/tauromachie-29-juin\/#primaryimage"},"image":{"@id":"https:\/\/plazatorosalicante.com\/fr\/producto\/tauromachie-29-juin\/#primaryimage"},"thumbnailUrl":"https:\/\/plazatorosalicante.com\/wp-content\/uploads\/2024\/05\/Corrida-toros-29-junio.png","datePublished":"2025-04-28T10:18:41+00:00","dateModified":"2026-01-05T14:04:34+00:00","description":"Vente de billets pour la corrida du 29 juin \u00e0 Ar\u00e8nes d'Alicante. Achetez maintenant vos billets | Site web v\u00e9rifi\u00e9 \u2714\ufe0f","breadcrumb":{"@id":"https:\/\/plazatorosalicante.com\/fr\/producto\/tauromachie-29-juin\/#breadcrumb"},"inLanguage":"fr-FR","potentialAction":[{"@type":"ReadAction","target":["https:\/\/plazatorosalicante.com\/fr\/producto\/tauromachie-29-juin\/"]}]},{"@type":"ImageObject","inLanguage":"fr-FR","@id":"https:\/\/plazatorosalicante.com\/fr\/producto\/tauromachie-29-juin\/#primaryimage","url":"https:\/\/plazatorosalicante.com\/wp-content\/uploads\/2024\/05\/Corrida-toros-29-junio.png","contentUrl":"https:\/\/plazatorosalicante.com\/wp-content\/uploads\/2024\/05\/Corrida-toros-29-junio.png","width":1080,"height":1080},{"@type":"BreadcrumbList","@id":"https:\/\/plazatorosalicante.com\/fr\/producto\/tauromachie-29-juin\/#breadcrumb","itemListElement":[{"@type":"ListItem","position":1,"name":"Portada","item":"https:\/\/plazatorosalicante.com\/fr\/page-daccueil\/"},{"@type":"ListItem","position":2,"name":"Boutique","item":"https:\/\/plazatorosalicante.com\/tienda\/"},{"@type":"ListItem","position":3,"name":"Tauromachie 29 juin"}]},{"@type":"WebSite","@id":"https:\/\/plazatorosalicante.com\/fr\/#website","url":"https:\/\/plazatorosalicante.com\/fr\/","name":"Plaza de Toros de Alicante","description":"Plaza de toros Alicante - Visitas Tur\u00edsticas y Culturales en Vivo para Individuales y Grupos","publisher":{"@id":"https:\/\/plazatorosalicante.com\/fr\/#organization"},"alternateName":"La Plaza Alicante Tour","potentialAction":[{"@type":"SearchAction","target":{"@type":"EntryPoint","urlTemplate":"https:\/\/plazatorosalicante.com\/fr\/?s={search_term_string}"},"query-input":{"@type":"PropertyValueSpecification","valueRequired":true,"valueName":"search_term_string"}}],"inLanguage":"fr-FR"},{"@type":"Organization","@id":"https:\/\/plazatorosalicante.com\/fr\/#organization","name":"Plaza de toros Alicante","alternateName":"La Plaza Alicante Tour","url":"https:\/\/plazatorosalicante.com\/fr\/","logo":{"@type":"ImageObject","inLanguage":"fr-FR","@id":"https:\/\/plazatorosalicante.com\/fr\/#\/schema\/logo\/image\/","url":"https:\/\/plazatorosalicante.com\/wp-content\/uploads\/2023\/10\/Logo-plaza-toros-alicante.jpg","contentUrl":"https:\/\/plazatorosalicante.com\/wp-content\/uploads\/2023\/10\/Logo-plaza-toros-alicante.jpg","width":100,"height":100,"caption":"Plaza de toros Alicante"},"image":{"@id":"https:\/\/plazatorosalicante.com\/fr\/#\/schema\/logo\/image\/"}}]}},"_links":{"self":[{"href":"https:\/\/plazatorosalicante.com\/fr\/wp-json\/wp\/v2\/product\/21452","targetHints":{"allow":["GET"]}}],"collection":[{"href":"https:\/\/plazatorosalicante.com\/fr\/wp-json\/wp\/v2\/product"}],"about":[{"href":"https:\/\/plazatorosalicante.com\/fr\/wp-json\/wp\/v2\/types\/product"}],"replies":[{"embeddable":true,"href":"https:\/\/plazatorosalicante.com\/fr\/wp-json\/wp\/v2\/comments?post=21452"}],"wp:featuredmedia":[{"embeddable":true,"href":"https:\/\/plazatorosalicante.com\/fr\/wp-json\/wp\/v2\/media\/19261"}],"wp:attachment":[{"href":"https:\/\/plazatorosalicante.com\/fr\/wp-json\/wp\/v2\/media?parent=21452"}],"wp:term":[{"taxonomy":"product_brand","embeddable":true,"href":"https:\/\/plazatorosalicante.com\/fr\/wp-json\/wp\/v2\/product_brand?post=21452"},{"taxonomy":"product_cat","embeddable":true,"href":"https:\/\/plazatorosalicante.com\/fr\/wp-json\/wp\/v2\/product_cat?post=21452"},{"taxonomy":"product_tag","embeddable":true,"href":"https:\/\/plazatorosalicante.com\/fr\/wp-json\/wp\/v2\/product_tag?post=21452"}],"curies":[{"name":"wp","href":"https:\/\/api.w.org\/{rel}","templated":true}]}}