{"id":22508,"date":"2023-09-07T11:05:40","date_gmt":"2023-09-07T11:05:40","guid":{"rendered":"https:\/\/plazatorosalicante.com\/adatvedelmi-iranyelvek\/"},"modified":"2025-09-15T10:18:35","modified_gmt":"2025-09-15T10:18:35","slug":"adatvedelmi-iranyelvek","status":"publish","type":"page","link":"https:\/\/plazatorosalicante.com\/hu\/adatvedelmi-iranyelvek\/","title":{"rendered":"Adatv\u00e9delmi ir\u00e1nyelvek"},"content":{"rendered":"<section class=\"l-section wpb_row height_medium\"><div class=\"l-section-h i-cf\"><div class=\"g-cols vc_row via_grid cols_1 laptops-cols_inherit tablets-cols_inherit mobiles-cols_1 valign_top type_default stacking_default\"><div class=\"wpb_column vc_column_container\"><div class=\"vc_column-inner\"><div class=\"wpb_text_column us_custom_4fbadcb9\"><div class=\"wpb_wrapper\"><p><p><strong>A szem\u00e9lyes adatok v\u00e9delme a GDPR \u00e9rtelm\u00e9ben<\/strong><\/p>\n<\/p>\n<p><p>A Toroshopping, S.L. a szem\u00e9lyes adatok v\u00e9delm\u00e9re vonatkoz\u00f3 hat\u00e1lyos jogszab\u00e1lyok alkalmaz\u00e1s\u00e1val t\u00e1j\u00e9koztat, hogy a https:\/\/plazatorosalicante.com\/ weboldalon tal\u00e1lhat\u00f3 \u0171rlapokon kereszt\u00fcl gy\u0171jt\u00f6tt szem\u00e9lyes adatok a Toroshopping, S.L. szolg\u00e1ltat\u00e1sait haszn\u00e1l\u00f3k egyedi automatiz\u00e1lt f\u00e1jljaiban szerepelnek.<\/p>\n<\/p>\n<p><p>A szem\u00e9lyes adatok gy\u0171jt\u00e9se \u00e9s automatiz\u00e1lt feldolgoz\u00e1sa az \u00fczleti kapcsolat fenntart\u00e1sa \u00e9s a Toroshopping, SL t\u00e1j\u00e9koztat\u00e1si, k\u00e9pz\u00e9si, tan\u00e1csad\u00e1si \u00e9s egy\u00e9b tev\u00e9kenys\u00e9geinek ell\u00e1t\u00e1sa c\u00e9lj\u00e1b\u00f3l t\u00f6rt\u00e9nik.<\/p>\n<\/p>\n<p><p>Ezeket az adatokat csak olyan szervezetek r\u00e9sz\u00e9re tov\u00e1bb\u00edtjuk, amelyek kiz\u00e1r\u00f3lag a fent eml\u00edtett c\u00e9l teljes\u00edt\u00e9s\u00e9hez sz\u00fcks\u00e9gesek.<\/p>\n<\/p>\n<p><p>A Toroshopping, S.L. a szem\u00e9lyes adatok feldolgoz\u00e1sa vonatkoz\u00e1s\u00e1ban az egy\u00e9nek v\u00e9delm\u00e9r\u0151l \u00e9s az ilyen adatok szabad \u00e1raml\u00e1s\u00e1r\u00f3l sz\u00f3l\u00f3, 2016. \u00e1prilis 27-i (EU) 2016\/679 eur\u00f3pai parlamenti \u00e9s tan\u00e1csi rendelet rendelkez\u00e9seivel \u00f6sszhangban meghozza az adatok biztons\u00e1g\u00e1nak, s\u00e9rtetlens\u00e9g\u00e9nek \u00e9s bizalmas jelleg\u00e9nek garant\u00e1l\u00e1s\u00e1hoz sz\u00fcks\u00e9ges int\u00e9zked\u00e9seket.<\/p>\n<\/p>\n<p><p>A felhaszn\u00e1l\u00f3 b\u00e1rmikor gyakorolhatja a fent eml\u00edtett (EU) rendeletben elismert hozz\u00e1f\u00e9r\u00e9si, tiltakoz\u00e1si, helyesb\u00edt\u00e9si, t\u00f6rl\u00e9si, korl\u00e1toz\u00e1si \u00e9s hordozhat\u00f3s\u00e1gi jogait. Ezeket a jogokat a felhaszn\u00e1l\u00f3 a k\u00f6vetkez\u0151 e-mail c\u00edmen gyakorolhatja: info@plazatorosalicante.com\/ vagy a k\u00f6vetkez\u0151 c\u00edmen: Centro Melior Vasari. Urbanizaci\u00f3n La Alzambra, 3, Local 1, C.P. 29660 &#8211; Marbella (M\u00e1laga).  <\/p>\n<\/p>\n<p><p>A felhaszn\u00e1l\u00f3 kijelenti, hogy az \u00e1ltala megadott adatok a val\u00f3s\u00e1gnak megfelelnek, \u00e9s v\u00e1llalja, hogy azokat naprak\u00e9szen tartja, \u00e9s minden v\u00e1ltoz\u00e1st k\u00f6z\u00f6l a Toroshopping, S.L.-vel.<\/p>\n<\/p>\n<p><p><strong>A szem\u00e9lyes adatok feldolgoz\u00e1s\u00e1nak c\u00e9lja:<\/strong><\/p>\n<\/p>\n<p><p><strong>Milyen c\u00e9lb\u00f3l dolgozzuk fel az \u00d6n szem\u00e9lyes adatait?<\/strong><\/p>\n<\/p>\n<p><p>A Toroshopping, S.L. a k\u00f6vetkez\u0151 c\u00e9lokb\u00f3l kezeli a weboldalon kereszt\u00fcl gy\u0171jt\u00f6tt szem\u00e9lyes adatait: https:\/\/plazatorosalicante.com\/:<\/p>\n<\/p>\n<ol class=\"wp-block-list\">\n<li style=\"list-style-type: none;\">\n<ol>\n<li>A https:\/\/plazatorosalicante.com\/ oldalon kereszt\u00fcl k\u00edn\u00e1lt \u00e1ruk \u00e9s szolg\u00e1ltat\u00e1sok megrendel\u00e9se eset\u00e9n a szerz\u0151d\u00e9ses kapcsolat fenntart\u00e1sa, valamint a szolg\u00e1ltat\u00e1s ir\u00e1ny\u00edt\u00e1sa, adminisztr\u00e1ci\u00f3ja, t\u00e1j\u00e9koztat\u00e1sa, ny\u00fajt\u00e1sa \u00e9s jav\u00edt\u00e1sa \u00e9rdek\u00e9ben.<\/li>\n<ol>\n<li style=\"list-style-type: none;\">\n<ol>\n<li>A k\u00e9rt inform\u00e1ci\u00f3k elk\u00fcld\u00e9se a https:\/\/plazatorosalicante.com\/ weboldalon el\u00e9rhet\u0151 \u0171rlapokon kereszt\u00fcl.<\/li>\n<\/ol>\n<\/li>\n<\/ol>\n<ol>\n<li style=\"list-style-type: none;\">\n<ol>\n<li>H\u00edrlevelek, valamint a https:\/\/plazatorosalicante.com\/ \u00e9s az \u00e1gazat prom\u00f3ci\u00f3ival \u00e9s\/vagy rekl\u00e1mjaival kapcsolatos kereskedelmi kommunik\u00e1ci\u00f3 k\u00fcld\u00e9se.<\/li>\n<\/ol>\n<\/li>\n<\/ol>\n<\/p>\n<p><p>Eml\u00e9keztetj\u00fck \u00d6nt, hogy a fenti c\u00edmre k\u00fcld\u00f6tt e-mailben b\u00e1rmikor \u00e9s b\u00e1rmilyen m\u00f3don tiltakozhat a kereskedelmi kommunik\u00e1ci\u00f3 k\u00fcld\u00e9se ellen.<\/p>\n<\/p>\n<p><p>E nyilv\u00e1ntart\u00e1sok mez\u0151it ki kell t\u00f6lteni, \u00e9s ezen adatok hi\u00e1ny\u00e1ban nem lehets\u00e9ges a kit\u0171z\u00f6tt c\u00e9lok megval\u00f3s\u00edt\u00e1sa.<\/p>\n<\/p>\n<p><p><strong>Mennyi ideig t\u00e1rolj\u00e1k az \u00f6sszegy\u0171jt\u00f6tt szem\u00e9lyes adatokat?<\/strong><\/p>\n<\/p>\n<p><p>A megadott szem\u00e9lyes adatokat mindaddig meg\u0151rizz\u00fck, am\u00edg a kereskedelmi kapcsolat fenn\u00e1ll, vagy am\u00edg \u00d6n nem k\u00e9ri azok t\u00f6rl\u00e9s\u00e9t, valamint addig az id\u0151tartamig, am\u00edg a ny\u00fajtott szolg\u00e1ltat\u00e1sokb\u00f3l jogi k\u00f6telezetts\u00e9gek keletkezhetnek.<\/p>\n<\/p>\n<p><p><strong>Legitim\u00e1ci\u00f3:<\/strong><\/p>\n<\/p>\n<p><p>Az \u00d6n adatainak feldolgoz\u00e1sa a k\u00f6vetkez\u0151 jogalapokon t\u00f6rt\u00e9nik, amelyek azt legitim\u00e1lj\u00e1k:<\/p>\n<\/p>\n<ol class=\"wp-block-list\">\n<li style=\"list-style-type: none;\">\n<ol>\n<li>A Toroshopping, S.L. szolg\u00e1ltat\u00e1sainak ig\u00e9nyl\u00e9se \u00e9s\/vagy a szerz\u0151d\u00e9sk\u00f6t\u00e9s, amelynek felt\u00e9telei minden esetben az \u00d6n rendelkez\u00e9s\u00e9re \u00e1llnak, miel\u0151tt b\u00e1rmilyen szerz\u0151d\u00e9st k\u00f6tne.<\/li>\n<ol>\n<li style=\"list-style-type: none;\">\n<ol>\n<li>Szabad, konkr\u00e9t, t\u00e1j\u00e9kozott \u00e9s egy\u00e9rtelm\u0171 hozz\u00e1j\u00e1rul\u00e1s, amennyiben t\u00e1j\u00e9koztatjuk \u00d6nt az\u00e1ltal, hogy el\u00e9rhet\u0151v\u00e9 tessz\u00fck \u00d6nnek ezt az adatv\u00e9delmi szab\u00e1lyzatot, amelyet elolvas\u00e1sa ut\u00e1n, ha egyet\u00e9rt, nyilatkozat vagy egy\u00e9rtelm\u0171 meger\u0151s\u00edt\u0151 cselekedet, p\u00e9ld\u00e1ul az erre a c\u00e9lra szolg\u00e1l\u00f3 n\u00e9gyzet bejel\u00f6l\u00e9se \u00fatj\u00e1n elfogadhat.<\/li>\n<\/ol>\n<\/li>\n<\/ol>\n<\/p>\n<p><p>Ha nem, helytelen\u00fcl vagy hi\u00e1nyosan adja meg adatait, akkor nem fogjuk tudni kezelni a k\u00e9r\u00e9s\u00e9t, \u00e9s \u00edgy nem tudjuk a k\u00e9rt inform\u00e1ci\u00f3kat megadni \u00d6nnek, illetve nem tudjuk a szolg\u00e1ltat\u00e1sokra vonatkoz\u00f3 szerz\u0151d\u00e9seket teljes\u00edteni.<\/p>\n<\/p>\n<p><p><strong>C\u00e9lcsoport:<\/strong><\/p>\n<\/p>\n<p><p>Az adatokat a Toroshopping, S.L.-en k\u00edv\u00fcl semmilyen harmadik f\u00e9lnek nem adjuk \u00e1t, kiv\u00e9ve, ha erre jogszab\u00e1ly k\u00f6telezi.<\/p>\n<\/p>\n<\/p>\n<p><p><strong>A szolg\u00e1ltat\u00e1sok felhaszn\u00e1l\u00f3i \u00e1ltal gy\u0171jt\u00f6tt adatok<\/strong><\/p>\n<\/p>\n<p><p>Azokban az esetekben, amikor a felhaszn\u00e1l\u00f3 szem\u00e9lyes adatokat tartalmaz\u00f3 f\u00e1jlokat helyez el megosztott t\u00e1rhelyszervereken, a Toroshopping, S.L. nem felel\u0151s az\u00e9rt, ha a felhaszn\u00e1l\u00f3 nem tartja be az RGPD-t.<\/p>\n<\/p>\n<p><p><strong>Adatmeg\u0151rz\u00e9s az LSSI-nek megfelel\u0151en<\/strong><\/p>\n<\/p>\n<p><p>A Toroshopping, S.L. t\u00e1j\u00e9koztat, hogy mint adatt\u00e1rol\u00e1si szolg\u00e1ltat\u00f3, az inform\u00e1ci\u00f3s t\u00e1rsadalom szolg\u00e1ltat\u00e1sair\u00f3l \u00e9s az elektronikus kereskedelemr\u0151l sz\u00f3l\u00f3, j\u00falius 11-i 34\/2002 t\u00f6rv\u00e9ny (LSSI) rendelkez\u00e9sei \u00e9rtelm\u00e9ben legfeljebb 12 h\u00f3napig meg\u0151rzi a t\u00e1rolt adatok eredet\u00e9nek \u00e9s a szolg\u00e1ltat\u00e1s ind\u00edt\u00e1s\u00e1nak id\u0151pontj\u00e1nak azonos\u00edt\u00e1s\u00e1hoz sz\u00fcks\u00e9ges inform\u00e1ci\u00f3kat. Ezen adatok meg\u0151rz\u00e9se nem \u00e9rinti a kommunik\u00e1ci\u00f3 titkoss\u00e1g\u00e1t, \u00e9s csak b\u00fcntet\u0151elj\u00e1r\u00e1s keret\u00e9ben vagy a k\u00f6zbiztons\u00e1g v\u00e9delme \u00e9rdek\u00e9ben haszn\u00e1lhat\u00f3 fel, \u00e9s csak a b\u00edr\u00e1k \u00e9s\/vagy b\u00edr\u00f3s\u00e1gok, illetve az azt ig\u00e9nyl\u0151 miniszt\u00e9rium rendelkez\u00e9s\u00e9re bocs\u00e1that\u00f3. <\/p>\n<\/p>\n<p><p>Az adatok k\u00f6zl\u00e9se az \u00e1llami er\u0151kkel \u00e9s a test\u00fcletekkel a szem\u00e9lyes adatok v\u00e9delm\u00e9re vonatkoz\u00f3 rendelkez\u00e9sekkel \u00f6sszhangban t\u00f6rt\u00e9nik.<\/p>\n<\/p>\n<p><p><strong>Szellemi tulajdonjogok https:\/\/plazatorosalicante.com\/<\/strong><\/p>\n<\/p>\n<p><p>A Toroshopping, S.L. a tulajdonosa a https:\/\/plazatorosalicante.com\/ weboldal tartalm\u00e1val \u00e9s az ott k\u00edn\u00e1lt szolg\u00e1ltat\u00e1sokkal, valamint a megval\u00f3s\u00edt\u00e1shoz sz\u00fcks\u00e9ges programokkal \u00e9s a kapcsol\u00f3d\u00f3 inform\u00e1ci\u00f3kkal kapcsolatos valamennyi szerz\u0151i jognak, szellemi \u00e9s ipari tulajdonjognak, know-how-nak \u00e9s egy\u00e9b jognak.<\/p>\n<\/p>\n<p><p>A https:\/\/plazatorosalicante.com\/ weboldal tartalm\u00e1nak eg\u00e9szben vagy r\u00e9szben t\u00f6rt\u00e9n\u0151 reproduk\u00e1l\u00e1sa, k\u00f6zz\u00e9t\u00e9tele \u00e9s\/vagy a szigor\u00faan mag\u00e1njelleg\u0171 felhaszn\u00e1l\u00e1son k\u00edv\u00fcli b\u00e1rmilyen m\u00e1s felhaszn\u00e1l\u00e1sa el\u0151zetes \u00edr\u00e1sbeli enged\u00e9ly n\u00e9lk\u00fcl tilos.<\/p>\n<\/p>\n<p><p><strong>Szoftver szellemi tulajdon<\/strong><\/p>\n<\/p>\n<p><p>A felhaszn\u00e1l\u00f3 k\u00f6teles tiszteletben tartani a Toroshopping, S.L. \u00e1ltal rendelkez\u00e9sre bocs\u00e1tott harmadik f\u00e9lt\u0151l sz\u00e1rmaz\u00f3 szoftvereket, m\u00e9g akkor is, ha azok ingyenesek \u00e9s\/vagy nyilv\u00e1nosan el\u00e9rhet\u0151ek.<\/p>\n<\/p>\n<p><p>A Toroshopping, S.L. rendelkezik a szoftverhez sz\u00fcks\u00e9ges felhaszn\u00e1l\u00e1si \u00e9s szellemi tulajdonjogokkal.<\/p>\n<\/p>\n<p><p>A felhaszn\u00e1l\u00f3 nem szerez semmilyen jogot vagy licencet a szerz\u0151d\u00e9ses szolg\u00e1ltat\u00e1sra, a szolg\u00e1ltat\u00e1s ny\u00fajt\u00e1s\u00e1hoz sz\u00fcks\u00e9ges szoftverre, sem a szolg\u00e1ltat\u00e1s ellen\u0151rz\u00e9s\u00e9hez sz\u00fcks\u00e9ges technikai inform\u00e1ci\u00f3kra, kiv\u00e9ve a szerz\u0151d\u00e9ses szolg\u00e1ltat\u00e1sok teljes\u00edt\u00e9s\u00e9hez sz\u00fcks\u00e9ges jogokat \u00e9s licenceket, \u00e9s kiz\u00e1r\u00f3lag a szerz\u0151d\u00e9ses szolg\u00e1ltat\u00e1sok id\u0151tartam\u00e1ra.<\/p>\n<\/p>\n<p><p>A szerz\u0151d\u00e9s teljes\u00edt\u00e9s\u00e9n t\u00falmen\u0151 b\u00e1rmely tev\u00e9kenys\u00e9ghez a felhaszn\u00e1l\u00f3nak a Toroshopping, S.L. \u00edr\u00e1sos enged\u00e9ly\u00e9re van sz\u00fcks\u00e9ge, \u00e9s a felhaszn\u00e1l\u00f3nak tilos a Toroshopping, S.L. tulajdon\u00e1ban l\u00e9v\u0151 szerverek konfigur\u00e1ci\u00f3j\u00e1hoz, strukt\u00far\u00e1j\u00e1hoz \u00e9s f\u00e1jljaihoz hozz\u00e1f\u00e9rni, azokat m\u00f3dos\u00edtani, megtekinteni, v\u00e1llalva a polg\u00e1ri \u00e9s b\u00fcntet\u0151jogi felel\u0151ss\u00e9get, amely a szervereken \u00e9s biztons\u00e1gi rendszerekben a saj\u00e1t gondatlan vagy rosszindulat\u00fa tev\u00e9kenys\u00e9g\u00e9nek k\u00f6zvetlen k\u00f6vetkezm\u00e9nyek\u00e9nt bek\u00f6vetkez\u0151 b\u00e1rmely incidensb\u0151l ered.<\/p>\n<\/p>\n<p><p><strong>A t\u00e1rolt tartalom szellemi tulajdonjoga<\/strong><\/p>\n<\/p>\n<p><p>A Toroshopping, S.L. \u00e1ltal ny\u00fajtott szolg\u00e1ltat\u00e1sok szellemi tulajdonra vonatkoz\u00f3 jogszab\u00e1lyokkal ellent\u00e9tes haszn\u00e1lata, k\u00fcl\u00f6n\u00f6sen a k\u00f6vetkez\u0151k\u00e9pp:<\/p>\n<\/p>\n<ul class=\"wp-block-list\">\n<li style=\"list-style-type: none;\">\n<ul>\n<li>A spanyol t\u00f6rv\u00e9nyekkel ellent\u00e9tes vagy harmadik felek jogait s\u00e9rt\u0151 haszn\u00e1lat.<\/li>\n<ul>\n<li style=\"list-style-type: none;\">\n<ul>\n<li>A Toroshopping, S.L. v\u00e9lem\u00e9nye szerint er\u0151szakos, obszc\u00e9n, gyal\u00e1zkod\u00f3, illeg\u00e1lis, rasszista, idegengy\u0171l\u00f6l\u0151 vagy r\u00e1galmaz\u00f3 tartalmak k\u00f6zz\u00e9t\u00e9tele vagy tov\u00e1bb\u00edt\u00e1sa.<\/li>\n<\/ul>\n<\/li>\n<\/ul>\n<ul>\n<li style=\"list-style-type: none;\">\n<ul>\n<li>Felt\u00f6r\u00e9sek, sz\u00e9riasz\u00e1mok vagy b\u00e1rmely m\u00e1s olyan tartalom, amely s\u00e9rti harmadik felek szellemi tulajdonjogait.<\/li>\n<\/ul>\n<\/li>\n<\/ul>\n<ul>\n<li style=\"list-style-type: none;\">\n<ul>\n<li>M\u00e1s felhaszn\u00e1l\u00f3k szem\u00e9lyes adatainak gy\u0171jt\u00e9se \u00e9s\/vagy felhaszn\u00e1l\u00e1sa m\u00e1s felhaszn\u00e1l\u00f3k kifejezett hozz\u00e1j\u00e1rul\u00e1sa n\u00e9lk\u00fcl vagy a term\u00e9szetes szem\u00e9lyeknek a szem\u00e9lyes adatok kezel\u00e9se tekintet\u00e9ben t\u00f6rt\u00e9n\u0151 v\u00e9delm\u00e9r\u0151l \u00e9s az ilyen adatok szabad \u00e1raml\u00e1s\u00e1r\u00f3l sz\u00f3l\u00f3, 2016. \u00e1prilis 27-i (EU) 2016\/679 eur\u00f3pai parlamenti \u00e9s tan\u00e1csi rendelet rendelkez\u00e9seinek megs\u00e9rt\u00e9s\u00e9vel.<\/li>\n<\/ul>\n<\/li>\n<\/ul>\n<ul>\n<li style=\"list-style-type: none;\">\n<ul>\n<li>A domain levelez\u0151szerver\u00e9nek \u00e9s e-mail c\u00edmeinek haszn\u00e1lata k\u00e9retlen t\u00f6meges e-mail k\u00fcld\u00e9s\u00e9re.<br \/>A felhaszn\u00e1l\u00f3 teljes felel\u0151ss\u00e9get v\u00e1llal a weboldal\u00e1nak tartalm\u00e1\u00e9rt, a tov\u00e1bb\u00edtott \u00e9s t\u00e1rolt inform\u00e1ci\u00f3k\u00e9rt, a hipertext linkek\u00e9rt, a harmadik felek ig\u00e9nyei\u00e9rt \u00e9s a szellemi tulajdonnal, harmadik felek jogaival \u00e9s a kiskor\u00faak v\u00e9delm\u00e9vel kapcsolatos jogi l\u00e9p\u00e9sek\u00e9rt.<br \/>A felhaszn\u00e1l\u00f3 felel\u0151s a hat\u00e1lyos t\u00f6rv\u00e9nyek \u00e9s rendeletek, valamint az online szolg\u00e1ltat\u00e1s m\u0171k\u00f6d\u00e9s\u00e9re, az e-kereskedelemre, a szerz\u0151i jogra, a k\u00f6zrend fenntart\u00e1s\u00e1ra, valamint az internethaszn\u00e1lat \u00e1ltal\u00e1nos elveire vonatkoz\u00f3 szab\u00e1lyok betart\u00e1s\u00e1\u00e9rt.<br \/>A felhaszn\u00e1l\u00f3 k\u00f6teles megt\u00e9r\u00edteni a Toroshopping, S.L.-nek a Toroshopping, S.L.-n\u00e9l felmer\u00fclt k\u00f6lts\u00e9geket minden olyan \u00fcgyben, amely\u00e9rt a felhaszn\u00e1l\u00f3 felel\u0151s, bele\u00e9rtve a jogi k\u00f6lts\u00e9geket \u00e9s kiad\u00e1sokat, m\u00e9g abban az esetben is, ha a b\u00edr\u00f3s\u00e1g nem hozott joger\u0151s hat\u00e1rozatot.<\/li>\n<\/ul>\n<\/li>\n<\/ul>\n<\/p>\n<p><p><strong>A t\u00e1rolt inform\u00e1ci\u00f3k v\u00e9delme<\/strong><\/p>\n<\/p>\n<p><p>A Toroshopping, S.L. biztons\u00e1gi m\u00e1solatokat k\u00e9sz\u00edt a szerverein t\u00e1rolt tartalmakr\u00f3l, azonban nem v\u00e1llal felel\u0151ss\u00e9get a felhaszn\u00e1l\u00f3k \u00e1ltal elvesztett vagy v\u00e9letlen\u00fcl t\u00f6r\u00f6lt adatok\u00e9rt. Hasonl\u00f3k\u00e9ppen nem garant\u00e1lja a felhaszn\u00e1l\u00f3k \u00e1ltal t\u00f6r\u00f6lt adatok teljes p\u00f3tl\u00e1s\u00e1t, mivel a fent eml\u00edtett adatok az utols\u00f3 biztons\u00e1gi ment\u00e9s \u00f3ta eltelt id\u0151 alatt t\u00f6rl\u0151dhettek \u00e9s\/vagy m\u00f3dosulhattak. <\/p>\n<\/p>\n<p><p>A k\u00edn\u00e1lt szolg\u00e1ltat\u00e1sok, kiv\u00e9ve az egyedi biztons\u00e1gi ment\u00e9si szolg\u00e1ltat\u00e1sokat, nem tartalmazz\u00e1k a Toroshopping, S.L. \u00e1ltal k\u00e9sz\u00edtett biztons\u00e1gi m\u00e1solatokban t\u00e1rolt tartalmak cser\u00e9j\u00e9t, ha ez a vesztes\u00e9g a felhaszn\u00e1l\u00f3nak tulajdon\u00edthat\u00f3; ebben az esetben a helyre\u00e1ll\u00edt\u00e1s \u00f6sszetetts\u00e9g\u00e9nek \u00e9s mennyis\u00e9g\u00e9nek megfelel\u0151en d\u00edjat kell fizetni, mindig a felhaszn\u00e1l\u00f3 el\u0151zetes beleegyez\u00e9s\u00e9vel.<\/p>\n<\/p>\n<p><p>A t\u00f6r\u00f6lt adatok p\u00f3tl\u00e1sa csak akkor szerepel a szolg\u00e1ltat\u00e1s \u00e1r\u00e1ban, ha a tartalom elveszt\u00e9se a Toroshopping, S.L.-nek tulajdon\u00edthat\u00f3 okok miatt k\u00f6vetkezett be.<\/p>\n<\/p>\n<p><p><strong>Kereskedelmi kommunik\u00e1ci\u00f3<\/strong><\/p>\n<\/p>\n<p><p>Az LSSI alkalmaz\u00e1s\u00e1ban. A Toroshopping, S.L. nem k\u00fcld olyan rekl\u00e1m- vagy prom\u00f3ci\u00f3s k\u00f6zlem\u00e9nyeket e-mailben vagy b\u00e1rmely m\u00e1s egyen\u00e9rt\u00e9k\u0171 elektronikus kommunik\u00e1ci\u00f3s eszk\u00f6zzel, amelyeket a c\u00edmzettek nem k\u00e9rtek el\u0151zetesen vagy nem enged\u00e9lyeztek kifejezetten. <\/p>\n<\/p>\n<p><p>Azon felhaszn\u00e1l\u00f3k eset\u00e9ben, akikkel kor\u00e1bbi szerz\u0151d\u00e9ses kapcsolat \u00e1ll fenn, a Toroshopping, S.L. jogosult a Toroshopping, S.L. term\u00e9keire vagy szolg\u00e1ltat\u00e1saira vonatkoz\u00f3 kereskedelmi k\u00f6zlem\u00e9nyeket k\u00fcldeni, amelyek hasonl\u00f3ak azokhoz, amelyekr\u0151l eredetileg szerz\u0151d\u00e9st k\u00f6t\u00f6ttek az \u00fcgyf\u00e9llel.<\/p>\n<\/p>\n<p><p>A felhaszn\u00e1l\u00f3, miut\u00e1n igazolta szem\u00e9lyazonoss\u00e1g\u00e1t, minden esetben k\u00e9rheti, hogy az \u00fcgyf\u00e9lszolg\u00e1lati csatorn\u00e1kon kereszt\u00fcl ne k\u00fcldjenek neki tov\u00e1bbi kereskedelmi inform\u00e1ci\u00f3kat.<\/p><\/p>\n<\/div><\/div><\/div><\/div><\/div><\/div><\/section>\n","protected":false},"excerpt":{"rendered":"A szem\u00e9lyes adatok v\u00e9delme a GDPR \u00e9rtelm\u00e9ben A Toroshopping, S.L. a szem\u00e9lyes adatok v\u00e9delm\u00e9re vonatkoz\u00f3 hat\u00e1lyos jogszab\u00e1lyok alkalmaz\u00e1s\u00e1val t\u00e1j\u00e9koztat, hogy a https:\/\/plazatorosalicante.com\/ weboldalon tal\u00e1lhat\u00f3 \u0171rlapokon kereszt\u00fcl gy\u0171jt\u00f6tt szem\u00e9lyes adatok a Toroshopping, S.L. szolg\u00e1ltat\u00e1sait haszn\u00e1l\u00f3k egyedi automatiz\u00e1lt f\u00e1jljaiban szerepelnek. A szem\u00e9lyes adatok gy\u0171jt\u00e9se \u00e9s automatiz\u00e1lt feldolgoz\u00e1sa az \u00fczleti kapcsolat fenntart\u00e1sa \u00e9s a Toroshopping, SL t\u00e1j\u00e9koztat\u00e1si, k\u00e9pz\u00e9si,...","protected":false},"author":1,"featured_media":0,"parent":0,"menu_order":0,"comment_status":"closed","ping_status":"open","template":"","meta":{"_acf_changed":false,"footnotes":""},"class_list":["post-22508","page","type-page","status-publish","hentry"],"acf":[],"yoast_head":"<!-- This site is optimized with the Yoast SEO plugin v27.4 - https:\/\/yoast.com\/product\/yoast-seo-wordpress\/ -->\n<title>Adatv\u00e9delmi ir\u00e1nyelvek - Plaza de Toros de Alicante<\/title>\n<meta name=\"robots\" content=\"index, follow, max-snippet:-1, max-image-preview:large, max-video-preview:-1\" \/>\n<link rel=\"canonical\" href=\"https:\/\/plazatorosalicante.com\/hu\/adatvedelmi-iranyelvek\/\" \/>\n<meta property=\"og:locale\" content=\"hu_HU\" \/>\n<meta property=\"og:type\" content=\"article\" \/>\n<meta property=\"og:title\" content=\"Adatv\u00e9delmi ir\u00e1nyelvek - Plaza de Toros de Alicante\" \/>\n<meta property=\"og:url\" content=\"https:\/\/plazatorosalicante.com\/hu\/adatvedelmi-iranyelvek\/\" \/>\n<meta property=\"og:site_name\" content=\"Plaza de Toros de Alicante\" \/>\n<meta property=\"article:modified_time\" content=\"2025-09-15T10:18:35+00:00\" \/>\n<meta property=\"og:image\" content=\"https:\/\/plazatorosalicante.com\/wp-content\/uploads\/2025\/03\/VIT_7836-scaled-1.jpg\" \/>\n\t<meta property=\"og:image:width\" content=\"2560\" \/>\n\t<meta property=\"og:image:height\" content=\"1696\" \/>\n\t<meta property=\"og:image:type\" content=\"image\/jpeg\" \/>\n<meta name=\"twitter:card\" content=\"summary_large_image\" \/>\n<meta name=\"twitter:label1\" content=\"Becs\u00fclt olvas\u00e1si id\u0151\" \/>\n\t<meta name=\"twitter:data1\" content=\"10 perc\" \/>\n<script type=\"application\/ld+json\" class=\"yoast-schema-graph\">{\"@context\":\"https:\\\/\\\/schema.org\",\"@graph\":[{\"@type\":\"WebPage\",\"@id\":\"https:\\\/\\\/plazatorosalicante.com\\\/hu\\\/adatvedelmi-iranyelvek\\\/\",\"url\":\"https:\\\/\\\/plazatorosalicante.com\\\/hu\\\/adatvedelmi-iranyelvek\\\/\",\"name\":\"Adatv\u00e9delmi ir\u00e1nyelvek - Plaza de Toros de Alicante\",\"isPartOf\":{\"@id\":\"https:\\\/\\\/plazatorosalicante.com\\\/hu\\\/#website\"},\"datePublished\":\"2023-09-07T11:05:40+00:00\",\"dateModified\":\"2025-09-15T10:18:35+00:00\",\"breadcrumb\":{\"@id\":\"https:\\\/\\\/plazatorosalicante.com\\\/hu\\\/adatvedelmi-iranyelvek\\\/#breadcrumb\"},\"inLanguage\":\"hu\",\"potentialAction\":[{\"@type\":\"ReadAction\",\"target\":[\"https:\\\/\\\/plazatorosalicante.com\\\/hu\\\/adatvedelmi-iranyelvek\\\/\"]}]},{\"@type\":\"BreadcrumbList\",\"@id\":\"https:\\\/\\\/plazatorosalicante.com\\\/hu\\\/adatvedelmi-iranyelvek\\\/#breadcrumb\",\"itemListElement\":[{\"@type\":\"ListItem\",\"position\":1,\"name\":\"Portada\",\"item\":\"https:\\\/\\\/plazatorosalicante.com\\\/hu\\\/kezdolap\\\/\"},{\"@type\":\"ListItem\",\"position\":2,\"name\":\"Adatv\u00e9delmi ir\u00e1nyelvek\"}]},{\"@type\":\"WebSite\",\"@id\":\"https:\\\/\\\/plazatorosalicante.com\\\/hu\\\/#website\",\"url\":\"https:\\\/\\\/plazatorosalicante.com\\\/hu\\\/\",\"name\":\"Plaza de Toros de Alicante\",\"description\":\"Plaza de toros Alicante - Visitas Tur\u00edsticas y Culturales en Vivo para Individuales y Grupos\",\"publisher\":{\"@id\":\"https:\\\/\\\/plazatorosalicante.com\\\/hu\\\/#organization\"},\"alternateName\":\"La Plaza Alicante Tour\",\"potentialAction\":[{\"@type\":\"SearchAction\",\"target\":{\"@type\":\"EntryPoint\",\"urlTemplate\":\"https:\\\/\\\/plazatorosalicante.com\\\/hu\\\/?s={search_term_string}\"},\"query-input\":{\"@type\":\"PropertyValueSpecification\",\"valueRequired\":true,\"valueName\":\"search_term_string\"}}],\"inLanguage\":\"hu\"},{\"@type\":\"Organization\",\"@id\":\"https:\\\/\\\/plazatorosalicante.com\\\/hu\\\/#organization\",\"name\":\"Plaza de toros Alicante\",\"alternateName\":\"La Plaza Alicante t\u00fara\",\"url\":\"https:\\\/\\\/plazatorosalicante.com\\\/hu\\\/\",\"logo\":{\"@type\":\"ImageObject\",\"inLanguage\":\"hu\",\"@id\":\"https:\\\/\\\/plazatorosalicante.com\\\/hu\\\/#\\\/schema\\\/logo\\\/image\\\/\",\"url\":\"https:\\\/\\\/plazatorosalicante.com\\\/wp-content\\\/uploads\\\/2023\\\/10\\\/Logo-plaza-toros-alicante.jpg\",\"contentUrl\":\"https:\\\/\\\/plazatorosalicante.com\\\/wp-content\\\/uploads\\\/2023\\\/10\\\/Logo-plaza-toros-alicante.jpg\",\"width\":100,\"height\":100,\"caption\":\"Plaza de toros Alicante\"},\"image\":{\"@id\":\"https:\\\/\\\/plazatorosalicante.com\\\/hu\\\/#\\\/schema\\\/logo\\\/image\\\/\"}}]}<\/script>\n<!-- \/ Yoast SEO plugin. -->","yoast_head_json":{"title":"Adatv\u00e9delmi ir\u00e1nyelvek - Plaza de Toros de Alicante","robots":{"index":"index","follow":"follow","max-snippet":"max-snippet:-1","max-image-preview":"max-image-preview:large","max-video-preview":"max-video-preview:-1"},"canonical":"https:\/\/plazatorosalicante.com\/hu\/adatvedelmi-iranyelvek\/","og_locale":"hu_HU","og_type":"article","og_title":"Adatv\u00e9delmi ir\u00e1nyelvek - Plaza de Toros de Alicante","og_url":"https:\/\/plazatorosalicante.com\/hu\/adatvedelmi-iranyelvek\/","og_site_name":"Plaza de Toros de Alicante","article_modified_time":"2025-09-15T10:18:35+00:00","og_image":[{"width":2560,"height":1696,"url":"https:\/\/plazatorosalicante.com\/wp-content\/uploads\/2025\/03\/VIT_7836-scaled-1.jpg","type":"image\/jpeg"}],"twitter_card":"summary_large_image","twitter_misc":{"Becs\u00fclt olvas\u00e1si id\u0151":"10 perc"},"schema":{"@context":"https:\/\/schema.org","@graph":[{"@type":"WebPage","@id":"https:\/\/plazatorosalicante.com\/hu\/adatvedelmi-iranyelvek\/","url":"https:\/\/plazatorosalicante.com\/hu\/adatvedelmi-iranyelvek\/","name":"Adatv\u00e9delmi ir\u00e1nyelvek - Plaza de Toros de Alicante","isPartOf":{"@id":"https:\/\/plazatorosalicante.com\/hu\/#website"},"datePublished":"2023-09-07T11:05:40+00:00","dateModified":"2025-09-15T10:18:35+00:00","breadcrumb":{"@id":"https:\/\/plazatorosalicante.com\/hu\/adatvedelmi-iranyelvek\/#breadcrumb"},"inLanguage":"hu","potentialAction":[{"@type":"ReadAction","target":["https:\/\/plazatorosalicante.com\/hu\/adatvedelmi-iranyelvek\/"]}]},{"@type":"BreadcrumbList","@id":"https:\/\/plazatorosalicante.com\/hu\/adatvedelmi-iranyelvek\/#breadcrumb","itemListElement":[{"@type":"ListItem","position":1,"name":"Portada","item":"https:\/\/plazatorosalicante.com\/hu\/kezdolap\/"},{"@type":"ListItem","position":2,"name":"Adatv\u00e9delmi ir\u00e1nyelvek"}]},{"@type":"WebSite","@id":"https:\/\/plazatorosalicante.com\/hu\/#website","url":"https:\/\/plazatorosalicante.com\/hu\/","name":"Plaza de Toros de Alicante","description":"Plaza de toros Alicante - Visitas Tur\u00edsticas y Culturales en Vivo para Individuales y Grupos","publisher":{"@id":"https:\/\/plazatorosalicante.com\/hu\/#organization"},"alternateName":"La Plaza Alicante Tour","potentialAction":[{"@type":"SearchAction","target":{"@type":"EntryPoint","urlTemplate":"https:\/\/plazatorosalicante.com\/hu\/?s={search_term_string}"},"query-input":{"@type":"PropertyValueSpecification","valueRequired":true,"valueName":"search_term_string"}}],"inLanguage":"hu"},{"@type":"Organization","@id":"https:\/\/plazatorosalicante.com\/hu\/#organization","name":"Plaza de toros Alicante","alternateName":"La Plaza Alicante t\u00fara","url":"https:\/\/plazatorosalicante.com\/hu\/","logo":{"@type":"ImageObject","inLanguage":"hu","@id":"https:\/\/plazatorosalicante.com\/hu\/#\/schema\/logo\/image\/","url":"https:\/\/plazatorosalicante.com\/wp-content\/uploads\/2023\/10\/Logo-plaza-toros-alicante.jpg","contentUrl":"https:\/\/plazatorosalicante.com\/wp-content\/uploads\/2023\/10\/Logo-plaza-toros-alicante.jpg","width":100,"height":100,"caption":"Plaza de toros Alicante"},"image":{"@id":"https:\/\/plazatorosalicante.com\/hu\/#\/schema\/logo\/image\/"}}]}},"_links":{"self":[{"href":"https:\/\/plazatorosalicante.com\/hu\/wp-json\/wp\/v2\/pages\/22508","targetHints":{"allow":["GET"]}}],"collection":[{"href":"https:\/\/plazatorosalicante.com\/hu\/wp-json\/wp\/v2\/pages"}],"about":[{"href":"https:\/\/plazatorosalicante.com\/hu\/wp-json\/wp\/v2\/types\/page"}],"author":[{"embeddable":true,"href":"https:\/\/plazatorosalicante.com\/hu\/wp-json\/wp\/v2\/users\/1"}],"replies":[{"embeddable":true,"href":"https:\/\/plazatorosalicante.com\/hu\/wp-json\/wp\/v2\/comments?post=22508"}],"version-history":[{"count":1,"href":"https:\/\/plazatorosalicante.com\/hu\/wp-json\/wp\/v2\/pages\/22508\/revisions"}],"predecessor-version":[{"id":22509,"href":"https:\/\/plazatorosalicante.com\/hu\/wp-json\/wp\/v2\/pages\/22508\/revisions\/22509"}],"wp:attachment":[{"href":"https:\/\/plazatorosalicante.com\/hu\/wp-json\/wp\/v2\/media?parent=22508"}],"curies":[{"name":"wp","href":"https:\/\/api.w.org\/{rel}","templated":true}]}}