{"id":22540,"date":"2023-09-11T10:44:24","date_gmt":"2023-09-11T10:44:24","guid":{"rendered":"https:\/\/plazatorosalicante.com\/a-terrol\/"},"modified":"2025-09-15T10:18:54","modified_gmt":"2025-09-15T10:18:54","slug":"a-terrol","status":"publish","type":"page","link":"https:\/\/plazatorosalicante.com\/hu\/a-terrol\/","title":{"rendered":"A t\u00e9rr\u0151l"},"content":{"rendered":"<section class=\"l-section wpb_row height_medium\"><div class=\"l-section-h i-cf\"><div class=\"g-cols vc_row via_grid cols_1 laptops-cols_inherit tablets-cols_inherit mobiles-cols_1 valign_top type_default stacking_default\"><div class=\"wpb_column vc_column_container\"><div class=\"vc_column-inner\"><div class=\"wpb_text_column\"><div class=\"wpb_wrapper\"><h1 style=\"text-align: center;\">Inform\u00e1ci\u00f3k az alicantei bikaviadal-ar\u00e9n\u00e1r\u00f3l<\/h1>\n<\/div><\/div><\/div><\/div><\/div><\/div><\/section><section class=\"l-section wpb_row height_medium\"><div class=\"l-section-h i-cf\"><div class=\"g-cols vc_row via_grid cols_2 laptops-cols_inherit tablets-cols_inherit mobiles-cols_1 valign_middle type_default stacking_default\"><div class=\"wpb_column vc_column_container\"><div class=\"vc_column-inner\"><div class=\"w-image align_none\"><div class=\"w-image-h\"><img decoding=\"async\" width=\"640\" height=\"640\" src=\"https:\/\/plazatorosalicante.com\/wp-content\/uploads\/2023\/10\/Puerta-grande-plaza-alicante.jpg\" class=\"attachment-large size-large\" alt=\"az alicantei bikaviadal-ar\u00e9na f\u0151bej\u00e1rata\" loading=\"lazy\" srcset=\"https:\/\/plazatorosalicante.com\/wp-content\/uploads\/2023\/10\/Puerta-grande-plaza-alicante.jpg 640w, https:\/\/plazatorosalicante.com\/wp-content\/uploads\/2023\/10\/Puerta-grande-plaza-alicante-300x300.jpg 300w, https:\/\/plazatorosalicante.com\/wp-content\/uploads\/2023\/10\/Puerta-grande-plaza-alicante-150x150.jpg 150w, https:\/\/plazatorosalicante.com\/wp-content\/uploads\/2023\/10\/Puerta-grande-plaza-alicante-600x600.jpg 600w\" sizes=\"auto, (max-width: 640px) 100vw, 640px\" \/><\/div><\/div><\/div><\/div><div class=\"wpb_column vc_column_container\"><div class=\"vc_column-inner\"><div class=\"wpb_text_column\"><div class=\"wpb_wrapper\"><h2>A t\u00e9r t\u00f6rt\u00e9nete<\/h2>\n<ul>\n<li><strong>Eredet \u00e9s fel\u00e9p\u00edt\u00e9s:<\/strong> Az alicantei bikaviadal-ar\u00e9na \u00e9p\u00edt\u00e9s\u00e9nek \u00f6tlete a 19. sz\u00e1zad elej\u00e9n mer\u00fclt fel. A Jos\u00e9 Guardiola Pic\u00f3 \u00e9p\u00edt\u00e9sz \u00e1ltal tervezett munk\u00e1latok 1847-ben kezd\u0151dtek \u00e9s 1888-ban fejez\u0151dtek be. Az \u00e9p\u00edtkez\u00e9s \u00f6nmag\u00e1ban is monument\u00e1lis teljes\u00edtm\u00e9ny volt, tekintettel a kor technikai kih\u00edv\u00e1saira \u00e9s a bikaviadalok \u00e9p\u00edt\u00e9szet\u00e9nek \u00f6sszetetts\u00e9g\u00e9re.  <\/li>\n<li><strong>\u00c9p\u00edt\u00e9szeti st\u00edlus:<\/strong> A Plaza de Toros de Alicante n\u00e9pi \u00e9p\u00edt\u00e9szeti st\u00edlus\u00fa, amelyet a korabeli \u00e9p\u00edt\u00e9szeti elemek hat\u00e1sa jellemez. Ez a st\u00edlus a f\u00e9lk\u00f6r\u00edves bolt\u00edvekben, a nagy ablakokban \u00e9s a bikaviadal-ar\u00e9na homlokzat\u00e1t \u00e9s belsej\u00e9t d\u00edsz\u00edt\u0151 d\u00edsz\u00edt\u0151 r\u00e9szletekben \u00e9rhet\u0151 tetten. <\/li>\n<li><strong>Kapacit\u00e1s \u00e9s kialak\u00edt\u00e1s<\/strong>: A bikaviadal-ar\u00e9na t\u00f6bb mint 11 600 n\u00e9z\u0151 befogad\u00e1s\u00e1ra alkalmas, \u00edgy az egyik legnagyobb Spanyolorsz\u00e1gban. A k\u00f6r alak\u00fa kialak\u00edt\u00e1s \u00e9s az \u00fcl\u0151helyek elrendez\u00e9se lehet\u0151v\u00e9 teszi, hogy minden helyr\u0151l optim\u00e1lis kil\u00e1t\u00e1s legyen, ami hozz\u00e1j\u00e1rul az izgalomhoz \u00e9s a k\u00f6z\u00f6ns\u00e9g r\u00e9szv\u00e9tel\u00e9hez a bikaviadalok alatt. <\/li>\n<li><strong>T\u00f6rt\u00e9nelmi esem\u00e9nyek:<\/strong> Az \u00e9vek sor\u00e1n az alicantei bikaviadal-ar\u00e9na sz\u00e1mos t\u00f6rt\u00e9nelmi esem\u00e9nynek \u00e9s h\u00edres bikaviadalok eml\u00e9kezetes el\u0151ad\u00e1sainak volt tan\u00faja. Ezek a bikaviadalok a r\u00e9gi\u00f3 bikaviadal-hagyom\u00e1ny\u00e1nak fontos r\u00e9sz\u00e9t k\u00e9pezt\u00e9k, \u00e9s hozz\u00e1j\u00e1rultak a bikaviadal-ar\u00e9na h\u00edrnev\u00e9hez. <\/li>\n<\/ul>\n<\/div><\/div><\/div><\/div><\/div><\/div><\/section><section class=\"l-section wpb_row height_medium color_alternate\"><div class=\"l-section-h i-cf\"><div class=\"g-cols vc_row via_grid cols_1 laptops-cols_inherit tablets-cols_inherit mobiles-cols_1 valign_middle type_default stacking_default\"><div class=\"wpb_column vc_column_container\"><div class=\"vc_column-inner\"><div class=\"wpb_text_column\"><div class=\"wpb_wrapper\"><p><span style=\"font-weight: 400;\">Az Alicante Bullring egy kultur\u00e1lis \u00e9s \u00e9p\u00edt\u00e9szeti nevezetess\u00e9g a spanyolorsz\u00e1gi Alicante tartom\u00e1nyban. T\u00f6rt\u00e9nete a 19. sz\u00e1zadra ny\u00falik vissza, amikor a bikaviadalok ir\u00e1nti lelkesed\u00e9s a r\u00e9gi\u00f3ban a tet\u0151fok\u00e1ra h\u00e1gott. <\/span><\/p>\n<\/div><\/div><\/div><\/div><\/div><\/div><\/section><section class=\"l-section wpb_row height_medium\"><div class=\"l-section-h i-cf\"><div class=\"g-cols vc_row via_grid cols_2 laptops-cols_inherit tablets-cols_inherit mobiles-cols_1 valign_middle type_default stacking_default\"><div class=\"wpb_column vc_column_container\"><div class=\"vc_column-inner\"><div class=\"w-image align_none\"><div class=\"w-image-h\"><img decoding=\"async\" width=\"640\" height=\"640\" src=\"https:\/\/plazatorosalicante.com\/wp-content\/uploads\/2023\/10\/Tendidos-plaza-toros.jpg\" class=\"attachment-large size-large\" alt=\"Tendidos plaza de toros de alicante (alicantei bikaviadal-ar\u00e9na)\" loading=\"lazy\" srcset=\"https:\/\/plazatorosalicante.com\/wp-content\/uploads\/2023\/10\/Tendidos-plaza-toros.jpg 640w, https:\/\/plazatorosalicante.com\/wp-content\/uploads\/2023\/10\/Tendidos-plaza-toros-300x300.jpg 300w, https:\/\/plazatorosalicante.com\/wp-content\/uploads\/2023\/10\/Tendidos-plaza-toros-150x150.jpg 150w, https:\/\/plazatorosalicante.com\/wp-content\/uploads\/2023\/10\/Tendidos-plaza-toros-600x600.jpg 600w\" sizes=\"auto, (max-width: 640px) 100vw, 640px\" \/><\/div><\/div><\/div><\/div><div class=\"wpb_column vc_column_container\"><div class=\"vc_column-inner\"><div class=\"wpb_text_column\"><div class=\"wpb_wrapper\"><h2>Egyedi \u00e9p\u00edt\u00e9szet \u00e9s design<\/h2>\n<ul>\n<li><strong>St\u00edlus:<\/strong> Az Alicante Bullring n\u00e9pszer\u0171 \u00e9p\u00edt\u00e9szeti st\u00edlus\u00e1val t\u0171nik ki. A k\u00fcls\u0151 homlokzatot j\u00f3zans\u00e1g \u00e9s vil\u00e1gos f\u00f6ldsz\u00edne jellemzi, amely az elegancia \u00e9s a bikaviadalok hiteless\u00e9g\u00e9nek \u00e9rzet\u00e9t kelti. <\/li>\n<li><strong>Ruedo Central:<\/strong> A bikaviadal-ar\u00e9na sz\u00edve a k\u00f6zponti gy\u0171r\u0171. Ez a t\u00e9r nagy \u00e9s nyitott, \u00edgy a bikaviadalok \u00e9s a bik\u00e1k a legjobb form\u00e1jukat hozhatj\u00e1k. <\/li>\n<li><strong>Tendidos \u00e9s Palcos:<\/strong> Panor\u00e1mak\u00e9pet ny\u00fajtanak az akci\u00f3ra. A fels\u0151 szintek szintek szerint emelkednek, \u00edgy teljes r\u00e1l\u00e1t\u00e1st biztos\u00edtanak a bikaviadal-ar\u00e9n\u00e1ra, \u00e9s egyed\u00fcl\u00e1ll\u00f3 izgalmas l\u00e9gk\u00f6rt teremtenek. <\/li>\n<li><strong>Sz\u00ednes \u00e9s r\u00e9szletes:<\/strong> A t\u00e9r kialak\u00edt\u00e1sa \u00e9l\u00e9nk sz\u00ednpalett\u00e1t tartalmaz, a falakat \u00e9s a padl\u00f3t ker\u00e1mia mozaikok d\u00edsz\u00edtik. A m\u0171v\u00e9szi r\u00e9szletek, mint p\u00e9ld\u00e1ul a d\u00edsz\u00edt\u0151 csemp\u00e9k, jellegzetess\u00e9 teszik az \u00e9p\u00edt\u00e9szetet. <\/li>\n<\/ul>\n<\/div><\/div><\/div><\/div><\/div><\/div><\/section><section class=\"l-section wpb_row height_medium color_alternate\"><div class=\"l-section-h i-cf\"><div class=\"g-cols vc_row via_grid cols_1 laptops-cols_inherit tablets-cols_inherit mobiles-cols_1 valign_middle type_default stacking_default\"><div class=\"wpb_column vc_column_container\"><div class=\"vc_column-inner\"><div class=\"wpb_text_column\"><div class=\"wpb_wrapper\"><h3>T\u00f6bb mint egy n\u00e9gyzet<\/h3>\n<p><span style=\"font-weight: 400;\">Az alicantei bikaviadal-ar\u00e9na a r\u00e9gi\u00f3 kult\u00far\u00e1j\u00e1nak \u00e9s t\u00f6rt\u00e9nelm\u00e9nek szimb\u00f3luma. Egyed\u00fcl\u00e1ll\u00f3 \u00e9p\u00edt\u00e9szete \u00e9s gazdag t\u00f6rt\u00e9nelme miatt a bikaviadalok kedvel\u0151i \u00e9s az \u00e9p\u00edt\u00e9szet szerelmesei sz\u00e1m\u00e1ra kihagyhatatlan \u00fati c\u00e9l. Ez a bikaviadal-ar\u00e9na \u00e9vsz\u00e1zados bikaviadal-hagyom\u00e1nyok tan\u00faja, \u00e9s tov\u00e1bbra is emblematikus hely, ahol a szenved\u00e9ly \u00e9s az elegancia minden bikaviadalon tal\u00e1lkozik.  <\/span><\/p>\n<\/div><\/div><\/div><\/div><\/div><\/div><\/section><section class=\"l-section wpb_row height_medium\"><div class=\"l-section-h i-cf\"><div class=\"g-cols vc_row via_grid cols_1 laptops-cols_inherit tablets-cols_inherit mobiles-cols_1 valign_top type_default stacking_default\"><div class=\"wpb_column vc_column_container\"><div class=\"vc_column-inner\"><div class=\"wpb_text_column\"><div class=\"wpb_wrapper\"><h2>Szeretn\u00e9 megl\u00e1togatni a teret?<\/h2>\n<p>Az alicantei bikaviadal-ar\u00e9na t\u00fara m\u00e1r el\u00e9rhet\u0151. V\u00e1lassza ki az \u00d6nt legink\u00e1bb \u00e9rdekl\u0151 jegyt\u00edpust, \u00e9s \u00e9lvezze a p\u00e1ratlan v\u00e1rosn\u00e9z\u00e9st.<\/p>\n<\/div><\/div><div class=\"g-cols wpb_row via_grid cols_3 laptops-cols_inherit tablets-cols_inherit mobiles-cols_1 valign_top type_default stacking_default\" style=\"--columns-gap:3rem;\"><div class=\"wpb_column vc_column_container\"><div class=\"vc_column-inner\"><div class=\"w-ibanner us_custom_e7c215f2 has_text_color animation_caeros ratio_3x2 easing_ease\"><a href=\"https:\/\/plazatorosalicante.com\/tour\/entrada-individual\/\" aria-label=\"Egy\u00e9ni bejegyz\u00e9s\"><\/a><div class=\"w-ibanner-h\"><div class=\"w-ibanner-image\" style=\"background-image: url(https:\/\/plazatorosalicante.com\/wp-content\/uploads\/2023\/11\/Tour-plaza-de-toros-alicante-1024x652.webp)\"><\/div><div class=\"w-ibanner-content\"><div class=\"w-ibanner-content-h\"><h3 class=\"w-ibanner-title\">Egy\u00e9ni bejegyz\u00e9s<\/h3><div class=\"w-ibanner-desc\"><p>Ide\u00e1lis a t\u00e9r saj\u00e1t temp\u00f3ban t\u00f6rt\u00e9n\u0151 bej\u00e1r\u00e1s\u00e1hoz.<\/p>\n<\/div><\/div><\/div><\/div><\/div><\/div><\/div><div class=\"wpb_column vc_column_container\"><div class=\"vc_column-inner\"><div class=\"w-ibanner us_custom_e1b7d205 has_text_color animation_caeros ratio_3x2 easing_ease\"><a href=\"https:\/\/plazatorosalicante.com\/tour\/entrada-vip\/\" aria-label=\"VIP jegy\"><\/a><div class=\"w-ibanner-h\"><div class=\"w-ibanner-image\" style=\"background-image: url(https:\/\/plazatorosalicante.com\/wp-content\/uploads\/2024\/03\/Guia-privado.webp)\"><\/div><div class=\"w-ibanner-content\"><div class=\"w-ibanner-content-h\"><h3 class=\"w-ibanner-title\">VIP jegy<\/h3><div class=\"w-ibanner-desc\"><p>Ide\u00e1lis azok sz\u00e1m\u00e1ra, akik idegenvezet\u00e9st szeretn\u00e9nek.<\/p>\n<\/div><\/div><\/div><\/div><\/div><\/div><\/div><div class=\"wpb_column vc_column_container\"><div class=\"vc_column-inner\"><div class=\"w-ibanner us_custom_3f22c716 has_text_color animation_caeros ratio_3x2 easing_ease\"><a href=\"https:\/\/plazatorosalicante.com\/tour\/entrada-grupos\/\" aria-label=\"Csoportos jegyek\"><\/a><div class=\"w-ibanner-h\"><div class=\"w-ibanner-image\" style=\"background-image: url(https:\/\/plazatorosalicante.com\/wp-content\/uploads\/2024\/03\/visita-grupal.jpg)\"><\/div><div class=\"w-ibanner-content\"><div class=\"w-ibanner-content-h\"><h3 class=\"w-ibanner-title\">Csoportos jegyek<\/h3><div class=\"w-ibanner-desc\"><p>Iskolai vagy feln\u0151tt csoportok sz\u00e1m\u00e1ra.<\/p>\n<\/div><\/div><\/div><\/div><\/div><\/div><\/div><\/div><\/div><\/div><\/div><\/div><\/section>\n","protected":false},"excerpt":{"rendered":"Inform\u00e1ci\u00f3k az alicantei bikaviadal-ar\u00e9n\u00e1r\u00f3l A t\u00e9r t\u00f6rt\u00e9nete Eredet \u00e9s fel\u00e9p\u00edt\u00e9s: Az alicantei bikaviadal-ar\u00e9na \u00e9p\u00edt\u00e9s\u00e9nek \u00f6tlete a 19. sz\u00e1zad elej\u00e9n mer\u00fclt fel. A Jos\u00e9 Guardiola Pic\u00f3 \u00e9p\u00edt\u00e9sz \u00e1ltal tervezett munk\u00e1latok 1847-ben kezd\u0151dtek \u00e9s 1888-ban fejez\u0151dtek be. Az \u00e9p\u00edtkez\u00e9s \u00f6nmag\u00e1ban is monument\u00e1lis teljes\u00edtm\u00e9ny volt, tekintettel a kor technikai kih\u00edv\u00e1saira \u00e9s a bikaviadalok \u00e9p\u00edt\u00e9szet\u00e9nek \u00f6sszetetts\u00e9g\u00e9re. \u00c9p\u00edt\u00e9szeti st\u00edlus: A...","protected":false},"author":1,"featured_media":0,"parent":0,"menu_order":0,"comment_status":"closed","ping_status":"closed","template":"","meta":{"_acf_changed":false,"footnotes":""},"class_list":["post-22540","page","type-page","status-publish","hentry"],"acf":[],"yoast_head":"<!-- This site is optimized with the Yoast SEO plugin v27.6 - https:\/\/yoast.com\/product\/yoast-seo-wordpress\/ -->\n<title>T\u00f6rt\u00e9nelem Plaza de Toros Alicante | La Plaza Alicante<\/title>\n<meta name=\"description\" content=\"Minden, amit az alicantei bikaviadal-ar\u00e9n\u00e1r\u00f3l tudni kell. Ismerje meg t\u00f6rt\u00e9net\u00e9t, \u00e9p\u00edt\u00e9szet\u00e9t \u00e9s \u00e9rdekess\u00e9geit [Plaza de Toros Alicante].\" \/>\n<meta name=\"robots\" content=\"index, follow, max-snippet:-1, max-image-preview:large, max-video-preview:-1\" \/>\n<link rel=\"canonical\" href=\"https:\/\/plazatorosalicante.com\/hu\/a-terrol\/\" \/>\n<meta property=\"og:locale\" content=\"hu_HU\" \/>\n<meta property=\"og:type\" content=\"article\" \/>\n<meta property=\"og:title\" content=\"T\u00f6rt\u00e9nelem Plaza de Toros Alicante | La Plaza Alicante\" \/>\n<meta property=\"og:description\" content=\"Minden, amit az alicantei bikaviadal-ar\u00e9n\u00e1r\u00f3l tudni kell. Ismerje meg t\u00f6rt\u00e9net\u00e9t, \u00e9p\u00edt\u00e9szet\u00e9t \u00e9s \u00e9rdekess\u00e9geit [Plaza de Toros Alicante].\" \/>\n<meta property=\"og:url\" content=\"https:\/\/plazatorosalicante.com\/hu\/a-terrol\/\" \/>\n<meta property=\"og:site_name\" content=\"Plaza de Toros de Alicante\" \/>\n<meta property=\"article:publisher\" content=\"https:\/\/www.facebook.com\/laplazaalicantetour\/\" \/>\n<meta property=\"article:modified_time\" content=\"2025-09-15T10:18:54+00:00\" \/>\n<meta property=\"og:image\" content=\"https:\/\/plazatorosalicante.com\/wp-content\/uploads\/2025\/03\/VIT_7836-scaled-1.jpg\" \/>\n\t<meta property=\"og:image:width\" content=\"2560\" \/>\n\t<meta property=\"og:image:height\" content=\"1696\" \/>\n\t<meta property=\"og:image:type\" content=\"image\/jpeg\" \/>\n<meta name=\"twitter:card\" content=\"summary_large_image\" \/>\n<meta name=\"twitter:label1\" content=\"Becs\u00fclt olvas\u00e1si id\u0151\" \/>\n\t<meta name=\"twitter:data1\" content=\"5 perc\" \/>\n<script type=\"application\/ld+json\" class=\"yoast-schema-graph\">{\"@context\":\"https:\\\/\\\/schema.org\",\"@graph\":[{\"@type\":\"WebPage\",\"@id\":\"https:\\\/\\\/plazatorosalicante.com\\\/hu\\\/a-terrol\\\/\",\"url\":\"https:\\\/\\\/plazatorosalicante.com\\\/hu\\\/a-terrol\\\/\",\"name\":\"T\u00f6rt\u00e9nelem Plaza de Toros Alicante | La Plaza Alicante\",\"isPartOf\":{\"@id\":\"https:\\\/\\\/plazatorosalicante.com\\\/hu\\\/#website\"},\"datePublished\":\"2023-09-11T10:44:24+00:00\",\"dateModified\":\"2025-09-15T10:18:54+00:00\",\"description\":\"Minden, amit az alicantei bikaviadal-ar\u00e9n\u00e1r\u00f3l tudni kell. Ismerje meg t\u00f6rt\u00e9net\u00e9t, \u00e9p\u00edt\u00e9szet\u00e9t \u00e9s \u00e9rdekess\u00e9geit [Plaza de Toros Alicante].\",\"breadcrumb\":{\"@id\":\"https:\\\/\\\/plazatorosalicante.com\\\/hu\\\/a-terrol\\\/#breadcrumb\"},\"inLanguage\":\"hu\",\"potentialAction\":[{\"@type\":\"ReadAction\",\"target\":[\"https:\\\/\\\/plazatorosalicante.com\\\/hu\\\/a-terrol\\\/\"]}]},{\"@type\":\"BreadcrumbList\",\"@id\":\"https:\\\/\\\/plazatorosalicante.com\\\/hu\\\/a-terrol\\\/#breadcrumb\",\"itemListElement\":[{\"@type\":\"ListItem\",\"position\":1,\"name\":\"Portada\",\"item\":\"https:\\\/\\\/plazatorosalicante.com\\\/hu\\\/\"},{\"@type\":\"ListItem\",\"position\":2,\"name\":\"A t\u00e9rr\u0151l\"}]},{\"@type\":\"WebSite\",\"@id\":\"https:\\\/\\\/plazatorosalicante.com\\\/hu\\\/#website\",\"url\":\"https:\\\/\\\/plazatorosalicante.com\\\/hu\\\/\",\"name\":\"Plaza de Toros de Alicante\",\"description\":\"Plaza de toros Alicante - Visitas Tur\u00edsticas y Culturales en Vivo para Individuales y Grupos\",\"publisher\":{\"@id\":\"https:\\\/\\\/plazatorosalicante.com\\\/hu\\\/#organization\"},\"alternateName\":\"La Plaza Alicante Tour\",\"potentialAction\":[{\"@type\":\"SearchAction\",\"target\":{\"@type\":\"EntryPoint\",\"urlTemplate\":\"https:\\\/\\\/plazatorosalicante.com\\\/hu\\\/?s={search_term_string}\"},\"query-input\":{\"@type\":\"PropertyValueSpecification\",\"valueRequired\":true,\"valueName\":\"search_term_string\"}}],\"inLanguage\":\"hu\"},{\"@type\":\"Organization\",\"@id\":\"https:\\\/\\\/plazatorosalicante.com\\\/hu\\\/#organization\",\"name\":\"Plaza de toros Alicante\",\"alternateName\":\"La Plaza Alicante t\u00fara\",\"url\":\"https:\\\/\\\/plazatorosalicante.com\\\/hu\\\/\",\"logo\":{\"@type\":\"ImageObject\",\"inLanguage\":\"hu\",\"@id\":\"https:\\\/\\\/plazatorosalicante.com\\\/hu\\\/#\\\/schema\\\/logo\\\/image\\\/\",\"url\":\"https:\\\/\\\/plazatorosalicante.com\\\/wp-content\\\/uploads\\\/2023\\\/10\\\/Logo-plaza-toros-alicante.jpg\",\"contentUrl\":\"https:\\\/\\\/plazatorosalicante.com\\\/wp-content\\\/uploads\\\/2023\\\/10\\\/Logo-plaza-toros-alicante.jpg\",\"width\":100,\"height\":100,\"caption\":\"Plaza de toros Alicante\"},\"image\":{\"@id\":\"https:\\\/\\\/plazatorosalicante.com\\\/hu\\\/#\\\/schema\\\/logo\\\/image\\\/\"},\"sameAs\":[\"https:\\\/\\\/www.facebook.com\\\/laplazaalicantetour\\\/\",\"https:\\\/\\\/www.instagram.com\\\/laplazaalicantetour\\\/\"]}]}<\/script>\n<!-- \/ Yoast SEO plugin. -->","yoast_head_json":{"title":"T\u00f6rt\u00e9nelem Plaza de Toros Alicante | La Plaza Alicante","description":"Minden, amit az alicantei bikaviadal-ar\u00e9n\u00e1r\u00f3l tudni kell. Ismerje meg t\u00f6rt\u00e9net\u00e9t, \u00e9p\u00edt\u00e9szet\u00e9t \u00e9s \u00e9rdekess\u00e9geit [Plaza de Toros Alicante].","robots":{"index":"index","follow":"follow","max-snippet":"max-snippet:-1","max-image-preview":"max-image-preview:large","max-video-preview":"max-video-preview:-1"},"canonical":"https:\/\/plazatorosalicante.com\/hu\/a-terrol\/","og_locale":"hu_HU","og_type":"article","og_title":"T\u00f6rt\u00e9nelem Plaza de Toros Alicante | La Plaza Alicante","og_description":"Minden, amit az alicantei bikaviadal-ar\u00e9n\u00e1r\u00f3l tudni kell. Ismerje meg t\u00f6rt\u00e9net\u00e9t, \u00e9p\u00edt\u00e9szet\u00e9t \u00e9s \u00e9rdekess\u00e9geit [Plaza de Toros Alicante].","og_url":"https:\/\/plazatorosalicante.com\/hu\/a-terrol\/","og_site_name":"Plaza de Toros de Alicante","article_publisher":"https:\/\/www.facebook.com\/laplazaalicantetour\/","article_modified_time":"2025-09-15T10:18:54+00:00","og_image":[{"width":2560,"height":1696,"url":"https:\/\/plazatorosalicante.com\/wp-content\/uploads\/2025\/03\/VIT_7836-scaled-1.jpg","type":"image\/jpeg"}],"twitter_card":"summary_large_image","twitter_misc":{"Becs\u00fclt olvas\u00e1si id\u0151":"5 perc"},"schema":{"@context":"https:\/\/schema.org","@graph":[{"@type":"WebPage","@id":"https:\/\/plazatorosalicante.com\/hu\/a-terrol\/","url":"https:\/\/plazatorosalicante.com\/hu\/a-terrol\/","name":"T\u00f6rt\u00e9nelem Plaza de Toros Alicante | La Plaza Alicante","isPartOf":{"@id":"https:\/\/plazatorosalicante.com\/hu\/#website"},"datePublished":"2023-09-11T10:44:24+00:00","dateModified":"2025-09-15T10:18:54+00:00","description":"Minden, amit az alicantei bikaviadal-ar\u00e9n\u00e1r\u00f3l tudni kell. Ismerje meg t\u00f6rt\u00e9net\u00e9t, \u00e9p\u00edt\u00e9szet\u00e9t \u00e9s \u00e9rdekess\u00e9geit [Plaza de Toros Alicante].","breadcrumb":{"@id":"https:\/\/plazatorosalicante.com\/hu\/a-terrol\/#breadcrumb"},"inLanguage":"hu","potentialAction":[{"@type":"ReadAction","target":["https:\/\/plazatorosalicante.com\/hu\/a-terrol\/"]}]},{"@type":"BreadcrumbList","@id":"https:\/\/plazatorosalicante.com\/hu\/a-terrol\/#breadcrumb","itemListElement":[{"@type":"ListItem","position":1,"name":"Portada","item":"https:\/\/plazatorosalicante.com\/hu\/"},{"@type":"ListItem","position":2,"name":"A t\u00e9rr\u0151l"}]},{"@type":"WebSite","@id":"https:\/\/plazatorosalicante.com\/hu\/#website","url":"https:\/\/plazatorosalicante.com\/hu\/","name":"Plaza de Toros de Alicante","description":"Plaza de toros Alicante - Visitas Tur\u00edsticas y Culturales en Vivo para Individuales y Grupos","publisher":{"@id":"https:\/\/plazatorosalicante.com\/hu\/#organization"},"alternateName":"La Plaza Alicante Tour","potentialAction":[{"@type":"SearchAction","target":{"@type":"EntryPoint","urlTemplate":"https:\/\/plazatorosalicante.com\/hu\/?s={search_term_string}"},"query-input":{"@type":"PropertyValueSpecification","valueRequired":true,"valueName":"search_term_string"}}],"inLanguage":"hu"},{"@type":"Organization","@id":"https:\/\/plazatorosalicante.com\/hu\/#organization","name":"Plaza de toros Alicante","alternateName":"La Plaza Alicante t\u00fara","url":"https:\/\/plazatorosalicante.com\/hu\/","logo":{"@type":"ImageObject","inLanguage":"hu","@id":"https:\/\/plazatorosalicante.com\/hu\/#\/schema\/logo\/image\/","url":"https:\/\/plazatorosalicante.com\/wp-content\/uploads\/2023\/10\/Logo-plaza-toros-alicante.jpg","contentUrl":"https:\/\/plazatorosalicante.com\/wp-content\/uploads\/2023\/10\/Logo-plaza-toros-alicante.jpg","width":100,"height":100,"caption":"Plaza de toros Alicante"},"image":{"@id":"https:\/\/plazatorosalicante.com\/hu\/#\/schema\/logo\/image\/"},"sameAs":["https:\/\/www.facebook.com\/laplazaalicantetour\/","https:\/\/www.instagram.com\/laplazaalicantetour\/"]}]}},"_links":{"self":[{"href":"https:\/\/plazatorosalicante.com\/hu\/wp-json\/wp\/v2\/pages\/22540","targetHints":{"allow":["GET"]}}],"collection":[{"href":"https:\/\/plazatorosalicante.com\/hu\/wp-json\/wp\/v2\/pages"}],"about":[{"href":"https:\/\/plazatorosalicante.com\/hu\/wp-json\/wp\/v2\/types\/page"}],"author":[{"embeddable":true,"href":"https:\/\/plazatorosalicante.com\/hu\/wp-json\/wp\/v2\/users\/1"}],"replies":[{"embeddable":true,"href":"https:\/\/plazatorosalicante.com\/hu\/wp-json\/wp\/v2\/comments?post=22540"}],"version-history":[{"count":2,"href":"https:\/\/plazatorosalicante.com\/hu\/wp-json\/wp\/v2\/pages\/22540\/revisions"}],"predecessor-version":[{"id":22543,"href":"https:\/\/plazatorosalicante.com\/hu\/wp-json\/wp\/v2\/pages\/22540\/revisions\/22543"}],"wp:attachment":[{"href":"https:\/\/plazatorosalicante.com\/hu\/wp-json\/wp\/v2\/media?parent=22540"}],"curies":[{"name":"wp","href":"https:\/\/api.w.org\/{rel}","templated":true}]}}