{"id":22621,"date":"2024-03-26T08:46:50","date_gmt":"2024-03-26T08:46:50","guid":{"rendered":"https:\/\/plazatorosalicante.com\/rolunk\/"},"modified":"2025-09-15T10:19:21","modified_gmt":"2025-09-15T10:19:21","slug":"rolunk","status":"publish","type":"page","link":"https:\/\/plazatorosalicante.com\/hu\/rolunk\/","title":{"rendered":"R\u00f3lunk"},"content":{"rendered":"<section class=\"l-section wpb_row height_medium\"><div class=\"l-section-h i-cf\"><div class=\"g-cols vc_row via_grid cols_2 laptops-cols_inherit tablets-cols_inherit mobiles-cols_1 valign_middle type_default stacking_default\" style=\"--columns-gap:4vw;\"><div class=\"wpb_column vc_column_container\"><div class=\"vc_column-inner\"><div class=\"w-image us_custom_3bc1f25b style_shadow-2 has_ratio align_none\"><div class=\"w-image-h\"><div style=\"padding-bottom:100%\"><\/div><div class=\"w-image-shadow\" style=\"background-image:url(https:\/\/plazatorosalicante.com\/wp-content\/uploads\/2024\/03\/Logo.jpg);\"><\/div><img decoding=\"async\" width=\"600\" height=\"600\" src=\"https:\/\/plazatorosalicante.com\/wp-content\/uploads\/2024\/03\/Logo.jpg\" class=\"attachment-large size-large\" alt=\"\" loading=\"lazy\" \/><\/div><\/div><\/div><\/div><div class=\"wpb_column vc_column_container\"><div class=\"vc_column-inner\"><div class=\"wpb_text_column\"><div class=\"wpb_wrapper\"><p><span style=\"color: #3366ff;\"><strong>Toroshopping<\/strong><\/span><\/p>\n<\/div><\/div><div class=\"w-separator size_small\"><\/div><div class=\"wpb_text_column us_custom_d98eb4eb\"><div class=\"wpb_wrapper\"><h1>Szak\u00e9rt\u0151k a bikaviadalok vil\u00e1g\u00e1ban<\/h1>\n<p>A Toroshopping az alicantei bikaviadal-ar\u00e9n\u00e1hoz kapcsol\u00f3d\u00f3 v\u00e1llalat, amely olyan szolg\u00e1ltat\u00e1sokat ny\u00fajt, mint a bikaviadal-ar\u00e9na bej\u00e1r\u00e1sa \u00e9s a bikaviadalokra sz\u00f3l\u00f3 jegyek \u00e9rt\u00e9kes\u00edt\u00e9se. C\u00e9g\u00fcnk azonban sokkal t\u00f6bb, mint egy jegy\u00e9rt\u00e9kes\u00edt\u00e9si port\u00e1l. Ebben a r\u00e9szben t\u00f6bbet megtudhat r\u00f3lunk, \u00e9s megismerheti teljes term\u00e9k- \u00e9s szolg\u00e1ltat\u00e1sk\u00edn\u00e1latunkat.<\/p>\n<\/div><\/div><div class=\"w-separator size_medium\"><\/div><\/div><\/div><\/div><\/div><\/section><section class=\"l-section wpb_row height_medium\"><div class=\"l-section-h i-cf\"><div class=\"g-cols vc_row via_grid cols_2 laptops-cols_inherit tablets-cols_inherit mobiles-cols_1 valign_top type_default stacking_default\"><div class=\"wpb_column vc_column_container\"><div class=\"vc_column-inner\"><div class=\"wpb_text_column us_custom_d98eb4eb\"><div class=\"wpb_wrapper\"><h2><strong>M\u00e1s megl\u00e1togatand\u00f3 bikaviadal-csarnokok<\/strong><\/h2>\n<p>A Toroshoppingn\u00e1l <strong>azon dolgozunk, hogy k\u00f6zelebb hozzuk a bikaviadalok vil\u00e1g\u00e1t mind a hagyom\u00e1nyos k\u00f6z\u00f6ns\u00e9ghez \u00e9s a bikaviadalok szerelmeseihez, mind pedig az e csod\u00e1latos vil\u00e1g megismer\u00e9se ir\u00e1nt \u00e9rdekl\u0151d\u0151 turist\u00e1khoz.<\/strong> Ennek \u00e9rdek\u00e9ben turistal\u00e1togat\u00e1sokat k\u00edn\u00e1lunk Spanyolorsz\u00e1g legjobb bikaviadal-csarnokaiba, valamint jegy\u00e9rt\u00e9kes\u00edt\u00e9st a legjobb bikaviadal-bemutat\u00f3kra. Itt tal\u00e1lja azoknak a bikaviadal-csarnoknak a linkjeit, ahol l\u00e1togat\u00e1sokat vagy jegy\u00e9rt\u00e9kes\u00edt\u00e9st k\u00edn\u00e1lunk, hogy megn\u00e9zhesse azokat:<\/p>\n<\/div><\/div><\/div><\/div><div class=\"wpb_column vc_column_container\"><div class=\"vc_column-inner\"><div class=\"wpb_text_column us_custom_d98eb4eb\"><div class=\"wpb_wrapper\"><h3>Szeretne megn\u00e9zni egy bikaviadalt vagy megl\u00e1togatni valamelyik bikaviadal-csarnokot?<\/h3>\n<ul>\n<li><a href=\"https:\/\/plazadetoroslamalagueta.com\/\" target=\"_blank\" rel=\"noopener\">Bikaviadal-ar\u00e9na Malag\u00e1ban<\/a><\/li>\n<li><a href=\"https:\/\/plazadetoroscordoba.com\/\" target=\"_blank\" rel=\"noopener\">Cordoba bikaviadal-ar\u00e9na<\/a><\/li>\n<li><a href=\"https:\/\/plazadetorosdesantander.com\">Santander Bullring<\/a><\/li>\n<li><a href=\"https:\/\/plazatorosmarbella.com\/\">Marbella bikaviadal-ar\u00e9na<\/a><\/li>\n<li><a href=\"https:\/\/lasventastour.com\/es\/\" target=\"_blank\" rel=\"noopener\">L\u00e1togasson el a Las Ventas bikaviadal-ar\u00e9n\u00e1ba<\/a><\/li>\n<\/ul>\n<\/div><\/div><\/div><\/div><\/div><\/div><\/section><section class=\"l-section wpb_row height_medium with_shape\"><div class=\"l-section-shape type_custom pos_bottom\" style=\"height:50%;color:var(--color-content-bg-alt)\"><svg xmlns=\"http:\/\/www.w3.org\/2000\/svg\" viewBox=\"0 0 64 8\" preserveAspectRatio=\"none\" width=\"100%\" height=\"100%\">\r\n\t<path fill=\"currentColor\" d=\"M64 8 L0 8 L0 0 L64 0 Z\"\/>\r\n<\/svg><\/div><div class=\"l-section-h i-cf\"><div class=\"g-cols vc_row via_grid cols_1 laptops-cols_inherit tablets-cols_inherit mobiles-cols_1 valign_top type_default stacking_default\"><div class=\"wpb_column vc_column_container\"><div class=\"vc_column-inner\"><div class=\"g-cols wpb_row us_custom_0039e63c via_grid cols_2 laptops-cols_inherit tablets-cols_1 mobiles-cols_1 valign_middle type_default\" style=\"--columns-gap:3rem;\"><div class=\"wpb_column vc_column_container\"><div class=\"vc_column-inner\"><h2 class=\"w-text us_custom_d3db7169\"><span class=\"w-text-h\"><span class=\"w-text-value\">Fedezze fel online \u00fczlet\u00fcnket<\/span><\/span><\/h2><div class=\"wpb_text_column\"><div class=\"wpb_wrapper\"><p>\u00dczlet\u00fcnkben mindenf\u00e9le bikaviadal-term\u00e9ket \u00e9s kieg\u00e9sz\u00edt\u0151t megtal\u00e1l: Gyerekj\u00e1t\u00e9kok, ruh\u00e1k \u00e9s k\u00e9zzel k\u00e9sz\u00edtett \u00e9kszerek&#8230; Vonulj az utc\u00e1ra szenved\u00e9lyedben!<\/p>\n<\/div><\/div><div class=\"w-btn-wrapper default_align_none laptops_align_none tablets_align_none mobiles_align_justify\"><a class=\"w-btn us-btn-style_1 us_custom_b4198c51 open-popup\" target=\"_blank\" rel=\"nofollow\" href=\"https:\/\/www.toroshopping.com\/\"><span class=\"w-btn-label\">L\u00e1togasson el a weboldalra<\/span><\/a><\/div><\/div><\/div><div class=\"wpb_column vc_column_container hide_on_tablets hide_on_mobiles\"><div class=\"vc_column-inner\"><div class=\"w-image has_ratio align_none\"><div class=\"w-image-h\"><div style=\"padding-bottom:100%\"><\/div><img decoding=\"async\" width=\"1024\" height=\"1024\" src=\"https:\/\/plazatorosalicante.com\/wp-content\/uploads\/2024\/03\/Web-toroshopping-1024x1024.jpg\" class=\"attachment-large size-large\" alt=\"bikaviadal term\u00e9kek boltja\" loading=\"lazy\" \/><\/div><\/div><\/div><\/div><\/div><\/div><\/div><\/div><\/div><\/section><section class=\"l-section wpb_row height_medium\"><div class=\"l-section-h i-cf\"><div class=\"g-cols vc_row via_grid cols_1 laptops-cols_inherit tablets-cols_inherit mobiles-cols_1 valign_top type_default stacking_default\"><div class=\"wpb_column vc_column_container\"><div class=\"vc_column-inner\"><div class=\"wpb_text_column us_custom_99dce4f6\"><div class=\"wpb_wrapper\"><h2 style=\"text-align: center;\">Egy\u00e9b hihetetlen \u00e9lm\u00e9nyek<\/h2>\n<p style=\"text-align: center;\">Alicante v\u00e1ros\u00e1ban 360 fokos bikaviadal \u00e9s turisztikai \u00e9lm\u00e9nyben lehet r\u00e9sze. Fedezze fel n\u00e9h\u00e1ny extra szolg\u00e1ltat\u00e1sunkat. <\/p>\n<\/div><\/div><div class=\"w-separator size_large\"><\/div><div class=\"g-cols wpb_row via_grid cols_3 laptops-cols_inherit tablets-cols_2 mobiles-cols_1 valign_top type_default\" style=\"--columns-gap:3rem;\"><div class=\"wpb_column vc_column_container\"><div class=\"vc_column-inner\"><h3 class=\"w-text us_custom_6eef5e16\"><span class=\"w-text-h\"><span class=\"w-text-value\">\u00c9lelmiszer \u00e9s bikaviadal<\/span><\/span><\/h3><div class=\"w-separator size_small\"><\/div><div class=\"w-image has_ratio align_none\"><div class=\"w-image-h\"><div style=\"padding-bottom:66.6667%\"><\/div><img decoding=\"async\" width=\"500\" height=\"500\" src=\"https:\/\/plazatorosalicante.com\/wp-content\/uploads\/2024\/01\/excursion-mercado-plaza-toros.webp\" class=\"attachment-large size-large\" alt=\"\" loading=\"lazy\" \/><\/div><\/div><div class=\"w-separator size_small\"><\/div><div class=\"wpb_text_column\"><div class=\"wpb_wrapper\"><p>V\u00e1rosn\u00e9z\u0151 t\u00far\u00e1k a bikaviadal-ar\u00e9n\u00e1ban \u00e9s Alicante k\u00f6zponti piac\u00e1n. Fedezze fel a v\u00e1ros k\u00e9t t\u00f6rt\u00e9nelmi m\u0171eml\u00e9k\u00e9t, \u00e9s k\u00f3stoljon meg v\u00e1logatott tapasokat.<\/p>\n<\/div><\/div><\/div><\/div><div class=\"wpb_column vc_column_container\"><div class=\"vc_column-inner\"><h3 class=\"w-text us_custom_6eef5e16\"><span class=\"w-text-h\"><span class=\"w-text-value\">Kombin\u00e1lt tapasztalatok<\/span><\/span><\/h3><div class=\"w-separator size_small\"><\/div><div class=\"w-image has_ratio align_none\"><div class=\"w-image-h\"><div style=\"padding-bottom:66.6667%\"><\/div><img decoding=\"async\" width=\"755\" height=\"500\" src=\"https:\/\/plazatorosalicante.com\/wp-content\/uploads\/2024\/01\/excursion-al-castillo-de-santa-barbara.webp\" class=\"attachment-large size-large\" alt=\"kir\u00e1ndul\u00e1s a santa barbarai v\u00e1rba\" loading=\"lazy\" \/><\/div><\/div><div class=\"w-separator size_small\"><\/div><div class=\"wpb_text_column\"><div class=\"wpb_wrapper\"><p>L\u00e1togasson el a v\u00e1ros legfontosabb m\u0171eml\u00e9keihez VIP-\u00e9lm\u00e9nyekkel \u00e9s az \u00e1rban foglalt priv\u00e1t transzferrel.<\/p>\n<\/div><\/div><\/div><\/div><div class=\"wpb_column vc_column_container\"><div class=\"vc_column-inner\"><h3 class=\"w-text us_custom_6eef5e16\"><span class=\"w-text-h\"><span class=\"w-text-value\">Alicantei bikaviadal iskola<\/span><\/span><\/h3><div class=\"w-separator size_small\"><\/div><div class=\"w-image has_ratio align_none\"><div class=\"w-image-h\"><div style=\"padding-bottom:66.6667%\"><\/div><img decoding=\"async\" width=\"1024\" height=\"1024\" src=\"https:\/\/plazatorosalicante.com\/wp-content\/uploads\/2023\/09\/recorrido-vip-tour-alicante-1024x1024.jpg\" class=\"attachment-large size-large\" alt=\"vezetett t\u00fara a bikaviadal-ar\u00e9n\u00e1ban\" loading=\"lazy\" \/><\/div><\/div><div class=\"w-separator size_small\"><\/div><div class=\"wpb_text_column\"><div class=\"wpb_wrapper\"><p>Szeretn\u00e9 megtanulni a bikaviadalok m\u0171v\u00e9szet\u00e9t? Az alicantei bikaviadal-iskol\u00e1ban mindent megtanulhatsz, amire sz\u00fcks\u00e9ged van ahhoz, hogy egy napra bikaviadall\u00e1 v\u00e1lj.<\/p>\n<\/div><\/div><\/div><\/div><\/div><\/div><\/div><\/div><\/div><\/section>\n","protected":false},"excerpt":{"rendered":"Toroshopping Szak\u00e9rt\u0151k a bikaviadalok vil\u00e1g\u00e1ban A Toroshopping az alicantei bikaviadal-ar\u00e9n\u00e1hoz kapcsol\u00f3d\u00f3 v\u00e1llalat, amely olyan szolg\u00e1ltat\u00e1sokat ny\u00fajt, mint a bikaviadal-ar\u00e9na bej\u00e1r\u00e1sa \u00e9s a bikaviadalokra sz\u00f3l\u00f3 jegyek \u00e9rt\u00e9kes\u00edt\u00e9se. C\u00e9g\u00fcnk azonban sokkal t\u00f6bb, mint egy jegy\u00e9rt\u00e9kes\u00edt\u00e9si port\u00e1l. Ebben a r\u00e9szben t\u00f6bbet megtudhat r\u00f3lunk, \u00e9s megismerheti teljes term\u00e9k- \u00e9s szolg\u00e1ltat\u00e1sk\u00edn\u00e1latunkat. M\u00e1s megl\u00e1togatand\u00f3 bikaviadal-csarnokok A Toroshoppingn\u00e1l azon dolgozunk, hogy k\u00f6zelebb...","protected":false},"author":1,"featured_media":0,"parent":0,"menu_order":0,"comment_status":"closed","ping_status":"closed","template":"","meta":{"_acf_changed":false,"footnotes":""},"class_list":["post-22621","page","type-page","status-publish","hentry"],"acf":[],"yoast_head":"<!-- This site is optimized with the Yoast SEO plugin v27.5 - https:\/\/yoast.com\/product\/yoast-seo-wordpress\/ -->\n<title>R\u00f3lunk - Plaza de Toros de Alicante<\/title>\n<meta name=\"robots\" content=\"index, follow, max-snippet:-1, max-image-preview:large, max-video-preview:-1\" \/>\n<link rel=\"canonical\" href=\"https:\/\/plazatorosalicante.com\/hu\/rolunk\/\" \/>\n<meta property=\"og:locale\" content=\"hu_HU\" \/>\n<meta property=\"og:type\" content=\"article\" \/>\n<meta property=\"og:title\" content=\"R\u00f3lunk - Plaza de Toros de Alicante\" \/>\n<meta property=\"og:url\" content=\"https:\/\/plazatorosalicante.com\/hu\/rolunk\/\" \/>\n<meta property=\"og:site_name\" content=\"Plaza de Toros de Alicante\" \/>\n<meta property=\"article:modified_time\" content=\"2025-09-15T10:19:21+00:00\" \/>\n<meta property=\"og:image\" content=\"https:\/\/plazatorosalicante.com\/wp-content\/uploads\/2025\/03\/VIT_7836-scaled-1.jpg\" \/>\n\t<meta property=\"og:image:width\" content=\"2560\" \/>\n\t<meta property=\"og:image:height\" content=\"1696\" \/>\n\t<meta property=\"og:image:type\" content=\"image\/jpeg\" \/>\n<meta name=\"twitter:card\" content=\"summary_large_image\" \/>\n<meta name=\"twitter:label1\" content=\"Becs\u00fclt olvas\u00e1si id\u0151\" \/>\n\t<meta name=\"twitter:data1\" content=\"5 perc\" \/>\n<script type=\"application\/ld+json\" class=\"yoast-schema-graph\">{\"@context\":\"https:\\\/\\\/schema.org\",\"@graph\":[{\"@type\":\"WebPage\",\"@id\":\"https:\\\/\\\/plazatorosalicante.com\\\/hu\\\/rolunk\\\/\",\"url\":\"https:\\\/\\\/plazatorosalicante.com\\\/hu\\\/rolunk\\\/\",\"name\":\"R\u00f3lunk - Plaza de Toros de Alicante\",\"isPartOf\":{\"@id\":\"https:\\\/\\\/plazatorosalicante.com\\\/hu\\\/#website\"},\"datePublished\":\"2024-03-26T08:46:50+00:00\",\"dateModified\":\"2025-09-15T10:19:21+00:00\",\"breadcrumb\":{\"@id\":\"https:\\\/\\\/plazatorosalicante.com\\\/hu\\\/rolunk\\\/#breadcrumb\"},\"inLanguage\":\"hu\",\"potentialAction\":[{\"@type\":\"ReadAction\",\"target\":[\"https:\\\/\\\/plazatorosalicante.com\\\/hu\\\/rolunk\\\/\"]}]},{\"@type\":\"BreadcrumbList\",\"@id\":\"https:\\\/\\\/plazatorosalicante.com\\\/hu\\\/rolunk\\\/#breadcrumb\",\"itemListElement\":[{\"@type\":\"ListItem\",\"position\":1,\"name\":\"Portada\",\"item\":\"https:\\\/\\\/plazatorosalicante.com\\\/hu\\\/kezdolap\\\/\"},{\"@type\":\"ListItem\",\"position\":2,\"name\":\"R\u00f3lunk\"}]},{\"@type\":\"WebSite\",\"@id\":\"https:\\\/\\\/plazatorosalicante.com\\\/hu\\\/#website\",\"url\":\"https:\\\/\\\/plazatorosalicante.com\\\/hu\\\/\",\"name\":\"Plaza de Toros de Alicante\",\"description\":\"Plaza de toros Alicante - Visitas Tur\u00edsticas y Culturales en Vivo para Individuales y Grupos\",\"publisher\":{\"@id\":\"https:\\\/\\\/plazatorosalicante.com\\\/hu\\\/#organization\"},\"alternateName\":\"La Plaza Alicante Tour\",\"potentialAction\":[{\"@type\":\"SearchAction\",\"target\":{\"@type\":\"EntryPoint\",\"urlTemplate\":\"https:\\\/\\\/plazatorosalicante.com\\\/hu\\\/?s={search_term_string}\"},\"query-input\":{\"@type\":\"PropertyValueSpecification\",\"valueRequired\":true,\"valueName\":\"search_term_string\"}}],\"inLanguage\":\"hu\"},{\"@type\":\"Organization\",\"@id\":\"https:\\\/\\\/plazatorosalicante.com\\\/hu\\\/#organization\",\"name\":\"Plaza de toros Alicante\",\"alternateName\":\"La Plaza Alicante t\u00fara\",\"url\":\"https:\\\/\\\/plazatorosalicante.com\\\/hu\\\/\",\"logo\":{\"@type\":\"ImageObject\",\"inLanguage\":\"hu\",\"@id\":\"https:\\\/\\\/plazatorosalicante.com\\\/hu\\\/#\\\/schema\\\/logo\\\/image\\\/\",\"url\":\"https:\\\/\\\/plazatorosalicante.com\\\/wp-content\\\/uploads\\\/2023\\\/10\\\/Logo-plaza-toros-alicante.jpg\",\"contentUrl\":\"https:\\\/\\\/plazatorosalicante.com\\\/wp-content\\\/uploads\\\/2023\\\/10\\\/Logo-plaza-toros-alicante.jpg\",\"width\":100,\"height\":100,\"caption\":\"Plaza de toros Alicante\"},\"image\":{\"@id\":\"https:\\\/\\\/plazatorosalicante.com\\\/hu\\\/#\\\/schema\\\/logo\\\/image\\\/\"}}]}<\/script>\n<!-- \/ Yoast SEO plugin. -->","yoast_head_json":{"title":"R\u00f3lunk - Plaza de Toros de Alicante","robots":{"index":"index","follow":"follow","max-snippet":"max-snippet:-1","max-image-preview":"max-image-preview:large","max-video-preview":"max-video-preview:-1"},"canonical":"https:\/\/plazatorosalicante.com\/hu\/rolunk\/","og_locale":"hu_HU","og_type":"article","og_title":"R\u00f3lunk - Plaza de Toros de Alicante","og_url":"https:\/\/plazatorosalicante.com\/hu\/rolunk\/","og_site_name":"Plaza de Toros de Alicante","article_modified_time":"2025-09-15T10:19:21+00:00","og_image":[{"width":2560,"height":1696,"url":"https:\/\/plazatorosalicante.com\/wp-content\/uploads\/2025\/03\/VIT_7836-scaled-1.jpg","type":"image\/jpeg"}],"twitter_card":"summary_large_image","twitter_misc":{"Becs\u00fclt olvas\u00e1si id\u0151":"5 perc"},"schema":{"@context":"https:\/\/schema.org","@graph":[{"@type":"WebPage","@id":"https:\/\/plazatorosalicante.com\/hu\/rolunk\/","url":"https:\/\/plazatorosalicante.com\/hu\/rolunk\/","name":"R\u00f3lunk - Plaza de Toros de Alicante","isPartOf":{"@id":"https:\/\/plazatorosalicante.com\/hu\/#website"},"datePublished":"2024-03-26T08:46:50+00:00","dateModified":"2025-09-15T10:19:21+00:00","breadcrumb":{"@id":"https:\/\/plazatorosalicante.com\/hu\/rolunk\/#breadcrumb"},"inLanguage":"hu","potentialAction":[{"@type":"ReadAction","target":["https:\/\/plazatorosalicante.com\/hu\/rolunk\/"]}]},{"@type":"BreadcrumbList","@id":"https:\/\/plazatorosalicante.com\/hu\/rolunk\/#breadcrumb","itemListElement":[{"@type":"ListItem","position":1,"name":"Portada","item":"https:\/\/plazatorosalicante.com\/hu\/kezdolap\/"},{"@type":"ListItem","position":2,"name":"R\u00f3lunk"}]},{"@type":"WebSite","@id":"https:\/\/plazatorosalicante.com\/hu\/#website","url":"https:\/\/plazatorosalicante.com\/hu\/","name":"Plaza de Toros de Alicante","description":"Plaza de toros Alicante - Visitas Tur\u00edsticas y Culturales en Vivo para Individuales y Grupos","publisher":{"@id":"https:\/\/plazatorosalicante.com\/hu\/#organization"},"alternateName":"La Plaza Alicante Tour","potentialAction":[{"@type":"SearchAction","target":{"@type":"EntryPoint","urlTemplate":"https:\/\/plazatorosalicante.com\/hu\/?s={search_term_string}"},"query-input":{"@type":"PropertyValueSpecification","valueRequired":true,"valueName":"search_term_string"}}],"inLanguage":"hu"},{"@type":"Organization","@id":"https:\/\/plazatorosalicante.com\/hu\/#organization","name":"Plaza de toros Alicante","alternateName":"La Plaza Alicante t\u00fara","url":"https:\/\/plazatorosalicante.com\/hu\/","logo":{"@type":"ImageObject","inLanguage":"hu","@id":"https:\/\/plazatorosalicante.com\/hu\/#\/schema\/logo\/image\/","url":"https:\/\/plazatorosalicante.com\/wp-content\/uploads\/2023\/10\/Logo-plaza-toros-alicante.jpg","contentUrl":"https:\/\/plazatorosalicante.com\/wp-content\/uploads\/2023\/10\/Logo-plaza-toros-alicante.jpg","width":100,"height":100,"caption":"Plaza de toros Alicante"},"image":{"@id":"https:\/\/plazatorosalicante.com\/hu\/#\/schema\/logo\/image\/"}}]}},"_links":{"self":[{"href":"https:\/\/plazatorosalicante.com\/hu\/wp-json\/wp\/v2\/pages\/22621","targetHints":{"allow":["GET"]}}],"collection":[{"href":"https:\/\/plazatorosalicante.com\/hu\/wp-json\/wp\/v2\/pages"}],"about":[{"href":"https:\/\/plazatorosalicante.com\/hu\/wp-json\/wp\/v2\/types\/page"}],"author":[{"embeddable":true,"href":"https:\/\/plazatorosalicante.com\/hu\/wp-json\/wp\/v2\/users\/1"}],"replies":[{"embeddable":true,"href":"https:\/\/plazatorosalicante.com\/hu\/wp-json\/wp\/v2\/comments?post=22621"}],"version-history":[{"count":2,"href":"https:\/\/plazatorosalicante.com\/hu\/wp-json\/wp\/v2\/pages\/22621\/revisions"}],"predecessor-version":[{"id":22625,"href":"https:\/\/plazatorosalicante.com\/hu\/wp-json\/wp\/v2\/pages\/22621\/revisions\/22625"}],"wp:attachment":[{"href":"https:\/\/plazatorosalicante.com\/hu\/wp-json\/wp\/v2\/media?parent=22621"}],"curies":[{"name":"wp","href":"https:\/\/api.w.org\/{rel}","templated":true}]}}