{"id":22756,"date":"2023-10-31T11:26:49","date_gmt":"2023-10-31T11:26:49","guid":{"rendered":"https:\/\/plazatorosalicante.com\/arak\/"},"modified":"2025-09-15T10:23:04","modified_gmt":"2025-09-15T10:23:04","slug":"arak","status":"publish","type":"page","link":"https:\/\/plazatorosalicante.com\/hu\/arak\/","title":{"rendered":"\u00c1rak"},"content":{"rendered":"<section class=\"l-section wpb_row hide_on_tablets hide_on_mobiles height_medium\"><div class=\"l-section-h i-cf\"><div class=\"g-cols vc_row via_grid cols_1 laptops-cols_inherit tablets-cols_inherit mobiles-cols_1 valign_top type_default stacking_default\"><div class=\"wpb_column vc_column_container\"><div class=\"vc_column-inner\"><div class=\"wpb_text_column\"><div class=\"wpb_wrapper\"><h1 style=\"text-align: left;\">M\u00fazeum + bikaviadal-ar\u00e9na t\u00fara \u00e1rak<\/h1>\n<p>Az al\u00e1bbiakban bemutatjuk a bikaviadal-m\u00fazeum \u00e9s az alicantei bikaviadal-ar\u00e9na l\u00e1togat\u00e1s\u00e1ban foglalt k\u00fcl\u00f6nb\u00f6z\u0151 \u00e1rakat \u00e9s tev\u00e9kenys\u00e9geket.<\/p>\n<\/div><\/div><div class=\"w-separator size_medium\"><\/div><div class=\"w-pricing style_simple items_3\"><div class=\"w-pricing-item type_featured\"><div class=\"w-pricing-item-h\"><div class=\"w-pricing-item-header\"><div class=\"w-pricing-item-title\">Egy\u00e9ni bejegyz\u00e9s<\/div><div class=\"w-pricing-item-price\">12\u20ac<small>szem\u00e9lyenk\u00e9nt<\/small><\/div><\/div><ul class=\"w-pricing-item-features\"><li class=\"w-pricing-item-feature\">L\u00e1togat\u00e1s a bikaviadal-m\u00fazeumban<\/li><li class=\"w-pricing-item-feature\">L\u00e1togat\u00e1s a bikaviadal-ar\u00e9n\u00e1ban<\/li><li class=\"w-pricing-item-feature\">Audio guide 6 nyelven<\/li><li class=\"w-pricing-item-feature\">\u00c9l\u0151 virtu\u00e1lis \u00e9lm\u00e9nyek<\/li><\/ul><div class=\"w-pricing-item-footer\"><a class=\"w-btn us-btn-style_1\" style=\"font-size:15px\" href=\"https:\/\/plazatorosalicante.com\/tour\/entrada-individual\/\"><span class=\"w-btn-label\">L\u00e1sd m\u00e9g<\/span><\/a><\/div><\/div><\/div><div class=\"w-pricing-item type_default\"><div class=\"w-pricing-item-h\"><div class=\"w-pricing-item-header\"><div class=\"w-pricing-item-title\">VIP jegy<\/div><div class=\"w-pricing-item-price\">13 \u20ac-t\u00f3l<small>Szem\u00e9lyenk\u00e9nt<\/small><\/div><\/div><ul class=\"w-pricing-item-features\"><li class=\"w-pricing-item-feature\">1 idegenvezet\u0151, aki elmagyar\u00e1zza az eg\u00e9sz t\u00far\u00e1t<\/li><li class=\"w-pricing-item-feature\">L\u00e1togat\u00e1s a bikaviadal-ar\u00e9n\u00e1ban<\/li><li class=\"w-pricing-item-feature\">L\u00e1togat\u00e1s a bikaviadal-m\u00fazeumban<\/li><li class=\"w-pricing-item-feature\">\u00c9l\u0151 virtu\u00e1lis \u00e9lm\u00e9nyek<\/li><\/ul><div class=\"w-pricing-item-footer\"><a class=\"w-btn us-btn-style_1\" style=\"font-size:15px\" href=\"https:\/\/plazatorosalicante.com\/tour\/entrada-vip\/\"><span class=\"w-btn-label\">L\u00e1sd m\u00e9g<\/span><\/a><\/div><\/div><\/div><div class=\"w-pricing-item type_default\"><div class=\"w-pricing-item-h\"><div class=\"w-pricing-item-header\"><div class=\"w-pricing-item-title\">Csoportos bel\u00e9p\u00e9s<\/div><div class=\"w-pricing-item-price\">8 eur\u00f3t\u00f3l<small>Szem\u00e9lyenk\u00e9nt<\/small><\/div><\/div><ul class=\"w-pricing-item-features\"><li class=\"w-pricing-item-feature\">Kultur\u00e1lis l\u00e1togat\u00e1s idegenvezet\u0151vel a t\u00fara sor\u00e1n<\/li><li class=\"w-pricing-item-feature\">L\u00e1togat\u00e1s a bikaviadal-ar\u00e9n\u00e1ban<\/li><li class=\"w-pricing-item-feature\">L\u00e1togat\u00e1s a Bikaviadal M\u00fazeumban<\/li><\/ul><div class=\"w-pricing-item-footer\"><a class=\"w-btn us-btn-style_1\" style=\"font-size:15px\" href=\"https:\/\/plazatorosalicante.com\/tour\/entrada-grupos\/\"><span class=\"w-btn-label\">L\u00e1sd m\u00e9g<\/span><\/a><\/div><\/div><\/div><\/div><\/div><\/div><\/div><\/div><\/section>\n","protected":false},"excerpt":{"rendered":"M\u00fazeum + bikaviadal-ar\u00e9na t\u00fara \u00e1rak Az al\u00e1bbiakban bemutatjuk a bikaviadal-m\u00fazeum \u00e9s az alicantei bikaviadal-ar\u00e9na l\u00e1togat\u00e1s\u00e1ban foglalt k\u00fcl\u00f6nb\u00f6z\u0151 \u00e1rakat \u00e9s tev\u00e9kenys\u00e9geket. Egy\u00e9ni bejegyz\u00e9s12\u20acszem\u00e9lyenk\u00e9ntL\u00e1togat\u00e1s a bikaviadal-m\u00fazeumbanL\u00e1togat\u00e1s a bikaviadal-ar\u00e9n\u00e1banAudio guide 6 nyelven\u00c9l\u0151 virtu\u00e1lis \u00e9lm\u00e9nyekL\u00e1sd m\u00e9gVIP jegy13 \u20ac-t\u00f3lSzem\u00e9lyenk\u00e9nt1 idegenvezet\u0151, aki elmagyar\u00e1zza az eg\u00e9sz t\u00far\u00e1tL\u00e1togat\u00e1s a bikaviadal-ar\u00e9n\u00e1banL\u00e1togat\u00e1s a bikaviadal-m\u00fazeumban\u00c9l\u0151 virtu\u00e1lis \u00e9lm\u00e9nyekL\u00e1sd m\u00e9gCsoportos bel\u00e9p\u00e9s8 eur\u00f3t\u00f3lSzem\u00e9lyenk\u00e9ntKultur\u00e1lis l\u00e1togat\u00e1s idegenvezet\u0151vel a t\u00fara sor\u00e1nL\u00e1togat\u00e1s a...","protected":false},"author":1,"featured_media":0,"parent":0,"menu_order":0,"comment_status":"closed","ping_status":"closed","template":"","meta":{"_acf_changed":false,"footnotes":""},"class_list":["post-22756","page","type-page","status-publish","hentry"],"acf":[],"yoast_head":"<!-- This site is optimized with the Yoast SEO plugin v27.6 - https:\/\/yoast.com\/product\/yoast-seo-wordpress\/ -->\n<title>\u00c1rak Bullring Tour Alicante | Hivatalos t\u00fara<\/title>\n<meta name=\"description\" content=\"Bikaviadalok Bikaviadalar\u00e9na t\u00farajegy \u00e1rai Alicanteban. L\u00e1togasson el a bikaviadal-ar\u00e9n\u00e1ba \u00e9s fedezze fel a bikaviadalok vil\u00e1g\u00e1t.\" \/>\n<meta name=\"robots\" content=\"index, follow, max-snippet:-1, max-image-preview:large, max-video-preview:-1\" \/>\n<link rel=\"canonical\" href=\"https:\/\/plazatorosalicante.com\/hu\/arak\/\" \/>\n<meta property=\"og:locale\" content=\"hu_HU\" \/>\n<meta property=\"og:type\" content=\"article\" \/>\n<meta property=\"og:title\" content=\"\u00c1rak Bullring Tour Alicante | Hivatalos t\u00fara\" \/>\n<meta property=\"og:description\" content=\"Bikaviadalok Bikaviadalar\u00e9na t\u00farajegy \u00e1rai Alicanteban. L\u00e1togasson el a bikaviadal-ar\u00e9n\u00e1ba \u00e9s fedezze fel a bikaviadalok vil\u00e1g\u00e1t.\" \/>\n<meta property=\"og:url\" content=\"https:\/\/plazatorosalicante.com\/hu\/arak\/\" \/>\n<meta property=\"og:site_name\" content=\"Plaza de Toros de Alicante\" \/>\n<meta property=\"article:publisher\" content=\"https:\/\/www.facebook.com\/laplazaalicantetour\/\" \/>\n<meta property=\"article:modified_time\" content=\"2025-09-15T10:23:04+00:00\" \/>\n<meta property=\"og:image\" content=\"https:\/\/plazatorosalicante.com\/wp-content\/uploads\/2025\/03\/VIT_7836-scaled-1.jpg\" \/>\n\t<meta property=\"og:image:width\" content=\"2560\" \/>\n\t<meta property=\"og:image:height\" content=\"1696\" \/>\n\t<meta property=\"og:image:type\" content=\"image\/jpeg\" \/>\n<meta name=\"twitter:card\" content=\"summary_large_image\" \/>\n<meta name=\"twitter:label1\" content=\"Becs\u00fclt olvas\u00e1si id\u0151\" \/>\n\t<meta name=\"twitter:data1\" content=\"2 perc\" \/>\n<script type=\"application\/ld+json\" class=\"yoast-schema-graph\">{\"@context\":\"https:\\\/\\\/schema.org\",\"@graph\":[{\"@type\":\"WebPage\",\"@id\":\"https:\\\/\\\/plazatorosalicante.com\\\/hu\\\/arak\\\/\",\"url\":\"https:\\\/\\\/plazatorosalicante.com\\\/hu\\\/arak\\\/\",\"name\":\"\u00c1rak Bullring Tour Alicante | Hivatalos t\u00fara\",\"isPartOf\":{\"@id\":\"https:\\\/\\\/plazatorosalicante.com\\\/hu\\\/#website\"},\"datePublished\":\"2023-10-31T11:26:49+00:00\",\"dateModified\":\"2025-09-15T10:23:04+00:00\",\"description\":\"Bikaviadalok Bikaviadalar\u00e9na t\u00farajegy \u00e1rai Alicanteban. L\u00e1togasson el a bikaviadal-ar\u00e9n\u00e1ba \u00e9s fedezze fel a bikaviadalok vil\u00e1g\u00e1t.\",\"breadcrumb\":{\"@id\":\"https:\\\/\\\/plazatorosalicante.com\\\/hu\\\/arak\\\/#breadcrumb\"},\"inLanguage\":\"hu\",\"potentialAction\":[{\"@type\":\"ReadAction\",\"target\":[\"https:\\\/\\\/plazatorosalicante.com\\\/hu\\\/arak\\\/\"]}]},{\"@type\":\"BreadcrumbList\",\"@id\":\"https:\\\/\\\/plazatorosalicante.com\\\/hu\\\/arak\\\/#breadcrumb\",\"itemListElement\":[{\"@type\":\"ListItem\",\"position\":1,\"name\":\"Portada\",\"item\":\"https:\\\/\\\/plazatorosalicante.com\\\/hu\\\/\"},{\"@type\":\"ListItem\",\"position\":2,\"name\":\"\u00c1rak\"}]},{\"@type\":\"WebSite\",\"@id\":\"https:\\\/\\\/plazatorosalicante.com\\\/hu\\\/#website\",\"url\":\"https:\\\/\\\/plazatorosalicante.com\\\/hu\\\/\",\"name\":\"Plaza de Toros de Alicante\",\"description\":\"Plaza de toros Alicante - Visitas Tur\u00edsticas y Culturales en Vivo para Individuales y Grupos\",\"publisher\":{\"@id\":\"https:\\\/\\\/plazatorosalicante.com\\\/hu\\\/#organization\"},\"alternateName\":\"La Plaza Alicante Tour\",\"potentialAction\":[{\"@type\":\"SearchAction\",\"target\":{\"@type\":\"EntryPoint\",\"urlTemplate\":\"https:\\\/\\\/plazatorosalicante.com\\\/hu\\\/?s={search_term_string}\"},\"query-input\":{\"@type\":\"PropertyValueSpecification\",\"valueRequired\":true,\"valueName\":\"search_term_string\"}}],\"inLanguage\":\"hu\"},{\"@type\":\"Organization\",\"@id\":\"https:\\\/\\\/plazatorosalicante.com\\\/hu\\\/#organization\",\"name\":\"Plaza de toros Alicante\",\"alternateName\":\"La Plaza Alicante t\u00fara\",\"url\":\"https:\\\/\\\/plazatorosalicante.com\\\/hu\\\/\",\"logo\":{\"@type\":\"ImageObject\",\"inLanguage\":\"hu\",\"@id\":\"https:\\\/\\\/plazatorosalicante.com\\\/hu\\\/#\\\/schema\\\/logo\\\/image\\\/\",\"url\":\"https:\\\/\\\/plazatorosalicante.com\\\/wp-content\\\/uploads\\\/2023\\\/10\\\/Logo-plaza-toros-alicante.jpg\",\"contentUrl\":\"https:\\\/\\\/plazatorosalicante.com\\\/wp-content\\\/uploads\\\/2023\\\/10\\\/Logo-plaza-toros-alicante.jpg\",\"width\":100,\"height\":100,\"caption\":\"Plaza de toros Alicante\"},\"image\":{\"@id\":\"https:\\\/\\\/plazatorosalicante.com\\\/hu\\\/#\\\/schema\\\/logo\\\/image\\\/\"},\"sameAs\":[\"https:\\\/\\\/www.facebook.com\\\/laplazaalicantetour\\\/\",\"https:\\\/\\\/www.instagram.com\\\/laplazaalicantetour\\\/\"]}]}<\/script>\n<!-- \/ Yoast SEO plugin. -->","yoast_head_json":{"title":"\u00c1rak Bullring Tour Alicante | Hivatalos t\u00fara","description":"Bikaviadalok Bikaviadalar\u00e9na t\u00farajegy \u00e1rai Alicanteban. L\u00e1togasson el a bikaviadal-ar\u00e9n\u00e1ba \u00e9s fedezze fel a bikaviadalok vil\u00e1g\u00e1t.","robots":{"index":"index","follow":"follow","max-snippet":"max-snippet:-1","max-image-preview":"max-image-preview:large","max-video-preview":"max-video-preview:-1"},"canonical":"https:\/\/plazatorosalicante.com\/hu\/arak\/","og_locale":"hu_HU","og_type":"article","og_title":"\u00c1rak Bullring Tour Alicante | Hivatalos t\u00fara","og_description":"Bikaviadalok Bikaviadalar\u00e9na t\u00farajegy \u00e1rai Alicanteban. L\u00e1togasson el a bikaviadal-ar\u00e9n\u00e1ba \u00e9s fedezze fel a bikaviadalok vil\u00e1g\u00e1t.","og_url":"https:\/\/plazatorosalicante.com\/hu\/arak\/","og_site_name":"Plaza de Toros de Alicante","article_publisher":"https:\/\/www.facebook.com\/laplazaalicantetour\/","article_modified_time":"2025-09-15T10:23:04+00:00","og_image":[{"width":2560,"height":1696,"url":"https:\/\/plazatorosalicante.com\/wp-content\/uploads\/2025\/03\/VIT_7836-scaled-1.jpg","type":"image\/jpeg"}],"twitter_card":"summary_large_image","twitter_misc":{"Becs\u00fclt olvas\u00e1si id\u0151":"2 perc"},"schema":{"@context":"https:\/\/schema.org","@graph":[{"@type":"WebPage","@id":"https:\/\/plazatorosalicante.com\/hu\/arak\/","url":"https:\/\/plazatorosalicante.com\/hu\/arak\/","name":"\u00c1rak Bullring Tour Alicante | Hivatalos t\u00fara","isPartOf":{"@id":"https:\/\/plazatorosalicante.com\/hu\/#website"},"datePublished":"2023-10-31T11:26:49+00:00","dateModified":"2025-09-15T10:23:04+00:00","description":"Bikaviadalok Bikaviadalar\u00e9na t\u00farajegy \u00e1rai Alicanteban. L\u00e1togasson el a bikaviadal-ar\u00e9n\u00e1ba \u00e9s fedezze fel a bikaviadalok vil\u00e1g\u00e1t.","breadcrumb":{"@id":"https:\/\/plazatorosalicante.com\/hu\/arak\/#breadcrumb"},"inLanguage":"hu","potentialAction":[{"@type":"ReadAction","target":["https:\/\/plazatorosalicante.com\/hu\/arak\/"]}]},{"@type":"BreadcrumbList","@id":"https:\/\/plazatorosalicante.com\/hu\/arak\/#breadcrumb","itemListElement":[{"@type":"ListItem","position":1,"name":"Portada","item":"https:\/\/plazatorosalicante.com\/hu\/"},{"@type":"ListItem","position":2,"name":"\u00c1rak"}]},{"@type":"WebSite","@id":"https:\/\/plazatorosalicante.com\/hu\/#website","url":"https:\/\/plazatorosalicante.com\/hu\/","name":"Plaza de Toros de Alicante","description":"Plaza de toros Alicante - Visitas Tur\u00edsticas y Culturales en Vivo para Individuales y Grupos","publisher":{"@id":"https:\/\/plazatorosalicante.com\/hu\/#organization"},"alternateName":"La Plaza Alicante Tour","potentialAction":[{"@type":"SearchAction","target":{"@type":"EntryPoint","urlTemplate":"https:\/\/plazatorosalicante.com\/hu\/?s={search_term_string}"},"query-input":{"@type":"PropertyValueSpecification","valueRequired":true,"valueName":"search_term_string"}}],"inLanguage":"hu"},{"@type":"Organization","@id":"https:\/\/plazatorosalicante.com\/hu\/#organization","name":"Plaza de toros Alicante","alternateName":"La Plaza Alicante t\u00fara","url":"https:\/\/plazatorosalicante.com\/hu\/","logo":{"@type":"ImageObject","inLanguage":"hu","@id":"https:\/\/plazatorosalicante.com\/hu\/#\/schema\/logo\/image\/","url":"https:\/\/plazatorosalicante.com\/wp-content\/uploads\/2023\/10\/Logo-plaza-toros-alicante.jpg","contentUrl":"https:\/\/plazatorosalicante.com\/wp-content\/uploads\/2023\/10\/Logo-plaza-toros-alicante.jpg","width":100,"height":100,"caption":"Plaza de toros Alicante"},"image":{"@id":"https:\/\/plazatorosalicante.com\/hu\/#\/schema\/logo\/image\/"},"sameAs":["https:\/\/www.facebook.com\/laplazaalicantetour\/","https:\/\/www.instagram.com\/laplazaalicantetour\/"]}]}},"_links":{"self":[{"href":"https:\/\/plazatorosalicante.com\/hu\/wp-json\/wp\/v2\/pages\/22756","targetHints":{"allow":["GET"]}}],"collection":[{"href":"https:\/\/plazatorosalicante.com\/hu\/wp-json\/wp\/v2\/pages"}],"about":[{"href":"https:\/\/plazatorosalicante.com\/hu\/wp-json\/wp\/v2\/types\/page"}],"author":[{"embeddable":true,"href":"https:\/\/plazatorosalicante.com\/hu\/wp-json\/wp\/v2\/users\/1"}],"replies":[{"embeddable":true,"href":"https:\/\/plazatorosalicante.com\/hu\/wp-json\/wp\/v2\/comments?post=22756"}],"version-history":[{"count":2,"href":"https:\/\/plazatorosalicante.com\/hu\/wp-json\/wp\/v2\/pages\/22756\/revisions"}],"predecessor-version":[{"id":22758,"href":"https:\/\/plazatorosalicante.com\/hu\/wp-json\/wp\/v2\/pages\/22756\/revisions\/22758"}],"wp:attachment":[{"href":"https:\/\/plazatorosalicante.com\/hu\/wp-json\/wp\/v2\/media?parent=22756"}],"curies":[{"name":"wp","href":"https:\/\/api.w.org\/{rel}","templated":true}]}}