{"id":22761,"date":"2023-10-31T11:17:38","date_gmt":"2023-10-31T11:17:38","guid":{"rendered":"https:\/\/plazatorosalicante.com\/tura-menetrend\/"},"modified":"2026-03-23T12:16:29","modified_gmt":"2026-03-23T12:16:29","slug":"tura-menetrend","status":"publish","type":"page","link":"https:\/\/plazatorosalicante.com\/hu\/tura-menetrend\/","title":{"rendered":"T\u00fara menetrend"},"content":{"rendered":"<section class=\"l-section wpb_row us_custom_eef79b84 height_medium with_shape\"><div class=\"l-section-shape type_custom pos_bottom hor_flip\" style=\"height:40%;\"><svg xmlns=\"http:\/\/www.w3.org\/2000\/svg\" viewBox=\"0 0 64 8\" preserveAspectRatio=\"none\" width=\"100%\" height=\"100%\">\r\n\t<path fill=\"currentColor\" d=\"M64 8 L0 8 L0 0 L64 0 Z\"\/>\r\n<\/svg><\/div><div class=\"l-section-h i-cf\"><div class=\"g-cols vc_row via_grid cols_1 laptops-cols_inherit tablets-cols_inherit mobiles-cols_1 valign_top type_default stacking_default\"><div class=\"wpb_column vc_column_container\"><div class=\"vc_column-inner\"><h1 class=\"w-text us_custom_eb849559\"><span class=\"w-text-h\"><span class=\"w-text-value\">L\u00e1togat\u00e1si id\u0151<\/span><\/span><\/h1><div class=\"w-separator size_medium\"><\/div><div class=\"g-cols wpb_row us_custom_d3ffd6e9 via_grid cols_2-1 laptops-cols_3-2 tablets-cols_1 mobiles-cols_1 valign_middle type_default stacking_default\" style=\"--columns-gap:0rem;\"><div class=\"wpb_column vc_column_container us_custom_c25dae36\"><div class=\"vc_column-inner\"><h3 class=\"w-text\"><span class=\"w-text-h\"><span class=\"w-text-value\">L\u00e1togat\u00e1si napok<\/span><\/span><\/h3><div class=\"wpb_text_column\"><div class=\"wpb_wrapper\"><p><strong>Nyitva h\u00e9tf\u0151t\u0151l szombatig 10:00-16:00h (utols\u00f3 bel\u00e9p\u00e9s 15:00h)<br \/>\nVas\u00e1rnap (k\u00e9r\u00e9sre)<\/strong> <a class=\"w-text-h\" href=\"mailto:info@plazatorosalicante.com\" target=\"_blank\" rel=\"noopener\"><span class=\"w-text-value\">info@plazatorosalicante.com<\/span><\/a> \/<span class=\"w-text-value\"> <\/span><a class=\"w-text-h\" href=\"tel:+34%20652%20530%20788\"><span class=\"w-text-value\">+34 652 530 788<\/span><\/a><\/p>\n<\/div><\/div><div class=\"w-separator us_custom_da7ceeb3 size_small has_font_size with_line width_default thick_1 style_solid color_border align_none with_text with_content\"><div class=\"w-separator-h\"><h6 class=\"w-separator-text\"><span>Z\u00e1r\u00f3napok<\/span><\/h6><\/div><\/div><div class=\"w-vwrapper align_none valign_top\"><div class=\"w-text us_custom_4b9a8084\"><span class=\"w-text-h\"><span class=\"w-text-value\">m\u00e1jus 24.<\/span><\/span><\/div><div class=\"w-text us_custom_4b9a8084\"><span class=\"w-text-h\"><span class=\"w-text-value\">J\u00fanius 20. \u00e9s 29. k\u00f6z\u00f6tt a l\u00e1togat\u00e1sok z\u00e1rva maradnak.<\/span><\/span><\/div><div class=\"w-text us_custom_4b9a8084\"><span class=\"w-text-h\"><span class=\"w-text-value\">december 25.<\/span><\/span><\/div><div class=\"w-text\"><span class=\"w-text-h\"><span class=\"w-text-value\">janu\u00e1r 1.<\/span><\/span><\/div><\/div><\/div><\/div><div class=\"wpb_column vc_column_container us_custom_16085f45 has_bg_color\"><div class=\"vc_column-inner\"><div class=\"w-text us_custom_eb849559\"><span class=\"w-text-h\"><span class=\"w-text-value\">L\u00e1togasson el a t\u00e9rre<\/span><\/span><\/div><div class=\"w-text us_custom_494b480a has_text_color\"><span class=\"w-text-h\"><span class=\"w-text-value\">12 \u20ac-t\u00f3l<\/span><\/span><\/div><div class=\"w-btn-wrapper align_justify\"><a class=\"w-btn us-btn-style_1\" target=\"_blank\" href=\"https:\/\/tickets.plazatorosalicante.com\/\"><span class=\"w-btn-label\">Jegyet v\u00e1s\u00e1rolni<\/span><\/a><\/div><div class=\"w-separator size_custom\" style=\"height:1rem\"><\/div><\/div><\/div><\/div><\/div><\/div><\/div><\/div><\/section><section class=\"l-section wpb_row height_medium\"><div class=\"l-section-h i-cf\"><div class=\"g-cols vc_row via_grid cols_1 laptops-cols_inherit tablets-cols_inherit mobiles-cols_1 valign_top type_default stacking_default\"><div class=\"wpb_column vc_column_container\"><div class=\"vc_column-inner\"><div class=\"wpb_text_column\"><div class=\"wpb_wrapper\"><h3>Megjegyz\u00e9sek:<\/h3>\n<ul>\n<li>Szervez\u00e9si okokb\u00f3l a t\u00fara \u00fatvonala \u00e9s menetrendje v\u00e1ltozhat, a l\u00e1togat\u00f3t a bel\u00e9p\u00e9s el\u0151tt t\u00e1j\u00e9koztatva. Tel. info: +34 679 58 35 36  <\/li>\n<li>Az alicantei t\u00fara a fogyat\u00e9kkal \u00e9l\u0151k \u00e9s a kerekessz\u00e9kesek sz\u00e1m\u00e1ra is el\u00e9rhet\u0151.<\/li>\n<li>A jegyp\u00e9nzt\u00e1r z\u00e1r\u00e1s el\u0151tt 1\/2 \u00f3r\u00e1val tart nyitva.<\/li>\n<\/ul>\n<\/div><\/div><\/div><\/div><\/div><\/div><\/section><section class=\"l-section wpb_row height_medium\"><div class=\"l-section-h i-cf\"><div class=\"g-cols vc_row via_grid cols_1 laptops-cols_inherit tablets-cols_inherit mobiles-cols_1 valign_top type_default stacking_default\"><div class=\"wpb_column vc_column_container\"><div class=\"vc_column-inner\"><div class=\"wpb_text_column\"><div class=\"wpb_wrapper\"><h2>T\u00far\u00e1k, amelyeken r\u00e9szt vehet<\/h2>\n<\/div><\/div><div class=\"w-separator size_medium\"><\/div><div class=\"g-cols wpb_row via_grid cols_3 laptops-cols_inherit tablets-cols_inherit mobiles-cols_1 valign_top type_default stacking_default\" style=\"--columns-gap:3rem;\"><div class=\"wpb_column vc_column_container\"><div class=\"vc_column-inner\"><div class=\"w-ibanner us_custom_a10ddd82 has_text_color animation_phorcys ratio_3x2 easing_ease\"><a title=\"egy\u00e9ni l\u00e1togat\u00e1s az alicantei bikaviadal-ar\u00e9n\u00e1ban\" href=\"https:\/\/plazatorosalicante.com\/hu\/tour-plaza\/egyeni-latogatas\/\" aria-label=\"Egy\u00e9ni l\u00e1togat\u00e1s\"><\/a><div class=\"w-ibanner-h\"><div class=\"w-ibanner-image\" style=\"background-image: url(https:\/\/plazatorosalicante.com\/wp-content\/uploads\/2023\/12\/audioguia.webp)\"><\/div><div class=\"w-ibanner-content\"><div class=\"w-ibanner-content-h\"><h3 class=\"w-ibanner-title\">Egy\u00e9ni l\u00e1togat\u00e1s<\/h3><div class=\"w-ibanner-desc\"><\/div><\/div><\/div><\/div><\/div><\/div><\/div><div class=\"wpb_column vc_column_container\"><div class=\"vc_column-inner\"><div class=\"w-ibanner us_custom_a10ddd82 has_text_color animation_phorcys ratio_3x2 easing_ease\"><a title=\"mag\u00e1nl\u00e1togat\u00e1s az alicantei bikaviadal-ar\u00e9n\u00e1ban\" href=\"https:\/\/plazatorosalicante.com\/hu\/tour-plaza\/vip-jegy\/\" aria-label=\"Mag\u00e1nl\u00e1togat\u00e1s\"><\/a><div class=\"w-ibanner-h\"><div class=\"w-ibanner-image\" style=\"background-image: url(https:\/\/plazatorosalicante.com\/wp-content\/uploads\/2024\/03\/Guia-privado.webp)\"><\/div><div class=\"w-ibanner-content\"><div class=\"w-ibanner-content-h\"><h3 class=\"w-ibanner-title\">Mag\u00e1nl\u00e1togat\u00e1s<\/h3><div class=\"w-ibanner-desc\"><\/div><\/div><\/div><\/div><\/div><\/div><\/div><div class=\"wpb_column vc_column_container\"><div class=\"vc_column-inner\"><div class=\"w-ibanner us_custom_a10ddd82 has_text_color animation_phorcys ratio_3x2 easing_ease\"><a title=\"alicantei bikaviadal-ar\u00e9na csoportos l\u00e1togat\u00e1sok\" href=\"https:\/\/plazatorosalicante.com\/hu\/tour-plaza\/csoportos-latogatasok\/\" aria-label=\"Csoportos l\u00e1togat\u00e1sok\"><\/a><div class=\"w-ibanner-h\"><div class=\"w-ibanner-image\" style=\"background-image: url(https:\/\/plazatorosalicante.com\/wp-content\/uploads\/2024\/03\/visita-grupal.jpg)\"><\/div><div class=\"w-ibanner-content\"><div class=\"w-ibanner-content-h\"><h3 class=\"w-ibanner-title\">Csoportos l\u00e1togat\u00e1sok<\/h3><div class=\"w-ibanner-desc\"><\/div><\/div><\/div><\/div><\/div><\/div><\/div><\/div><\/div><\/div><\/div><\/div><\/section>\n","protected":false},"excerpt":{"rendered":"L\u00e1togat\u00e1si id\u0151L\u00e1togat\u00e1si napokNyitva h\u00e9tf\u0151t\u0151l szombatig 10:00-16:00h (utols\u00f3 bel\u00e9p\u00e9s 15:00h) Vas\u00e1rnap (k\u00e9r\u00e9sre) info@plazatorosalicante.com \/ +34 652 530 788 Z\u00e1r\u00f3napokm\u00e1jus 24.J\u00fanius 20. \u00e9s 29. k\u00f6z\u00f6tt a l\u00e1togat\u00e1sok z\u00e1rva maradnak.december 25.janu\u00e1r 1.L\u00e1togasson el a t\u00e9rre12 \u20ac-t\u00f3lJegyet v\u00e1s\u00e1rolniMegjegyz\u00e9sek: Szervez\u00e9si okokb\u00f3l a t\u00fara \u00fatvonala \u00e9s menetrendje v\u00e1ltozhat, a l\u00e1togat\u00f3t a bel\u00e9p\u00e9s el\u0151tt t\u00e1j\u00e9koztatva. Tel. info: +34 679 58 35 36...","protected":false},"author":1,"featured_media":0,"parent":0,"menu_order":0,"comment_status":"closed","ping_status":"closed","template":"","meta":{"_acf_changed":false,"footnotes":""},"class_list":["post-22761","page","type-page","status-publish","hentry"],"acf":[],"yoast_head":"<!-- This site is optimized with the Yoast SEO plugin v27.4 - https:\/\/yoast.com\/product\/yoast-seo-wordpress\/ -->\n<title>A Plaza de Toros l\u00e1togat\u00e1s\u00e1nak menetrendje Alicante : Plaza+M\u00fazeum l\u00e1togat\u00e1sa<\/title>\n<meta name=\"description\" content=\"Az alicantei bikaviadal-ar\u00e9na l\u00e1togat\u00e1s\u00e1nak menetrendje. V\u00e1s\u00e1roljon jegyet online, \u00e9s l\u00e1togasson el Alicante bikaviadal eml\u00e9km\u0171v\u00e9hez \u00e9s m\u00fazeum\u00e1hoz.\" \/>\n<meta name=\"robots\" content=\"index, follow, max-snippet:-1, max-image-preview:large, max-video-preview:-1\" \/>\n<link rel=\"canonical\" href=\"https:\/\/plazatorosalicante.com\/hu\/tura-menetrend\/\" \/>\n<meta property=\"og:locale\" content=\"hu_HU\" \/>\n<meta property=\"og:type\" content=\"article\" \/>\n<meta property=\"og:title\" content=\"A Plaza de Toros l\u00e1togat\u00e1s\u00e1nak menetrendje Alicante : Plaza+M\u00fazeum l\u00e1togat\u00e1sa\" \/>\n<meta property=\"og:description\" content=\"Az alicantei bikaviadal-ar\u00e9na l\u00e1togat\u00e1s\u00e1nak menetrendje. V\u00e1s\u00e1roljon jegyet online, \u00e9s l\u00e1togasson el Alicante bikaviadal eml\u00e9km\u0171v\u00e9hez \u00e9s m\u00fazeum\u00e1hoz.\" \/>\n<meta property=\"og:url\" content=\"https:\/\/plazatorosalicante.com\/hu\/tura-menetrend\/\" \/>\n<meta property=\"og:site_name\" content=\"Plaza de Toros de Alicante\" \/>\n<meta property=\"article:modified_time\" content=\"2026-03-23T12:16:29+00:00\" \/>\n<meta property=\"og:image\" content=\"https:\/\/plazatorosalicante.com\/wp-content\/uploads\/2025\/03\/VIT_7836-scaled-1.jpg\" \/>\n\t<meta property=\"og:image:width\" content=\"2560\" \/>\n\t<meta property=\"og:image:height\" content=\"1696\" \/>\n\t<meta property=\"og:image:type\" content=\"image\/jpeg\" \/>\n<meta name=\"twitter:card\" content=\"summary_large_image\" \/>\n<meta name=\"twitter:label1\" content=\"Becs\u00fclt olvas\u00e1si id\u0151\" \/>\n\t<meta name=\"twitter:data1\" content=\"4 perc\" \/>\n<script type=\"application\/ld+json\" class=\"yoast-schema-graph\">{\"@context\":\"https:\\\/\\\/schema.org\",\"@graph\":[{\"@type\":\"WebPage\",\"@id\":\"https:\\\/\\\/plazatorosalicante.com\\\/hu\\\/tura-menetrend\\\/\",\"url\":\"https:\\\/\\\/plazatorosalicante.com\\\/hu\\\/tura-menetrend\\\/\",\"name\":\"A Plaza de Toros l\u00e1togat\u00e1s\u00e1nak menetrendje Alicante : Plaza+M\u00fazeum l\u00e1togat\u00e1sa\",\"isPartOf\":{\"@id\":\"https:\\\/\\\/plazatorosalicante.com\\\/hu\\\/#website\"},\"datePublished\":\"2023-10-31T11:17:38+00:00\",\"dateModified\":\"2026-03-23T12:16:29+00:00\",\"description\":\"Az alicantei bikaviadal-ar\u00e9na l\u00e1togat\u00e1s\u00e1nak menetrendje. V\u00e1s\u00e1roljon jegyet online, \u00e9s l\u00e1togasson el Alicante bikaviadal eml\u00e9km\u0171v\u00e9hez \u00e9s m\u00fazeum\u00e1hoz.\",\"breadcrumb\":{\"@id\":\"https:\\\/\\\/plazatorosalicante.com\\\/hu\\\/tura-menetrend\\\/#breadcrumb\"},\"inLanguage\":\"hu\",\"potentialAction\":[{\"@type\":\"ReadAction\",\"target\":[\"https:\\\/\\\/plazatorosalicante.com\\\/hu\\\/tura-menetrend\\\/\"]}]},{\"@type\":\"BreadcrumbList\",\"@id\":\"https:\\\/\\\/plazatorosalicante.com\\\/hu\\\/tura-menetrend\\\/#breadcrumb\",\"itemListElement\":[{\"@type\":\"ListItem\",\"position\":1,\"name\":\"Portada\",\"item\":\"https:\\\/\\\/plazatorosalicante.com\\\/hu\\\/kezdolap\\\/\"},{\"@type\":\"ListItem\",\"position\":2,\"name\":\"T\u00fara menetrend\"}]},{\"@type\":\"WebSite\",\"@id\":\"https:\\\/\\\/plazatorosalicante.com\\\/hu\\\/#website\",\"url\":\"https:\\\/\\\/plazatorosalicante.com\\\/hu\\\/\",\"name\":\"Plaza de Toros de Alicante\",\"description\":\"Plaza de toros Alicante - Visitas Tur\u00edsticas y Culturales en Vivo para Individuales y Grupos\",\"publisher\":{\"@id\":\"https:\\\/\\\/plazatorosalicante.com\\\/hu\\\/#organization\"},\"alternateName\":\"La Plaza Alicante Tour\",\"potentialAction\":[{\"@type\":\"SearchAction\",\"target\":{\"@type\":\"EntryPoint\",\"urlTemplate\":\"https:\\\/\\\/plazatorosalicante.com\\\/hu\\\/?s={search_term_string}\"},\"query-input\":{\"@type\":\"PropertyValueSpecification\",\"valueRequired\":true,\"valueName\":\"search_term_string\"}}],\"inLanguage\":\"hu\"},{\"@type\":\"Organization\",\"@id\":\"https:\\\/\\\/plazatorosalicante.com\\\/hu\\\/#organization\",\"name\":\"Plaza de toros Alicante\",\"alternateName\":\"La Plaza Alicante t\u00fara\",\"url\":\"https:\\\/\\\/plazatorosalicante.com\\\/hu\\\/\",\"logo\":{\"@type\":\"ImageObject\",\"inLanguage\":\"hu\",\"@id\":\"https:\\\/\\\/plazatorosalicante.com\\\/hu\\\/#\\\/schema\\\/logo\\\/image\\\/\",\"url\":\"https:\\\/\\\/plazatorosalicante.com\\\/wp-content\\\/uploads\\\/2023\\\/10\\\/Logo-plaza-toros-alicante.jpg\",\"contentUrl\":\"https:\\\/\\\/plazatorosalicante.com\\\/wp-content\\\/uploads\\\/2023\\\/10\\\/Logo-plaza-toros-alicante.jpg\",\"width\":100,\"height\":100,\"caption\":\"Plaza de toros Alicante\"},\"image\":{\"@id\":\"https:\\\/\\\/plazatorosalicante.com\\\/hu\\\/#\\\/schema\\\/logo\\\/image\\\/\"}}]}<\/script>\n<!-- \/ Yoast SEO plugin. -->","yoast_head_json":{"title":"A Plaza de Toros l\u00e1togat\u00e1s\u00e1nak menetrendje Alicante : Plaza+M\u00fazeum l\u00e1togat\u00e1sa","description":"Az alicantei bikaviadal-ar\u00e9na l\u00e1togat\u00e1s\u00e1nak menetrendje. V\u00e1s\u00e1roljon jegyet online, \u00e9s l\u00e1togasson el Alicante bikaviadal eml\u00e9km\u0171v\u00e9hez \u00e9s m\u00fazeum\u00e1hoz.","robots":{"index":"index","follow":"follow","max-snippet":"max-snippet:-1","max-image-preview":"max-image-preview:large","max-video-preview":"max-video-preview:-1"},"canonical":"https:\/\/plazatorosalicante.com\/hu\/tura-menetrend\/","og_locale":"hu_HU","og_type":"article","og_title":"A Plaza de Toros l\u00e1togat\u00e1s\u00e1nak menetrendje Alicante : Plaza+M\u00fazeum l\u00e1togat\u00e1sa","og_description":"Az alicantei bikaviadal-ar\u00e9na l\u00e1togat\u00e1s\u00e1nak menetrendje. V\u00e1s\u00e1roljon jegyet online, \u00e9s l\u00e1togasson el Alicante bikaviadal eml\u00e9km\u0171v\u00e9hez \u00e9s m\u00fazeum\u00e1hoz.","og_url":"https:\/\/plazatorosalicante.com\/hu\/tura-menetrend\/","og_site_name":"Plaza de Toros de Alicante","article_modified_time":"2026-03-23T12:16:29+00:00","og_image":[{"width":2560,"height":1696,"url":"https:\/\/plazatorosalicante.com\/wp-content\/uploads\/2025\/03\/VIT_7836-scaled-1.jpg","type":"image\/jpeg"}],"twitter_card":"summary_large_image","twitter_misc":{"Becs\u00fclt olvas\u00e1si id\u0151":"4 perc"},"schema":{"@context":"https:\/\/schema.org","@graph":[{"@type":"WebPage","@id":"https:\/\/plazatorosalicante.com\/hu\/tura-menetrend\/","url":"https:\/\/plazatorosalicante.com\/hu\/tura-menetrend\/","name":"A Plaza de Toros l\u00e1togat\u00e1s\u00e1nak menetrendje Alicante : Plaza+M\u00fazeum l\u00e1togat\u00e1sa","isPartOf":{"@id":"https:\/\/plazatorosalicante.com\/hu\/#website"},"datePublished":"2023-10-31T11:17:38+00:00","dateModified":"2026-03-23T12:16:29+00:00","description":"Az alicantei bikaviadal-ar\u00e9na l\u00e1togat\u00e1s\u00e1nak menetrendje. V\u00e1s\u00e1roljon jegyet online, \u00e9s l\u00e1togasson el Alicante bikaviadal eml\u00e9km\u0171v\u00e9hez \u00e9s m\u00fazeum\u00e1hoz.","breadcrumb":{"@id":"https:\/\/plazatorosalicante.com\/hu\/tura-menetrend\/#breadcrumb"},"inLanguage":"hu","potentialAction":[{"@type":"ReadAction","target":["https:\/\/plazatorosalicante.com\/hu\/tura-menetrend\/"]}]},{"@type":"BreadcrumbList","@id":"https:\/\/plazatorosalicante.com\/hu\/tura-menetrend\/#breadcrumb","itemListElement":[{"@type":"ListItem","position":1,"name":"Portada","item":"https:\/\/plazatorosalicante.com\/hu\/kezdolap\/"},{"@type":"ListItem","position":2,"name":"T\u00fara menetrend"}]},{"@type":"WebSite","@id":"https:\/\/plazatorosalicante.com\/hu\/#website","url":"https:\/\/plazatorosalicante.com\/hu\/","name":"Plaza de Toros de Alicante","description":"Plaza de toros Alicante - Visitas Tur\u00edsticas y Culturales en Vivo para Individuales y Grupos","publisher":{"@id":"https:\/\/plazatorosalicante.com\/hu\/#organization"},"alternateName":"La Plaza Alicante Tour","potentialAction":[{"@type":"SearchAction","target":{"@type":"EntryPoint","urlTemplate":"https:\/\/plazatorosalicante.com\/hu\/?s={search_term_string}"},"query-input":{"@type":"PropertyValueSpecification","valueRequired":true,"valueName":"search_term_string"}}],"inLanguage":"hu"},{"@type":"Organization","@id":"https:\/\/plazatorosalicante.com\/hu\/#organization","name":"Plaza de toros Alicante","alternateName":"La Plaza Alicante t\u00fara","url":"https:\/\/plazatorosalicante.com\/hu\/","logo":{"@type":"ImageObject","inLanguage":"hu","@id":"https:\/\/plazatorosalicante.com\/hu\/#\/schema\/logo\/image\/","url":"https:\/\/plazatorosalicante.com\/wp-content\/uploads\/2023\/10\/Logo-plaza-toros-alicante.jpg","contentUrl":"https:\/\/plazatorosalicante.com\/wp-content\/uploads\/2023\/10\/Logo-plaza-toros-alicante.jpg","width":100,"height":100,"caption":"Plaza de toros Alicante"},"image":{"@id":"https:\/\/plazatorosalicante.com\/hu\/#\/schema\/logo\/image\/"}}]}},"_links":{"self":[{"href":"https:\/\/plazatorosalicante.com\/hu\/wp-json\/wp\/v2\/pages\/22761","targetHints":{"allow":["GET"]}}],"collection":[{"href":"https:\/\/plazatorosalicante.com\/hu\/wp-json\/wp\/v2\/pages"}],"about":[{"href":"https:\/\/plazatorosalicante.com\/hu\/wp-json\/wp\/v2\/types\/page"}],"author":[{"embeddable":true,"href":"https:\/\/plazatorosalicante.com\/hu\/wp-json\/wp\/v2\/users\/1"}],"replies":[{"embeddable":true,"href":"https:\/\/plazatorosalicante.com\/hu\/wp-json\/wp\/v2\/comments?post=22761"}],"version-history":[{"count":6,"href":"https:\/\/plazatorosalicante.com\/hu\/wp-json\/wp\/v2\/pages\/22761\/revisions"}],"predecessor-version":[{"id":25440,"href":"https:\/\/plazatorosalicante.com\/hu\/wp-json\/wp\/v2\/pages\/22761\/revisions\/25440"}],"wp:attachment":[{"href":"https:\/\/plazatorosalicante.com\/hu\/wp-json\/wp\/v2\/media?parent=22761"}],"curies":[{"name":"wp","href":"https:\/\/api.w.org\/{rel}","templated":true}]}}