{"id":23251,"date":"2023-11-21T10:34:11","date_gmt":"2023-11-21T10:34:11","guid":{"rendered":"https:\/\/plazatorosalicante.com\/terberles\/"},"modified":"2025-09-15T10:47:05","modified_gmt":"2025-09-15T10:47:05","slug":"terberles","status":"publish","type":"page","link":"https:\/\/plazatorosalicante.com\/hu\/terberles\/","title":{"rendered":"T\u00e9rb\u00e9rl\u00e9s"},"content":{"rendered":"<section class=\"l-section wpb_row height_medium\"><div class=\"l-section-h i-cf\"><div class=\"g-cols vc_row via_grid cols_1 laptops-cols_inherit tablets-cols_inherit mobiles-cols_1 valign_top type_default stacking_default\"><div class=\"wpb_column vc_column_container\"><div class=\"vc_column-inner\"><div class=\"wpb_text_column\"><div class=\"wpb_wrapper\"><h1 style=\"text-align: center;\">Terek b\u00e9rbead\u00e1sa az alicantei bikaviadal-ar\u00e9n\u00e1ban<\/h1>\n<\/div><\/div><\/div><\/div><\/div><\/div><\/section><section class=\"l-section wpb_row height_medium\"><div class=\"l-section-h i-cf\"><div class=\"g-cols vc_row via_grid cols_2 laptops-cols_inherit tablets-cols_inherit mobiles-cols_1 valign_top type_default stacking_default\"><div class=\"wpb_column vc_column_container\"><div class=\"vc_column-inner\"><div class=\"wpb_text_column\"><div class=\"wpb_wrapper\"><p><strong>Az alicantei bikaviadal-ar\u00e9na lehet\u0151v\u00e9 teszi a terek b\u00e9rbead\u00e1s\u00e1t mindenf\u00e9le rendezv\u00e9nyre:<\/strong><\/p>\n<p> Az al\u00e1bbiakban hagyunk egy kapcsolatfelv\u00e9teli \u0171rlapot, hogy meghagyja nek\u00fcnk az adatait, \u00e9s elmondja, hogy milyen t\u00edpus\u00fa esem\u00e9nyt szeretne \u00fcnnepelni.<\/p>\n<\/div><\/div><div class=\"w-separator size_medium\"><\/div><div class=\"w-iconbox iconpos_left style_default color_primary align_left no_text\"><div class=\"w-iconbox-icon\" style=\"font-size:2rem;\"><i class=\"fas fa-envelope\"><\/i><\/div><div class=\"w-iconbox-meta\"><h4 class=\"w-iconbox-title\">info@plazatorosalicante.com<\/h4><\/div><\/div><\/div><\/div><div class=\"wpb_column vc_column_container\"><div class=\"vc_column-inner\">\n<div class=\"wpcf7 no-js\" id=\"wpcf7-f24522-o1\" lang=\"hu-HU\" dir=\"ltr\" data-wpcf7-id=\"24522\">\n<div class=\"screen-reader-response\"><p role=\"status\" aria-live=\"polite\" aria-atomic=\"true\"><\/p> <ul><\/ul><\/div>\n<form action=\"\/hu\/wp-json\/wp\/v2\/pages\/23251#wpcf7-f24522-o1\" method=\"post\" class=\"wpcf7-form init\" aria-label=\"Kapcsolatfelv\u00e9teli \u0171rlap\" novalidate=\"novalidate\" data-status=\"init\">\n<fieldset class=\"hidden-fields-container\"><input type=\"hidden\" name=\"_wpcf7\" value=\"24522\" \/><input type=\"hidden\" name=\"_wpcf7_version\" value=\"6.1.5\" \/><input type=\"hidden\" name=\"_wpcf7_locale\" value=\"hu_HU\" \/><input type=\"hidden\" name=\"_wpcf7_unit_tag\" value=\"wpcf7-f24522-o1\" \/><input type=\"hidden\" name=\"_wpcf7_container_post\" value=\"0\" \/><input type=\"hidden\" name=\"_wpcf7_posted_data_hash\" value=\"\" \/><input type=\"hidden\" name=\"_wpcf7_recaptcha_response\" value=\"\" \/>\n<\/fieldset>\n<p><label> Az \u00d6n neve<br \/>\n<span class=\"wpcf7-form-control-wrap\" data-name=\"your-name\"><input size=\"40\" maxlength=\"400\" class=\"wpcf7-form-control wpcf7-text wpcf7-validates-as-required\" autocomplete=\"name\" aria-required=\"true\" aria-invalid=\"false\" value=\"\" type=\"text\" name=\"your-name\" \/><\/span> <\/label>\n<\/p>\n<p><label> E-mail c\u00edm<br \/>\n<span class=\"wpcf7-form-control-wrap\" data-name=\"your-email\"><input size=\"40\" maxlength=\"400\" class=\"wpcf7-form-control wpcf7-email wpcf7-validates-as-required wpcf7-text wpcf7-validates-as-email\" autocomplete=\"email\" aria-required=\"true\" aria-invalid=\"false\" value=\"\" type=\"email\" name=\"your-email\" \/><\/span> <\/label>\n<\/p>\n<p><label> Telefon<br \/>\n<span class=\"wpcf7-form-control-wrap\" data-name=\"tel-824\"><input size=\"40\" maxlength=\"400\" class=\"wpcf7-form-control wpcf7-tel wpcf7-text wpcf7-validates-as-tel\" aria-invalid=\"false\" value=\"\" type=\"tel\" name=\"tel-824\" \/><\/span><\/label>\n<\/p>\n<p><label> Pontosan mire van sz\u00fcks\u00e9ge<br \/>\n<span class=\"wpcf7-form-control-wrap\" data-name=\"your-message\"><textarea cols=\"40\" rows=\"10\" maxlength=\"2000\" class=\"wpcf7-form-control wpcf7-textarea wpcf7-validates-as-required\" aria-required=\"true\" aria-invalid=\"false\" name=\"your-message\"><\/textarea><\/span> <\/label>\n<\/p>\n<div class=\"cf7-cf-turnstile\" style=\"margin-top: 0px; margin-bottom: -15px;\"> <div id=\"cf-turnstile-cf7-2671978573\" class=\"cf-turnstile\" data-sitekey=\"0x4AAAAAAAcxhqhrEHXdA7np\" data-theme=\"light\" data-language=\"auto\" data-size=\"normal\" data-retry=\"auto\" data-retry-interval=\"1000\" data-refresh-expired=\"auto\" data-refresh-timeout=\"auto\" data-action=\"contact-form-7\" data-callback=\"turnstileCF7Callback\" data-appearance=\"always\"><\/div> <script>document.addEventListener(\"DOMContentLoaded\", function() { setTimeout(function(){ var e=document.getElementById(\"cf-turnstile-cf7-2671978573\"); if(e&&!e.innerHTML.trim()){turnstile.render(e, {sitekey:\"0x4AAAAAAAcxhqhrEHXdA7np\"});} }, 200); });<\/script> <br class=\"cf-turnstile-br cf-turnstile-br-cf7-2671978573\"> <style>#cf-turnstile-cf7-2671978573 { margin-left: -15px; }<\/style> <script>document.addEventListener(\"DOMContentLoaded\",function(){document.querySelectorAll('.wpcf7-form').forEach(function(e){e.addEventListener('submit',function(){if(document.getElementById('cf-turnstile-cf7-2671978573')){setTimeout(function(){turnstile.reset('#cf-turnstile-cf7-2671978573');},1000)}})})});<\/script> <\/div><br\/><input class=\"wpcf7-form-control wpcf7-submit has-spinner\" type=\"submit\" value=\"K\u00fcldje el a\" \/>\n<\/p><div class=\"wpcf7-response-output\" aria-hidden=\"true\"><\/div>\n<\/form>\n<\/div>\n<\/div><\/div><\/div><\/div><\/section>\n","protected":false},"excerpt":{"rendered":"Terek b\u00e9rbead\u00e1sa az alicantei bikaviadal-ar\u00e9n\u00e1ban Az alicantei bikaviadal-ar\u00e9na lehet\u0151v\u00e9 teszi a terek b\u00e9rbead\u00e1s\u00e1t mindenf\u00e9le rendezv\u00e9nyre: Az al\u00e1bbiakban hagyunk egy kapcsolatfelv\u00e9teli \u0171rlapot, hogy meghagyja nek\u00fcnk az adatait, \u00e9s elmondja, hogy milyen t\u00edpus\u00fa esem\u00e9nyt szeretne \u00fcnnepelni. info@plazatorosalicante.com Az \u00d6n neve E-mail c\u00edm Telefon Pontosan mire van sz\u00fcks\u00e9ge","protected":false},"author":1,"featured_media":0,"parent":0,"menu_order":0,"comment_status":"closed","ping_status":"closed","template":"","meta":{"_acf_changed":false,"footnotes":""},"class_list":["post-23251","page","type-page","status-publish","hentry"],"acf":[],"yoast_head":"<!-- This site is optimized with the Yoast SEO plugin v27.4 - https:\/\/yoast.com\/product\/yoast-seo-wordpress\/ -->\n<title>Terek b\u00e9rbead\u00e1sa c\u00e9geknek : Plaza Toros Alicante<\/title>\n<meta name=\"description\" content=\"Az Alicante Bullring b\u00e9rl\u00e9se c\u00e9gek sz\u00e1m\u00e1ra | Szem\u00e9lyre szabott \u00e1raj\u00e1nlat\u00e9rt forduljon hozz\u00e1nk bizalommal!\" \/>\n<meta name=\"robots\" content=\"index, follow, max-snippet:-1, max-image-preview:large, max-video-preview:-1\" \/>\n<link rel=\"canonical\" href=\"https:\/\/plazatorosalicante.com\/hu\/terberles\/\" \/>\n<meta property=\"og:locale\" content=\"hu_HU\" \/>\n<meta property=\"og:type\" content=\"article\" \/>\n<meta property=\"og:title\" content=\"Terek b\u00e9rbead\u00e1sa c\u00e9geknek : Plaza Toros Alicante\" \/>\n<meta property=\"og:description\" content=\"Az Alicante Bullring b\u00e9rl\u00e9se c\u00e9gek sz\u00e1m\u00e1ra | Szem\u00e9lyre szabott \u00e1raj\u00e1nlat\u00e9rt forduljon hozz\u00e1nk bizalommal!\" \/>\n<meta property=\"og:url\" content=\"https:\/\/plazatorosalicante.com\/hu\/terberles\/\" \/>\n<meta property=\"og:site_name\" content=\"Plaza de Toros de Alicante\" \/>\n<meta property=\"article:modified_time\" content=\"2025-09-15T10:47:05+00:00\" \/>\n<meta property=\"og:image\" content=\"https:\/\/plazatorosalicante.com\/wp-content\/uploads\/2025\/03\/VIT_7836-scaled-1.jpg\" \/>\n\t<meta property=\"og:image:width\" content=\"2560\" \/>\n\t<meta property=\"og:image:height\" content=\"1696\" \/>\n\t<meta property=\"og:image:type\" content=\"image\/jpeg\" \/>\n<meta name=\"twitter:card\" content=\"summary_large_image\" \/>\n<meta name=\"twitter:label1\" content=\"Becs\u00fclt olvas\u00e1si id\u0151\" \/>\n\t<meta name=\"twitter:data1\" content=\"1 perc\" \/>\n<script type=\"application\/ld+json\" class=\"yoast-schema-graph\">{\"@context\":\"https:\\\/\\\/schema.org\",\"@graph\":[{\"@type\":\"WebPage\",\"@id\":\"https:\\\/\\\/plazatorosalicante.com\\\/hu\\\/terberles\\\/\",\"url\":\"https:\\\/\\\/plazatorosalicante.com\\\/hu\\\/terberles\\\/\",\"name\":\"Terek b\u00e9rbead\u00e1sa c\u00e9geknek : Plaza Toros Alicante\",\"isPartOf\":{\"@id\":\"https:\\\/\\\/plazatorosalicante.com\\\/hu\\\/#website\"},\"datePublished\":\"2023-11-21T10:34:11+00:00\",\"dateModified\":\"2025-09-15T10:47:05+00:00\",\"description\":\"Az Alicante Bullring b\u00e9rl\u00e9se c\u00e9gek sz\u00e1m\u00e1ra | Szem\u00e9lyre szabott \u00e1raj\u00e1nlat\u00e9rt forduljon hozz\u00e1nk bizalommal!\",\"breadcrumb\":{\"@id\":\"https:\\\/\\\/plazatorosalicante.com\\\/hu\\\/terberles\\\/#breadcrumb\"},\"inLanguage\":\"hu\",\"potentialAction\":[{\"@type\":\"ReadAction\",\"target\":[\"https:\\\/\\\/plazatorosalicante.com\\\/hu\\\/terberles\\\/\"]}]},{\"@type\":\"BreadcrumbList\",\"@id\":\"https:\\\/\\\/plazatorosalicante.com\\\/hu\\\/terberles\\\/#breadcrumb\",\"itemListElement\":[{\"@type\":\"ListItem\",\"position\":1,\"name\":\"Portada\",\"item\":\"https:\\\/\\\/plazatorosalicante.com\\\/hu\\\/kezdolap\\\/\"},{\"@type\":\"ListItem\",\"position\":2,\"name\":\"T\u00e9rb\u00e9rl\u00e9s\"}]},{\"@type\":\"WebSite\",\"@id\":\"https:\\\/\\\/plazatorosalicante.com\\\/hu\\\/#website\",\"url\":\"https:\\\/\\\/plazatorosalicante.com\\\/hu\\\/\",\"name\":\"Plaza de Toros de Alicante\",\"description\":\"Plaza de toros Alicante - Visitas Tur\u00edsticas y Culturales en Vivo para Individuales y Grupos\",\"publisher\":{\"@id\":\"https:\\\/\\\/plazatorosalicante.com\\\/hu\\\/#organization\"},\"alternateName\":\"La Plaza Alicante Tour\",\"potentialAction\":[{\"@type\":\"SearchAction\",\"target\":{\"@type\":\"EntryPoint\",\"urlTemplate\":\"https:\\\/\\\/plazatorosalicante.com\\\/hu\\\/?s={search_term_string}\"},\"query-input\":{\"@type\":\"PropertyValueSpecification\",\"valueRequired\":true,\"valueName\":\"search_term_string\"}}],\"inLanguage\":\"hu\"},{\"@type\":\"Organization\",\"@id\":\"https:\\\/\\\/plazatorosalicante.com\\\/hu\\\/#organization\",\"name\":\"Plaza de toros Alicante\",\"alternateName\":\"La Plaza Alicante t\u00fara\",\"url\":\"https:\\\/\\\/plazatorosalicante.com\\\/hu\\\/\",\"logo\":{\"@type\":\"ImageObject\",\"inLanguage\":\"hu\",\"@id\":\"https:\\\/\\\/plazatorosalicante.com\\\/hu\\\/#\\\/schema\\\/logo\\\/image\\\/\",\"url\":\"https:\\\/\\\/plazatorosalicante.com\\\/wp-content\\\/uploads\\\/2023\\\/10\\\/Logo-plaza-toros-alicante.jpg\",\"contentUrl\":\"https:\\\/\\\/plazatorosalicante.com\\\/wp-content\\\/uploads\\\/2023\\\/10\\\/Logo-plaza-toros-alicante.jpg\",\"width\":100,\"height\":100,\"caption\":\"Plaza de toros Alicante\"},\"image\":{\"@id\":\"https:\\\/\\\/plazatorosalicante.com\\\/hu\\\/#\\\/schema\\\/logo\\\/image\\\/\"}}]}<\/script>\n<!-- \/ Yoast SEO plugin. -->","yoast_head_json":{"title":"Terek b\u00e9rbead\u00e1sa c\u00e9geknek : Plaza Toros Alicante","description":"Az Alicante Bullring b\u00e9rl\u00e9se c\u00e9gek sz\u00e1m\u00e1ra | Szem\u00e9lyre szabott \u00e1raj\u00e1nlat\u00e9rt forduljon hozz\u00e1nk bizalommal!","robots":{"index":"index","follow":"follow","max-snippet":"max-snippet:-1","max-image-preview":"max-image-preview:large","max-video-preview":"max-video-preview:-1"},"canonical":"https:\/\/plazatorosalicante.com\/hu\/terberles\/","og_locale":"hu_HU","og_type":"article","og_title":"Terek b\u00e9rbead\u00e1sa c\u00e9geknek : Plaza Toros Alicante","og_description":"Az Alicante Bullring b\u00e9rl\u00e9se c\u00e9gek sz\u00e1m\u00e1ra | Szem\u00e9lyre szabott \u00e1raj\u00e1nlat\u00e9rt forduljon hozz\u00e1nk bizalommal!","og_url":"https:\/\/plazatorosalicante.com\/hu\/terberles\/","og_site_name":"Plaza de Toros de Alicante","article_modified_time":"2025-09-15T10:47:05+00:00","og_image":[{"width":2560,"height":1696,"url":"https:\/\/plazatorosalicante.com\/wp-content\/uploads\/2025\/03\/VIT_7836-scaled-1.jpg","type":"image\/jpeg"}],"twitter_card":"summary_large_image","twitter_misc":{"Becs\u00fclt olvas\u00e1si id\u0151":"1 perc"},"schema":{"@context":"https:\/\/schema.org","@graph":[{"@type":"WebPage","@id":"https:\/\/plazatorosalicante.com\/hu\/terberles\/","url":"https:\/\/plazatorosalicante.com\/hu\/terberles\/","name":"Terek b\u00e9rbead\u00e1sa c\u00e9geknek : Plaza Toros Alicante","isPartOf":{"@id":"https:\/\/plazatorosalicante.com\/hu\/#website"},"datePublished":"2023-11-21T10:34:11+00:00","dateModified":"2025-09-15T10:47:05+00:00","description":"Az Alicante Bullring b\u00e9rl\u00e9se c\u00e9gek sz\u00e1m\u00e1ra | Szem\u00e9lyre szabott \u00e1raj\u00e1nlat\u00e9rt forduljon hozz\u00e1nk bizalommal!","breadcrumb":{"@id":"https:\/\/plazatorosalicante.com\/hu\/terberles\/#breadcrumb"},"inLanguage":"hu","potentialAction":[{"@type":"ReadAction","target":["https:\/\/plazatorosalicante.com\/hu\/terberles\/"]}]},{"@type":"BreadcrumbList","@id":"https:\/\/plazatorosalicante.com\/hu\/terberles\/#breadcrumb","itemListElement":[{"@type":"ListItem","position":1,"name":"Portada","item":"https:\/\/plazatorosalicante.com\/hu\/kezdolap\/"},{"@type":"ListItem","position":2,"name":"T\u00e9rb\u00e9rl\u00e9s"}]},{"@type":"WebSite","@id":"https:\/\/plazatorosalicante.com\/hu\/#website","url":"https:\/\/plazatorosalicante.com\/hu\/","name":"Plaza de Toros de Alicante","description":"Plaza de toros Alicante - Visitas Tur\u00edsticas y Culturales en Vivo para Individuales y Grupos","publisher":{"@id":"https:\/\/plazatorosalicante.com\/hu\/#organization"},"alternateName":"La Plaza Alicante Tour","potentialAction":[{"@type":"SearchAction","target":{"@type":"EntryPoint","urlTemplate":"https:\/\/plazatorosalicante.com\/hu\/?s={search_term_string}"},"query-input":{"@type":"PropertyValueSpecification","valueRequired":true,"valueName":"search_term_string"}}],"inLanguage":"hu"},{"@type":"Organization","@id":"https:\/\/plazatorosalicante.com\/hu\/#organization","name":"Plaza de toros Alicante","alternateName":"La Plaza Alicante t\u00fara","url":"https:\/\/plazatorosalicante.com\/hu\/","logo":{"@type":"ImageObject","inLanguage":"hu","@id":"https:\/\/plazatorosalicante.com\/hu\/#\/schema\/logo\/image\/","url":"https:\/\/plazatorosalicante.com\/wp-content\/uploads\/2023\/10\/Logo-plaza-toros-alicante.jpg","contentUrl":"https:\/\/plazatorosalicante.com\/wp-content\/uploads\/2023\/10\/Logo-plaza-toros-alicante.jpg","width":100,"height":100,"caption":"Plaza de toros Alicante"},"image":{"@id":"https:\/\/plazatorosalicante.com\/hu\/#\/schema\/logo\/image\/"}}]}},"_links":{"self":[{"href":"https:\/\/plazatorosalicante.com\/hu\/wp-json\/wp\/v2\/pages\/23251","targetHints":{"allow":["GET"]}}],"collection":[{"href":"https:\/\/plazatorosalicante.com\/hu\/wp-json\/wp\/v2\/pages"}],"about":[{"href":"https:\/\/plazatorosalicante.com\/hu\/wp-json\/wp\/v2\/types\/page"}],"author":[{"embeddable":true,"href":"https:\/\/plazatorosalicante.com\/hu\/wp-json\/wp\/v2\/users\/1"}],"replies":[{"embeddable":true,"href":"https:\/\/plazatorosalicante.com\/hu\/wp-json\/wp\/v2\/comments?post=23251"}],"version-history":[{"count":1,"href":"https:\/\/plazatorosalicante.com\/hu\/wp-json\/wp\/v2\/pages\/23251\/revisions"}],"predecessor-version":[{"id":23256,"href":"https:\/\/plazatorosalicante.com\/hu\/wp-json\/wp\/v2\/pages\/23251\/revisions\/23256"}],"wp:attachment":[{"href":"https:\/\/plazatorosalicante.com\/hu\/wp-json\/wp\/v2\/media?parent=23251"}],"curies":[{"name":"wp","href":"https:\/\/api.w.org\/{rel}","templated":true}]}}