{"id":22510,"date":"2023-09-07T11:05:40","date_gmt":"2023-09-07T11:05:40","guid":{"rendered":"https:\/\/plazatorosalicante.com\/informativa-sulla-privacy\/"},"modified":"2025-09-15T10:18:36","modified_gmt":"2025-09-15T10:18:36","slug":"informativa-sulla-privacy","status":"publish","type":"page","link":"https:\/\/plazatorosalicante.com\/it\/informativa-sulla-privacy\/","title":{"rendered":"Informativa sulla privacy"},"content":{"rendered":"<section class=\"l-section wpb_row height_medium\"><div class=\"l-section-h i-cf\"><div class=\"g-cols vc_row via_grid cols_1 laptops-cols_inherit tablets-cols_inherit mobiles-cols_1 valign_top type_default stacking_default\"><div class=\"wpb_column vc_column_container\"><div class=\"vc_column-inner\"><div class=\"wpb_text_column us_custom_4fbadcb9\"><div class=\"wpb_wrapper\"><p><p><strong>Protezione dei dati personali ai sensi del GDPR<\/strong><\/p>\n<\/p>\n<p><p>Toroshopping, S.L., in applicazione della normativa vigente in materia di protezione dei dati personali, informa che i dati personali raccolti attraverso i moduli presenti sul sito web: https:\/\/plazatorosalicante.com\/, sono inseriti negli archivi automatizzati specifici degli utenti dei servizi di Toroshopping, S.L..<\/p>\n<\/p>\n<p><p>La raccolta e il trattamento automatizzato dei dati personali ha lo scopo di mantenere il rapporto commerciale e lo svolgimento dei compiti di informazione, formazione, consulenza e altre attivit\u00e0 di Toroshopping, SL.<\/p>\n<\/p>\n<p><p>Tali dati saranno trasferiti solo a quei soggetti che sono necessari al solo scopo di adempiere alla finalit\u00e0 sopra indicata.<\/p>\n<\/p>\n<p><p>Toroshopping, S.L. adotta le misure necessarie per garantire la sicurezza, l&#8217;integrit\u00e0 e la riservatezza dei dati in conformit\u00e0 alle disposizioni del Regolamento (UE) 2016\/679 del Parlamento Europeo e del Consiglio del 27 aprile 2016 relativo alla protezione delle persone fisiche con riguardo al trattamento dei dati personali, nonch\u00e9 alla libera circolazione di tali dati.<\/p>\n<\/p>\n<p><p>L&#8217;utente potr\u00e0 in qualsiasi momento esercitare i diritti di accesso, opposizione, rettifica, cancellazione, limitazione e portabilit\u00e0 riconosciuti dal suddetto Regolamento (UE). Tali diritti potranno essere esercitati dall&#8217;utente inviando un&#8217;e-mail a: info@plazatorosalicante.com\/ o al seguente indirizzo: Centro Melior Vasari. Urbanizaci\u00f3n La Alzambra, 3, Local 1, C.P. 29660 &#8211; Marbella (M\u00e1laga).  <\/p>\n<\/p>\n<p><p>L&#8217;utente dichiara che tutti i dati da lui forniti sono veritieri e corretti e si impegna a mantenerli aggiornati, comunicando a Toroshopping, S.L. eventuali variazioni.<\/p>\n<\/p>\n<p><p><strong>Finalit\u00e0 del trattamento dei dati personali:<\/strong><\/p>\n<\/p>\n<p><p><strong>Per quali scopi tratteremo i tuoi dati personali?<\/strong><\/p>\n<\/p>\n<p><p>Toroshopping, S.L., tratter\u00e0 i tuoi dati personali raccolti attraverso il sito web: https:\/\/plazatorosalicante.com\/, per le seguenti finalit\u00e0:<\/p>\n<\/p>\n<ol class=\"wp-block-list\">\n<li style=\"list-style-type: none;\">\n<ol>\n<li>In caso di contrattazione di beni e servizi offerti tramite https:\/\/plazatorosalicante.com\/, per mantenere il rapporto contrattuale, nonch\u00e9 per la gestione, l&#8217;amministrazione, l&#8217;informazione, la fornitura e il miglioramento del servizio.<\/li>\n<ol>\n<li style=\"list-style-type: none;\">\n<ol>\n<li>Inviare le informazioni richieste tramite i moduli disponibili sul sito https:\/\/plazatorosalicante.com\/.<\/li>\n<\/ol>\n<\/li>\n<\/ol>\n<ol>\n<li style=\"list-style-type: none;\">\n<ol>\n<li>Per inviare newsletter, nonch\u00e9 comunicazioni commerciali di promozioni e\/o pubblicit\u00e0 di https:\/\/plazatorosalicante.com\/ e del settore.<\/li>\n<\/ol>\n<\/li>\n<\/ol>\n<\/p>\n<p><p>Ti ricordiamo che puoi opporti all&#8217;invio di comunicazioni commerciali con qualsiasi mezzo e in qualsiasi momento inviando un&#8217;e-mail all&#8217;indirizzo sopra indicato.<\/p>\n<\/p>\n<p><p>I campi di questi registri devono essere compilati ed \u00e8 impossibile realizzare le finalit\u00e0 espresse se non si forniscono questi dati.<\/p>\n<\/p>\n<p><p><strong>Per quanto tempo saranno conservati i dati personali raccolti?<\/strong><\/p>\n<\/p>\n<p><p>I dati personali forniti saranno conservati per tutto il tempo in cui il rapporto commerciale sar\u00e0 mantenuto o l&#8217;utente non ne richieder\u00e0 la cancellazione e per il periodo di tempo in cui potrebbero sorgere responsabilit\u00e0 legali dai servizi forniti.<\/p>\n<\/p>\n<p><p><strong>Legittimazione:<\/strong><\/p>\n<\/p>\n<p><p>Il trattamento dei tuoi dati avviene sulla base delle seguenti basi giuridiche che lo legittimano:<\/p>\n<\/p>\n<ol class=\"wp-block-list\">\n<li style=\"list-style-type: none;\">\n<ol>\n<li>La richiesta di informazioni e\/o la contrattazione dei servizi di Toroshopping, S.L., i cui termini e condizioni saranno resi disponibili all&#8217;utente in ogni caso, prima di ogni eventuale contrattazione.<\/li>\n<ol>\n<li style=\"list-style-type: none;\">\n<ol>\n<li>Un consenso libero, specifico, informato e inequivocabile, nella misura in cui ti informiamo mettendo a tua disposizione la presente informativa sulla privacy che, dopo averla letta, se sei d&#8217;accordo, puoi accettare mediante una dichiarazione o una chiara azione affermativa, come ad esempio spuntare una casella prevista a tale scopo.<\/li>\n<\/ol>\n<\/li>\n<\/ol>\n<\/p>\n<p><p>Se non ci fornisci i tuoi dati, o se li fornisci in modo errato o incompleto, non saremo in grado di evadere la tua richiesta, rendendoci impossibile fornirti le informazioni richieste o portare a termine la contrattazione dei servizi.<\/p>\n<\/p>\n<p><p><strong>Gruppo target:<\/strong><\/p>\n<\/p>\n<p><p>I dati non saranno comunicati a terzi al di fuori di Toroshopping, S.L., a meno che non siano obbligati per legge a farlo.<\/p>\n<\/p>\n<\/p>\n<p><p><strong>Dati raccolti dagli utenti dei servizi<\/strong><\/p>\n<\/p>\n<p><p>Nei casi in cui l&#8217;utente inserisca file con dati personali su server di hosting condiviso, Toroshopping, S.L. non \u00e8 responsabile del mancato rispetto del RGPD da parte dell&#8217;utente.<\/p>\n<\/p>\n<p><p><strong>Conservazione dei dati in conformit\u00e0 con la LSSI<\/strong><\/p>\n<\/p>\n<p><p>Toroshopping, S.L. informa che, in qualit\u00e0 di fornitore di servizi di hosting di dati e in virt\u00f9 delle disposizioni della Legge 34\/2002 dell&#8217;11 luglio sui Servizi della Societ\u00e0 dell&#8217;Informazione e del Commercio Elettronico (LSSI), conserva per un periodo massimo di 12 mesi le informazioni necessarie a identificare l&#8217;origine dei dati ospitati e il momento in cui il servizio \u00e8 stato avviato. La conservazione di questi dati non pregiudica la segretezza delle comunicazioni e pu\u00f2 essere utilizzata solo nell&#8217;ambito di un&#8217;indagine penale o per la salvaguardia della sicurezza pubblica, essendo messa a disposizione di giudici e\/o tribunali o del Ministero che lo richieda. <\/p>\n<\/p>\n<p><p>La comunicazione dei dati alle Forze Armate e ai Corpi dello Stato avverr\u00e0 in conformit\u00e0 alle disposizioni della normativa sulla protezione dei dati personali.<\/p>\n<\/p>\n<p><p><strong>Diritti di propriet\u00e0 intellettuale https:\/\/plazatorosalicante.com\/<\/strong><\/p>\n<\/p>\n<p><p>Toroshopping, S.L. \u00e8 titolare di tutti i diritti d&#8217;autore, di propriet\u00e0 intellettuale e industriale, di know-how e di qualsiasi altro diritto relativo ai contenuti del sito web https:\/\/plazatorosalicante.com\/ e ai servizi in esso offerti, nonch\u00e9 dei programmi necessari alla sua realizzazione e delle relative informazioni.<\/p>\n<\/p>\n<p><p>La riproduzione, la pubblicazione e\/o qualsiasi uso diverso da quello strettamente privato dei contenuti, in tutto o in parte, del sito web https:\/\/plazatorosalicante.com\/ non \u00e8 consentito senza il preventivo consenso scritto.<\/p>\n<\/p>\n<p><p><strong>Propriet\u00e0 intellettuale del software<\/strong><\/p>\n<\/p>\n<p><p>L&#8217;utente \u00e8 tenuto a rispettare i software di terze parti messi a disposizione da Toroshopping, S.L., anche se gratuiti e\/o disponibili pubblicamente.<\/p>\n<\/p>\n<p><p>Toroshopping, S.L. possiede i necessari diritti di sfruttamento e di propriet\u00e0 intellettuale del software.<\/p>\n<\/p>\n<p><p>L&#8217;utente non acquisisce alcun diritto o licenza per il servizio oggetto del contratto, per il software necessario alla fornitura del servizio, n\u00e9 per le informazioni tecniche per il monitoraggio del servizio, ad eccezione dei diritti e delle licenze necessarie per l&#8217;adempimento dei servizi oggetto del contratto e solo per la durata dei servizi stessi.<\/p>\n<\/p>\n<p><p>Per qualsiasi azione che vada oltre l&#8217;adempimento del contratto, l&#8217;utente dovr\u00e0 ottenere un&#8217;autorizzazione scritta da parte di Toroshopping, S.L., e all&#8217;utente \u00e8 vietato accedere, modificare, visualizzare la configurazione, la struttura e i file dei server di propriet\u00e0 di Toroshopping, S.L., assumendosi la responsabilit\u00e0 civile e penale derivante da qualsiasi incidente che possa verificarsi nei server e nei sistemi di sicurezza come diretta conseguenza di un&#8217;azione negligente o dolosa da parte sua.<\/p>\n<\/p>\n<p><p><strong>Propriet\u00e0 intellettuale dei contenuti ospitati<\/strong><\/p>\n<\/p>\n<p><p>L&#8217;uso contrario alla normativa sulla propriet\u00e0 intellettuale dei servizi forniti da Toroshopping, S.L. e, in particolare, di:<\/p>\n<\/p>\n<ul class=\"wp-block-list\">\n<li style=\"list-style-type: none;\">\n<ul>\n<li>L&#8217;uso contrario alla legge spagnola o che viola i diritti di terzi.<\/li>\n<ul>\n<li style=\"list-style-type: none;\">\n<ul>\n<li>La pubblicazione o la trasmissione di qualsiasi contenuto che, a giudizio di Toroshopping, S.L., sia violento, osceno, abusivo, illegale, razziale, xenofobo o diffamatorio.<\/li>\n<\/ul>\n<\/li>\n<\/ul>\n<ul>\n<li style=\"list-style-type: none;\">\n<ul>\n<li>Cracks, numeri di serie di software o qualsiasi altro contenuto che violi i diritti di propriet\u00e0 intellettuale di terzi.<\/li>\n<\/ul>\n<\/li>\n<\/ul>\n<ul>\n<li style=\"list-style-type: none;\">\n<ul>\n<li>La raccolta e\/o l&#8217;utilizzo dei dati personali di altri utenti senza il loro consenso espresso o in violazione delle disposizioni del Regolamento (UE) 2016\/679 del Parlamento Europeo e del Consiglio del 27 aprile 2016 relativo alla protezione delle persone fisiche con riguardo al trattamento dei dati personali, nonch\u00e9 alla libera circolazione di tali dati.<\/li>\n<\/ul>\n<\/li>\n<\/ul>\n<ul>\n<li style=\"list-style-type: none;\">\n<ul>\n<li>L&#8217;utilizzo del server di posta e degli indirizzi e-mail del dominio per l&#8217;invio di e-mail massive non richieste.<br \/>L&#8217;utente si assume la piena responsabilit\u00e0 dei contenuti del suo sito web, delle informazioni trasmesse e memorizzate, dei collegamenti ipertestuali, delle rivendicazioni di terzi e delle azioni legali in riferimento alla propriet\u00e0 intellettuale, ai diritti di terzi e alla tutela dei minori.<br \/>L&#8217;utente \u00e8 responsabile del rispetto delle leggi e dei regolamenti in vigore e delle norme relative al funzionamento del servizio online, al commercio elettronico, al diritto d&#8217;autore, al mantenimento dell&#8217;ordine pubblico, nonch\u00e9 ai principi universali dell&#8217;uso di Internet.<br \/>L&#8217;utente dovr\u00e0 risarcire Toroshopping, S.L. per i costi sostenuti da Toroshopping, S.L. in qualsiasi caso di cui l&#8217;utente sia responsabile, comprese le spese legali, anche nel caso di una decisione giudiziaria non definitiva.<\/li>\n<\/ul>\n<\/li>\n<\/ul>\n<\/p>\n<p><p><strong>Protezione delle informazioni ospitate<\/strong><\/p>\n<\/p>\n<p><p>Toroshopping, S.L. effettua copie di backup dei contenuti ospitati sui propri server, tuttavia non \u00e8 responsabile della perdita o della cancellazione accidentale dei dati da parte degli utenti. Allo stesso modo, non garantisce la sostituzione totale dei dati cancellati dagli utenti, in quanto i suddetti dati potrebbero essere stati cancellati e\/o modificati durante il periodo di tempo trascorso dall&#8217;ultimo backup. <\/p>\n<\/p>\n<p><p>I servizi offerti, ad eccezione di quelli specifici di backup, non comprendono la sostituzione dei contenuti conservati nelle copie di backup effettuate da Toroshopping, S.L., qualora tale perdita sia imputabile all&#8217;utente; in questo caso, verr\u00e0 stabilito un costo in base alla complessit\u00e0 e al volume del ripristino, sempre previa accettazione dell&#8217;utente.<\/p>\n<\/p>\n<p><p>La sostituzione dei dati cancellati \u00e8 inclusa nel prezzo del servizio solo quando la perdita dei contenuti \u00e8 dovuta a cause imputabili a Toroshopping, S.L..<\/p>\n<\/p>\n<p><p><strong>Comunicazioni commerciali<\/strong><\/p>\n<\/p>\n<p><p>In applicazione della LSSI. Toroshopping, S.L. non invier\u00e0 comunicazioni pubblicitarie o promozionali tramite e-mail o qualsiasi altro mezzo equivalente di comunicazione elettronica che non siano state preventivamente richieste o espressamente autorizzate dai destinatari delle stesse. <\/p>\n<\/p>\n<p><p>Nel caso di utenti con i quali esiste un precedente rapporto contrattuale, Toroshopping, S.L. \u00e8 autorizzata a inviare comunicazioni commerciali relative a prodotti o servizi di Toroshopping, S.L. simili a quelli inizialmente contrattati con il cliente.<\/p>\n<\/p>\n<p><p>In ogni caso, l&#8217;utente, dopo aver dimostrato la propria identit\u00e0, pu\u00f2 richiedere che non gli vengano inviate ulteriori informazioni commerciali attraverso i canali del Servizio Clienti.<\/p><\/p>\n<\/div><\/div><\/div><\/div><\/div><\/div><\/section>\n","protected":false},"excerpt":{"rendered":"Protezione dei dati personali ai sensi del GDPR Toroshopping, S.L., in applicazione della normativa vigente in materia di protezione dei dati personali, informa che i dati personali raccolti attraverso i moduli presenti sul sito web: https:\/\/plazatorosalicante.com\/, sono inseriti negli archivi automatizzati specifici degli utenti dei servizi di Toroshopping, S.L.. La raccolta e il trattamento automatizzato...","protected":false},"author":1,"featured_media":0,"parent":0,"menu_order":0,"comment_status":"closed","ping_status":"open","template":"","meta":{"_acf_changed":false,"footnotes":""},"class_list":["post-22510","page","type-page","status-publish","hentry"],"acf":[],"yoast_head":"<!-- This site is optimized with the Yoast SEO plugin v27.4 - https:\/\/yoast.com\/product\/yoast-seo-wordpress\/ -->\n<title>Informativa sulla privacy - Plaza de Toros de Alicante<\/title>\n<meta name=\"robots\" content=\"index, follow, max-snippet:-1, max-image-preview:large, max-video-preview:-1\" \/>\n<link rel=\"canonical\" href=\"https:\/\/plazatorosalicante.com\/it\/informativa-sulla-privacy\/\" \/>\n<meta property=\"og:locale\" content=\"it_IT\" \/>\n<meta property=\"og:type\" content=\"article\" \/>\n<meta property=\"og:title\" content=\"Informativa sulla privacy - Plaza de Toros de Alicante\" \/>\n<meta property=\"og:url\" content=\"https:\/\/plazatorosalicante.com\/it\/informativa-sulla-privacy\/\" \/>\n<meta property=\"og:site_name\" content=\"Plaza de Toros de Alicante\" \/>\n<meta property=\"article:modified_time\" content=\"2025-09-15T10:18:36+00:00\" \/>\n<meta property=\"og:image\" content=\"https:\/\/plazatorosalicante.com\/wp-content\/uploads\/2025\/03\/VIT_7836-scaled-1.jpg\" \/>\n\t<meta property=\"og:image:width\" content=\"2560\" \/>\n\t<meta property=\"og:image:height\" content=\"1696\" \/>\n\t<meta property=\"og:image:type\" content=\"image\/jpeg\" \/>\n<meta name=\"twitter:card\" content=\"summary_large_image\" \/>\n<meta name=\"twitter:label1\" content=\"Tempo di lettura stimato\" \/>\n\t<meta name=\"twitter:data1\" content=\"8 minuti\" \/>\n<script type=\"application\/ld+json\" class=\"yoast-schema-graph\">{\"@context\":\"https:\\\/\\\/schema.org\",\"@graph\":[{\"@type\":\"WebPage\",\"@id\":\"https:\\\/\\\/plazatorosalicante.com\\\/it\\\/informativa-sulla-privacy\\\/\",\"url\":\"https:\\\/\\\/plazatorosalicante.com\\\/it\\\/informativa-sulla-privacy\\\/\",\"name\":\"Informativa sulla privacy - Plaza de Toros de Alicante\",\"isPartOf\":{\"@id\":\"https:\\\/\\\/plazatorosalicante.com\\\/it\\\/#website\"},\"datePublished\":\"2023-09-07T11:05:40+00:00\",\"dateModified\":\"2025-09-15T10:18:36+00:00\",\"breadcrumb\":{\"@id\":\"https:\\\/\\\/plazatorosalicante.com\\\/it\\\/informativa-sulla-privacy\\\/#breadcrumb\"},\"inLanguage\":\"it-IT\",\"potentialAction\":[{\"@type\":\"ReadAction\",\"target\":[\"https:\\\/\\\/plazatorosalicante.com\\\/it\\\/informativa-sulla-privacy\\\/\"]}]},{\"@type\":\"BreadcrumbList\",\"@id\":\"https:\\\/\\\/plazatorosalicante.com\\\/it\\\/informativa-sulla-privacy\\\/#breadcrumb\",\"itemListElement\":[{\"@type\":\"ListItem\",\"position\":1,\"name\":\"Portada\",\"item\":\"https:\\\/\\\/plazatorosalicante.com\\\/it\\\/pagina-iniziale\\\/\"},{\"@type\":\"ListItem\",\"position\":2,\"name\":\"Informativa sulla privacy\"}]},{\"@type\":\"WebSite\",\"@id\":\"https:\\\/\\\/plazatorosalicante.com\\\/it\\\/#website\",\"url\":\"https:\\\/\\\/plazatorosalicante.com\\\/it\\\/\",\"name\":\"Plaza de Toros de Alicante\",\"description\":\"Plaza de toros Alicante - Visitas Tur\u00edsticas y Culturales en Vivo para Individuales y Grupos\",\"publisher\":{\"@id\":\"https:\\\/\\\/plazatorosalicante.com\\\/it\\\/#organization\"},\"alternateName\":\"La Plaza Alicante Tour\",\"potentialAction\":[{\"@type\":\"SearchAction\",\"target\":{\"@type\":\"EntryPoint\",\"urlTemplate\":\"https:\\\/\\\/plazatorosalicante.com\\\/it\\\/?s={search_term_string}\"},\"query-input\":{\"@type\":\"PropertyValueSpecification\",\"valueRequired\":true,\"valueName\":\"search_term_string\"}}],\"inLanguage\":\"it-IT\"},{\"@type\":\"Organization\",\"@id\":\"https:\\\/\\\/plazatorosalicante.com\\\/it\\\/#organization\",\"name\":\"Plaza de toros Alicante\",\"alternateName\":\"Tour di La Plaza Alicante\",\"url\":\"https:\\\/\\\/plazatorosalicante.com\\\/it\\\/\",\"logo\":{\"@type\":\"ImageObject\",\"inLanguage\":\"it-IT\",\"@id\":\"https:\\\/\\\/plazatorosalicante.com\\\/it\\\/#\\\/schema\\\/logo\\\/image\\\/\",\"url\":\"https:\\\/\\\/plazatorosalicante.com\\\/wp-content\\\/uploads\\\/2023\\\/10\\\/Logo-plaza-toros-alicante.jpg\",\"contentUrl\":\"https:\\\/\\\/plazatorosalicante.com\\\/wp-content\\\/uploads\\\/2023\\\/10\\\/Logo-plaza-toros-alicante.jpg\",\"width\":100,\"height\":100,\"caption\":\"Plaza de toros Alicante\"},\"image\":{\"@id\":\"https:\\\/\\\/plazatorosalicante.com\\\/it\\\/#\\\/schema\\\/logo\\\/image\\\/\"}}]}<\/script>\n<!-- \/ Yoast SEO plugin. -->","yoast_head_json":{"title":"Informativa sulla privacy - Plaza de Toros de Alicante","robots":{"index":"index","follow":"follow","max-snippet":"max-snippet:-1","max-image-preview":"max-image-preview:large","max-video-preview":"max-video-preview:-1"},"canonical":"https:\/\/plazatorosalicante.com\/it\/informativa-sulla-privacy\/","og_locale":"it_IT","og_type":"article","og_title":"Informativa sulla privacy - Plaza de Toros de Alicante","og_url":"https:\/\/plazatorosalicante.com\/it\/informativa-sulla-privacy\/","og_site_name":"Plaza de Toros de Alicante","article_modified_time":"2025-09-15T10:18:36+00:00","og_image":[{"width":2560,"height":1696,"url":"https:\/\/plazatorosalicante.com\/wp-content\/uploads\/2025\/03\/VIT_7836-scaled-1.jpg","type":"image\/jpeg"}],"twitter_card":"summary_large_image","twitter_misc":{"Tempo di lettura stimato":"8 minuti"},"schema":{"@context":"https:\/\/schema.org","@graph":[{"@type":"WebPage","@id":"https:\/\/plazatorosalicante.com\/it\/informativa-sulla-privacy\/","url":"https:\/\/plazatorosalicante.com\/it\/informativa-sulla-privacy\/","name":"Informativa sulla privacy - Plaza de Toros de Alicante","isPartOf":{"@id":"https:\/\/plazatorosalicante.com\/it\/#website"},"datePublished":"2023-09-07T11:05:40+00:00","dateModified":"2025-09-15T10:18:36+00:00","breadcrumb":{"@id":"https:\/\/plazatorosalicante.com\/it\/informativa-sulla-privacy\/#breadcrumb"},"inLanguage":"it-IT","potentialAction":[{"@type":"ReadAction","target":["https:\/\/plazatorosalicante.com\/it\/informativa-sulla-privacy\/"]}]},{"@type":"BreadcrumbList","@id":"https:\/\/plazatorosalicante.com\/it\/informativa-sulla-privacy\/#breadcrumb","itemListElement":[{"@type":"ListItem","position":1,"name":"Portada","item":"https:\/\/plazatorosalicante.com\/it\/pagina-iniziale\/"},{"@type":"ListItem","position":2,"name":"Informativa sulla privacy"}]},{"@type":"WebSite","@id":"https:\/\/plazatorosalicante.com\/it\/#website","url":"https:\/\/plazatorosalicante.com\/it\/","name":"Plaza de Toros de Alicante","description":"Plaza de toros Alicante - Visitas Tur\u00edsticas y Culturales en Vivo para Individuales y Grupos","publisher":{"@id":"https:\/\/plazatorosalicante.com\/it\/#organization"},"alternateName":"La Plaza Alicante Tour","potentialAction":[{"@type":"SearchAction","target":{"@type":"EntryPoint","urlTemplate":"https:\/\/plazatorosalicante.com\/it\/?s={search_term_string}"},"query-input":{"@type":"PropertyValueSpecification","valueRequired":true,"valueName":"search_term_string"}}],"inLanguage":"it-IT"},{"@type":"Organization","@id":"https:\/\/plazatorosalicante.com\/it\/#organization","name":"Plaza de toros Alicante","alternateName":"Tour di La Plaza Alicante","url":"https:\/\/plazatorosalicante.com\/it\/","logo":{"@type":"ImageObject","inLanguage":"it-IT","@id":"https:\/\/plazatorosalicante.com\/it\/#\/schema\/logo\/image\/","url":"https:\/\/plazatorosalicante.com\/wp-content\/uploads\/2023\/10\/Logo-plaza-toros-alicante.jpg","contentUrl":"https:\/\/plazatorosalicante.com\/wp-content\/uploads\/2023\/10\/Logo-plaza-toros-alicante.jpg","width":100,"height":100,"caption":"Plaza de toros Alicante"},"image":{"@id":"https:\/\/plazatorosalicante.com\/it\/#\/schema\/logo\/image\/"}}]}},"_links":{"self":[{"href":"https:\/\/plazatorosalicante.com\/it\/wp-json\/wp\/v2\/pages\/22510","targetHints":{"allow":["GET"]}}],"collection":[{"href":"https:\/\/plazatorosalicante.com\/it\/wp-json\/wp\/v2\/pages"}],"about":[{"href":"https:\/\/plazatorosalicante.com\/it\/wp-json\/wp\/v2\/types\/page"}],"author":[{"embeddable":true,"href":"https:\/\/plazatorosalicante.com\/it\/wp-json\/wp\/v2\/users\/1"}],"replies":[{"embeddable":true,"href":"https:\/\/plazatorosalicante.com\/it\/wp-json\/wp\/v2\/comments?post=22510"}],"version-history":[{"count":1,"href":"https:\/\/plazatorosalicante.com\/it\/wp-json\/wp\/v2\/pages\/22510\/revisions"}],"predecessor-version":[{"id":22511,"href":"https:\/\/plazatorosalicante.com\/it\/wp-json\/wp\/v2\/pages\/22510\/revisions\/22511"}],"wp:attachment":[{"href":"https:\/\/plazatorosalicante.com\/it\/wp-json\/wp\/v2\/media?parent=22510"}],"curies":[{"name":"wp","href":"https:\/\/api.w.org\/{rel}","templated":true}]}}