{"id":22513,"date":"2023-09-08T11:28:45","date_gmt":"2023-09-08T11:28:45","guid":{"rendered":"https:\/\/plazatorosalicante.com\/termini-e-condizioni-generali\/"},"modified":"2025-09-15T10:18:38","modified_gmt":"2025-09-15T10:18:38","slug":"termini-e-condizioni-generali","status":"publish","type":"page","link":"https:\/\/plazatorosalicante.com\/it\/termini-e-condizioni-generali\/","title":{"rendered":"Termini e condizioni generali"},"content":{"rendered":"<section class=\"l-section wpb_row height_medium\"><div class=\"l-section-h i-cf\"><div class=\"g-cols vc_row via_grid cols_1 laptops-cols_inherit tablets-cols_inherit mobiles-cols_1 valign_top type_default stacking_default\"><div class=\"wpb_column vc_column_container\"><div class=\"vc_column-inner\"><div class=\"wpb_text_column\"><div class=\"wpb_wrapper\"><h1>Termini e condizioni generali<\/h1>\n<p>https:\/\/plazatorosalicante.com\/ (di seguito, il Web) \u00e8 un sito web di propriet\u00e0 di Toroshopping, S.L., di seguito IL PROPRIETARIO, con CIF\/NIF n\u00ba: B92950146 e sede legale in: Centro Melior Vasari. Urbanizaci\u00f3n La Alzambra, 3, Local 1, C.P. 29660 &#8211; Marbella (M\u00e1laga). <\/p>\n<p><!-- \/wp:post-content --><\/p>\n<p>&nbsp;<\/p>\n<p><!-- wp:paragraph --><\/p>\n<p>L&#8217;accesso, la riproduzione e l&#8217;utilizzo dei servizi del sito web richiede l&#8217;accettazione preventiva delle Condizioni d&#8217;uso in vigore in qualsiasi momento; IL PROPRIETARIO si riserva il diritto di modificare tali Condizioni quando lo ritenga opportuno, pubblicando il nuovo testo sul sito web. \u00c8 responsabilit\u00e0 dell&#8217;utente conoscere le Condizioni d&#8217;uso prima di accedere ai prodotti e ai servizi del sito web; se non sei d&#8217;accordo con<br \/>, ti preghiamo di astenerti dall&#8217;utilizzarlo.<\/p>\n<p><!-- \/wp:paragraph --><\/p>\n<p>&nbsp;<\/p>\n<p><!-- wp:heading {\"level\":4} --><\/p>\n<h4 class=\"wp-block-heading\">PROPRIET\u00c0<\/h4>\n<p><!-- \/wp:heading --><\/p>\n<p>&nbsp;<\/p>\n<p><!-- wp:paragraph --><\/p>\n<p>Il Sito Web \u00e8 un&#8217;opera composta da vari elementi integrati e inseparabili (testi, illustrazioni, fotografie, immagini animate, video, programmi informatici, compresi i codici html del sito web, ecc.), la cui Propriet\u00e0 Intellettuale appartiene al PROPRIETARIO, ad eccezione dei materiali ottenuti in licenza da terzi.<br \/>IL PROPRIETARIO e i suoi licenziatari conservano in ogni momento la Propriet\u00e0 Intellettuale del Sito e dei diversi elementi che lo compongono, considerati singolarmente, in tutte le copie che vengono realizzate (qualunque sia il supporto in cui vengono incorporate), concedendo loro solo i diritti di utilizzo descritti di seguito. Qualsiasi diritto non espressamente concesso si intende riservato. <br \/>Oltre a quanto sopra, IL PROPRIETARIO \u00e8 responsabile della selezione, della progettazione della struttura e del layout dei contenuti del Sito Web, nonch\u00e9 di aver preso l&#8217;iniziativa e di essersi assunto il rischio di effettuare gli ingenti investimenti finalizzati all&#8217;ottenimento, alla digitalizzazione e alla presentazione degli stessi, e ha pertanto diritto alla protezione che l&#8217;articolo 12 e il Titolo VIII del Libro II della Legge sulla Propriet\u00e0 Intellettuale possono concedere sul Sito Web, considerato come una banca dati.<br \/>IL PROPRIETARIO \u00e8 anche l&#8217;unico proprietario del design e dell&#8217;immagine grafica del Sito e si riserva il diritto di intraprendere qualsiasi azione legale che possa corrispondere ad esso contro persone che imitano o fanno un uso sleale dello stesso.<\/p>\n<p><!-- \/wp:paragraph --><\/p>\n<p>&nbsp;<\/p>\n<p><!-- wp:heading {\"level\":3} --><\/p>\n<h3 class=\"wp-block-heading\">CONTENUTI WEB E DOWNLOAD. USI CONSENTITI E VIETATI. <\/h3>\n<p><!-- \/wp:heading --><\/p>\n<p>&nbsp;<\/p>\n<p><!-- wp:paragraph --><\/p>\n<p>\u00c8 consentito:<br \/>&#8211; Navigare sul sito web, ossia accedervi e visualizzarlo su un dispositivo, autorizzando qualsiasi riproduzione temporanea o accessoria, a condizione che questa non sia volontaria e costituisca parte integrante ed essenziale del processo tecnologico di trasmissione. La navigazione in alcune sezioni del Sito richiede la registrazione preventiva. <br \/>&#8211; Usufruire (dopo la registrazione) dei servizi e dei vantaggi forniti dal PROPRIETARIO attraverso il Sito ai suoi utenti, alle condizioni espressamente indicate nelle diverse sezioni.<br \/>\u00c8 severamente vietato:<br \/>&#8211; Qualsiasi operazione relativa al Web, ai suoi contenuti, ai prodotti scaricati e alle copie di tutti loro che sia contraria alla Legge, ai buoni costumi e alla buona fede.<br \/>&#8211; Qualsiasi uso al di fuori della sfera personale e privata, in particolare quelli a fini commerciali o professionali, compreso l&#8217;invio di pubblicit\u00e0 o messaggi e la raccolta e l&#8217;elaborazione di dati da parte di terzi.<br \/>&#8211; Qualsiasi tipo di estrazione, comunicazione pubblica e\/o trasmissione, totale o parziale, con qualsiasi mezzo, al di fuori della sfera privata dell&#8217;uso consentito e, in particolare, la loro incorporazione in qualsiasi altra opera, compresi siti web, collezioni o database. Fanno eccezione a questo divieto le pubblicazioni sui media dei materiali scaricabili dalla sezione Sala Stampa. <br \/>&#8211; La rimozione, l&#8217;occultamento o la falsificazione degli avvisi e delle avvertenze sulla Propriet\u00e0 Intellettuale o Industriale del Sito o di qualsiasi prodotto fornito attraverso lo stesso.<br \/>&#8211; Le operazioni e le attivit\u00e0 espressamente vietate in qualsiasi altra sezione delle presenti Condizioni Generali e, in generale, qualsiasi cosa che possa danneggiare il normale funzionamento del Sito, gli altri utenti o qualsiasi terza parte.<\/p>\n<p><!-- \/wp:paragraph --><\/p>\n<p>&nbsp;<\/p>\n<p><!-- wp:heading {\"level\":3} --><\/p>\n<h3 class=\"wp-block-heading\">LINK AL SITO WEB<\/h3>\n<p><!-- \/wp:heading --><\/p>\n<p>&nbsp;<\/p>\n<p><!-- wp:paragraph --><\/p>\n<p>&#8211; \u00c8 autorizzata la creazione di link e collegamenti ipertestuali al Sito Web da altre pagine o siti web, a condizione che non siano realizzati in modo da danneggiare l&#8217;immagine pubblica e del marchio del PROPRIETARIO, del Sito Web o di una qualsiasi delle persone e dei prodotti a cui si fa riferimento. In<br \/>la creazione di link al Web \u00e8 espressamente vietato l&#8217;uso di tecniche che implichino confusione sull&#8217;identit\u00e0 e la propriet\u00e0 dei contenuti, come il framing o altre.<br \/>&#8211; \u00c8 vietata la creazione di link da pagine o siti web i cui contenuti promuovano o sostengano, direttamente o indirettamente, qualsiasi tipo di violenza, discriminazione, pornografia o attivit\u00e0 illegale. Allo stesso modo, \u00e8 espressamente vietata la creazione di link a scopo commerciale.  <\/p>\n<p><!-- \/wp:paragraph --><\/p>\n<p>&nbsp;<\/p>\n<p><!-- wp:paragraph --><\/p>\n<p>Nella creazione dei link \u00e8 espressamente vietato l&#8217;utilizzo di elementi estratti dal Web, senza il preventivo consenso esplicito di THE OWNER<br \/>In nessun caso pu\u00f2 essere inteso che i link al Web da pagine o siti web di terzi implichino relazioni di THE OWNER con i proprietari di questi, n\u00e9 implichino l&#8217;approvazione, la sponsorizzazione o la raccomandazione di THE OWNER su di essi, per cui THE OWNER non sar\u00e0 responsabile in alcun modo rispetto al loro contenuto e alla loro legalit\u00e0.<\/p>\n<p><!-- \/wp:paragraph --><\/p>\n<p>&nbsp;<\/p>\n<p><!-- wp:heading {\"level\":3} --><\/p>\n<h3 class=\"wp-block-heading\">CONTENUTI E COMPORTAMENTO DEGLI UTENTI<\/h3>\n<p><!-- \/wp:heading --><\/p>\n<p>&nbsp;<\/p>\n<p><!-- wp:paragraph --><\/p>\n<p>In qualit\u00e0 di cliente o utente del Sito, ti impegni a fare un uso appropriato dei contenuti e dei servizi offerti attraverso lo stesso e a non utilizzarli per:<br \/>&#8211; svolgere attivit\u00e0 illecite, illegali o contrarie alla buona fede e all&#8217;ordine pubblico.<br \/>&#8211; Diffondere contenuti o propaganda di natura razzista, xenofoba, pornografica, terroristica o relativa ai diritti umani.<br \/>&#8211; Causare danni ai sistemi fisici e logici del PROPRIETARIO, dei suoi fornitori o di terzi, introdurre o diffondere virus informatici o qualsiasi altro sistema fisico o logico che possa causare i suddetti danni.<br \/>&#8211; Diffondere contenuti lesivi dell&#8217;immagine e della reputazione del PROPRIETARIO o di terzi.<br \/>&#8211; Violare i diritti di propriet\u00e0 intellettuale, industriale, di immagine, di onore o altri che corrispondono al PROPRIETARIO o a terzi.<br \/>IL PROPRIETARIO avr\u00e0 piena libert\u00e0 di decidere se i contributi e i messaggi saranno pubblicati o meno sul sito web, avendo il diritto di rimuoverli quando lo riterr\u00e0 opportuno.<br \/>La violazione di una qualsiasi norma contenuta nelle presenti Condizioni d&#8217;uso e, in particolare, delle disposizioni della presente clausola, dar\u00e0 diritto a THE OWNER di interrompere immediatamente la tua iscrizione come utente o abbonato al Sito web.<\/p>\n<p><!-- \/wp:paragraph --><\/p>\n<p>&nbsp;<\/p>\n<p><!-- wp:heading {\"level\":3} --><\/p>\n<h3 class=\"wp-block-heading\">SERVIZIO CLIENTI<\/h3>\n<p><!-- \/wp:heading --><\/p>\n<p>&nbsp;<\/p>\n<p><!-- wp:paragraph --><\/p>\n<p>Il cliente pu\u00f2 annullare l&#8217;ordine gratuitamente e senza fornire alcuna motivazione, contattando il prima possibile il servizio clienti per telefono: 679583536, o tramite il seguente indirizzo e-mail: info@plazatorosalicante.com\/.<br \/>Se l&#8217;ordine non ha ancora lasciato il nostro magazzino, lo annulleremo senza problemi, ma se l&#8217;ordine \u00e8 gi\u00e0 in viaggio, dovremo aspettare di riceverlo e, una volta confermata la ricezione dell&#8217;ordine, rimborseremo l&#8217;importo del prodotto meno le spese di spedizione e il rimborso sar\u00e0 effettuato con la stessa forma di pagamento utilizzata per l&#8217;acquisto.<\/p>\n<p><!-- \/wp:paragraph --><\/p>\n<p>&nbsp;<\/p>\n<p><!-- wp:heading {\"level\":3} --><\/p>\n<h3 class=\"wp-block-heading\">PROTEZIONE DEI DATI<\/h3>\n<p><!-- \/wp:heading --><\/p>\n<p>&nbsp;<\/p>\n<p><!-- wp:paragraph --><\/p>\n<p>Le informazioni o i dati personali forniti dall&#8217;utente saranno trattati in conformit\u00e0 alle disposizioni della <a href=\"https:\/\/www.toroshopping.com\/politica-de-privacidad\/\">Politica sulla privacy<\/a>. Utilizzando questo sito web, acconsenti al trattamento di tali informazioni e dati e dichiari che tutte le informazioni o i dati che ci fornisci sono veritieri e corrispondono alla realt\u00e0. <\/p>\n<p><!-- \/wp:paragraph --><\/p>\n<p>&nbsp;<\/p>\n<p><!-- wp:heading {\"level\":3} --><\/p>\n<h3 class=\"wp-block-heading\">MODIFICHE<\/h3>\n<p><!-- \/wp:heading --><\/p>\n<p>&nbsp;<\/p>\n<p><!-- wp:paragraph --><\/p>\n<p>IL PROPRIETARIO si riserva il diritto di apportare senza preavviso le modifiche che riterr\u00e0 opportune al sito web, di modificare, eliminare o aggiungere contenuti e servizi forniti attraverso lo stesso e il modo in cui sono presentati o localizzati.<br \/>Sebbene il PROPRIETARIO si impegni a mantenere aggiornate e prive di errori le informazioni contenute nel sito web, non ne garantisce l&#8217;accuratezza e l&#8217;aggiornamento. N\u00e9 \u00e8 garantito l&#8217;ottenimento di un risultato o di uno scopo specifico, per cui l&#8217;accesso e l&#8217;utilizzo del sito web sono di esclusiva responsabilit\u00e0 degli utenti e dei clienti. <\/p>\n<p><!-- \/wp:paragraph --><\/p>\n<p>&nbsp;<\/p>\n<p><!-- wp:heading {\"level\":3} --><\/p>\n<h3 class=\"wp-block-heading\">AZIONE LEGALE<\/h3>\n<p><!-- \/wp:heading --><\/p>\n<p>&nbsp;<\/p>\n<p><!-- wp:paragraph --><\/p>\n<p>IL PROPRIETARIO perseguir\u00e0 la violazione delle presenti Condizioni d&#8217;Uso, cos\u00ec come qualsiasi uso improprio del Sito o dei suoi contenuti, le violazioni dei diritti che corrispondono a lui o ai suoi licenziatari, in particolare quelli di Propriet\u00e0 Intellettuale e Industriale, esercitando tutte le azioni, civili e penali, che possono corrispondergli in sede legale.<\/p>\n<p><!-- \/wp:paragraph --><\/p>\n<p>&nbsp;<\/p>\n<p><!-- wp:heading {\"level\":3} --><\/p>\n<h3 class=\"wp-block-heading\">RISOLUZIONE EXTRAGIUDIZIALE DELLE CONTROVERSIE<\/h3>\n<p><!-- \/wp:heading --><\/p>\n<p>&nbsp;<\/p>\n<p><!-- wp:paragraph --><\/p>\n<p>Inoltre, ai sensi dell&#8217;articolo 14 del Regolamento UE 524\/2013 sulla risoluzione delle controversie dei consumatori, viene fornito un link diretto alla piattaforma di risoluzione delle controversie online:<br \/>https:\/\/ec.europa.eu\/consumers\/odr\/main\/index.cfm<\/p>\n<p><!-- \/wp:paragraph --><\/p>\n<p>&nbsp;<\/p>\n<p><!-- wp:heading {\"level\":3} --><\/p>\n<h3 class=\"wp-block-heading\">LEGGE APPLICABILE E GIURISDIZIONE<\/h3>\n<p><!-- \/wp:heading --><\/p>\n<p>&nbsp;<\/p>\n<p><!-- wp:paragraph --><\/p>\n<p>Per qualsiasi controversia o conflitto che possa sorgere, derivante da questi termini o condizioni, sar\u00e0 applicabile la legge spagnola. La risoluzione delle controversie legali sar\u00e0 soggetta alla giurisdizione delle Corti e dei Tribunali del domicilio dell&#8217;utente o del cliente. <\/p>\n<\/div><\/div><\/div><\/div><\/div><\/div><\/section>\n","protected":false},"excerpt":{"rendered":"Termini e condizioni generali https:\/\/plazatorosalicante.com\/ (di seguito, il Web) \u00e8 un sito web di propriet\u00e0 di Toroshopping, S.L., di seguito IL PROPRIETARIO, con CIF\/NIF n\u00ba: B92950146 e sede legale in: Centro Melior Vasari. Urbanizaci\u00f3n La Alzambra, 3, Local 1, C.P. 29660 &#8211; Marbella (M\u00e1laga). &nbsp; L&#8217;accesso, la riproduzione e l&#8217;utilizzo dei servizi del sito web...","protected":false},"author":1,"featured_media":0,"parent":0,"menu_order":0,"comment_status":"closed","ping_status":"closed","template":"","meta":{"_acf_changed":false,"footnotes":""},"class_list":["post-22513","page","type-page","status-publish","hentry"],"acf":[],"yoast_head":"<!-- This site is optimized with the Yoast SEO plugin v27.5 - https:\/\/yoast.com\/product\/yoast-seo-wordpress\/ -->\n<title>Termini e condizioni generali - Plaza de Toros de Alicante<\/title>\n<meta name=\"robots\" content=\"index, follow, max-snippet:-1, max-image-preview:large, max-video-preview:-1\" \/>\n<link rel=\"canonical\" href=\"https:\/\/plazatorosalicante.com\/it\/termini-e-condizioni-generali\/\" \/>\n<meta property=\"og:locale\" content=\"it_IT\" \/>\n<meta property=\"og:type\" content=\"article\" \/>\n<meta property=\"og:title\" content=\"Termini e condizioni generali - Plaza de Toros de Alicante\" \/>\n<meta property=\"og:url\" content=\"https:\/\/plazatorosalicante.com\/it\/termini-e-condizioni-generali\/\" \/>\n<meta property=\"og:site_name\" content=\"Plaza de Toros de Alicante\" \/>\n<meta property=\"article:modified_time\" content=\"2025-09-15T10:18:38+00:00\" \/>\n<meta property=\"og:image\" content=\"https:\/\/plazatorosalicante.com\/wp-content\/uploads\/2025\/03\/VIT_7836-scaled-1.jpg\" \/>\n\t<meta property=\"og:image:width\" content=\"2560\" \/>\n\t<meta property=\"og:image:height\" content=\"1696\" \/>\n\t<meta property=\"og:image:type\" content=\"image\/jpeg\" \/>\n<meta name=\"twitter:card\" content=\"summary_large_image\" \/>\n<meta name=\"twitter:label1\" content=\"Tempo di lettura stimato\" \/>\n\t<meta name=\"twitter:data1\" content=\"7 minuti\" \/>\n<script type=\"application\/ld+json\" class=\"yoast-schema-graph\">{\"@context\":\"https:\\\/\\\/schema.org\",\"@graph\":[{\"@type\":\"WebPage\",\"@id\":\"https:\\\/\\\/plazatorosalicante.com\\\/it\\\/termini-e-condizioni-generali\\\/\",\"url\":\"https:\\\/\\\/plazatorosalicante.com\\\/it\\\/termini-e-condizioni-generali\\\/\",\"name\":\"Termini e condizioni generali - Plaza de Toros de Alicante\",\"isPartOf\":{\"@id\":\"https:\\\/\\\/plazatorosalicante.com\\\/it\\\/#website\"},\"datePublished\":\"2023-09-08T11:28:45+00:00\",\"dateModified\":\"2025-09-15T10:18:38+00:00\",\"breadcrumb\":{\"@id\":\"https:\\\/\\\/plazatorosalicante.com\\\/it\\\/termini-e-condizioni-generali\\\/#breadcrumb\"},\"inLanguage\":\"it-IT\",\"potentialAction\":[{\"@type\":\"ReadAction\",\"target\":[\"https:\\\/\\\/plazatorosalicante.com\\\/it\\\/termini-e-condizioni-generali\\\/\"]}]},{\"@type\":\"BreadcrumbList\",\"@id\":\"https:\\\/\\\/plazatorosalicante.com\\\/it\\\/termini-e-condizioni-generali\\\/#breadcrumb\",\"itemListElement\":[{\"@type\":\"ListItem\",\"position\":1,\"name\":\"Portada\",\"item\":\"https:\\\/\\\/plazatorosalicante.com\\\/it\\\/pagina-iniziale\\\/\"},{\"@type\":\"ListItem\",\"position\":2,\"name\":\"Termini e condizioni generali\"}]},{\"@type\":\"WebSite\",\"@id\":\"https:\\\/\\\/plazatorosalicante.com\\\/it\\\/#website\",\"url\":\"https:\\\/\\\/plazatorosalicante.com\\\/it\\\/\",\"name\":\"Plaza de Toros de Alicante\",\"description\":\"Plaza de toros Alicante - Visitas Tur\u00edsticas y Culturales en Vivo para Individuales y Grupos\",\"publisher\":{\"@id\":\"https:\\\/\\\/plazatorosalicante.com\\\/it\\\/#organization\"},\"alternateName\":\"La Plaza Alicante Tour\",\"potentialAction\":[{\"@type\":\"SearchAction\",\"target\":{\"@type\":\"EntryPoint\",\"urlTemplate\":\"https:\\\/\\\/plazatorosalicante.com\\\/it\\\/?s={search_term_string}\"},\"query-input\":{\"@type\":\"PropertyValueSpecification\",\"valueRequired\":true,\"valueName\":\"search_term_string\"}}],\"inLanguage\":\"it-IT\"},{\"@type\":\"Organization\",\"@id\":\"https:\\\/\\\/plazatorosalicante.com\\\/it\\\/#organization\",\"name\":\"Plaza de toros Alicante\",\"alternateName\":\"Tour di La Plaza Alicante\",\"url\":\"https:\\\/\\\/plazatorosalicante.com\\\/it\\\/\",\"logo\":{\"@type\":\"ImageObject\",\"inLanguage\":\"it-IT\",\"@id\":\"https:\\\/\\\/plazatorosalicante.com\\\/it\\\/#\\\/schema\\\/logo\\\/image\\\/\",\"url\":\"https:\\\/\\\/plazatorosalicante.com\\\/wp-content\\\/uploads\\\/2023\\\/10\\\/Logo-plaza-toros-alicante.jpg\",\"contentUrl\":\"https:\\\/\\\/plazatorosalicante.com\\\/wp-content\\\/uploads\\\/2023\\\/10\\\/Logo-plaza-toros-alicante.jpg\",\"width\":100,\"height\":100,\"caption\":\"Plaza de toros Alicante\"},\"image\":{\"@id\":\"https:\\\/\\\/plazatorosalicante.com\\\/it\\\/#\\\/schema\\\/logo\\\/image\\\/\"}}]}<\/script>\n<!-- \/ Yoast SEO plugin. -->","yoast_head_json":{"title":"Termini e condizioni generali - Plaza de Toros de Alicante","robots":{"index":"index","follow":"follow","max-snippet":"max-snippet:-1","max-image-preview":"max-image-preview:large","max-video-preview":"max-video-preview:-1"},"canonical":"https:\/\/plazatorosalicante.com\/it\/termini-e-condizioni-generali\/","og_locale":"it_IT","og_type":"article","og_title":"Termini e condizioni generali - Plaza de Toros de Alicante","og_url":"https:\/\/plazatorosalicante.com\/it\/termini-e-condizioni-generali\/","og_site_name":"Plaza de Toros de Alicante","article_modified_time":"2025-09-15T10:18:38+00:00","og_image":[{"width":2560,"height":1696,"url":"https:\/\/plazatorosalicante.com\/wp-content\/uploads\/2025\/03\/VIT_7836-scaled-1.jpg","type":"image\/jpeg"}],"twitter_card":"summary_large_image","twitter_misc":{"Tempo di lettura stimato":"7 minuti"},"schema":{"@context":"https:\/\/schema.org","@graph":[{"@type":"WebPage","@id":"https:\/\/plazatorosalicante.com\/it\/termini-e-condizioni-generali\/","url":"https:\/\/plazatorosalicante.com\/it\/termini-e-condizioni-generali\/","name":"Termini e condizioni generali - Plaza de Toros de Alicante","isPartOf":{"@id":"https:\/\/plazatorosalicante.com\/it\/#website"},"datePublished":"2023-09-08T11:28:45+00:00","dateModified":"2025-09-15T10:18:38+00:00","breadcrumb":{"@id":"https:\/\/plazatorosalicante.com\/it\/termini-e-condizioni-generali\/#breadcrumb"},"inLanguage":"it-IT","potentialAction":[{"@type":"ReadAction","target":["https:\/\/plazatorosalicante.com\/it\/termini-e-condizioni-generali\/"]}]},{"@type":"BreadcrumbList","@id":"https:\/\/plazatorosalicante.com\/it\/termini-e-condizioni-generali\/#breadcrumb","itemListElement":[{"@type":"ListItem","position":1,"name":"Portada","item":"https:\/\/plazatorosalicante.com\/it\/pagina-iniziale\/"},{"@type":"ListItem","position":2,"name":"Termini e condizioni generali"}]},{"@type":"WebSite","@id":"https:\/\/plazatorosalicante.com\/it\/#website","url":"https:\/\/plazatorosalicante.com\/it\/","name":"Plaza de Toros de Alicante","description":"Plaza de toros Alicante - Visitas Tur\u00edsticas y Culturales en Vivo para Individuales y Grupos","publisher":{"@id":"https:\/\/plazatorosalicante.com\/it\/#organization"},"alternateName":"La Plaza Alicante Tour","potentialAction":[{"@type":"SearchAction","target":{"@type":"EntryPoint","urlTemplate":"https:\/\/plazatorosalicante.com\/it\/?s={search_term_string}"},"query-input":{"@type":"PropertyValueSpecification","valueRequired":true,"valueName":"search_term_string"}}],"inLanguage":"it-IT"},{"@type":"Organization","@id":"https:\/\/plazatorosalicante.com\/it\/#organization","name":"Plaza de toros Alicante","alternateName":"Tour di La Plaza Alicante","url":"https:\/\/plazatorosalicante.com\/it\/","logo":{"@type":"ImageObject","inLanguage":"it-IT","@id":"https:\/\/plazatorosalicante.com\/it\/#\/schema\/logo\/image\/","url":"https:\/\/plazatorosalicante.com\/wp-content\/uploads\/2023\/10\/Logo-plaza-toros-alicante.jpg","contentUrl":"https:\/\/plazatorosalicante.com\/wp-content\/uploads\/2023\/10\/Logo-plaza-toros-alicante.jpg","width":100,"height":100,"caption":"Plaza de toros Alicante"},"image":{"@id":"https:\/\/plazatorosalicante.com\/it\/#\/schema\/logo\/image\/"}}]}},"_links":{"self":[{"href":"https:\/\/plazatorosalicante.com\/it\/wp-json\/wp\/v2\/pages\/22513","targetHints":{"allow":["GET"]}}],"collection":[{"href":"https:\/\/plazatorosalicante.com\/it\/wp-json\/wp\/v2\/pages"}],"about":[{"href":"https:\/\/plazatorosalicante.com\/it\/wp-json\/wp\/v2\/types\/page"}],"author":[{"embeddable":true,"href":"https:\/\/plazatorosalicante.com\/it\/wp-json\/wp\/v2\/users\/1"}],"replies":[{"embeddable":true,"href":"https:\/\/plazatorosalicante.com\/it\/wp-json\/wp\/v2\/comments?post=22513"}],"version-history":[{"count":1,"href":"https:\/\/plazatorosalicante.com\/it\/wp-json\/wp\/v2\/pages\/22513\/revisions"}],"predecessor-version":[{"id":22514,"href":"https:\/\/plazatorosalicante.com\/it\/wp-json\/wp\/v2\/pages\/22513\/revisions\/22514"}],"wp:attachment":[{"href":"https:\/\/plazatorosalicante.com\/it\/wp-json\/wp\/v2\/media?parent=22513"}],"curies":[{"name":"wp","href":"https:\/\/api.w.org\/{rel}","templated":true}]}}