{"id":22544,"date":"2023-09-11T10:44:24","date_gmt":"2023-09-11T10:44:24","guid":{"rendered":"https:\/\/plazatorosalicante.com\/informazioni-sulla-piazza\/"},"modified":"2025-09-15T10:18:55","modified_gmt":"2025-09-15T10:18:55","slug":"informazioni-sulla-piazza","status":"publish","type":"page","link":"https:\/\/plazatorosalicante.com\/it\/informazioni-sulla-piazza\/","title":{"rendered":"Informazioni sulla piazza"},"content":{"rendered":"<section class=\"l-section wpb_row height_medium\"><div class=\"l-section-h i-cf\"><div class=\"g-cols vc_row via_grid cols_1 laptops-cols_inherit tablets-cols_inherit mobiles-cols_1 valign_top type_default stacking_default\"><div class=\"wpb_column vc_column_container\"><div class=\"vc_column-inner\"><div class=\"wpb_text_column\"><div class=\"wpb_wrapper\"><h1 style=\"text-align: center;\">Informazioni sull&#8217;arena di Alicante<\/h1>\n<\/div><\/div><\/div><\/div><\/div><\/div><\/section><section class=\"l-section wpb_row height_medium\"><div class=\"l-section-h i-cf\"><div class=\"g-cols vc_row via_grid cols_2 laptops-cols_inherit tablets-cols_inherit mobiles-cols_1 valign_middle type_default stacking_default\"><div class=\"wpb_column vc_column_container\"><div class=\"vc_column-inner\"><div class=\"w-image align_none\"><div class=\"w-image-h\"><img decoding=\"async\" width=\"640\" height=\"640\" src=\"https:\/\/plazatorosalicante.com\/wp-content\/uploads\/2023\/10\/Puerta-grande-plaza-alicante.jpg\" class=\"attachment-large size-large\" alt=\"ingresso principale dell&#039;arena di alicante\" loading=\"lazy\" srcset=\"https:\/\/plazatorosalicante.com\/wp-content\/uploads\/2023\/10\/Puerta-grande-plaza-alicante.jpg 640w, https:\/\/plazatorosalicante.com\/wp-content\/uploads\/2023\/10\/Puerta-grande-plaza-alicante-300x300.jpg 300w, https:\/\/plazatorosalicante.com\/wp-content\/uploads\/2023\/10\/Puerta-grande-plaza-alicante-150x150.jpg 150w, https:\/\/plazatorosalicante.com\/wp-content\/uploads\/2023\/10\/Puerta-grande-plaza-alicante-600x600.jpg 600w\" sizes=\"auto, (max-width: 640px) 100vw, 640px\" \/><\/div><\/div><\/div><\/div><div class=\"wpb_column vc_column_container\"><div class=\"vc_column-inner\"><div class=\"wpb_text_column\"><div class=\"wpb_wrapper\"><h2>Storia della piazza<\/h2>\n<ul>\n<li><strong>Origini e costruzione:<\/strong> L&#8217;idea di costruire un&#8217;arena ad Alicante nacque all&#8217;inizio del XIX secolo. I lavori, progettati dall&#8217;architetto Jos\u00e9 Guardiola Pic\u00f3, iniziarono nel 1847 e furono completati nel 1888. La sua costruzione fu di per s\u00e9 un&#8217;impresa monumentale, data la sfida tecnica dell&#8217;epoca e la complessit\u00e0 dell&#8217;architettura della corrida.  <\/li>\n<li><strong>Stile architettonico:<\/strong> La Plaza de Toros di Alicante presenta un&#8217;architettura popolare, caratterizzata dall&#8217;influenza di elementi architettonici dell&#8217;epoca. Questo stile \u00e8 visibile negli archi semicircolari, nelle grandi finestre e nei dettagli ornamentali che adornano la facciata e l&#8217;interno dell&#8217;arena. <\/li>\n<li><strong>Capacit\u00e0 e design:<\/strong> L&#8217;arena ha una capacit\u00e0 di oltre 11.600 spettatori, il che la rende una delle pi\u00f9 grandi della Spagna. Il design circolare e la disposizione dei posti a sedere consentono una visione ottimale da qualsiasi posto, il che contribuisce all&#8217;eccitazione e alla partecipazione del pubblico durante le corride. <\/li>\n<li><strong>Eventi storici:<\/strong> nel corso degli anni, l&#8217;arena di Alicante \u00e8 stata testimone di numerosi eventi storici e di memorabili esibizioni di famosi toreri. Queste corride hanno costituito una parte importante della tradizione taurina della regione e hanno contribuito alla reputazione dell&#8217;arena. <\/li>\n<\/ul>\n<\/div><\/div><\/div><\/div><\/div><\/div><\/section><section class=\"l-section wpb_row height_medium color_alternate\"><div class=\"l-section-h i-cf\"><div class=\"g-cols vc_row via_grid cols_1 laptops-cols_inherit tablets-cols_inherit mobiles-cols_1 valign_middle type_default stacking_default\"><div class=\"wpb_column vc_column_container\"><div class=\"vc_column-inner\"><div class=\"wpb_text_column\"><div class=\"wpb_wrapper\"><p><span style=\"font-weight: 400;\">L&#8217;arena di Alicante \u00e8 un punto di riferimento culturale e architettonico della provincia di Alicante, in Spagna. La sua storia risale al XIX secolo, quando l&#8217;entusiasmo per la corrida era al suo apice nella regione. <\/span><\/p>\n<\/div><\/div><\/div><\/div><\/div><\/div><\/section><section class=\"l-section wpb_row height_medium\"><div class=\"l-section-h i-cf\"><div class=\"g-cols vc_row via_grid cols_2 laptops-cols_inherit tablets-cols_inherit mobiles-cols_1 valign_middle type_default stacking_default\"><div class=\"wpb_column vc_column_container\"><div class=\"vc_column-inner\"><div class=\"w-image align_none\"><div class=\"w-image-h\"><img decoding=\"async\" width=\"640\" height=\"640\" src=\"https:\/\/plazatorosalicante.com\/wp-content\/uploads\/2023\/10\/Tendidos-plaza-toros.jpg\" class=\"attachment-large size-large\" alt=\"Tendidos plaza de toros de alicante (arena di alicante)\" loading=\"lazy\" srcset=\"https:\/\/plazatorosalicante.com\/wp-content\/uploads\/2023\/10\/Tendidos-plaza-toros.jpg 640w, https:\/\/plazatorosalicante.com\/wp-content\/uploads\/2023\/10\/Tendidos-plaza-toros-300x300.jpg 300w, https:\/\/plazatorosalicante.com\/wp-content\/uploads\/2023\/10\/Tendidos-plaza-toros-150x150.jpg 150w, https:\/\/plazatorosalicante.com\/wp-content\/uploads\/2023\/10\/Tendidos-plaza-toros-600x600.jpg 600w\" sizes=\"auto, (max-width: 640px) 100vw, 640px\" \/><\/div><\/div><\/div><\/div><div class=\"wpb_column vc_column_container\"><div class=\"vc_column-inner\"><div class=\"wpb_text_column\"><div class=\"wpb_wrapper\"><h2>Architettura e design unici<\/h2>\n<ul>\n<li><strong>Stile:<\/strong> L&#8217;arena di Alicante si distingue per il suo stile architettonico popolare. La facciata esterna \u00e8 caratterizzata dalla sobriet\u00e0 e dal colore chiaro della terra che evoca una sensazione di eleganza e di autenticit\u00e0 della corrida. <\/li>\n<li><strong>Ruedo Central:<\/strong> il cuore dell&#8217;arena \u00e8 l&#8217;anello centrale. Questo spazio \u00e8 ampio e aperto e permette ai toreri e ai tori di dare il meglio di s\u00e9. <\/li>\n<li><strong>Tendidos e Palcos:<\/strong> offrono una vista panoramica dell&#8217;azione. Le gradinate superiori sono rialzate a gradoni, offrendo una vista completa dell&#8217;arena e creando un&#8217;atmosfera unica di eccitazione. <\/li>\n<li><strong>Colorata e dettagliata:<\/strong> il design della piazza comprende una tavolozza di colori vivaci, con mosaici di ceramica che adornano le pareti e il pavimento. I dettagli artistici, come le piastrelle decorative, aggiungono un tocco distintivo all&#8217;architettura. <\/li>\n<\/ul>\n<\/div><\/div><\/div><\/div><\/div><\/div><\/section><section class=\"l-section wpb_row height_medium color_alternate\"><div class=\"l-section-h i-cf\"><div class=\"g-cols vc_row via_grid cols_1 laptops-cols_inherit tablets-cols_inherit mobiles-cols_1 valign_middle type_default stacking_default\"><div class=\"wpb_column vc_column_container\"><div class=\"vc_column-inner\"><div class=\"wpb_text_column\"><div class=\"wpb_wrapper\"><h3>Pi\u00f9 di un quadrato<\/h3>\n<p><span style=\"font-weight: 400;\">L&#8217;arena di Alicante \u00e8 un simbolo della cultura e della storia della regione. La sua architettura unica e la sua ricca storia la rendono una meta imperdibile per gli amanti delle corride e per gli appassionati di architettura. L&#8217;arena \u00e8 stata testimone di secoli di tradizione taurina e rimane un luogo emblematico dove passione ed eleganza si incontrano in ogni corrida.  <\/span><\/p>\n<\/div><\/div><\/div><\/div><\/div><\/div><\/section><section class=\"l-section wpb_row height_medium\"><div class=\"l-section-h i-cf\"><div class=\"g-cols vc_row via_grid cols_1 laptops-cols_inherit tablets-cols_inherit mobiles-cols_1 valign_top type_default stacking_default\"><div class=\"wpb_column vc_column_container\"><div class=\"vc_column-inner\"><div class=\"wpb_text_column\"><div class=\"wpb_wrapper\"><h2>Vuoi visitare la piazza?<\/h2>\n<p>Il tour dell&#8217;arena di Alicante \u00e8 ora disponibile. Scegli il tipo di biglietto che pi\u00f9 ti interessa e goditi un tour turistico senza precedenti.<\/p>\n<\/div><\/div><div class=\"g-cols wpb_row via_grid cols_3 laptops-cols_inherit tablets-cols_inherit mobiles-cols_1 valign_top type_default stacking_default\" style=\"--columns-gap:3rem;\"><div class=\"wpb_column vc_column_container\"><div class=\"vc_column-inner\"><div class=\"w-ibanner us_custom_e7c215f2 has_text_color animation_caeros ratio_3x2 easing_ease\"><a href=\"https:\/\/plazatorosalicante.com\/it\/visita-individuale\/\" aria-label=\"Iscrizione individuale\"><\/a><div class=\"w-ibanner-h\"><div class=\"w-ibanner-image\" style=\"background-image: url(https:\/\/plazatorosalicante.com\/wp-content\/uploads\/2023\/11\/Tour-plaza-de-toros-alicante-1024x652.webp)\"><\/div><div class=\"w-ibanner-content\"><div class=\"w-ibanner-content-h\"><h3 class=\"w-ibanner-title\">Iscrizione individuale<\/h3><div class=\"w-ibanner-desc\"><p>Ideale per visitare la piazza al tuo ritmo.<\/p>\n<\/div><\/div><\/div><\/div><\/div><\/div><\/div><div class=\"wpb_column vc_column_container\"><div class=\"vc_column-inner\"><div class=\"w-ibanner us_custom_e1b7d205 has_text_color animation_caeros ratio_3x2 easing_ease\"><a href=\"https:\/\/plazatorosalicante.com\/tour\/entrada-vip\/\" aria-label=\"Biglietto VIP\"><\/a><div class=\"w-ibanner-h\"><div class=\"w-ibanner-image\" style=\"background-image: url(https:\/\/plazatorosalicante.com\/wp-content\/uploads\/2024\/03\/Guia-privado.webp)\"><\/div><div class=\"w-ibanner-content\"><div class=\"w-ibanner-content-h\"><h3 class=\"w-ibanner-title\">Biglietto VIP<\/h3><div class=\"w-ibanner-desc\"><p>Ideale per chi desidera una visita guidata.<\/p>\n<\/div><\/div><\/div><\/div><\/div><\/div><\/div><div class=\"wpb_column vc_column_container\"><div class=\"vc_column-inner\"><div class=\"w-ibanner us_custom_3f22c716 has_text_color animation_caeros ratio_3x2 easing_ease\"><a href=\"https:\/\/plazatorosalicante.com\/tour\/entrada-grupos\/\" aria-label=\"Biglietti di gruppo\"><\/a><div class=\"w-ibanner-h\"><div class=\"w-ibanner-image\" style=\"background-image: url(https:\/\/plazatorosalicante.com\/wp-content\/uploads\/2024\/03\/visita-grupal.jpg)\"><\/div><div class=\"w-ibanner-content\"><div class=\"w-ibanner-content-h\"><h3 class=\"w-ibanner-title\">Biglietti di gruppo<\/h3><div class=\"w-ibanner-desc\"><p>Per gruppi scolastici o di adulti.<\/p>\n<\/div><\/div><\/div><\/div><\/div><\/div><\/div><\/div><\/div><\/div><\/div><\/div><\/section>\n","protected":false},"excerpt":{"rendered":"Informazioni sull&#8217;arena di Alicante Storia della piazza Origini e costruzione: L&#8217;idea di costruire un&#8217;arena ad Alicante nacque all&#8217;inizio del XIX secolo. I lavori, progettati dall&#8217;architetto Jos\u00e9 Guardiola Pic\u00f3, iniziarono nel 1847 e furono completati nel 1888. La sua costruzione fu di per s\u00e9 un&#8217;impresa monumentale, data la sfida tecnica dell&#8217;epoca e la complessit\u00e0 dell&#8217;architettura della...","protected":false},"author":1,"featured_media":0,"parent":0,"menu_order":0,"comment_status":"closed","ping_status":"closed","template":"","meta":{"_acf_changed":false,"footnotes":""},"class_list":["post-22544","page","type-page","status-publish","hentry"],"acf":[],"yoast_head":"<!-- This site is optimized with the Yoast SEO plugin v27.5 - https:\/\/yoast.com\/product\/yoast-seo-wordpress\/ -->\n<title>Storia Plaza de Toros Alicante | La Plaza Alicante<\/title>\n<meta name=\"description\" content=\"Tutto quello che devi sapere sull&#039;arena di Alicante. Scopri la sua storia, la sua architettura e le sue curiosit\u00e0 [Plaza de Toros Alicante].\" \/>\n<meta name=\"robots\" content=\"index, follow, max-snippet:-1, max-image-preview:large, max-video-preview:-1\" \/>\n<link rel=\"canonical\" href=\"https:\/\/plazatorosalicante.com\/it\/informazioni-sulla-piazza\/\" \/>\n<meta property=\"og:locale\" content=\"it_IT\" \/>\n<meta property=\"og:type\" content=\"article\" \/>\n<meta property=\"og:title\" content=\"Storia Plaza de Toros Alicante | La Plaza Alicante\" \/>\n<meta property=\"og:description\" content=\"Tutto quello che devi sapere sull&#039;arena di Alicante. Scopri la sua storia, la sua architettura e le sue curiosit\u00e0 [Plaza de Toros Alicante].\" \/>\n<meta property=\"og:url\" content=\"https:\/\/plazatorosalicante.com\/it\/informazioni-sulla-piazza\/\" \/>\n<meta property=\"og:site_name\" content=\"Plaza de Toros de Alicante\" \/>\n<meta property=\"article:publisher\" content=\"https:\/\/www.facebook.com\/laplazaalicantetour\/\" \/>\n<meta property=\"article:modified_time\" content=\"2025-09-15T10:18:55+00:00\" \/>\n<meta property=\"og:image\" content=\"https:\/\/plazatorosalicante.com\/wp-content\/uploads\/2025\/03\/VIT_7836-scaled-1.jpg\" \/>\n\t<meta property=\"og:image:width\" content=\"2560\" \/>\n\t<meta property=\"og:image:height\" content=\"1696\" \/>\n\t<meta property=\"og:image:type\" content=\"image\/jpeg\" \/>\n<meta name=\"twitter:card\" content=\"summary_large_image\" \/>\n<meta name=\"twitter:label1\" content=\"Tempo di lettura stimato\" \/>\n\t<meta name=\"twitter:data1\" content=\"4 minuti\" \/>\n<script type=\"application\/ld+json\" class=\"yoast-schema-graph\">{\"@context\":\"https:\\\/\\\/schema.org\",\"@graph\":[{\"@type\":\"WebPage\",\"@id\":\"https:\\\/\\\/plazatorosalicante.com\\\/it\\\/informazioni-sulla-piazza\\\/\",\"url\":\"https:\\\/\\\/plazatorosalicante.com\\\/it\\\/informazioni-sulla-piazza\\\/\",\"name\":\"Storia Plaza de Toros Alicante | La Plaza Alicante\",\"isPartOf\":{\"@id\":\"https:\\\/\\\/plazatorosalicante.com\\\/it\\\/#website\"},\"datePublished\":\"2023-09-11T10:44:24+00:00\",\"dateModified\":\"2025-09-15T10:18:55+00:00\",\"description\":\"Tutto quello che devi sapere sull'arena di Alicante. Scopri la sua storia, la sua architettura e le sue curiosit\u00e0 [Plaza de Toros Alicante].\",\"breadcrumb\":{\"@id\":\"https:\\\/\\\/plazatorosalicante.com\\\/it\\\/informazioni-sulla-piazza\\\/#breadcrumb\"},\"inLanguage\":\"it-IT\",\"potentialAction\":[{\"@type\":\"ReadAction\",\"target\":[\"https:\\\/\\\/plazatorosalicante.com\\\/it\\\/informazioni-sulla-piazza\\\/\"]}]},{\"@type\":\"BreadcrumbList\",\"@id\":\"https:\\\/\\\/plazatorosalicante.com\\\/it\\\/informazioni-sulla-piazza\\\/#breadcrumb\",\"itemListElement\":[{\"@type\":\"ListItem\",\"position\":1,\"name\":\"Portada\",\"item\":\"https:\\\/\\\/plazatorosalicante.com\\\/it\\\/\"},{\"@type\":\"ListItem\",\"position\":2,\"name\":\"Informazioni sulla piazza\"}]},{\"@type\":\"WebSite\",\"@id\":\"https:\\\/\\\/plazatorosalicante.com\\\/it\\\/#website\",\"url\":\"https:\\\/\\\/plazatorosalicante.com\\\/it\\\/\",\"name\":\"Plaza de Toros de Alicante\",\"description\":\"Plaza de toros Alicante - Visitas Tur\u00edsticas y Culturales en Vivo para Individuales y Grupos\",\"publisher\":{\"@id\":\"https:\\\/\\\/plazatorosalicante.com\\\/it\\\/#organization\"},\"alternateName\":\"La Plaza Alicante Tour\",\"potentialAction\":[{\"@type\":\"SearchAction\",\"target\":{\"@type\":\"EntryPoint\",\"urlTemplate\":\"https:\\\/\\\/plazatorosalicante.com\\\/it\\\/?s={search_term_string}\"},\"query-input\":{\"@type\":\"PropertyValueSpecification\",\"valueRequired\":true,\"valueName\":\"search_term_string\"}}],\"inLanguage\":\"it-IT\"},{\"@type\":\"Organization\",\"@id\":\"https:\\\/\\\/plazatorosalicante.com\\\/it\\\/#organization\",\"name\":\"Plaza de toros Alicante\",\"alternateName\":\"Tour di La Plaza Alicante\",\"url\":\"https:\\\/\\\/plazatorosalicante.com\\\/it\\\/\",\"logo\":{\"@type\":\"ImageObject\",\"inLanguage\":\"it-IT\",\"@id\":\"https:\\\/\\\/plazatorosalicante.com\\\/it\\\/#\\\/schema\\\/logo\\\/image\\\/\",\"url\":\"https:\\\/\\\/plazatorosalicante.com\\\/wp-content\\\/uploads\\\/2023\\\/10\\\/Logo-plaza-toros-alicante.jpg\",\"contentUrl\":\"https:\\\/\\\/plazatorosalicante.com\\\/wp-content\\\/uploads\\\/2023\\\/10\\\/Logo-plaza-toros-alicante.jpg\",\"width\":100,\"height\":100,\"caption\":\"Plaza de toros Alicante\"},\"image\":{\"@id\":\"https:\\\/\\\/plazatorosalicante.com\\\/it\\\/#\\\/schema\\\/logo\\\/image\\\/\"},\"sameAs\":[\"https:\\\/\\\/www.facebook.com\\\/laplazaalicantetour\\\/\",\"https:\\\/\\\/www.instagram.com\\\/laplazaalicantetour\\\/\"]}]}<\/script>\n<!-- \/ Yoast SEO plugin. -->","yoast_head_json":{"title":"Storia Plaza de Toros Alicante | La Plaza Alicante","description":"Tutto quello che devi sapere sull'arena di Alicante. Scopri la sua storia, la sua architettura e le sue curiosit\u00e0 [Plaza de Toros Alicante].","robots":{"index":"index","follow":"follow","max-snippet":"max-snippet:-1","max-image-preview":"max-image-preview:large","max-video-preview":"max-video-preview:-1"},"canonical":"https:\/\/plazatorosalicante.com\/it\/informazioni-sulla-piazza\/","og_locale":"it_IT","og_type":"article","og_title":"Storia Plaza de Toros Alicante | La Plaza Alicante","og_description":"Tutto quello che devi sapere sull'arena di Alicante. Scopri la sua storia, la sua architettura e le sue curiosit\u00e0 [Plaza de Toros Alicante].","og_url":"https:\/\/plazatorosalicante.com\/it\/informazioni-sulla-piazza\/","og_site_name":"Plaza de Toros de Alicante","article_publisher":"https:\/\/www.facebook.com\/laplazaalicantetour\/","article_modified_time":"2025-09-15T10:18:55+00:00","og_image":[{"width":2560,"height":1696,"url":"https:\/\/plazatorosalicante.com\/wp-content\/uploads\/2025\/03\/VIT_7836-scaled-1.jpg","type":"image\/jpeg"}],"twitter_card":"summary_large_image","twitter_misc":{"Tempo di lettura stimato":"4 minuti"},"schema":{"@context":"https:\/\/schema.org","@graph":[{"@type":"WebPage","@id":"https:\/\/plazatorosalicante.com\/it\/informazioni-sulla-piazza\/","url":"https:\/\/plazatorosalicante.com\/it\/informazioni-sulla-piazza\/","name":"Storia Plaza de Toros Alicante | La Plaza Alicante","isPartOf":{"@id":"https:\/\/plazatorosalicante.com\/it\/#website"},"datePublished":"2023-09-11T10:44:24+00:00","dateModified":"2025-09-15T10:18:55+00:00","description":"Tutto quello che devi sapere sull'arena di Alicante. Scopri la sua storia, la sua architettura e le sue curiosit\u00e0 [Plaza de Toros Alicante].","breadcrumb":{"@id":"https:\/\/plazatorosalicante.com\/it\/informazioni-sulla-piazza\/#breadcrumb"},"inLanguage":"it-IT","potentialAction":[{"@type":"ReadAction","target":["https:\/\/plazatorosalicante.com\/it\/informazioni-sulla-piazza\/"]}]},{"@type":"BreadcrumbList","@id":"https:\/\/plazatorosalicante.com\/it\/informazioni-sulla-piazza\/#breadcrumb","itemListElement":[{"@type":"ListItem","position":1,"name":"Portada","item":"https:\/\/plazatorosalicante.com\/it\/"},{"@type":"ListItem","position":2,"name":"Informazioni sulla piazza"}]},{"@type":"WebSite","@id":"https:\/\/plazatorosalicante.com\/it\/#website","url":"https:\/\/plazatorosalicante.com\/it\/","name":"Plaza de Toros de Alicante","description":"Plaza de toros Alicante - Visitas Tur\u00edsticas y Culturales en Vivo para Individuales y Grupos","publisher":{"@id":"https:\/\/plazatorosalicante.com\/it\/#organization"},"alternateName":"La Plaza Alicante Tour","potentialAction":[{"@type":"SearchAction","target":{"@type":"EntryPoint","urlTemplate":"https:\/\/plazatorosalicante.com\/it\/?s={search_term_string}"},"query-input":{"@type":"PropertyValueSpecification","valueRequired":true,"valueName":"search_term_string"}}],"inLanguage":"it-IT"},{"@type":"Organization","@id":"https:\/\/plazatorosalicante.com\/it\/#organization","name":"Plaza de toros Alicante","alternateName":"Tour di La Plaza Alicante","url":"https:\/\/plazatorosalicante.com\/it\/","logo":{"@type":"ImageObject","inLanguage":"it-IT","@id":"https:\/\/plazatorosalicante.com\/it\/#\/schema\/logo\/image\/","url":"https:\/\/plazatorosalicante.com\/wp-content\/uploads\/2023\/10\/Logo-plaza-toros-alicante.jpg","contentUrl":"https:\/\/plazatorosalicante.com\/wp-content\/uploads\/2023\/10\/Logo-plaza-toros-alicante.jpg","width":100,"height":100,"caption":"Plaza de toros Alicante"},"image":{"@id":"https:\/\/plazatorosalicante.com\/it\/#\/schema\/logo\/image\/"},"sameAs":["https:\/\/www.facebook.com\/laplazaalicantetour\/","https:\/\/www.instagram.com\/laplazaalicantetour\/"]}]}},"_links":{"self":[{"href":"https:\/\/plazatorosalicante.com\/it\/wp-json\/wp\/v2\/pages\/22544","targetHints":{"allow":["GET"]}}],"collection":[{"href":"https:\/\/plazatorosalicante.com\/it\/wp-json\/wp\/v2\/pages"}],"about":[{"href":"https:\/\/plazatorosalicante.com\/it\/wp-json\/wp\/v2\/types\/page"}],"author":[{"embeddable":true,"href":"https:\/\/plazatorosalicante.com\/it\/wp-json\/wp\/v2\/users\/1"}],"replies":[{"embeddable":true,"href":"https:\/\/plazatorosalicante.com\/it\/wp-json\/wp\/v2\/comments?post=22544"}],"version-history":[{"count":2,"href":"https:\/\/plazatorosalicante.com\/it\/wp-json\/wp\/v2\/pages\/22544\/revisions"}],"predecessor-version":[{"id":22547,"href":"https:\/\/plazatorosalicante.com\/it\/wp-json\/wp\/v2\/pages\/22544\/revisions\/22547"}],"wp:attachment":[{"href":"https:\/\/plazatorosalicante.com\/it\/wp-json\/wp\/v2\/media?parent=22544"}],"curies":[{"name":"wp","href":"https:\/\/api.w.org\/{rel}","templated":true}]}}