{"id":22609,"date":"2024-03-26T08:46:50","date_gmt":"2024-03-26T08:46:50","guid":{"rendered":"https:\/\/plazatorosalicante.com\/chi-siamo\/"},"modified":"2025-09-15T10:19:18","modified_gmt":"2025-09-15T10:19:18","slug":"chi-siamo","status":"publish","type":"page","link":"https:\/\/plazatorosalicante.com\/it\/chi-siamo\/","title":{"rendered":"Chi siamo"},"content":{"rendered":"<section class=\"l-section wpb_row height_medium\"><div class=\"l-section-h i-cf\"><div class=\"g-cols vc_row via_grid cols_2 laptops-cols_inherit tablets-cols_inherit mobiles-cols_1 valign_middle type_default stacking_default\" style=\"--columns-gap:4vw;\"><div class=\"wpb_column vc_column_container\"><div class=\"vc_column-inner\"><div class=\"w-image us_custom_3bc1f25b style_shadow-2 has_ratio align_none\"><div class=\"w-image-h\"><div style=\"padding-bottom:100%\"><\/div><div class=\"w-image-shadow\" style=\"background-image:url(https:\/\/plazatorosalicante.com\/wp-content\/uploads\/2024\/03\/Logo.jpg);\"><\/div><img decoding=\"async\" width=\"600\" height=\"600\" src=\"https:\/\/plazatorosalicante.com\/wp-content\/uploads\/2024\/03\/Logo.jpg\" class=\"attachment-large size-large\" alt=\"\" loading=\"lazy\" \/><\/div><\/div><\/div><\/div><div class=\"wpb_column vc_column_container\"><div class=\"vc_column-inner\"><div class=\"wpb_text_column\"><div class=\"wpb_wrapper\"><p><span style=\"color: #3366ff;\"><strong>Toroshopping<\/strong><\/span><\/p>\n<\/div><\/div><div class=\"w-separator size_small\"><\/div><div class=\"wpb_text_column us_custom_d98eb4eb\"><div class=\"wpb_wrapper\"><h1>Specialisti nel mondo della corrida<\/h1>\n<p>Toroshopping \u00e8 l&#8217;azienda associata all&#8217;arena di Alicante per la gestione di servizi come il tour dell&#8217;arena e la vendita di biglietti per gli spettacoli di corrida. Tuttavia, la nostra azienda \u00e8 molto pi\u00f9 di un portale di vendita di biglietti. In questa sezione potrai saperne di pi\u00f9 su di noi e scoprire la nostra gamma completa di prodotti e servizi.<\/p>\n<\/div><\/div><div class=\"w-separator size_medium\"><\/div><\/div><\/div><\/div><\/div><\/section><section class=\"l-section wpb_row height_medium\"><div class=\"l-section-h i-cf\"><div class=\"g-cols vc_row via_grid cols_2 laptops-cols_inherit tablets-cols_inherit mobiles-cols_1 valign_top type_default stacking_default\"><div class=\"wpb_column vc_column_container\"><div class=\"vc_column-inner\"><div class=\"wpb_text_column us_custom_d98eb4eb\"><div class=\"wpb_wrapper\"><h2><strong>Altre arene da visitare<\/strong><\/h2>\n<p>Noi di Toroshopping <strong>lavoriamo per avvicinare il mondo della corrida sia al pubblico tradizionale e agli amanti delle corride, sia ai turisti interessati a conoscere questo meraviglioso mondo.<\/strong> A tal fine, offriamo visite turistiche ad alcune delle migliori arene della Spagna e la vendita di biglietti per i migliori spettacoli di corrida. Ecco i link alle arene in cui offriamo visite o vendita di biglietti per darti un&#8217;occhiata:<\/p>\n<\/div><\/div><\/div><\/div><div class=\"wpb_column vc_column_container\"><div class=\"vc_column-inner\"><div class=\"wpb_text_column us_custom_d98eb4eb\"><div class=\"wpb_wrapper\"><h3>Vuoi assistere a una corrida o visitare una di queste arene?<\/h3>\n<ul>\n<li><a href=\"https:\/\/plazadetoroslamalagueta.com\/\" target=\"_blank\" rel=\"noopener\">Arena dei tori a Malaga<\/a><\/li>\n<li><a href=\"https:\/\/plazadetoroscordoba.com\/\" target=\"_blank\" rel=\"noopener\">Cordoba Bullring<\/a><\/li>\n<li><a href=\"https:\/\/plazadetorosdesantander.com\">Santander Bullring<\/a><\/li>\n<li><a href=\"https:\/\/plazatorosmarbella.com\/\">Arena di Marbella<\/a><\/li>\n<li><a href=\"https:\/\/lasventastour.com\/es\/\" target=\"_blank\" rel=\"noopener\">Visita l&#8217;arena di Las Ventas<\/a><\/li>\n<\/ul>\n<\/div><\/div><\/div><\/div><\/div><\/div><\/section><section class=\"l-section wpb_row height_medium with_shape\"><div class=\"l-section-shape type_custom pos_bottom\" style=\"height:50%;color:var(--color-content-bg-alt)\"><svg xmlns=\"http:\/\/www.w3.org\/2000\/svg\" viewBox=\"0 0 64 8\" preserveAspectRatio=\"none\" width=\"100%\" height=\"100%\">\r\n\t<path fill=\"currentColor\" d=\"M64 8 L0 8 L0 0 L64 0 Z\"\/>\r\n<\/svg><\/div><div class=\"l-section-h i-cf\"><div class=\"g-cols vc_row via_grid cols_1 laptops-cols_inherit tablets-cols_inherit mobiles-cols_1 valign_top type_default stacking_default\"><div class=\"wpb_column vc_column_container\"><div class=\"vc_column-inner\"><div class=\"g-cols wpb_row us_custom_0039e63c via_grid cols_2 laptops-cols_inherit tablets-cols_1 mobiles-cols_1 valign_middle type_default\" style=\"--columns-gap:3rem;\"><div class=\"wpb_column vc_column_container\"><div class=\"vc_column-inner\"><h2 class=\"w-text us_custom_d3db7169\"><span class=\"w-text-h\"><span class=\"w-text-value\">Scopri il nostro negozio online<\/span><\/span><\/h2><div class=\"wpb_text_column\"><div class=\"wpb_wrapper\"><p>Nel nostro negozio troverai tutti i tipi di prodotti e accessori per la corrida: Mantelli e stampelle, giocattoli per bambini, abbigliamento e gioielli fatti a mano&#8230; Scendi in strada indossando la tua passione!<\/p>\n<\/div><\/div><div class=\"w-btn-wrapper default_align_none laptops_align_none tablets_align_none mobiles_align_justify\"><a class=\"w-btn us-btn-style_1 us_custom_b4198c51 open-popup\" target=\"_blank\" rel=\"nofollow\" href=\"https:\/\/www.toroshopping.com\/\"><span class=\"w-btn-label\">Visita il sito<\/span><\/a><\/div><\/div><\/div><div class=\"wpb_column vc_column_container hide_on_tablets hide_on_mobiles\"><div class=\"vc_column-inner\"><div class=\"w-image has_ratio align_none\"><div class=\"w-image-h\"><div style=\"padding-bottom:100%\"><\/div><img decoding=\"async\" width=\"1024\" height=\"1024\" src=\"https:\/\/plazatorosalicante.com\/wp-content\/uploads\/2024\/03\/Web-toroshopping-1024x1024.jpg\" class=\"attachment-large size-large\" alt=\"negozio di prodotti per la corrida\" loading=\"lazy\" \/><\/div><\/div><\/div><\/div><\/div><\/div><\/div><\/div><\/div><\/section><section class=\"l-section wpb_row height_medium\"><div class=\"l-section-h i-cf\"><div class=\"g-cols vc_row via_grid cols_1 laptops-cols_inherit tablets-cols_inherit mobiles-cols_1 valign_top type_default stacking_default\"><div class=\"wpb_column vc_column_container\"><div class=\"vc_column-inner\"><div class=\"wpb_text_column us_custom_99dce4f6\"><div class=\"wpb_wrapper\"><h2 style=\"text-align: center;\">Altre esperienze incredibili<\/h2>\n<p style=\"text-align: center;\">Nella citt\u00e0 di Alicante puoi vivere un&#8217;esperienza turistica e di corrida a 360 gradi. Scopri alcuni dei nostri servizi extra. <\/p>\n<\/div><\/div><div class=\"w-separator size_large\"><\/div><div class=\"g-cols wpb_row via_grid cols_3 laptops-cols_inherit tablets-cols_2 mobiles-cols_1 valign_top type_default\" style=\"--columns-gap:3rem;\"><div class=\"wpb_column vc_column_container\"><div class=\"vc_column-inner\"><h3 class=\"w-text us_custom_6eef5e16\"><span class=\"w-text-h\"><span class=\"w-text-value\">Cibo e corrida<\/span><\/span><\/h3><div class=\"w-separator size_small\"><\/div><div class=\"w-image has_ratio align_none\"><div class=\"w-image-h\"><div style=\"padding-bottom:66.6667%\"><\/div><img decoding=\"async\" width=\"500\" height=\"500\" src=\"https:\/\/plazatorosalicante.com\/wp-content\/uploads\/2024\/01\/excursion-mercado-plaza-toros.webp\" class=\"attachment-large size-large\" alt=\"\" loading=\"lazy\" \/><\/div><\/div><div class=\"w-separator size_small\"><\/div><div class=\"wpb_text_column\"><div class=\"wpb_wrapper\"><p>Tour turistico dell&#8217;arena e del mercato centrale di Alicante. Scopri due dei monumenti storici della citt\u00e0 e assaggia una selezione di tapas.<\/p>\n<\/div><\/div><\/div><\/div><div class=\"wpb_column vc_column_container\"><div class=\"vc_column-inner\"><h3 class=\"w-text us_custom_6eef5e16\"><span class=\"w-text-h\"><span class=\"w-text-value\">Esperienze combinate<\/span><\/span><\/h3><div class=\"w-separator size_small\"><\/div><div class=\"w-image has_ratio align_none\"><div class=\"w-image-h\"><div style=\"padding-bottom:66.6667%\"><\/div><img decoding=\"async\" width=\"755\" height=\"500\" src=\"https:\/\/plazatorosalicante.com\/wp-content\/uploads\/2024\/01\/excursion-al-castillo-de-santa-barbara.webp\" class=\"attachment-large size-large\" alt=\"escursione al castello di santa barbara\" loading=\"lazy\" \/><\/div><\/div><div class=\"w-separator size_small\"><\/div><div class=\"wpb_text_column\"><div class=\"wpb_wrapper\"><p>Visita i monumenti pi\u00f9 importanti della citt\u00e0 con un&#8217;esperienza VIP e trasferimenti privati inclusi nel prezzo.<\/p>\n<\/div><\/div><\/div><\/div><div class=\"wpb_column vc_column_container\"><div class=\"vc_column-inner\"><h3 class=\"w-text us_custom_6eef5e16\"><span class=\"w-text-h\"><span class=\"w-text-value\">Scuola di corrida di Alicante<\/span><\/span><\/h3><div class=\"w-separator size_small\"><\/div><div class=\"w-image has_ratio align_none\"><div class=\"w-image-h\"><div style=\"padding-bottom:66.6667%\"><\/div><img decoding=\"async\" width=\"1024\" height=\"1024\" src=\"https:\/\/plazatorosalicante.com\/wp-content\/uploads\/2023\/09\/recorrido-vip-tour-alicante-1024x1024.jpg\" class=\"attachment-large size-large\" alt=\"visita guidata all&#039;arena\" loading=\"lazy\" \/><\/div><\/div><div class=\"w-separator size_small\"><\/div><div class=\"wpb_text_column\"><div class=\"wpb_wrapper\"><p>Vuoi imparare l&#8217;arte della corrida? La scuola di tauromachia di Alicante ti insegner\u00e0 tutto ci\u00f2 che ti serve per diventare un torero per un giorno.<\/p>\n<\/div><\/div><\/div><\/div><\/div><\/div><\/div><\/div><\/div><\/section>\n","protected":false},"excerpt":{"rendered":"Toroshopping Specialisti nel mondo della corrida Toroshopping \u00e8 l&#8217;azienda associata all&#8217;arena di Alicante per la gestione di servizi come il tour dell&#8217;arena e la vendita di biglietti per gli spettacoli di corrida. Tuttavia, la nostra azienda \u00e8 molto pi\u00f9 di un portale di vendita di biglietti. In questa sezione potrai saperne di pi\u00f9 su di...","protected":false},"author":1,"featured_media":0,"parent":0,"menu_order":0,"comment_status":"closed","ping_status":"closed","template":"","meta":{"_acf_changed":false,"footnotes":""},"class_list":["post-22609","page","type-page","status-publish","hentry"],"acf":[],"yoast_head":"<!-- This site is optimized with the Yoast SEO plugin v27.4 - https:\/\/yoast.com\/product\/yoast-seo-wordpress\/ -->\n<title>Chi siamo - Plaza de Toros de Alicante<\/title>\n<meta name=\"robots\" content=\"index, follow, max-snippet:-1, max-image-preview:large, max-video-preview:-1\" \/>\n<link rel=\"canonical\" href=\"https:\/\/plazatorosalicante.com\/it\/chi-siamo\/\" \/>\n<meta property=\"og:locale\" content=\"it_IT\" \/>\n<meta property=\"og:type\" content=\"article\" \/>\n<meta property=\"og:title\" content=\"Chi siamo - Plaza de Toros de Alicante\" \/>\n<meta property=\"og:url\" content=\"https:\/\/plazatorosalicante.com\/it\/chi-siamo\/\" \/>\n<meta property=\"og:site_name\" content=\"Plaza de Toros de Alicante\" \/>\n<meta property=\"article:modified_time\" content=\"2025-09-15T10:19:18+00:00\" \/>\n<meta property=\"og:image\" content=\"https:\/\/plazatorosalicante.com\/wp-content\/uploads\/2025\/03\/VIT_7836-scaled-1.jpg\" \/>\n\t<meta property=\"og:image:width\" content=\"2560\" \/>\n\t<meta property=\"og:image:height\" content=\"1696\" \/>\n\t<meta property=\"og:image:type\" content=\"image\/jpeg\" \/>\n<meta name=\"twitter:card\" content=\"summary_large_image\" \/>\n<meta name=\"twitter:label1\" content=\"Tempo di lettura stimato\" \/>\n\t<meta name=\"twitter:data1\" content=\"4 minuti\" \/>\n<script type=\"application\/ld+json\" class=\"yoast-schema-graph\">{\"@context\":\"https:\\\/\\\/schema.org\",\"@graph\":[{\"@type\":\"WebPage\",\"@id\":\"https:\\\/\\\/plazatorosalicante.com\\\/it\\\/chi-siamo\\\/\",\"url\":\"https:\\\/\\\/plazatorosalicante.com\\\/it\\\/chi-siamo\\\/\",\"name\":\"Chi siamo - Plaza de Toros de Alicante\",\"isPartOf\":{\"@id\":\"https:\\\/\\\/plazatorosalicante.com\\\/it\\\/#website\"},\"datePublished\":\"2024-03-26T08:46:50+00:00\",\"dateModified\":\"2025-09-15T10:19:18+00:00\",\"breadcrumb\":{\"@id\":\"https:\\\/\\\/plazatorosalicante.com\\\/it\\\/chi-siamo\\\/#breadcrumb\"},\"inLanguage\":\"it-IT\",\"potentialAction\":[{\"@type\":\"ReadAction\",\"target\":[\"https:\\\/\\\/plazatorosalicante.com\\\/it\\\/chi-siamo\\\/\"]}]},{\"@type\":\"BreadcrumbList\",\"@id\":\"https:\\\/\\\/plazatorosalicante.com\\\/it\\\/chi-siamo\\\/#breadcrumb\",\"itemListElement\":[{\"@type\":\"ListItem\",\"position\":1,\"name\":\"Portada\",\"item\":\"https:\\\/\\\/plazatorosalicante.com\\\/it\\\/pagina-iniziale\\\/\"},{\"@type\":\"ListItem\",\"position\":2,\"name\":\"Chi siamo\"}]},{\"@type\":\"WebSite\",\"@id\":\"https:\\\/\\\/plazatorosalicante.com\\\/it\\\/#website\",\"url\":\"https:\\\/\\\/plazatorosalicante.com\\\/it\\\/\",\"name\":\"Plaza de Toros de Alicante\",\"description\":\"Plaza de toros Alicante - Visitas Tur\u00edsticas y Culturales en Vivo para Individuales y Grupos\",\"publisher\":{\"@id\":\"https:\\\/\\\/plazatorosalicante.com\\\/it\\\/#organization\"},\"alternateName\":\"La Plaza Alicante Tour\",\"potentialAction\":[{\"@type\":\"SearchAction\",\"target\":{\"@type\":\"EntryPoint\",\"urlTemplate\":\"https:\\\/\\\/plazatorosalicante.com\\\/it\\\/?s={search_term_string}\"},\"query-input\":{\"@type\":\"PropertyValueSpecification\",\"valueRequired\":true,\"valueName\":\"search_term_string\"}}],\"inLanguage\":\"it-IT\"},{\"@type\":\"Organization\",\"@id\":\"https:\\\/\\\/plazatorosalicante.com\\\/it\\\/#organization\",\"name\":\"Plaza de toros Alicante\",\"alternateName\":\"Tour di La Plaza Alicante\",\"url\":\"https:\\\/\\\/plazatorosalicante.com\\\/it\\\/\",\"logo\":{\"@type\":\"ImageObject\",\"inLanguage\":\"it-IT\",\"@id\":\"https:\\\/\\\/plazatorosalicante.com\\\/it\\\/#\\\/schema\\\/logo\\\/image\\\/\",\"url\":\"https:\\\/\\\/plazatorosalicante.com\\\/wp-content\\\/uploads\\\/2023\\\/10\\\/Logo-plaza-toros-alicante.jpg\",\"contentUrl\":\"https:\\\/\\\/plazatorosalicante.com\\\/wp-content\\\/uploads\\\/2023\\\/10\\\/Logo-plaza-toros-alicante.jpg\",\"width\":100,\"height\":100,\"caption\":\"Plaza de toros Alicante\"},\"image\":{\"@id\":\"https:\\\/\\\/plazatorosalicante.com\\\/it\\\/#\\\/schema\\\/logo\\\/image\\\/\"}}]}<\/script>\n<!-- \/ Yoast SEO plugin. -->","yoast_head_json":{"title":"Chi siamo - Plaza de Toros de Alicante","robots":{"index":"index","follow":"follow","max-snippet":"max-snippet:-1","max-image-preview":"max-image-preview:large","max-video-preview":"max-video-preview:-1"},"canonical":"https:\/\/plazatorosalicante.com\/it\/chi-siamo\/","og_locale":"it_IT","og_type":"article","og_title":"Chi siamo - Plaza de Toros de Alicante","og_url":"https:\/\/plazatorosalicante.com\/it\/chi-siamo\/","og_site_name":"Plaza de Toros de Alicante","article_modified_time":"2025-09-15T10:19:18+00:00","og_image":[{"width":2560,"height":1696,"url":"https:\/\/plazatorosalicante.com\/wp-content\/uploads\/2025\/03\/VIT_7836-scaled-1.jpg","type":"image\/jpeg"}],"twitter_card":"summary_large_image","twitter_misc":{"Tempo di lettura stimato":"4 minuti"},"schema":{"@context":"https:\/\/schema.org","@graph":[{"@type":"WebPage","@id":"https:\/\/plazatorosalicante.com\/it\/chi-siamo\/","url":"https:\/\/plazatorosalicante.com\/it\/chi-siamo\/","name":"Chi siamo - Plaza de Toros de Alicante","isPartOf":{"@id":"https:\/\/plazatorosalicante.com\/it\/#website"},"datePublished":"2024-03-26T08:46:50+00:00","dateModified":"2025-09-15T10:19:18+00:00","breadcrumb":{"@id":"https:\/\/plazatorosalicante.com\/it\/chi-siamo\/#breadcrumb"},"inLanguage":"it-IT","potentialAction":[{"@type":"ReadAction","target":["https:\/\/plazatorosalicante.com\/it\/chi-siamo\/"]}]},{"@type":"BreadcrumbList","@id":"https:\/\/plazatorosalicante.com\/it\/chi-siamo\/#breadcrumb","itemListElement":[{"@type":"ListItem","position":1,"name":"Portada","item":"https:\/\/plazatorosalicante.com\/it\/pagina-iniziale\/"},{"@type":"ListItem","position":2,"name":"Chi siamo"}]},{"@type":"WebSite","@id":"https:\/\/plazatorosalicante.com\/it\/#website","url":"https:\/\/plazatorosalicante.com\/it\/","name":"Plaza de Toros de Alicante","description":"Plaza de toros Alicante - Visitas Tur\u00edsticas y Culturales en Vivo para Individuales y Grupos","publisher":{"@id":"https:\/\/plazatorosalicante.com\/it\/#organization"},"alternateName":"La Plaza Alicante Tour","potentialAction":[{"@type":"SearchAction","target":{"@type":"EntryPoint","urlTemplate":"https:\/\/plazatorosalicante.com\/it\/?s={search_term_string}"},"query-input":{"@type":"PropertyValueSpecification","valueRequired":true,"valueName":"search_term_string"}}],"inLanguage":"it-IT"},{"@type":"Organization","@id":"https:\/\/plazatorosalicante.com\/it\/#organization","name":"Plaza de toros Alicante","alternateName":"Tour di La Plaza Alicante","url":"https:\/\/plazatorosalicante.com\/it\/","logo":{"@type":"ImageObject","inLanguage":"it-IT","@id":"https:\/\/plazatorosalicante.com\/it\/#\/schema\/logo\/image\/","url":"https:\/\/plazatorosalicante.com\/wp-content\/uploads\/2023\/10\/Logo-plaza-toros-alicante.jpg","contentUrl":"https:\/\/plazatorosalicante.com\/wp-content\/uploads\/2023\/10\/Logo-plaza-toros-alicante.jpg","width":100,"height":100,"caption":"Plaza de toros Alicante"},"image":{"@id":"https:\/\/plazatorosalicante.com\/it\/#\/schema\/logo\/image\/"}}]}},"_links":{"self":[{"href":"https:\/\/plazatorosalicante.com\/it\/wp-json\/wp\/v2\/pages\/22609","targetHints":{"allow":["GET"]}}],"collection":[{"href":"https:\/\/plazatorosalicante.com\/it\/wp-json\/wp\/v2\/pages"}],"about":[{"href":"https:\/\/plazatorosalicante.com\/it\/wp-json\/wp\/v2\/types\/page"}],"author":[{"embeddable":true,"href":"https:\/\/plazatorosalicante.com\/it\/wp-json\/wp\/v2\/users\/1"}],"replies":[{"embeddable":true,"href":"https:\/\/plazatorosalicante.com\/it\/wp-json\/wp\/v2\/comments?post=22609"}],"version-history":[{"count":2,"href":"https:\/\/plazatorosalicante.com\/it\/wp-json\/wp\/v2\/pages\/22609\/revisions"}],"predecessor-version":[{"id":22613,"href":"https:\/\/plazatorosalicante.com\/it\/wp-json\/wp\/v2\/pages\/22609\/revisions\/22613"}],"wp:attachment":[{"href":"https:\/\/plazatorosalicante.com\/it\/wp-json\/wp\/v2\/media?parent=22609"}],"curies":[{"name":"wp","href":"https:\/\/api.w.org\/{rel}","templated":true}]}}