{"id":23491,"date":"2023-09-08T11:29:42","date_gmt":"2023-09-08T11:29:42","guid":{"rendered":"https:\/\/plazatorosalicante.com\/informativa-sui-cookie\/"},"modified":"2025-09-15T10:48:02","modified_gmt":"2025-09-15T10:48:02","slug":"informativa-sui-cookie","status":"publish","type":"page","link":"https:\/\/plazatorosalicante.com\/it\/informativa-sui-cookie\/","title":{"rendered":"Informativa sui cookie"},"content":{"rendered":"<section class=\"l-section wpb_row height_medium\"><div class=\"l-section-h i-cf\"><div class=\"g-cols vc_row via_grid cols_1 laptops-cols_inherit tablets-cols_inherit mobiles-cols_1 valign_top type_default stacking_default\"><div class=\"wpb_column vc_column_container\"><div class=\"vc_column-inner\"><div class=\"wpb_text_column\"><div class=\"wpb_wrapper\"><h1>Cookie-Richtlinie<\/h1>\n<p>Toroshopping, S.L. informa sull&#8217;uso dei cookie sul proprio sito web: https:\/\/plazatorosalicante.com\/<\/p>\n<h2>Cosa sono i cookie?<\/h2>\n<p>I cookie sono dati che possono essere memorizzati sul tuo computer tramite le pagine web. Sono spazi di lavoro che<br \/>\nsvolgono un ruolo importante nella fornitura di numerosi servizi della societ\u00e0 dell&#8217;informazione. Tra le altre cose,<br \/>\npermette di aggiungere a un sito web la descrizione e la raccolta di informazioni sulle abitudini di navigazione di un utente o dei suoi<br \/>\ndispositivi e pu\u00f2 essere utilizzato per fornire informazioni per il reinserimento dell&#8217;utente e il miglioramento dei servizi offerti.  <\/p>\n<h2>Tipi di cookie<\/h2>\n<p>A causa di ci\u00f2, chi \u00e8 l&#8217;entit\u00e0, che gestisce il dominio, da cui i cookie vengono utilizzati e i relativi dati vengono elaborati.<br \/>\nerhalten, possono essere due tipi diversi:<\/p>\n<p>&#8211; Cookie Eigene:<\/p>\n<p>Le persone che vengono da un computer o da un altro computer o da un&#8217;altra casa di cui si occupa il Benutzer, sono state incaricate di scrivere su<br \/>\nun proprio editor e di fargli fare un&#8217;analisi dei contenuti.<\/p>\n<p>&#8211; Cookie di Drittanbietern:<\/p>\n<p>I cookie che non vengono memorizzati da un computer o da una home inutilizzata alla fine del computer o della home dell&#8217;utente<br \/>\nnon vengono memorizzati dall&#8217;originatore, ma da un&#8217;altra parte che utilizza i cookie per memorizzare i dati.<br \/>\nNel caso in cui i cookie siano installati da un computer o da una home, utilizzati dal proprietario del cookie stesso, ma utilizzati da una terza parte, non potranno essere utilizzati come i cookie originali.<br \/>\nEs gibt auch eine zweite Klassifizierung nach der Zeitspanne, in der sie im Browser des Clients gespeichert bleiben, und zwar:<\/p>\n<p>&#8211; Sitzungscookies:<\/p>\n<p>Vengono utilizzati per fornire dati e informazioni che l&#8217;utente desidera acquistare su un sito web. Di solito<br \/>\n\u00e8 utilizzato per fornire informazioni che l&#8217;utente richiede solo per la fornitura dei servizi di interesse di<br \/>\n(ad esempio, un elenco dei prodotti acquistati). <\/p>\n<p>&#8211; Cookie dauerhafte:<\/p>\n<p>Die Daten bleiben im Endger\u00e4t gespeichert gespeichert und k\u00f6nnen f\u00fcr einen bestimmten Zeitraum abgerufen und verarbeitet werden<br \/>\nDie vom Cookie-Verantwortlichen festgelegte Dauer kann zwischen einigen Minuten und mehreren Jahren liegen.<br \/>\nInfine, \u00e8 presente un&#8217;ulteriore classificazione con sei tipi di cookie per i quali i dati saranno trattati.<br \/>\n\u00e8 mantenuta:<\/p>\n<p>&#8211; Cookie tecnici:<\/p>\n<p>Diejenigen, die es dem Benutzer erm\u00f6glichen, durch eine Webseite, Plattform oder Anwendung zu navigieren und<br \/>\ndie Nutzung der verschiedenen Optionen oder Dienste, die darin vorhanden sind, come, ad esempio, la gestione di<br \/>\nDatenverkehr e Datenkommunikation, l&#8217;identificazione della posizione, l&#8217;accesso ai file con un&#8217;indicazione di tipo diverso,<br \/>\n, da cui viene effettuato un ordine, inviare l&#8217;ordine di acquisto a una societ\u00e0 di elaborazione ordini, inviare l&#8217;ordine a<br \/>\nper la registrazione o per l&#8217;invio a uno stabilimento, Utilizza gli elementi di sicurezza durante la manifestazione<br \/>\nNavigazione, seleziona le informazioni per l&#8217;accesso ai video o ai contenuti o inserisci le informazioni su<br \/>\nreti sociali.<\/p>\n<p>&#8211; Cookie personalizzati:<\/p>\n<p>Essi consentono all&#8217;utente di accedere al servizio con alcuni parametri di mercato comuni<br \/>\ndefiniti, oltre a una serie di criteri a livello dell&#8217;utente, quali, ad esempio, la lingua, il tipo di Browser, la configurazione regionale da cui si accede al servizio, la configurazione regionale da cui si accede al servizio, la configurazione regionale da cui si accede al servizio, la configurazione regionale da cui si accede al servizio, la configurazione regionale da cui si accede al servizio, la configurazione regionale da cui si accede al servizio. B. der Sprache, der Art von<br \/>\nBrowser, \u00fcber den Sie auf den Dienst zugreifen, die regionale Konfiguration, von der aus Sie auf den Dienst zugreifen<br \/>\nService usw <\/p>\n<p>&#8211; Analizza-Cookies:<\/p>\n<p>Essi consentono alla parte responsabile di monitorare e analizzare il contenuto del sito web.<br \/>\ndel sito web a cui \u00e8 collegato. Le informazioni raccolte attraverso questo tipo di cookie sono<br \/>\n. \u00c8 possibile utilizzare per comunicare l&#8217;attivit\u00e0 dei siti web, delle applicazioni o dei modelli e per fornire a<br \/>\ninformazioni sui profili degli utenti di tali siti web, applicazioni e modelli, a<br \/>\nal fine di introdurre miglioramenti basati sull&#8217;analisi dei dati di utilizzo da parte degli utenti dei servizi. <\/p>\n<p>&#8211; Werbe-Cookies:<\/p>\n<p>Permettono di utilizzare i beni nel modo pi\u00f9 efficiente possibile.<\/p>\n<p>&#8211; Werbe-Cookies verhaltensbezogene:<\/p>\n<p>Se desideri ottenere informazioni sul tuo livello di soddisfazione<br \/>\ne sulla tua continua evoluzione, puoi scegliere di creare un profilo specifico che ti permetta di ottenere un&#8217;analisi dettagliata della tua situazione e che ti permetta di ottenere un&#8217;analisi dettagliata della tua situazione.<\/p>\n<p>&#8211; Cookie di social network esterni:<\/p>\n<p>I cookie vengono utilizzati per far interagire gli utenti con le loro inalazioni su piattaforme diverse<br \/>\n(Facebook, YouTube, Twitter, LinkedIn, ecc.) e per farli interagire solo con gli utenti di piattaforme generiche<br \/>\n. Le condizioni di utilizzo di questi cookie e le informazioni in essi contenute sono<br \/>\nregolate dalla dichiarazione sulla protezione dei dati della piattaforma sociale in questione. <\/p>\n<h2>Disattivazione e cancellazione dei cookie<\/h2>\n<p>Hai la possibilit\u00e0 di installare i cookie sul tuo computer, bloccarli o eliminarli configurando le opzioni del browser installato sul tuo computer. A causa della disattivazione dei cookie, alcuni dei servizi forniti potrebbero non funzionare pi\u00f9. L&#8217;opzione per disattivare i cookie non \u00e8 disponibile per tutti i browser, ma in genere \u00e8 possibile utilizzare il menu &#8220;Extra&#8221; o &#8220;Opzioni&#8221;. Puoi anche consultare il menu di aiuto del browser, dove troverai dei suggerimenti. L&#8217;utente pu\u00f2 sempre scegliere quali cookie utilizzare su questo sito web.<br \/>\nPuoi impostare, bloccare o eliminare i cookie sul tuo computer configurando le opzioni del browser installato sul tuo computer:    <\/p>\n<p>&#8211; Microsoft Internet Explorer o Microsoft Edge:<br \/>\nhttp:\/\/windows.microsoft.com\/es-es\/windows-vista\/Block-or-allow-cookies<br \/>\n&#8211; Mozilla Firefox:<br \/>\nhttp:\/\/support.mozilla.org\/es\/kb\/impedir-que-los-sitios-web-guarden-sus-preference<br \/>\n&#8211; Chrom:<br \/>\nhttps:\/\/support.google.com\/accounts\/answer\/61416?hl=es<br \/>\n&#8211; Safari:<br \/>\nhttp:\/\/safari.helpmax.net\/es\/privacidad-y-security\/como-gestionar-las-cookies\/<br \/>\n&#8211; Oper:<br \/>\nhttp:\/\/help.opera.com\/Linux\/10.60\/es-ES\/cookies.html<br \/>\nDar\u00fcber hinaus k\u00f6nnen Sie den Cookie-Speicher in Ihrem Browser auch \u00fcber Tools wie verwalten<br \/>\nfolgende<br \/>\n&#8211; Geisterbilder:<br \/>\nwww.ghostery.com\/<br \/>\n&#8211; Ihre Online-Auswahl: xml-ph-0014@deepl<\/p>\n<p>Auf https:\/\/plazatorosalicante.com\/ verwendete Cookies<br \/>\nNachfolgend sind die auf diesem Portal verwendeten Cookies sowie deren Art und Funktion aufgef\u00fchrt:- tsrce<br \/>\n&#8211; Dauer: 3 Tage<br \/>\n&#8211; Beschreibung: PayPal-Cookie: Bei einer Zahlung \u00fcber PayPal werden diese Cookies ausgegeben:<br \/>\nPayPal-Sitzung\/Sicherheit.<br \/>\n&#8211; Typ: Dritte<br \/>\n&#8211; Zweck: Technik<\/p>\n<p>&#8211; x-pp-s<br \/>\n&#8211; Dauer: Sitzung<br \/>\n&#8211; Beschreibung: Dieses Cookie wird von PayPal bereitgestellt von PayPal bereitgestellt und ist mit den Zahlungsdiensten der Website kompatibel.<br \/>\n&#8211; Typ: Dritte<br \/>\n&#8211; Zweck: Technik<\/p>\n<p>&#8211; l7_az<br \/>\n&#8211; Durata: 30 Minuten<br \/>\n&#8211; Beschreibung: Dieses Cookie wird f\u00fcr die PayPal-Anmeldefunktion auf der Website ben\u00f6tigt.<br \/>\n&#8211; Typ: Dritte<br \/>\n&#8211; Zweck: Technik<\/p>\n<p>&#8211;<br \/>\n&#8211; Durata: 1 anno<br \/>\n&#8211; Beschreibung: Dieses Cookie wird verwendet, um den Datenverkehr zu analysieren und festzustellen, ob es sich um Datenverkehr handelt<br \/>\nautomatisiert durch Computersysteme oder durch einen menschlichen Benutzer generiert.<br \/>\n&#8211; Typ: Dritte<br \/>\n&#8211; Zweck: Technik<\/p>\n<p>&#8211;<br \/>\n&#8211; Durata: 2 Jahre<br \/>\n&#8211; Beschreibung: Wird zur Unterscheidung von Benutzern verwendet. Questo \u00e8 fornito da Google Analytics. Google memorizza le informazioni raccolte attraverso i cookie su server negli Stati Uniti, in coordinamento con la  <\/p>\n<p>Ci atteniamo alle norme europ\u00e4ischen Rechtsvorschriften zum Schutz personenbezogener Daten e verpflichten uns, diese nicht weiterzugeben<br \/>\nDritte, es sei denn, dies ist gesetzlich vorgeschrieben oder f\u00fcr den Betrieb des Systems erforderlich.<\/p>\n<p>Se desideri ricevere maggiori informazioni sui cookie utilizzati da Google Analytics, ti preghiamo di inviare queste informazioni a:<br \/>\nhttps:\/\/developers.google.com\/analytics\/devguides\/collection\/analyticsjs\/cookie-usage?hl=es&#038;csw=1<br \/>\n&#8211; Typ: Third party<br \/>\n&#8211; Zweck: Analytisch <\/p>\n<p>&#8211; _gat<br \/>\n&#8211; Durata: 1 Minuto<br \/>\n&#8211; Beschreibung: Viene utilizzato per far s\u00ec che la nostra offerta su altri siti nel Google-Netzwerk venga anzuzeigen. Generiert<br \/>\ntramite Google Analytics. Google memorizza le informazioni raccolte attraverso i cookie su server che si trovano<br \/>\nnegli Stati Uniti, fa riferimento alle norme giuridiche europee sulla protezione dei dati personali e non continua ad applicare queste norme a terzi, cio\u00e8 la legge si applica ad esso o \u00e8 necessario farlo. per il funzionamento dei sistemi. Google non raccoglie il tuo indirizzo IP insieme ad altre informazioni di cui Google \u00e8 responsabile. Se desideri ricevere ulteriori informazioni sui cookie utilizzati da Google Analytics, contattaci all&#8217;indirizzo<br \/>\n. Ti preghiamo di notare questo indirizzo:     <\/p>\n<p>https:\/\/developers.google.com\/analytics\/devguides\/collection\/analyticsjs\/cookie-usage?hl=es&#038;csw=1<br \/>\n&#8211; Typ: Dritte<br \/>\n&#8211; Zweck: Verhaltensbezogene Werbung<\/p>\n<p>&#8211; _gid<br \/>\n&#8211; Dauer: 24 Stunden<br \/>\n&#8211; Beschreibung: Von Google Analytics generiert. Google memorizza le informazioni raccolte tramite i cookie<br \/>\nsu server negli Stati Uniti in conformit\u00e0 con la legislazione europea<br \/>\nProtezione dei dati personali ed \u00e8 responsabile della protezione dei dati personali, diese nicht an Dritte weiterzugeben, es sei denn, dies ist gesetzlich vorgeschrieben<br \/>\nerfordert dies von Ihnen oder ist f\u00fcr den Betrieb des Systems erforderlich. Google non combina il tuo indirizzo IP<br \/>\ncon altre informazioni in tuo possesso. Se desideri ricevere ulteriori informazioni sui cookie<br \/>\nche vengono utilizzati da Google Analytics, contattaci al seguente indirizzo:<br \/>\nhttps:\/\/developers.google.com\/analytics\/devguides\/collection\/analyticsjs\/cookie-usage?hl=es&#038;csw<br \/>\n&#8211; Tipo: Dritte<br \/>\n&#8211; Obiettivo: Verhaltensbezogene Werbung   <\/p>\n<p>&#8211; ts<br \/>\n&#8211; Durata: 3 anni<br \/>\n&#8211; Beschreibung: Dieses Cookie wird im Allgemeinen von PayPal bereitgestellt bereitgestellt und unterst\u00fctzt Zahlungsdienste im<br \/>\nWebseite.<br \/>\n&#8211; Typ: Dritte<br \/>\n&#8211; Zweck: Technik<\/p>\n<ul>\n<li>\n&#8211; Durata: 3 mesi<br \/>\n&#8211; Descrizione: Utilizzato da Meta per fornire una serie di prodotti pubblicitari come le offerte in tempo reale di<br \/>\ninserzionisti terzi<br \/>\n&#8211; Tipo: Terze parti<br \/>\n&#8211; Scopo: Tecnico<\/li>\n<li>LANG<br \/>\n&#8211; Durata: 8 ore e 46 minuti<br \/>\n&#8211; Descrizione: Esistono diversi tipi di cookie associati a questo nome e in genere si consiglia un esame pi\u00f9 dettagliato di come vengono utilizzati su un determinato sito web. Tuttavia, nella maggior parte dei casi sar\u00e0 probabilmente utilizzato per memorizzare le preferenze linguistiche, potenzialmente per servire contenuti nella lingua memorizzata.<br \/>\n&#8211; Tipo: Terze parti<br \/>\n&#8211; Scopo: Tecnico <\/li>\n<li>ts_c<br \/>\n&#8211; Durata: 3 anni<br \/>\n&#8211; Descrizione: Prevenzione delle frodi<br \/>\n&#8211; Tipo: Terza parte<br \/>\n&#8211; Scopo: Tecnico<\/li>\n<li>bm_sz<br \/>\n&#8211; Durata: 4 ore<br \/>\n&#8211; Descrizione: Cookie di funzionalit\u00e0 impostato da Mailchimp per gestire e controllare la lista<br \/>\n&#8211; Tipo: Terza parte<br \/>\n&#8211; Scopo: Tecnico<\/li>\n<li>wp-wpml_current_language<br \/>\n&#8211; Durata: sessione<br \/>\n&#8211; Descrizione: Memorizza la lingua corrente. Per impostazione predefinita, questo cookie viene impostato solo per gli utenti connessi. Se attivi il cookie della lingua per supportare il filtro AJAX, questo cookie verr\u00e0 impostato anche per gli utenti che non hanno effettuato l&#8217;accesso.<br \/>\n&#8211; Tipo: Terze parti<br \/>\n&#8211; Scopo: Tecnico  <\/li>\n<\/ul>\n<h2><strong>Adozione della direttiva sui cookie<\/strong><\/h2>\n<p>https:\/\/plazatorosalicante.com\/ ha lo scopo di garantire che tu accetti l&#8217;uso dei cookie. Tuttavia, in caso di accesso, le informazioni sulle Linee Guida sui Cookie saranno visualizzate su ciascun sito del Portale prima o dopo l&#8217;accesso, in modo da informarti di conseguenza.<br \/>\n. Nel corso di questa informativa, \u00e8 possibile effettuare le seguenti azioni: <\/p>\n<p>&#8211; Cookie akzeptieren:<br \/>\nDieser Hinweis wird beim Aufruf einer Seite des Portals w\u00e4hrenddessen nicht erneut angezeigt<br \/>\nSitzung.<\/p>\n<p>&#8211; Schlie\u00dfen:<br \/>\nDer Hinweis ist auf dieser Seite ausgeblendet.<br \/>\n&#8211; \u00c4ndern Sie Ihre Einstellungen:<br \/>\nSie k\u00f6nnen weitere Informationen dar\u00fcber erhalten, was Cookies sind, sich \u00fcber die Cookie-Richtlinie informieren unter: https:\/\/plazatorosalicante.com\/ und Ihre Browsereinstellungen \u00e4ndern.<\/p>\n<\/div><\/div><\/div><\/div><\/div><\/div><\/section>\n","protected":false},"excerpt":{"rendered":"Cookie-Richtlinie Toroshopping, S.L. informa sull&#8217;uso dei cookie sul proprio sito web: https:\/\/plazatorosalicante.com\/ Cosa sono i cookie? I cookie sono dati che possono essere memorizzati sul tuo computer tramite le pagine web. Sono spazi di lavoro che svolgono un ruolo importante nella fornitura di numerosi servizi della societ\u00e0 dell&#8217;informazione. Tra le altre cose, permette di aggiungere...","protected":false},"author":1,"featured_media":0,"parent":0,"menu_order":0,"comment_status":"closed","ping_status":"closed","template":"","meta":{"_acf_changed":false,"footnotes":""},"class_list":["post-23491","page","type-page","status-publish","hentry"],"acf":[],"yoast_head":"<!-- This site is optimized with the Yoast SEO plugin v27.5 - https:\/\/yoast.com\/product\/yoast-seo-wordpress\/ -->\n<title>Informativa sui cookie - Plaza de Toros de Alicante<\/title>\n<meta name=\"robots\" content=\"index, follow, max-snippet:-1, max-image-preview:large, max-video-preview:-1\" \/>\n<link rel=\"canonical\" href=\"https:\/\/plazatorosalicante.com\/it\/informativa-sui-cookie\/\" \/>\n<meta property=\"og:locale\" content=\"it_IT\" \/>\n<meta property=\"og:type\" content=\"article\" \/>\n<meta property=\"og:title\" content=\"Informativa sui cookie - Plaza de Toros de Alicante\" \/>\n<meta property=\"og:url\" content=\"https:\/\/plazatorosalicante.com\/it\/informativa-sui-cookie\/\" \/>\n<meta property=\"og:site_name\" content=\"Plaza de Toros de Alicante\" \/>\n<meta property=\"article:modified_time\" content=\"2025-09-15T10:48:02+00:00\" \/>\n<meta property=\"og:image\" content=\"https:\/\/plazatorosalicante.com\/wp-content\/uploads\/2025\/03\/VIT_7836-scaled-1.jpg\" \/>\n\t<meta property=\"og:image:width\" content=\"2560\" \/>\n\t<meta property=\"og:image:height\" content=\"1696\" \/>\n\t<meta property=\"og:image:type\" content=\"image\/jpeg\" \/>\n<meta name=\"twitter:card\" content=\"summary_large_image\" \/>\n<meta name=\"twitter:label1\" content=\"Tempo di lettura stimato\" \/>\n\t<meta name=\"twitter:data1\" content=\"9 minuti\" \/>\n<script type=\"application\/ld+json\" class=\"yoast-schema-graph\">{\"@context\":\"https:\\\/\\\/schema.org\",\"@graph\":[{\"@type\":\"WebPage\",\"@id\":\"https:\\\/\\\/plazatorosalicante.com\\\/it\\\/informativa-sui-cookie\\\/\",\"url\":\"https:\\\/\\\/plazatorosalicante.com\\\/it\\\/informativa-sui-cookie\\\/\",\"name\":\"Informativa sui cookie - Plaza de Toros de Alicante\",\"isPartOf\":{\"@id\":\"https:\\\/\\\/plazatorosalicante.com\\\/it\\\/#website\"},\"datePublished\":\"2023-09-08T11:29:42+00:00\",\"dateModified\":\"2025-09-15T10:48:02+00:00\",\"breadcrumb\":{\"@id\":\"https:\\\/\\\/plazatorosalicante.com\\\/it\\\/informativa-sui-cookie\\\/#breadcrumb\"},\"inLanguage\":\"it-IT\",\"potentialAction\":[{\"@type\":\"ReadAction\",\"target\":[\"https:\\\/\\\/plazatorosalicante.com\\\/it\\\/informativa-sui-cookie\\\/\"]}]},{\"@type\":\"BreadcrumbList\",\"@id\":\"https:\\\/\\\/plazatorosalicante.com\\\/it\\\/informativa-sui-cookie\\\/#breadcrumb\",\"itemListElement\":[{\"@type\":\"ListItem\",\"position\":1,\"name\":\"Portada\",\"item\":\"https:\\\/\\\/plazatorosalicante.com\\\/it\\\/pagina-iniziale\\\/\"},{\"@type\":\"ListItem\",\"position\":2,\"name\":\"Informativa sui cookie\"}]},{\"@type\":\"WebSite\",\"@id\":\"https:\\\/\\\/plazatorosalicante.com\\\/it\\\/#website\",\"url\":\"https:\\\/\\\/plazatorosalicante.com\\\/it\\\/\",\"name\":\"Plaza de Toros de Alicante\",\"description\":\"Plaza de toros Alicante - Visitas Tur\u00edsticas y Culturales en Vivo para Individuales y Grupos\",\"publisher\":{\"@id\":\"https:\\\/\\\/plazatorosalicante.com\\\/it\\\/#organization\"},\"alternateName\":\"La Plaza Alicante Tour\",\"potentialAction\":[{\"@type\":\"SearchAction\",\"target\":{\"@type\":\"EntryPoint\",\"urlTemplate\":\"https:\\\/\\\/plazatorosalicante.com\\\/it\\\/?s={search_term_string}\"},\"query-input\":{\"@type\":\"PropertyValueSpecification\",\"valueRequired\":true,\"valueName\":\"search_term_string\"}}],\"inLanguage\":\"it-IT\"},{\"@type\":\"Organization\",\"@id\":\"https:\\\/\\\/plazatorosalicante.com\\\/it\\\/#organization\",\"name\":\"Plaza de toros Alicante\",\"alternateName\":\"Tour di La Plaza Alicante\",\"url\":\"https:\\\/\\\/plazatorosalicante.com\\\/it\\\/\",\"logo\":{\"@type\":\"ImageObject\",\"inLanguage\":\"it-IT\",\"@id\":\"https:\\\/\\\/plazatorosalicante.com\\\/it\\\/#\\\/schema\\\/logo\\\/image\\\/\",\"url\":\"https:\\\/\\\/plazatorosalicante.com\\\/wp-content\\\/uploads\\\/2023\\\/10\\\/Logo-plaza-toros-alicante.jpg\",\"contentUrl\":\"https:\\\/\\\/plazatorosalicante.com\\\/wp-content\\\/uploads\\\/2023\\\/10\\\/Logo-plaza-toros-alicante.jpg\",\"width\":100,\"height\":100,\"caption\":\"Plaza de toros Alicante\"},\"image\":{\"@id\":\"https:\\\/\\\/plazatorosalicante.com\\\/it\\\/#\\\/schema\\\/logo\\\/image\\\/\"}}]}<\/script>\n<!-- \/ Yoast SEO plugin. -->","yoast_head_json":{"title":"Informativa sui cookie - Plaza de Toros de Alicante","robots":{"index":"index","follow":"follow","max-snippet":"max-snippet:-1","max-image-preview":"max-image-preview:large","max-video-preview":"max-video-preview:-1"},"canonical":"https:\/\/plazatorosalicante.com\/it\/informativa-sui-cookie\/","og_locale":"it_IT","og_type":"article","og_title":"Informativa sui cookie - Plaza de Toros de Alicante","og_url":"https:\/\/plazatorosalicante.com\/it\/informativa-sui-cookie\/","og_site_name":"Plaza de Toros de Alicante","article_modified_time":"2025-09-15T10:48:02+00:00","og_image":[{"width":2560,"height":1696,"url":"https:\/\/plazatorosalicante.com\/wp-content\/uploads\/2025\/03\/VIT_7836-scaled-1.jpg","type":"image\/jpeg"}],"twitter_card":"summary_large_image","twitter_misc":{"Tempo di lettura stimato":"9 minuti"},"schema":{"@context":"https:\/\/schema.org","@graph":[{"@type":"WebPage","@id":"https:\/\/plazatorosalicante.com\/it\/informativa-sui-cookie\/","url":"https:\/\/plazatorosalicante.com\/it\/informativa-sui-cookie\/","name":"Informativa sui cookie - Plaza de Toros de Alicante","isPartOf":{"@id":"https:\/\/plazatorosalicante.com\/it\/#website"},"datePublished":"2023-09-08T11:29:42+00:00","dateModified":"2025-09-15T10:48:02+00:00","breadcrumb":{"@id":"https:\/\/plazatorosalicante.com\/it\/informativa-sui-cookie\/#breadcrumb"},"inLanguage":"it-IT","potentialAction":[{"@type":"ReadAction","target":["https:\/\/plazatorosalicante.com\/it\/informativa-sui-cookie\/"]}]},{"@type":"BreadcrumbList","@id":"https:\/\/plazatorosalicante.com\/it\/informativa-sui-cookie\/#breadcrumb","itemListElement":[{"@type":"ListItem","position":1,"name":"Portada","item":"https:\/\/plazatorosalicante.com\/it\/pagina-iniziale\/"},{"@type":"ListItem","position":2,"name":"Informativa sui cookie"}]},{"@type":"WebSite","@id":"https:\/\/plazatorosalicante.com\/it\/#website","url":"https:\/\/plazatorosalicante.com\/it\/","name":"Plaza de Toros de Alicante","description":"Plaza de toros Alicante - Visitas Tur\u00edsticas y Culturales en Vivo para Individuales y Grupos","publisher":{"@id":"https:\/\/plazatorosalicante.com\/it\/#organization"},"alternateName":"La Plaza Alicante Tour","potentialAction":[{"@type":"SearchAction","target":{"@type":"EntryPoint","urlTemplate":"https:\/\/plazatorosalicante.com\/it\/?s={search_term_string}"},"query-input":{"@type":"PropertyValueSpecification","valueRequired":true,"valueName":"search_term_string"}}],"inLanguage":"it-IT"},{"@type":"Organization","@id":"https:\/\/plazatorosalicante.com\/it\/#organization","name":"Plaza de toros Alicante","alternateName":"Tour di La Plaza Alicante","url":"https:\/\/plazatorosalicante.com\/it\/","logo":{"@type":"ImageObject","inLanguage":"it-IT","@id":"https:\/\/plazatorosalicante.com\/it\/#\/schema\/logo\/image\/","url":"https:\/\/plazatorosalicante.com\/wp-content\/uploads\/2023\/10\/Logo-plaza-toros-alicante.jpg","contentUrl":"https:\/\/plazatorosalicante.com\/wp-content\/uploads\/2023\/10\/Logo-plaza-toros-alicante.jpg","width":100,"height":100,"caption":"Plaza de toros Alicante"},"image":{"@id":"https:\/\/plazatorosalicante.com\/it\/#\/schema\/logo\/image\/"}}]}},"_links":{"self":[{"href":"https:\/\/plazatorosalicante.com\/it\/wp-json\/wp\/v2\/pages\/23491","targetHints":{"allow":["GET"]}}],"collection":[{"href":"https:\/\/plazatorosalicante.com\/it\/wp-json\/wp\/v2\/pages"}],"about":[{"href":"https:\/\/plazatorosalicante.com\/it\/wp-json\/wp\/v2\/types\/page"}],"author":[{"embeddable":true,"href":"https:\/\/plazatorosalicante.com\/it\/wp-json\/wp\/v2\/users\/1"}],"replies":[{"embeddable":true,"href":"https:\/\/plazatorosalicante.com\/it\/wp-json\/wp\/v2\/comments?post=23491"}],"version-history":[{"count":2,"href":"https:\/\/plazatorosalicante.com\/it\/wp-json\/wp\/v2\/pages\/23491\/revisions"}],"predecessor-version":[{"id":23588,"href":"https:\/\/plazatorosalicante.com\/it\/wp-json\/wp\/v2\/pages\/23491\/revisions\/23588"}],"wp:attachment":[{"href":"https:\/\/plazatorosalicante.com\/it\/wp-json\/wp\/v2\/media?parent=23491"}],"curies":[{"name":"wp","href":"https:\/\/api.w.org\/{rel}","templated":true}]}}