{"id":4353,"date":"2023-10-31T11:26:49","date_gmt":"2023-10-31T11:26:49","guid":{"rendered":"https:\/\/plazatorosalicante.com\/precios\/"},"modified":"2025-01-07T11:53:38","modified_gmt":"2025-01-07T11:53:38","slug":"ceny","status":"publish","type":"page","link":"https:\/\/plazatorosalicante.com\/pl\/ceny\/","title":{"rendered":"ceny"},"content":{"rendered":"<section class=\"l-section wpb_row hide_on_tablets hide_on_mobiles height_medium\"><div class=\"l-section-h i-cf\"><div class=\"g-cols vc_row via_grid cols_1 laptops-cols_inherit tablets-cols_inherit mobiles-cols_1 valign_top type_default stacking_default\"><div class=\"wpb_column vc_column_container\"><div class=\"vc_column-inner\"><div class=\"wpb_text_column\"><div class=\"wpb_wrapper\"><h1 style=\"text-align: center;\">Ceny wycieczek po arenie byk\u00f3w<\/h1>\n<p style=\"text-align: center;\">Poni\u017cej przedstawiamy r\u00f3\u017cne ceny i atrakcje zawarte w naszych wycieczkach:<\/p>\n<\/div><\/div><div class=\"w-separator size_medium\"><\/div><div class=\"w-pricing style_simple items_3\"><div class=\"w-pricing-item type_default\"><div class=\"w-pricing-item-h\"><div class=\"w-pricing-item-header\"><div class=\"w-pricing-item-title\">Wej\u015bcie indywidualne<\/div><div class=\"w-pricing-item-price\">12\u20ac<small>na osob\u0119<\/small><\/div><\/div><ul class=\"w-pricing-item-features\"><li class=\"w-pricing-item-feature\">Audioprzewodnik<\/li><li class=\"w-pricing-item-feature\">Wizyta na arenie<\/li><li class=\"w-pricing-item-feature\">Wizyta w muzeum walk byk\u00f3w<\/li><\/ul><div class=\"w-pricing-item-footer\"><a class=\"w-btn us-btn-style_1\" style=\"font-size:15px\" href=\"https:\/\/plazatorosalicante.com\/pl\/wycieczka\/wizyta-indywidualna\/\"><span class=\"w-btn-label\">Zobacz wi\u0119cej<\/span><\/a><\/div><\/div><\/div><div class=\"w-pricing-item type_featured\"><div class=\"w-pricing-item-h\"><div class=\"w-pricing-item-header\"><div class=\"w-pricing-item-title\">Wej\u015bcie dla VIP \u00f3w<\/div><div class=\"w-pricing-item-price\">Od 13\u20ac<small>Na osob\u0119<\/small><\/div><\/div><ul class=\"w-pricing-item-features\"><li class=\"w-pricing-item-feature\">1 przewodnik, kt\u00f3ry wyja\u015bni ca\u0142\u0105 tras\u0119<\/li><li class=\"w-pricing-item-feature\">Wizyta na arenie<\/li><li class=\"w-pricing-item-feature\">Wizyta w muzeum walk byk\u00f3w<\/li><\/ul><div class=\"w-pricing-item-footer\"><a class=\"w-btn us-btn-style_1\" style=\"font-size:15px\" href=\"https:\/\/plazatorosalicante.com\/pl\/wycieczka\/bilet-vip\/\"><span class=\"w-btn-label\">Zobacz wi\u0119cej<\/span><\/a><\/div><\/div><\/div><div class=\"w-pricing-item type_default\"><div class=\"w-pricing-item-h\"><div class=\"w-pricing-item-header\"><div class=\"w-pricing-item-title\">Wej\u015bcie grupowe<\/div><div class=\"w-pricing-item-price\">Od 8\u20ac<small>Na osob\u0119<\/small><\/div><\/div><ul class=\"w-pricing-item-features\"><li class=\"w-pricing-item-feature\">Wizyta z przewodnikiem podczas ca\u0142ej wycieczki<\/li><li class=\"w-pricing-item-feature\">Wizyta na arenie<\/li><li class=\"w-pricing-item-feature\">Wizyta w muzeum walk byk\u00f3w<\/li><\/ul><div class=\"w-pricing-item-footer\"><a class=\"w-btn us-btn-style_1\" style=\"font-size:15px\" href=\"https:\/\/plazatorosalicante.com\/pl\/wycieczka\/wpis-grupowy\/\"><span class=\"w-btn-label\">Zobacz wi\u0119cej<\/span><\/a><\/div><\/div><\/div><\/div><\/div><\/div><\/div><\/div><\/section>\n","protected":false},"excerpt":{"rendered":"Ceny wycieczek po arenie byk\u00f3w Poni\u017cej przedstawiamy r\u00f3\u017cne ceny i atrakcje zawarte w naszych wycieczkach: Wej\u015bcie indywidualne12\u20acna osob\u0119AudioprzewodnikWizyta na arenieWizyta w muzeum walk byk\u00f3wZobacz wi\u0119cejWej\u015bcie dla VIP \u00f3wOd 13\u20acNa osob\u01191 przewodnik, kt\u00f3ry wyja\u015bni ca\u0142\u0105 tras\u0119Wizyta na arenieWizyta w muzeum walk byk\u00f3wZobacz wi\u0119cejWej\u015bcie grupoweOd 8\u20acNa osob\u0119Wizyta z przewodnikiem podczas ca\u0142ej wycieczkiWizyta na arenieWizyta w muzeum walk...","protected":false},"author":1,"featured_media":0,"parent":0,"menu_order":0,"comment_status":"closed","ping_status":"closed","template":"","meta":{"_acf_changed":false,"footnotes":""},"class_list":["post-4353","page","type-page","status-publish","hentry"],"acf":[],"yoast_head":"<!-- This site is optimized with the Yoast SEO plugin v27.5 - https:\/\/yoast.com\/product\/yoast-seo-wordpress\/ -->\n<title>Ceny wycieczek na aren\u0119 byk\u00f3w w Alicante | Oficjalna wycieczka<\/title>\n<meta name=\"description\" content=\"Ceny bilet\u00f3w na wycieczk\u0119 na aren\u0119 walki byk\u00f3w w Alicante. Odwied\u017a aren\u0119 walki byk\u00f3w i odkryj \u015bwiat walk byk\u00f3w\" \/>\n<meta name=\"robots\" content=\"index, follow, max-snippet:-1, max-image-preview:large, max-video-preview:-1\" \/>\n<link rel=\"canonical\" href=\"https:\/\/plazatorosalicante.com\/pl\/ceny\/\" \/>\n<meta property=\"og:locale\" content=\"pl_PL\" \/>\n<meta property=\"og:type\" content=\"article\" \/>\n<meta property=\"og:title\" content=\"Ceny wycieczek na aren\u0119 byk\u00f3w w Alicante | Oficjalna wycieczka\" \/>\n<meta property=\"og:description\" content=\"Ceny bilet\u00f3w na wycieczk\u0119 na aren\u0119 walki byk\u00f3w w Alicante. Odwied\u017a aren\u0119 walki byk\u00f3w i odkryj \u015bwiat walk byk\u00f3w\" \/>\n<meta property=\"og:url\" content=\"https:\/\/plazatorosalicante.com\/pl\/ceny\/\" \/>\n<meta property=\"og:site_name\" content=\"Plaza de Toros de Alicante\" \/>\n<meta property=\"article:modified_time\" content=\"2025-01-07T11:53:38+00:00\" \/>\n<meta property=\"og:image\" content=\"https:\/\/plazatorosalicante.com\/wp-content\/uploads\/2025\/03\/VIT_7836-scaled-1.jpg\" \/>\n\t<meta property=\"og:image:width\" content=\"2560\" \/>\n\t<meta property=\"og:image:height\" content=\"1696\" \/>\n\t<meta property=\"og:image:type\" content=\"image\/jpeg\" \/>\n<meta name=\"twitter:card\" content=\"summary_large_image\" \/>\n<meta name=\"twitter:label1\" content=\"Szacowany czas czytania\" \/>\n\t<meta name=\"twitter:data1\" content=\"1 minuta\" \/>\n<script type=\"application\/ld+json\" class=\"yoast-schema-graph\">{\"@context\":\"https:\\\/\\\/schema.org\",\"@graph\":[{\"@type\":\"WebPage\",\"@id\":\"https:\\\/\\\/plazatorosalicante.com\\\/pl\\\/ceny\\\/\",\"url\":\"https:\\\/\\\/plazatorosalicante.com\\\/pl\\\/ceny\\\/\",\"name\":\"Ceny wycieczek na aren\u0119 byk\u00f3w w Alicante | Oficjalna wycieczka\",\"isPartOf\":{\"@id\":\"https:\\\/\\\/plazatorosalicante.com\\\/pl\\\/#website\"},\"datePublished\":\"2023-10-31T11:26:49+00:00\",\"dateModified\":\"2025-01-07T11:53:38+00:00\",\"description\":\"Ceny bilet\u00f3w na wycieczk\u0119 na aren\u0119 walki byk\u00f3w w Alicante. Odwied\u017a aren\u0119 walki byk\u00f3w i odkryj \u015bwiat walk byk\u00f3w\",\"breadcrumb\":{\"@id\":\"https:\\\/\\\/plazatorosalicante.com\\\/pl\\\/ceny\\\/#breadcrumb\"},\"inLanguage\":\"pl-PL\",\"potentialAction\":[{\"@type\":\"ReadAction\",\"target\":[\"https:\\\/\\\/plazatorosalicante.com\\\/pl\\\/ceny\\\/\"]}]},{\"@type\":\"BreadcrumbList\",\"@id\":\"https:\\\/\\\/plazatorosalicante.com\\\/pl\\\/ceny\\\/#breadcrumb\",\"itemListElement\":[{\"@type\":\"ListItem\",\"position\":1,\"name\":\"Portada\",\"item\":\"https:\\\/\\\/plazatorosalicante.com\\\/pl\\\/pagina-de-inicio\\\/\"},{\"@type\":\"ListItem\",\"position\":2,\"name\":\"ceny\"}]},{\"@type\":\"WebSite\",\"@id\":\"https:\\\/\\\/plazatorosalicante.com\\\/pl\\\/#website\",\"url\":\"https:\\\/\\\/plazatorosalicante.com\\\/pl\\\/\",\"name\":\"Plaza de Toros de Alicante\",\"description\":\"Plaza de toros Alicante - Visitas Tur\u00edsticas y Culturales en Vivo para Individuales y Grupos\",\"publisher\":{\"@id\":\"https:\\\/\\\/plazatorosalicante.com\\\/pl\\\/#organization\"},\"alternateName\":\"La Plaza Alicante Tour\",\"potentialAction\":[{\"@type\":\"SearchAction\",\"target\":{\"@type\":\"EntryPoint\",\"urlTemplate\":\"https:\\\/\\\/plazatorosalicante.com\\\/pl\\\/?s={search_term_string}\"},\"query-input\":{\"@type\":\"PropertyValueSpecification\",\"valueRequired\":true,\"valueName\":\"search_term_string\"}}],\"inLanguage\":\"pl-PL\"},{\"@type\":\"Organization\",\"@id\":\"https:\\\/\\\/plazatorosalicante.com\\\/pl\\\/#organization\",\"name\":\"Plaza de toros Alicante\",\"alternateName\":\"La Plaza Alicante Tour\",\"url\":\"https:\\\/\\\/plazatorosalicante.com\\\/pl\\\/\",\"logo\":{\"@type\":\"ImageObject\",\"inLanguage\":\"pl-PL\",\"@id\":\"https:\\\/\\\/plazatorosalicante.com\\\/pl\\\/#\\\/schema\\\/logo\\\/image\\\/\",\"url\":\"https:\\\/\\\/plazatorosalicante.com\\\/wp-content\\\/uploads\\\/2023\\\/10\\\/Logo-plaza-toros-alicante.jpg\",\"contentUrl\":\"https:\\\/\\\/plazatorosalicante.com\\\/wp-content\\\/uploads\\\/2023\\\/10\\\/Logo-plaza-toros-alicante.jpg\",\"width\":100,\"height\":100,\"caption\":\"Plaza de toros Alicante\"},\"image\":{\"@id\":\"https:\\\/\\\/plazatorosalicante.com\\\/pl\\\/#\\\/schema\\\/logo\\\/image\\\/\"}}]}<\/script>\n<!-- \/ Yoast SEO plugin. -->","yoast_head_json":{"title":"Ceny wycieczek na aren\u0119 byk\u00f3w w Alicante | Oficjalna wycieczka","description":"Ceny bilet\u00f3w na wycieczk\u0119 na aren\u0119 walki byk\u00f3w w Alicante. Odwied\u017a aren\u0119 walki byk\u00f3w i odkryj \u015bwiat walk byk\u00f3w","robots":{"index":"index","follow":"follow","max-snippet":"max-snippet:-1","max-image-preview":"max-image-preview:large","max-video-preview":"max-video-preview:-1"},"canonical":"https:\/\/plazatorosalicante.com\/pl\/ceny\/","og_locale":"pl_PL","og_type":"article","og_title":"Ceny wycieczek na aren\u0119 byk\u00f3w w Alicante | Oficjalna wycieczka","og_description":"Ceny bilet\u00f3w na wycieczk\u0119 na aren\u0119 walki byk\u00f3w w Alicante. Odwied\u017a aren\u0119 walki byk\u00f3w i odkryj \u015bwiat walk byk\u00f3w","og_url":"https:\/\/plazatorosalicante.com\/pl\/ceny\/","og_site_name":"Plaza de Toros de Alicante","article_modified_time":"2025-01-07T11:53:38+00:00","og_image":[{"width":2560,"height":1696,"url":"https:\/\/plazatorosalicante.com\/wp-content\/uploads\/2025\/03\/VIT_7836-scaled-1.jpg","type":"image\/jpeg"}],"twitter_card":"summary_large_image","twitter_misc":{"Szacowany czas czytania":"1 minuta"},"schema":{"@context":"https:\/\/schema.org","@graph":[{"@type":"WebPage","@id":"https:\/\/plazatorosalicante.com\/pl\/ceny\/","url":"https:\/\/plazatorosalicante.com\/pl\/ceny\/","name":"Ceny wycieczek na aren\u0119 byk\u00f3w w Alicante | Oficjalna wycieczka","isPartOf":{"@id":"https:\/\/plazatorosalicante.com\/pl\/#website"},"datePublished":"2023-10-31T11:26:49+00:00","dateModified":"2025-01-07T11:53:38+00:00","description":"Ceny bilet\u00f3w na wycieczk\u0119 na aren\u0119 walki byk\u00f3w w Alicante. Odwied\u017a aren\u0119 walki byk\u00f3w i odkryj \u015bwiat walk byk\u00f3w","breadcrumb":{"@id":"https:\/\/plazatorosalicante.com\/pl\/ceny\/#breadcrumb"},"inLanguage":"pl-PL","potentialAction":[{"@type":"ReadAction","target":["https:\/\/plazatorosalicante.com\/pl\/ceny\/"]}]},{"@type":"BreadcrumbList","@id":"https:\/\/plazatorosalicante.com\/pl\/ceny\/#breadcrumb","itemListElement":[{"@type":"ListItem","position":1,"name":"Portada","item":"https:\/\/plazatorosalicante.com\/pl\/pagina-de-inicio\/"},{"@type":"ListItem","position":2,"name":"ceny"}]},{"@type":"WebSite","@id":"https:\/\/plazatorosalicante.com\/pl\/#website","url":"https:\/\/plazatorosalicante.com\/pl\/","name":"Plaza de Toros de Alicante","description":"Plaza de toros Alicante - Visitas Tur\u00edsticas y Culturales en Vivo para Individuales y Grupos","publisher":{"@id":"https:\/\/plazatorosalicante.com\/pl\/#organization"},"alternateName":"La Plaza Alicante Tour","potentialAction":[{"@type":"SearchAction","target":{"@type":"EntryPoint","urlTemplate":"https:\/\/plazatorosalicante.com\/pl\/?s={search_term_string}"},"query-input":{"@type":"PropertyValueSpecification","valueRequired":true,"valueName":"search_term_string"}}],"inLanguage":"pl-PL"},{"@type":"Organization","@id":"https:\/\/plazatorosalicante.com\/pl\/#organization","name":"Plaza de toros Alicante","alternateName":"La Plaza Alicante Tour","url":"https:\/\/plazatorosalicante.com\/pl\/","logo":{"@type":"ImageObject","inLanguage":"pl-PL","@id":"https:\/\/plazatorosalicante.com\/pl\/#\/schema\/logo\/image\/","url":"https:\/\/plazatorosalicante.com\/wp-content\/uploads\/2023\/10\/Logo-plaza-toros-alicante.jpg","contentUrl":"https:\/\/plazatorosalicante.com\/wp-content\/uploads\/2023\/10\/Logo-plaza-toros-alicante.jpg","width":100,"height":100,"caption":"Plaza de toros Alicante"},"image":{"@id":"https:\/\/plazatorosalicante.com\/pl\/#\/schema\/logo\/image\/"}}]}},"_links":{"self":[{"href":"https:\/\/plazatorosalicante.com\/pl\/wp-json\/wp\/v2\/pages\/4353","targetHints":{"allow":["GET"]}}],"collection":[{"href":"https:\/\/plazatorosalicante.com\/pl\/wp-json\/wp\/v2\/pages"}],"about":[{"href":"https:\/\/plazatorosalicante.com\/pl\/wp-json\/wp\/v2\/types\/page"}],"author":[{"embeddable":true,"href":"https:\/\/plazatorosalicante.com\/pl\/wp-json\/wp\/v2\/users\/1"}],"replies":[{"embeddable":true,"href":"https:\/\/plazatorosalicante.com\/pl\/wp-json\/wp\/v2\/comments?post=4353"}],"version-history":[{"count":10,"href":"https:\/\/plazatorosalicante.com\/pl\/wp-json\/wp\/v2\/pages\/4353\/revisions"}],"predecessor-version":[{"id":17583,"href":"https:\/\/plazatorosalicante.com\/pl\/wp-json\/wp\/v2\/pages\/4353\/revisions\/17583"}],"wp:attachment":[{"href":"https:\/\/plazatorosalicante.com\/pl\/wp-json\/wp\/v2\/media?parent=4353"}],"curies":[{"name":"wp","href":"https:\/\/api.w.org\/{rel}","templated":true}]}}