{"id":4356,"date":"2023-10-31T11:17:38","date_gmt":"2023-10-31T11:17:38","guid":{"rendered":"https:\/\/plazatorosalicante.com\/rozklady-wycieczek\/"},"modified":"2026-03-23T12:16:22","modified_gmt":"2026-03-23T12:16:22","slug":"rozklady-wycieczek","status":"publish","type":"page","link":"https:\/\/plazatorosalicante.com\/pl\/rozklady-wycieczek\/","title":{"rendered":"Rozk\u0142ady wycieczek"},"content":{"rendered":"<section class=\"l-section wpb_row us_custom_eef79b84 height_medium with_shape\"><div class=\"l-section-shape type_custom pos_bottom hor_flip\" style=\"height:40%;\"><svg xmlns=\"http:\/\/www.w3.org\/2000\/svg\" viewBox=\"0 0 64 8\" preserveAspectRatio=\"none\" width=\"100%\" height=\"100%\">\r\n\t<path fill=\"currentColor\" d=\"M64 8 L0 8 L0 0 L64 0 Z\"\/>\r\n<\/svg><\/div><div class=\"l-section-h i-cf\"><div class=\"g-cols vc_row via_grid cols_1 laptops-cols_inherit tablets-cols_inherit mobiles-cols_1 valign_top type_default stacking_default\"><div class=\"wpb_column vc_column_container\"><div class=\"vc_column-inner\"><h1 class=\"w-text us_custom_eb849559\"><span class=\"w-text-h\"><span class=\"w-text-value\">Harmonogram zwiedzania<\/span><\/span><\/h1><div class=\"w-separator size_medium\"><\/div><div class=\"g-cols wpb_row us_custom_d3ffd6e9 via_grid cols_2-1 laptops-cols_3-2 tablets-cols_1 mobiles-cols_1 valign_middle type_default stacking_default\" style=\"--columns-gap:0rem;\"><div class=\"wpb_column vc_column_container us_custom_c25dae36\"><div class=\"vc_column-inner\"><h3 class=\"w-text\"><span class=\"w-text-h\"><span class=\"w-text-value\">Dni odwiedzin<\/span><\/span><\/h3><div class=\"wpb_text_column\"><div class=\"wpb_wrapper\"><p><strong>Otwarte od poniedzia\u0142ku do soboty od 10:00 do 16:00 (ostatnie wej\u015bcie o 15:00)<br \/>\nNiedziele (na \u017cyczenie)<\/strong> <a class=\"w-text-h\" href=\"mailto:info@plazatorosalicante.com\" target=\"_blank\" rel=\"noopener\"><span class=\"w-text-value\">info@plazatorosalicante.com<\/span><\/a> \/<span class=\"w-text-value\"> <\/span><a class=\"w-text-h\" href=\"tel:+34%20652%20530%20788\"><span class=\"w-text-value\">+34 652 530 788<\/span><\/a><\/p>\n<\/div><\/div><div class=\"w-separator us_custom_da7ceeb3 size_small has_font_size with_line width_default thick_1 style_solid color_border align_none with_text with_content\"><div class=\"w-separator-h\"><h6 class=\"w-separator-text\"><span>Dni zamkni\u0119cia<\/span><\/h6><\/div><\/div><div class=\"w-vwrapper align_none valign_top\"><div class=\"w-text us_custom_4b9a8084\"><span class=\"w-text-h\"><span class=\"w-text-value\">24 maja<\/span><\/span><\/div><div class=\"w-text us_custom_4b9a8084\"><span class=\"w-text-h\"><span class=\"w-text-value\">Od 20 do 29 czerwca wizyty pozostan\u0105 zamkni\u0119te.<\/span><\/span><\/div><div class=\"w-text us_custom_4b9a8084\"><span class=\"w-text-h\"><span class=\"w-text-value\">25 grudnia zamkni\u0119te.<\/span><\/span><\/div><div class=\"w-text\"><span class=\"w-text-h\"><span class=\"w-text-value\">1 stycznia zamkni\u0119te<\/span><\/span><\/div><\/div><\/div><\/div><div class=\"wpb_column vc_column_container us_custom_16085f45 has_bg_color\"><div class=\"vc_column-inner\"><div class=\"w-text us_custom_eb849559\"><span class=\"w-text-h\"><span class=\"w-text-value\">Odwied\u017a aren\u0119 byk\u00f3w<\/span><\/span><\/div><div class=\"w-text us_custom_494b480a has_text_color\"><span class=\"w-text-h\"><span class=\"w-text-value\">Od 12<\/span><\/span><\/div><div class=\"w-btn-wrapper align_justify\"><a class=\"w-btn us-btn-style_1\" target=\"_blank\" href=\"https:\/\/tickets.plazatorosalicante.com\/\"><span class=\"w-btn-label\">Kup bilet<\/span><\/a><\/div><div class=\"w-separator size_custom\" style=\"height:1rem\"><\/div><\/div><\/div><\/div><\/div><\/div><\/div><\/div><\/section><section class=\"l-section wpb_row height_medium\"><div class=\"l-section-h i-cf\"><div class=\"g-cols vc_row via_grid cols_1 laptops-cols_inherit tablets-cols_inherit mobiles-cols_1 valign_top type_default stacking_default\"><div class=\"wpb_column vc_column_container\"><div class=\"vc_column-inner\"><div class=\"wpb_text_column\"><div class=\"wpb_wrapper\"><h3>Klas:<\/h3>\n<ul>\n<li>Ze wzgl\u0119d\u00f3w organizacyjnych Zwiedzanie mo\u017ce zmieni\u0107 tras\u0119 i harmonogram, informuj\u0105c o tym zwiedzaj\u0105cego przed wej\u015bciem. Telefon: informacja: +34 679 58 35 36  <\/li>\n<li>Wycieczka do Alicante jest dost\u0119pna dla os\u00f3b niepe\u0142nosprawnych i poruszaj\u0105cych si\u0119 na w\u00f3zkach inwalidzkich.<\/li>\n<li>Kasa czynna do p\u00f3\u0142 godziny przed zamkni\u0119ciem.<\/li>\n<\/ul>\n<\/div><\/div><\/div><\/div><\/div><\/div><\/section><section class=\"l-section wpb_row height_medium\"><div class=\"l-section-h i-cf\"><div class=\"g-cols vc_row via_grid cols_1 laptops-cols_inherit tablets-cols_inherit mobiles-cols_1 valign_top type_default stacking_default\"><div class=\"wpb_column vc_column_container\"><div class=\"vc_column-inner\"><div class=\"wpb_text_column\"><div class=\"wpb_wrapper\"><h2>Wycieczki, kt\u00f3re mo\u017cesz wzi\u0105\u0107<\/h2>\n<\/div><\/div><div class=\"w-separator size_medium\"><\/div><div class=\"g-cols wpb_row via_grid cols_3 laptops-cols_inherit tablets-cols_inherit mobiles-cols_1 valign_top type_default stacking_default\" style=\"--columns-gap:3rem;\"><div class=\"wpb_column vc_column_container\"><div class=\"vc_column-inner\"><div class=\"w-ibanner us_custom_a10ddd82 has_text_color animation_phorcys ratio_3x2 easing_ease\"><a title=\"indywidualna wizyta w alicante bullring\" href=\"https:\/\/plazatorosalicante.com\/pl\/wycieczka\/wizyta-indywidualna\/\" aria-label=\"Wizyta indywidualna\"><\/a><div class=\"w-ibanner-h\"><div class=\"w-ibanner-image\" style=\"background-image: url(https:\/\/plazatorosalicante.com\/wp-content\/uploads\/2023\/12\/audioguia.webp)\"><\/div><div class=\"w-ibanner-content\"><div class=\"w-ibanner-content-h\"><h3 class=\"w-ibanner-title\">Wizyta indywidualna<\/h3><div class=\"w-ibanner-desc\"><\/div><\/div><\/div><\/div><\/div><\/div><\/div><div class=\"wpb_column vc_column_container\"><div class=\"vc_column-inner\"><div class=\"w-ibanner us_custom_a10ddd82 has_text_color animation_phorcys ratio_3x2 easing_ease\"><a title=\"prywatna wizyta w alicante bullring\" href=\"https:\/\/plazatorosalicante.com\/pl\/wycieczka\/bilet-vip\/\" aria-label=\"Prywatna wizyta\"><\/a><div class=\"w-ibanner-h\"><div class=\"w-ibanner-image\" style=\"background-image: url(https:\/\/plazatorosalicante.com\/wp-content\/uploads\/2024\/03\/Guia-privado.webp)\"><\/div><div class=\"w-ibanner-content\"><div class=\"w-ibanner-content-h\"><h3 class=\"w-ibanner-title\">Prywatna wizyta<\/h3><div class=\"w-ibanner-desc\"><\/div><\/div><\/div><\/div><\/div><\/div><\/div><div class=\"wpb_column vc_column_container\"><div class=\"vc_column-inner\"><div class=\"w-ibanner us_custom_a10ddd82 has_text_color animation_phorcys ratio_3x2 easing_ease\"><a title=\"wizyty grupowe w alicante bullring\" href=\"https:\/\/plazatorosalicante.com\/pl\/wycieczka\/wpis-grupowy\/\" aria-label=\"Wizyta dla grup\"><\/a><div class=\"w-ibanner-h\"><div class=\"w-ibanner-image\" style=\"background-image: url(https:\/\/plazatorosalicante.com\/wp-content\/uploads\/2024\/03\/visita-grupal.jpg)\"><\/div><div class=\"w-ibanner-content\"><div class=\"w-ibanner-content-h\"><h3 class=\"w-ibanner-title\">Wizyta dla grup<\/h3><div class=\"w-ibanner-desc\"><\/div><\/div><\/div><\/div><\/div><\/div><\/div><\/div><\/div><\/div><\/div><\/div><\/section>\n","protected":false},"excerpt":{"rendered":"Harmonogram zwiedzaniaDni odwiedzinOtwarte od poniedzia\u0142ku do soboty od 10:00 do 16:00 (ostatnie wej\u015bcie o 15:00) Niedziele (na \u017cyczenie) info@plazatorosalicante.com \/ +34 652 530 788 Dni zamkni\u0119cia24 majaOd 20 do 29 czerwca wizyty pozostan\u0105 zamkni\u0119te.25 grudnia zamkni\u0119te.1 stycznia zamkni\u0119teOdwied\u017a aren\u0119 byk\u00f3wOd 12Kup biletKlas: Ze wzgl\u0119d\u00f3w organizacyjnych Zwiedzanie mo\u017ce zmieni\u0107 tras\u0119 i harmonogram, informuj\u0105c o tym zwiedzaj\u0105cego...","protected":false},"author":1,"featured_media":0,"parent":0,"menu_order":0,"comment_status":"closed","ping_status":"closed","template":"","meta":{"_acf_changed":false,"footnotes":""},"class_list":["post-4356","page","type-page","status-publish","hentry"],"acf":[],"yoast_head":"<!-- This site is optimized with the Yoast SEO plugin v27.4 - https:\/\/yoast.com\/product\/yoast-seo-wordpress\/ -->\n<title>Godziny zwiedzania Arena walki byk\u00f3w w Alicante | Odwied\u017a Plaza+Muzeum<\/title>\n<meta name=\"description\" content=\"Harmonogram zwiedzania areny walki byk\u00f3w w Alicante. Kup bilety online i odwied\u017a pomnik walk byk\u00f3w oraz muzeum w Alicante.\" \/>\n<meta name=\"robots\" content=\"index, follow, max-snippet:-1, max-image-preview:large, max-video-preview:-1\" \/>\n<link rel=\"canonical\" href=\"https:\/\/plazatorosalicante.com\/pl\/rozklady-wycieczek\/\" \/>\n<meta property=\"og:locale\" content=\"pl_PL\" \/>\n<meta property=\"og:type\" content=\"article\" \/>\n<meta property=\"og:title\" content=\"Godziny zwiedzania Arena walki byk\u00f3w w Alicante | Odwied\u017a Plaza+Muzeum\" \/>\n<meta property=\"og:description\" content=\"Harmonogram zwiedzania areny walki byk\u00f3w w Alicante. Kup bilety online i odwied\u017a pomnik walk byk\u00f3w oraz muzeum w Alicante.\" \/>\n<meta property=\"og:url\" content=\"https:\/\/plazatorosalicante.com\/pl\/rozklady-wycieczek\/\" \/>\n<meta property=\"og:site_name\" content=\"Plaza de Toros de Alicante\" \/>\n<meta property=\"article:modified_time\" content=\"2026-03-23T12:16:22+00:00\" \/>\n<meta property=\"og:image\" content=\"https:\/\/plazatorosalicante.com\/wp-content\/uploads\/2025\/03\/VIT_7836-scaled-1.jpg\" \/>\n\t<meta property=\"og:image:width\" content=\"2560\" \/>\n\t<meta property=\"og:image:height\" content=\"1696\" \/>\n\t<meta property=\"og:image:type\" content=\"image\/jpeg\" \/>\n<meta name=\"twitter:card\" content=\"summary_large_image\" \/>\n<meta name=\"twitter:label1\" content=\"Szacowany czas czytania\" \/>\n\t<meta name=\"twitter:data1\" content=\"1 minuta\" \/>\n<script type=\"application\/ld+json\" class=\"yoast-schema-graph\">{\"@context\":\"https:\\\/\\\/schema.org\",\"@graph\":[{\"@type\":\"WebPage\",\"@id\":\"https:\\\/\\\/plazatorosalicante.com\\\/pl\\\/rozklady-wycieczek\\\/\",\"url\":\"https:\\\/\\\/plazatorosalicante.com\\\/pl\\\/rozklady-wycieczek\\\/\",\"name\":\"Godziny zwiedzania Arena walki byk\u00f3w w Alicante | Odwied\u017a Plaza+Muzeum\",\"isPartOf\":{\"@id\":\"https:\\\/\\\/plazatorosalicante.com\\\/pl\\\/#website\"},\"datePublished\":\"2023-10-31T11:17:38+00:00\",\"dateModified\":\"2026-03-23T12:16:22+00:00\",\"description\":\"Harmonogram zwiedzania areny walki byk\u00f3w w Alicante. Kup bilety online i odwied\u017a pomnik walk byk\u00f3w oraz muzeum w Alicante.\",\"breadcrumb\":{\"@id\":\"https:\\\/\\\/plazatorosalicante.com\\\/pl\\\/rozklady-wycieczek\\\/#breadcrumb\"},\"inLanguage\":\"pl-PL\",\"potentialAction\":[{\"@type\":\"ReadAction\",\"target\":[\"https:\\\/\\\/plazatorosalicante.com\\\/pl\\\/rozklady-wycieczek\\\/\"]}]},{\"@type\":\"BreadcrumbList\",\"@id\":\"https:\\\/\\\/plazatorosalicante.com\\\/pl\\\/rozklady-wycieczek\\\/#breadcrumb\",\"itemListElement\":[{\"@type\":\"ListItem\",\"position\":1,\"name\":\"Portada\",\"item\":\"https:\\\/\\\/plazatorosalicante.com\\\/pl\\\/pagina-de-inicio\\\/\"},{\"@type\":\"ListItem\",\"position\":2,\"name\":\"Rozk\u0142ady wycieczek\"}]},{\"@type\":\"WebSite\",\"@id\":\"https:\\\/\\\/plazatorosalicante.com\\\/pl\\\/#website\",\"url\":\"https:\\\/\\\/plazatorosalicante.com\\\/pl\\\/\",\"name\":\"Plaza de Toros de Alicante\",\"description\":\"Plaza de toros Alicante - Visitas Tur\u00edsticas y Culturales en Vivo para Individuales y Grupos\",\"publisher\":{\"@id\":\"https:\\\/\\\/plazatorosalicante.com\\\/pl\\\/#organization\"},\"alternateName\":\"La Plaza Alicante Tour\",\"potentialAction\":[{\"@type\":\"SearchAction\",\"target\":{\"@type\":\"EntryPoint\",\"urlTemplate\":\"https:\\\/\\\/plazatorosalicante.com\\\/pl\\\/?s={search_term_string}\"},\"query-input\":{\"@type\":\"PropertyValueSpecification\",\"valueRequired\":true,\"valueName\":\"search_term_string\"}}],\"inLanguage\":\"pl-PL\"},{\"@type\":\"Organization\",\"@id\":\"https:\\\/\\\/plazatorosalicante.com\\\/pl\\\/#organization\",\"name\":\"Plaza de toros Alicante\",\"alternateName\":\"La Plaza Alicante Tour\",\"url\":\"https:\\\/\\\/plazatorosalicante.com\\\/pl\\\/\",\"logo\":{\"@type\":\"ImageObject\",\"inLanguage\":\"pl-PL\",\"@id\":\"https:\\\/\\\/plazatorosalicante.com\\\/pl\\\/#\\\/schema\\\/logo\\\/image\\\/\",\"url\":\"https:\\\/\\\/plazatorosalicante.com\\\/wp-content\\\/uploads\\\/2023\\\/10\\\/Logo-plaza-toros-alicante.jpg\",\"contentUrl\":\"https:\\\/\\\/plazatorosalicante.com\\\/wp-content\\\/uploads\\\/2023\\\/10\\\/Logo-plaza-toros-alicante.jpg\",\"width\":100,\"height\":100,\"caption\":\"Plaza de toros Alicante\"},\"image\":{\"@id\":\"https:\\\/\\\/plazatorosalicante.com\\\/pl\\\/#\\\/schema\\\/logo\\\/image\\\/\"}}]}<\/script>\n<!-- \/ Yoast SEO plugin. -->","yoast_head_json":{"title":"Godziny zwiedzania Arena walki byk\u00f3w w Alicante | Odwied\u017a Plaza+Muzeum","description":"Harmonogram zwiedzania areny walki byk\u00f3w w Alicante. Kup bilety online i odwied\u017a pomnik walk byk\u00f3w oraz muzeum w Alicante.","robots":{"index":"index","follow":"follow","max-snippet":"max-snippet:-1","max-image-preview":"max-image-preview:large","max-video-preview":"max-video-preview:-1"},"canonical":"https:\/\/plazatorosalicante.com\/pl\/rozklady-wycieczek\/","og_locale":"pl_PL","og_type":"article","og_title":"Godziny zwiedzania Arena walki byk\u00f3w w Alicante | Odwied\u017a Plaza+Muzeum","og_description":"Harmonogram zwiedzania areny walki byk\u00f3w w Alicante. Kup bilety online i odwied\u017a pomnik walk byk\u00f3w oraz muzeum w Alicante.","og_url":"https:\/\/plazatorosalicante.com\/pl\/rozklady-wycieczek\/","og_site_name":"Plaza de Toros de Alicante","article_modified_time":"2026-03-23T12:16:22+00:00","og_image":[{"width":2560,"height":1696,"url":"https:\/\/plazatorosalicante.com\/wp-content\/uploads\/2025\/03\/VIT_7836-scaled-1.jpg","type":"image\/jpeg"}],"twitter_card":"summary_large_image","twitter_misc":{"Szacowany czas czytania":"1 minuta"},"schema":{"@context":"https:\/\/schema.org","@graph":[{"@type":"WebPage","@id":"https:\/\/plazatorosalicante.com\/pl\/rozklady-wycieczek\/","url":"https:\/\/plazatorosalicante.com\/pl\/rozklady-wycieczek\/","name":"Godziny zwiedzania Arena walki byk\u00f3w w Alicante | Odwied\u017a Plaza+Muzeum","isPartOf":{"@id":"https:\/\/plazatorosalicante.com\/pl\/#website"},"datePublished":"2023-10-31T11:17:38+00:00","dateModified":"2026-03-23T12:16:22+00:00","description":"Harmonogram zwiedzania areny walki byk\u00f3w w Alicante. Kup bilety online i odwied\u017a pomnik walk byk\u00f3w oraz muzeum w Alicante.","breadcrumb":{"@id":"https:\/\/plazatorosalicante.com\/pl\/rozklady-wycieczek\/#breadcrumb"},"inLanguage":"pl-PL","potentialAction":[{"@type":"ReadAction","target":["https:\/\/plazatorosalicante.com\/pl\/rozklady-wycieczek\/"]}]},{"@type":"BreadcrumbList","@id":"https:\/\/plazatorosalicante.com\/pl\/rozklady-wycieczek\/#breadcrumb","itemListElement":[{"@type":"ListItem","position":1,"name":"Portada","item":"https:\/\/plazatorosalicante.com\/pl\/pagina-de-inicio\/"},{"@type":"ListItem","position":2,"name":"Rozk\u0142ady wycieczek"}]},{"@type":"WebSite","@id":"https:\/\/plazatorosalicante.com\/pl\/#website","url":"https:\/\/plazatorosalicante.com\/pl\/","name":"Plaza de Toros de Alicante","description":"Plaza de toros Alicante - Visitas Tur\u00edsticas y Culturales en Vivo para Individuales y Grupos","publisher":{"@id":"https:\/\/plazatorosalicante.com\/pl\/#organization"},"alternateName":"La Plaza Alicante Tour","potentialAction":[{"@type":"SearchAction","target":{"@type":"EntryPoint","urlTemplate":"https:\/\/plazatorosalicante.com\/pl\/?s={search_term_string}"},"query-input":{"@type":"PropertyValueSpecification","valueRequired":true,"valueName":"search_term_string"}}],"inLanguage":"pl-PL"},{"@type":"Organization","@id":"https:\/\/plazatorosalicante.com\/pl\/#organization","name":"Plaza de toros Alicante","alternateName":"La Plaza Alicante Tour","url":"https:\/\/plazatorosalicante.com\/pl\/","logo":{"@type":"ImageObject","inLanguage":"pl-PL","@id":"https:\/\/plazatorosalicante.com\/pl\/#\/schema\/logo\/image\/","url":"https:\/\/plazatorosalicante.com\/wp-content\/uploads\/2023\/10\/Logo-plaza-toros-alicante.jpg","contentUrl":"https:\/\/plazatorosalicante.com\/wp-content\/uploads\/2023\/10\/Logo-plaza-toros-alicante.jpg","width":100,"height":100,"caption":"Plaza de toros Alicante"},"image":{"@id":"https:\/\/plazatorosalicante.com\/pl\/#\/schema\/logo\/image\/"}}]}},"_links":{"self":[{"href":"https:\/\/plazatorosalicante.com\/pl\/wp-json\/wp\/v2\/pages\/4356","targetHints":{"allow":["GET"]}}],"collection":[{"href":"https:\/\/plazatorosalicante.com\/pl\/wp-json\/wp\/v2\/pages"}],"about":[{"href":"https:\/\/plazatorosalicante.com\/pl\/wp-json\/wp\/v2\/types\/page"}],"author":[{"embeddable":true,"href":"https:\/\/plazatorosalicante.com\/pl\/wp-json\/wp\/v2\/users\/1"}],"replies":[{"embeddable":true,"href":"https:\/\/plazatorosalicante.com\/pl\/wp-json\/wp\/v2\/comments?post=4356"}],"version-history":[{"count":20,"href":"https:\/\/plazatorosalicante.com\/pl\/wp-json\/wp\/v2\/pages\/4356\/revisions"}],"predecessor-version":[{"id":25437,"href":"https:\/\/plazatorosalicante.com\/pl\/wp-json\/wp\/v2\/pages\/4356\/revisions\/25437"}],"wp:attachment":[{"href":"https:\/\/plazatorosalicante.com\/pl\/wp-json\/wp\/v2\/media?parent=4356"}],"curies":[{"name":"wp","href":"https:\/\/api.w.org\/{rel}","templated":true}]}}