{"id":4456,"date":"2023-09-11T10:44:24","date_gmt":"2023-09-11T10:44:24","guid":{"rendered":"https:\/\/plazatorosalicante.com\/na-placu\/"},"modified":"2024-05-07T09:17:22","modified_gmt":"2024-05-07T09:17:22","slug":"na-placu","status":"publish","type":"page","link":"https:\/\/plazatorosalicante.com\/pl\/na-placu\/","title":{"rendered":"Na placu"},"content":{"rendered":"<section class=\"l-section wpb_row height_medium\"><div class=\"l-section-h i-cf\"><div class=\"g-cols vc_row via_grid cols_1 laptops-cols_inherit tablets-cols_inherit mobiles-cols_1 valign_top type_default stacking_default\"><div class=\"wpb_column vc_column_container\"><div class=\"vc_column-inner\"><div class=\"wpb_text_column\"><div class=\"wpb_wrapper\"><h1 style=\"text-align: center;\">INFORMACJE O ALICANTE BULL PLAZA<\/h1>\n<\/div><\/div><\/div><\/div><\/div><\/div><\/section><section class=\"l-section wpb_row height_medium\"><div class=\"l-section-h i-cf\"><div class=\"g-cols vc_row via_grid cols_2 laptops-cols_inherit tablets-cols_inherit mobiles-cols_1 valign_middle type_default stacking_default\"><div class=\"wpb_column vc_column_container\"><div class=\"vc_column-inner\"><div class=\"w-image align_none\"><div class=\"w-image-h\"><img decoding=\"async\" width=\"640\" height=\"640\" src=\"https:\/\/plazatorosalicante.com\/wp-content\/uploads\/2023\/10\/Puerta-grande-plaza-alicante.jpg\" class=\"attachment-large size-large\" alt=\"Arena walk byk\u00f3w w Alicante si\u0119 rozci\u0105ga\" loading=\"lazy\" srcset=\"https:\/\/plazatorosalicante.com\/wp-content\/uploads\/2023\/10\/Puerta-grande-plaza-alicante.jpg 640w, https:\/\/plazatorosalicante.com\/wp-content\/uploads\/2023\/10\/Puerta-grande-plaza-alicante-300x300.jpg 300w, https:\/\/plazatorosalicante.com\/wp-content\/uploads\/2023\/10\/Puerta-grande-plaza-alicante-150x150.jpg 150w, https:\/\/plazatorosalicante.com\/wp-content\/uploads\/2023\/10\/Puerta-grande-plaza-alicante-600x600.jpg 600w\" sizes=\"auto, (max-width: 640px) 100vw, 640px\" \/><\/div><\/div><\/div><\/div><div class=\"wpb_column vc_column_container\"><div class=\"vc_column-inner\"><div class=\"wpb_text_column\"><div class=\"wpb_wrapper\"><h2>Historia areny<\/h2>\n<ul>\n<li><strong>Geneza i budowa:<\/strong> Pomys\u0142 budowy areny do walki byk\u00f3w w Alicante powsta\u0142 na pocz\u0105tku XIX wieku. Prace, zaprojektowane przez architekta Jos\u00e9 Guardiol\u0119 Pic\u00f3, rozpocz\u0119\u0142y si\u0119 w 1847 r., a zako\u0144czono w 1888 r. Jego budowa sama w sobie by\u0142a monumentalnym osi\u0105gni\u0119ciem, bior\u0105c pod uwag\u0119 wyzwanie techniczne, jakie stanowi\u0142 czas, oraz z\u0142o\u017cono\u015b\u0107 architektury zwi\u0105zanej z walkami byk\u00f3w.<\/li>\n<li><strong>Baustil:<\/strong> Die Stierkampfarena von Alicante pr\u00e4sentiert eine popul\u00e4re Architektur, die durch den Einfluss architektonischer Elemente der Zeit gekennzeichnet ist. Dieser Stil l\u00e4sst sich an den Rundb\u00f6gen, den Fenstern und den ornamentalen Details erkennen, die die Fassade und das Innere des Platzes schm\u00fccken.<\/li>\n<li><strong>Kapazit\u00e4t und Design:<\/strong> Der Platz bietet Platz f\u00fcr mehr als 11.600 Zuschauer und ist damit einer der gr\u00f6\u00dften in Spanien. Okr\u0105g\u0142a konstrukcja i uk\u0142ad linii umo\u017cliwiaj\u0105 optymalny widok z ka\u017cdego miejsca, co przyczynia si\u0119 do ekscytacji i udzia\u0142u publiczno\u015bci podczas walk byk\u00f3w.<\/li>\n<li><strong>Wydarzenia historyczne:<\/strong> Na przestrzeni lat arena walki byk\u00f3w w Alicante by\u0142a \u015bwiadkiem wielu wydarze\u0144 historycznych i niezapomnianych wyst\u0119p\u00f3w s\u0142ynnych torreador\u00f3w. Te walki byk\u00f3w ukszta\u0142towa\u0142y wa\u017cn\u0105 cz\u0119\u015b\u0107 tradycji walk byk\u00f3w w regionie i przyczyni\u0142y si\u0119 do reputacji areny walki byk\u00f3w.<\/li>\n<\/ul>\n<\/div><\/div><\/div><\/div><\/div><\/div><\/section><section class=\"l-section wpb_row height_medium color_alternate\"><div class=\"l-section-h i-cf\"><div class=\"g-cols vc_row via_grid cols_1 laptops-cols_inherit tablets-cols_inherit mobiles-cols_1 valign_middle type_default stacking_default\"><div class=\"wpb_column vc_column_container\"><div class=\"vc_column-inner\"><div class=\"wpb_text_column\"><div class=\"wpb_wrapper\"><p><span style=\"font-weight: 400;\">Die Stierkampfarena von Alicante ist ein kulturelles und architektonisches Wahrzeichen in der Provinz Alicante, Spanien. Jego historia si\u0119ga XIX wieku, kiedy w regionie entuzjazm dla walk byk\u00f3w by\u0142 najwi\u0119kszy.<\/span><\/p>\n<\/div><\/div><\/div><\/div><\/div><\/div><\/section><section class=\"l-section wpb_row height_medium\"><div class=\"l-section-h i-cf\"><div class=\"g-cols vc_row via_grid cols_2 laptops-cols_inherit tablets-cols_inherit mobiles-cols_1 valign_middle type_default stacking_default\"><div class=\"wpb_column vc_column_container\"><div class=\"vc_column-inner\"><div class=\"w-image align_none\"><div class=\"w-image-h\"><img decoding=\"async\" width=\"640\" height=\"640\" src=\"https:\/\/plazatorosalicante.com\/wp-content\/uploads\/2023\/10\/Tendidos-plaza-toros.jpg\" class=\"attachment-large size-large\" alt=\"Arena walk byk\u00f3w w Alicante si\u0119 rozci\u0105ga\" loading=\"lazy\" srcset=\"https:\/\/plazatorosalicante.com\/wp-content\/uploads\/2023\/10\/Tendidos-plaza-toros.jpg 640w, https:\/\/plazatorosalicante.com\/wp-content\/uploads\/2023\/10\/Tendidos-plaza-toros-300x300.jpg 300w, https:\/\/plazatorosalicante.com\/wp-content\/uploads\/2023\/10\/Tendidos-plaza-toros-150x150.jpg 150w, https:\/\/plazatorosalicante.com\/wp-content\/uploads\/2023\/10\/Tendidos-plaza-toros-600x600.jpg 600w\" sizes=\"auto, (max-width: 640px) 100vw, 640px\" \/><\/div><\/div><\/div><\/div><div class=\"wpb_column vc_column_container\"><div class=\"vc_column-inner\"><div class=\"wpb_text_column\"><div class=\"wpb_wrapper\"><h2>Unikalna architektura i design<\/h2>\n<ul>\n<li><strong>Stil:<\/strong> Die Stierkampfarena von Alicante zeichnet sich durch ihren beliebten Architekturstil aus. Die Au\u00dfenfassade zeichnet sich durch ihre N\u00fcchternheit und die helle Erdfarbe aus, die ein Gef\u00fchl von Eleganz und Stierkampf-Authentizit\u00e4t hervorrufen.<\/li>\n<li><strong>Pier\u015bcie\u0144 centralny:<\/strong> Sercem placu jest jego centralny pier\u015bcie\u0144. Przestrze\u0144 ta jest przestronna i otwarta, co pozwala torreadorom i bykom pokaza\u0107 si\u0119 z jak najlepszej strony.<\/li>\n<li><strong>Sceny i pude\u0142ka:<\/strong> oferuj\u0105 panoramiczny widok na akcj\u0119. G\u00f3rne partie wznosz\u0105 si\u0119 na kolejne poziomy, zapewniaj\u0105c pe\u0142ny widok na aren\u0119 i tworz\u0105c niepowtarzaln\u0105 atmosfer\u0119 emocji.<\/li>\n<li><strong>Kolor i szczeg\u00f3\u0142y:<\/strong> Projekt placu obejmuje \u017cyw\u0105 palet\u0119 kolor\u00f3w z ceramicznymi mozaikami zdobi\u0105cymi \u015bciany i pod\u0142og\u0119. Detale artystyczne, takie jak p\u0142ytki dekoracyjne, dodaj\u0105 architekturze charakterystycznego akcentu.<\/li>\n<\/ul>\n<\/div><\/div><\/div><\/div><\/div><\/div><\/section><section class=\"l-section wpb_row height_medium color_alternate\"><div class=\"l-section-h i-cf\"><div class=\"g-cols vc_row via_grid cols_1 laptops-cols_inherit tablets-cols_inherit mobiles-cols_1 valign_middle type_default stacking_default\"><div class=\"wpb_column vc_column_container\"><div class=\"vc_column-inner\"><div class=\"wpb_text_column\"><div class=\"wpb_wrapper\"><h3>Wi\u0119cej ni\u017c arena<\/h3>\n<p><span style=\"font-weight: 400;\">Arena walk byk\u00f3w w Alicante jest symbolem kultury i historii regionu. Jego wyj\u0105tkowa architektura i bogata historia sprawiaj\u0105, \u017ce jest to obowi\u0105zkowy cel podr\u00f3\u017cy dla mi\u0142o\u015bnik\u00f3w walk byk\u00f3w i mi\u0142o\u015bnik\u00f3w architektury. Plac ten by\u0142 \u015bwiadkiem wielowiekowej tradycji walk byk\u00f3w i pozostaje emblematycznym miejscem, w kt\u00f3rym pasja i elegancja spotykaj\u0105 si\u0119 podczas ka\u017cdej walki byk\u00f3w.<\/span><\/p>\n<\/div><\/div><\/div><\/div><\/div><\/div><\/section><section class=\"l-section wpb_row height_medium\"><div class=\"l-section-h i-cf\"><div class=\"g-cols vc_row via_grid cols_1 laptops-cols_inherit tablets-cols_inherit mobiles-cols_1 valign_top type_default stacking_default\"><div class=\"wpb_column vc_column_container\"><div class=\"vc_column-inner\"><div class=\"wpb_text_column\"><div class=\"wpb_wrapper\"><h2>Chcesz odwiedzi\u0107 aren\u0119 byk\u00f3w??<\/h2>\n<p>Wycieczka na aren\u0119 byk\u00f3w w Alicante jest ju\u017c dost\u0119pna. Wybierz rodzaj biletu, kt\u00f3ry najbardziej Ci\u0119 interesuje i ciesz si\u0119 niezr\u00f3wnan\u0105 wizyt\u0105 turystyczn\u0105.<\/p>\n<\/div><\/div><div class=\"g-cols wpb_row via_grid cols_3 laptops-cols_inherit tablets-cols_inherit mobiles-cols_1 valign_top type_default stacking_default\" style=\"--columns-gap:3rem;\"><div class=\"wpb_column vc_column_container\"><div class=\"vc_column-inner\"><div class=\"w-ibanner us_custom_e7c215f2 has_text_color animation_caeros ratio_3x2 easing_ease\"><a href=\"https:\/\/plazatorosalicante.com\/pl\/wycieczka\/wizyta-indywidualna\/\" aria-label=\"Wpis indywidualny\"><\/a><div class=\"w-ibanner-h\"><div class=\"w-ibanner-image\" style=\"background-image: url(https:\/\/plazatorosalicante.com\/wp-content\/uploads\/2023\/11\/Tour-plaza-de-toros-alicante-1024x652.webp)\"><\/div><div class=\"w-ibanner-content\"><div class=\"w-ibanner-content-h\"><h3 class=\"w-ibanner-title\">Wpis indywidualny<\/h3><div class=\"w-ibanner-desc\"><p>Idealny do zwiedzania placu we w\u0142asnym tempie.<\/p>\n<\/div><\/div><\/div><\/div><\/div><\/div><\/div><div class=\"wpb_column vc_column_container\"><div class=\"vc_column-inner\"><div class=\"w-ibanner us_custom_e1b7d205 has_text_color animation_caeros ratio_3x2 easing_ease\"><a href=\"https:\/\/plazatorosalicante.com\/pl\/wycieczka\/bilet-vip\/\" aria-label=\"Wej\u015bcie dla VIP-\u00f3w\"><\/a><div class=\"w-ibanner-h\"><div class=\"w-ibanner-image\" style=\"background-image: url(https:\/\/plazatorosalicante.com\/wp-content\/uploads\/2024\/03\/Guia-privado.webp)\"><\/div><div class=\"w-ibanner-content\"><div class=\"w-ibanner-content-h\"><h3 class=\"w-ibanner-title\">Wej\u015bcie dla VIP-\u00f3w<\/h3><div class=\"w-ibanner-desc\"><p>Idealny dla tych, kt\u00f3rzy chc\u0105 zwiedza\u0107 z przewodnikiem.<\/p>\n<\/div><\/div><\/div><\/div><\/div><\/div><\/div><div class=\"wpb_column vc_column_container\"><div class=\"vc_column-inner\"><div class=\"w-ibanner us_custom_3f22c716 has_text_color animation_caeros ratio_3x2 easing_ease\"><a href=\"https:\/\/plazatorosalicante.com\/pl\/wycieczka\/wpis-grupowy\/\" aria-label=\"Bilet grupowy\"><\/a><div class=\"w-ibanner-h\"><div class=\"w-ibanner-image\" style=\"background-image: url(https:\/\/plazatorosalicante.com\/wp-content\/uploads\/2024\/03\/visita-grupal.jpg)\"><\/div><div class=\"w-ibanner-content\"><div class=\"w-ibanner-content-h\"><h3 class=\"w-ibanner-title\">Bilet grupowy<\/h3><div class=\"w-ibanner-desc\"><p>Dla grup szkolnych lub doros\u0142ych.<\/p>\n<\/div><\/div><\/div><\/div><\/div><\/div><\/div><\/div><\/div><\/div><\/div><\/div><\/section>\n","protected":false},"excerpt":{"rendered":"INFORMACJE O ALICANTE BULL PLAZA Historia areny Geneza i budowa: Pomys\u0142 budowy areny do walki byk\u00f3w w Alicante powsta\u0142 na pocz\u0105tku XIX wieku. Prace, zaprojektowane przez architekta Jos\u00e9 Guardiol\u0119 Pic\u00f3, rozpocz\u0119\u0142y si\u0119 w 1847 r., a zako\u0144czono w 1888 r. Jego budowa sama w sobie by\u0142a monumentalnym osi\u0105gni\u0119ciem, bior\u0105c pod uwag\u0119 wyzwanie techniczne, jakie stanowi\u0142...","protected":false},"author":1,"featured_media":0,"parent":0,"menu_order":0,"comment_status":"closed","ping_status":"closed","template":"","meta":{"_acf_changed":false,"footnotes":""},"class_list":["post-4456","page","type-page","status-publish","hentry"],"acf":[],"yoast_head":"<!-- This site is optimized with the Yoast SEO plugin v27.4 - https:\/\/yoast.com\/product\/yoast-seo-wordpress\/ -->\n<title>Historia Arena Alicante | Plac Alicante<\/title>\n<meta name=\"description\" content=\"Wszystko, co musisz wiedzie\u0107 o arenie walki byk\u00f3w w Alicante. Poznaj jego histori\u0119, architektur\u0119 i ciekawostki [Plaza de Toros Alicante]\" \/>\n<meta name=\"robots\" content=\"index, follow, max-snippet:-1, max-image-preview:large, max-video-preview:-1\" \/>\n<link rel=\"canonical\" href=\"https:\/\/plazatorosalicante.com\/pl\/na-placu\/\" \/>\n<meta property=\"og:locale\" content=\"pl_PL\" \/>\n<meta property=\"og:type\" content=\"article\" \/>\n<meta property=\"og:title\" content=\"Historia Arena Alicante | Plac Alicante\" \/>\n<meta property=\"og:description\" content=\"Wszystko, co musisz wiedzie\u0107 o arenie walki byk\u00f3w w Alicante. Poznaj jego histori\u0119, architektur\u0119 i ciekawostki [Plaza de Toros Alicante]\" \/>\n<meta property=\"og:url\" content=\"https:\/\/plazatorosalicante.com\/pl\/na-placu\/\" \/>\n<meta property=\"og:site_name\" content=\"Plaza de Toros de Alicante\" \/>\n<meta property=\"article:modified_time\" content=\"2024-05-07T09:17:22+00:00\" \/>\n<meta property=\"og:image\" content=\"https:\/\/plazatorosalicante.com\/wp-content\/uploads\/2025\/03\/VIT_7836-scaled-1.jpg\" \/>\n\t<meta property=\"og:image:width\" content=\"2560\" \/>\n\t<meta property=\"og:image:height\" content=\"1696\" \/>\n\t<meta property=\"og:image:type\" content=\"image\/jpeg\" \/>\n<meta name=\"twitter:card\" content=\"summary_large_image\" \/>\n<meta name=\"twitter:label1\" content=\"Szacowany czas czytania\" \/>\n\t<meta name=\"twitter:data1\" content=\"4 minuty\" \/>\n<script type=\"application\/ld+json\" class=\"yoast-schema-graph\">{\"@context\":\"https:\\\/\\\/schema.org\",\"@graph\":[{\"@type\":\"WebPage\",\"@id\":\"https:\\\/\\\/plazatorosalicante.com\\\/pl\\\/na-placu\\\/\",\"url\":\"https:\\\/\\\/plazatorosalicante.com\\\/pl\\\/na-placu\\\/\",\"name\":\"Historia Arena Alicante | Plac Alicante\",\"isPartOf\":{\"@id\":\"https:\\\/\\\/plazatorosalicante.com\\\/pl\\\/#website\"},\"datePublished\":\"2023-09-11T10:44:24+00:00\",\"dateModified\":\"2024-05-07T09:17:22+00:00\",\"description\":\"Wszystko, co musisz wiedzie\u0107 o arenie walki byk\u00f3w w Alicante. Poznaj jego histori\u0119, architektur\u0119 i ciekawostki [Plaza de Toros Alicante]\",\"breadcrumb\":{\"@id\":\"https:\\\/\\\/plazatorosalicante.com\\\/pl\\\/na-placu\\\/#breadcrumb\"},\"inLanguage\":\"pl-PL\",\"potentialAction\":[{\"@type\":\"ReadAction\",\"target\":[\"https:\\\/\\\/plazatorosalicante.com\\\/pl\\\/na-placu\\\/\"]}]},{\"@type\":\"BreadcrumbList\",\"@id\":\"https:\\\/\\\/plazatorosalicante.com\\\/pl\\\/na-placu\\\/#breadcrumb\",\"itemListElement\":[{\"@type\":\"ListItem\",\"position\":1,\"name\":\"Portada\",\"item\":\"https:\\\/\\\/plazatorosalicante.com\\\/pl\\\/pagina-de-inicio\\\/\"},{\"@type\":\"ListItem\",\"position\":2,\"name\":\"Na placu\"}]},{\"@type\":\"WebSite\",\"@id\":\"https:\\\/\\\/plazatorosalicante.com\\\/pl\\\/#website\",\"url\":\"https:\\\/\\\/plazatorosalicante.com\\\/pl\\\/\",\"name\":\"Plaza de Toros de Alicante\",\"description\":\"Plaza de toros Alicante - Visitas Tur\u00edsticas y Culturales en Vivo para Individuales y Grupos\",\"publisher\":{\"@id\":\"https:\\\/\\\/plazatorosalicante.com\\\/pl\\\/#organization\"},\"alternateName\":\"La Plaza Alicante Tour\",\"potentialAction\":[{\"@type\":\"SearchAction\",\"target\":{\"@type\":\"EntryPoint\",\"urlTemplate\":\"https:\\\/\\\/plazatorosalicante.com\\\/pl\\\/?s={search_term_string}\"},\"query-input\":{\"@type\":\"PropertyValueSpecification\",\"valueRequired\":true,\"valueName\":\"search_term_string\"}}],\"inLanguage\":\"pl-PL\"},{\"@type\":\"Organization\",\"@id\":\"https:\\\/\\\/plazatorosalicante.com\\\/pl\\\/#organization\",\"name\":\"Plaza de toros Alicante\",\"alternateName\":\"La Plaza Alicante Tour\",\"url\":\"https:\\\/\\\/plazatorosalicante.com\\\/pl\\\/\",\"logo\":{\"@type\":\"ImageObject\",\"inLanguage\":\"pl-PL\",\"@id\":\"https:\\\/\\\/plazatorosalicante.com\\\/pl\\\/#\\\/schema\\\/logo\\\/image\\\/\",\"url\":\"https:\\\/\\\/plazatorosalicante.com\\\/wp-content\\\/uploads\\\/2023\\\/10\\\/Logo-plaza-toros-alicante.jpg\",\"contentUrl\":\"https:\\\/\\\/plazatorosalicante.com\\\/wp-content\\\/uploads\\\/2023\\\/10\\\/Logo-plaza-toros-alicante.jpg\",\"width\":100,\"height\":100,\"caption\":\"Plaza de toros Alicante\"},\"image\":{\"@id\":\"https:\\\/\\\/plazatorosalicante.com\\\/pl\\\/#\\\/schema\\\/logo\\\/image\\\/\"}}]}<\/script>\n<!-- \/ Yoast SEO plugin. -->","yoast_head_json":{"title":"Historia Arena Alicante | Plac Alicante","description":"Wszystko, co musisz wiedzie\u0107 o arenie walki byk\u00f3w w Alicante. Poznaj jego histori\u0119, architektur\u0119 i ciekawostki [Plaza de Toros Alicante]","robots":{"index":"index","follow":"follow","max-snippet":"max-snippet:-1","max-image-preview":"max-image-preview:large","max-video-preview":"max-video-preview:-1"},"canonical":"https:\/\/plazatorosalicante.com\/pl\/na-placu\/","og_locale":"pl_PL","og_type":"article","og_title":"Historia Arena Alicante | Plac Alicante","og_description":"Wszystko, co musisz wiedzie\u0107 o arenie walki byk\u00f3w w Alicante. Poznaj jego histori\u0119, architektur\u0119 i ciekawostki [Plaza de Toros Alicante]","og_url":"https:\/\/plazatorosalicante.com\/pl\/na-placu\/","og_site_name":"Plaza de Toros de Alicante","article_modified_time":"2024-05-07T09:17:22+00:00","og_image":[{"width":2560,"height":1696,"url":"https:\/\/plazatorosalicante.com\/wp-content\/uploads\/2025\/03\/VIT_7836-scaled-1.jpg","type":"image\/jpeg"}],"twitter_card":"summary_large_image","twitter_misc":{"Szacowany czas czytania":"4 minuty"},"schema":{"@context":"https:\/\/schema.org","@graph":[{"@type":"WebPage","@id":"https:\/\/plazatorosalicante.com\/pl\/na-placu\/","url":"https:\/\/plazatorosalicante.com\/pl\/na-placu\/","name":"Historia Arena Alicante | Plac Alicante","isPartOf":{"@id":"https:\/\/plazatorosalicante.com\/pl\/#website"},"datePublished":"2023-09-11T10:44:24+00:00","dateModified":"2024-05-07T09:17:22+00:00","description":"Wszystko, co musisz wiedzie\u0107 o arenie walki byk\u00f3w w Alicante. Poznaj jego histori\u0119, architektur\u0119 i ciekawostki [Plaza de Toros Alicante]","breadcrumb":{"@id":"https:\/\/plazatorosalicante.com\/pl\/na-placu\/#breadcrumb"},"inLanguage":"pl-PL","potentialAction":[{"@type":"ReadAction","target":["https:\/\/plazatorosalicante.com\/pl\/na-placu\/"]}]},{"@type":"BreadcrumbList","@id":"https:\/\/plazatorosalicante.com\/pl\/na-placu\/#breadcrumb","itemListElement":[{"@type":"ListItem","position":1,"name":"Portada","item":"https:\/\/plazatorosalicante.com\/pl\/pagina-de-inicio\/"},{"@type":"ListItem","position":2,"name":"Na placu"}]},{"@type":"WebSite","@id":"https:\/\/plazatorosalicante.com\/pl\/#website","url":"https:\/\/plazatorosalicante.com\/pl\/","name":"Plaza de Toros de Alicante","description":"Plaza de toros Alicante - Visitas Tur\u00edsticas y Culturales en Vivo para Individuales y Grupos","publisher":{"@id":"https:\/\/plazatorosalicante.com\/pl\/#organization"},"alternateName":"La Plaza Alicante Tour","potentialAction":[{"@type":"SearchAction","target":{"@type":"EntryPoint","urlTemplate":"https:\/\/plazatorosalicante.com\/pl\/?s={search_term_string}"},"query-input":{"@type":"PropertyValueSpecification","valueRequired":true,"valueName":"search_term_string"}}],"inLanguage":"pl-PL"},{"@type":"Organization","@id":"https:\/\/plazatorosalicante.com\/pl\/#organization","name":"Plaza de toros Alicante","alternateName":"La Plaza Alicante Tour","url":"https:\/\/plazatorosalicante.com\/pl\/","logo":{"@type":"ImageObject","inLanguage":"pl-PL","@id":"https:\/\/plazatorosalicante.com\/pl\/#\/schema\/logo\/image\/","url":"https:\/\/plazatorosalicante.com\/wp-content\/uploads\/2023\/10\/Logo-plaza-toros-alicante.jpg","contentUrl":"https:\/\/plazatorosalicante.com\/wp-content\/uploads\/2023\/10\/Logo-plaza-toros-alicante.jpg","width":100,"height":100,"caption":"Plaza de toros Alicante"},"image":{"@id":"https:\/\/plazatorosalicante.com\/pl\/#\/schema\/logo\/image\/"}}]}},"_links":{"self":[{"href":"https:\/\/plazatorosalicante.com\/pl\/wp-json\/wp\/v2\/pages\/4456","targetHints":{"allow":["GET"]}}],"collection":[{"href":"https:\/\/plazatorosalicante.com\/pl\/wp-json\/wp\/v2\/pages"}],"about":[{"href":"https:\/\/plazatorosalicante.com\/pl\/wp-json\/wp\/v2\/types\/page"}],"author":[{"embeddable":true,"href":"https:\/\/plazatorosalicante.com\/pl\/wp-json\/wp\/v2\/users\/1"}],"replies":[{"embeddable":true,"href":"https:\/\/plazatorosalicante.com\/pl\/wp-json\/wp\/v2\/comments?post=4456"}],"version-history":[{"count":9,"href":"https:\/\/plazatorosalicante.com\/pl\/wp-json\/wp\/v2\/pages\/4456\/revisions"}],"predecessor-version":[{"id":8570,"href":"https:\/\/plazatorosalicante.com\/pl\/wp-json\/wp\/v2\/pages\/4456\/revisions\/8570"}],"wp:attachment":[{"href":"https:\/\/plazatorosalicante.com\/pl\/wp-json\/wp\/v2\/media?parent=4456"}],"curies":[{"name":"wp","href":"https:\/\/api.w.org\/{rel}","templated":true}]}}