{"id":4510,"date":"2023-11-29T13:42:14","date_gmt":"2023-11-29T13:42:14","guid":{"rendered":"https:\/\/plazatorosalicante.com\/muzeum-walki-bykow-w-alicante\/"},"modified":"2025-09-15T10:13:55","modified_gmt":"2025-09-15T10:13:55","slug":"muzeum-walki-bykow-w-alicante","status":"publish","type":"page","link":"https:\/\/plazatorosalicante.com\/pl\/muzeum-walki-bykow-w-alicante\/","title":{"rendered":"Muzeum walk byk\u00f3w w Alicante"},"content":{"rendered":"<section class=\"l-section wpb_row us_custom_f9d0b101 height_auto color_primary with_img parallax_ver parallaxdir_reversed\"><div class=\"l-section-img\" role=\"img\" aria-label=\"muzeum walk byk\u00f3w w alicante\" data-img-width=\"714\" data-img-height=\"472\" style=\"background-image: url(https:\/\/plazatorosalicante.com\/wp-content\/uploads\/2023\/09\/museo-taurino-de-alicante.jpg);\"><\/div><div class=\"l-section-overlay\" style=\"background:linear-gradient(90deg,#1b122f,rgba(54,54,54,0.00))\"><\/div><div class=\"l-section-h i-cf\"><div class=\"g-cols vc_row via_grid cols_1 laptops-cols_inherit tablets-cols_inherit mobiles-cols_1 valign_middle type_default stacking_default\" style=\"--columns-gap:0rem;\"><div class=\"wpb_column vc_column_container\"><div class=\"vc_column-inner\"><div class=\"w-separator size_medium\"><\/div><div class=\"w-text us_custom_444d1fbc us_animate_this\"><span class=\"w-text-h\"><span class=\"w-text-value\">Odkryj pasj\u0119 do walk byk\u00f3w<\/span><\/span><\/div><div class=\"w-separator size_small\"><\/div><h1 class=\"w-text us_custom_51aa7753 us_animate_this\"><span class=\"w-text-h\"><span class=\"w-text-value\">Muzeum walk byk\u00f3w w Alicante<\/span><\/span><\/h1><div class=\"w-separator size_small\"><\/div><div class=\"w-btn-wrapper align_none\"><a class=\"w-btn us-btn-style_1\" href=\"https:\/\/tickets.plazatorosalicante.com\/\"><span class=\"w-btn-label\">Bilety na wycieczk\u0119<\/span><\/a><\/div><div class=\"w-separator size_medium\"><\/div><\/div><\/div><\/div><\/div><\/section><section class=\"l-section wpb_row height_medium\"><div class=\"l-section-h i-cf\"><div class=\"g-cols vc_row via_grid cols_2 laptops-cols_inherit tablets-cols_inherit mobiles-cols_1 valign_top type_default stacking_default\"><div class=\"wpb_column vc_column_container\"><div class=\"vc_column-inner\"><div class=\"wpb_text_column\"><div class=\"wpb_wrapper\"><h2>Ceny<\/h2>\n<p><strong>Bullring + Museum Tour | Od 5 \u20ac.<\/strong><\/p>\n<ul>\n<li>Muzeum walk byk\u00f3w<\/li>\n<li>Wycieczka z audioprzewodnikiem<\/li>\n<li>Odwied\u017a ca\u0142y plac<\/li>\n<li>Do\u015bwiadczenia audiowizualne<\/li>\n<\/ul>\n<\/div><\/div><\/div><\/div><div class=\"wpb_column vc_column_container\"><div class=\"vc_column-inner\"><div class=\"wpb_text_column\"><div class=\"wpb_wrapper\"><h2>Rozk\u0142ady jazdy:<\/h2>\n<p class=\"\" data-start=\"205\" data-end=\"405\"><strong data-start=\"205\" data-end=\"342\">Bezp\u0142atnie mo\u017cna zwiedzi\u0107 jedynie muzeum walk byk\u00f3w, ale \u017cadna inna cz\u0119\u015b\u0107 areny nie jest dost\u0119pna.<\/strong><\/p>\n<p class=\"\" data-start=\"205\" data-end=\"405\"><br data-start=\"342\" data-end=\"345\">Godziny otwarcia bezp\u0142atnego wst\u0119pu do muzeum s\u0105 nast\u0119puj\u0105ce:<\/p>\n<ul>\n<li data-start=\"409\" data-end=\"450\">Od wtorku do pi\u0105tku od 17:00 do 20:00.<\/li>\n<li class=\"x_x_MsoNormal\">Poniedzia\u0142ki, niedziele i \u015bwi\u0119ta pa\u0144stwowe zamkni\u0119te<\/li>\n<\/ul>\n<\/div><\/div><\/div><\/div><\/div><\/div><\/section><section class=\"l-section wpb_row height_medium\"><div class=\"l-section-h i-cf\"><div class=\"g-cols vc_row via_grid cols_1 laptops-cols_inherit tablets-cols_inherit mobiles-cols_1 valign_top type_default stacking_default\"><div class=\"wpb_column vc_column_container\"><div class=\"vc_column-inner\"><div class=\"wpb_text_column\"><div class=\"wpb_wrapper\"><h2 style=\"text-align: center;\">Wszystko, co mo\u017cna zobaczy\u0107 w muzeum<\/h2>\n<\/div><\/div><\/div><\/div><\/div><\/div><\/section><section class=\"l-section wpb_row height_auto\"><div class=\"l-section-h i-cf\"><div class=\"g-cols vc_row via_grid cols_2 laptops-cols_inherit tablets-cols_inherit mobiles-cols_1 valign_middle type_boxes stacking_default\" style=\"--columns-gap:0rem;\"><div class=\"wpb_column vc_column_container us_custom_b0ca2638 has_bg_color\"><div class=\"vc_column-inner\"><div class=\"w-separator size_custom\" style=\"height:20vh\"><\/div><\/div><\/div><div class=\"wpb_column vc_column_container us_custom_c70c97eb has_bg_color\"><div class=\"vc_column-inner\"><div class=\"wpb_text_column\"><div class=\"wpb_wrapper\"><h3><strong>Kostiumy i peleryny<\/strong>:<\/h3>\n<p>W muzeum znajduje si\u0119 imponuj\u0105ca kolekcja kostium\u00f3w do walki byk\u00f3w, peleryn, monteras i innych przedmiot\u00f3w u\u017cywanych przez torreador\u00f3w na przestrzeni lat. Stroje te s\u0105 autentycznymi dzie\u0142ami sztuki i \u015bwiadectwem umiej\u0119tno\u015bci i odwagi torreador\u00f3w.<\/p>\n<\/div><\/div><\/div><\/div><\/div><\/div><\/section><section class=\"l-section wpb_row height_auto\"><div class=\"l-section-h i-cf\"><div class=\"g-cols vc_row via_grid cols_2 laptops-cols_inherit tablets-cols_inherit mobiles-cols_1 valign_middle type_boxes reversed stacking_default\" style=\"--columns-gap:0rem;\"><div class=\"wpb_column vc_column_container us_custom_c70c97eb has_bg_color\"><div class=\"vc_column-inner\"><div class=\"wpb_text_column\"><div class=\"wpb_wrapper\"><h3><strong>Obiekty historyczne<\/strong>:<\/h3>\n<p>W\u015br\u00f3d wystawionych przedmiot\u00f3w znajduj\u0105 si\u0119 autentyczne skarby, takie jak trofea, miecze i przedmioty osobiste s\u0142ynnych torreador\u00f3w, kt\u00f3rzy odcisn\u0119li swoje pi\u0119tno na arenie walk byk\u00f3w w Alicante.<\/p>\n<\/div><\/div><\/div><\/div><div class=\"wpb_column vc_column_container us_custom_11652e91 has_bg_color\"><div class=\"vc_column-inner\"><div class=\"w-separator size_custom\" style=\"height:20vh\"><\/div><\/div><\/div><\/div><\/div><\/section><section class=\"l-section wpb_row height_auto\"><div class=\"l-section-h i-cf\"><div class=\"g-cols vc_row via_grid cols_2 laptops-cols_inherit tablets-cols_inherit mobiles-cols_1 valign_middle type_boxes stacking_default\" style=\"--columns-gap:0rem;\"><div class=\"wpb_column vc_column_container us_custom_ede33085 has_bg_color\"><div class=\"vc_column-inner\"><div class=\"w-separator size_custom\" style=\"height:20vh\"><\/div><\/div><\/div><div class=\"wpb_column vc_column_container us_custom_c70c97eb has_bg_color\"><div class=\"vc_column-inner\"><div class=\"wpb_text_column\"><div class=\"wpb_wrapper\"><h3><strong>Ewolucja walk byk\u00f3w<\/strong>:<\/h3>\n<p>Muzeum przenosi w czasie, aby zbada\u0107 ewolucj\u0119 walk byk\u00f3w, od ich pocz\u0105tk\u00f3w do dnia dzisiejszego. Dowiesz si\u0119 o technikach, narz\u0119dziach i stylach, kt\u00f3re charakteryzowa\u0142y ka\u017cd\u0105 epok\u0119.<\/p>\n<\/div><\/div><\/div><\/div><\/div><\/div><\/section><section class=\"l-section wpb_row height_auto\"><div class=\"l-section-h i-cf\"><div class=\"g-cols vc_row via_grid cols_2 laptops-cols_inherit tablets-cols_inherit mobiles-cols_1 valign_middle type_boxes reversed stacking_default\" style=\"--columns-gap:0rem;\"><div class=\"wpb_column vc_column_container us_custom_c70c97eb has_bg_color\"><div class=\"vc_column-inner\"><div class=\"wpb_text_column\"><div class=\"wpb_wrapper\"><h3><strong>Dziedzictwo kulturowe<\/strong>:<\/h3>\n<p>Opr\u00f3cz skupienia si\u0119 na walkach byk\u00f3w, muzeum podkre\u015bla r\u00f3wnie\u017c, w jaki spos\u00f3b ta forma sztuki wp\u0142yn\u0119\u0142a na kultur\u0119 i spo\u0142ecze\u0144stwo Alicante i Hiszpanii w og\u00f3le. Od literatury po sztuk\u0119, walki byk\u00f3w odcisn\u0119\u0142y niezatarte pi\u0119tno na to\u017csamo\u015bci kulturowej.<\/p>\n<\/div><\/div><\/div><\/div><div class=\"wpb_column vc_column_container us_custom_05d28d08 has_bg_color\"><div class=\"vc_column-inner\"><div class=\"w-separator size_custom\" style=\"height:20vh\"><\/div><\/div><\/div><\/div><\/div><\/section><section class=\"l-section wpb_row height_medium\"><div class=\"l-section-h i-cf\"><div class=\"g-cols vc_row via_grid cols_1 laptops-cols_inherit tablets-cols_inherit mobiles-cols_1 valign_top type_default stacking_default\"><div class=\"wpb_column vc_column_container\"><div class=\"vc_column-inner\"><div class=\"wpb_text_column\"><div class=\"wpb_wrapper\"><h2 style=\"text-align: center;\">Lokalizacja muzeum<\/h2>\n<p style=\"text-align: center;\">Je\u015bli jeste\u015b zainteresowany odwiedzeniem muzeum walk byk\u00f3w w mie\u015bcie Alicante, oto mapa, dzi\u0119ki kt\u00f3rej mo\u017cesz odwiedzi\u0107 je w dowolnym momencie.<\/p>\n<\/div><\/div><div class=\"w-separator size_medium\"><\/div><div class=\"w-html\"><iframe src=\"https:\/\/www.google.com\/maps\/embed?pb=!1m18!1m12!1m3!1d3882.559012439048!2d-0.48694862354277724!3d38.352179978689065!2m3!1f0!2f0!3f0!3m2!1i1024!2i768!4f13.1!3m3!1m2!1s0xd6237db844df9a1:0x8d8356d25c92484e!2sMuseo Taurino!5e1!3m2!1ses!2ses!4v1735209959000!5m2!1ses!2ses\" width=\"1200\" height=\"300\" style=\"border:0;\" allowfullscreen=\"\" loading=\"lazy\" referrerpolicy=\"no-referrer-when-downgrade\"><\/iframe><\/div><\/div><\/div><\/div><\/div><\/section><section class=\"l-section wpb_row height_medium\"><div class=\"l-section-h i-cf\"><div class=\"g-cols vc_row via_grid cols_1 laptops-cols_inherit tablets-cols_inherit mobiles-cols_1 valign_top type_default stacking_default\"><div class=\"wpb_column vc_column_container\"><div class=\"vc_column-inner\"><div class=\"wpb_text_column\"><div class=\"wpb_wrapper\"><h2>Wycieczki, kt\u00f3re mo\u017cesz wzi\u0105\u0107<\/h2>\n<p>Je\u015bli jeste\u015b zainteresowany odwiedzeniem areny <a title=\"alicante bullring\" href=\"https:\/\/plazatorosalicante.com\/pl\/\">walk byk\u00f3w w Alicante<\/a>, oto niekt\u00f3re z wycieczek, kt\u00f3re mo\u017cesz odby\u0107<\/p>\n<\/div><\/div><div class=\"w-separator size_medium\"><\/div><div class=\"g-cols wpb_row via_grid cols_3 laptops-cols_inherit tablets-cols_inherit mobiles-cols_1 valign_top type_default stacking_default\" style=\"--columns-gap:3rem;\"><div class=\"wpb_column vc_column_container\"><div class=\"vc_column-inner\"><div class=\"w-ibanner us_custom_a10ddd82 has_text_color animation_phorcys ratio_3x2 easing_ease\"><a title=\"indywidualna wizyta w alicante bullring\" href=\"https:\/\/plazatorosalicante.com\/pl\/wycieczka\/wizyta-indywidualna\/\" aria-label=\"Wizyta indywidualna\"><\/a><div class=\"w-ibanner-h\"><div class=\"w-ibanner-image\" style=\"background-image: url(https:\/\/plazatorosalicante.com\/wp-content\/uploads\/2023\/11\/Tour-plaza-de-toros-alicante-1024x652.webp)\"><\/div><div class=\"w-ibanner-content\"><div class=\"w-ibanner-content-h\"><h3 class=\"w-ibanner-title\">Wizyta indywidualna<\/h3><div class=\"w-ibanner-desc\"><\/div><\/div><\/div><\/div><\/div><\/div><\/div><div class=\"wpb_column vc_column_container\"><div class=\"vc_column-inner\"><div class=\"w-ibanner us_custom_a10ddd82 has_text_color animation_phorcys ratio_3x2 easing_ease\"><a title=\"prywatna wizyta w alicante bullring\" href=\"https:\/\/plazatorosalicante.com\/pl\/wycieczka\/bilet-vip\/\" aria-label=\"Wizyty prywatne\"><\/a><div class=\"w-ibanner-h\"><div class=\"w-ibanner-image\" style=\"background-image: url(https:\/\/plazatorosalicante.com\/wp-content\/uploads\/2024\/03\/Guia-privado.webp)\"><\/div><div class=\"w-ibanner-content\"><div class=\"w-ibanner-content-h\"><h3 class=\"w-ibanner-title\">Wizyty prywatne<\/h3><div class=\"w-ibanner-desc\"><\/div><\/div><\/div><\/div><\/div><\/div><\/div><div class=\"wpb_column vc_column_container\"><div class=\"vc_column-inner\"><div class=\"w-ibanner us_custom_a10ddd82 has_text_color animation_phorcys ratio_3x2 easing_ease\"><a title=\"wizyty grupowe w alicante bullring\" href=\"https:\/\/plazatorosalicante.com\/pl\/wycieczka\/wpis-grupowy\/\" aria-label=\"Wizyta dla grup\"><\/a><div class=\"w-ibanner-h\"><div class=\"w-ibanner-image\" style=\"background-image: url(https:\/\/plazatorosalicante.com\/wp-content\/uploads\/2024\/03\/visita-grupal.jpg)\"><\/div><div class=\"w-ibanner-content\"><div class=\"w-ibanner-content-h\"><h3 class=\"w-ibanner-title\">Wizyta dla grup<\/h3><div class=\"w-ibanner-desc\"><\/div><\/div><\/div><\/div><\/div><\/div><\/div><\/div><\/div><\/div><\/div><\/div><\/section>\n","protected":false},"excerpt":{"rendered":"Odkryj pasj\u0119 do walk byk\u00f3wMuzeum walk byk\u00f3w w AlicanteBilety na wycieczk\u0119Ceny Bullring + Museum Tour | Od 5 \u20ac. Muzeum walk byk\u00f3w Wycieczka z audioprzewodnikiem Odwied\u017a ca\u0142y plac Do\u015bwiadczenia audiowizualne Rozk\u0142ady jazdy: Bezp\u0142atnie mo\u017cna zwiedzi\u0107 jedynie muzeum walk byk\u00f3w, ale \u017cadna inna cz\u0119\u015b\u0107 areny nie jest dost\u0119pna. Godziny otwarcia bezp\u0142atnego wst\u0119pu do muzeum s\u0105 nast\u0119puj\u0105ce:...","protected":false},"author":1,"featured_media":4511,"parent":0,"menu_order":0,"comment_status":"closed","ping_status":"closed","template":"","meta":{"_acf_changed":false,"footnotes":""},"class_list":["post-4510","page","type-page","status-publish","has-post-thumbnail","hentry"],"acf":[],"yoast_head":"<!-- This site is optimized with the Yoast SEO plugin v27.5 - https:\/\/yoast.com\/product\/yoast-seo-wordpress\/ -->\n<title>\u25b7 Muzeum Walki Byk\u00f3w w Alicante | Oficjalna strona Bullfring Tour<\/title>\n<meta name=\"description\" content=\"Odwied\u017a Muzeum Walki Byk\u00f3w w Alicante i odkryj wszystkie jego sekrety i przedmioty przechowywane w \u015brodku: kostiumy do walki byk\u00f3w - obrazy - rapiery\" \/>\n<meta name=\"robots\" content=\"index, follow, max-snippet:-1, max-image-preview:large, max-video-preview:-1\" \/>\n<link rel=\"canonical\" href=\"https:\/\/plazatorosalicante.com\/pl\/muzeum-walki-bykow-w-alicante\/\" \/>\n<meta property=\"og:locale\" content=\"pl_PL\" \/>\n<meta property=\"og:type\" content=\"article\" \/>\n<meta property=\"og:title\" content=\"\u25b7 Muzeum Walki Byk\u00f3w w Alicante | Oficjalna strona Bullfring Tour\" \/>\n<meta property=\"og:description\" content=\"Odwied\u017a Muzeum Walki Byk\u00f3w w Alicante i odkryj wszystkie jego sekrety i przedmioty przechowywane w \u015brodku: kostiumy do walki byk\u00f3w - obrazy - rapiery\" \/>\n<meta property=\"og:url\" content=\"https:\/\/plazatorosalicante.com\/pl\/muzeum-walki-bykow-w-alicante\/\" \/>\n<meta property=\"og:site_name\" content=\"Plaza de Toros de Alicante\" \/>\n<meta property=\"article:modified_time\" content=\"2025-09-15T10:13:55+00:00\" \/>\n<meta property=\"og:image\" content=\"https:\/\/plazatorosalicante.com\/wp-content\/uploads\/2023\/09\/museo-taurino-de-alicante.jpg\" \/>\n\t<meta property=\"og:image:width\" content=\"714\" \/>\n\t<meta property=\"og:image:height\" content=\"472\" \/>\n\t<meta property=\"og:image:type\" content=\"image\/jpeg\" \/>\n<meta name=\"twitter:card\" content=\"summary_large_image\" \/>\n<meta name=\"twitter:label1\" content=\"Szacowany czas czytania\" \/>\n\t<meta name=\"twitter:data1\" content=\"2 minuty\" \/>\n<script type=\"application\/ld+json\" class=\"yoast-schema-graph\">{\"@context\":\"https:\\\/\\\/schema.org\",\"@graph\":[{\"@type\":\"WebPage\",\"@id\":\"https:\\\/\\\/plazatorosalicante.com\\\/pl\\\/muzeum-walki-bykow-w-alicante\\\/\",\"url\":\"https:\\\/\\\/plazatorosalicante.com\\\/pl\\\/muzeum-walki-bykow-w-alicante\\\/\",\"name\":\"\u25b7 Muzeum Walki Byk\u00f3w w Alicante | Oficjalna strona Bullfring Tour\",\"isPartOf\":{\"@id\":\"https:\\\/\\\/plazatorosalicante.com\\\/pl\\\/#website\"},\"primaryImageOfPage\":{\"@id\":\"https:\\\/\\\/plazatorosalicante.com\\\/pl\\\/muzeum-walki-bykow-w-alicante\\\/#primaryimage\"},\"image\":{\"@id\":\"https:\\\/\\\/plazatorosalicante.com\\\/pl\\\/muzeum-walki-bykow-w-alicante\\\/#primaryimage\"},\"thumbnailUrl\":\"https:\\\/\\\/plazatorosalicante.com\\\/wp-content\\\/uploads\\\/2023\\\/09\\\/museo-taurino-de-alicante.jpg\",\"datePublished\":\"2023-11-29T13:42:14+00:00\",\"dateModified\":\"2025-09-15T10:13:55+00:00\",\"description\":\"Odwied\u017a Muzeum Walki Byk\u00f3w w Alicante i odkryj wszystkie jego sekrety i przedmioty przechowywane w \u015brodku: kostiumy do walki byk\u00f3w - obrazy - rapiery\",\"breadcrumb\":{\"@id\":\"https:\\\/\\\/plazatorosalicante.com\\\/pl\\\/muzeum-walki-bykow-w-alicante\\\/#breadcrumb\"},\"inLanguage\":\"pl-PL\",\"potentialAction\":[{\"@type\":\"ReadAction\",\"target\":[\"https:\\\/\\\/plazatorosalicante.com\\\/pl\\\/muzeum-walki-bykow-w-alicante\\\/\"]}]},{\"@type\":\"ImageObject\",\"inLanguage\":\"pl-PL\",\"@id\":\"https:\\\/\\\/plazatorosalicante.com\\\/pl\\\/muzeum-walki-bykow-w-alicante\\\/#primaryimage\",\"url\":\"https:\\\/\\\/plazatorosalicante.com\\\/wp-content\\\/uploads\\\/2023\\\/09\\\/museo-taurino-de-alicante.jpg\",\"contentUrl\":\"https:\\\/\\\/plazatorosalicante.com\\\/wp-content\\\/uploads\\\/2023\\\/09\\\/museo-taurino-de-alicante.jpg\",\"width\":714,\"height\":472,\"caption\":\"muzeum walk byk\u00f3w w alicante\"},{\"@type\":\"BreadcrumbList\",\"@id\":\"https:\\\/\\\/plazatorosalicante.com\\\/pl\\\/muzeum-walki-bykow-w-alicante\\\/#breadcrumb\",\"itemListElement\":[{\"@type\":\"ListItem\",\"position\":1,\"name\":\"Portada\",\"item\":\"https:\\\/\\\/plazatorosalicante.com\\\/pl\\\/pagina-de-inicio\\\/\"},{\"@type\":\"ListItem\",\"position\":2,\"name\":\"Muzeum walk byk\u00f3w w Alicante\"}]},{\"@type\":\"WebSite\",\"@id\":\"https:\\\/\\\/plazatorosalicante.com\\\/pl\\\/#website\",\"url\":\"https:\\\/\\\/plazatorosalicante.com\\\/pl\\\/\",\"name\":\"Plaza de Toros de Alicante\",\"description\":\"Plaza de toros Alicante - Visitas Tur\u00edsticas y Culturales en Vivo para Individuales y Grupos\",\"publisher\":{\"@id\":\"https:\\\/\\\/plazatorosalicante.com\\\/pl\\\/#organization\"},\"alternateName\":\"La Plaza Alicante Tour\",\"potentialAction\":[{\"@type\":\"SearchAction\",\"target\":{\"@type\":\"EntryPoint\",\"urlTemplate\":\"https:\\\/\\\/plazatorosalicante.com\\\/pl\\\/?s={search_term_string}\"},\"query-input\":{\"@type\":\"PropertyValueSpecification\",\"valueRequired\":true,\"valueName\":\"search_term_string\"}}],\"inLanguage\":\"pl-PL\"},{\"@type\":\"Organization\",\"@id\":\"https:\\\/\\\/plazatorosalicante.com\\\/pl\\\/#organization\",\"name\":\"Plaza de toros Alicante\",\"alternateName\":\"La Plaza Alicante Tour\",\"url\":\"https:\\\/\\\/plazatorosalicante.com\\\/pl\\\/\",\"logo\":{\"@type\":\"ImageObject\",\"inLanguage\":\"pl-PL\",\"@id\":\"https:\\\/\\\/plazatorosalicante.com\\\/pl\\\/#\\\/schema\\\/logo\\\/image\\\/\",\"url\":\"https:\\\/\\\/plazatorosalicante.com\\\/wp-content\\\/uploads\\\/2023\\\/10\\\/Logo-plaza-toros-alicante.jpg\",\"contentUrl\":\"https:\\\/\\\/plazatorosalicante.com\\\/wp-content\\\/uploads\\\/2023\\\/10\\\/Logo-plaza-toros-alicante.jpg\",\"width\":100,\"height\":100,\"caption\":\"Plaza de toros Alicante\"},\"image\":{\"@id\":\"https:\\\/\\\/plazatorosalicante.com\\\/pl\\\/#\\\/schema\\\/logo\\\/image\\\/\"}}]}<\/script>\n<!-- \/ Yoast SEO plugin. -->","yoast_head_json":{"title":"\u25b7 Muzeum Walki Byk\u00f3w w Alicante | Oficjalna strona Bullfring Tour","description":"Odwied\u017a Muzeum Walki Byk\u00f3w w Alicante i odkryj wszystkie jego sekrety i przedmioty przechowywane w \u015brodku: kostiumy do walki byk\u00f3w - obrazy - rapiery","robots":{"index":"index","follow":"follow","max-snippet":"max-snippet:-1","max-image-preview":"max-image-preview:large","max-video-preview":"max-video-preview:-1"},"canonical":"https:\/\/plazatorosalicante.com\/pl\/muzeum-walki-bykow-w-alicante\/","og_locale":"pl_PL","og_type":"article","og_title":"\u25b7 Muzeum Walki Byk\u00f3w w Alicante | Oficjalna strona Bullfring Tour","og_description":"Odwied\u017a Muzeum Walki Byk\u00f3w w Alicante i odkryj wszystkie jego sekrety i przedmioty przechowywane w \u015brodku: kostiumy do walki byk\u00f3w - obrazy - rapiery","og_url":"https:\/\/plazatorosalicante.com\/pl\/muzeum-walki-bykow-w-alicante\/","og_site_name":"Plaza de Toros de Alicante","article_modified_time":"2025-09-15T10:13:55+00:00","og_image":[{"width":714,"height":472,"url":"https:\/\/plazatorosalicante.com\/wp-content\/uploads\/2023\/09\/museo-taurino-de-alicante.jpg","type":"image\/jpeg"}],"twitter_card":"summary_large_image","twitter_misc":{"Szacowany czas czytania":"2 minuty"},"schema":{"@context":"https:\/\/schema.org","@graph":[{"@type":"WebPage","@id":"https:\/\/plazatorosalicante.com\/pl\/muzeum-walki-bykow-w-alicante\/","url":"https:\/\/plazatorosalicante.com\/pl\/muzeum-walki-bykow-w-alicante\/","name":"\u25b7 Muzeum Walki Byk\u00f3w w Alicante | Oficjalna strona Bullfring Tour","isPartOf":{"@id":"https:\/\/plazatorosalicante.com\/pl\/#website"},"primaryImageOfPage":{"@id":"https:\/\/plazatorosalicante.com\/pl\/muzeum-walki-bykow-w-alicante\/#primaryimage"},"image":{"@id":"https:\/\/plazatorosalicante.com\/pl\/muzeum-walki-bykow-w-alicante\/#primaryimage"},"thumbnailUrl":"https:\/\/plazatorosalicante.com\/wp-content\/uploads\/2023\/09\/museo-taurino-de-alicante.jpg","datePublished":"2023-11-29T13:42:14+00:00","dateModified":"2025-09-15T10:13:55+00:00","description":"Odwied\u017a Muzeum Walki Byk\u00f3w w Alicante i odkryj wszystkie jego sekrety i przedmioty przechowywane w \u015brodku: kostiumy do walki byk\u00f3w - obrazy - rapiery","breadcrumb":{"@id":"https:\/\/plazatorosalicante.com\/pl\/muzeum-walki-bykow-w-alicante\/#breadcrumb"},"inLanguage":"pl-PL","potentialAction":[{"@type":"ReadAction","target":["https:\/\/plazatorosalicante.com\/pl\/muzeum-walki-bykow-w-alicante\/"]}]},{"@type":"ImageObject","inLanguage":"pl-PL","@id":"https:\/\/plazatorosalicante.com\/pl\/muzeum-walki-bykow-w-alicante\/#primaryimage","url":"https:\/\/plazatorosalicante.com\/wp-content\/uploads\/2023\/09\/museo-taurino-de-alicante.jpg","contentUrl":"https:\/\/plazatorosalicante.com\/wp-content\/uploads\/2023\/09\/museo-taurino-de-alicante.jpg","width":714,"height":472,"caption":"muzeum walk byk\u00f3w w alicante"},{"@type":"BreadcrumbList","@id":"https:\/\/plazatorosalicante.com\/pl\/muzeum-walki-bykow-w-alicante\/#breadcrumb","itemListElement":[{"@type":"ListItem","position":1,"name":"Portada","item":"https:\/\/plazatorosalicante.com\/pl\/pagina-de-inicio\/"},{"@type":"ListItem","position":2,"name":"Muzeum walk byk\u00f3w w Alicante"}]},{"@type":"WebSite","@id":"https:\/\/plazatorosalicante.com\/pl\/#website","url":"https:\/\/plazatorosalicante.com\/pl\/","name":"Plaza de Toros de Alicante","description":"Plaza de toros Alicante - Visitas Tur\u00edsticas y Culturales en Vivo para Individuales y Grupos","publisher":{"@id":"https:\/\/plazatorosalicante.com\/pl\/#organization"},"alternateName":"La Plaza Alicante Tour","potentialAction":[{"@type":"SearchAction","target":{"@type":"EntryPoint","urlTemplate":"https:\/\/plazatorosalicante.com\/pl\/?s={search_term_string}"},"query-input":{"@type":"PropertyValueSpecification","valueRequired":true,"valueName":"search_term_string"}}],"inLanguage":"pl-PL"},{"@type":"Organization","@id":"https:\/\/plazatorosalicante.com\/pl\/#organization","name":"Plaza de toros Alicante","alternateName":"La Plaza Alicante Tour","url":"https:\/\/plazatorosalicante.com\/pl\/","logo":{"@type":"ImageObject","inLanguage":"pl-PL","@id":"https:\/\/plazatorosalicante.com\/pl\/#\/schema\/logo\/image\/","url":"https:\/\/plazatorosalicante.com\/wp-content\/uploads\/2023\/10\/Logo-plaza-toros-alicante.jpg","contentUrl":"https:\/\/plazatorosalicante.com\/wp-content\/uploads\/2023\/10\/Logo-plaza-toros-alicante.jpg","width":100,"height":100,"caption":"Plaza de toros Alicante"},"image":{"@id":"https:\/\/plazatorosalicante.com\/pl\/#\/schema\/logo\/image\/"}}]}},"_links":{"self":[{"href":"https:\/\/plazatorosalicante.com\/pl\/wp-json\/wp\/v2\/pages\/4510","targetHints":{"allow":["GET"]}}],"collection":[{"href":"https:\/\/plazatorosalicante.com\/pl\/wp-json\/wp\/v2\/pages"}],"about":[{"href":"https:\/\/plazatorosalicante.com\/pl\/wp-json\/wp\/v2\/types\/page"}],"author":[{"embeddable":true,"href":"https:\/\/plazatorosalicante.com\/pl\/wp-json\/wp\/v2\/users\/1"}],"replies":[{"embeddable":true,"href":"https:\/\/plazatorosalicante.com\/pl\/wp-json\/wp\/v2\/comments?post=4510"}],"version-history":[{"count":15,"href":"https:\/\/plazatorosalicante.com\/pl\/wp-json\/wp\/v2\/pages\/4510\/revisions"}],"predecessor-version":[{"id":22463,"href":"https:\/\/plazatorosalicante.com\/pl\/wp-json\/wp\/v2\/pages\/4510\/revisions\/22463"}],"wp:featuredmedia":[{"embeddable":true,"href":"https:\/\/plazatorosalicante.com\/pl\/wp-json\/wp\/v2\/media\/4511"}],"wp:attachment":[{"href":"https:\/\/plazatorosalicante.com\/pl\/wp-json\/wp\/v2\/media?parent=4510"}],"curies":[{"name":"wp","href":"https:\/\/api.w.org\/{rel}","templated":true}]}}