{"id":4541,"date":"2023-09-07T11:05:40","date_gmt":"2023-09-07T11:05:40","guid":{"rendered":"https:\/\/plazatorosalicante.com\/polityka-prywatnosci\/"},"modified":"2023-11-30T10:00:26","modified_gmt":"2023-11-30T10:00:26","slug":"polityka-prywatnosci","status":"publish","type":"page","link":"https:\/\/plazatorosalicante.com\/pl\/polityka-prywatnosci\/","title":{"rendered":"Polityka prywatno\u015bci"},"content":{"rendered":"<section class=\"l-section wpb_row height_medium\"><div class=\"l-section-h i-cf\"><div class=\"g-cols vc_row via_grid cols_1 laptops-cols_inherit tablets-cols_inherit mobiles-cols_1 valign_top type_default stacking_default\"><div class=\"wpb_column vc_column_container\"><div class=\"vc_column-inner\"><div class=\"wpb_text_column\"><div class=\"wpb_wrapper\"><h1>Polityka prywatno\u015bci<\/h1>\n<p><strong>Ochrona danych osobowych zgodnie z RODO<\/strong><\/p>\n<p>Toroshopping, S.L., kieruj\u0105c si\u0119 obowi\u0105zuj\u0105cymi przepisami o ochronie danych osobowych, informuje, \u017ce dane osobowe zbierane za po\u015brednictwem formularzy znajduj\u0105cych si\u0119 w Serwisie: https:\/\/plazatorosalicante.com\/, zawarte s\u0105 w okre\u015blonych zautomatyzowanych plikach dla u\u017cytkownik\u00f3w us\u0142ug firmy Toroshopping, S.L.<\/p>\n<p>Celem gromadzenia i zautomatyzowanego przetwarzania danych osobowych jest utrzymywanie relacji handlowych oraz prowadzenie dzia\u0142alno\u015bci informacyjnej, szkoleniowej, doradczej i innej firmy Toroshopping, S.L.<\/p>\n<p>Dane te b\u0119d\u0105 przekazywane wy\u0142\u0105cznie tym podmiotom, kt\u00f3re s\u0105 niezb\u0119dne wy\u0142\u0105cznie dla realizacji wcze\u015bniej wskazanego celu.<\/p>\n<p>Toroshopping, S.L. przyjmuje niezb\u0119dne \u015brodki w celu zapewnienia bezpiecze\u0144stwa, integralno\u015bci i poufno\u015bci danych zgodnie z przepisami Rozporz\u0105dzenia Parlamentu Europejskiego i Rady (UE) 2016\/679 z dnia 27 kwietnia 2016 r. w sprawie ochrony os\u00f3b fizycznych w sprawie przetwarzania danych osobowych i ich swobodnego obrotu.<\/p>\n<p>U\u017cytkownik mo\u017ce w ka\u017cdej chwili skorzysta\u0107 z praw dost\u0119pu, sprzeciwu, sprostowania, anulowania, ograniczenia i przenoszenia uznanych w wy\u017cej wymienionym rozporz\u0105dzeniu (UE). U\u017cytkownik mo\u017ce skorzysta\u0107 z tych praw pisz\u0105c na adres e-mail: info@plazatorosalicante.com\/ lub pod adresem: Centro Melior Vasari. Urbanizacja La Alzambra, 3, lokal 1, C.P. 29660 \u2013 Marbella (Malaga).<\/p>\n<p>U\u017cytkownik o\u015bwiadcza, \u017ce \u200b\u200bwszystkie podane przez niego dane s\u0105 prawdziwe i prawid\u0142owe oraz zobowi\u0105zuje si\u0119 do ich aktualizowania, informuj\u0105c o zmianach Toroshopping, S.L.<\/p>\n<p><strong>Cel przetwarzania danych osobowych:<\/strong><\/p>\n<p><strong>W jakim celu b\u0119dziemy przetwarza\u0107 Twoje dane osobowe?<\/strong><\/p>\n<p>W Toroshopping, S.L. b\u0119dziemy przetwarza\u0107 Twoje dane osobowe zebrane za po\u015brednictwem Serwisu: https:\/\/plazatorosalicante.com\/, w nast\u0119puj\u0105cych celach:<\/p>\n<ol>\n<li>W przypadku kontraktowania towar\u00f3w i us\u0142ug oferowanych za po\u015brednictwem https:\/\/plazatorosalicante.com\/, w celu utrzymania stosunku umownego, a tak\u017ce zarz\u0105dzania, administrowania, informowania, \u015bwiadczenia i ulepszania us\u0142ug.<\/li>\n<li>Wys\u0142anie \u017c\u0105danych informacji za po\u015brednictwem formularzy dost\u0119pnych na stronie https:\/\/plazatorosalicante.com\/.<\/li>\n<li>Wysy\u0142aj biuletyny, a tak\u017ce komunikaty handlowe dotycz\u0105ce promocji i\/lub reklam https:\/\/plazatorosalicante.com\/ i bran\u017cy.<br \/>Przypominamy, \u017ce mo\u017cesz w ka\u017cdej chwili i w ka\u017cdej chwili sprzeciwi\u0107 si\u0119 przesy\u0142aniu informacji handlowych, wysy\u0142aj\u0105c wiadomo\u015b\u0107 e-mail na adres wskazany powy\u017cej.<\/li>\n<\/ol>\n<p>Pola tych zapis\u00f3w musz\u0105 zosta\u0107 wype\u0142nione, a bez podania tych danych osi\u0105gni\u0119cie okre\u015blonych cel\u00f3w nie b\u0119dzie mo\u017cliwe.<\/p>\n<p><strong>Jak d\u0142ugo przechowywane s\u0105 zebrane dane osobowe?<\/strong><\/p>\n<p>Podane dane osobowe b\u0119d\u0105 przechowywane tak d\u0142ugo, jak d\u0142ugo b\u0119dzie trwa\u0142a relacja handlowa lub nie zg\u0142osz\u0105 Pa\u0144stwo \u017c\u0105dania ich usuni\u0119cia oraz przez okres, za jaki mog\u0105 powstawa\u0107 obowi\u0105zki prawne z tytu\u0142u \u015bwiadczonych us\u0142ug.<\/p>\n<p><strong>Legitymacja:<\/strong><\/p>\n<p>Przetwarzanie Twoich danych odbywa si\u0119 w oparciu o nast\u0119puj\u0105ce podstawy prawne, kt\u00f3re je legitymizuj\u0105:<\/p>\n<ol>\n<li>Pro\u015bba o informacje i\/lub zawarcie umowy na us\u0142ugi Toroshopping, S.L., kt\u00f3rej warunki zostan\u0105 Pa\u0144stwu udost\u0119pnione w ka\u017cdym przypadku przed ewentualnym zawarciem umowy.<\/li>\n<li>Dobrowolna, konkretna, \u015bwiadoma i jednoznaczna zgoda, o czym informujemy udost\u0119pniaj\u0105c Ci niniejsz\u0105 polityk\u0119 prywatno\u015bci, kt\u00f3r\u0105 po zapoznaniu si\u0119 z ni\u0105, je\u015bli wyra\u017casz zgod\u0119, mo\u017cesz zaakceptowa\u0107 poprzez o\u015bwiadczenie lub wyra\u017ane dzia\u0142anie potwierdzaj\u0105ce, np. zaznaczenie odpowiedniego pola w tym celu.<\/li>\n<\/ol>\n<p>Je\u017celi nie przeka\u017cesz nam swoich danych lub zrobisz to b\u0142\u0119dnie lub niekompletnie, nie b\u0119dziemy w stanie odpowiedzie\u0107 na Twoje \u017c\u0105danie, co ca\u0142kowicie uniemo\u017cliwia udzielenie Ci \u017c\u0105danych informacji lub realizacj\u0119 zam\u00f3wienia us\u0142ug.<\/p>\n<p><strong>Odbiorcy:<\/strong><\/p>\n<p>Dane nie b\u0119d\u0105 przekazywane \u017cadnym podmiotom trzecim innym ni\u017c Toroshopping, S.L., chyba \u017ce b\u0119dzie to wymagane prawnie.<\/p>\n<p><strong>Dane zbierane przez u\u017cytkownik\u00f3w us\u0142ug<\/strong><\/p>\n<p>W przypadku umieszczenia przez u\u017cytkownika plik\u00f3w z danymi osobowymi na wsp\u00f3\u0142dzielonych serwerach hostingowych, Toroshopping, S.L. nie ponosi odpowiedzialno\u015bci za nieprzestrzeganie przez u\u017cytkownika RGPD.<\/p>\n<p><strong>Przechowywanie danych zgodnie z LSSI<\/strong><\/p>\n<p>Toroshopping, S.L. informuje, \u017ce jako dostawca us\u0142ug hostingu danych i na mocy przepis\u00f3w ustawy nr 34\/2002 z dnia 11 lipca o us\u0142ugach spo\u0142ecze\u0144stwa informacyjnego i handlu elektronicznym (LSSI) przechowuje przez okres maksymalnie 12 miesi\u0119cy informacje niezb\u0119dne do ustalenia pochodzenia hostowanych danych oraz moment rozpocz\u0119cia \u015bwiadczenia us\u0142ugi. Zatrzymanie tych danych nie ma wp\u0142ywu na tajemnic\u0119 komunikacji i mo\u017ce by\u0107 wykorzystywane wy\u0142\u0105cznie w ramach dochodzenia karnego lub w celu ochrony bezpiecze\u0144stwa publicznego, udost\u0119pniaj\u0105c je s\u0119dziom i\/lub s\u0105dom lub ministerstwu, kt\u00f3re tego wymaga.<\/p>\n<p>Przekazywanie danych Si\u0142om i Korpusowi Pa\u0144stwa b\u0119dzie odbywa\u0107 si\u0119 zgodnie z przepisami przepis\u00f3w o ochronie danych osobowych.<\/p>\n<p><strong>Prawa w\u0142asno\u015bci intelektualnej https:\/\/plazatorosalicante.com\/<\/strong><\/p>\n<p>Toroshopping, S.L. jest w\u0142a\u015bcicielem wszelkich praw autorskich, w\u0142asno\u015bci intelektualnej i przemys\u0142owej, \u201eknow how\u201d oraz wszelkich innych praw zwi\u0105zanych z zawarto\u015bci\u0105 serwisu https:\/\/plazatorosalicante.com\/ i us\u0142ugami w nim oferowanymi, a tak\u017ce programami niezb\u0119dnymi do jego realizacji i powi\u0105zane informacje.<\/p>\n<p>Reprodukcja, publikacja i\/lub inne ni\u017c wy\u0142\u0105cznie prywatne wykorzystanie zawarto\u015bci, w ca\u0142o\u015bci lub w cz\u0119\u015bci, witryny internetowej https:\/\/plazatorosalicante.com\/ jest niedozwolone bez uprzedniej pisemnej zgody.<\/p>\n<p><strong>W\u0142asno\u015b\u0107 intelektualna oprogramowania<\/strong><\/p>\n<p>U\u017cytkownik ma obowi\u0105zek szanowa\u0107 programy stron trzecich udost\u0119pnione mu przez Toroshopping, S.L., nawet je\u015bli s\u0105 one bezp\u0142atne i\/lub publicznie dost\u0119pne.<\/p>\n<p>Toroshopping, S.L. posiada niezb\u0119dne prawa do eksploatacji i w\u0142asno\u015bci intelektualnej do oprogramowania.<\/p>\n<p>U\u017cytkownik nie nabywa \u017cadnych praw ani licencji do zakontraktowanej us\u0142ugi, oprogramowania niezb\u0119dnego do \u015bwiadczenia us\u0142ugi ani informacji technicznych s\u0142u\u017c\u0105cych do monitorowania us\u0142ugi, z wyj\u0105tkiem praw i licencji niezb\u0119dnych do realizacji zakontraktowanych us\u0142ug i tylko w czasie ich trwania.<\/p>\n<p>Do wszelkich dzia\u0142a\u0144 wykraczaj\u0105cych poza wykonanie umowy u\u017cytkownik b\u0119dzie potrzebowa\u0142 pisemnej zgody Toroshopping, S.L., a u\u017cytkownikowi nie wolno uzyskiwa\u0107 dost\u0119pu, modyfikowa\u0107, przegl\u0105da\u0107 konfiguracji, struktury i plik\u00f3w serwer\u00f3w b\u0119d\u0105cych w\u0142asno\u015bci\u0105 Toroshopping, S.L., ponosz\u0105c za to odpowiedzialno\u015b\u0107 cywilnych i karnych wynikaj\u0105cych z wszelkich incydent\u00f3w, kt\u00f3re mog\u0105 wyst\u0105pi\u0107 na serwerach i systemach bezpiecze\u0144stwa jako bezpo\u015brednia konsekwencja zaniedbania lub z\u0142o\u015bliwego dzia\u0142ania z Twojej strony.<\/p>\n<p><strong>W\u0142asno\u015b\u0107 intelektualna hostowanych tre\u015bci<\/strong><\/p>\n<p>Korzystanie z us\u0142ug \u015bwiadczonych przez Toroshopping, S.L. w spos\u00f3b sprzeczny z przepisami dotycz\u0105cymi w\u0142asno\u015bci intelektualnej jest zabronione. i w szczeg\u00f3lno\u015bci:<\/p>\n<p>U\u017cycie sprzeczne z hiszpa\u0144skim prawem lub naruszaj\u0105ce prawa os\u00f3b trzecich.<br \/>Publikacja lub przekazywanie jakichkolwiek tre\u015bci, kt\u00f3re zdaniem Toroshopping, S.L. s\u0105 brutalne, obsceniczne, obel\u017cywe, nielegalne, rasistowskie, ksenofobiczne lub znies\u0142awiaj\u0105ce.<br \/>Crack, numery seryjne program\u00f3w lub jakakolwiek inna zawarto\u015b\u0107 naruszaj\u0105ca prawa w\u0142asno\u015bci intelektualnej os\u00f3b trzecich.<br \/>Gromadzenie i\/lub wykorzystywanie danych osobowych innych u\u017cytkownik\u00f3w bez ich wyra\u017anej zgody lub z naruszeniem przepis\u00f3w Rozporz\u0105dzenia Parlamentu Europejskiego i Rady (UE) 2016\/679 z dnia 27 kwietnia 2016 r. w sprawie ochrony danych osobowych os\u00f3b fizycznych w zwi\u0105zku z przetwarzaniem danych osobowych i ich swobodnym przep\u0142ywem.<br \/>Wykorzystywanie serwera pocztowego i adres\u00f3w e-mail domeny do wysy\u0142ania niechcianej poczty masowej.<br \/>U\u017cytkownik ponosi pe\u0142n\u0105 odpowiedzialno\u015b\u0107 za zawarto\u015b\u0107 swojej witryny internetowej, przesy\u0142ane i przechowywane informacje, hiper\u0142\u0105cza, roszczenia os\u00f3b trzecich oraz dzia\u0142ania prawne w zakresie w\u0142asno\u015bci intelektualnej, praw os\u00f3b trzecich i ochrony nieletnich.<br \/>U\u017cytkownik ponosi odpowiedzialno\u015b\u0107 za obowi\u0105zuj\u0105ce przepisy prawa oraz zasady zwi\u0105zane z funkcjonowaniem serwisu internetowego, handlem elektronicznym, prawami autorskimi, utrzymaniem porz\u0105dku publicznego, a tak\u017ce powszechnymi zasadami korzystania z Internetu.<br \/>U\u017cytkownik zrekompensuje Toroshopping, S.L. za wydatki powsta\u0142e w wyniku przypisania Toroshopping, S.L. w ka\u017cdej sprawie, za kt\u00f3r\u0105 odpowiedzialno\u015b\u0107 ponosi u\u017cytkownik, w tym op\u0142aty i wydatki na obron\u0119 prawn\u0105, nawet w przypadku nieprawomocnego orzeczenia s\u0105dowego.<\/p>\n<p><strong>Ochrona przechowywanych informacji<\/strong><\/p>\n<p>Toroshopping, S.L. tworzy kopie zapasowe tre\u015bci znajduj\u0105cych si\u0119 na swoich serwerach, nie ponosi jednak odpowiedzialno\u015bci za utrat\u0119 lub przypadkowe usuni\u0119cie danych przez u\u017cytkownik\u00f3w. Podobnie nie gwarantuje ca\u0142kowitego zast\u0105pienia danych usuni\u0119tych przez u\u017cytkownik\u00f3w, poniewa\u017c wy\u017cej wymienione dane mog\u0142y zosta\u0107 usuni\u0119te i\/lub zmodyfikowane w czasie, jaki up\u0142yn\u0105\u0142 od ostatniej kopii zapasowej.<\/p>\n<p>Oferowane us\u0142ugi, za wyj\u0105tkiem okre\u015blonych us\u0142ug tworzenia kopii zapasowych, nie obejmuj\u0105 wymiany zawarto\u015bci zawartej w kopiach zapasowych wykonanych przez Toroshopping, S.L., gdy strata ta le\u017cy po stronie u\u017cytkownika; W takim przypadku stawka zostanie ustalona na podstawie z\u0142o\u017cono\u015bci i wielko\u015bci odzysku, zawsze po uprzedniej akceptacji przez u\u017cytkownika.<\/p>\n<p>Wymiana usuni\u0119tych danych jest wliczona w cen\u0119 us\u0142ugi tylko wtedy, gdy utrata tre\u015bci nast\u0105pi\u0142a z przyczyn le\u017c\u0105cych po stronie Toroshopping, S.L.<\/p>\n<p><strong>Komunikaty handlowe<\/strong><\/p>\n<p>W zastosowaniu LSSI. Toroshopping, S.L. nie b\u0119dzie wysy\u0142a\u0107 komunikat\u00f3w reklamowych lub promocyjnych poczt\u0105 elektroniczn\u0105 lub innymi r\u00f3wnowa\u017cnymi \u015brodkami komunikacji elektronicznej, je\u015bli nie zosta\u0142y wcze\u015bniej zam\u00f3wione lub wyra\u017anie nie autoryzowane przez odbiorc\u00f3w.<\/p>\n<p>W przypadku u\u017cytkownik\u00f3w, z kt\u00f3rymi istnieje wcze\u015bniejszy stosunek umowny, Toroshopping, S.L. Tak, jeste\u015b upowa\u017cniony do wysy\u0142ania informacji handlowych dotycz\u0105cych produkt\u00f3w lub us\u0142ug Toroshopping, S.L. kt\u00f3re s\u0105 podobne do tych, kt\u00f3re zosta\u0142y pierwotnie zakontraktowane z klientem.<\/p>\n<p>W ka\u017cdym przypadku u\u017cytkownik, po potwierdzeniu swojej to\u017csamo\u015bci, mo\u017ce za\u017c\u0105da\u0107, aby za po\u015brednictwem kana\u0142\u00f3w Obs\u0142ugi Klienta nie by\u0142y mu ju\u017c przesy\u0142ane \u017cadne informacje handlowe.<\/p>\n<\/div><\/div><div class=\"wpb_text_column us_custom_4fbadcb9\"><div class=\"wpb_wrapper\"><\/div><\/div><\/div><\/div><\/div><\/div><\/section>\n","protected":false},"excerpt":{"rendered":"Polityka prywatno\u015bci Ochrona danych osobowych zgodnie z RODO Toroshopping, S.L., kieruj\u0105c si\u0119 obowi\u0105zuj\u0105cymi przepisami o ochronie danych osobowych, informuje, \u017ce dane osobowe zbierane za po\u015brednictwem formularzy znajduj\u0105cych si\u0119 w Serwisie: https:\/\/plazatorosalicante.com\/, zawarte s\u0105 w okre\u015blonych zautomatyzowanych plikach dla u\u017cytkownik\u00f3w us\u0142ug firmy Toroshopping, S.L. Celem gromadzenia i zautomatyzowanego przetwarzania danych osobowych jest utrzymywanie relacji handlowych oraz...","protected":false},"author":1,"featured_media":0,"parent":0,"menu_order":0,"comment_status":"closed","ping_status":"open","template":"","meta":{"_acf_changed":false,"footnotes":""},"class_list":["post-4541","page","type-page","status-publish","hentry"],"acf":[],"yoast_head":"<!-- This site is optimized with the Yoast SEO plugin v27.4 - https:\/\/yoast.com\/product\/yoast-seo-wordpress\/ -->\n<title>Polityka prywatno\u015bci - Plaza de Toros de Alicante<\/title>\n<meta name=\"robots\" content=\"index, follow, max-snippet:-1, max-image-preview:large, max-video-preview:-1\" \/>\n<link rel=\"canonical\" href=\"https:\/\/plazatorosalicante.com\/pl\/polityka-prywatnosci\/\" \/>\n<meta property=\"og:locale\" content=\"pl_PL\" \/>\n<meta property=\"og:type\" content=\"article\" \/>\n<meta property=\"og:title\" content=\"Polityka prywatno\u015bci - Plaza de Toros de Alicante\" \/>\n<meta property=\"og:url\" content=\"https:\/\/plazatorosalicante.com\/pl\/polityka-prywatnosci\/\" \/>\n<meta property=\"og:site_name\" content=\"Plaza de Toros de Alicante\" \/>\n<meta property=\"article:modified_time\" content=\"2023-11-30T10:00:26+00:00\" \/>\n<meta property=\"og:image\" content=\"https:\/\/plazatorosalicante.com\/wp-content\/uploads\/2025\/03\/VIT_7836-scaled-1.jpg\" \/>\n\t<meta property=\"og:image:width\" content=\"2560\" \/>\n\t<meta property=\"og:image:height\" content=\"1696\" \/>\n\t<meta property=\"og:image:type\" content=\"image\/jpeg\" \/>\n<meta name=\"twitter:card\" content=\"summary_large_image\" \/>\n<meta name=\"twitter:label1\" content=\"Szacowany czas czytania\" \/>\n\t<meta name=\"twitter:data1\" content=\"6 minut\" \/>\n<script type=\"application\/ld+json\" class=\"yoast-schema-graph\">{\"@context\":\"https:\\\/\\\/schema.org\",\"@graph\":[{\"@type\":\"WebPage\",\"@id\":\"https:\\\/\\\/plazatorosalicante.com\\\/pl\\\/polityka-prywatnosci\\\/\",\"url\":\"https:\\\/\\\/plazatorosalicante.com\\\/pl\\\/polityka-prywatnosci\\\/\",\"name\":\"Polityka prywatno\u015bci - Plaza de Toros de Alicante\",\"isPartOf\":{\"@id\":\"https:\\\/\\\/plazatorosalicante.com\\\/pl\\\/#website\"},\"datePublished\":\"2023-09-07T11:05:40+00:00\",\"dateModified\":\"2023-11-30T10:00:26+00:00\",\"breadcrumb\":{\"@id\":\"https:\\\/\\\/plazatorosalicante.com\\\/pl\\\/polityka-prywatnosci\\\/#breadcrumb\"},\"inLanguage\":\"pl-PL\",\"potentialAction\":[{\"@type\":\"ReadAction\",\"target\":[\"https:\\\/\\\/plazatorosalicante.com\\\/pl\\\/polityka-prywatnosci\\\/\"]}]},{\"@type\":\"BreadcrumbList\",\"@id\":\"https:\\\/\\\/plazatorosalicante.com\\\/pl\\\/polityka-prywatnosci\\\/#breadcrumb\",\"itemListElement\":[{\"@type\":\"ListItem\",\"position\":1,\"name\":\"Portada\",\"item\":\"https:\\\/\\\/plazatorosalicante.com\\\/pl\\\/pagina-de-inicio\\\/\"},{\"@type\":\"ListItem\",\"position\":2,\"name\":\"Polityka prywatno\u015bci\"}]},{\"@type\":\"WebSite\",\"@id\":\"https:\\\/\\\/plazatorosalicante.com\\\/pl\\\/#website\",\"url\":\"https:\\\/\\\/plazatorosalicante.com\\\/pl\\\/\",\"name\":\"Plaza de Toros de Alicante\",\"description\":\"Plaza de toros Alicante - Visitas Tur\u00edsticas y Culturales en Vivo para Individuales y Grupos\",\"publisher\":{\"@id\":\"https:\\\/\\\/plazatorosalicante.com\\\/pl\\\/#organization\"},\"alternateName\":\"La Plaza Alicante Tour\",\"potentialAction\":[{\"@type\":\"SearchAction\",\"target\":{\"@type\":\"EntryPoint\",\"urlTemplate\":\"https:\\\/\\\/plazatorosalicante.com\\\/pl\\\/?s={search_term_string}\"},\"query-input\":{\"@type\":\"PropertyValueSpecification\",\"valueRequired\":true,\"valueName\":\"search_term_string\"}}],\"inLanguage\":\"pl-PL\"},{\"@type\":\"Organization\",\"@id\":\"https:\\\/\\\/plazatorosalicante.com\\\/pl\\\/#organization\",\"name\":\"Plaza de toros Alicante\",\"alternateName\":\"La Plaza Alicante Tour\",\"url\":\"https:\\\/\\\/plazatorosalicante.com\\\/pl\\\/\",\"logo\":{\"@type\":\"ImageObject\",\"inLanguage\":\"pl-PL\",\"@id\":\"https:\\\/\\\/plazatorosalicante.com\\\/pl\\\/#\\\/schema\\\/logo\\\/image\\\/\",\"url\":\"https:\\\/\\\/plazatorosalicante.com\\\/wp-content\\\/uploads\\\/2023\\\/10\\\/Logo-plaza-toros-alicante.jpg\",\"contentUrl\":\"https:\\\/\\\/plazatorosalicante.com\\\/wp-content\\\/uploads\\\/2023\\\/10\\\/Logo-plaza-toros-alicante.jpg\",\"width\":100,\"height\":100,\"caption\":\"Plaza de toros Alicante\"},\"image\":{\"@id\":\"https:\\\/\\\/plazatorosalicante.com\\\/pl\\\/#\\\/schema\\\/logo\\\/image\\\/\"}}]}<\/script>\n<!-- \/ Yoast SEO plugin. -->","yoast_head_json":{"title":"Polityka prywatno\u015bci - Plaza de Toros de Alicante","robots":{"index":"index","follow":"follow","max-snippet":"max-snippet:-1","max-image-preview":"max-image-preview:large","max-video-preview":"max-video-preview:-1"},"canonical":"https:\/\/plazatorosalicante.com\/pl\/polityka-prywatnosci\/","og_locale":"pl_PL","og_type":"article","og_title":"Polityka prywatno\u015bci - Plaza de Toros de Alicante","og_url":"https:\/\/plazatorosalicante.com\/pl\/polityka-prywatnosci\/","og_site_name":"Plaza de Toros de Alicante","article_modified_time":"2023-11-30T10:00:26+00:00","og_image":[{"width":2560,"height":1696,"url":"https:\/\/plazatorosalicante.com\/wp-content\/uploads\/2025\/03\/VIT_7836-scaled-1.jpg","type":"image\/jpeg"}],"twitter_card":"summary_large_image","twitter_misc":{"Szacowany czas czytania":"6 minut"},"schema":{"@context":"https:\/\/schema.org","@graph":[{"@type":"WebPage","@id":"https:\/\/plazatorosalicante.com\/pl\/polityka-prywatnosci\/","url":"https:\/\/plazatorosalicante.com\/pl\/polityka-prywatnosci\/","name":"Polityka prywatno\u015bci - Plaza de Toros de Alicante","isPartOf":{"@id":"https:\/\/plazatorosalicante.com\/pl\/#website"},"datePublished":"2023-09-07T11:05:40+00:00","dateModified":"2023-11-30T10:00:26+00:00","breadcrumb":{"@id":"https:\/\/plazatorosalicante.com\/pl\/polityka-prywatnosci\/#breadcrumb"},"inLanguage":"pl-PL","potentialAction":[{"@type":"ReadAction","target":["https:\/\/plazatorosalicante.com\/pl\/polityka-prywatnosci\/"]}]},{"@type":"BreadcrumbList","@id":"https:\/\/plazatorosalicante.com\/pl\/polityka-prywatnosci\/#breadcrumb","itemListElement":[{"@type":"ListItem","position":1,"name":"Portada","item":"https:\/\/plazatorosalicante.com\/pl\/pagina-de-inicio\/"},{"@type":"ListItem","position":2,"name":"Polityka prywatno\u015bci"}]},{"@type":"WebSite","@id":"https:\/\/plazatorosalicante.com\/pl\/#website","url":"https:\/\/plazatorosalicante.com\/pl\/","name":"Plaza de Toros de Alicante","description":"Plaza de toros Alicante - Visitas Tur\u00edsticas y Culturales en Vivo para Individuales y Grupos","publisher":{"@id":"https:\/\/plazatorosalicante.com\/pl\/#organization"},"alternateName":"La Plaza Alicante Tour","potentialAction":[{"@type":"SearchAction","target":{"@type":"EntryPoint","urlTemplate":"https:\/\/plazatorosalicante.com\/pl\/?s={search_term_string}"},"query-input":{"@type":"PropertyValueSpecification","valueRequired":true,"valueName":"search_term_string"}}],"inLanguage":"pl-PL"},{"@type":"Organization","@id":"https:\/\/plazatorosalicante.com\/pl\/#organization","name":"Plaza de toros Alicante","alternateName":"La Plaza Alicante Tour","url":"https:\/\/plazatorosalicante.com\/pl\/","logo":{"@type":"ImageObject","inLanguage":"pl-PL","@id":"https:\/\/plazatorosalicante.com\/pl\/#\/schema\/logo\/image\/","url":"https:\/\/plazatorosalicante.com\/wp-content\/uploads\/2023\/10\/Logo-plaza-toros-alicante.jpg","contentUrl":"https:\/\/plazatorosalicante.com\/wp-content\/uploads\/2023\/10\/Logo-plaza-toros-alicante.jpg","width":100,"height":100,"caption":"Plaza de toros Alicante"},"image":{"@id":"https:\/\/plazatorosalicante.com\/pl\/#\/schema\/logo\/image\/"}}]}},"_links":{"self":[{"href":"https:\/\/plazatorosalicante.com\/pl\/wp-json\/wp\/v2\/pages\/4541","targetHints":{"allow":["GET"]}}],"collection":[{"href":"https:\/\/plazatorosalicante.com\/pl\/wp-json\/wp\/v2\/pages"}],"about":[{"href":"https:\/\/plazatorosalicante.com\/pl\/wp-json\/wp\/v2\/types\/page"}],"author":[{"embeddable":true,"href":"https:\/\/plazatorosalicante.com\/pl\/wp-json\/wp\/v2\/users\/1"}],"replies":[{"embeddable":true,"href":"https:\/\/plazatorosalicante.com\/pl\/wp-json\/wp\/v2\/comments?post=4541"}],"version-history":[{"count":3,"href":"https:\/\/plazatorosalicante.com\/pl\/wp-json\/wp\/v2\/pages\/4541\/revisions"}],"predecessor-version":[{"id":4549,"href":"https:\/\/plazatorosalicante.com\/pl\/wp-json\/wp\/v2\/pages\/4541\/revisions\/4549"}],"wp:attachment":[{"href":"https:\/\/plazatorosalicante.com\/pl\/wp-json\/wp\/v2\/media?parent=4541"}],"curies":[{"name":"wp","href":"https:\/\/api.w.org\/{rel}","templated":true}]}}