{"id":4554,"date":"2023-09-08T11:29:42","date_gmt":"2023-09-08T11:29:42","guid":{"rendered":"https:\/\/plazatorosalicante.com\/polityka-plikow-cookies\/"},"modified":"2025-09-15T10:09:43","modified_gmt":"2025-09-15T10:09:43","slug":"polityka-plikow-cookies","status":"publish","type":"page","link":"https:\/\/plazatorosalicante.com\/pl\/polityka-plikow-cookies\/","title":{"rendered":"Polityka plik\u00f3w cookies"},"content":{"rendered":"<section class=\"l-section wpb_row height_medium\"><div class=\"l-section-h i-cf\"><div class=\"g-cols vc_row via_grid cols_1 laptops-cols_inherit tablets-cols_inherit mobiles-cols_1 valign_top type_default stacking_default\"><div class=\"wpb_column vc_column_container\"><div class=\"vc_column-inner\"><div class=\"wpb_text_column\"><div class=\"wpb_wrapper\"><h1>Cookie-Richtlinie<\/h1>\n<p>Toroshopping, S.L. informuje o wykorzystywaniu plik\u00f3w cookies na swojej stronie internetowej: https:\/\/plazatorosalicante.com\/.<\/p>\n<h2>Czym s\u0105 pliki cookie?<\/h2>\n<p>Pliki cookie to dane, kt\u00f3re mog\u0105 by\u0107 przechowywane na komputerze u\u017cytkownika za po\u015brednictwem stron internetowych. S\u0105 to obszary robocze, kt\u00f3re<br \/>\nodgrywaj\u0105 wa\u017cn\u0105 rol\u0119 w \u015bwiadczeniu licznych us\u0142ug spo\u0142ecze\u0144stwa informacyjnego. Mi\u0119dzy innymi,<br \/>\npozwala na dodanie do strony internetowej opisu i gromadzenia informacji na temat nawyk\u00f3w surfowania u\u017cytkownika lub jego u\u017cytkownik\u00f3w<br \/>\nurz\u0105dze\u0144 i mog\u0105 by\u0107 wykorzystywane do dostarczania informacji w celu przywr\u00f3cenia u\u017cytkownika i poprawy oferowanych us\u0142ug.  <\/p>\n<h2>Rodzaje plik\u00f3w cookie<\/h2>\n<p>Abh\u00e4ngig davon, who die Entit\u00e4t ist, die die Dom\u00e4ne verwaltet, von der die Cookies gesendet werden, und die jeweiligen Daten verarbeitet<br \/>\nerhalten, k\u00f6nnen zwei Typen unterschieden werden:<\/p>\n<p>&#8211; Eigene Cookies:<\/p>\n<p>Diejenigen, die von einem vom Benutzer verwalteten Computer oder einer vom Benutzer verwalteten Dom\u00e4ne an das Endger\u00e4t des Benutzers gesendet werden.<br \/>\neigenen Editor erstellt und von dem aus der vom Benutzer gew\u00fcnschte Dienst bereitgestellt wird.<\/p>\n<p>&#8211; Cookies von Drittanbietern:<\/p>\n<p>Pliki cookie, kt\u00f3re nie s\u0105 przechowywane przez nieu\u017cywany komputer lub nieu\u017cywany dom na urz\u0105dzeniu ko\u0144cowym u\u017cytkownika ko\u0144cowego,<br \/>\n, nie s\u0105 przechowywane przez w\u0142a\u015bciciela, ale przez inn\u0105 stron\u0119, kt\u00f3ra u\u017cywa plik\u00f3w cookie do przechowywania danych.<br \/>\nW przypadku, gdy pliki cookie s\u0105 instalowane przez komputer lub dom, kt\u00f3re s\u0105 u\u017cywane przez samego w\u0142a\u015bciciela pliku cookie, ale s\u0105 u\u017cywane przez stron\u0119 trzeci\u0105, nie mog\u0105 by\u0107 u\u017cywane jako oryginalne pliki cookie.<br \/>\nEs gibt auch eine zweite Klassifizierung nach der Zeitspanne, in der sie im Browser des Clients gespeichert bleiben, und zwar:<\/p>\n<p>&#8211; Sitzungscookies:<\/p>\n<p>Entwickelt, um Daten zu sammeln und zu speichern, w\u00e4hrend der Benutzer auf eine Webseite zugreift. Zazwyczaj s\u0105 one<br \/>\nwykorzystywane do dostarczania informacji, kt\u00f3rych u\u017cytkownik potrzebuje wy\u0142\u0105cznie w celu \u015bwiadczenia us\u0142ug b\u0119d\u0105cych przedmiotem zainteresowania<br \/>\n(np. lista zakupionych produkt\u00f3w). <\/p>\n<p>&#8211; Dauerhafte Cookies:<\/p>\n<p>Die Daten bleiben im Endger\u00e4t gespeichert gespeichert und k\u00f6nnen f\u00fcr einen bestimmten Zeitraum abgerufen und verarbeitet werden<br \/>\nDie vom Cookie-Verantwortlichen festgelegte Dauer kann zwischen einigen Minuten und mehreren Jahren liegen.<br \/>\nWreszcie, istnieje r\u00f3wnie\u017c dalsza klasyfikacja z sze\u015bcioma rodzajami plik\u00f3w cookie, dla kt\u00f3rych dane b\u0119d\u0105 przetwarzane.<br \/>\njest utrzymywany:<\/p>\n<p>&#8211; Techniczne pliki cookie:<\/p>\n<p>Diejenigen, die es dem Benutzer perm\u00f6glichen, durch eine Webseite, Plattform oder Anwendung zu navigieren und<br \/>\ndie Nutzung der verschiedenen Optionen oder Dienste, die darin vorhanden sind, jak na przyk\u0142ad die Steuerung des<br \/>\nDatenverkehr und Datenkommunikation, Identifizierung der Sitzung, Zugriff auf Teile mit eingeschr\u00e4nktem Zugriff,<br \/>\nMerken Sie sich die Elemente, z kt\u00f3rego sk\u0142adane jest zam\u00f3wienie, wys\u0142a\u0107 zam\u00f3wienie zakupu do firmy przetwarzaj\u0105cej zam\u00f3wienia, wys\u0142a\u0107 zam\u00f3wienie na adres<br \/>\nw celu zarejestrowania lub wys\u0142ania do zak\u0142adu, Korzystanie z element\u00f3w bezpiecze\u0144stwa podczas konferencji<br \/>\nNavigation, speichern Sie Inhalte f\u00fcr die \u00dcbertragung von Videos oder Tonder oder teilen Sie Inhalte \u00fcber<br \/>\nsoziale Netzwerke.<\/p>\n<p>&#8211; Pliki cookie do personalizacji:<\/p>\n<p>Umo\u017cliwiaj\u0105 one u\u017cytkownikowi dost\u0119p do us\u0142ugi z pewnymi okre\u015blonymi wsp\u00f3lnymi parametrami rynkowymi<br \/>\nopr\u00f3cz szeregu kryteri\u00f3w po stronie u\u017cytkownika, takich jak na przyk\u0142ad j\u0119zyk, typ przegl\u0105darki , konfiguracja regionalna, z kt\u00f3rej u\u017cytkownik uzyskuje dost\u0119p do us\u0142ugi, konfiguracja regionalna, z kt\u00f3rej u\u017cytkownik uzyskuje dost\u0119p do us\u0142ugi, konfiguracja regionalna, z kt\u00f3rej u\u017cytkownik uzyskuje dost\u0119p do us\u0142ugi, konfiguracja regionalna, z kt\u00f3rej u\u017cytkownik uzyskuje dost\u0119p do us\u0142ugi, konfiguracja regionalna, z kt\u00f3rej u\u017cytkownik uzyskuje dost\u0119p do us\u0142ugi, konfiguracja regionalna, z kt\u00f3rej u\u017cytkownik uzyskuje dost\u0119p do us\u0142ugi. B. der Sprache, der Art von<br \/>\nBrowser, \u00fcber den Sie auf den Dienst zugreifen, die regionale Konfiguration, von der aus Sie auf den Dienst zugreifen<br \/>\nService usw <\/p>\n<p>&#8211; Analyse-Cookies:<\/p>\n<p>Umo\u017cliwiaj\u0105 one podmiotowi odpowiedzialnemu monitorowanie i analizowanie zawarto\u015bci strony internetowej<br \/>\n, do kt\u00f3rej prowadzi \u0142\u0105cze. Informacje gromadzone za po\u015brednictwem tego typu plik\u00f3w cookie to<br \/>\n. Mo\u017cna ich u\u017cywa\u0107 w celu informowania o aktywno\u015bci stron internetowych, aplikacji lub szablon\u00f3w oraz w celu dostarczania<br \/>\ninformacji o profilach u\u017cytkownik\u00f3w tych stron internetowych, aplikacji i szablon\u00f3w, do<br \/>\nw celu wprowadzania ulepsze\u0144 w oparciu o analiz\u0119 danych dotycz\u0105cych korzystania z us\u0142ug przez u\u017cytkownika. <\/p>\n<p>&#8211; Werbe-Cookies:<\/p>\n<p>Pozwalaj\u0105 one na najbardziej efektywne wykorzystanie towar\u00f3w.<\/p>\n<p>&#8211; Verhaltensbezogene Werbe-Cookies:<\/p>\n<p>W celu uzyskania szczeg\u00f3\u0142owych informacji na temat korzystania z witryny<br \/>\ni ci\u0105g\u0142ego doskonalenia swoich umiej\u0119tno\u015bci surfowania, nale\u017cy utworzy\u0107 specjalny profil, kt\u00f3ry zostanie wy\u015bwietlony na stronie<br \/>\nw oparciu o wyniki wyszukiwania.<\/p>\n<p>&#8211; Pliki cookie z zewn\u0119trznych sieci spo\u0142eczno\u015bciowych:<\/p>\n<p>S\u0105 one u\u017cywane, aby umo\u017cliwi\u0107 u\u017cytkownikom interakcj\u0119 z r\u00f3\u017cnymi platformami<br \/>\nsoziale Netzwerke (Facebook, YouTube, Twitter, LinkedIn itp.) i tylko dla u\u017cytkownik\u00f3w wygenerowanych przez<br \/>\nsoziale Netzwerke. Warunki korzystania z tych plik\u00f3w cookie i zawarte w nich informacje s\u0105<br \/>\nregulowane przez o\u015bwiadczenie o ochronie danych odpowiedniej platformy spo\u0142eczno\u015bciowej. <\/p>\n<h2>Dezaktywacja i usuwanie plik\u00f3w cookie<\/h2>\n<p>U\u017cytkownik ma mo\u017cliwo\u015b\u0107 zainstalowania plik\u00f3w cookie na swoim komputerze, zablokowania ich lub usuni\u0119cia poprzez skonfigurowanie opcji przegl\u0105darki zainstalowanej na komputerze. Z powodu dezaktywacji plik\u00f3w cookie niekt\u00f3re z oferowanych us\u0142ug mog\u0105 przesta\u0107 dzia\u0142a\u0107. Opcja wy\u0142\u0105czenia plik\u00f3w cookie nie jest dost\u0119pna w ka\u017cdej przegl\u0105darce, ale zwykle mo\u017cna skorzysta\u0107 z menu &#8222;Dodatki&#8221; lub &#8222;Opcje&#8221;. Mo\u017cna r\u00f3wnie\u017c skorzysta\u0107 z menu pomocy przegl\u0105darki, gdzie mo\u017cna znale\u017a\u0107 sugestie. U\u017cytkownik zawsze mo\u017ce wybra\u0107 pliki cookie, kt\u00f3rych chce u\u017cywa\u0107 na tej stronie.<br \/>\nPliki cookie mo\u017cna ustawi\u0107, zablokowa\u0107 lub usun\u0105\u0107 na komputerze, ustawiaj\u0105c opcje przegl\u0105darki zainstalowanej na komputerze:    <\/p>\n<p>&#8211; Microsoft Internet Explorer lub Microsoft Edge:<br \/>\nhttp:\/\/windows.microsoft.com\/es-es\/windows-vista\/Block-or-allow-cookies<br \/>\n&#8211; Mozilla Firefox:<br \/>\nhttp:\/\/support.mozilla.org\/es\/kb\/impedir-que-los-sitios-web-guarden-sus-preference<br \/>\n&#8211; Chrom:<br \/>\nhttps:\/\/support.google.com\/accounts\/answer\/61416?hl=es<br \/>\n&#8211; Safari:<br \/>\nhttp:\/\/safari.helpmax.net\/es\/privacidad-y-security\/como-gestionar-las-cookies\/<br \/>\n&#8211; Oper:<br \/>\nhttp:\/\/help.opera.com\/Linux\/10.60\/es-ES\/cookies.html<br \/>\n Ponadto mo\u017cesz przegl\u0105da\u0107 pliki cookie w przegl\u0105darce, a tak\u017ce za pomoc\u0105 narz\u0119dzi takich jak<\/p>\n<p> &#8211; Geisterbilder:<br \/>\nwww.ghostery.com\/<br \/>\n&#8211; Ihre Online-Auswahl: xml-ph-0014@deepl<\/p>\n<p>Auf https:\/\/plazatorosalicante.com\/ verwendete Cookies<br \/>\nNachfolgend sind die auf diesem Portal verwendeten Cookies sowie deren Art und Funktion aufgef\u00fchrt:- tsrce<br \/>\n&#8211; Dauer: 3 Tage<br \/>\n&#8211; Beschreibung: PayPal-Cookie: Bei einer Zahlung \u00fcber PayPal werden diese Cookies ausgegeben:<br \/>\nPayPal-Sitzung\/Sicherheit.<br \/>\n&#8211; Typ: Dritte<br \/>\n&#8211; Zweck: Technik.<\/p>\n<p>&#8211; x-pp-s<br \/>\n&#8211; Dauer: Sitzung<br \/>\n&#8211; Beschreibung: Dieses Cookie wird von PayPal bereitgestellt von PayPal bereitgestellt and ist mit den Zahlungsdiensten der Website kompatibel.<br \/>\n&#8211; Typ: Dritte<br \/>\n&#8211; Zweck: Technik<\/p>\n<p>&#8211; l7_az<br \/>\n&#8211; Dauer: 30 Minuten<br \/>\n&#8211; Beschreibung: Dieses Cookie wird for die PayPal-Anmeldefunktion auf der Website ben\u00f6tigt.<br \/>\n&#8211; Typ: Dritte<br \/>\n&#8211; Zweck: Technik<\/p>\n<p>&#8211; _abck<br \/>\n&#8211; Dauer: 1 Jahr<br \/>\n&#8211; Beschreibung: Dieses Cookie wird verwendet, um den Datenverkehr zu analysieren und festzustellen, ob es sich um Datenverkehr handelt<br \/>\nautomatisiert durch Computersysteme oder durch einen menschlichen Benutzer generiert.<br \/>\n&#8211; Typ: Dritte<br \/>\n&#8211; Zweck: Technik<\/p>\n<p>&#8211; _ga<br \/>\n&#8211; Dauer: 2 Jahre<br \/>\n&#8211; Beschreibung: Wird zur Unterscheidung von Benutzern verwendet. Jest to dostarczane przez Google Analytics. Google przechowuje informacje zebrane za pomoc\u0105 plik\u00f3w cookie na serwerach w Stanach Zjednoczonych, w koordynacji z  <\/p>\n<p>Przestrzegamy europejskich przepis\u00f3w dotycz\u0105cych ochrony danych osobowych i zapewniamy, \u017ce nie zostan\u0105 one zmienione<br \/>\nDritte, es sei denn, dies ist gesetzlich vorgeschrieben or f\u00fcr den Betrieb des Systems erforderlich.<\/p>\n<p>Je\u015bli chcesz uzyska\u0107 wi\u0119cej informacji na temat plik\u00f3w cookie u\u017cywanych przez Google Analytics, prze\u015blij te informacje na adres:<br \/>\nhttps:\/\/developers.google.com\/analytics\/devguides\/collection\/analyticsjs\/cookie-usage?hl=es&#038;csw=1<br \/>\n&#8211; Typ: Strona trzecia<br \/>\n&#8211; Zweck: Analytisch <\/p>\n<p>&#8211; _gat<br \/>\n&#8211; Dauer: 1 Minute<br \/>\n&#8211; Beschreibung: Wird verwendet, um unsere Werbung auf anderen Seiten im Google-Netzwerk anzuzeigen. Generiert<br \/>\nvia Google Analytics. Google przechowuje informacje zebrane za pomoc\u0105 plik\u00f3w cookie na serwerach znajduj\u0105cych si\u0119<br \/>\nw Stanach Zjednoczonych, odnosi si\u0119 do europejskich przepis\u00f3w prawnych dotycz\u0105cych ochrony danych osobowych i nie kontynuuje stosowania tych przepis\u00f3w wobec os\u00f3b trzecich, tj. f\u00fcr den Betrieb des Systems. Google nie gromadzi adresu IP u\u017cytkownika wraz z innymi informacjami, za kt\u00f3re odpowiada Google. Je\u015bli u\u017cytkownik chcia\u0142by uzyska\u0107 wi\u0119cej informacji na temat plik\u00f3w cookie wykorzystywanych przez Google Analytics, prosimy o kontakt pod adresem<br \/>\n. Prosimy o zwr\u00f3cenie uwagi na ten adres:     <\/p>\n<p>https:\/\/developers.google.com\/analytics\/devguides\/collection\/analyticsjs\/cookie-usage?hl=es&#038;csw=1<br \/>\n&#8211; Typ: Dritte<br \/>\n&#8211; Zweck: Verhaltensbezogene Werbung<\/p>\n<p>&#8211; _gid<br \/>\n&#8211; Dauer: 24 Stunden<br \/>\n&#8211; Beschreibung: Von Google Analytics generiert. Google przechowuje informacje zebrane za pomoc\u0105 plik\u00f3w cookie<br \/>\nna serwerach w Stanach Zjednoczonych zgodnie z przepisami europejskimi<br \/>\nOchrona danych osobowych i jest za to odpowiedzialna, nie s\u0105 one przekazywane dalej, poniewa\u017c jest to zgodne z prawem<br \/>\nlub jest to konieczne do zarz\u0105dzania systemem. Google nie \u0142\u0105czy adresu IP u\u017cytkownika<br \/>\nz \u017cadnymi innymi posiadanymi przez niego informacjami. Je\u015bli chcesz uzyska\u0107 wi\u0119cej informacji na temat plik\u00f3w cookie<br \/>\nu\u017cywanych przez Google Analytics, prze\u015blij ten adres na:<br \/>\nhttps:\/\/developers.google.com\/analytics\/devguides\/collection\/analyticsjs\/cookie-usage?hl=es&#038;csw<br \/>\n&#8211; Typ: Dritte<br \/>\n&#8211; Zweck: Verhaltensbezogene Werbung   <\/p>\n<p>&#8211; ts<br \/>\n&#8211; Czas trwania: 3 lata<br \/>\n&#8211; Opis: Ten plik cookie jest og\u00f3lnie akceptowany przez PayPal i obs\u0142uguje p\u0142atno\u015bci na stronie<br \/>\n.<br \/>\n&#8211; Typ: Dritte<br \/>\n&#8211; Zweck: Technik<\/p>\n<ul>\n<li>_fbp<br \/>\n&#8211; Czas trwania: 3 miesi\u0105ce<br \/>\n&#8211; Opis: U\u017cywany przez Meta do dostarczania serii produkt\u00f3w reklamowych, takich jak licytacja w czasie rzeczywistym od<br \/>\nreklamodawc\u00f3w zewn\u0119trznych<br \/>\n&#8211; Typ: Strona trzecia<br \/>\n&#8211; Cel: Techniczny<\/li>\n<li>LANG<br \/>\n&#8211; Czas trwania: 8 godzin i 46 minut<br \/>\n&#8211; Opis: Istnieje wiele r\u00f3\u017cnych rodzaj\u00f3w plik\u00f3w cookie powi\u0105zanych z t\u0105 nazw\u0105 i generalnie zaleca si\u0119 bardziej szczeg\u00f3\u0142owe zbadanie, w jaki spos\u00f3b s\u0105 one u\u017cywane na konkretnej stronie internetowej. Jednak w wi\u0119kszo\u015bci przypadk\u00f3w b\u0119d\u0105 one prawdopodobnie u\u017cywane do przechowywania preferencji j\u0119zykowych, potencjalnie do wy\u015bwietlania tre\u015bci w przechowywanym j\u0119zyku.<br \/>\n&#8211; Typ: Strona trzecia<br \/>\n&#8211; Cel: Techniczny <\/li>\n<li>ts_c<br \/>\n&#8211; Czas trwania: 3 lata<br \/>\n&#8211; Opis: Zapobieganie oszustwom<br \/>\n&#8211; Typ: Strona trzecia<br \/>\n&#8211; Cel: Techniczny<\/li>\n<li>bm_sz<br \/>\n&#8211; Czas trwania: 4 godziny<br \/>\n&#8211; Opis: Funkcjonalny plik cookie ustawiony przez Mailchimp w celu zarz\u0105dzania i kontrolowania listy<br \/>\n&#8211; Typ: Strona trzecia<br \/>\n&#8211; Cel: Techniczny<\/li>\n<li>wp-wpml_current_language<br \/>\n&#8211; Czas trwania: sesja<br \/>\n&#8211; Opis: Przechowuje bie\u017c\u0105cy j\u0119zyk. Por defecto, esta cookie s\u00f3lo se establece para los usuarios que han iniciado sesi\u00f3n. Je\u015bli w\u0142\u0105czysz j\u0119zykowy plik cookie do obs\u0142ugi filtrowania AJAX, ten plik cookie zostanie r\u00f3wnie\u017c ustawiony dla u\u017cytkownik\u00f3w, kt\u00f3rzy nie s\u0105 zalogowani.<br \/>\n&#8211; Typ: Strona trzecia<br \/>\n&#8211; Cel: Techniczny<\/li>\n<\/ul>\n<h2><strong>Przyj\u0119cie dyrektywy w sprawie plik\u00f3w cookie<\/strong><\/h2>\n<p>https:\/\/plazatorosalicante.com\/ ma na celu zapewnienie, \u017ce u\u017cytkownik akceptuje stosowanie plik\u00f3w cookie. Jednak\u017ce, w przypadku ka\u017cdego logowania, informacja o Wytycznych dotycz\u0105cych plik\u00f3w cookie b\u0119dzie wy\u015bwietlana na ka\u017cdej stronie Portalu przed lub po zalogowaniu, tak aby u\u017cytkownik zosta\u0142 o tym odpowiednio poinformowany.<br \/>\n: <\/p>\n<p>&#8211; Cookies akzeptieren:<br \/>\nDieser Hinweis wird beim Aufruf einer Seite des Portals w\u00e4hrenddessen nicht erneut angezeigt<br \/>\nSitzung.<\/p>\n<p>&#8211; Schlie\u00dfen:<br \/>\nDer Hinweis ist auf dieser Seite ausgeblendet.<br \/>\n&#8211; \u00c4ndern Sie Ihre Einstellungen:<br \/>\nSie k\u00f6nnen weitere information about what Cookies sind, sich \u00fcber die Cookie-Richtlinie informieren unter: https:\/\/plazatorosalicante.com\/ und Ihre Browsereinstellungen \u00e4ndern.<\/p>\n<\/div><\/div><\/div><\/div><\/div><\/div><\/section>\n","protected":false},"excerpt":{"rendered":"Cookie-Richtlinie Toroshopping, S.L. informuje o wykorzystywaniu plik\u00f3w cookies na swojej stronie internetowej: https:\/\/plazatorosalicante.com\/. Czym s\u0105 pliki cookie? Pliki cookie to dane, kt\u00f3re mog\u0105 by\u0107 przechowywane na komputerze u\u017cytkownika za po\u015brednictwem stron internetowych. S\u0105 to obszary robocze, kt\u00f3re odgrywaj\u0105 wa\u017cn\u0105 rol\u0119 w \u015bwiadczeniu licznych us\u0142ug spo\u0142ecze\u0144stwa informacyjnego. Mi\u0119dzy innymi, pozwala na dodanie do strony internetowej opisu...","protected":false},"author":1,"featured_media":0,"parent":0,"menu_order":0,"comment_status":"closed","ping_status":"closed","template":"","meta":{"_acf_changed":false,"footnotes":""},"class_list":["post-4554","page","type-page","status-publish","hentry"],"acf":[],"yoast_head":"<!-- This site is optimized with the Yoast SEO plugin v27.4 - https:\/\/yoast.com\/product\/yoast-seo-wordpress\/ -->\n<title>Polityka plik\u00f3w cookies - Plaza de Toros de Alicante<\/title>\n<meta name=\"robots\" content=\"index, follow, max-snippet:-1, max-image-preview:large, max-video-preview:-1\" \/>\n<link rel=\"canonical\" href=\"https:\/\/plazatorosalicante.com\/pl\/polityka-plikow-cookies\/\" \/>\n<meta property=\"og:locale\" content=\"pl_PL\" \/>\n<meta property=\"og:type\" content=\"article\" \/>\n<meta property=\"og:title\" content=\"Polityka plik\u00f3w cookies - Plaza de Toros de Alicante\" \/>\n<meta property=\"og:url\" content=\"https:\/\/plazatorosalicante.com\/pl\/polityka-plikow-cookies\/\" \/>\n<meta property=\"og:site_name\" content=\"Plaza de Toros de Alicante\" \/>\n<meta property=\"article:modified_time\" content=\"2025-09-15T10:09:43+00:00\" \/>\n<meta property=\"og:image\" content=\"https:\/\/plazatorosalicante.com\/wp-content\/uploads\/2025\/03\/VIT_7836-scaled-1.jpg\" \/>\n\t<meta property=\"og:image:width\" content=\"2560\" \/>\n\t<meta property=\"og:image:height\" content=\"1696\" \/>\n\t<meta property=\"og:image:type\" content=\"image\/jpeg\" \/>\n<meta name=\"twitter:card\" content=\"summary_large_image\" \/>\n<meta name=\"twitter:label1\" content=\"Szacowany czas czytania\" \/>\n\t<meta name=\"twitter:data1\" content=\"7 minut\" \/>\n<script type=\"application\/ld+json\" class=\"yoast-schema-graph\">{\"@context\":\"https:\\\/\\\/schema.org\",\"@graph\":[{\"@type\":\"WebPage\",\"@id\":\"https:\\\/\\\/plazatorosalicante.com\\\/pl\\\/polityka-plikow-cookies\\\/\",\"url\":\"https:\\\/\\\/plazatorosalicante.com\\\/pl\\\/polityka-plikow-cookies\\\/\",\"name\":\"Polityka plik\u00f3w cookies - Plaza de Toros de Alicante\",\"isPartOf\":{\"@id\":\"https:\\\/\\\/plazatorosalicante.com\\\/pl\\\/#website\"},\"datePublished\":\"2023-09-08T11:29:42+00:00\",\"dateModified\":\"2025-09-15T10:09:43+00:00\",\"breadcrumb\":{\"@id\":\"https:\\\/\\\/plazatorosalicante.com\\\/pl\\\/polityka-plikow-cookies\\\/#breadcrumb\"},\"inLanguage\":\"pl-PL\",\"potentialAction\":[{\"@type\":\"ReadAction\",\"target\":[\"https:\\\/\\\/plazatorosalicante.com\\\/pl\\\/polityka-plikow-cookies\\\/\"]}]},{\"@type\":\"BreadcrumbList\",\"@id\":\"https:\\\/\\\/plazatorosalicante.com\\\/pl\\\/polityka-plikow-cookies\\\/#breadcrumb\",\"itemListElement\":[{\"@type\":\"ListItem\",\"position\":1,\"name\":\"Portada\",\"item\":\"https:\\\/\\\/plazatorosalicante.com\\\/pl\\\/pagina-de-inicio\\\/\"},{\"@type\":\"ListItem\",\"position\":2,\"name\":\"Polityka plik\u00f3w cookies\"}]},{\"@type\":\"WebSite\",\"@id\":\"https:\\\/\\\/plazatorosalicante.com\\\/pl\\\/#website\",\"url\":\"https:\\\/\\\/plazatorosalicante.com\\\/pl\\\/\",\"name\":\"Plaza de Toros de Alicante\",\"description\":\"Plaza de toros Alicante - Visitas Tur\u00edsticas y Culturales en Vivo para Individuales y Grupos\",\"publisher\":{\"@id\":\"https:\\\/\\\/plazatorosalicante.com\\\/pl\\\/#organization\"},\"alternateName\":\"La Plaza Alicante Tour\",\"potentialAction\":[{\"@type\":\"SearchAction\",\"target\":{\"@type\":\"EntryPoint\",\"urlTemplate\":\"https:\\\/\\\/plazatorosalicante.com\\\/pl\\\/?s={search_term_string}\"},\"query-input\":{\"@type\":\"PropertyValueSpecification\",\"valueRequired\":true,\"valueName\":\"search_term_string\"}}],\"inLanguage\":\"pl-PL\"},{\"@type\":\"Organization\",\"@id\":\"https:\\\/\\\/plazatorosalicante.com\\\/pl\\\/#organization\",\"name\":\"Plaza de toros Alicante\",\"alternateName\":\"La Plaza Alicante Tour\",\"url\":\"https:\\\/\\\/plazatorosalicante.com\\\/pl\\\/\",\"logo\":{\"@type\":\"ImageObject\",\"inLanguage\":\"pl-PL\",\"@id\":\"https:\\\/\\\/plazatorosalicante.com\\\/pl\\\/#\\\/schema\\\/logo\\\/image\\\/\",\"url\":\"https:\\\/\\\/plazatorosalicante.com\\\/wp-content\\\/uploads\\\/2023\\\/10\\\/Logo-plaza-toros-alicante.jpg\",\"contentUrl\":\"https:\\\/\\\/plazatorosalicante.com\\\/wp-content\\\/uploads\\\/2023\\\/10\\\/Logo-plaza-toros-alicante.jpg\",\"width\":100,\"height\":100,\"caption\":\"Plaza de toros Alicante\"},\"image\":{\"@id\":\"https:\\\/\\\/plazatorosalicante.com\\\/pl\\\/#\\\/schema\\\/logo\\\/image\\\/\"}}]}<\/script>\n<!-- \/ Yoast SEO plugin. -->","yoast_head_json":{"title":"Polityka plik\u00f3w cookies - Plaza de Toros de Alicante","robots":{"index":"index","follow":"follow","max-snippet":"max-snippet:-1","max-image-preview":"max-image-preview:large","max-video-preview":"max-video-preview:-1"},"canonical":"https:\/\/plazatorosalicante.com\/pl\/polityka-plikow-cookies\/","og_locale":"pl_PL","og_type":"article","og_title":"Polityka plik\u00f3w cookies - Plaza de Toros de Alicante","og_url":"https:\/\/plazatorosalicante.com\/pl\/polityka-plikow-cookies\/","og_site_name":"Plaza de Toros de Alicante","article_modified_time":"2025-09-15T10:09:43+00:00","og_image":[{"width":2560,"height":1696,"url":"https:\/\/plazatorosalicante.com\/wp-content\/uploads\/2025\/03\/VIT_7836-scaled-1.jpg","type":"image\/jpeg"}],"twitter_card":"summary_large_image","twitter_misc":{"Szacowany czas czytania":"7 minut"},"schema":{"@context":"https:\/\/schema.org","@graph":[{"@type":"WebPage","@id":"https:\/\/plazatorosalicante.com\/pl\/polityka-plikow-cookies\/","url":"https:\/\/plazatorosalicante.com\/pl\/polityka-plikow-cookies\/","name":"Polityka plik\u00f3w cookies - Plaza de Toros de Alicante","isPartOf":{"@id":"https:\/\/plazatorosalicante.com\/pl\/#website"},"datePublished":"2023-09-08T11:29:42+00:00","dateModified":"2025-09-15T10:09:43+00:00","breadcrumb":{"@id":"https:\/\/plazatorosalicante.com\/pl\/polityka-plikow-cookies\/#breadcrumb"},"inLanguage":"pl-PL","potentialAction":[{"@type":"ReadAction","target":["https:\/\/plazatorosalicante.com\/pl\/polityka-plikow-cookies\/"]}]},{"@type":"BreadcrumbList","@id":"https:\/\/plazatorosalicante.com\/pl\/polityka-plikow-cookies\/#breadcrumb","itemListElement":[{"@type":"ListItem","position":1,"name":"Portada","item":"https:\/\/plazatorosalicante.com\/pl\/pagina-de-inicio\/"},{"@type":"ListItem","position":2,"name":"Polityka plik\u00f3w cookies"}]},{"@type":"WebSite","@id":"https:\/\/plazatorosalicante.com\/pl\/#website","url":"https:\/\/plazatorosalicante.com\/pl\/","name":"Plaza de Toros de Alicante","description":"Plaza de toros Alicante - Visitas Tur\u00edsticas y Culturales en Vivo para Individuales y Grupos","publisher":{"@id":"https:\/\/plazatorosalicante.com\/pl\/#organization"},"alternateName":"La Plaza Alicante Tour","potentialAction":[{"@type":"SearchAction","target":{"@type":"EntryPoint","urlTemplate":"https:\/\/plazatorosalicante.com\/pl\/?s={search_term_string}"},"query-input":{"@type":"PropertyValueSpecification","valueRequired":true,"valueName":"search_term_string"}}],"inLanguage":"pl-PL"},{"@type":"Organization","@id":"https:\/\/plazatorosalicante.com\/pl\/#organization","name":"Plaza de toros Alicante","alternateName":"La Plaza Alicante Tour","url":"https:\/\/plazatorosalicante.com\/pl\/","logo":{"@type":"ImageObject","inLanguage":"pl-PL","@id":"https:\/\/plazatorosalicante.com\/pl\/#\/schema\/logo\/image\/","url":"https:\/\/plazatorosalicante.com\/wp-content\/uploads\/2023\/10\/Logo-plaza-toros-alicante.jpg","contentUrl":"https:\/\/plazatorosalicante.com\/wp-content\/uploads\/2023\/10\/Logo-plaza-toros-alicante.jpg","width":100,"height":100,"caption":"Plaza de toros Alicante"},"image":{"@id":"https:\/\/plazatorosalicante.com\/pl\/#\/schema\/logo\/image\/"}}]}},"_links":{"self":[{"href":"https:\/\/plazatorosalicante.com\/pl\/wp-json\/wp\/v2\/pages\/4554","targetHints":{"allow":["GET"]}}],"collection":[{"href":"https:\/\/plazatorosalicante.com\/pl\/wp-json\/wp\/v2\/pages"}],"about":[{"href":"https:\/\/plazatorosalicante.com\/pl\/wp-json\/wp\/v2\/types\/page"}],"author":[{"embeddable":true,"href":"https:\/\/plazatorosalicante.com\/pl\/wp-json\/wp\/v2\/users\/1"}],"replies":[{"embeddable":true,"href":"https:\/\/plazatorosalicante.com\/pl\/wp-json\/wp\/v2\/comments?post=4554"}],"version-history":[{"count":8,"href":"https:\/\/plazatorosalicante.com\/pl\/wp-json\/wp\/v2\/pages\/4554\/revisions"}],"predecessor-version":[{"id":22261,"href":"https:\/\/plazatorosalicante.com\/pl\/wp-json\/wp\/v2\/pages\/4554\/revisions\/22261"}],"wp:attachment":[{"href":"https:\/\/plazatorosalicante.com\/pl\/wp-json\/wp\/v2\/media?parent=4554"}],"curies":[{"name":"wp","href":"https:\/\/api.w.org\/{rel}","templated":true}]}}