{"id":4564,"date":"2023-09-08T11:28:45","date_gmt":"2023-09-08T11:28:45","guid":{"rendered":"https:\/\/plazatorosalicante.com\/ogolne-warunki-umowy\/"},"modified":"2023-11-30T10:30:56","modified_gmt":"2023-11-30T10:30:56","slug":"ogolne-warunki-umowy","status":"publish","type":"page","link":"https:\/\/plazatorosalicante.com\/pl\/ogolne-warunki-umowy\/","title":{"rendered":"Og\u00f3lne warunki umowy"},"content":{"rendered":"<section class=\"l-section wpb_row height_medium\"><div class=\"l-section-h i-cf\"><div class=\"g-cols vc_row via_grid cols_1 laptops-cols_inherit tablets-cols_inherit mobiles-cols_1 valign_top type_default stacking_default\"><div class=\"wpb_column vc_column_container\"><div class=\"vc_column-inner\"><div class=\"wpb_text_column\"><div class=\"wpb_wrapper\"><h1>Og\u00f3lne warunki umowy<\/h1>\n<p>https:\/\/plazatorosalicante.com\/ (zwany dalej Serwisem) to serwis internetowy, kt\u00f3rego w\u0142a\u015bcicielem jest Toroshopping, S.L., zwana dalej W\u0141A\u015aCICIELEM, posiadaj\u0105cy numer CIF\/NIF: B92950146 i siedzib\u0119 pod adresem: Centro Melior Vasari. Urbanizacja La Alzambra, 3, lokal 1, C.P. 29660 \u2013 Marbella (Malaga).<\/p>\n<p>&nbsp;<\/p>\n<p>Dost\u0119p, reprodukcja i korzystanie z us\u0142ug Serwisu wymaga uprzedniej akceptacji obowi\u0105zuj\u0105cych ka\u017cdorazowo Warunk\u00f3w Korzystania; W\u0141A\u015aCICIEL zastrzega sobie prawo do modyfikacji niniejszego Regulaminu, gdy uzna to za stosowne, poprzez publikacj\u0119 nowego tekstu w Serwisie. Obowi\u0105zkiem u\u017cytkownika jest zapoznanie si\u0119 z Regulaminem przed uzyskaniem dost\u0119pu do produkt\u00f3w i us\u0142ug w Serwisie; Je\u015bli nie jeste\u015b zadowolony<br \/>Prosimy o powstrzymanie si\u0119 od ich u\u017cywania.<\/p>\n<p>&nbsp;<\/p>\n<h2>NIERUCHOMO\u015a\u0106<\/h2>\n<p>Serwis jest dzie\u0142em z\u0142o\u017conym z r\u00f3\u017cnych zintegrowanych i nieroz\u0142\u0105cznych element\u00f3w (tekst\u00f3w, ilustracji, fotografii, obraz\u00f3w animowanych, film\u00f3w, program\u00f3w komputerowych, w tym kod\u00f3w HTML serwisu itp.), kt\u00f3rego W\u0142asno\u015b\u0107 Intelektualna przys\u0142uguje W\u0141A\u015aCICIELOWI, za wyj\u0105tkiem tych materia\u0142y uzyskane na podstawie licencji od os\u00f3b trzecich.<br \/>W\u0141A\u015aCICIEL i jego licencjodawcy zachowuj\u0105 przez ca\u0142y czas W\u0142asno\u015b\u0107 intelektualn\u0105 dotycz\u0105c\u0105 Strony internetowej i poszczeg\u00f3lnych element\u00f3w j\u0105 tworz\u0105cych, rozpatrywan\u0105 indywidualnie, we wszystkich wykonanych kopiach (niezale\u017cnie od no\u015bnika, do kt\u00f3rego s\u0105 w\u0142\u0105czone), przyznaj\u0105c na nich jedynie prawo u\u017cytkowania Opisane poni\u017cej. Wszelkie prawa, kt\u00f3re nie zosta\u0142y wyra\u017anie przypisane, uwa\u017ca si\u0119 za zastrze\u017cone.<br \/>Opr\u00f3cz powy\u017cszego W\u0141A\u015aCICIEL jest odpowiedzialny za wyb\u00f3r, zaprojektowanie struktury i uk\u0142adu zawarto\u015bci Serwisu, a tak\u017ce za to, kto podj\u0105\u0142 inicjatyw\u0119 i podj\u0105\u0142 ryzyko dokonania znacznych inwestycji maj\u0105cych na celu pozyskanie, digitalizacj\u0119 i prezentacj\u0119 tego samego, odpowiadaj\u0105cego zatem ochronie, jak\u0105 art. 12 i tytu\u0142 VIII ksi\u0119gi II Prawa w\u0142asno\u015bci intelektualnej mog\u0105 zapewni\u0107 stronie internetowej, uwa\u017canej za baz\u0119 danych.<br \/>W\u0141A\u015aCICIEL jest tak\u017ce wy\u0142\u0105cznym w\u0142a\u015bcicielem projektu i obrazu graficznego Serwisu, zastrzegaj\u0105c sobie odpowiednie dzia\u0142ania prawne, jakie mog\u0105 zosta\u0107 wyci\u0105gni\u0119te wobec os\u00f3b dokonuj\u0105cych jego imitacji lub nieuczciwego wykorzystania.<\/p>\n<p><strong>ZAWARTO\u015a\u0106 STRONY INTERNETOWEJ I DO POBRANIA. DOZWOLONE I ZABRONIONE U\u017bYTKOWANIE.<\/strong><\/p>\n<p>To jest dozwolone:<br \/>\u2022 Przegl\u0105danie Sieci, czyli dost\u0119p do niej i przegl\u0105danie jej na urz\u0105dzeniu, dozwolone jest wszelkie tymczasowe lub dodatkowe powielanie, pod warunkiem, \u017ce nie jest ono dobrowolne i stanowi integraln\u0105 i istotn\u0105 cz\u0119\u015b\u0107 procesu transmisji technologicznej. Przegl\u0105danie niekt\u00f3rych sekcji Serwisu wymaga wcze\u015bniejszej rejestracji.<br \/>\u2022 Korzystaj (po rejestracji) z us\u0142ug i korzy\u015bci zapewnianych przez W\u0141A\u015aCICIELA za po\u015brednictwem Strony internetowej jej u\u017cytkownikom, na warunkach wyra\u017anie wskazanych w r\u00f3\u017cnych sekcjach.<br \/>Surowo zabrania si\u0119:<br \/>\u2022 Wszelkie dzia\u0142ania dotycz\u0105ce Serwisu, jego zawarto\u015bci, pobranych produkt\u00f3w i ich kopii, sprzeczne z Prawem, dobrymi obyczajami i dobr\u0105 wiar\u0105.<br \/>\u2022 Jakiekolwiek wykorzystanie poza sfer\u0105 osobist\u0105 i prywatn\u0105, w szczeg\u00f3lno\u015bci takie, kt\u00f3re ma cele komercyjne lub zawodowe, w tym wysy\u0142anie reklam lub wiadomo\u015bci oraz zbieranie i przetwarzanie danych od os\u00f3b trzecich.<br \/>\u2022 Wszelkiego rodzaju pobieranie, publiczne udost\u0119pnianie i\/lub przesy\u0142anie, ca\u0142kowite lub cz\u0119\u015bciowe, w jakikolwiek spos\u00f3b poza prywatnym zakresem dozwolonego u\u017cytku, a zw\u0142aszcza w\u0142\u0105czanie ich do jakichkolwiek innych dzie\u0142, w tym stron internetowych, zbior\u00f3w lub baz danych. Z zakazu wy\u0142\u0105czone jest publikowanie w mediach materia\u0142\u00f3w, kt\u00f3re mo\u017cna pobra\u0107 z dzia\u0142u Press Room.<br \/>\u2022 Usuwanie, ukrywanie lub fa\u0142szowanie powiadomie\u0144 i ostrze\u017ce\u0144 dotycz\u0105cych w\u0142asno\u015bci intelektualnej lub przemys\u0142owej Witryny lub jakichkolwiek produkt\u00f3w udost\u0119pnianych za jej po\u015brednictwem.<br \/>\u2022 Operacje i dzia\u0142ania wyra\u017anie zabronione w innych sekcjach niniejszych Warunk\u00f3w Og\u00f3lnych oraz, og\u00f3lnie, takie, kt\u00f3re mog\u0105 zaszkodzi\u0107 normalnemu funkcjonowaniu Strony internetowej, innym u\u017cytkownikom lub osobom trzecim.<\/p>\n<h2>LINKI DO SIECI<\/h2>\n<p>\u2022 Dozwolone jest tworzenie link\u00f3w i hiper\u0142\u0105czy do Sieci z innych stron lub serwis\u00f3w internetowych, pod warunkiem, \u017ce nie b\u0119dzie to dokonywane w spos\u00f3b szkodz\u0105cy publicznemu i markowemu wizerunkowi W\u0141A\u015aCICIELA, Sieci lub jakichkolwiek os\u00f3b i produkt\u00f3w, o kt\u00f3rych mowa do tego. W<br \/>Przy ustanawianiu link\u00f3w do Serwisu wyra\u017anie zabronione jest stosowanie technik sugeruj\u0105cych wprowadzenie w b\u0142\u0105d co do to\u017csamo\u015bci i w\u0142asno\u015bci tre\u015bci, takich jak kadrowanie lub inne.<br \/>\u2022 Zabrania si\u0119 umieszczania link\u00f3w do stron lub witryn, kt\u00f3rych tre\u015b\u0107 bezpo\u015brednio lub po\u015brednio promuje lub usprawiedliwia wszelkiego rodzaju przemoc, dyskryminacj\u0119, pornografi\u0119 lub dzia\u0142alno\u015b\u0107 nielegaln\u0105. Podobnie zabronione jest tworzenie link\u00f3w w celach komercyjnych.<\/p>\n<p>Podczas tworzenia link\u00f3w wykorzystanie element\u00f3w pochodz\u0105cych z Internetu jest wyra\u017anie zabronione bez uprzedniej i wyra\u017anej zgody W\u0141A\u015aCICIELA.<br \/>W \u017cadnym wypadku nie nale\u017cy rozumie\u0107, \u017ce linki do sieci znajduj\u0105ce si\u0119 na stronach lub stronach internetowych os\u00f3b trzecich oznaczaj\u0105 relacje pomi\u0119dzy W\u0141A\u015aCICIELEM a ich w\u0142a\u015bcicielami, ani te\u017c nie oznaczaj\u0105 poparcia, sponsorowania lub jakiegokolwiek rodzaju rekomendacji ze strony W\u0141A\u015aCICIELA na ich temat, zatem W\u0141A\u015aCICIEL nie ponosi ca\u0142kowitej odpowiedzialno\u015bci za jej tre\u015b\u0107 i zgodno\u015b\u0107 z prawem.<\/p>\n<h2>TRE\u015a\u0106 I ZACHOWANIE U\u017bYTKOWNIK\u00d3W<\/h2>\n<p>Jako klient lub u\u017cytkownik Serwisu zgadzasz si\u0119 na odpowiednie korzystanie z tre\u015bci i us\u0142ug oferowanych za jego po\u015brednictwem oraz nie wykorzystywanie ich do:<br \/>\u2022 Anga\u017cowa\u0107 si\u0119 w nielegalne, nielegalne dzia\u0142ania lub dzia\u0142ania sprzeczne z dobr\u0105 wiar\u0105 i porz\u0105dkiem publicznym.<br \/>\u2022 Rozpowszechniaj tre\u015bci lub propagand\u0119 o charakterze rasistowskim, ksenofobicznym, pornograficznym, kt\u00f3re propaguj\u0105 terroryzm lub naruszaj\u0105 prawa cz\u0142owieka.<br \/>\u2022 Nie powodowa\u0107 uszkodze\u0144 system\u00f3w fizycznych i logicznych W\u0141A\u015aCICIELA, jego dostawc\u00f3w lub os\u00f3b trzecich, wprowadza\u0107 lub rozprzestrzenia\u0107 wirusy komputerowe lub inne systemy fizyczne lub logiczne w sieci, kt\u00f3re mog\u0105 spowodowa\u0107 wy\u017cej wymienione szkody.<br \/>\u2022 Rozpowszechniaj tre\u015bci zagra\u017caj\u0105ce wizerunkowi i reputacji W\u0141A\u015aCICIELA lub os\u00f3b trzecich.<br \/>\u2022 Atakuj prawa intelektualne, przemys\u0142owe, wizerunkowe, honorowe lub inne prawa w\u0142asno\u015bci przys\u0142uguj\u0105ce W\u0141A\u015aCICIELOWI lub osobom trzecim.<br \/>W\u0141A\u015aCICIEL b\u0119dzie mia\u0142 pe\u0142n\u0105 swobod\u0119 decydowania o tym, czy wsp\u00f3\u0142praca i wiadomo\u015bci zostan\u0105 ostatecznie opublikowane w Internecie, czy nie, i b\u0119dzie uprawniony do ich usuni\u0119cia, kiedy uzna to za stosowne.<br \/>Naruszenie kt\u00f3rejkolwiek z zasad zawartych w niniejszych Warunkach korzystania, a w szczeg\u00f3lno\u015bci postanowie\u0144 niniejszego punktu, uprawnia W\u0141A\u015aCICIELA do natychmiastowego usuni\u0119cia Ci\u0119 jako u\u017cytkownika lub abonenta Serwisu.<\/p>\n<p>&nbsp;<\/p>\n<h2>OBS\u0141UGA KLIENTA<\/h2>\n<p>Klient mo\u017ce zrezygnowa\u0107 z zam\u00f3wienia bez \u017cadnych op\u0142at i podania przyczyny, a tak\u017ce powinien jak najszybciej skontaktowa\u0107 si\u0119 z obs\u0142ug\u0105 klienta pod numerem telefonu: 679583536 lub za po\u015brednictwem adresu e-mail: info@plazatorosalicante.com\/.<br \/>Je\u015bli zam\u00f3wienie nie opu\u015bci\u0142o naszych magazyn\u00f3w, anulujemy je bez problemu, natomiast je\u015bli zam\u00f3wienie jest ju\u017c w drodze, b\u0119dziemy musieli poczeka\u0107 na jego zwrot i po potwierdzeniu jego otrzymania ilo\u015b\u0107 produktu zostanie Zwrot pieni\u0119dzy pomniejszony o koszty wysy\u0142ki.Wysy\u0142ka i zwrot zostan\u0105 zrealizowane t\u0105 sam\u0105 metod\u0105 p\u0142atno\u015bci, kt\u00f3ra zosta\u0142a u\u017cyta przy zakupie.<\/p>\n<h2>OCHRONA DANYCH<\/h2>\n<p>Informacje lub dane osobowe, kt\u00f3re nam przekazujesz, b\u0119d\u0105 traktowane zgodnie z postanowieniami Polityki prywatno\u015bci. Korzystaj\u0105c z tej witryny wyra\u017casz zgod\u0119 na przetwarzanie powy\u017cszych informacji i danych oraz o\u015bwiadczasz, \u017ce wszystkie informacje lub dane, kt\u00f3re nam przekazujesz, s\u0105 prawdziwe i odpowiadaj\u0105 rzeczywisto\u015bci.<\/p>\n<p>&nbsp;<\/p>\n<h2>MODYFIKACJE<\/h2>\n<p>W\u0141A\u015aCICIEL zastrzega sobie prawo do dokonywania bez uprzedzenia wszelkich modyfikacji, jakie uzna za stosowne w Serwisie oraz mo\u017ce zmienia\u0107, usuwa\u0107 lub dodawa\u0107 zar\u00f3wno tre\u015bci i us\u0142ugi \u015bwiadczone za jego po\u015brednictwem, jak i spos\u00f3b ich wy\u015bwietlania, prezentacji lub lokalizacji .<br \/>Cho\u0107 W\u0141A\u015aCICIEL do\u0142o\u017cy wszelkich stara\u0144, aby informacje zawarte w Serwisie by\u0142y aktualne i wolne od b\u0142\u0119d\u00f3w, nie daje on \u017cadnej gwarancji co do ich prawid\u0142owo\u015bci i aktualno\u015bci. Nie gwarantuje si\u0119 r\u00f3wnie\u017c uzyskania \u017cadnego konkretnego rezultatu ani celu, zatem dost\u0119p i korzystanie z Witryny le\u017cy w wy\u0142\u0105cznej gestii u\u017cytkownik\u00f3w i klient\u00f3w.<\/p>\n<p>&nbsp;<\/p>\n<h2>LEGALNE AKCJE<\/h2>\n<p>W\u0141A\u015aCICIEL b\u0119dzie dochodzi\u0142 niestosowania si\u0119 do niniejszego Regulaminu, a tak\u017ce niew\u0142a\u015bciwego korzystania z Serwisu lub jego zawarto\u015bci, naruszania praw przys\u0142uguj\u0105cych jemu lub jego licencjodawcom, w szczeg\u00f3lno\u015bci praw w\u0142asno\u015bci intelektualnej i przemys\u0142owej, dokonuj\u0105c wszelkich czynno\u015bci, cywilnych i karnych, kt\u00f3re mog\u0105 im odpowiada\u0107 w prawie.<\/p>\n<h2>POZAS\u0104DOWE ROZSTRZYGANIE SPOR\u00d3W<\/h2>\n<p>Podobnie, na zasadach okre\u015blonych w art. 14 Rozporz\u0105dzenia UE 524\/2013 w sprawie rozstrzygania spor\u00f3w konsumenckich, udost\u0119pniany jest bezpo\u015bredni link do platformy internetowego rozstrzygania spor\u00f3w:<br \/>https:\/\/ec.europa.eu\/consumers\/odr\/main\/index.cfm<\/p>\n<p>&nbsp;<\/p>\n<h2>OBOWI\u0104ZUJ\u0104CE PRAWO I JURYSDYKCJA<\/h2>\n<p>W przypadku wszelkich kontrowersji lub konflikt\u00f3w, kt\u00f3re mog\u0105 wynikn\u0105\u0107 w zwi\u0105zku z niniejszymi warunkami, zastosowanie b\u0119dzie mia\u0142o prawo hiszpa\u0144skie. Rozwi\u0105zywanie konflikt\u00f3w s\u0105dowych b\u0119dzie podlega\u0107 jurysdykcji s\u0105d\u00f3w i trybuna\u0142\u00f3w w\u0142a\u015bciwych dla miejsca zamieszkania u\u017cytkownika lub klienta.<\/p>\n<\/div><\/div><\/div><\/div><\/div><\/div><\/section>\n","protected":false},"excerpt":{"rendered":"Og\u00f3lne warunki umowy https:\/\/plazatorosalicante.com\/ (zwany dalej Serwisem) to serwis internetowy, kt\u00f3rego w\u0142a\u015bcicielem jest Toroshopping, S.L., zwana dalej W\u0141A\u015aCICIELEM, posiadaj\u0105cy numer CIF\/NIF: B92950146 i siedzib\u0119 pod adresem: Centro Melior Vasari. Urbanizacja La Alzambra, 3, lokal 1, C.P. 29660 \u2013 Marbella (Malaga). &nbsp; Dost\u0119p, reprodukcja i korzystanie z us\u0142ug Serwisu wymaga uprzedniej akceptacji obowi\u0105zuj\u0105cych ka\u017cdorazowo Warunk\u00f3w Korzystania;...","protected":false},"author":1,"featured_media":0,"parent":0,"menu_order":0,"comment_status":"closed","ping_status":"closed","template":"","meta":{"_acf_changed":false,"footnotes":""},"class_list":["post-4564","page","type-page","status-publish","hentry"],"acf":[],"yoast_head":"<!-- This site is optimized with the Yoast SEO plugin v27.5 - https:\/\/yoast.com\/product\/yoast-seo-wordpress\/ -->\n<title>Og\u00f3lne warunki umowy - Plaza de Toros de Alicante<\/title>\n<meta name=\"robots\" content=\"index, follow, max-snippet:-1, max-image-preview:large, max-video-preview:-1\" \/>\n<link rel=\"canonical\" href=\"https:\/\/plazatorosalicante.com\/pl\/ogolne-warunki-umowy\/\" \/>\n<meta property=\"og:locale\" content=\"pl_PL\" \/>\n<meta property=\"og:type\" content=\"article\" \/>\n<meta property=\"og:title\" content=\"Og\u00f3lne warunki umowy - Plaza de Toros de Alicante\" \/>\n<meta property=\"og:url\" content=\"https:\/\/plazatorosalicante.com\/pl\/ogolne-warunki-umowy\/\" \/>\n<meta property=\"og:site_name\" content=\"Plaza de Toros de Alicante\" \/>\n<meta property=\"article:modified_time\" content=\"2023-11-30T10:30:56+00:00\" \/>\n<meta property=\"og:image\" content=\"https:\/\/plazatorosalicante.com\/wp-content\/uploads\/2025\/03\/VIT_7836-scaled-1.jpg\" \/>\n\t<meta property=\"og:image:width\" content=\"2560\" \/>\n\t<meta property=\"og:image:height\" content=\"1696\" \/>\n\t<meta property=\"og:image:type\" content=\"image\/jpeg\" \/>\n<meta name=\"twitter:card\" content=\"summary_large_image\" \/>\n<meta name=\"twitter:label1\" content=\"Szacowany czas czytania\" \/>\n\t<meta name=\"twitter:data1\" content=\"7 minut\" \/>\n<script type=\"application\/ld+json\" class=\"yoast-schema-graph\">{\"@context\":\"https:\\\/\\\/schema.org\",\"@graph\":[{\"@type\":\"WebPage\",\"@id\":\"https:\\\/\\\/plazatorosalicante.com\\\/pl\\\/ogolne-warunki-umowy\\\/\",\"url\":\"https:\\\/\\\/plazatorosalicante.com\\\/pl\\\/ogolne-warunki-umowy\\\/\",\"name\":\"Og\u00f3lne warunki umowy - Plaza de Toros de Alicante\",\"isPartOf\":{\"@id\":\"https:\\\/\\\/plazatorosalicante.com\\\/pl\\\/#website\"},\"datePublished\":\"2023-09-08T11:28:45+00:00\",\"dateModified\":\"2023-11-30T10:30:56+00:00\",\"breadcrumb\":{\"@id\":\"https:\\\/\\\/plazatorosalicante.com\\\/pl\\\/ogolne-warunki-umowy\\\/#breadcrumb\"},\"inLanguage\":\"pl-PL\",\"potentialAction\":[{\"@type\":\"ReadAction\",\"target\":[\"https:\\\/\\\/plazatorosalicante.com\\\/pl\\\/ogolne-warunki-umowy\\\/\"]}]},{\"@type\":\"BreadcrumbList\",\"@id\":\"https:\\\/\\\/plazatorosalicante.com\\\/pl\\\/ogolne-warunki-umowy\\\/#breadcrumb\",\"itemListElement\":[{\"@type\":\"ListItem\",\"position\":1,\"name\":\"Portada\",\"item\":\"https:\\\/\\\/plazatorosalicante.com\\\/pl\\\/pagina-de-inicio\\\/\"},{\"@type\":\"ListItem\",\"position\":2,\"name\":\"Og\u00f3lne warunki umowy\"}]},{\"@type\":\"WebSite\",\"@id\":\"https:\\\/\\\/plazatorosalicante.com\\\/pl\\\/#website\",\"url\":\"https:\\\/\\\/plazatorosalicante.com\\\/pl\\\/\",\"name\":\"Plaza de Toros de Alicante\",\"description\":\"Plaza de toros Alicante - Visitas Tur\u00edsticas y Culturales en Vivo para Individuales y Grupos\",\"publisher\":{\"@id\":\"https:\\\/\\\/plazatorosalicante.com\\\/pl\\\/#organization\"},\"alternateName\":\"La Plaza Alicante Tour\",\"potentialAction\":[{\"@type\":\"SearchAction\",\"target\":{\"@type\":\"EntryPoint\",\"urlTemplate\":\"https:\\\/\\\/plazatorosalicante.com\\\/pl\\\/?s={search_term_string}\"},\"query-input\":{\"@type\":\"PropertyValueSpecification\",\"valueRequired\":true,\"valueName\":\"search_term_string\"}}],\"inLanguage\":\"pl-PL\"},{\"@type\":\"Organization\",\"@id\":\"https:\\\/\\\/plazatorosalicante.com\\\/pl\\\/#organization\",\"name\":\"Plaza de toros Alicante\",\"alternateName\":\"La Plaza Alicante Tour\",\"url\":\"https:\\\/\\\/plazatorosalicante.com\\\/pl\\\/\",\"logo\":{\"@type\":\"ImageObject\",\"inLanguage\":\"pl-PL\",\"@id\":\"https:\\\/\\\/plazatorosalicante.com\\\/pl\\\/#\\\/schema\\\/logo\\\/image\\\/\",\"url\":\"https:\\\/\\\/plazatorosalicante.com\\\/wp-content\\\/uploads\\\/2023\\\/10\\\/Logo-plaza-toros-alicante.jpg\",\"contentUrl\":\"https:\\\/\\\/plazatorosalicante.com\\\/wp-content\\\/uploads\\\/2023\\\/10\\\/Logo-plaza-toros-alicante.jpg\",\"width\":100,\"height\":100,\"caption\":\"Plaza de toros Alicante\"},\"image\":{\"@id\":\"https:\\\/\\\/plazatorosalicante.com\\\/pl\\\/#\\\/schema\\\/logo\\\/image\\\/\"}}]}<\/script>\n<!-- \/ Yoast SEO plugin. -->","yoast_head_json":{"title":"Og\u00f3lne warunki umowy - Plaza de Toros de Alicante","robots":{"index":"index","follow":"follow","max-snippet":"max-snippet:-1","max-image-preview":"max-image-preview:large","max-video-preview":"max-video-preview:-1"},"canonical":"https:\/\/plazatorosalicante.com\/pl\/ogolne-warunki-umowy\/","og_locale":"pl_PL","og_type":"article","og_title":"Og\u00f3lne warunki umowy - Plaza de Toros de Alicante","og_url":"https:\/\/plazatorosalicante.com\/pl\/ogolne-warunki-umowy\/","og_site_name":"Plaza de Toros de Alicante","article_modified_time":"2023-11-30T10:30:56+00:00","og_image":[{"width":2560,"height":1696,"url":"https:\/\/plazatorosalicante.com\/wp-content\/uploads\/2025\/03\/VIT_7836-scaled-1.jpg","type":"image\/jpeg"}],"twitter_card":"summary_large_image","twitter_misc":{"Szacowany czas czytania":"7 minut"},"schema":{"@context":"https:\/\/schema.org","@graph":[{"@type":"WebPage","@id":"https:\/\/plazatorosalicante.com\/pl\/ogolne-warunki-umowy\/","url":"https:\/\/plazatorosalicante.com\/pl\/ogolne-warunki-umowy\/","name":"Og\u00f3lne warunki umowy - Plaza de Toros de Alicante","isPartOf":{"@id":"https:\/\/plazatorosalicante.com\/pl\/#website"},"datePublished":"2023-09-08T11:28:45+00:00","dateModified":"2023-11-30T10:30:56+00:00","breadcrumb":{"@id":"https:\/\/plazatorosalicante.com\/pl\/ogolne-warunki-umowy\/#breadcrumb"},"inLanguage":"pl-PL","potentialAction":[{"@type":"ReadAction","target":["https:\/\/plazatorosalicante.com\/pl\/ogolne-warunki-umowy\/"]}]},{"@type":"BreadcrumbList","@id":"https:\/\/plazatorosalicante.com\/pl\/ogolne-warunki-umowy\/#breadcrumb","itemListElement":[{"@type":"ListItem","position":1,"name":"Portada","item":"https:\/\/plazatorosalicante.com\/pl\/pagina-de-inicio\/"},{"@type":"ListItem","position":2,"name":"Og\u00f3lne warunki umowy"}]},{"@type":"WebSite","@id":"https:\/\/plazatorosalicante.com\/pl\/#website","url":"https:\/\/plazatorosalicante.com\/pl\/","name":"Plaza de Toros de Alicante","description":"Plaza de toros Alicante - Visitas Tur\u00edsticas y Culturales en Vivo para Individuales y Grupos","publisher":{"@id":"https:\/\/plazatorosalicante.com\/pl\/#organization"},"alternateName":"La Plaza Alicante Tour","potentialAction":[{"@type":"SearchAction","target":{"@type":"EntryPoint","urlTemplate":"https:\/\/plazatorosalicante.com\/pl\/?s={search_term_string}"},"query-input":{"@type":"PropertyValueSpecification","valueRequired":true,"valueName":"search_term_string"}}],"inLanguage":"pl-PL"},{"@type":"Organization","@id":"https:\/\/plazatorosalicante.com\/pl\/#organization","name":"Plaza de toros Alicante","alternateName":"La Plaza Alicante Tour","url":"https:\/\/plazatorosalicante.com\/pl\/","logo":{"@type":"ImageObject","inLanguage":"pl-PL","@id":"https:\/\/plazatorosalicante.com\/pl\/#\/schema\/logo\/image\/","url":"https:\/\/plazatorosalicante.com\/wp-content\/uploads\/2023\/10\/Logo-plaza-toros-alicante.jpg","contentUrl":"https:\/\/plazatorosalicante.com\/wp-content\/uploads\/2023\/10\/Logo-plaza-toros-alicante.jpg","width":100,"height":100,"caption":"Plaza de toros Alicante"},"image":{"@id":"https:\/\/plazatorosalicante.com\/pl\/#\/schema\/logo\/image\/"}}]}},"_links":{"self":[{"href":"https:\/\/plazatorosalicante.com\/pl\/wp-json\/wp\/v2\/pages\/4564","targetHints":{"allow":["GET"]}}],"collection":[{"href":"https:\/\/plazatorosalicante.com\/pl\/wp-json\/wp\/v2\/pages"}],"about":[{"href":"https:\/\/plazatorosalicante.com\/pl\/wp-json\/wp\/v2\/types\/page"}],"author":[{"embeddable":true,"href":"https:\/\/plazatorosalicante.com\/pl\/wp-json\/wp\/v2\/users\/1"}],"replies":[{"embeddable":true,"href":"https:\/\/plazatorosalicante.com\/pl\/wp-json\/wp\/v2\/comments?post=4564"}],"version-history":[{"count":2,"href":"https:\/\/plazatorosalicante.com\/pl\/wp-json\/wp\/v2\/pages\/4564\/revisions"}],"predecessor-version":[{"id":4567,"href":"https:\/\/plazatorosalicante.com\/pl\/wp-json\/wp\/v2\/pages\/4564\/revisions\/4567"}],"wp:attachment":[{"href":"https:\/\/plazatorosalicante.com\/pl\/wp-json\/wp\/v2\/media?parent=4564"}],"curies":[{"name":"wp","href":"https:\/\/api.w.org\/{rel}","templated":true}]}}