{"id":4676,"date":"2023-10-06T12:43:55","date_gmt":"2023-10-06T12:43:55","guid":{"rendered":"https:\/\/plazatorosalicante.com\/404-2\/"},"modified":"2023-12-01T08:55:43","modified_gmt":"2023-12-01T08:55:43","slug":"404-2","status":"publish","type":"page","link":"https:\/\/plazatorosalicante.com\/pl\/404-2\/","title":{"rendered":"404"},"content":{"rendered":"<section class=\"l-section wpb_row us_custom_190ddb39 has_text_color height_medium\"><div class=\"l-section-overlay\" style=\"background:rgba(59,61,64,0.40)\"><\/div><div class=\"l-section-h i-cf\"><div class=\"g-cols vc_row via_grid cols_1 laptops-cols_inherit tablets-cols_inherit mobiles-cols_1 valign_top type_default stacking_default\"><div class=\"wpb_column vc_column_container\"><div class=\"vc_column-inner\"><div class=\"wpb_text_column\"><div class=\"wpb_wrapper\"><h1 style=\"text-align: center;\">Strona nie znaleziona<\/h1>\n<p style=\"text-align: center;\">Wygl\u0105da na to, \u017ce strona, kt\u00f3rej szukasz, nie istnieje<\/p>\n<\/div><\/div><div class=\"w-separator size_medium\"><\/div><div class=\"w-btn-wrapper align_center\"><a class=\"w-btn us-btn-style_1\" title=\"arena walki byk\u00f3w w Alicante\" href=\"https:\/\/plazatorosalicante.com\/pl\/\"><span class=\"w-btn-label\">Powr\u00f3t do g\u00f3ry<\/span><\/a><\/div><\/div><\/div><\/div><\/div><\/section><section class=\"l-section wpb_row height_medium\"><div class=\"l-section-h i-cf\"><div class=\"g-cols vc_row via_grid cols_1 laptops-cols_inherit tablets-cols_inherit mobiles-cols_1 valign_top type_default stacking_default\"><div class=\"wpb_column vc_column_container\"><div class=\"vc_column-inner\"><div class=\"wpb_text_column\"><div class=\"wpb_wrapper\"><h2 style=\"text-align: center;\">Wszystko co mo\u017cesz zrobi\u0107:<\/h2>\n<\/div><\/div><div class=\"w-separator size_medium\"><\/div><div class=\"w-grid us_carousel type_carousel layout_blog_9 overflow_hidden preload_style_spinner items_2\" id=\"us_grid_1\" style=\"--items:2;--gap:5px;\"><style>.layout_blog_9 .w-grid-item-h{background:var(--color-content-bg);color:var(--color-content-heading);border-radius:var(--site-border-radius);box-shadow:0 0.03rem 0.06rem rgba(0,0,0,0.1),0 0.1rem 0.3rem rgba(0,0,0,0.1);transition-duration:0.3s}.no-touch .layout_blog_9 .w-grid-item-h:hover{box-shadow:0 0.12rem 0.24rem rgba(0,0,0,0.1),0 0.4rem 1.2rem rgba(0,0,0,0.15);z-index:4}.layout_blog_9 .usg_vwrapper_1{padding:5% 8% 8% 8%!important}.layout_blog_9 .usg_hwrapper_1{margin-bottom:0.2rem!important}.layout_blog_9 .usg_post_taxonomy_1{font-size:0.8rem!important;font-weight:700!important;text-transform:uppercase!important;margin-right:0.6rem!important}.layout_blog_9 .usg_post_date_1{color:var(--color-content-faded)!important;font-size:0.8rem!important;margin-bottom:0.3rem!important}.layout_blog_9 .usg_post_title_1{color:inherit!important;font-weight:700!important;font-size:1.4rem!important}@media (max-width:600px){.layout_blog_9 .usg_post_title_1{font-size:1.2rem!important}}<\/style><div class=\"w-grid-list owl-carousel valign_stretch dotstyle_circle navstyle_circle arrows-ver-pos_middle arrows-hor-pos_on_sides_outside arrows-disabled_hide owl-responsive-2000 with_dots with_arrows\" style=\"--transition-duration:350ms;--arrows-size:1.5rem;--arrows-hor-offset:calc(0px + 5px);--arrows-gap:10px;\">\t<article class=\"w-grid-item post-22435 page type-page status-publish has-post-thumbnail hentry\" data-id=\"22435\">\r\n\t\t<div class=\"w-grid-item-h\">\r\n\t\t\t\t\t\t<div class=\"w-post-elm post_image usg_post_image_1 stretched\"><a href=\"https:\/\/plazatorosalicante.com\/pl\/koncerty-i-wydarzenia\/\" aria-label=\"Koncerty i wydarzenia\"><img loading=\"lazy\" decoding=\"async\" width=\"1024\" height=\"652\" src=\"https:\/\/plazatorosalicante.com\/wp-content\/uploads\/2023\/11\/Conciertos-y-eventos-alicante-1024x652.webp\" class=\"attachment-large size-large wp-post-image\" alt=\"koncerty na arenie walki byk\u00f3w Alicante\" srcset=\"https:\/\/plazatorosalicante.com\/wp-content\/uploads\/2023\/11\/Conciertos-y-eventos-alicante-1024x652.webp 1024w, https:\/\/plazatorosalicante.com\/wp-content\/uploads\/2023\/11\/Conciertos-y-eventos-alicante-600x382.webp 600w, https:\/\/plazatorosalicante.com\/wp-content\/uploads\/2023\/11\/Conciertos-y-eventos-alicante-300x191.webp 300w, https:\/\/plazatorosalicante.com\/wp-content\/uploads\/2023\/11\/Conciertos-y-eventos-alicante.webp 1100w\" sizes=\"auto, (max-width: 1024px) 100vw, 1024px\" \/><\/a><\/div><div class=\"w-vwrapper usg_vwrapper_1 align_none valign_top\"><div class=\"w-hwrapper usg_hwrapper_1 align_none valign_top wrap\"><time class=\"w-post-elm post_date usg_post_date_1 has_text_color entry-date published\" datetime=\"2023-11-06T15:40:14+00:00\" title=\"6 listopada 2023 o 15:40:14 +00:00\">2 lata temu<\/time><\/div><h2 class=\"w-post-elm post_title usg_post_title_1 has_text_color entry-title color_link_inherit\"><a href=\"https:\/\/plazatorosalicante.com\/pl\/koncerty-i-wydarzenia\/\">Koncerty i wydarzenia<\/a><\/h2><\/div>\t\t<\/div>\r\n\t\t\t<\/article>\r\n\t<article class=\"w-grid-item post-4578 page type-page status-publish has-post-thumbnail hentry\" data-id=\"4578\">\r\n\t\t<div class=\"w-grid-item-h\">\r\n\t\t\t\t\t\t<div class=\"w-post-elm post_image usg_post_image_1 stretched\"><a href=\"https:\/\/plazatorosalicante.com\/pl\/bilety-na-walke-bykow\/\" aria-label=\"Bilety na byka\"><img loading=\"lazy\" decoding=\"async\" width=\"1024\" height=\"576\" src=\"https:\/\/plazatorosalicante.com\/wp-content\/uploads\/2023\/09\/corrida-de-toros-alicante-1-1024x576.jpg\" class=\"attachment-large size-large wp-post-image\" alt=\"walki byk\u00f3w w Alicante\" srcset=\"https:\/\/plazatorosalicante.com\/wp-content\/uploads\/2023\/09\/corrida-de-toros-alicante-1-1024x576.jpg 1024w, https:\/\/plazatorosalicante.com\/wp-content\/uploads\/2023\/09\/corrida-de-toros-alicante-1-600x338.jpg 600w, https:\/\/plazatorosalicante.com\/wp-content\/uploads\/2023\/09\/corrida-de-toros-alicante-1-300x169.jpg 300w, https:\/\/plazatorosalicante.com\/wp-content\/uploads\/2023\/09\/corrida-de-toros-alicante-1.jpg 1591w\" sizes=\"auto, (max-width: 1024px) 100vw, 1024px\" \/><\/a><\/div><div class=\"w-vwrapper usg_vwrapper_1 align_none valign_top\"><div class=\"w-hwrapper usg_hwrapper_1 align_none valign_top wrap\"><time class=\"w-post-elm post_date usg_post_date_1 has_text_color entry-date published\" datetime=\"2023-10-26T10:29:15+00:00\" title=\"26 pa\u017adziernika 2023 o 10:29:15 +00:00\">2 lata temu<\/time><\/div><h2 class=\"w-post-elm post_title usg_post_title_1 has_text_color entry-title color_link_inherit\"><a href=\"https:\/\/plazatorosalicante.com\/pl\/bilety-na-walke-bykow\/\">Bilety na byka<\/a><\/h2><\/div>\t\t<\/div>\r\n\t\t\t<\/article>\r\n\t<article class=\"w-grid-item post-4362 page type-page status-publish has-post-thumbnail hentry\" data-id=\"4362\">\r\n\t\t<div class=\"w-grid-item-h\">\r\n\t\t\t\t\t\t<div class=\"w-post-elm post_image usg_post_image_1 stretched\"><a href=\"https:\/\/plazatorosalicante.com\/pl\/wycieczka\/\" aria-label=\"Wycieczka aren\u0119 byk\u00f3w\"><img loading=\"lazy\" decoding=\"async\" width=\"1024\" height=\"652\" src=\"https:\/\/plazatorosalicante.com\/wp-content\/uploads\/2023\/11\/Tour-plaza-de-toros-alicante-1024x652.webp\" class=\"attachment-large size-large wp-post-image\" alt=\"odwied\u017a aren\u0119 walki byk\u00f3w w Alicante\" srcset=\"https:\/\/plazatorosalicante.com\/wp-content\/uploads\/2023\/11\/Tour-plaza-de-toros-alicante-1024x652.webp 1024w, https:\/\/plazatorosalicante.com\/wp-content\/uploads\/2023\/11\/Tour-plaza-de-toros-alicante-600x382.webp 600w, https:\/\/plazatorosalicante.com\/wp-content\/uploads\/2023\/11\/Tour-plaza-de-toros-alicante-300x191.webp 300w, https:\/\/plazatorosalicante.com\/wp-content\/uploads\/2023\/11\/Tour-plaza-de-toros-alicante.webp 1100w\" sizes=\"auto, (max-width: 1024px) 100vw, 1024px\" \/><\/a><\/div><div class=\"w-vwrapper usg_vwrapper_1 align_none valign_top\"><div class=\"w-hwrapper usg_hwrapper_1 align_none valign_top wrap\"><time class=\"w-post-elm post_date usg_post_date_1 has_text_color entry-date published\" datetime=\"2019-08-16T15:11:29+00:00\" title=\"16 sierpnia 2019 o 15:11:29 +00:00\">7 lat temu<\/time><\/div><h2 class=\"w-post-elm post_title usg_post_title_1 has_text_color entry-title color_link_inherit\"><a href=\"https:\/\/plazatorosalicante.com\/pl\/wycieczka\/\">Wycieczka aren\u0119 byk\u00f3w<\/a><\/h2><\/div>\t\t<\/div>\r\n\t\t\t<\/article>\r\n<\/div><div class=\"w-grid-carousel-json hidden\" onclick='return {&quot;carousel_settings&quot;:{&quot;aria_labels&quot;:{&quot;prev&quot;:&quot;Poprzedni&quot;,&quot;next&quot;:&quot;Nast\\u0119pny&quot;},&quot;autoplayContinual&quot;:false,&quot;autoplayHoverPause&quot;:false,&quot;autoplayTimeout&quot;:3000,&quot;autoWidth&quot;:false,&quot;smartSpeed&quot;:350,&quot;margin&quot;:0,&quot;mouseDrag&quot;:true,&quot;rtl&quot;:false,&quot;slideBy&quot;:&quot;1&quot;,&quot;touchDrag&quot;:true,&quot;slideTransition&quot;:&quot;&quot;,&quot;responsive&quot;:{&quot;0&quot;:{&quot;autoHeight&quot;:false,&quot;autoplay&quot;:false,&quot;autoWidth&quot;:false,&quot;center&quot;:false,&quot;dots&quot;:false,&quot;items&quot;:1,&quot;loop&quot;:false,&quot;nav&quot;:false,&quot;stagePadding&quot;:0,&quot;slideBy&quot;:&quot;1&quot;},&quot;601&quot;:{&quot;items&quot;:2,&quot;autoplay&quot;:false,&quot;center&quot;:false,&quot;dots&quot;:true,&quot;nav&quot;:true,&quot;autoHeight&quot;:false,&quot;autoWidth&quot;:false,&quot;loop&quot;:true,&quot;stagePadding&quot;:0}}}}'><\/div><\/div><\/div><\/div><\/div><\/div><\/section>\n","protected":false},"excerpt":{"rendered":"Odkryj pomnik narodowyWycieczka na aren\u0119 byk\u00f3w w AlicanteWej\u015bcie indywidualneWej\u015bcie dla VIP-\u00f3wBilet grupowyWej\u015bcie indywidualne12\u20acna osob\u0119Wizyta na arenieWizyta w muzeum walk byk\u00f3wZobacz wi\u0119cejWej\u015bcie dla VIP \u00f3wOd 13\u20acNa osob\u01191 przewodnik, kt\u00f3ry wyja\u015bni ca\u0142\u0105 tras\u0119Wizyta na arenieWizyta w muzeum walk byk\u00f3wZobacz wi\u0119cejWej\u015bcie+grupoweOd 8\u20acNa osob\u0119Wizyta z przewodnikiem podczas ca\u0142ej wycieczkiWizyta na arenieWizyta w muzeum walk byk\u00f3wZobacz wi\u0119cejCo zamierzasz obejrze\u0107? Du\u017ce...","protected":false},"author":1,"featured_media":0,"parent":0,"menu_order":0,"comment_status":"closed","ping_status":"closed","template":"","meta":{"_acf_changed":false,"footnotes":""},"class_list":["post-4676","page","type-page","status-publish","hentry"],"acf":[],"yoast_head":"<!-- This site is optimized with the Yoast SEO plugin v27.4 - https:\/\/yoast.com\/product\/yoast-seo-wordpress\/ -->\n<title>404 - Plaza de Toros de Alicante<\/title>\n<meta name=\"robots\" content=\"index, follow, max-snippet:-1, max-image-preview:large, max-video-preview:-1\" \/>\n<link rel=\"canonical\" href=\"https:\/\/plazatorosalicante.com\/pl\/404-2\/\" \/>\n<meta property=\"og:locale\" content=\"pl_PL\" \/>\n<meta property=\"og:type\" content=\"article\" \/>\n<meta property=\"og:title\" content=\"404 - Plaza de Toros de Alicante\" \/>\n<meta property=\"og:url\" content=\"https:\/\/plazatorosalicante.com\/pl\/404-2\/\" \/>\n<meta property=\"og:site_name\" content=\"Plaza de Toros de Alicante\" \/>\n<meta property=\"article:modified_time\" content=\"2023-12-01T08:55:43+00:00\" \/>\n<meta property=\"og:image\" content=\"https:\/\/plazatorosalicante.com\/wp-content\/uploads\/2025\/03\/VIT_7836-scaled-1.jpg\" \/>\n\t<meta property=\"og:image:width\" content=\"2560\" \/>\n\t<meta property=\"og:image:height\" content=\"1696\" \/>\n\t<meta property=\"og:image:type\" content=\"image\/jpeg\" \/>\n<meta name=\"twitter:card\" content=\"summary_large_image\" \/>\n<meta name=\"twitter:label1\" content=\"Szacowany czas czytania\" \/>\n\t<meta name=\"twitter:data1\" content=\"1 minuta\" \/>\n<script type=\"application\/ld+json\" class=\"yoast-schema-graph\">{\"@context\":\"https:\\\/\\\/schema.org\",\"@graph\":[{\"@type\":\"WebPage\",\"@id\":\"https:\\\/\\\/plazatorosalicante.com\\\/pl\\\/404-2\\\/\",\"url\":\"https:\\\/\\\/plazatorosalicante.com\\\/pl\\\/404-2\\\/\",\"name\":\"404 - Plaza de Toros de Alicante\",\"isPartOf\":{\"@id\":\"https:\\\/\\\/plazatorosalicante.com\\\/pl\\\/#website\"},\"datePublished\":\"2023-10-06T12:43:55+00:00\",\"dateModified\":\"2023-12-01T08:55:43+00:00\",\"breadcrumb\":{\"@id\":\"https:\\\/\\\/plazatorosalicante.com\\\/pl\\\/404-2\\\/#breadcrumb\"},\"inLanguage\":\"pl-PL\",\"potentialAction\":[{\"@type\":\"ReadAction\",\"target\":[\"https:\\\/\\\/plazatorosalicante.com\\\/pl\\\/404-2\\\/\"]}]},{\"@type\":\"BreadcrumbList\",\"@id\":\"https:\\\/\\\/plazatorosalicante.com\\\/pl\\\/404-2\\\/#breadcrumb\",\"itemListElement\":[{\"@type\":\"ListItem\",\"position\":1,\"name\":\"Portada\",\"item\":\"https:\\\/\\\/plazatorosalicante.com\\\/pl\\\/pagina-de-inicio\\\/\"},{\"@type\":\"ListItem\",\"position\":2,\"name\":\"404\"}]},{\"@type\":\"WebSite\",\"@id\":\"https:\\\/\\\/plazatorosalicante.com\\\/pl\\\/#website\",\"url\":\"https:\\\/\\\/plazatorosalicante.com\\\/pl\\\/\",\"name\":\"Plaza de Toros de Alicante\",\"description\":\"Plaza de toros Alicante - Visitas Tur\u00edsticas y Culturales en Vivo para Individuales y Grupos\",\"publisher\":{\"@id\":\"https:\\\/\\\/plazatorosalicante.com\\\/pl\\\/#organization\"},\"alternateName\":\"La Plaza Alicante Tour\",\"potentialAction\":[{\"@type\":\"SearchAction\",\"target\":{\"@type\":\"EntryPoint\",\"urlTemplate\":\"https:\\\/\\\/plazatorosalicante.com\\\/pl\\\/?s={search_term_string}\"},\"query-input\":{\"@type\":\"PropertyValueSpecification\",\"valueRequired\":true,\"valueName\":\"search_term_string\"}}],\"inLanguage\":\"pl-PL\"},{\"@type\":\"Organization\",\"@id\":\"https:\\\/\\\/plazatorosalicante.com\\\/pl\\\/#organization\",\"name\":\"Plaza de toros Alicante\",\"alternateName\":\"La Plaza Alicante Tour\",\"url\":\"https:\\\/\\\/plazatorosalicante.com\\\/pl\\\/\",\"logo\":{\"@type\":\"ImageObject\",\"inLanguage\":\"pl-PL\",\"@id\":\"https:\\\/\\\/plazatorosalicante.com\\\/pl\\\/#\\\/schema\\\/logo\\\/image\\\/\",\"url\":\"https:\\\/\\\/plazatorosalicante.com\\\/wp-content\\\/uploads\\\/2023\\\/10\\\/Logo-plaza-toros-alicante.jpg\",\"contentUrl\":\"https:\\\/\\\/plazatorosalicante.com\\\/wp-content\\\/uploads\\\/2023\\\/10\\\/Logo-plaza-toros-alicante.jpg\",\"width\":100,\"height\":100,\"caption\":\"Plaza de toros Alicante\"},\"image\":{\"@id\":\"https:\\\/\\\/plazatorosalicante.com\\\/pl\\\/#\\\/schema\\\/logo\\\/image\\\/\"}}]}<\/script>\n<!-- \/ Yoast SEO plugin. -->","yoast_head_json":{"title":"404 - Plaza de Toros de Alicante","robots":{"index":"index","follow":"follow","max-snippet":"max-snippet:-1","max-image-preview":"max-image-preview:large","max-video-preview":"max-video-preview:-1"},"canonical":"https:\/\/plazatorosalicante.com\/pl\/404-2\/","og_locale":"pl_PL","og_type":"article","og_title":"404 - Plaza de Toros de Alicante","og_url":"https:\/\/plazatorosalicante.com\/pl\/404-2\/","og_site_name":"Plaza de Toros de Alicante","article_modified_time":"2023-12-01T08:55:43+00:00","og_image":[{"width":2560,"height":1696,"url":"https:\/\/plazatorosalicante.com\/wp-content\/uploads\/2025\/03\/VIT_7836-scaled-1.jpg","type":"image\/jpeg"}],"twitter_card":"summary_large_image","twitter_misc":{"Szacowany czas czytania":"1 minuta"},"schema":{"@context":"https:\/\/schema.org","@graph":[{"@type":"WebPage","@id":"https:\/\/plazatorosalicante.com\/pl\/404-2\/","url":"https:\/\/plazatorosalicante.com\/pl\/404-2\/","name":"404 - Plaza de Toros de Alicante","isPartOf":{"@id":"https:\/\/plazatorosalicante.com\/pl\/#website"},"datePublished":"2023-10-06T12:43:55+00:00","dateModified":"2023-12-01T08:55:43+00:00","breadcrumb":{"@id":"https:\/\/plazatorosalicante.com\/pl\/404-2\/#breadcrumb"},"inLanguage":"pl-PL","potentialAction":[{"@type":"ReadAction","target":["https:\/\/plazatorosalicante.com\/pl\/404-2\/"]}]},{"@type":"BreadcrumbList","@id":"https:\/\/plazatorosalicante.com\/pl\/404-2\/#breadcrumb","itemListElement":[{"@type":"ListItem","position":1,"name":"Portada","item":"https:\/\/plazatorosalicante.com\/pl\/pagina-de-inicio\/"},{"@type":"ListItem","position":2,"name":"404"}]},{"@type":"WebSite","@id":"https:\/\/plazatorosalicante.com\/pl\/#website","url":"https:\/\/plazatorosalicante.com\/pl\/","name":"Plaza de Toros de Alicante","description":"Plaza de toros Alicante - Visitas Tur\u00edsticas y Culturales en Vivo para Individuales y Grupos","publisher":{"@id":"https:\/\/plazatorosalicante.com\/pl\/#organization"},"alternateName":"La Plaza Alicante Tour","potentialAction":[{"@type":"SearchAction","target":{"@type":"EntryPoint","urlTemplate":"https:\/\/plazatorosalicante.com\/pl\/?s={search_term_string}"},"query-input":{"@type":"PropertyValueSpecification","valueRequired":true,"valueName":"search_term_string"}}],"inLanguage":"pl-PL"},{"@type":"Organization","@id":"https:\/\/plazatorosalicante.com\/pl\/#organization","name":"Plaza de toros Alicante","alternateName":"La Plaza Alicante Tour","url":"https:\/\/plazatorosalicante.com\/pl\/","logo":{"@type":"ImageObject","inLanguage":"pl-PL","@id":"https:\/\/plazatorosalicante.com\/pl\/#\/schema\/logo\/image\/","url":"https:\/\/plazatorosalicante.com\/wp-content\/uploads\/2023\/10\/Logo-plaza-toros-alicante.jpg","contentUrl":"https:\/\/plazatorosalicante.com\/wp-content\/uploads\/2023\/10\/Logo-plaza-toros-alicante.jpg","width":100,"height":100,"caption":"Plaza de toros Alicante"},"image":{"@id":"https:\/\/plazatorosalicante.com\/pl\/#\/schema\/logo\/image\/"}}]}},"_links":{"self":[{"href":"https:\/\/plazatorosalicante.com\/pl\/wp-json\/wp\/v2\/pages\/4676","targetHints":{"allow":["GET"]}}],"collection":[{"href":"https:\/\/plazatorosalicante.com\/pl\/wp-json\/wp\/v2\/pages"}],"about":[{"href":"https:\/\/plazatorosalicante.com\/pl\/wp-json\/wp\/v2\/types\/page"}],"author":[{"embeddable":true,"href":"https:\/\/plazatorosalicante.com\/pl\/wp-json\/wp\/v2\/users\/1"}],"replies":[{"embeddable":true,"href":"https:\/\/plazatorosalicante.com\/pl\/wp-json\/wp\/v2\/comments?post=4676"}],"version-history":[{"count":5,"href":"https:\/\/plazatorosalicante.com\/pl\/wp-json\/wp\/v2\/pages\/4676\/revisions"}],"predecessor-version":[{"id":4688,"href":"https:\/\/plazatorosalicante.com\/pl\/wp-json\/wp\/v2\/pages\/4676\/revisions\/4688"}],"wp:attachment":[{"href":"https:\/\/plazatorosalicante.com\/pl\/wp-json\/wp\/v2\/media?parent=4676"}],"curies":[{"name":"wp","href":"https:\/\/api.w.org\/{rel}","templated":true}]}}