{"id":8602,"date":"2024-05-09T07:53:29","date_gmt":"2024-05-09T07:53:29","guid":{"rendered":"https:\/\/plazatorosalicante.com\/termin-dostawy-i-prowizje\/"},"modified":"2024-05-30T11:14:29","modified_gmt":"2024-05-30T11:14:29","slug":"termin-dostawy-i-prowizje","status":"publish","type":"page","link":"https:\/\/plazatorosalicante.com\/pl\/termin-dostawy-i-prowizje\/","title":{"rendered":"Termin dostawy i prowizje"},"content":{"rendered":"<section class=\"l-section wpb_row height_medium\"><div class=\"l-section-h i-cf\"><div class=\"g-cols vc_row via_grid cols_1 laptops-cols_inherit tablets-cols_inherit mobiles-cols_1 valign_top type_default stacking_default\"><div class=\"wpb_column vc_column_container\"><div class=\"vc_column-inner\"><div class=\"wpb_text_column\"><div class=\"wpb_wrapper\"><h1>Termin dostawy i op\u0142aty za bilety<\/h1>\n<h3>Data dostarczenia:<\/h3>\n<p>Bilety zostan\u0105 przes\u0142ane w formacie PDF na e-mail na jeden tydzie\u0144 przed walk\u0105 byk\u00f3w. Zalecamy sprawdzenie folderu ze spamem.<\/p>\n<h3>Prowizje od sprzeda\u017cy<\/h3>\n<p>Bilety maj\u0105 ju\u017c wliczon\u0105 prowizj\u0119 w wysoko\u015bci 10% koszt\u00f3w wystawienia. Kupuj\u0105c bilet nie b\u0119dziesz musia\u0142 p\u0142aci\u0107 nic wi\u0119cej.<\/p>\n<h3>Zwroty<\/h3>\n<div>\n<div>Wst\u0119p na miejsce i ewentualnie zwrot kwoty zgodnie z obowi\u0105zuj\u0105cymi przepisami. (art. 70 RTA) wymaga si\u0119, aby wpis urz\u0119dowy by\u0142 kompletny, integralny i niezmieniony.<\/div>\n<\/div>\n<div><\/div>\n<div>\n<div>Bieg terminu zwrotu kwoty rozpoczyna si\u0119 od chwili og\u0142oszenia zawieszenia, prze\u0142o\u017cenia lub modyfikacji i ko\u0144czy si\u0119 z up\u0142ywem 4 dni od ustalonego terminu obchod\u00f3w spektaklu lub na 1 godzin\u0119 przed rozpocz\u0119ciem spektaklu w przypadku modyfikacji ( art. 70 RTA).<\/div>\n<div><\/div>\n<div>Je\u017celi pokaz zostanie zawieszony z przyczyn niezale\u017cnych od firmy lub ze wzgl\u0119du na z\u0142\u0105 pogod\u0119, po wyj\u015bciu na ring pierwszego byka widzowi nie b\u0119dzie przys\u0142ugiwa\u0142 \u017caden zwrot pieni\u0119dzy (art. 70 RTA).<\/div>\n<\/div>\n<\/div><\/div><div class=\"w-separator size_medium\"><\/div><div class=\"g-cols wpb_row via_grid cols_1 laptops-cols_inherit tablets-cols_inherit mobiles-cols_1 valign_top type_default stacking_default\" style=\"--columns-gap:3rem;\"><div class=\"wpb_column vc_column_container\"><div class=\"vc_column-inner\"><div class=\"w-hwrapper valign_top align_none\" style=\"--hwrapper-gap:1.20rem\"><div class=\"w-btn-wrapper align_none\"><a class=\"w-btn us-btn-style_1\" href=\"https:\/\/plazatorosalicante.com\/entradas-alicante-toros\/\"><span class=\"w-btn-label\">Kup bilety<\/span><\/a><\/div><div class=\"w-btn-wrapper align_none\"><a class=\"w-btn us-btn-style_1\" href=\"https:\/\/plazatorosalicante.com\/carrito\/\"><span class=\"w-btn-label\">Id\u017a do w\u00f3zka<\/span><\/a><\/div><\/div><\/div><\/div><\/div><\/div><\/div><\/div><\/div><\/section><section class=\"l-section wpb_row height_medium\"><div class=\"l-section-h i-cf\"><div class=\"g-cols vc_row via_grid cols_1 laptops-cols_inherit tablets-cols_inherit mobiles-cols_1 valign_top type_default stacking_default\"><div class=\"wpb_column vc_column_container\"><div class=\"vc_column-inner\"><\/div><\/div><\/div><\/div><\/section>\n","protected":false},"excerpt":{"rendered":"Termin dostawy i op\u0142aty za bilety Data dostarczenia: Bilety zostan\u0105 przes\u0142ane w formacie PDF na e-mail na jeden tydzie\u0144 przed walk\u0105 byk\u00f3w. Zalecamy sprawdzenie folderu ze spamem. Prowizje od sprzeda\u017cy Bilety maj\u0105 ju\u017c wliczon\u0105 prowizj\u0119 w wysoko\u015bci 10% koszt\u00f3w wystawienia. Kupuj\u0105c bilet nie b\u0119dziesz musia\u0142 p\u0142aci\u0107 nic wi\u0119cej. Zwroty Wst\u0119p na miejsce i ewentualnie zwrot...","protected":false},"author":1,"featured_media":0,"parent":0,"menu_order":0,"comment_status":"closed","ping_status":"closed","template":"","meta":{"_acf_changed":false,"footnotes":""},"class_list":["post-8602","page","type-page","status-publish","hentry"],"acf":[],"yoast_head":"<!-- This site is optimized with the Yoast SEO plugin v27.3 - https:\/\/yoast.com\/product\/yoast-seo-wordpress\/ -->\n<title>Termin dostawy i prowizje - Plaza de Toros de Alicante<\/title>\n<meta name=\"robots\" content=\"noindex, follow\" \/>\n<meta property=\"og:locale\" content=\"pl_PL\" \/>\n<meta property=\"og:type\" content=\"article\" \/>\n<meta property=\"og:title\" content=\"Termin dostawy i prowizje - Plaza de Toros de Alicante\" \/>\n<meta property=\"og:url\" content=\"https:\/\/plazatorosalicante.com\/pl\/termin-dostawy-i-prowizje\/\" \/>\n<meta property=\"og:site_name\" content=\"Plaza de Toros de Alicante\" \/>\n<meta property=\"article:modified_time\" content=\"2024-05-30T11:14:29+00:00\" \/>\n<meta property=\"og:image\" content=\"https:\/\/plazatorosalicante.com\/wp-content\/uploads\/2025\/03\/VIT_7836-scaled-1.jpg\" \/>\n\t<meta property=\"og:image:width\" content=\"2560\" \/>\n\t<meta property=\"og:image:height\" content=\"1696\" \/>\n\t<meta property=\"og:image:type\" content=\"image\/jpeg\" \/>\n<meta name=\"twitter:card\" content=\"summary_large_image\" \/>\n<meta name=\"twitter:label1\" content=\"Szacowany czas czytania\" \/>\n\t<meta name=\"twitter:data1\" content=\"1 minuta\" \/>\n<script type=\"application\/ld+json\" class=\"yoast-schema-graph\">{\"@context\":\"https:\\\/\\\/schema.org\",\"@graph\":[{\"@type\":\"WebPage\",\"@id\":\"https:\\\/\\\/plazatorosalicante.com\\\/pl\\\/termin-dostawy-i-prowizje\\\/\",\"url\":\"https:\\\/\\\/plazatorosalicante.com\\\/pl\\\/termin-dostawy-i-prowizje\\\/\",\"name\":\"Termin dostawy i prowizje - Plaza de Toros de Alicante\",\"isPartOf\":{\"@id\":\"https:\\\/\\\/plazatorosalicante.com\\\/pl\\\/#website\"},\"datePublished\":\"2024-05-09T07:53:29+00:00\",\"dateModified\":\"2024-05-30T11:14:29+00:00\",\"breadcrumb\":{\"@id\":\"https:\\\/\\\/plazatorosalicante.com\\\/pl\\\/termin-dostawy-i-prowizje\\\/#breadcrumb\"},\"inLanguage\":\"pl-PL\",\"potentialAction\":[{\"@type\":\"ReadAction\",\"target\":[\"https:\\\/\\\/plazatorosalicante.com\\\/pl\\\/termin-dostawy-i-prowizje\\\/\"]}]},{\"@type\":\"BreadcrumbList\",\"@id\":\"https:\\\/\\\/plazatorosalicante.com\\\/pl\\\/termin-dostawy-i-prowizje\\\/#breadcrumb\",\"itemListElement\":[{\"@type\":\"ListItem\",\"position\":1,\"name\":\"Portada\",\"item\":\"https:\\\/\\\/plazatorosalicante.com\\\/pl\\\/pagina-de-inicio\\\/\"},{\"@type\":\"ListItem\",\"position\":2,\"name\":\"Termin dostawy i prowizje\"}]},{\"@type\":\"WebSite\",\"@id\":\"https:\\\/\\\/plazatorosalicante.com\\\/pl\\\/#website\",\"url\":\"https:\\\/\\\/plazatorosalicante.com\\\/pl\\\/\",\"name\":\"Plaza de Toros de Alicante\",\"description\":\"Plaza de toros Alicante - Visitas Tur\u00edsticas y Culturales en Vivo para Individuales y Grupos\",\"publisher\":{\"@id\":\"https:\\\/\\\/plazatorosalicante.com\\\/pl\\\/#organization\"},\"alternateName\":\"La Plaza Alicante Tour\",\"potentialAction\":[{\"@type\":\"SearchAction\",\"target\":{\"@type\":\"EntryPoint\",\"urlTemplate\":\"https:\\\/\\\/plazatorosalicante.com\\\/pl\\\/?s={search_term_string}\"},\"query-input\":{\"@type\":\"PropertyValueSpecification\",\"valueRequired\":true,\"valueName\":\"search_term_string\"}}],\"inLanguage\":\"pl-PL\"},{\"@type\":\"Organization\",\"@id\":\"https:\\\/\\\/plazatorosalicante.com\\\/pl\\\/#organization\",\"name\":\"Plaza de toros Alicante\",\"alternateName\":\"La Plaza Alicante Tour\",\"url\":\"https:\\\/\\\/plazatorosalicante.com\\\/pl\\\/\",\"logo\":{\"@type\":\"ImageObject\",\"inLanguage\":\"pl-PL\",\"@id\":\"https:\\\/\\\/plazatorosalicante.com\\\/pl\\\/#\\\/schema\\\/logo\\\/image\\\/\",\"url\":\"https:\\\/\\\/plazatorosalicante.com\\\/wp-content\\\/uploads\\\/2023\\\/10\\\/Logo-plaza-toros-alicante.jpg\",\"contentUrl\":\"https:\\\/\\\/plazatorosalicante.com\\\/wp-content\\\/uploads\\\/2023\\\/10\\\/Logo-plaza-toros-alicante.jpg\",\"width\":100,\"height\":100,\"caption\":\"Plaza de toros Alicante\"},\"image\":{\"@id\":\"https:\\\/\\\/plazatorosalicante.com\\\/pl\\\/#\\\/schema\\\/logo\\\/image\\\/\"}}]}<\/script>\n<!-- \/ Yoast SEO plugin. -->","yoast_head_json":{"title":"Termin dostawy i prowizje - Plaza de Toros de Alicante","robots":{"index":"noindex","follow":"follow"},"og_locale":"pl_PL","og_type":"article","og_title":"Termin dostawy i prowizje - Plaza de Toros de Alicante","og_url":"https:\/\/plazatorosalicante.com\/pl\/termin-dostawy-i-prowizje\/","og_site_name":"Plaza de Toros de Alicante","article_modified_time":"2024-05-30T11:14:29+00:00","og_image":[{"width":2560,"height":1696,"url":"https:\/\/plazatorosalicante.com\/wp-content\/uploads\/2025\/03\/VIT_7836-scaled-1.jpg","type":"image\/jpeg"}],"twitter_card":"summary_large_image","twitter_misc":{"Szacowany czas czytania":"1 minuta"},"schema":{"@context":"https:\/\/schema.org","@graph":[{"@type":"WebPage","@id":"https:\/\/plazatorosalicante.com\/pl\/termin-dostawy-i-prowizje\/","url":"https:\/\/plazatorosalicante.com\/pl\/termin-dostawy-i-prowizje\/","name":"Termin dostawy i prowizje - Plaza de Toros de Alicante","isPartOf":{"@id":"https:\/\/plazatorosalicante.com\/pl\/#website"},"datePublished":"2024-05-09T07:53:29+00:00","dateModified":"2024-05-30T11:14:29+00:00","breadcrumb":{"@id":"https:\/\/plazatorosalicante.com\/pl\/termin-dostawy-i-prowizje\/#breadcrumb"},"inLanguage":"pl-PL","potentialAction":[{"@type":"ReadAction","target":["https:\/\/plazatorosalicante.com\/pl\/termin-dostawy-i-prowizje\/"]}]},{"@type":"BreadcrumbList","@id":"https:\/\/plazatorosalicante.com\/pl\/termin-dostawy-i-prowizje\/#breadcrumb","itemListElement":[{"@type":"ListItem","position":1,"name":"Portada","item":"https:\/\/plazatorosalicante.com\/pl\/pagina-de-inicio\/"},{"@type":"ListItem","position":2,"name":"Termin dostawy i prowizje"}]},{"@type":"WebSite","@id":"https:\/\/plazatorosalicante.com\/pl\/#website","url":"https:\/\/plazatorosalicante.com\/pl\/","name":"Plaza de Toros de Alicante","description":"Plaza de toros Alicante - Visitas Tur\u00edsticas y Culturales en Vivo para Individuales y Grupos","publisher":{"@id":"https:\/\/plazatorosalicante.com\/pl\/#organization"},"alternateName":"La Plaza Alicante Tour","potentialAction":[{"@type":"SearchAction","target":{"@type":"EntryPoint","urlTemplate":"https:\/\/plazatorosalicante.com\/pl\/?s={search_term_string}"},"query-input":{"@type":"PropertyValueSpecification","valueRequired":true,"valueName":"search_term_string"}}],"inLanguage":"pl-PL"},{"@type":"Organization","@id":"https:\/\/plazatorosalicante.com\/pl\/#organization","name":"Plaza de toros Alicante","alternateName":"La Plaza Alicante Tour","url":"https:\/\/plazatorosalicante.com\/pl\/","logo":{"@type":"ImageObject","inLanguage":"pl-PL","@id":"https:\/\/plazatorosalicante.com\/pl\/#\/schema\/logo\/image\/","url":"https:\/\/plazatorosalicante.com\/wp-content\/uploads\/2023\/10\/Logo-plaza-toros-alicante.jpg","contentUrl":"https:\/\/plazatorosalicante.com\/wp-content\/uploads\/2023\/10\/Logo-plaza-toros-alicante.jpg","width":100,"height":100,"caption":"Plaza de toros Alicante"},"image":{"@id":"https:\/\/plazatorosalicante.com\/pl\/#\/schema\/logo\/image\/"}}]}},"_links":{"self":[{"href":"https:\/\/plazatorosalicante.com\/pl\/wp-json\/wp\/v2\/pages\/8602","targetHints":{"allow":["GET"]}}],"collection":[{"href":"https:\/\/plazatorosalicante.com\/pl\/wp-json\/wp\/v2\/pages"}],"about":[{"href":"https:\/\/plazatorosalicante.com\/pl\/wp-json\/wp\/v2\/types\/page"}],"author":[{"embeddable":true,"href":"https:\/\/plazatorosalicante.com\/pl\/wp-json\/wp\/v2\/users\/1"}],"replies":[{"embeddable":true,"href":"https:\/\/plazatorosalicante.com\/pl\/wp-json\/wp\/v2\/comments?post=8602"}],"version-history":[{"count":8,"href":"https:\/\/plazatorosalicante.com\/pl\/wp-json\/wp\/v2\/pages\/8602\/revisions"}],"predecessor-version":[{"id":14857,"href":"https:\/\/plazatorosalicante.com\/pl\/wp-json\/wp\/v2\/pages\/8602\/revisions\/14857"}],"wp:attachment":[{"href":"https:\/\/plazatorosalicante.com\/pl\/wp-json\/wp\/v2\/media?parent=8602"}],"curies":[{"name":"wp","href":"https:\/\/api.w.org\/{rel}","templated":true}]}}