{"id":21524,"date":"2025-04-28T10:18:41","date_gmt":"2025-04-28T10:18:41","guid":{"rendered":"https:\/\/plazatorosalicante.com\/?post_type=product&#038;p=21524"},"modified":"2026-01-05T14:04:34","modified_gmt":"2026-01-05T14:04:34","slug":"walka-bykow-29-czerwca","status":"publish","type":"product","link":"https:\/\/plazatorosalicante.com\/pl\/producto\/walka-bykow-29-czerwca\/","title":{"rendered":"Walka byk\u00f3w 29 czerwca"},"content":{"rendered":"<section class=\"l-section wpb_row height_medium\"><div class=\"l-section-h i-cf\"><div class=\"g-cols vc_row via_grid cols_1 laptops-cols_inherit tablets-cols_inherit mobiles-cols_1 valign_top type_default stacking_default\"><div class=\"wpb_column vc_column_container\"><div class=\"vc_column-inner\"><div class=\"g-cols wpb_row via_grid cols_2 laptops-cols_inherit tablets-cols_inherit mobiles-cols_1 valign_top type_default stacking_default\" style=\"--columns-gap:3rem;\" id=\"espectaculo\"><div class=\"wpb_column vc_column_container\"><div class=\"vc_column-inner\"><div class=\"w-iconbox iconpos_left style_default color_primary align_left\"><div class=\"w-iconbox-icon\" style=\"font-size:2rem;\"><i class=\"fas fa-users\"><\/i><\/div><div class=\"w-iconbox-meta\"><h3 class=\"w-iconbox-title\">Udzia\u0142 torreador\u00f3w:<\/h3><div class=\"w-iconbox-text\"><p>Do potwierdzenia<\/p>\n<\/div><\/div><\/div><\/div><\/div><div class=\"wpb_column vc_column_container\"><div class=\"vc_column-inner\"><div class=\"w-iconbox iconpos_left style_default color_primary align_left\"><div class=\"w-iconbox-icon\" style=\"font-size:2rem;\"><i class=\"fas fa-calendar\"><\/i><\/div><div class=\"w-iconbox-meta\"><h3 class=\"w-iconbox-title\">Kiedy to si\u0119 zaczyna?<\/h3><div class=\"w-iconbox-text\"><p>29 czerwca o godzinie 19:00.<\/p>\n<\/div><\/div><\/div><\/div><\/div><\/div><div class=\"w-separator size_large\"><\/div><div class=\"g-cols wpb_row via_grid cols_1 laptops-cols_inherit tablets-cols_inherit mobiles-cols_1 valign_top type_default stacking_default\" style=\"--columns-gap:3rem;\" id=\"localidades\"><div class=\"wpb_column vc_column_container\"><div class=\"vc_column-inner\"><div class=\"wpb_text_column\"><div class=\"wpb_wrapper\"><h2>Dost\u0119pne rodzaje bilet\u00f3w<\/h2>\n<p>Na arenie walki byk\u00f3w w Alicante mo\u017cna znale\u017a\u0107 r\u00f3\u017cne rodzaje siedze\u0144 lub miejsc w zale\u017cno\u015bci od blisko\u015bci ringu i jego orientacji. Niekt\u00f3re z dost\u0119pnych miejsc to:<\/p>\n<ol>\n<li><strong>Barrera:<\/strong> S\u0105 to miejsca najbli\u017cej areny, umieszczone z przodu. Oferuj\u0105 one uprzywilejowany widok, aby obserwowa\u0107 umiej\u0119tno\u015bci matador\u00f3w.<\/li>\n<li><strong>Contrabarrera:<\/strong> S\u0105 to kolejne miejsca najbli\u017cej ringu. Maj\u0105 uprzywilejowany widok, ale z wi\u0119kszym bezpiecze\u0144stwem.<\/li>\n<li><strong>Tendido:<\/strong> S\u0105 to \u015brodkowe siedzenia, maj\u0105 nieco wy\u017cszy widok i oddalone od areny. Mimo to maj\u0105 dobry wzrok, aby obserwowa\u0107 potencjalnych matador\u00f3w.<\/li>\n<li><strong>Andanada:<\/strong> S\u0105 to najwy\u017csze obszary areny. W przypadku areny walki byk\u00f3w w Alicante mo\u017cesz wybiera\u0107 pomi\u0119dzy nisk\u0105 i wysok\u0105 zapor\u0105.<\/li>\n<\/ol>\n<p>Wreszcie widz b\u0119dzie m\u00f3g\u0142 kupi\u0107 sw\u00f3j bilet na byki w zale\u017cno\u015bci od obszaru, w kt\u00f3rym znajduje si\u0119 jego miejsce.<\/p>\n<ul>\n<li><strong>S\u0142o\u0144ce:<\/strong> S\u0105 to zazwyczaj najta\u0144sze bilety, poniewa\u017c znajduj\u0105 si\u0119 w obszarze, w kt\u00f3rym jest najwi\u0119cej s\u0142o\u0144ca.<\/li>\n<li><strong>S\u0142o\u0144ce i cie\u0144:<\/strong> te siedzenia zmieniaj\u0105 miejsca, gdzie jest s\u0142onecznie, i inne, gdzie jest cie\u0144.<\/li>\n<li><strong>Cie\u0144:<\/strong> S\u0105 najdro\u017csze, ale tak\u017ce najlepsze, poniewa\u017c pozwalaj\u0105 lepiej i wygodniej ogl\u0105da\u0107 walk\u0119 byk\u00f3w.<\/li>\n<\/ul>\n<\/div><\/div><\/div><\/div><\/div><\/div><\/div><\/div><\/div><\/section><section class=\"l-section wpb_row height_medium\"><div class=\"l-section-h i-cf\"><div class=\"g-cols vc_row via_grid cols_3 laptops-cols_inherit tablets-cols_inherit mobiles-cols_1 valign_middle type_default stacking_default\"><div class=\"wpb_column vc_column_container\"><div class=\"vc_column-inner\"><h2 class=\"w-text us_custom_3517658c\"><span class=\"w-text-h\"><span class=\"w-text-value\">Potrzebuj\u0119 pomocy?<\/span><\/span><\/h2><\/div><\/div><div class=\"wpb_column vc_column_container\"><div class=\"vc_column-inner\"><div class=\"w-iconbox iconpos_top style_default color_primary align_center\"><div class=\"w-iconbox-icon\" style=\"font-size:2rem;\"><i class=\"fas fa-envelope\"><\/i><\/div><div class=\"w-iconbox-meta\"><h4 class=\"w-iconbox-title\">Email<\/h4><div class=\"w-iconbox-text\"><p>info@plazatorosalicante.com<\/p>\n<\/div><\/div><\/div><\/div><\/div><div class=\"wpb_column vc_column_container\"><div class=\"vc_column-inner\"><div class=\"w-iconbox iconpos_top style_default color_primary align_center\"><div class=\"w-iconbox-icon\" style=\"font-size:2rem;\"><i class=\"fas fa-phone\"><\/i><\/div><div class=\"w-iconbox-meta\"><h4 class=\"w-iconbox-title\">Phone | Whatsapp<\/h4><div class=\"w-iconbox-text\"><p><a class=\"w-text-h\" href=\"tel:+34%20679%2058%2035%2036\"><span class=\"w-text-value\">+34 679 58 35 36<\/span><\/a><\/p>\n<\/div><\/div><\/div><\/div><\/div><\/div><\/div><\/section>\n","protected":false},"excerpt":{"rendered":"<ul>\n<li><strong>Jest to rezerwacja bilet\u00f3w nienumerowanych,<\/strong> przydzielone zostan\u0105 najlepsze dost\u0119pne miejsca.<\/li>\n<li><strong>W przypadku zakupu wi\u0119kszej liczby bilet\u00f3w<\/strong>, przydzielone miejsca b\u0119d\u0105 znajdowa\u0142y si\u0119 obok siebie.<\/li>\n<li><strong> Op\u0142aty manipulacyjne<\/strong> s\u0105 uwzgl\u0119dnione na stronie p\u0142atno\u015bci.<\/li>\n<\/ul>\n<p><a href=\"https:\/\/plazatorosalicante.com\/pl\/termin-dostawy-i-prowizje\/\">Sprawd\u017a termin dostawy i prowizj\u0119<\/a><\/p>\n","protected":false},"featured_media":19263,"comment_status":"open","ping_status":"closed","template":"","meta":{"_acf_changed":false},"product_brand":[],"product_cat":[160],"product_tag":[],"class_list":{"0":"post-21524","1":"product","2":"type-product","3":"status-publish","4":"has-post-thumbnail","6":"product_cat-bilety-indywidualne","8":"first","9":"instock","10":"taxable","11":"shipping-taxable","12":"purchasable","13":"product-type-variable"},"acf":[],"yoast_head":"<!-- This site is optimized with the Yoast SEO plugin v27.3 - https:\/\/yoast.com\/product\/yoast-seo-wordpress\/ -->\n<title>\u25b7 Bilety na walk\u0119 byk\u00f3w 29 czerwca | Arena walk byk\u00f3w w Alicante<\/title>\n<meta name=\"description\" content=\"Bilety na walk\u0119 byk\u00f3w w sprzeda\u017cy na 29 czerwca w Arena walk byk\u00f3w w Alicante. Kup bilety ju\u017c teraz | Zweryfikowana strona \u2714\ufe0f\" \/>\n<meta name=\"robots\" content=\"index, follow, max-snippet:-1, max-image-preview:large, max-video-preview:-1\" \/>\n<link rel=\"canonical\" href=\"https:\/\/plazatorosalicante.com\/pl\/producto\/walka-bykow-29-czerwca\/\" \/>\n<meta property=\"og:locale\" content=\"pl_PL\" \/>\n<meta property=\"og:type\" content=\"article\" \/>\n<meta property=\"og:title\" content=\"\u25b7 Bilety na walk\u0119 byk\u00f3w 29 czerwca | Arena walk byk\u00f3w w Alicante\" \/>\n<meta property=\"og:description\" content=\"Bilety na walk\u0119 byk\u00f3w w sprzeda\u017cy na 29 czerwca w Arena walk byk\u00f3w w Alicante. Kup bilety ju\u017c teraz | Zweryfikowana strona \u2714\ufe0f\" \/>\n<meta property=\"og:url\" content=\"https:\/\/plazatorosalicante.com\/pl\/producto\/walka-bykow-29-czerwca\/\" \/>\n<meta property=\"og:site_name\" content=\"Plaza de Toros de Alicante\" \/>\n<meta property=\"article:modified_time\" content=\"2026-01-05T14:04:34+00:00\" \/>\n<meta property=\"og:image\" content=\"https:\/\/plazatorosalicante.com\/wp-content\/uploads\/2024\/05\/Corrida-toros-29-junio.png\" \/>\n\t<meta property=\"og:image:width\" content=\"1080\" \/>\n\t<meta property=\"og:image:height\" content=\"1080\" \/>\n\t<meta property=\"og:image:type\" content=\"image\/png\" \/>\n<meta name=\"twitter:card\" content=\"summary_large_image\" \/>\n<meta name=\"twitter:label1\" content=\"Szacowany czas czytania\" \/>\n\t<meta name=\"twitter:data1\" content=\"2 minuty\" \/>\n<script type=\"application\/ld+json\" class=\"yoast-schema-graph\">{\"@context\":\"https:\\\/\\\/schema.org\",\"@graph\":[{\"@type\":\"WebPage\",\"@id\":\"https:\\\/\\\/plazatorosalicante.com\\\/pl\\\/producto\\\/walka-bykow-29-czerwca\\\/\",\"url\":\"https:\\\/\\\/plazatorosalicante.com\\\/pl\\\/producto\\\/walka-bykow-29-czerwca\\\/\",\"name\":\"\u25b7 Bilety na walk\u0119 byk\u00f3w 29 czerwca | Arena walk byk\u00f3w w Alicante\",\"isPartOf\":{\"@id\":\"https:\\\/\\\/plazatorosalicante.com\\\/pl\\\/#website\"},\"primaryImageOfPage\":{\"@id\":\"https:\\\/\\\/plazatorosalicante.com\\\/pl\\\/producto\\\/walka-bykow-29-czerwca\\\/#primaryimage\"},\"image\":{\"@id\":\"https:\\\/\\\/plazatorosalicante.com\\\/pl\\\/producto\\\/walka-bykow-29-czerwca\\\/#primaryimage\"},\"thumbnailUrl\":\"https:\\\/\\\/plazatorosalicante.com\\\/wp-content\\\/uploads\\\/2024\\\/05\\\/Corrida-toros-29-junio.png\",\"datePublished\":\"2025-04-28T10:18:41+00:00\",\"dateModified\":\"2026-01-05T14:04:34+00:00\",\"description\":\"Bilety na walk\u0119 byk\u00f3w w sprzeda\u017cy na 29 czerwca w Arena walk byk\u00f3w w Alicante. Kup bilety ju\u017c teraz | Zweryfikowana strona \u2714\ufe0f\",\"breadcrumb\":{\"@id\":\"https:\\\/\\\/plazatorosalicante.com\\\/pl\\\/producto\\\/walka-bykow-29-czerwca\\\/#breadcrumb\"},\"inLanguage\":\"pl-PL\",\"potentialAction\":[{\"@type\":\"ReadAction\",\"target\":[\"https:\\\/\\\/plazatorosalicante.com\\\/pl\\\/producto\\\/walka-bykow-29-czerwca\\\/\"]}]},{\"@type\":\"ImageObject\",\"inLanguage\":\"pl-PL\",\"@id\":\"https:\\\/\\\/plazatorosalicante.com\\\/pl\\\/producto\\\/walka-bykow-29-czerwca\\\/#primaryimage\",\"url\":\"https:\\\/\\\/plazatorosalicante.com\\\/wp-content\\\/uploads\\\/2024\\\/05\\\/Corrida-toros-29-junio.png\",\"contentUrl\":\"https:\\\/\\\/plazatorosalicante.com\\\/wp-content\\\/uploads\\\/2024\\\/05\\\/Corrida-toros-29-junio.png\",\"width\":1080,\"height\":1080},{\"@type\":\"BreadcrumbList\",\"@id\":\"https:\\\/\\\/plazatorosalicante.com\\\/pl\\\/producto\\\/walka-bykow-29-czerwca\\\/#breadcrumb\",\"itemListElement\":[{\"@type\":\"ListItem\",\"position\":1,\"name\":\"Portada\",\"item\":\"https:\\\/\\\/plazatorosalicante.com\\\/pl\\\/pagina-de-inicio\\\/\"},{\"@type\":\"ListItem\",\"position\":2,\"name\":\"Sklep\",\"item\":\"https:\\\/\\\/plazatorosalicante.com\\\/pl\\\/?page_id=7995\"},{\"@type\":\"ListItem\",\"position\":3,\"name\":\"Walka byk\u00f3w 29 czerwca\"}]},{\"@type\":\"WebSite\",\"@id\":\"https:\\\/\\\/plazatorosalicante.com\\\/pl\\\/#website\",\"url\":\"https:\\\/\\\/plazatorosalicante.com\\\/pl\\\/\",\"name\":\"Plaza de Toros de Alicante\",\"description\":\"Plaza de toros Alicante - Visitas Tur\u00edsticas y Culturales en Vivo para Individuales y Grupos\",\"publisher\":{\"@id\":\"https:\\\/\\\/plazatorosalicante.com\\\/pl\\\/#organization\"},\"alternateName\":\"La Plaza Alicante Tour\",\"potentialAction\":[{\"@type\":\"SearchAction\",\"target\":{\"@type\":\"EntryPoint\",\"urlTemplate\":\"https:\\\/\\\/plazatorosalicante.com\\\/pl\\\/?s={search_term_string}\"},\"query-input\":{\"@type\":\"PropertyValueSpecification\",\"valueRequired\":true,\"valueName\":\"search_term_string\"}}],\"inLanguage\":\"pl-PL\"},{\"@type\":\"Organization\",\"@id\":\"https:\\\/\\\/plazatorosalicante.com\\\/pl\\\/#organization\",\"name\":\"Plaza de toros Alicante\",\"alternateName\":\"La Plaza Alicante Tour\",\"url\":\"https:\\\/\\\/plazatorosalicante.com\\\/pl\\\/\",\"logo\":{\"@type\":\"ImageObject\",\"inLanguage\":\"pl-PL\",\"@id\":\"https:\\\/\\\/plazatorosalicante.com\\\/pl\\\/#\\\/schema\\\/logo\\\/image\\\/\",\"url\":\"https:\\\/\\\/plazatorosalicante.com\\\/wp-content\\\/uploads\\\/2023\\\/10\\\/Logo-plaza-toros-alicante.jpg\",\"contentUrl\":\"https:\\\/\\\/plazatorosalicante.com\\\/wp-content\\\/uploads\\\/2023\\\/10\\\/Logo-plaza-toros-alicante.jpg\",\"width\":100,\"height\":100,\"caption\":\"Plaza de toros Alicante\"},\"image\":{\"@id\":\"https:\\\/\\\/plazatorosalicante.com\\\/pl\\\/#\\\/schema\\\/logo\\\/image\\\/\"}}]}<\/script>\n<!-- \/ Yoast SEO plugin. -->","yoast_head_json":{"title":"\u25b7 Bilety na walk\u0119 byk\u00f3w 29 czerwca | Arena walk byk\u00f3w w Alicante","description":"Bilety na walk\u0119 byk\u00f3w w sprzeda\u017cy na 29 czerwca w Arena walk byk\u00f3w w Alicante. Kup bilety ju\u017c teraz | Zweryfikowana strona \u2714\ufe0f","robots":{"index":"index","follow":"follow","max-snippet":"max-snippet:-1","max-image-preview":"max-image-preview:large","max-video-preview":"max-video-preview:-1"},"canonical":"https:\/\/plazatorosalicante.com\/pl\/producto\/walka-bykow-29-czerwca\/","og_locale":"pl_PL","og_type":"article","og_title":"\u25b7 Bilety na walk\u0119 byk\u00f3w 29 czerwca | Arena walk byk\u00f3w w Alicante","og_description":"Bilety na walk\u0119 byk\u00f3w w sprzeda\u017cy na 29 czerwca w Arena walk byk\u00f3w w Alicante. Kup bilety ju\u017c teraz | Zweryfikowana strona \u2714\ufe0f","og_url":"https:\/\/plazatorosalicante.com\/pl\/producto\/walka-bykow-29-czerwca\/","og_site_name":"Plaza de Toros de Alicante","article_modified_time":"2026-01-05T14:04:34+00:00","og_image":[{"width":1080,"height":1080,"url":"https:\/\/plazatorosalicante.com\/wp-content\/uploads\/2024\/05\/Corrida-toros-29-junio.png","type":"image\/png"}],"twitter_card":"summary_large_image","twitter_misc":{"Szacowany czas czytania":"2 minuty"},"schema":{"@context":"https:\/\/schema.org","@graph":[{"@type":"WebPage","@id":"https:\/\/plazatorosalicante.com\/pl\/producto\/walka-bykow-29-czerwca\/","url":"https:\/\/plazatorosalicante.com\/pl\/producto\/walka-bykow-29-czerwca\/","name":"\u25b7 Bilety na walk\u0119 byk\u00f3w 29 czerwca | Arena walk byk\u00f3w w Alicante","isPartOf":{"@id":"https:\/\/plazatorosalicante.com\/pl\/#website"},"primaryImageOfPage":{"@id":"https:\/\/plazatorosalicante.com\/pl\/producto\/walka-bykow-29-czerwca\/#primaryimage"},"image":{"@id":"https:\/\/plazatorosalicante.com\/pl\/producto\/walka-bykow-29-czerwca\/#primaryimage"},"thumbnailUrl":"https:\/\/plazatorosalicante.com\/wp-content\/uploads\/2024\/05\/Corrida-toros-29-junio.png","datePublished":"2025-04-28T10:18:41+00:00","dateModified":"2026-01-05T14:04:34+00:00","description":"Bilety na walk\u0119 byk\u00f3w w sprzeda\u017cy na 29 czerwca w Arena walk byk\u00f3w w Alicante. Kup bilety ju\u017c teraz | Zweryfikowana strona \u2714\ufe0f","breadcrumb":{"@id":"https:\/\/plazatorosalicante.com\/pl\/producto\/walka-bykow-29-czerwca\/#breadcrumb"},"inLanguage":"pl-PL","potentialAction":[{"@type":"ReadAction","target":["https:\/\/plazatorosalicante.com\/pl\/producto\/walka-bykow-29-czerwca\/"]}]},{"@type":"ImageObject","inLanguage":"pl-PL","@id":"https:\/\/plazatorosalicante.com\/pl\/producto\/walka-bykow-29-czerwca\/#primaryimage","url":"https:\/\/plazatorosalicante.com\/wp-content\/uploads\/2024\/05\/Corrida-toros-29-junio.png","contentUrl":"https:\/\/plazatorosalicante.com\/wp-content\/uploads\/2024\/05\/Corrida-toros-29-junio.png","width":1080,"height":1080},{"@type":"BreadcrumbList","@id":"https:\/\/plazatorosalicante.com\/pl\/producto\/walka-bykow-29-czerwca\/#breadcrumb","itemListElement":[{"@type":"ListItem","position":1,"name":"Portada","item":"https:\/\/plazatorosalicante.com\/pl\/pagina-de-inicio\/"},{"@type":"ListItem","position":2,"name":"Sklep","item":"https:\/\/plazatorosalicante.com\/pl\/?page_id=7995"},{"@type":"ListItem","position":3,"name":"Walka byk\u00f3w 29 czerwca"}]},{"@type":"WebSite","@id":"https:\/\/plazatorosalicante.com\/pl\/#website","url":"https:\/\/plazatorosalicante.com\/pl\/","name":"Plaza de Toros de Alicante","description":"Plaza de toros Alicante - Visitas Tur\u00edsticas y Culturales en Vivo para Individuales y Grupos","publisher":{"@id":"https:\/\/plazatorosalicante.com\/pl\/#organization"},"alternateName":"La Plaza Alicante Tour","potentialAction":[{"@type":"SearchAction","target":{"@type":"EntryPoint","urlTemplate":"https:\/\/plazatorosalicante.com\/pl\/?s={search_term_string}"},"query-input":{"@type":"PropertyValueSpecification","valueRequired":true,"valueName":"search_term_string"}}],"inLanguage":"pl-PL"},{"@type":"Organization","@id":"https:\/\/plazatorosalicante.com\/pl\/#organization","name":"Plaza de toros Alicante","alternateName":"La Plaza Alicante Tour","url":"https:\/\/plazatorosalicante.com\/pl\/","logo":{"@type":"ImageObject","inLanguage":"pl-PL","@id":"https:\/\/plazatorosalicante.com\/pl\/#\/schema\/logo\/image\/","url":"https:\/\/plazatorosalicante.com\/wp-content\/uploads\/2023\/10\/Logo-plaza-toros-alicante.jpg","contentUrl":"https:\/\/plazatorosalicante.com\/wp-content\/uploads\/2023\/10\/Logo-plaza-toros-alicante.jpg","width":100,"height":100,"caption":"Plaza de toros Alicante"},"image":{"@id":"https:\/\/plazatorosalicante.com\/pl\/#\/schema\/logo\/image\/"}}]}},"_links":{"self":[{"href":"https:\/\/plazatorosalicante.com\/pl\/wp-json\/wp\/v2\/product\/21524","targetHints":{"allow":["GET"]}}],"collection":[{"href":"https:\/\/plazatorosalicante.com\/pl\/wp-json\/wp\/v2\/product"}],"about":[{"href":"https:\/\/plazatorosalicante.com\/pl\/wp-json\/wp\/v2\/types\/product"}],"replies":[{"embeddable":true,"href":"https:\/\/plazatorosalicante.com\/pl\/wp-json\/wp\/v2\/comments?post=21524"}],"wp:featuredmedia":[{"embeddable":true,"href":"https:\/\/plazatorosalicante.com\/pl\/wp-json\/wp\/v2\/media\/19263"}],"wp:attachment":[{"href":"https:\/\/plazatorosalicante.com\/pl\/wp-json\/wp\/v2\/media?parent=21524"}],"wp:term":[{"taxonomy":"product_brand","embeddable":true,"href":"https:\/\/plazatorosalicante.com\/pl\/wp-json\/wp\/v2\/product_brand?post=21524"},{"taxonomy":"product_cat","embeddable":true,"href":"https:\/\/plazatorosalicante.com\/pl\/wp-json\/wp\/v2\/product_cat?post=21524"},{"taxonomy":"product_tag","embeddable":true,"href":"https:\/\/plazatorosalicante.com\/pl\/wp-json\/wp\/v2\/product_tag?post=21524"}],"curies":[{"name":"wp","href":"https:\/\/api.w.org\/{rel}","templated":true}]}}